{"id":9992,"date":"2024-09-19T13:06:19","date_gmt":"2024-09-19T17:06:19","guid":{"rendered":"https:\/\/www.teleclub.com.py\/?post_type=product&#038;p=9992"},"modified":"2025-04-24T14:06:25","modified_gmt":"2025-04-24T17:06:25","slug":"xiaomi-poco-c65-6-128gb-lila","status":"publish","type":"product","link":"https:\/\/www.teleclub.com.py\/index.php\/product\/xiaomi-poco-c65-6-128gb-lila\/","title":{"rendered":"XIAOMI POCO C65 6\/128GB LILA"},"content":{"rendered":"<p>Xiaomi Poco C65 un dispositivo que combina estilo y funcionalidad para satisfacer todas tus necesidades diarias. Con una pantalla vibrante y n\u00edtida, captura cada detalle con la c\u00e1mara principal de alta resoluci\u00f3n. Este smartphone te brinda un rendimiento eficiente gracias a su potente procesador, permiti\u00e9ndote navegar sin esfuerzo por tus aplicaciones favoritas.<br \/>\nCon un dise\u00f1o elegante y ergon\u00f3mico, el Xiaomi Poco C65 se adapta c\u00f3modamente a tu mano. Disfruta de una experiencia visual inmersiva y colores vibrantes en su pantalla de \u00faltima generaci\u00f3n.<\/p>\n","protected":false},"excerpt":{"rendered":"<ul>\n<li><strong>Tama\u00f1o de pantalla:<\/strong>\u00a06.74&#8243; IPS LCD<\/li>\n<li><strong><span class=\"grammar correction\" title=\"Hallado un posible error de ortograf\u00eda\" data-type=\"grammar\" data-suggestions=\"[{&quot;value&quot;:&quot;Resoluci\u00f3n&quot;},{&quot;value&quot;:&quot;Revoluci\u00f3n&quot;},{&quot;value&quot;:&quot;Soluci\u00f3n&quot;},{&quot;value&quot;:&quot;Revoluciona&quot;},{&quot;value&quot;:&quot;Resorci\u00f3n&quot;},{&quot;value&quot;:&quot;Disoluci\u00f3n&quot;},{&quot;value&quot;:&quot;Soluciona&quot;}]\" data-rule=\"\" data-word=\"Resolucion\">Resoluci\u00f3n<\/span><\/strong><strong>:\u00a0<\/strong>720 x 1600<\/li>\n<li><strong><span class=\"grammar correction\" title=\"Hallado un posible error de ortograf\u00eda\" data-type=\"grammar\" data-suggestions=\"[{&quot;value&quot;:&quot;C\u00e1mara&quot;},{&quot;value&quot;:&quot;Camera&quot;},{&quot;value&quot;:&quot;Calmara&quot;},{&quot;value&quot;:&quot;Calmar\u00e1&quot;},{&quot;value&quot;:&quot;Campara&quot;},{&quot;value&quot;:&quot;Clamara&quot;},{&quot;value&quot;:&quot;Clamar\u00e1&quot;}]\" data-rule=\"\" data-word=\"Camara\">C\u00e1mara<\/span>\u00a0principal:<\/strong>\u00a0Triple 50MP + 2MP + 0.08MP<\/li>\n<li><strong><span class=\"grammar correction\" title=\"Hallado un posible error de ortograf\u00eda\" data-type=\"grammar\" data-suggestions=\"[{&quot;value&quot;:&quot;C\u00e1mara&quot;},{&quot;value&quot;:&quot;Camera&quot;},{&quot;value&quot;:&quot;Calmara&quot;},{&quot;value&quot;:&quot;Calmar\u00e1&quot;},{&quot;value&quot;:&quot;Campara&quot;},{&quot;value&quot;:&quot;Clamara&quot;},{&quot;value&quot;:&quot;Clamar\u00e1&quot;}]\" data-rule=\"\" data-word=\"Camara\">C\u00e1mara<\/span><\/strong><strong>\u00a0frontal:<\/strong>\u00a08MP<\/li>\n<\/ul>\n","protected":false},"featured_media":9993,"template":"","meta":{"om_disable_all_campaigns":false},"product_cat":[293],"product_tag":[],"class_list":{"0":"post-9992","1":"product","2":"type-product","3":"status-publish","4":"has-post-thumbnail","6":"product_cat-xiaomi","8":"first","9":"outofstock","10":"sale","11":"shipping-taxable","12":"purchasable","13":"product-type-simple"},"yoast_head":"<!-- This site is optimized with the Yoast SEO plugin v23.6 - https:\/\/yoast.com\/wordpress\/plugins\/seo\/ -->\n<title>XIAOMI POCO C65 6\/128GB LILA - Teleclub<\/title>\n<meta name=\"robots\" content=\"index, follow, max-snippet:-1, max-image-preview:large, max-video-preview:-1\" \/>\n<link rel=\"canonical\" href=\"https:\/\/www.teleclub.com.py\/index.php\/product\/xiaomi-poco-c65-6-128gb-lila\/\" \/>\n<meta property=\"og:locale\" content=\"es_ES\" \/>\n<meta property=\"og:type\" content=\"article\" \/>\n<meta property=\"og:title\" content=\"XIAOMI POCO C65 6\/128GB LILA - Teleclub\" \/>\n<meta property=\"og:description\" content=\"Tama\u00f1o de pantalla:\u00a06.74&quot; IPS LCD  Resoluci\u00f3n:\u00a0720 x 1600  C\u00e1mara\u00a0principal:\u00a0Triple 50MP + 2MP + 0.08MP  C\u00e1mara\u00a0frontal:\u00a08MP\" \/>\n<meta property=\"og:url\" content=\"https:\/\/www.teleclub.com.py\/index.php\/product\/xiaomi-poco-c65-6-128gb-lila\/\" \/>\n<meta property=\"og:site_name\" content=\"Teleclub\" \/>\n<meta property=\"article:publisher\" content=\"https:\/\/www.facebook.com\/teleclubpy\" \/>\n<meta property=\"article:modified_time\" content=\"2025-04-24T17:06:25+00:00\" \/>\n<meta property=\"og:image\" content=\"https:\/\/www.teleclub.com.py\/wp-content\/uploads\/2024\/09\/b-31.png\" \/>\n\t<meta property=\"og:image:width\" content=\"1000\" \/>\n\t<meta property=\"og:image:height\" content=\"1000\" \/>\n\t<meta property=\"og:image:type\" content=\"image\/png\" \/>\n<meta name=\"twitter:card\" content=\"summary_large_image\" \/>\n<script type=\"application\/ld+json\" class=\"yoast-schema-graph\">{\"@context\":\"https:\/\/schema.org\",\"@graph\":[{\"@type\":\"WebPage\",\"@id\":\"https:\/\/www.teleclub.com.py\/index.php\/product\/xiaomi-poco-c65-6-128gb-lila\/\",\"url\":\"https:\/\/www.teleclub.com.py\/index.php\/product\/xiaomi-poco-c65-6-128gb-lila\/\",\"name\":\"XIAOMI POCO C65 6\/128GB LILA - Teleclub\",\"isPartOf\":{\"@id\":\"https:\/\/www.teleclub.com.py\/#website\"},\"primaryImageOfPage\":{\"@id\":\"https:\/\/www.teleclub.com.py\/index.php\/product\/xiaomi-poco-c65-6-128gb-lila\/#primaryimage\"},\"image\":{\"@id\":\"https:\/\/www.teleclub.com.py\/index.php\/product\/xiaomi-poco-c65-6-128gb-lila\/#primaryimage\"},\"thumbnailUrl\":\"https:\/\/www.teleclub.com.py\/wp-content\/uploads\/2024\/09\/b-31.png\",\"datePublished\":\"2024-09-19T17:06:19+00:00\",\"dateModified\":\"2025-04-24T17:06:25+00:00\",\"breadcrumb\":{\"@id\":\"https:\/\/www.teleclub.com.py\/index.php\/product\/xiaomi-poco-c65-6-128gb-lila\/#breadcrumb\"},\"inLanguage\":\"es\",\"potentialAction\":[{\"@type\":\"ReadAction\",\"target\":[\"https:\/\/www.teleclub.com.py\/index.php\/product\/xiaomi-poco-c65-6-128gb-lila\/\"]}]},{\"@type\":\"ImageObject\",\"inLanguage\":\"es\",\"@id\":\"https:\/\/www.teleclub.com.py\/index.php\/product\/xiaomi-poco-c65-6-128gb-lila\/#primaryimage\",\"url\":\"https:\/\/www.teleclub.com.py\/wp-content\/uploads\/2024\/09\/b-31.png\",\"contentUrl\":\"https:\/\/www.teleclub.com.py\/wp-content\/uploads\/2024\/09\/b-31.png\",\"width\":1000,\"height\":1000},{\"@type\":\"BreadcrumbList\",\"@id\":\"https:\/\/www.teleclub.com.py\/index.php\/product\/xiaomi-poco-c65-6-128gb-lila\/#breadcrumb\",\"itemListElement\":[{\"@type\":\"ListItem\",\"position\":1,\"name\":\"Portada\",\"item\":\"https:\/\/www.teleclub.com.py\/\"},{\"@type\":\"ListItem\",\"position\":2,\"name\":\"Shop\",\"item\":\"https:\/\/www.teleclub.com.py\/index.php\/shop-2\/\"},{\"@type\":\"ListItem\",\"position\":3,\"name\":\"XIAOMI POCO C65 6\/128GB LILA\"}]},{\"@type\":\"WebSite\",\"@id\":\"https:\/\/www.teleclub.com.py\/#website\",\"url\":\"https:\/\/www.teleclub.com.py\/\",\"name\":\"Teleclub\",\"description\":\"Tu tienda online\",\"publisher\":{\"@id\":\"https:\/\/www.teleclub.com.py\/#organization\"},\"potentialAction\":[{\"@type\":\"SearchAction\",\"target\":{\"@type\":\"EntryPoint\",\"urlTemplate\":\"https:\/\/www.teleclub.com.py\/?s={search_term_string}\"},\"query-input\":{\"@type\":\"PropertyValueSpecification\",\"valueRequired\":true,\"valueName\":\"search_term_string\"}}],\"inLanguage\":\"es\"},{\"@type\":\"Organization\",\"@id\":\"https:\/\/www.teleclub.com.py\/#organization\",\"name\":\"Teleclub\",\"url\":\"https:\/\/www.teleclub.com.py\/\",\"logo\":{\"@type\":\"ImageObject\",\"inLanguage\":\"es\",\"@id\":\"https:\/\/www.teleclub.com.py\/#\/schema\/logo\/image\/\",\"url\":\"https:\/\/www.teleclub.com.py\/wp-content\/uploads\/2024\/09\/1611317346760_TeleClub_logo_FondoBlanco-2.jpg\",\"contentUrl\":\"https:\/\/www.teleclub.com.py\/wp-content\/uploads\/2024\/09\/1611317346760_TeleClub_logo_FondoBlanco-2.jpg\",\"width\":1600,\"height\":1600,\"caption\":\"Teleclub\"},\"image\":{\"@id\":\"https:\/\/www.teleclub.com.py\/#\/schema\/logo\/image\/\"},\"sameAs\":[\"https:\/\/www.facebook.com\/teleclubpy\",\"https:\/\/www.instagram.com\/teleclubpy\"]}]}<\/script>\n<!-- \/ Yoast SEO plugin. -->","yoast_head_json":{"title":"XIAOMI POCO C65 6\/128GB LILA - Teleclub","robots":{"index":"index","follow":"follow","max-snippet":"max-snippet:-1","max-image-preview":"max-image-preview:large","max-video-preview":"max-video-preview:-1"},"canonical":"https:\/\/www.teleclub.com.py\/index.php\/product\/xiaomi-poco-c65-6-128gb-lila\/","og_locale":"es_ES","og_type":"article","og_title":"XIAOMI POCO C65 6\/128GB LILA - Teleclub","og_description":"Tama\u00f1o de pantalla:\u00a06.74\" IPS LCD  Resoluci\u00f3n:\u00a0720 x 1600  C\u00e1mara\u00a0principal:\u00a0Triple 50MP + 2MP + 0.08MP  C\u00e1mara\u00a0frontal:\u00a08MP","og_url":"https:\/\/www.teleclub.com.py\/index.php\/product\/xiaomi-poco-c65-6-128gb-lila\/","og_site_name":"Teleclub","article_publisher":"https:\/\/www.facebook.com\/teleclubpy","article_modified_time":"2025-04-24T17:06:25+00:00","og_image":[{"width":1000,"height":1000,"url":"https:\/\/www.teleclub.com.py\/wp-content\/uploads\/2024\/09\/b-31.png","type":"image\/png"}],"twitter_card":"summary_large_image","schema":{"@context":"https:\/\/schema.org","@graph":[{"@type":"WebPage","@id":"https:\/\/www.teleclub.com.py\/index.php\/product\/xiaomi-poco-c65-6-128gb-lila\/","url":"https:\/\/www.teleclub.com.py\/index.php\/product\/xiaomi-poco-c65-6-128gb-lila\/","name":"XIAOMI POCO C65 6\/128GB LILA - Teleclub","isPartOf":{"@id":"https:\/\/www.teleclub.com.py\/#website"},"primaryImageOfPage":{"@id":"https:\/\/www.teleclub.com.py\/index.php\/product\/xiaomi-poco-c65-6-128gb-lila\/#primaryimage"},"image":{"@id":"https:\/\/www.teleclub.com.py\/index.php\/product\/xiaomi-poco-c65-6-128gb-lila\/#primaryimage"},"thumbnailUrl":"https:\/\/www.teleclub.com.py\/wp-content\/uploads\/2024\/09\/b-31.png","datePublished":"2024-09-19T17:06:19+00:00","dateModified":"2025-04-24T17:06:25+00:00","breadcrumb":{"@id":"https:\/\/www.teleclub.com.py\/index.php\/product\/xiaomi-poco-c65-6-128gb-lila\/#breadcrumb"},"inLanguage":"es","potentialAction":[{"@type":"ReadAction","target":["https:\/\/www.teleclub.com.py\/index.php\/product\/xiaomi-poco-c65-6-128gb-lila\/"]}]},{"@type":"ImageObject","inLanguage":"es","@id":"https:\/\/www.teleclub.com.py\/index.php\/product\/xiaomi-poco-c65-6-128gb-lila\/#primaryimage","url":"https:\/\/www.teleclub.com.py\/wp-content\/uploads\/2024\/09\/b-31.png","contentUrl":"https:\/\/www.teleclub.com.py\/wp-content\/uploads\/2024\/09\/b-31.png","width":1000,"height":1000},{"@type":"BreadcrumbList","@id":"https:\/\/www.teleclub.com.py\/index.php\/product\/xiaomi-poco-c65-6-128gb-lila\/#breadcrumb","itemListElement":[{"@type":"ListItem","position":1,"name":"Portada","item":"https:\/\/www.teleclub.com.py\/"},{"@type":"ListItem","position":2,"name":"Shop","item":"https:\/\/www.teleclub.com.py\/index.php\/shop-2\/"},{"@type":"ListItem","position":3,"name":"XIAOMI POCO C65 6\/128GB LILA"}]},{"@type":"WebSite","@id":"https:\/\/www.teleclub.com.py\/#website","url":"https:\/\/www.teleclub.com.py\/","name":"Teleclub","description":"Tu tienda online","publisher":{"@id":"https:\/\/www.teleclub.com.py\/#organization"},"potentialAction":[{"@type":"SearchAction","target":{"@type":"EntryPoint","urlTemplate":"https:\/\/www.teleclub.com.py\/?s={search_term_string}"},"query-input":{"@type":"PropertyValueSpecification","valueRequired":true,"valueName":"search_term_string"}}],"inLanguage":"es"},{"@type":"Organization","@id":"https:\/\/www.teleclub.com.py\/#organization","name":"Teleclub","url":"https:\/\/www.teleclub.com.py\/","logo":{"@type":"ImageObject","inLanguage":"es","@id":"https:\/\/www.teleclub.com.py\/#\/schema\/logo\/image\/","url":"https:\/\/www.teleclub.com.py\/wp-content\/uploads\/2024\/09\/1611317346760_TeleClub_logo_FondoBlanco-2.jpg","contentUrl":"https:\/\/www.teleclub.com.py\/wp-content\/uploads\/2024\/09\/1611317346760_TeleClub_logo_FondoBlanco-2.jpg","width":1600,"height":1600,"caption":"Teleclub"},"image":{"@id":"https:\/\/www.teleclub.com.py\/#\/schema\/logo\/image\/"},"sameAs":["https:\/\/www.facebook.com\/teleclubpy","https:\/\/www.instagram.com\/teleclubpy"]}]}},"_links":{"self":[{"href":"https:\/\/www.teleclub.com.py\/index.php\/wp-json\/wp\/v2\/product\/9992","targetHints":{"allow":["GET"]}}],"collection":[{"href":"https:\/\/www.teleclub.com.py\/index.php\/wp-json\/wp\/v2\/product"}],"about":[{"href":"https:\/\/www.teleclub.com.py\/index.php\/wp-json\/wp\/v2\/types\/product"}],"wp:featuredmedia":[{"embeddable":true,"href":"https:\/\/www.teleclub.com.py\/index.php\/wp-json\/wp\/v2\/media\/9993"}],"wp:attachment":[{"href":"https:\/\/www.teleclub.com.py\/index.php\/wp-json\/wp\/v2\/media?parent=9992"}],"wp:term":[{"taxonomy":"product_cat","embeddable":true,"href":"https:\/\/www.teleclub.com.py\/index.php\/wp-json\/wp\/v2\/product_cat?post=9992"},{"taxonomy":"product_tag","embeddable":true,"href":"https:\/\/www.teleclub.com.py\/index.php\/wp-json\/wp\/v2\/product_tag?post=9992"}],"curies":[{"name":"wp","href":"https:\/\/api.w.org\/{rel}","templated":true}]}}