{"id":9890,"date":"2024-09-17T20:15:48","date_gmt":"2024-09-18T00:15:48","guid":{"rendered":"https:\/\/www.teleclub.com.py\/?post_type=product&#038;p=9890"},"modified":"2024-09-18T11:49:47","modified_gmt":"2024-09-18T15:49:47","slug":"realme-c55-r-8-256gb-dorado","status":"publish","type":"product","link":"https:\/\/www.teleclub.com.py\/index.php\/product\/realme-c55-r-8-256gb-dorado\/","title":{"rendered":"REALME C55 R 8\/256GB DORADO"},"content":{"rendered":"","protected":false},"excerpt":{"rendered":"<table class=\"a-normal a-spacing-micro\">\n<tbody>\n<tr>\n<td><strong>Nombre del modelo<\/strong><\/td>\n<td>C55<\/td>\n<\/tr>\n<tr>\n<td><strong>Marca<\/strong><\/td>\n<td>Realme<\/td>\n<\/tr>\n<tr>\n<td><strong>Caracter\u00edsticas interesantes<\/strong><\/td>\n<td>Doble c\u00e1mara de 64 MPx, carga r\u00e1pida Supervooc de 33W<\/td>\n<\/tr>\n<tr>\n<td><strong>Capacidad de almacenamiento de memoria<\/strong><\/td>\n<td>256GB<\/td>\n<\/tr>\n<tr>\n<td><strong>Sistema operativo<\/strong><\/td>\n<td>Android 13 Tiramisu<\/td>\n<\/tr>\n<tr>\n<td><strong>Color<\/strong><\/td>\n<td>Dorado<\/td>\n<\/tr>\n<tr>\n<td><strong>Compatibilidad con 5G<\/strong><\/td>\n<td>No<\/td>\n<\/tr>\n<tr>\n<td><strong>Tama\u00f1o de la pantalla<\/strong><\/td>\n<td>6.72&#8243;<\/td>\n<\/tr>\n<tr>\n<td><strong>Dimensiones del smartphone<\/strong><\/td>\n<td>165.6 x 75.9 x 7.89 mm<\/td>\n<\/tr>\n<tr>\n<td><strong>Carga r\u00e1pida<\/strong><\/td>\n<td>Supervooc 33W<\/td>\n<\/tr>\n<\/tbody>\n<\/table>\n","protected":false},"featured_media":9891,"template":"","meta":{"om_disable_all_campaigns":false},"product_cat":[267],"product_tag":[],"class_list":{"0":"post-9890","1":"product","2":"type-product","3":"status-publish","4":"has-post-thumbnail","6":"product_cat-celulares","8":"first","9":"instock","10":"sale","11":"shipping-taxable","12":"purchasable","13":"product-type-simple"},"yoast_head":"<!-- This site is optimized with the Yoast SEO plugin v23.6 - https:\/\/yoast.com\/wordpress\/plugins\/seo\/ -->\n<title>REALME C55 R 8\/256GB DORADO - Teleclub<\/title>\n<meta name=\"robots\" content=\"index, follow, max-snippet:-1, max-image-preview:large, max-video-preview:-1\" \/>\n<link rel=\"canonical\" href=\"https:\/\/www.teleclub.com.py\/index.php\/product\/realme-c55-r-8-256gb-dorado\/\" \/>\n<meta property=\"og:locale\" content=\"es_ES\" \/>\n<meta property=\"og:type\" content=\"article\" \/>\n<meta property=\"og:title\" content=\"REALME C55 R 8\/256GB DORADO - Teleclub\" \/>\n<meta property=\"og:description\" content=\"Nombre del modelo C55   Marca Realme   Caracter\u00edsticas interesantes Doble c\u00e1mara de 64 MPx, carga r\u00e1pida Supervooc de 33W   Capacidad de almacenamiento de memoria 256GB   Sistema operativo Android 13 Tiramisu   Color Dorado   Compatibilidad con 5G No   Tama\u00f1o de la pantalla 6.72&quot;   Dimensiones del smartphone 165.6 x 75.9 x 7.89 mm   Carga r\u00e1pida Supervooc 33W\" \/>\n<meta property=\"og:url\" content=\"https:\/\/www.teleclub.com.py\/index.php\/product\/realme-c55-r-8-256gb-dorado\/\" \/>\n<meta property=\"og:site_name\" content=\"Teleclub\" \/>\n<meta property=\"article:publisher\" content=\"https:\/\/www.facebook.com\/teleclubpy\" \/>\n<meta property=\"article:modified_time\" content=\"2024-09-18T15:49:47+00:00\" \/>\n<meta property=\"og:image\" content=\"https:\/\/www.teleclub.com.py\/wp-content\/uploads\/2024\/09\/a-369.png\" \/>\n\t<meta property=\"og:image:width\" content=\"800\" \/>\n\t<meta property=\"og:image:height\" content=\"800\" \/>\n\t<meta property=\"og:image:type\" content=\"image\/png\" \/>\n<meta name=\"twitter:card\" content=\"summary_large_image\" \/>\n<script type=\"application\/ld+json\" class=\"yoast-schema-graph\">{\"@context\":\"https:\/\/schema.org\",\"@graph\":[{\"@type\":\"WebPage\",\"@id\":\"https:\/\/www.teleclub.com.py\/index.php\/product\/realme-c55-r-8-256gb-dorado\/\",\"url\":\"https:\/\/www.teleclub.com.py\/index.php\/product\/realme-c55-r-8-256gb-dorado\/\",\"name\":\"REALME C55 R 8\/256GB DORADO - Teleclub\",\"isPartOf\":{\"@id\":\"https:\/\/www.teleclub.com.py\/#website\"},\"primaryImageOfPage\":{\"@id\":\"https:\/\/www.teleclub.com.py\/index.php\/product\/realme-c55-r-8-256gb-dorado\/#primaryimage\"},\"image\":{\"@id\":\"https:\/\/www.teleclub.com.py\/index.php\/product\/realme-c55-r-8-256gb-dorado\/#primaryimage\"},\"thumbnailUrl\":\"https:\/\/www.teleclub.com.py\/wp-content\/uploads\/2024\/09\/a-369.png\",\"datePublished\":\"2024-09-18T00:15:48+00:00\",\"dateModified\":\"2024-09-18T15:49:47+00:00\",\"breadcrumb\":{\"@id\":\"https:\/\/www.teleclub.com.py\/index.php\/product\/realme-c55-r-8-256gb-dorado\/#breadcrumb\"},\"inLanguage\":\"es\",\"potentialAction\":[{\"@type\":\"ReadAction\",\"target\":[\"https:\/\/www.teleclub.com.py\/index.php\/product\/realme-c55-r-8-256gb-dorado\/\"]}]},{\"@type\":\"ImageObject\",\"inLanguage\":\"es\",\"@id\":\"https:\/\/www.teleclub.com.py\/index.php\/product\/realme-c55-r-8-256gb-dorado\/#primaryimage\",\"url\":\"https:\/\/www.teleclub.com.py\/wp-content\/uploads\/2024\/09\/a-369.png\",\"contentUrl\":\"https:\/\/www.teleclub.com.py\/wp-content\/uploads\/2024\/09\/a-369.png\",\"width\":800,\"height\":800},{\"@type\":\"BreadcrumbList\",\"@id\":\"https:\/\/www.teleclub.com.py\/index.php\/product\/realme-c55-r-8-256gb-dorado\/#breadcrumb\",\"itemListElement\":[{\"@type\":\"ListItem\",\"position\":1,\"name\":\"Portada\",\"item\":\"https:\/\/www.teleclub.com.py\/\"},{\"@type\":\"ListItem\",\"position\":2,\"name\":\"Shop\",\"item\":\"https:\/\/www.teleclub.com.py\/index.php\/shop-2\/\"},{\"@type\":\"ListItem\",\"position\":3,\"name\":\"REALME C55 R 8\/256GB DORADO\"}]},{\"@type\":\"WebSite\",\"@id\":\"https:\/\/www.teleclub.com.py\/#website\",\"url\":\"https:\/\/www.teleclub.com.py\/\",\"name\":\"Teleclub\",\"description\":\"Tu tienda online\",\"publisher\":{\"@id\":\"https:\/\/www.teleclub.com.py\/#organization\"},\"potentialAction\":[{\"@type\":\"SearchAction\",\"target\":{\"@type\":\"EntryPoint\",\"urlTemplate\":\"https:\/\/www.teleclub.com.py\/?s={search_term_string}\"},\"query-input\":{\"@type\":\"PropertyValueSpecification\",\"valueRequired\":true,\"valueName\":\"search_term_string\"}}],\"inLanguage\":\"es\"},{\"@type\":\"Organization\",\"@id\":\"https:\/\/www.teleclub.com.py\/#organization\",\"name\":\"Teleclub\",\"url\":\"https:\/\/www.teleclub.com.py\/\",\"logo\":{\"@type\":\"ImageObject\",\"inLanguage\":\"es\",\"@id\":\"https:\/\/www.teleclub.com.py\/#\/schema\/logo\/image\/\",\"url\":\"https:\/\/www.teleclub.com.py\/wp-content\/uploads\/2024\/09\/1611317346760_TeleClub_logo_FondoBlanco-2.jpg\",\"contentUrl\":\"https:\/\/www.teleclub.com.py\/wp-content\/uploads\/2024\/09\/1611317346760_TeleClub_logo_FondoBlanco-2.jpg\",\"width\":1600,\"height\":1600,\"caption\":\"Teleclub\"},\"image\":{\"@id\":\"https:\/\/www.teleclub.com.py\/#\/schema\/logo\/image\/\"},\"sameAs\":[\"https:\/\/www.facebook.com\/teleclubpy\",\"https:\/\/www.instagram.com\/teleclubpy\"]}]}<\/script>\n<!-- \/ Yoast SEO plugin. -->","yoast_head_json":{"title":"REALME C55 R 8\/256GB DORADO - Teleclub","robots":{"index":"index","follow":"follow","max-snippet":"max-snippet:-1","max-image-preview":"max-image-preview:large","max-video-preview":"max-video-preview:-1"},"canonical":"https:\/\/www.teleclub.com.py\/index.php\/product\/realme-c55-r-8-256gb-dorado\/","og_locale":"es_ES","og_type":"article","og_title":"REALME C55 R 8\/256GB DORADO - Teleclub","og_description":"Nombre del modelo C55   Marca Realme   Caracter\u00edsticas interesantes Doble c\u00e1mara de 64 MPx, carga r\u00e1pida Supervooc de 33W   Capacidad de almacenamiento de memoria 256GB   Sistema operativo Android 13 Tiramisu   Color Dorado   Compatibilidad con 5G No   Tama\u00f1o de la pantalla 6.72\"   Dimensiones del smartphone 165.6 x 75.9 x 7.89 mm   Carga r\u00e1pida Supervooc 33W","og_url":"https:\/\/www.teleclub.com.py\/index.php\/product\/realme-c55-r-8-256gb-dorado\/","og_site_name":"Teleclub","article_publisher":"https:\/\/www.facebook.com\/teleclubpy","article_modified_time":"2024-09-18T15:49:47+00:00","og_image":[{"width":800,"height":800,"url":"https:\/\/www.teleclub.com.py\/wp-content\/uploads\/2024\/09\/a-369.png","type":"image\/png"}],"twitter_card":"summary_large_image","schema":{"@context":"https:\/\/schema.org","@graph":[{"@type":"WebPage","@id":"https:\/\/www.teleclub.com.py\/index.php\/product\/realme-c55-r-8-256gb-dorado\/","url":"https:\/\/www.teleclub.com.py\/index.php\/product\/realme-c55-r-8-256gb-dorado\/","name":"REALME C55 R 8\/256GB DORADO - Teleclub","isPartOf":{"@id":"https:\/\/www.teleclub.com.py\/#website"},"primaryImageOfPage":{"@id":"https:\/\/www.teleclub.com.py\/index.php\/product\/realme-c55-r-8-256gb-dorado\/#primaryimage"},"image":{"@id":"https:\/\/www.teleclub.com.py\/index.php\/product\/realme-c55-r-8-256gb-dorado\/#primaryimage"},"thumbnailUrl":"https:\/\/www.teleclub.com.py\/wp-content\/uploads\/2024\/09\/a-369.png","datePublished":"2024-09-18T00:15:48+00:00","dateModified":"2024-09-18T15:49:47+00:00","breadcrumb":{"@id":"https:\/\/www.teleclub.com.py\/index.php\/product\/realme-c55-r-8-256gb-dorado\/#breadcrumb"},"inLanguage":"es","potentialAction":[{"@type":"ReadAction","target":["https:\/\/www.teleclub.com.py\/index.php\/product\/realme-c55-r-8-256gb-dorado\/"]}]},{"@type":"ImageObject","inLanguage":"es","@id":"https:\/\/www.teleclub.com.py\/index.php\/product\/realme-c55-r-8-256gb-dorado\/#primaryimage","url":"https:\/\/www.teleclub.com.py\/wp-content\/uploads\/2024\/09\/a-369.png","contentUrl":"https:\/\/www.teleclub.com.py\/wp-content\/uploads\/2024\/09\/a-369.png","width":800,"height":800},{"@type":"BreadcrumbList","@id":"https:\/\/www.teleclub.com.py\/index.php\/product\/realme-c55-r-8-256gb-dorado\/#breadcrumb","itemListElement":[{"@type":"ListItem","position":1,"name":"Portada","item":"https:\/\/www.teleclub.com.py\/"},{"@type":"ListItem","position":2,"name":"Shop","item":"https:\/\/www.teleclub.com.py\/index.php\/shop-2\/"},{"@type":"ListItem","position":3,"name":"REALME C55 R 8\/256GB DORADO"}]},{"@type":"WebSite","@id":"https:\/\/www.teleclub.com.py\/#website","url":"https:\/\/www.teleclub.com.py\/","name":"Teleclub","description":"Tu tienda online","publisher":{"@id":"https:\/\/www.teleclub.com.py\/#organization"},"potentialAction":[{"@type":"SearchAction","target":{"@type":"EntryPoint","urlTemplate":"https:\/\/www.teleclub.com.py\/?s={search_term_string}"},"query-input":{"@type":"PropertyValueSpecification","valueRequired":true,"valueName":"search_term_string"}}],"inLanguage":"es"},{"@type":"Organization","@id":"https:\/\/www.teleclub.com.py\/#organization","name":"Teleclub","url":"https:\/\/www.teleclub.com.py\/","logo":{"@type":"ImageObject","inLanguage":"es","@id":"https:\/\/www.teleclub.com.py\/#\/schema\/logo\/image\/","url":"https:\/\/www.teleclub.com.py\/wp-content\/uploads\/2024\/09\/1611317346760_TeleClub_logo_FondoBlanco-2.jpg","contentUrl":"https:\/\/www.teleclub.com.py\/wp-content\/uploads\/2024\/09\/1611317346760_TeleClub_logo_FondoBlanco-2.jpg","width":1600,"height":1600,"caption":"Teleclub"},"image":{"@id":"https:\/\/www.teleclub.com.py\/#\/schema\/logo\/image\/"},"sameAs":["https:\/\/www.facebook.com\/teleclubpy","https:\/\/www.instagram.com\/teleclubpy"]}]}},"_links":{"self":[{"href":"https:\/\/www.teleclub.com.py\/index.php\/wp-json\/wp\/v2\/product\/9890","targetHints":{"allow":["GET"]}}],"collection":[{"href":"https:\/\/www.teleclub.com.py\/index.php\/wp-json\/wp\/v2\/product"}],"about":[{"href":"https:\/\/www.teleclub.com.py\/index.php\/wp-json\/wp\/v2\/types\/product"}],"wp:featuredmedia":[{"embeddable":true,"href":"https:\/\/www.teleclub.com.py\/index.php\/wp-json\/wp\/v2\/media\/9891"}],"wp:attachment":[{"href":"https:\/\/www.teleclub.com.py\/index.php\/wp-json\/wp\/v2\/media?parent=9890"}],"wp:term":[{"taxonomy":"product_cat","embeddable":true,"href":"https:\/\/www.teleclub.com.py\/index.php\/wp-json\/wp\/v2\/product_cat?post=9890"},{"taxonomy":"product_tag","embeddable":true,"href":"https:\/\/www.teleclub.com.py\/index.php\/wp-json\/wp\/v2\/product_tag?post=9890"}],"curies":[{"name":"wp","href":"https:\/\/api.w.org\/{rel}","templated":true}]}}