{"id":9823,"date":"2024-09-11T11:37:20","date_gmt":"2024-09-11T15:37:20","guid":{"rendered":"https:\/\/www.teleclub.com.py\/?post_type=product&#038;p=9823"},"modified":"2024-11-21T09:26:37","modified_gmt":"2024-11-21T12:26:37","slug":"sandwichera-parrilla-waflera-bd-3-en-1-700w-220v-placas-cambiables","status":"publish","type":"product","link":"https:\/\/www.teleclub.com.py\/index.php\/product\/sandwichera-parrilla-waflera-bd-3-en-1-700w-220v-placas-cambiables\/","title":{"rendered":"SANDWICHERA PARRILLA WAFLERA B+D 3 EN 1 700W 220V Placas Cambiables"},"content":{"rendered":"","protected":false},"excerpt":{"rendered":"<p>Almacenamiento vertical<br \/>\nLuz indicadora de encendido<br \/>\nLuz indicadora de precalentamiento<br \/>\nMango frio al tacto<br \/>\nIncluye Placa lacas removible para Wafles<br \/>\nIncluye Placas removibles para Asar\/Panini<br \/>\nIncluye Placas removibles para s\u00e1ndwiches<br \/>\nMarca Black + Decker<br \/>\nSandwichera<br \/>\nWaflera<br \/>\nParilla<br \/>\nPotencia 700 W<br \/>\nEstaci\u00f3n de desayuno 3 en 1<br \/>\nPlacas con recubrimiento antiadherentes<br \/>\nF\u00e1cil limpieza<\/p>\n","protected":false},"featured_media":9824,"template":"","meta":{"om_disable_all_campaigns":false},"product_cat":[374],"product_tag":[],"class_list":{"0":"post-9823","1":"product","2":"type-product","3":"status-publish","4":"has-post-thumbnail","6":"product_cat-electrodomesticos-2","8":"first","9":"instock","10":"shipping-taxable","11":"purchasable","12":"product-type-simple"},"yoast_head":"<!-- This site is optimized with the Yoast SEO plugin v23.6 - https:\/\/yoast.com\/wordpress\/plugins\/seo\/ -->\n<title>SANDWICHERA PARRILLA WAFLERA B+D 3 EN 1 700W 220V Placas Cambiables - Teleclub<\/title>\n<meta name=\"robots\" content=\"index, follow, max-snippet:-1, max-image-preview:large, max-video-preview:-1\" \/>\n<link rel=\"canonical\" href=\"https:\/\/www.teleclub.com.py\/index.php\/product\/sandwichera-parrilla-waflera-bd-3-en-1-700w-220v-placas-cambiables\/\" \/>\n<meta property=\"og:locale\" content=\"es_ES\" \/>\n<meta property=\"og:type\" content=\"article\" \/>\n<meta property=\"og:title\" content=\"SANDWICHERA PARRILLA WAFLERA B+D 3 EN 1 700W 220V Placas Cambiables - Teleclub\" \/>\n<meta property=\"og:description\" content=\"Almacenamiento vertical Luz indicadora de encendido Luz indicadora de precalentamiento Mango frio al tacto Incluye Placa lacas removible para Wafles Incluye Placas removibles para Asar\/Panini Incluye Placas removibles para s\u00e1ndwiches Marca Black + Decker Sandwichera Waflera Parilla Potencia 700 W Estaci\u00f3n de desayuno 3 en 1 Placas con recubrimiento antiadherentes F\u00e1cil limpieza\" \/>\n<meta property=\"og:url\" content=\"https:\/\/www.teleclub.com.py\/index.php\/product\/sandwichera-parrilla-waflera-bd-3-en-1-700w-220v-placas-cambiables\/\" \/>\n<meta property=\"og:site_name\" content=\"Teleclub\" \/>\n<meta property=\"article:publisher\" content=\"https:\/\/www.facebook.com\/teleclubpy\" \/>\n<meta property=\"article:modified_time\" content=\"2024-11-21T12:26:37+00:00\" \/>\n<meta property=\"og:image\" content=\"https:\/\/www.teleclub.com.py\/wp-content\/uploads\/2024\/09\/a-333.png\" \/>\n\t<meta property=\"og:image:width\" content=\"3000\" \/>\n\t<meta property=\"og:image:height\" content=\"3000\" \/>\n\t<meta property=\"og:image:type\" content=\"image\/png\" \/>\n<meta name=\"twitter:card\" content=\"summary_large_image\" \/>\n<script type=\"application\/ld+json\" class=\"yoast-schema-graph\">{\"@context\":\"https:\/\/schema.org\",\"@graph\":[{\"@type\":\"WebPage\",\"@id\":\"https:\/\/www.teleclub.com.py\/index.php\/product\/sandwichera-parrilla-waflera-bd-3-en-1-700w-220v-placas-cambiables\/\",\"url\":\"https:\/\/www.teleclub.com.py\/index.php\/product\/sandwichera-parrilla-waflera-bd-3-en-1-700w-220v-placas-cambiables\/\",\"name\":\"SANDWICHERA PARRILLA WAFLERA B+D 3 EN 1 700W 220V Placas Cambiables - Teleclub\",\"isPartOf\":{\"@id\":\"https:\/\/www.teleclub.com.py\/#website\"},\"primaryImageOfPage\":{\"@id\":\"https:\/\/www.teleclub.com.py\/index.php\/product\/sandwichera-parrilla-waflera-bd-3-en-1-700w-220v-placas-cambiables\/#primaryimage\"},\"image\":{\"@id\":\"https:\/\/www.teleclub.com.py\/index.php\/product\/sandwichera-parrilla-waflera-bd-3-en-1-700w-220v-placas-cambiables\/#primaryimage\"},\"thumbnailUrl\":\"https:\/\/www.teleclub.com.py\/wp-content\/uploads\/2024\/09\/a-333.png\",\"datePublished\":\"2024-09-11T15:37:20+00:00\",\"dateModified\":\"2024-11-21T12:26:37+00:00\",\"breadcrumb\":{\"@id\":\"https:\/\/www.teleclub.com.py\/index.php\/product\/sandwichera-parrilla-waflera-bd-3-en-1-700w-220v-placas-cambiables\/#breadcrumb\"},\"inLanguage\":\"es\",\"potentialAction\":[{\"@type\":\"ReadAction\",\"target\":[\"https:\/\/www.teleclub.com.py\/index.php\/product\/sandwichera-parrilla-waflera-bd-3-en-1-700w-220v-placas-cambiables\/\"]}]},{\"@type\":\"ImageObject\",\"inLanguage\":\"es\",\"@id\":\"https:\/\/www.teleclub.com.py\/index.php\/product\/sandwichera-parrilla-waflera-bd-3-en-1-700w-220v-placas-cambiables\/#primaryimage\",\"url\":\"https:\/\/www.teleclub.com.py\/wp-content\/uploads\/2024\/09\/a-333.png\",\"contentUrl\":\"https:\/\/www.teleclub.com.py\/wp-content\/uploads\/2024\/09\/a-333.png\",\"width\":3000,\"height\":3000},{\"@type\":\"BreadcrumbList\",\"@id\":\"https:\/\/www.teleclub.com.py\/index.php\/product\/sandwichera-parrilla-waflera-bd-3-en-1-700w-220v-placas-cambiables\/#breadcrumb\",\"itemListElement\":[{\"@type\":\"ListItem\",\"position\":1,\"name\":\"Portada\",\"item\":\"https:\/\/www.teleclub.com.py\/\"},{\"@type\":\"ListItem\",\"position\":2,\"name\":\"Shop\",\"item\":\"https:\/\/www.teleclub.com.py\/index.php\/shop-2\/\"},{\"@type\":\"ListItem\",\"position\":3,\"name\":\"SANDWICHERA PARRILLA WAFLERA B+D 3 EN 1 700W 220V Placas Cambiables\"}]},{\"@type\":\"WebSite\",\"@id\":\"https:\/\/www.teleclub.com.py\/#website\",\"url\":\"https:\/\/www.teleclub.com.py\/\",\"name\":\"Teleclub\",\"description\":\"Tu tienda online\",\"publisher\":{\"@id\":\"https:\/\/www.teleclub.com.py\/#organization\"},\"potentialAction\":[{\"@type\":\"SearchAction\",\"target\":{\"@type\":\"EntryPoint\",\"urlTemplate\":\"https:\/\/www.teleclub.com.py\/?s={search_term_string}\"},\"query-input\":{\"@type\":\"PropertyValueSpecification\",\"valueRequired\":true,\"valueName\":\"search_term_string\"}}],\"inLanguage\":\"es\"},{\"@type\":\"Organization\",\"@id\":\"https:\/\/www.teleclub.com.py\/#organization\",\"name\":\"Teleclub\",\"url\":\"https:\/\/www.teleclub.com.py\/\",\"logo\":{\"@type\":\"ImageObject\",\"inLanguage\":\"es\",\"@id\":\"https:\/\/www.teleclub.com.py\/#\/schema\/logo\/image\/\",\"url\":\"https:\/\/www.teleclub.com.py\/wp-content\/uploads\/2024\/09\/1611317346760_TeleClub_logo_FondoBlanco-2.jpg\",\"contentUrl\":\"https:\/\/www.teleclub.com.py\/wp-content\/uploads\/2024\/09\/1611317346760_TeleClub_logo_FondoBlanco-2.jpg\",\"width\":1600,\"height\":1600,\"caption\":\"Teleclub\"},\"image\":{\"@id\":\"https:\/\/www.teleclub.com.py\/#\/schema\/logo\/image\/\"},\"sameAs\":[\"https:\/\/www.facebook.com\/teleclubpy\",\"https:\/\/www.instagram.com\/teleclubpy\"]}]}<\/script>\n<!-- \/ Yoast SEO plugin. -->","yoast_head_json":{"title":"SANDWICHERA PARRILLA WAFLERA B+D 3 EN 1 700W 220V Placas Cambiables - Teleclub","robots":{"index":"index","follow":"follow","max-snippet":"max-snippet:-1","max-image-preview":"max-image-preview:large","max-video-preview":"max-video-preview:-1"},"canonical":"https:\/\/www.teleclub.com.py\/index.php\/product\/sandwichera-parrilla-waflera-bd-3-en-1-700w-220v-placas-cambiables\/","og_locale":"es_ES","og_type":"article","og_title":"SANDWICHERA PARRILLA WAFLERA B+D 3 EN 1 700W 220V Placas Cambiables - Teleclub","og_description":"Almacenamiento vertical Luz indicadora de encendido Luz indicadora de precalentamiento Mango frio al tacto Incluye Placa lacas removible para Wafles Incluye Placas removibles para Asar\/Panini Incluye Placas removibles para s\u00e1ndwiches Marca Black + Decker Sandwichera Waflera Parilla Potencia 700 W Estaci\u00f3n de desayuno 3 en 1 Placas con recubrimiento antiadherentes F\u00e1cil limpieza","og_url":"https:\/\/www.teleclub.com.py\/index.php\/product\/sandwichera-parrilla-waflera-bd-3-en-1-700w-220v-placas-cambiables\/","og_site_name":"Teleclub","article_publisher":"https:\/\/www.facebook.com\/teleclubpy","article_modified_time":"2024-11-21T12:26:37+00:00","og_image":[{"width":3000,"height":3000,"url":"https:\/\/www.teleclub.com.py\/wp-content\/uploads\/2024\/09\/a-333.png","type":"image\/png"}],"twitter_card":"summary_large_image","schema":{"@context":"https:\/\/schema.org","@graph":[{"@type":"WebPage","@id":"https:\/\/www.teleclub.com.py\/index.php\/product\/sandwichera-parrilla-waflera-bd-3-en-1-700w-220v-placas-cambiables\/","url":"https:\/\/www.teleclub.com.py\/index.php\/product\/sandwichera-parrilla-waflera-bd-3-en-1-700w-220v-placas-cambiables\/","name":"SANDWICHERA PARRILLA WAFLERA B+D 3 EN 1 700W 220V Placas Cambiables - Teleclub","isPartOf":{"@id":"https:\/\/www.teleclub.com.py\/#website"},"primaryImageOfPage":{"@id":"https:\/\/www.teleclub.com.py\/index.php\/product\/sandwichera-parrilla-waflera-bd-3-en-1-700w-220v-placas-cambiables\/#primaryimage"},"image":{"@id":"https:\/\/www.teleclub.com.py\/index.php\/product\/sandwichera-parrilla-waflera-bd-3-en-1-700w-220v-placas-cambiables\/#primaryimage"},"thumbnailUrl":"https:\/\/www.teleclub.com.py\/wp-content\/uploads\/2024\/09\/a-333.png","datePublished":"2024-09-11T15:37:20+00:00","dateModified":"2024-11-21T12:26:37+00:00","breadcrumb":{"@id":"https:\/\/www.teleclub.com.py\/index.php\/product\/sandwichera-parrilla-waflera-bd-3-en-1-700w-220v-placas-cambiables\/#breadcrumb"},"inLanguage":"es","potentialAction":[{"@type":"ReadAction","target":["https:\/\/www.teleclub.com.py\/index.php\/product\/sandwichera-parrilla-waflera-bd-3-en-1-700w-220v-placas-cambiables\/"]}]},{"@type":"ImageObject","inLanguage":"es","@id":"https:\/\/www.teleclub.com.py\/index.php\/product\/sandwichera-parrilla-waflera-bd-3-en-1-700w-220v-placas-cambiables\/#primaryimage","url":"https:\/\/www.teleclub.com.py\/wp-content\/uploads\/2024\/09\/a-333.png","contentUrl":"https:\/\/www.teleclub.com.py\/wp-content\/uploads\/2024\/09\/a-333.png","width":3000,"height":3000},{"@type":"BreadcrumbList","@id":"https:\/\/www.teleclub.com.py\/index.php\/product\/sandwichera-parrilla-waflera-bd-3-en-1-700w-220v-placas-cambiables\/#breadcrumb","itemListElement":[{"@type":"ListItem","position":1,"name":"Portada","item":"https:\/\/www.teleclub.com.py\/"},{"@type":"ListItem","position":2,"name":"Shop","item":"https:\/\/www.teleclub.com.py\/index.php\/shop-2\/"},{"@type":"ListItem","position":3,"name":"SANDWICHERA PARRILLA WAFLERA B+D 3 EN 1 700W 220V Placas Cambiables"}]},{"@type":"WebSite","@id":"https:\/\/www.teleclub.com.py\/#website","url":"https:\/\/www.teleclub.com.py\/","name":"Teleclub","description":"Tu tienda online","publisher":{"@id":"https:\/\/www.teleclub.com.py\/#organization"},"potentialAction":[{"@type":"SearchAction","target":{"@type":"EntryPoint","urlTemplate":"https:\/\/www.teleclub.com.py\/?s={search_term_string}"},"query-input":{"@type":"PropertyValueSpecification","valueRequired":true,"valueName":"search_term_string"}}],"inLanguage":"es"},{"@type":"Organization","@id":"https:\/\/www.teleclub.com.py\/#organization","name":"Teleclub","url":"https:\/\/www.teleclub.com.py\/","logo":{"@type":"ImageObject","inLanguage":"es","@id":"https:\/\/www.teleclub.com.py\/#\/schema\/logo\/image\/","url":"https:\/\/www.teleclub.com.py\/wp-content\/uploads\/2024\/09\/1611317346760_TeleClub_logo_FondoBlanco-2.jpg","contentUrl":"https:\/\/www.teleclub.com.py\/wp-content\/uploads\/2024\/09\/1611317346760_TeleClub_logo_FondoBlanco-2.jpg","width":1600,"height":1600,"caption":"Teleclub"},"image":{"@id":"https:\/\/www.teleclub.com.py\/#\/schema\/logo\/image\/"},"sameAs":["https:\/\/www.facebook.com\/teleclubpy","https:\/\/www.instagram.com\/teleclubpy"]}]}},"_links":{"self":[{"href":"https:\/\/www.teleclub.com.py\/index.php\/wp-json\/wp\/v2\/product\/9823","targetHints":{"allow":["GET"]}}],"collection":[{"href":"https:\/\/www.teleclub.com.py\/index.php\/wp-json\/wp\/v2\/product"}],"about":[{"href":"https:\/\/www.teleclub.com.py\/index.php\/wp-json\/wp\/v2\/types\/product"}],"wp:featuredmedia":[{"embeddable":true,"href":"https:\/\/www.teleclub.com.py\/index.php\/wp-json\/wp\/v2\/media\/9824"}],"wp:attachment":[{"href":"https:\/\/www.teleclub.com.py\/index.php\/wp-json\/wp\/v2\/media?parent=9823"}],"wp:term":[{"taxonomy":"product_cat","embeddable":true,"href":"https:\/\/www.teleclub.com.py\/index.php\/wp-json\/wp\/v2\/product_cat?post=9823"},{"taxonomy":"product_tag","embeddable":true,"href":"https:\/\/www.teleclub.com.py\/index.php\/wp-json\/wp\/v2\/product_tag?post=9823"}],"curies":[{"name":"wp","href":"https:\/\/api.w.org\/{rel}","templated":true}]}}