{"id":9721,"date":"2024-09-10T14:40:28","date_gmt":"2024-09-10T18:40:28","guid":{"rendered":"https:\/\/www.teleclub.com.py\/?post_type=product&#038;p=9721"},"modified":"2025-06-20T17:00:57","modified_gmt":"2025-06-20T20:00:57","slug":"centro-de-lavado-18-kg-blanco","status":"publish","type":"product","link":"https:\/\/www.teleclub.com.py\/index.php\/product\/centro-de-lavado-18-kg-blanco\/","title":{"rendered":"CENTRO DE LAVADO 18 KG BLANCO"},"content":{"rendered":"<ul>\n<li>Capacidad de lavado: 10kg.<\/li>\n<li>Capacidad de secado: 8 kg.<\/li>\n<li>8 programas autom\u00e1ticos (sanitizado, ropa delicada, ropa blanca, ropa de color, prendas\u00a0voluminosas, centrifugar, lavado extendido y express),<\/li>\n<li>4 niveles de agua + autom\u00e1tico,<\/li>\n<li>5\u00a0niveles de temperatura + autom\u00e1tico,<\/li>\n<li>Funci\u00f3n eco, Selecci\u00f3n de etapa,<\/li>\n<li>Canasta SphereCarede\u00a0acero inoxidable,<\/li>\n<li>Sistema de suspensi\u00f3n autobalance, 670 rpm.<\/li>\n<li>Sistema de secado: El\u00e9ctrico bif\u00e1sico 220V \/ 50Hz.<\/li>\n<li>4 ciclos de secado + Timer.<\/li>\n<li>Sensor de\u00a0temperatura.<\/li>\n<li>Filtro atrapa pelusa.<\/li>\n<li>Dimensiones (Alto x Ancho x Profundidad): 192,28x68x78.36cm<\/li>\n<\/ul>\n","protected":false},"excerpt":{"rendered":"<p>M\u00e1s f\u00e1cil de usar por su dise\u00f1o, panel amigable. Lava y seca la misma cantidad de ropa al mismo tiempo. Ciclo de sanitizado que elimina algunos virus, bacterias y g\u00e9rmenes comunes en las prendas.<\/p>\n","protected":false},"featured_media":9722,"template":"","meta":{"om_disable_all_campaigns":false},"product_cat":[380],"product_tag":[],"class_list":{"0":"post-9721","1":"product","2":"type-product","3":"status-publish","4":"has-post-thumbnail","6":"product_cat-lavarropas-y-secarropas","8":"first","9":"instock","10":"shipping-taxable","11":"purchasable","12":"product-type-simple"},"yoast_head":"<!-- This site is optimized with the Yoast SEO plugin v23.6 - https:\/\/yoast.com\/wordpress\/plugins\/seo\/ -->\n<title>CENTRO DE LAVADO 18 KG BLANCO - Teleclub<\/title>\n<meta name=\"robots\" content=\"index, follow, max-snippet:-1, max-image-preview:large, max-video-preview:-1\" \/>\n<link rel=\"canonical\" href=\"https:\/\/www.teleclub.com.py\/index.php\/product\/centro-de-lavado-18-kg-blanco\/\" \/>\n<meta property=\"og:locale\" content=\"es_ES\" \/>\n<meta property=\"og:type\" content=\"article\" \/>\n<meta property=\"og:title\" content=\"CENTRO DE LAVADO 18 KG BLANCO - Teleclub\" \/>\n<meta property=\"og:description\" content=\"M\u00e1s f\u00e1cil de usar por su dise\u00f1o, panel amigable. Lava y seca la misma cantidad de ropa al mismo tiempo. Ciclo de sanitizado que elimina algunos virus, bacterias y g\u00e9rmenes comunes en las prendas.\" \/>\n<meta property=\"og:url\" content=\"https:\/\/www.teleclub.com.py\/index.php\/product\/centro-de-lavado-18-kg-blanco\/\" \/>\n<meta property=\"og:site_name\" content=\"Teleclub\" \/>\n<meta property=\"article:publisher\" content=\"https:\/\/www.facebook.com\/teleclubpy\" \/>\n<meta property=\"article:modified_time\" content=\"2025-06-20T20:00:57+00:00\" \/>\n<meta property=\"og:image\" content=\"https:\/\/www.teleclub.com.py\/wp-content\/uploads\/2024\/09\/a-303.png\" \/>\n\t<meta property=\"og:image:width\" content=\"500\" \/>\n\t<meta property=\"og:image:height\" content=\"500\" \/>\n\t<meta property=\"og:image:type\" content=\"image\/png\" \/>\n<meta name=\"twitter:card\" content=\"summary_large_image\" \/>\n<meta name=\"twitter:label1\" content=\"Tiempo de lectura\" \/>\n\t<meta name=\"twitter:data1\" content=\"1 minuto\" \/>\n<script type=\"application\/ld+json\" class=\"yoast-schema-graph\">{\"@context\":\"https:\/\/schema.org\",\"@graph\":[{\"@type\":\"WebPage\",\"@id\":\"https:\/\/www.teleclub.com.py\/index.php\/product\/centro-de-lavado-18-kg-blanco\/\",\"url\":\"https:\/\/www.teleclub.com.py\/index.php\/product\/centro-de-lavado-18-kg-blanco\/\",\"name\":\"CENTRO DE LAVADO 18 KG BLANCO - Teleclub\",\"isPartOf\":{\"@id\":\"https:\/\/www.teleclub.com.py\/#website\"},\"primaryImageOfPage\":{\"@id\":\"https:\/\/www.teleclub.com.py\/index.php\/product\/centro-de-lavado-18-kg-blanco\/#primaryimage\"},\"image\":{\"@id\":\"https:\/\/www.teleclub.com.py\/index.php\/product\/centro-de-lavado-18-kg-blanco\/#primaryimage\"},\"thumbnailUrl\":\"https:\/\/www.teleclub.com.py\/wp-content\/uploads\/2024\/09\/a-303.png\",\"datePublished\":\"2024-09-10T18:40:28+00:00\",\"dateModified\":\"2025-06-20T20:00:57+00:00\",\"breadcrumb\":{\"@id\":\"https:\/\/www.teleclub.com.py\/index.php\/product\/centro-de-lavado-18-kg-blanco\/#breadcrumb\"},\"inLanguage\":\"es\",\"potentialAction\":[{\"@type\":\"ReadAction\",\"target\":[\"https:\/\/www.teleclub.com.py\/index.php\/product\/centro-de-lavado-18-kg-blanco\/\"]}]},{\"@type\":\"ImageObject\",\"inLanguage\":\"es\",\"@id\":\"https:\/\/www.teleclub.com.py\/index.php\/product\/centro-de-lavado-18-kg-blanco\/#primaryimage\",\"url\":\"https:\/\/www.teleclub.com.py\/wp-content\/uploads\/2024\/09\/a-303.png\",\"contentUrl\":\"https:\/\/www.teleclub.com.py\/wp-content\/uploads\/2024\/09\/a-303.png\",\"width\":500,\"height\":500},{\"@type\":\"BreadcrumbList\",\"@id\":\"https:\/\/www.teleclub.com.py\/index.php\/product\/centro-de-lavado-18-kg-blanco\/#breadcrumb\",\"itemListElement\":[{\"@type\":\"ListItem\",\"position\":1,\"name\":\"Portada\",\"item\":\"https:\/\/www.teleclub.com.py\/\"},{\"@type\":\"ListItem\",\"position\":2,\"name\":\"Shop\",\"item\":\"https:\/\/www.teleclub.com.py\/index.php\/shop-2\/\"},{\"@type\":\"ListItem\",\"position\":3,\"name\":\"CENTRO DE LAVADO 18 KG BLANCO\"}]},{\"@type\":\"WebSite\",\"@id\":\"https:\/\/www.teleclub.com.py\/#website\",\"url\":\"https:\/\/www.teleclub.com.py\/\",\"name\":\"Teleclub\",\"description\":\"Tu tienda online\",\"publisher\":{\"@id\":\"https:\/\/www.teleclub.com.py\/#organization\"},\"potentialAction\":[{\"@type\":\"SearchAction\",\"target\":{\"@type\":\"EntryPoint\",\"urlTemplate\":\"https:\/\/www.teleclub.com.py\/?s={search_term_string}\"},\"query-input\":{\"@type\":\"PropertyValueSpecification\",\"valueRequired\":true,\"valueName\":\"search_term_string\"}}],\"inLanguage\":\"es\"},{\"@type\":\"Organization\",\"@id\":\"https:\/\/www.teleclub.com.py\/#organization\",\"name\":\"Teleclub\",\"url\":\"https:\/\/www.teleclub.com.py\/\",\"logo\":{\"@type\":\"ImageObject\",\"inLanguage\":\"es\",\"@id\":\"https:\/\/www.teleclub.com.py\/#\/schema\/logo\/image\/\",\"url\":\"https:\/\/www.teleclub.com.py\/wp-content\/uploads\/2024\/09\/1611317346760_TeleClub_logo_FondoBlanco-2.jpg\",\"contentUrl\":\"https:\/\/www.teleclub.com.py\/wp-content\/uploads\/2024\/09\/1611317346760_TeleClub_logo_FondoBlanco-2.jpg\",\"width\":1600,\"height\":1600,\"caption\":\"Teleclub\"},\"image\":{\"@id\":\"https:\/\/www.teleclub.com.py\/#\/schema\/logo\/image\/\"},\"sameAs\":[\"https:\/\/www.facebook.com\/teleclubpy\",\"https:\/\/www.instagram.com\/teleclubpy\"]}]}<\/script>\n<!-- \/ Yoast SEO plugin. -->","yoast_head_json":{"title":"CENTRO DE LAVADO 18 KG BLANCO - Teleclub","robots":{"index":"index","follow":"follow","max-snippet":"max-snippet:-1","max-image-preview":"max-image-preview:large","max-video-preview":"max-video-preview:-1"},"canonical":"https:\/\/www.teleclub.com.py\/index.php\/product\/centro-de-lavado-18-kg-blanco\/","og_locale":"es_ES","og_type":"article","og_title":"CENTRO DE LAVADO 18 KG BLANCO - Teleclub","og_description":"M\u00e1s f\u00e1cil de usar por su dise\u00f1o, panel amigable. Lava y seca la misma cantidad de ropa al mismo tiempo. Ciclo de sanitizado que elimina algunos virus, bacterias y g\u00e9rmenes comunes en las prendas.","og_url":"https:\/\/www.teleclub.com.py\/index.php\/product\/centro-de-lavado-18-kg-blanco\/","og_site_name":"Teleclub","article_publisher":"https:\/\/www.facebook.com\/teleclubpy","article_modified_time":"2025-06-20T20:00:57+00:00","og_image":[{"width":500,"height":500,"url":"https:\/\/www.teleclub.com.py\/wp-content\/uploads\/2024\/09\/a-303.png","type":"image\/png"}],"twitter_card":"summary_large_image","twitter_misc":{"Tiempo de lectura":"1 minuto"},"schema":{"@context":"https:\/\/schema.org","@graph":[{"@type":"WebPage","@id":"https:\/\/www.teleclub.com.py\/index.php\/product\/centro-de-lavado-18-kg-blanco\/","url":"https:\/\/www.teleclub.com.py\/index.php\/product\/centro-de-lavado-18-kg-blanco\/","name":"CENTRO DE LAVADO 18 KG BLANCO - Teleclub","isPartOf":{"@id":"https:\/\/www.teleclub.com.py\/#website"},"primaryImageOfPage":{"@id":"https:\/\/www.teleclub.com.py\/index.php\/product\/centro-de-lavado-18-kg-blanco\/#primaryimage"},"image":{"@id":"https:\/\/www.teleclub.com.py\/index.php\/product\/centro-de-lavado-18-kg-blanco\/#primaryimage"},"thumbnailUrl":"https:\/\/www.teleclub.com.py\/wp-content\/uploads\/2024\/09\/a-303.png","datePublished":"2024-09-10T18:40:28+00:00","dateModified":"2025-06-20T20:00:57+00:00","breadcrumb":{"@id":"https:\/\/www.teleclub.com.py\/index.php\/product\/centro-de-lavado-18-kg-blanco\/#breadcrumb"},"inLanguage":"es","potentialAction":[{"@type":"ReadAction","target":["https:\/\/www.teleclub.com.py\/index.php\/product\/centro-de-lavado-18-kg-blanco\/"]}]},{"@type":"ImageObject","inLanguage":"es","@id":"https:\/\/www.teleclub.com.py\/index.php\/product\/centro-de-lavado-18-kg-blanco\/#primaryimage","url":"https:\/\/www.teleclub.com.py\/wp-content\/uploads\/2024\/09\/a-303.png","contentUrl":"https:\/\/www.teleclub.com.py\/wp-content\/uploads\/2024\/09\/a-303.png","width":500,"height":500},{"@type":"BreadcrumbList","@id":"https:\/\/www.teleclub.com.py\/index.php\/product\/centro-de-lavado-18-kg-blanco\/#breadcrumb","itemListElement":[{"@type":"ListItem","position":1,"name":"Portada","item":"https:\/\/www.teleclub.com.py\/"},{"@type":"ListItem","position":2,"name":"Shop","item":"https:\/\/www.teleclub.com.py\/index.php\/shop-2\/"},{"@type":"ListItem","position":3,"name":"CENTRO DE LAVADO 18 KG BLANCO"}]},{"@type":"WebSite","@id":"https:\/\/www.teleclub.com.py\/#website","url":"https:\/\/www.teleclub.com.py\/","name":"Teleclub","description":"Tu tienda online","publisher":{"@id":"https:\/\/www.teleclub.com.py\/#organization"},"potentialAction":[{"@type":"SearchAction","target":{"@type":"EntryPoint","urlTemplate":"https:\/\/www.teleclub.com.py\/?s={search_term_string}"},"query-input":{"@type":"PropertyValueSpecification","valueRequired":true,"valueName":"search_term_string"}}],"inLanguage":"es"},{"@type":"Organization","@id":"https:\/\/www.teleclub.com.py\/#organization","name":"Teleclub","url":"https:\/\/www.teleclub.com.py\/","logo":{"@type":"ImageObject","inLanguage":"es","@id":"https:\/\/www.teleclub.com.py\/#\/schema\/logo\/image\/","url":"https:\/\/www.teleclub.com.py\/wp-content\/uploads\/2024\/09\/1611317346760_TeleClub_logo_FondoBlanco-2.jpg","contentUrl":"https:\/\/www.teleclub.com.py\/wp-content\/uploads\/2024\/09\/1611317346760_TeleClub_logo_FondoBlanco-2.jpg","width":1600,"height":1600,"caption":"Teleclub"},"image":{"@id":"https:\/\/www.teleclub.com.py\/#\/schema\/logo\/image\/"},"sameAs":["https:\/\/www.facebook.com\/teleclubpy","https:\/\/www.instagram.com\/teleclubpy"]}]}},"_links":{"self":[{"href":"https:\/\/www.teleclub.com.py\/index.php\/wp-json\/wp\/v2\/product\/9721","targetHints":{"allow":["GET"]}}],"collection":[{"href":"https:\/\/www.teleclub.com.py\/index.php\/wp-json\/wp\/v2\/product"}],"about":[{"href":"https:\/\/www.teleclub.com.py\/index.php\/wp-json\/wp\/v2\/types\/product"}],"wp:featuredmedia":[{"embeddable":true,"href":"https:\/\/www.teleclub.com.py\/index.php\/wp-json\/wp\/v2\/media\/9722"}],"wp:attachment":[{"href":"https:\/\/www.teleclub.com.py\/index.php\/wp-json\/wp\/v2\/media?parent=9721"}],"wp:term":[{"taxonomy":"product_cat","embeddable":true,"href":"https:\/\/www.teleclub.com.py\/index.php\/wp-json\/wp\/v2\/product_cat?post=9721"},{"taxonomy":"product_tag","embeddable":true,"href":"https:\/\/www.teleclub.com.py\/index.php\/wp-json\/wp\/v2\/product_tag?post=9721"}],"curies":[{"name":"wp","href":"https:\/\/api.w.org\/{rel}","templated":true}]}}