{"id":9643,"date":"2024-09-10T08:08:20","date_gmt":"2024-09-10T12:08:20","guid":{"rendered":"https:\/\/www.teleclub.com.py\/?post_type=product&#038;p=9643"},"modified":"2024-09-10T10:12:17","modified_gmt":"2024-09-10T14:12:17","slug":"aiwa-watch-sport-aw-sf6-bk-bk-g-marco-negro-correa-negra-y-gris-bt-oxg-sangre-rit-cardiaco","status":"publish","type":"product","link":"https:\/\/www.teleclub.com.py\/index.php\/product\/aiwa-watch-sport-aw-sf6-bk-bk-g-marco-negro-correa-negra-y-gris-bt-oxg-sangre-rit-cardiaco\/","title":{"rendered":"AIWA WATCH SPORT AW-SF6-BK-BK-G MARCO NEGRO, CORREA NEGRA Y GRIS BT\/OXG SANGRE\/RIT CARDIACO."},"content":{"rendered":"<ul>\n<li>Modo multideportivo.<\/li>\n<li>Monitoreo de ox\u00edgeno en sangre, ritmo card\u00edaco con funci\u00f3n de llamada<\/li>\n<li>Admite llamadas y reproducci\u00f3n de m\u00fasica Bluetooth.<\/li>\n<li>Resistente a salpicaduras de agua<\/li>\n<li>Capacidad de la bater\u00eda: 230 mAh.<\/li>\n<li>Pantalla; IPS de 1,7 \u00ab240 = 280 toque completo<\/li>\n<li>APP amigable y precisa (Aiwa Connect en App Store o Play Store)<\/li>\n<li>Requisitos del dispositivo: Android 5.0 o IOS 9.0 o superior<\/li>\n<\/ul>\n","protected":false},"excerpt":{"rendered":"<p>El reloj inteligente Aiwa AW-SF6-BK-BK-G, con marco negro y correa bicolor negra y gris, ofrece monitoreo de ox\u00edgeno en sangre, ritmo card\u00edaco, llamadas y reproducci\u00f3n de m\u00fasica, con una bater\u00eda de 230 mAh, compatible con Android 5.0 e iOS 9.0 o superior<\/p>\n","protected":false},"featured_media":9644,"template":"","meta":{"om_disable_all_campaigns":false},"product_cat":[344],"product_tag":[],"class_list":{"0":"post-9643","1":"product","2":"type-product","3":"status-publish","4":"has-post-thumbnail","6":"product_cat-relojes-inteligentes","8":"first","9":"instock","10":"shipping-taxable","11":"purchasable","12":"product-type-simple"},"yoast_head":"<!-- This site is optimized with the Yoast SEO plugin v23.6 - https:\/\/yoast.com\/wordpress\/plugins\/seo\/ -->\n<title>AIWA WATCH SPORT AW-SF6-BK-BK-G MARCO NEGRO, CORREA NEGRA Y GRIS BT\/OXG SANGRE\/RIT CARDIACO. - Teleclub<\/title>\n<meta name=\"robots\" content=\"index, follow, max-snippet:-1, max-image-preview:large, max-video-preview:-1\" \/>\n<link rel=\"canonical\" href=\"https:\/\/www.teleclub.com.py\/index.php\/product\/aiwa-watch-sport-aw-sf6-bk-bk-g-marco-negro-correa-negra-y-gris-bt-oxg-sangre-rit-cardiaco\/\" \/>\n<meta property=\"og:locale\" content=\"es_ES\" \/>\n<meta property=\"og:type\" content=\"article\" \/>\n<meta property=\"og:title\" content=\"AIWA WATCH SPORT AW-SF6-BK-BK-G MARCO NEGRO, CORREA NEGRA Y GRIS BT\/OXG SANGRE\/RIT CARDIACO. - Teleclub\" \/>\n<meta property=\"og:description\" content=\"El reloj inteligente Aiwa AW-SF6-BK-BK-G, con marco negro y correa bicolor negra y gris, ofrece monitoreo de ox\u00edgeno en sangre, ritmo card\u00edaco, llamadas y reproducci\u00f3n de m\u00fasica, con una bater\u00eda de 230 mAh, compatible con Android 5.0 e iOS 9.0 o superior\" \/>\n<meta property=\"og:url\" content=\"https:\/\/www.teleclub.com.py\/index.php\/product\/aiwa-watch-sport-aw-sf6-bk-bk-g-marco-negro-correa-negra-y-gris-bt-oxg-sangre-rit-cardiaco\/\" \/>\n<meta property=\"og:site_name\" content=\"Teleclub\" \/>\n<meta property=\"article:publisher\" content=\"https:\/\/www.facebook.com\/teleclubpy\" \/>\n<meta property=\"article:modified_time\" content=\"2024-09-10T14:12:17+00:00\" \/>\n<meta property=\"og:image\" content=\"https:\/\/www.teleclub.com.py\/wp-content\/uploads\/2024\/09\/aa-129.png\" \/>\n\t<meta property=\"og:image:width\" content=\"600\" \/>\n\t<meta property=\"og:image:height\" content=\"600\" \/>\n\t<meta property=\"og:image:type\" content=\"image\/png\" \/>\n<meta name=\"twitter:card\" content=\"summary_large_image\" \/>\n<script type=\"application\/ld+json\" class=\"yoast-schema-graph\">{\"@context\":\"https:\/\/schema.org\",\"@graph\":[{\"@type\":\"WebPage\",\"@id\":\"https:\/\/www.teleclub.com.py\/index.php\/product\/aiwa-watch-sport-aw-sf6-bk-bk-g-marco-negro-correa-negra-y-gris-bt-oxg-sangre-rit-cardiaco\/\",\"url\":\"https:\/\/www.teleclub.com.py\/index.php\/product\/aiwa-watch-sport-aw-sf6-bk-bk-g-marco-negro-correa-negra-y-gris-bt-oxg-sangre-rit-cardiaco\/\",\"name\":\"AIWA WATCH SPORT AW-SF6-BK-BK-G MARCO NEGRO, CORREA NEGRA Y GRIS BT\/OXG SANGRE\/RIT CARDIACO. - Teleclub\",\"isPartOf\":{\"@id\":\"https:\/\/www.teleclub.com.py\/#website\"},\"primaryImageOfPage\":{\"@id\":\"https:\/\/www.teleclub.com.py\/index.php\/product\/aiwa-watch-sport-aw-sf6-bk-bk-g-marco-negro-correa-negra-y-gris-bt-oxg-sangre-rit-cardiaco\/#primaryimage\"},\"image\":{\"@id\":\"https:\/\/www.teleclub.com.py\/index.php\/product\/aiwa-watch-sport-aw-sf6-bk-bk-g-marco-negro-correa-negra-y-gris-bt-oxg-sangre-rit-cardiaco\/#primaryimage\"},\"thumbnailUrl\":\"https:\/\/www.teleclub.com.py\/wp-content\/uploads\/2024\/09\/aa-129.png\",\"datePublished\":\"2024-09-10T12:08:20+00:00\",\"dateModified\":\"2024-09-10T14:12:17+00:00\",\"breadcrumb\":{\"@id\":\"https:\/\/www.teleclub.com.py\/index.php\/product\/aiwa-watch-sport-aw-sf6-bk-bk-g-marco-negro-correa-negra-y-gris-bt-oxg-sangre-rit-cardiaco\/#breadcrumb\"},\"inLanguage\":\"es\",\"potentialAction\":[{\"@type\":\"ReadAction\",\"target\":[\"https:\/\/www.teleclub.com.py\/index.php\/product\/aiwa-watch-sport-aw-sf6-bk-bk-g-marco-negro-correa-negra-y-gris-bt-oxg-sangre-rit-cardiaco\/\"]}]},{\"@type\":\"ImageObject\",\"inLanguage\":\"es\",\"@id\":\"https:\/\/www.teleclub.com.py\/index.php\/product\/aiwa-watch-sport-aw-sf6-bk-bk-g-marco-negro-correa-negra-y-gris-bt-oxg-sangre-rit-cardiaco\/#primaryimage\",\"url\":\"https:\/\/www.teleclub.com.py\/wp-content\/uploads\/2024\/09\/aa-129.png\",\"contentUrl\":\"https:\/\/www.teleclub.com.py\/wp-content\/uploads\/2024\/09\/aa-129.png\",\"width\":600,\"height\":600},{\"@type\":\"BreadcrumbList\",\"@id\":\"https:\/\/www.teleclub.com.py\/index.php\/product\/aiwa-watch-sport-aw-sf6-bk-bk-g-marco-negro-correa-negra-y-gris-bt-oxg-sangre-rit-cardiaco\/#breadcrumb\",\"itemListElement\":[{\"@type\":\"ListItem\",\"position\":1,\"name\":\"Portada\",\"item\":\"https:\/\/www.teleclub.com.py\/\"},{\"@type\":\"ListItem\",\"position\":2,\"name\":\"Shop\",\"item\":\"https:\/\/www.teleclub.com.py\/index.php\/shop-2\/\"},{\"@type\":\"ListItem\",\"position\":3,\"name\":\"AIWA WATCH SPORT AW-SF6-BK-BK-G MARCO NEGRO, CORREA NEGRA Y GRIS BT\/OXG SANGRE\/RIT CARDIACO.\"}]},{\"@type\":\"WebSite\",\"@id\":\"https:\/\/www.teleclub.com.py\/#website\",\"url\":\"https:\/\/www.teleclub.com.py\/\",\"name\":\"Teleclub\",\"description\":\"Tu tienda online\",\"publisher\":{\"@id\":\"https:\/\/www.teleclub.com.py\/#organization\"},\"potentialAction\":[{\"@type\":\"SearchAction\",\"target\":{\"@type\":\"EntryPoint\",\"urlTemplate\":\"https:\/\/www.teleclub.com.py\/?s={search_term_string}\"},\"query-input\":{\"@type\":\"PropertyValueSpecification\",\"valueRequired\":true,\"valueName\":\"search_term_string\"}}],\"inLanguage\":\"es\"},{\"@type\":\"Organization\",\"@id\":\"https:\/\/www.teleclub.com.py\/#organization\",\"name\":\"Teleclub\",\"url\":\"https:\/\/www.teleclub.com.py\/\",\"logo\":{\"@type\":\"ImageObject\",\"inLanguage\":\"es\",\"@id\":\"https:\/\/www.teleclub.com.py\/#\/schema\/logo\/image\/\",\"url\":\"https:\/\/www.teleclub.com.py\/wp-content\/uploads\/2024\/09\/1611317346760_TeleClub_logo_FondoBlanco-2.jpg\",\"contentUrl\":\"https:\/\/www.teleclub.com.py\/wp-content\/uploads\/2024\/09\/1611317346760_TeleClub_logo_FondoBlanco-2.jpg\",\"width\":1600,\"height\":1600,\"caption\":\"Teleclub\"},\"image\":{\"@id\":\"https:\/\/www.teleclub.com.py\/#\/schema\/logo\/image\/\"},\"sameAs\":[\"https:\/\/www.facebook.com\/teleclubpy\",\"https:\/\/www.instagram.com\/teleclubpy\"]}]}<\/script>\n<!-- \/ Yoast SEO plugin. -->","yoast_head_json":{"title":"AIWA WATCH SPORT AW-SF6-BK-BK-G MARCO NEGRO, CORREA NEGRA Y GRIS BT\/OXG SANGRE\/RIT CARDIACO. - Teleclub","robots":{"index":"index","follow":"follow","max-snippet":"max-snippet:-1","max-image-preview":"max-image-preview:large","max-video-preview":"max-video-preview:-1"},"canonical":"https:\/\/www.teleclub.com.py\/index.php\/product\/aiwa-watch-sport-aw-sf6-bk-bk-g-marco-negro-correa-negra-y-gris-bt-oxg-sangre-rit-cardiaco\/","og_locale":"es_ES","og_type":"article","og_title":"AIWA WATCH SPORT AW-SF6-BK-BK-G MARCO NEGRO, CORREA NEGRA Y GRIS BT\/OXG SANGRE\/RIT CARDIACO. - Teleclub","og_description":"El reloj inteligente Aiwa AW-SF6-BK-BK-G, con marco negro y correa bicolor negra y gris, ofrece monitoreo de ox\u00edgeno en sangre, ritmo card\u00edaco, llamadas y reproducci\u00f3n de m\u00fasica, con una bater\u00eda de 230 mAh, compatible con Android 5.0 e iOS 9.0 o superior","og_url":"https:\/\/www.teleclub.com.py\/index.php\/product\/aiwa-watch-sport-aw-sf6-bk-bk-g-marco-negro-correa-negra-y-gris-bt-oxg-sangre-rit-cardiaco\/","og_site_name":"Teleclub","article_publisher":"https:\/\/www.facebook.com\/teleclubpy","article_modified_time":"2024-09-10T14:12:17+00:00","og_image":[{"width":600,"height":600,"url":"https:\/\/www.teleclub.com.py\/wp-content\/uploads\/2024\/09\/aa-129.png","type":"image\/png"}],"twitter_card":"summary_large_image","schema":{"@context":"https:\/\/schema.org","@graph":[{"@type":"WebPage","@id":"https:\/\/www.teleclub.com.py\/index.php\/product\/aiwa-watch-sport-aw-sf6-bk-bk-g-marco-negro-correa-negra-y-gris-bt-oxg-sangre-rit-cardiaco\/","url":"https:\/\/www.teleclub.com.py\/index.php\/product\/aiwa-watch-sport-aw-sf6-bk-bk-g-marco-negro-correa-negra-y-gris-bt-oxg-sangre-rit-cardiaco\/","name":"AIWA WATCH SPORT AW-SF6-BK-BK-G MARCO NEGRO, CORREA NEGRA Y GRIS BT\/OXG SANGRE\/RIT CARDIACO. - Teleclub","isPartOf":{"@id":"https:\/\/www.teleclub.com.py\/#website"},"primaryImageOfPage":{"@id":"https:\/\/www.teleclub.com.py\/index.php\/product\/aiwa-watch-sport-aw-sf6-bk-bk-g-marco-negro-correa-negra-y-gris-bt-oxg-sangre-rit-cardiaco\/#primaryimage"},"image":{"@id":"https:\/\/www.teleclub.com.py\/index.php\/product\/aiwa-watch-sport-aw-sf6-bk-bk-g-marco-negro-correa-negra-y-gris-bt-oxg-sangre-rit-cardiaco\/#primaryimage"},"thumbnailUrl":"https:\/\/www.teleclub.com.py\/wp-content\/uploads\/2024\/09\/aa-129.png","datePublished":"2024-09-10T12:08:20+00:00","dateModified":"2024-09-10T14:12:17+00:00","breadcrumb":{"@id":"https:\/\/www.teleclub.com.py\/index.php\/product\/aiwa-watch-sport-aw-sf6-bk-bk-g-marco-negro-correa-negra-y-gris-bt-oxg-sangre-rit-cardiaco\/#breadcrumb"},"inLanguage":"es","potentialAction":[{"@type":"ReadAction","target":["https:\/\/www.teleclub.com.py\/index.php\/product\/aiwa-watch-sport-aw-sf6-bk-bk-g-marco-negro-correa-negra-y-gris-bt-oxg-sangre-rit-cardiaco\/"]}]},{"@type":"ImageObject","inLanguage":"es","@id":"https:\/\/www.teleclub.com.py\/index.php\/product\/aiwa-watch-sport-aw-sf6-bk-bk-g-marco-negro-correa-negra-y-gris-bt-oxg-sangre-rit-cardiaco\/#primaryimage","url":"https:\/\/www.teleclub.com.py\/wp-content\/uploads\/2024\/09\/aa-129.png","contentUrl":"https:\/\/www.teleclub.com.py\/wp-content\/uploads\/2024\/09\/aa-129.png","width":600,"height":600},{"@type":"BreadcrumbList","@id":"https:\/\/www.teleclub.com.py\/index.php\/product\/aiwa-watch-sport-aw-sf6-bk-bk-g-marco-negro-correa-negra-y-gris-bt-oxg-sangre-rit-cardiaco\/#breadcrumb","itemListElement":[{"@type":"ListItem","position":1,"name":"Portada","item":"https:\/\/www.teleclub.com.py\/"},{"@type":"ListItem","position":2,"name":"Shop","item":"https:\/\/www.teleclub.com.py\/index.php\/shop-2\/"},{"@type":"ListItem","position":3,"name":"AIWA WATCH SPORT AW-SF6-BK-BK-G MARCO NEGRO, CORREA NEGRA Y GRIS BT\/OXG SANGRE\/RIT CARDIACO."}]},{"@type":"WebSite","@id":"https:\/\/www.teleclub.com.py\/#website","url":"https:\/\/www.teleclub.com.py\/","name":"Teleclub","description":"Tu tienda online","publisher":{"@id":"https:\/\/www.teleclub.com.py\/#organization"},"potentialAction":[{"@type":"SearchAction","target":{"@type":"EntryPoint","urlTemplate":"https:\/\/www.teleclub.com.py\/?s={search_term_string}"},"query-input":{"@type":"PropertyValueSpecification","valueRequired":true,"valueName":"search_term_string"}}],"inLanguage":"es"},{"@type":"Organization","@id":"https:\/\/www.teleclub.com.py\/#organization","name":"Teleclub","url":"https:\/\/www.teleclub.com.py\/","logo":{"@type":"ImageObject","inLanguage":"es","@id":"https:\/\/www.teleclub.com.py\/#\/schema\/logo\/image\/","url":"https:\/\/www.teleclub.com.py\/wp-content\/uploads\/2024\/09\/1611317346760_TeleClub_logo_FondoBlanco-2.jpg","contentUrl":"https:\/\/www.teleclub.com.py\/wp-content\/uploads\/2024\/09\/1611317346760_TeleClub_logo_FondoBlanco-2.jpg","width":1600,"height":1600,"caption":"Teleclub"},"image":{"@id":"https:\/\/www.teleclub.com.py\/#\/schema\/logo\/image\/"},"sameAs":["https:\/\/www.facebook.com\/teleclubpy","https:\/\/www.instagram.com\/teleclubpy"]}]}},"_links":{"self":[{"href":"https:\/\/www.teleclub.com.py\/index.php\/wp-json\/wp\/v2\/product\/9643","targetHints":{"allow":["GET"]}}],"collection":[{"href":"https:\/\/www.teleclub.com.py\/index.php\/wp-json\/wp\/v2\/product"}],"about":[{"href":"https:\/\/www.teleclub.com.py\/index.php\/wp-json\/wp\/v2\/types\/product"}],"wp:featuredmedia":[{"embeddable":true,"href":"https:\/\/www.teleclub.com.py\/index.php\/wp-json\/wp\/v2\/media\/9644"}],"wp:attachment":[{"href":"https:\/\/www.teleclub.com.py\/index.php\/wp-json\/wp\/v2\/media?parent=9643"}],"wp:term":[{"taxonomy":"product_cat","embeddable":true,"href":"https:\/\/www.teleclub.com.py\/index.php\/wp-json\/wp\/v2\/product_cat?post=9643"},{"taxonomy":"product_tag","embeddable":true,"href":"https:\/\/www.teleclub.com.py\/index.php\/wp-json\/wp\/v2\/product_tag?post=9643"}],"curies":[{"name":"wp","href":"https:\/\/api.w.org\/{rel}","templated":true}]}}