{"id":9568,"date":"2024-09-09T19:43:09","date_gmt":"2024-09-09T23:43:09","guid":{"rendered":"https:\/\/www.teleclub.com.py\/?post_type=product&#038;p=9568"},"modified":"2025-06-19T16:56:36","modified_gmt":"2025-06-19T19:56:36","slug":"aiwa-parl-bt-awsj215-2x5w-fm-aux-tf-frent-led-w-proof","status":"publish","type":"product","link":"https:\/\/www.teleclub.com.py\/index.php\/product\/aiwa-parl-bt-awsj215-2x5w-fm-aux-tf-frent-led-w-proof\/","title":{"rendered":"PARLANTE AIWA BT AWSJ215 2X5W"},"content":{"rendered":"<div class=\"flex-shrink-0 flex flex-col relative items-end\">\n<div>\n<div class=\"pt-0\">\n<div class=\"gizmo-bot-avatar flex h-8 w-8 items-center justify-center overflow-hidden rounded-full\">\n<div class=\"relative p-1 rounded-sm flex items-center justify-center bg-token-main-surface-primary text-token-text-primary h-8 w-8\">El AIWA AWSJ215 es un parlante port\u00e1til dise\u00f1ado para ofrecer una experiencia de audio vers\u00e1til y duradera. Con una potencia de 2x5W, proporciona un sonido claro y balanceado adecuado para cualquier entorno. Este altavoz incorpora varias opciones de conectividad, como radio FM, entrada AUX para dispositivos de audio externos y ranura para tarjetas TF, lo que permite disfrutar de m\u00fasica desde m\u00faltiples fuentes.<\/div>\n<\/div>\n<\/div>\n<\/div>\n<\/div>\n<div class=\"group\/conversation-turn relative flex w-full min-w-0 flex-col agent-turn\">\n<div class=\"flex-col gap-1 md:gap-3\">\n<div class=\"flex max-w-full flex-col flex-grow\">\n<div class=\"min-h-[20px] text-message flex w-full flex-col items-end gap-2 whitespace-normal break-words [.text-message+&amp;]:mt-5\" dir=\"auto\" data-message-author-role=\"assistant\" data-message-id=\"7df887b7-faf5-45ac-b160-ce9241bb162e\">\n<div class=\"flex w-full flex-col gap-1 empty:hidden first:pt-[3px]\">\n<div class=\"markdown prose w-full break-words dark:prose-invert light\">\n<p>El dise\u00f1o del AWSJ215 incluye una iluminaci\u00f3n LED frontal que a\u00f1ade un toque visual atractivo, especialmente en ambientes oscuros o durante eventos al aire libre. Su construcci\u00f3n resistente al agua lo hace ideal para llevar a la playa, la piscina o cualquier actividad al aire libre, sin preocuparse por salpicaduras o condiciones clim\u00e1ticas adversas.<\/p>\n<\/div>\n<\/div>\n<\/div>\n<\/div>\n<\/div>\n<\/div>\n","protected":false},"excerpt":{"rendered":"<p>El parlante AIWA AWSJ215 es un altavoz port\u00e1til de 2x5W con radio FM, entrada AUX y ranura para tarjeta TF. Cuenta con iluminaci\u00f3n LED frontal y dise\u00f1o resistente al agua, ideal para usar en interiores y exteriores.<\/p>\n","protected":false},"featured_media":9570,"template":"","meta":{"om_disable_all_campaigns":false},"product_cat":[273],"product_tag":[],"class_list":{"0":"post-9568","1":"product","2":"type-product","3":"status-publish","4":"has-post-thumbnail","6":"product_cat-parlantes","8":"first","9":"instock","10":"shipping-taxable","11":"purchasable","12":"product-type-simple"},"yoast_head":"<!-- This site is optimized with the Yoast SEO plugin v23.6 - https:\/\/yoast.com\/wordpress\/plugins\/seo\/ -->\n<title>PARLANTE AIWA BT AWSJ215 2X5W - Teleclub<\/title>\n<meta name=\"robots\" content=\"index, follow, max-snippet:-1, max-image-preview:large, max-video-preview:-1\" \/>\n<link rel=\"canonical\" href=\"https:\/\/www.teleclub.com.py\/index.php\/product\/aiwa-parl-bt-awsj215-2x5w-fm-aux-tf-frent-led-w-proof\/\" \/>\n<meta property=\"og:locale\" content=\"es_ES\" \/>\n<meta property=\"og:type\" content=\"article\" \/>\n<meta property=\"og:title\" content=\"PARLANTE AIWA BT AWSJ215 2X5W - Teleclub\" \/>\n<meta property=\"og:description\" content=\"El parlante AIWA AWSJ215 es un altavoz port\u00e1til de 2x5W con radio FM, entrada AUX y ranura para tarjeta TF. Cuenta con iluminaci\u00f3n LED frontal y dise\u00f1o resistente al agua, ideal para usar en interiores y exteriores.\" \/>\n<meta property=\"og:url\" content=\"https:\/\/www.teleclub.com.py\/index.php\/product\/aiwa-parl-bt-awsj215-2x5w-fm-aux-tf-frent-led-w-proof\/\" \/>\n<meta property=\"og:site_name\" content=\"Teleclub\" \/>\n<meta property=\"article:publisher\" content=\"https:\/\/www.facebook.com\/teleclubpy\" \/>\n<meta property=\"article:modified_time\" content=\"2025-06-19T19:56:36+00:00\" \/>\n<meta property=\"og:image\" content=\"https:\/\/www.teleclub.com.py\/wp-content\/uploads\/2024\/09\/a-245.png\" \/>\n\t<meta property=\"og:image:width\" content=\"600\" \/>\n\t<meta property=\"og:image:height\" content=\"600\" \/>\n\t<meta property=\"og:image:type\" content=\"image\/png\" \/>\n<meta name=\"twitter:card\" content=\"summary_large_image\" \/>\n<meta name=\"twitter:label1\" content=\"Tiempo de lectura\" \/>\n\t<meta name=\"twitter:data1\" content=\"1 minuto\" \/>\n<script type=\"application\/ld+json\" class=\"yoast-schema-graph\">{\"@context\":\"https:\/\/schema.org\",\"@graph\":[{\"@type\":\"WebPage\",\"@id\":\"https:\/\/www.teleclub.com.py\/index.php\/product\/aiwa-parl-bt-awsj215-2x5w-fm-aux-tf-frent-led-w-proof\/\",\"url\":\"https:\/\/www.teleclub.com.py\/index.php\/product\/aiwa-parl-bt-awsj215-2x5w-fm-aux-tf-frent-led-w-proof\/\",\"name\":\"PARLANTE AIWA BT AWSJ215 2X5W - Teleclub\",\"isPartOf\":{\"@id\":\"https:\/\/www.teleclub.com.py\/#website\"},\"primaryImageOfPage\":{\"@id\":\"https:\/\/www.teleclub.com.py\/index.php\/product\/aiwa-parl-bt-awsj215-2x5w-fm-aux-tf-frent-led-w-proof\/#primaryimage\"},\"image\":{\"@id\":\"https:\/\/www.teleclub.com.py\/index.php\/product\/aiwa-parl-bt-awsj215-2x5w-fm-aux-tf-frent-led-w-proof\/#primaryimage\"},\"thumbnailUrl\":\"https:\/\/www.teleclub.com.py\/wp-content\/uploads\/2024\/09\/a-245.png\",\"datePublished\":\"2024-09-09T23:43:09+00:00\",\"dateModified\":\"2025-06-19T19:56:36+00:00\",\"breadcrumb\":{\"@id\":\"https:\/\/www.teleclub.com.py\/index.php\/product\/aiwa-parl-bt-awsj215-2x5w-fm-aux-tf-frent-led-w-proof\/#breadcrumb\"},\"inLanguage\":\"es\",\"potentialAction\":[{\"@type\":\"ReadAction\",\"target\":[\"https:\/\/www.teleclub.com.py\/index.php\/product\/aiwa-parl-bt-awsj215-2x5w-fm-aux-tf-frent-led-w-proof\/\"]}]},{\"@type\":\"ImageObject\",\"inLanguage\":\"es\",\"@id\":\"https:\/\/www.teleclub.com.py\/index.php\/product\/aiwa-parl-bt-awsj215-2x5w-fm-aux-tf-frent-led-w-proof\/#primaryimage\",\"url\":\"https:\/\/www.teleclub.com.py\/wp-content\/uploads\/2024\/09\/a-245.png\",\"contentUrl\":\"https:\/\/www.teleclub.com.py\/wp-content\/uploads\/2024\/09\/a-245.png\",\"width\":600,\"height\":600},{\"@type\":\"BreadcrumbList\",\"@id\":\"https:\/\/www.teleclub.com.py\/index.php\/product\/aiwa-parl-bt-awsj215-2x5w-fm-aux-tf-frent-led-w-proof\/#breadcrumb\",\"itemListElement\":[{\"@type\":\"ListItem\",\"position\":1,\"name\":\"Portada\",\"item\":\"https:\/\/www.teleclub.com.py\/\"},{\"@type\":\"ListItem\",\"position\":2,\"name\":\"Shop\",\"item\":\"https:\/\/www.teleclub.com.py\/index.php\/shop-2\/\"},{\"@type\":\"ListItem\",\"position\":3,\"name\":\"PARLANTE AIWA BT AWSJ215 2X5W\"}]},{\"@type\":\"WebSite\",\"@id\":\"https:\/\/www.teleclub.com.py\/#website\",\"url\":\"https:\/\/www.teleclub.com.py\/\",\"name\":\"Teleclub\",\"description\":\"Tu tienda online\",\"publisher\":{\"@id\":\"https:\/\/www.teleclub.com.py\/#organization\"},\"potentialAction\":[{\"@type\":\"SearchAction\",\"target\":{\"@type\":\"EntryPoint\",\"urlTemplate\":\"https:\/\/www.teleclub.com.py\/?s={search_term_string}\"},\"query-input\":{\"@type\":\"PropertyValueSpecification\",\"valueRequired\":true,\"valueName\":\"search_term_string\"}}],\"inLanguage\":\"es\"},{\"@type\":\"Organization\",\"@id\":\"https:\/\/www.teleclub.com.py\/#organization\",\"name\":\"Teleclub\",\"url\":\"https:\/\/www.teleclub.com.py\/\",\"logo\":{\"@type\":\"ImageObject\",\"inLanguage\":\"es\",\"@id\":\"https:\/\/www.teleclub.com.py\/#\/schema\/logo\/image\/\",\"url\":\"https:\/\/www.teleclub.com.py\/wp-content\/uploads\/2024\/09\/1611317346760_TeleClub_logo_FondoBlanco-2.jpg\",\"contentUrl\":\"https:\/\/www.teleclub.com.py\/wp-content\/uploads\/2024\/09\/1611317346760_TeleClub_logo_FondoBlanco-2.jpg\",\"width\":1600,\"height\":1600,\"caption\":\"Teleclub\"},\"image\":{\"@id\":\"https:\/\/www.teleclub.com.py\/#\/schema\/logo\/image\/\"},\"sameAs\":[\"https:\/\/www.facebook.com\/teleclubpy\",\"https:\/\/www.instagram.com\/teleclubpy\"]}]}<\/script>\n<!-- \/ Yoast SEO plugin. -->","yoast_head_json":{"title":"PARLANTE AIWA BT AWSJ215 2X5W - Teleclub","robots":{"index":"index","follow":"follow","max-snippet":"max-snippet:-1","max-image-preview":"max-image-preview:large","max-video-preview":"max-video-preview:-1"},"canonical":"https:\/\/www.teleclub.com.py\/index.php\/product\/aiwa-parl-bt-awsj215-2x5w-fm-aux-tf-frent-led-w-proof\/","og_locale":"es_ES","og_type":"article","og_title":"PARLANTE AIWA BT AWSJ215 2X5W - Teleclub","og_description":"El parlante AIWA AWSJ215 es un altavoz port\u00e1til de 2x5W con radio FM, entrada AUX y ranura para tarjeta TF. Cuenta con iluminaci\u00f3n LED frontal y dise\u00f1o resistente al agua, ideal para usar en interiores y exteriores.","og_url":"https:\/\/www.teleclub.com.py\/index.php\/product\/aiwa-parl-bt-awsj215-2x5w-fm-aux-tf-frent-led-w-proof\/","og_site_name":"Teleclub","article_publisher":"https:\/\/www.facebook.com\/teleclubpy","article_modified_time":"2025-06-19T19:56:36+00:00","og_image":[{"width":600,"height":600,"url":"https:\/\/www.teleclub.com.py\/wp-content\/uploads\/2024\/09\/a-245.png","type":"image\/png"}],"twitter_card":"summary_large_image","twitter_misc":{"Tiempo de lectura":"1 minuto"},"schema":{"@context":"https:\/\/schema.org","@graph":[{"@type":"WebPage","@id":"https:\/\/www.teleclub.com.py\/index.php\/product\/aiwa-parl-bt-awsj215-2x5w-fm-aux-tf-frent-led-w-proof\/","url":"https:\/\/www.teleclub.com.py\/index.php\/product\/aiwa-parl-bt-awsj215-2x5w-fm-aux-tf-frent-led-w-proof\/","name":"PARLANTE AIWA BT AWSJ215 2X5W - Teleclub","isPartOf":{"@id":"https:\/\/www.teleclub.com.py\/#website"},"primaryImageOfPage":{"@id":"https:\/\/www.teleclub.com.py\/index.php\/product\/aiwa-parl-bt-awsj215-2x5w-fm-aux-tf-frent-led-w-proof\/#primaryimage"},"image":{"@id":"https:\/\/www.teleclub.com.py\/index.php\/product\/aiwa-parl-bt-awsj215-2x5w-fm-aux-tf-frent-led-w-proof\/#primaryimage"},"thumbnailUrl":"https:\/\/www.teleclub.com.py\/wp-content\/uploads\/2024\/09\/a-245.png","datePublished":"2024-09-09T23:43:09+00:00","dateModified":"2025-06-19T19:56:36+00:00","breadcrumb":{"@id":"https:\/\/www.teleclub.com.py\/index.php\/product\/aiwa-parl-bt-awsj215-2x5w-fm-aux-tf-frent-led-w-proof\/#breadcrumb"},"inLanguage":"es","potentialAction":[{"@type":"ReadAction","target":["https:\/\/www.teleclub.com.py\/index.php\/product\/aiwa-parl-bt-awsj215-2x5w-fm-aux-tf-frent-led-w-proof\/"]}]},{"@type":"ImageObject","inLanguage":"es","@id":"https:\/\/www.teleclub.com.py\/index.php\/product\/aiwa-parl-bt-awsj215-2x5w-fm-aux-tf-frent-led-w-proof\/#primaryimage","url":"https:\/\/www.teleclub.com.py\/wp-content\/uploads\/2024\/09\/a-245.png","contentUrl":"https:\/\/www.teleclub.com.py\/wp-content\/uploads\/2024\/09\/a-245.png","width":600,"height":600},{"@type":"BreadcrumbList","@id":"https:\/\/www.teleclub.com.py\/index.php\/product\/aiwa-parl-bt-awsj215-2x5w-fm-aux-tf-frent-led-w-proof\/#breadcrumb","itemListElement":[{"@type":"ListItem","position":1,"name":"Portada","item":"https:\/\/www.teleclub.com.py\/"},{"@type":"ListItem","position":2,"name":"Shop","item":"https:\/\/www.teleclub.com.py\/index.php\/shop-2\/"},{"@type":"ListItem","position":3,"name":"PARLANTE AIWA BT AWSJ215 2X5W"}]},{"@type":"WebSite","@id":"https:\/\/www.teleclub.com.py\/#website","url":"https:\/\/www.teleclub.com.py\/","name":"Teleclub","description":"Tu tienda online","publisher":{"@id":"https:\/\/www.teleclub.com.py\/#organization"},"potentialAction":[{"@type":"SearchAction","target":{"@type":"EntryPoint","urlTemplate":"https:\/\/www.teleclub.com.py\/?s={search_term_string}"},"query-input":{"@type":"PropertyValueSpecification","valueRequired":true,"valueName":"search_term_string"}}],"inLanguage":"es"},{"@type":"Organization","@id":"https:\/\/www.teleclub.com.py\/#organization","name":"Teleclub","url":"https:\/\/www.teleclub.com.py\/","logo":{"@type":"ImageObject","inLanguage":"es","@id":"https:\/\/www.teleclub.com.py\/#\/schema\/logo\/image\/","url":"https:\/\/www.teleclub.com.py\/wp-content\/uploads\/2024\/09\/1611317346760_TeleClub_logo_FondoBlanco-2.jpg","contentUrl":"https:\/\/www.teleclub.com.py\/wp-content\/uploads\/2024\/09\/1611317346760_TeleClub_logo_FondoBlanco-2.jpg","width":1600,"height":1600,"caption":"Teleclub"},"image":{"@id":"https:\/\/www.teleclub.com.py\/#\/schema\/logo\/image\/"},"sameAs":["https:\/\/www.facebook.com\/teleclubpy","https:\/\/www.instagram.com\/teleclubpy"]}]}},"_links":{"self":[{"href":"https:\/\/www.teleclub.com.py\/index.php\/wp-json\/wp\/v2\/product\/9568","targetHints":{"allow":["GET"]}}],"collection":[{"href":"https:\/\/www.teleclub.com.py\/index.php\/wp-json\/wp\/v2\/product"}],"about":[{"href":"https:\/\/www.teleclub.com.py\/index.php\/wp-json\/wp\/v2\/types\/product"}],"wp:featuredmedia":[{"embeddable":true,"href":"https:\/\/www.teleclub.com.py\/index.php\/wp-json\/wp\/v2\/media\/9570"}],"wp:attachment":[{"href":"https:\/\/www.teleclub.com.py\/index.php\/wp-json\/wp\/v2\/media?parent=9568"}],"wp:term":[{"taxonomy":"product_cat","embeddable":true,"href":"https:\/\/www.teleclub.com.py\/index.php\/wp-json\/wp\/v2\/product_cat?post=9568"},{"taxonomy":"product_tag","embeddable":true,"href":"https:\/\/www.teleclub.com.py\/index.php\/wp-json\/wp\/v2\/product_tag?post=9568"}],"curies":[{"name":"wp","href":"https:\/\/api.w.org\/{rel}","templated":true}]}}