{"id":9540,"date":"2024-09-09T12:02:21","date_gmt":"2024-09-09T16:02:21","guid":{"rendered":"https:\/\/www.teleclub.com.py\/?post_type=product&#038;p=9540"},"modified":"2025-10-20T14:03:28","modified_gmt":"2025-10-20T17:03:28","slug":"batidora-planetaria-philips-serie-7000-hr7922-90","status":"publish","type":"product","link":"https:\/\/www.teleclub.com.py\/index.php\/product\/batidora-planetaria-philips-serie-7000-hr7922-90\/","title":{"rendered":"Batidora Planetaria Philips Serie 7000 HR7922\/90"},"content":{"rendered":"<p>La batidora Philips HR7922 tiene un dise\u00f1o elegante con excelente rendimiento que ofrece excelentes resultados para todas las recetas. Posee 12 velocidades que se pueden seleccionar para obtener el ajuste correcto para cada receta. Tiene un motor potente de 800W que es ideal para mezclar las recetas favoritas de forma f\u00e1cil. Adem\u00e1s, tiene una capacidad de recipiente de 5 litros que es ideal para aquellos que buscan un art\u00edculo altamente eficiente para preparar los platos m\u00e1s diversos.<\/p>\n<p><strong>Accesorios incluidos:<\/strong><\/p>\n<ul>\n<li>Batidora.<\/li>\n<li>Ganchos para amasar.<\/li>\n<li>Batidor y protector contra salpicaduras.<\/li>\n<\/ul>\n","protected":false},"excerpt":{"rendered":"<ul>\n<li><strong>Potencia:<\/strong>\u00a0800W<\/li>\n<li><strong>Velocidades:\u00a0<\/strong>12<\/li>\n<li><strong>Material\u00a0del recipiente:<\/strong>\u00a0Acero inoxidable<\/li>\n<li><strong>Capacidad:<\/strong>\u00a05 litros<\/li>\n<\/ul>\n","protected":false},"featured_media":9541,"template":"","meta":{"om_disable_all_campaigns":false},"product_cat":[374],"product_tag":[],"class_list":{"0":"post-9540","1":"product","2":"type-product","3":"status-publish","4":"has-post-thumbnail","6":"product_cat-electrodomesticos-2","8":"first","9":"outofstock","10":"shipping-taxable","11":"purchasable","12":"product-type-simple"},"yoast_head":"<!-- This site is optimized with the Yoast SEO plugin v23.6 - https:\/\/yoast.com\/wordpress\/plugins\/seo\/ -->\n<title>Batidora Planetaria Philips Serie 7000 HR7922\/90 - Teleclub<\/title>\n<meta name=\"robots\" content=\"index, follow, max-snippet:-1, max-image-preview:large, max-video-preview:-1\" \/>\n<link rel=\"canonical\" href=\"https:\/\/www.teleclub.com.py\/index.php\/product\/batidora-planetaria-philips-serie-7000-hr7922-90\/\" \/>\n<meta property=\"og:locale\" content=\"es_ES\" \/>\n<meta property=\"og:type\" content=\"article\" \/>\n<meta property=\"og:title\" content=\"Batidora Planetaria Philips Serie 7000 HR7922\/90 - Teleclub\" \/>\n<meta property=\"og:description\" content=\"Potencia:\u00a0800W  Velocidades:\u00a012  Material\u00a0del recipiente:\u00a0Acero inoxidable  Capacidad:\u00a05 litros\" \/>\n<meta property=\"og:url\" content=\"https:\/\/www.teleclub.com.py\/index.php\/product\/batidora-planetaria-philips-serie-7000-hr7922-90\/\" \/>\n<meta property=\"og:site_name\" content=\"Teleclub\" \/>\n<meta property=\"article:publisher\" content=\"https:\/\/www.facebook.com\/teleclubpy\" \/>\n<meta property=\"article:modified_time\" content=\"2025-10-20T17:03:28+00:00\" \/>\n<meta property=\"og:image\" content=\"https:\/\/www.teleclub.com.py\/wp-content\/uploads\/2024\/09\/a-230.png\" \/>\n\t<meta property=\"og:image:width\" content=\"600\" \/>\n\t<meta property=\"og:image:height\" content=\"600\" \/>\n\t<meta property=\"og:image:type\" content=\"image\/png\" \/>\n<meta name=\"twitter:card\" content=\"summary_large_image\" \/>\n<meta name=\"twitter:label1\" content=\"Tiempo de lectura\" \/>\n\t<meta name=\"twitter:data1\" content=\"1 minuto\" \/>\n<script type=\"application\/ld+json\" class=\"yoast-schema-graph\">{\"@context\":\"https:\/\/schema.org\",\"@graph\":[{\"@type\":\"WebPage\",\"@id\":\"https:\/\/www.teleclub.com.py\/index.php\/product\/batidora-planetaria-philips-serie-7000-hr7922-90\/\",\"url\":\"https:\/\/www.teleclub.com.py\/index.php\/product\/batidora-planetaria-philips-serie-7000-hr7922-90\/\",\"name\":\"Batidora Planetaria Philips Serie 7000 HR7922\/90 - Teleclub\",\"isPartOf\":{\"@id\":\"https:\/\/www.teleclub.com.py\/#website\"},\"primaryImageOfPage\":{\"@id\":\"https:\/\/www.teleclub.com.py\/index.php\/product\/batidora-planetaria-philips-serie-7000-hr7922-90\/#primaryimage\"},\"image\":{\"@id\":\"https:\/\/www.teleclub.com.py\/index.php\/product\/batidora-planetaria-philips-serie-7000-hr7922-90\/#primaryimage\"},\"thumbnailUrl\":\"https:\/\/www.teleclub.com.py\/wp-content\/uploads\/2024\/09\/a-230.png\",\"datePublished\":\"2024-09-09T16:02:21+00:00\",\"dateModified\":\"2025-10-20T17:03:28+00:00\",\"breadcrumb\":{\"@id\":\"https:\/\/www.teleclub.com.py\/index.php\/product\/batidora-planetaria-philips-serie-7000-hr7922-90\/#breadcrumb\"},\"inLanguage\":\"es\",\"potentialAction\":[{\"@type\":\"ReadAction\",\"target\":[\"https:\/\/www.teleclub.com.py\/index.php\/product\/batidora-planetaria-philips-serie-7000-hr7922-90\/\"]}]},{\"@type\":\"ImageObject\",\"inLanguage\":\"es\",\"@id\":\"https:\/\/www.teleclub.com.py\/index.php\/product\/batidora-planetaria-philips-serie-7000-hr7922-90\/#primaryimage\",\"url\":\"https:\/\/www.teleclub.com.py\/wp-content\/uploads\/2024\/09\/a-230.png\",\"contentUrl\":\"https:\/\/www.teleclub.com.py\/wp-content\/uploads\/2024\/09\/a-230.png\",\"width\":600,\"height\":600},{\"@type\":\"BreadcrumbList\",\"@id\":\"https:\/\/www.teleclub.com.py\/index.php\/product\/batidora-planetaria-philips-serie-7000-hr7922-90\/#breadcrumb\",\"itemListElement\":[{\"@type\":\"ListItem\",\"position\":1,\"name\":\"Portada\",\"item\":\"https:\/\/www.teleclub.com.py\/\"},{\"@type\":\"ListItem\",\"position\":2,\"name\":\"Shop\",\"item\":\"https:\/\/www.teleclub.com.py\/index.php\/shop-2\/\"},{\"@type\":\"ListItem\",\"position\":3,\"name\":\"Batidora Planetaria Philips Serie 7000 HR7922\/90\"}]},{\"@type\":\"WebSite\",\"@id\":\"https:\/\/www.teleclub.com.py\/#website\",\"url\":\"https:\/\/www.teleclub.com.py\/\",\"name\":\"Teleclub\",\"description\":\"Tu tienda online\",\"publisher\":{\"@id\":\"https:\/\/www.teleclub.com.py\/#organization\"},\"potentialAction\":[{\"@type\":\"SearchAction\",\"target\":{\"@type\":\"EntryPoint\",\"urlTemplate\":\"https:\/\/www.teleclub.com.py\/?s={search_term_string}\"},\"query-input\":{\"@type\":\"PropertyValueSpecification\",\"valueRequired\":true,\"valueName\":\"search_term_string\"}}],\"inLanguage\":\"es\"},{\"@type\":\"Organization\",\"@id\":\"https:\/\/www.teleclub.com.py\/#organization\",\"name\":\"Teleclub\",\"url\":\"https:\/\/www.teleclub.com.py\/\",\"logo\":{\"@type\":\"ImageObject\",\"inLanguage\":\"es\",\"@id\":\"https:\/\/www.teleclub.com.py\/#\/schema\/logo\/image\/\",\"url\":\"https:\/\/www.teleclub.com.py\/wp-content\/uploads\/2024\/09\/1611317346760_TeleClub_logo_FondoBlanco-2.jpg\",\"contentUrl\":\"https:\/\/www.teleclub.com.py\/wp-content\/uploads\/2024\/09\/1611317346760_TeleClub_logo_FondoBlanco-2.jpg\",\"width\":1600,\"height\":1600,\"caption\":\"Teleclub\"},\"image\":{\"@id\":\"https:\/\/www.teleclub.com.py\/#\/schema\/logo\/image\/\"},\"sameAs\":[\"https:\/\/www.facebook.com\/teleclubpy\",\"https:\/\/www.instagram.com\/teleclubpy\"]}]}<\/script>\n<!-- \/ Yoast SEO plugin. -->","yoast_head_json":{"title":"Batidora Planetaria Philips Serie 7000 HR7922\/90 - Teleclub","robots":{"index":"index","follow":"follow","max-snippet":"max-snippet:-1","max-image-preview":"max-image-preview:large","max-video-preview":"max-video-preview:-1"},"canonical":"https:\/\/www.teleclub.com.py\/index.php\/product\/batidora-planetaria-philips-serie-7000-hr7922-90\/","og_locale":"es_ES","og_type":"article","og_title":"Batidora Planetaria Philips Serie 7000 HR7922\/90 - Teleclub","og_description":"Potencia:\u00a0800W  Velocidades:\u00a012  Material\u00a0del recipiente:\u00a0Acero inoxidable  Capacidad:\u00a05 litros","og_url":"https:\/\/www.teleclub.com.py\/index.php\/product\/batidora-planetaria-philips-serie-7000-hr7922-90\/","og_site_name":"Teleclub","article_publisher":"https:\/\/www.facebook.com\/teleclubpy","article_modified_time":"2025-10-20T17:03:28+00:00","og_image":[{"width":600,"height":600,"url":"https:\/\/www.teleclub.com.py\/wp-content\/uploads\/2024\/09\/a-230.png","type":"image\/png"}],"twitter_card":"summary_large_image","twitter_misc":{"Tiempo de lectura":"1 minuto"},"schema":{"@context":"https:\/\/schema.org","@graph":[{"@type":"WebPage","@id":"https:\/\/www.teleclub.com.py\/index.php\/product\/batidora-planetaria-philips-serie-7000-hr7922-90\/","url":"https:\/\/www.teleclub.com.py\/index.php\/product\/batidora-planetaria-philips-serie-7000-hr7922-90\/","name":"Batidora Planetaria Philips Serie 7000 HR7922\/90 - Teleclub","isPartOf":{"@id":"https:\/\/www.teleclub.com.py\/#website"},"primaryImageOfPage":{"@id":"https:\/\/www.teleclub.com.py\/index.php\/product\/batidora-planetaria-philips-serie-7000-hr7922-90\/#primaryimage"},"image":{"@id":"https:\/\/www.teleclub.com.py\/index.php\/product\/batidora-planetaria-philips-serie-7000-hr7922-90\/#primaryimage"},"thumbnailUrl":"https:\/\/www.teleclub.com.py\/wp-content\/uploads\/2024\/09\/a-230.png","datePublished":"2024-09-09T16:02:21+00:00","dateModified":"2025-10-20T17:03:28+00:00","breadcrumb":{"@id":"https:\/\/www.teleclub.com.py\/index.php\/product\/batidora-planetaria-philips-serie-7000-hr7922-90\/#breadcrumb"},"inLanguage":"es","potentialAction":[{"@type":"ReadAction","target":["https:\/\/www.teleclub.com.py\/index.php\/product\/batidora-planetaria-philips-serie-7000-hr7922-90\/"]}]},{"@type":"ImageObject","inLanguage":"es","@id":"https:\/\/www.teleclub.com.py\/index.php\/product\/batidora-planetaria-philips-serie-7000-hr7922-90\/#primaryimage","url":"https:\/\/www.teleclub.com.py\/wp-content\/uploads\/2024\/09\/a-230.png","contentUrl":"https:\/\/www.teleclub.com.py\/wp-content\/uploads\/2024\/09\/a-230.png","width":600,"height":600},{"@type":"BreadcrumbList","@id":"https:\/\/www.teleclub.com.py\/index.php\/product\/batidora-planetaria-philips-serie-7000-hr7922-90\/#breadcrumb","itemListElement":[{"@type":"ListItem","position":1,"name":"Portada","item":"https:\/\/www.teleclub.com.py\/"},{"@type":"ListItem","position":2,"name":"Shop","item":"https:\/\/www.teleclub.com.py\/index.php\/shop-2\/"},{"@type":"ListItem","position":3,"name":"Batidora Planetaria Philips Serie 7000 HR7922\/90"}]},{"@type":"WebSite","@id":"https:\/\/www.teleclub.com.py\/#website","url":"https:\/\/www.teleclub.com.py\/","name":"Teleclub","description":"Tu tienda online","publisher":{"@id":"https:\/\/www.teleclub.com.py\/#organization"},"potentialAction":[{"@type":"SearchAction","target":{"@type":"EntryPoint","urlTemplate":"https:\/\/www.teleclub.com.py\/?s={search_term_string}"},"query-input":{"@type":"PropertyValueSpecification","valueRequired":true,"valueName":"search_term_string"}}],"inLanguage":"es"},{"@type":"Organization","@id":"https:\/\/www.teleclub.com.py\/#organization","name":"Teleclub","url":"https:\/\/www.teleclub.com.py\/","logo":{"@type":"ImageObject","inLanguage":"es","@id":"https:\/\/www.teleclub.com.py\/#\/schema\/logo\/image\/","url":"https:\/\/www.teleclub.com.py\/wp-content\/uploads\/2024\/09\/1611317346760_TeleClub_logo_FondoBlanco-2.jpg","contentUrl":"https:\/\/www.teleclub.com.py\/wp-content\/uploads\/2024\/09\/1611317346760_TeleClub_logo_FondoBlanco-2.jpg","width":1600,"height":1600,"caption":"Teleclub"},"image":{"@id":"https:\/\/www.teleclub.com.py\/#\/schema\/logo\/image\/"},"sameAs":["https:\/\/www.facebook.com\/teleclubpy","https:\/\/www.instagram.com\/teleclubpy"]}]}},"_links":{"self":[{"href":"https:\/\/www.teleclub.com.py\/index.php\/wp-json\/wp\/v2\/product\/9540","targetHints":{"allow":["GET"]}}],"collection":[{"href":"https:\/\/www.teleclub.com.py\/index.php\/wp-json\/wp\/v2\/product"}],"about":[{"href":"https:\/\/www.teleclub.com.py\/index.php\/wp-json\/wp\/v2\/types\/product"}],"wp:featuredmedia":[{"embeddable":true,"href":"https:\/\/www.teleclub.com.py\/index.php\/wp-json\/wp\/v2\/media\/9541"}],"wp:attachment":[{"href":"https:\/\/www.teleclub.com.py\/index.php\/wp-json\/wp\/v2\/media?parent=9540"}],"wp:term":[{"taxonomy":"product_cat","embeddable":true,"href":"https:\/\/www.teleclub.com.py\/index.php\/wp-json\/wp\/v2\/product_cat?post=9540"},{"taxonomy":"product_tag","embeddable":true,"href":"https:\/\/www.teleclub.com.py\/index.php\/wp-json\/wp\/v2\/product_tag?post=9540"}],"curies":[{"name":"wp","href":"https:\/\/api.w.org\/{rel}","templated":true}]}}