{"id":9432,"date":"2024-09-08T10:06:48","date_gmt":"2024-09-08T14:06:48","guid":{"rendered":"https:\/\/www.teleclub.com.py\/?post_type=product&#038;p=9432"},"modified":"2025-10-20T13:59:02","modified_gmt":"2025-10-20T16:59:02","slug":"secador-de-pelo-philips-hp8280-00-golpe-frio-6-velocidades-sensor-moisture-protect-2300w","status":"publish","type":"product","link":"https:\/\/www.teleclub.com.py\/index.php\/product\/secador-de-pelo-philips-hp8280-00-golpe-frio-6-velocidades-sensor-moisture-protect-2300w\/","title":{"rendered":"SECADOR DE PELO PHILIPS HP8280\/00"},"content":{"rendered":"<p data-start=\"111\" data-end=\"225\"><span class=\"relative -mx-px my-[-0.2rem] rounded px-px py-[0.2rem] transition-colors duration-100 ease-in-out\">El <strong data-start=\"3\" data-end=\"40\">Philips HP8280\/00 MoistureProtect<\/strong> es un secador profesional que cuida y estiliza tu cabello gracias a su innovadora tecnolog\u00eda. Cuenta con el <strong data-start=\"149\" data-end=\"175\">Sensor MoistureProtect<\/strong> (infrarrojo), que mide la temperatura de tu cabello hasta 4.000 veces por sesi\u00f3n, ajustando el calor para conservar hasta el <strong data-start=\"301\" data-end=\"331\" data-is-last-node=\"\">85\u202f% de su humedad natural<\/strong><\/span>. <span class=\"relative -mx-px my-[-0.2rem] rounded px-px py-[0.2rem] transition-colors duration-100 ease-in-out\">Adem\u00e1s, incluye <strong data-start=\"16\" data-end=\"33\">ThermoProtect<\/strong>, que mantiene un calor \u00f3ptimo y seguro.<\/span><\/p>\n<p data-start=\"227\" data-end=\"459\"><span class=\"relative -mx-px my-[-0.2rem] rounded px-px py-[0.2rem] transition-colors duration-100 ease-in-out\">Con una potencia de <strong data-start=\"20\" data-end=\"37\">2.100\u20132.300\u202fW<\/strong> y <strong data-start=\"40\" data-end=\"52\">motor DC<\/strong>, ofrece un flujo de aire potente y eficaz para un secado r\u00e1pido<\/span>. <span class=\"relative -mx-px my-[-0.2rem] rounded px-px py-[0.2rem] transition-colors duration-100 ease-in-out\">Tambi\u00e9n incorpora <strong data-start=\"18\" data-end=\"39\">tecnolog\u00eda i\u00f3nica<\/strong>, que reduce el frizz, elimina la est\u00e1tica y aporta brillo al cerrar la cut\u00edcula capilar<\/span>. <span class=\"relative -mx-px my-[-0.2rem] rounded px-px py-[0.2rem] transition-colors duration-100 ease-in-out\">Este modelo dispone de <strong data-start=\"23\" data-end=\"63\">6 niveles de temperatura y velocidad<\/strong>, bot\u00f3n de aire fr\u00edo (Cool Shot), cable de <strong data-start=\"106\" data-end=\"115\">2,5\u202fm<\/strong>, motor ligero, boquilla estrecha y difusor, adem\u00e1s de apagado autom\u00e1tico tras 30 minutos de inactividad<\/span><\/p>\n","protected":false},"excerpt":{"rendered":"<ul>\n<li data-start=\"591\" data-end=\"674\">\n<p data-start=\"593\" data-end=\"674\"><span class=\"relative -mx-px my-[-0.2rem] rounded px-px py-[0.2rem] transition-colors duration-100 ease-in-out\"><strong data-start=\"0\" data-end=\"26\" data-is-only-node=\"\">Sensor MoistureProtect<\/strong>: ajusta autom\u00e1ticamente el calor para conservar hasta 85\u202f% de humedad capilar<\/span><\/p>\n<\/li>\n<li data-start=\"675\" data-end=\"758\">\n<p data-start=\"677\" data-end=\"758\"><span class=\"relative -mx-px my-[-0.2rem] rounded px-px py-[0.2rem] transition-colors duration-100 ease-in-out\"><strong data-start=\"0\" data-end=\"17\" data-is-only-node=\"\">ThermoProtect<\/strong>: temperatura constante para proteger sin ralentizar el secado<\/span><\/p>\n<\/li>\n<li data-start=\"759\" data-end=\"842\">\n<p data-start=\"761\" data-end=\"842\"><span class=\"relative -mx-px my-[-0.2rem] rounded px-px py-[0.2rem] transition-colors duration-100 ease-in-out\"><strong data-start=\"0\" data-end=\"20\" data-is-only-node=\"\">Potencia y motor<\/strong>: 2.100\u20132.300\u202fW, motor DC para un flujo de aire profesional<\/span><\/p>\n<\/li>\n<li data-start=\"843\" data-end=\"926\">\n<p data-start=\"845\" data-end=\"926\"><span class=\"relative -mx-px my-[-0.2rem] rounded px-px py-[0.2rem] transition-colors duration-100 ease-in-out\"><strong data-start=\"0\" data-end=\"10\" data-is-only-node=\"\">I\u00f3nico<\/strong>: reduce el frizz, elimina la est\u00e1tica y aumenta el brillo<\/span><\/p>\n<\/li>\n<li data-start=\"927\" data-end=\"1010\">\n<p data-start=\"929\" data-end=\"1010\"><span class=\"relative -mx-px my-[-0.2rem] rounded px-px py-[0.2rem] transition-colors duration-100 ease-in-out\"><strong data-start=\"0\" data-end=\"17\" data-is-only-node=\"\">Configuraci\u00f3n<\/strong>: 6 niveles de temperatura y velocidad, plus bot\u00f3n Cool Shot<\/span><\/p>\n<\/li>\n<li data-start=\"1011\" data-end=\"1094\">\n<p data-start=\"1013\" data-end=\"1094\"><span class=\"relative -mx-px my-[-0.2rem] rounded px-px py-[0.2rem] transition-colors duration-100 ease-in-out\"><strong data-start=\"0\" data-end=\"14\" data-is-only-node=\"\">Accesorios<\/strong>: boquilla estrecha y difusor para styling vers\u00e1til<\/span><\/p>\n<\/li>\n<li data-start=\"1095\" data-end=\"1176\">\n<p data-start=\"1097\" data-end=\"1176\"><span class=\"relative -mx-px my-[-0.2rem] rounded px-px py-[0.2rem] transition-colors duration-100 ease-in-out\"><strong data-start=\"0\" data-end=\"25\" data-is-only-node=\"\">Seguridad y ergonom\u00eda<\/strong>: cable de 2,5\u202fm, apagado autom\u00e1tico a los 30\u202fmin, gancho de colgado<\/span><\/p>\n<\/li>\n<\/ul>\n","protected":false},"featured_media":9433,"template":"","meta":{"om_disable_all_campaigns":false},"product_cat":[367],"product_tag":[],"class_list":{"0":"post-9432","1":"product","2":"type-product","3":"status-publish","4":"has-post-thumbnail","6":"product_cat-secadores-de-pelo-belleza-y-salud","8":"first","9":"outofstock","10":"shipping-taxable","11":"purchasable","12":"product-type-simple"},"yoast_head":"<!-- This site is optimized with the Yoast SEO plugin v23.6 - https:\/\/yoast.com\/wordpress\/plugins\/seo\/ -->\n<title>SECADOR DE PELO PHILIPS HP8280\/00 - Teleclub<\/title>\n<meta name=\"description\" content=\"Secador Philips HP8280\/00 con sensor MoistureProtect, termo\u2011protecci\u00f3n, i\u00f3nico, 6 ajustes, difusor y aire fr\u00edo. Secado r\u00e1pido y cuidado extremo.\" \/>\n<meta name=\"robots\" content=\"index, follow, max-snippet:-1, max-image-preview:large, max-video-preview:-1\" \/>\n<link rel=\"canonical\" href=\"https:\/\/www.teleclub.com.py\/index.php\/product\/secador-de-pelo-philips-hp8280-00-golpe-frio-6-velocidades-sensor-moisture-protect-2300w\/\" \/>\n<meta property=\"og:locale\" content=\"es_ES\" \/>\n<meta property=\"og:type\" content=\"article\" \/>\n<meta property=\"og:title\" content=\"SECADOR DE PELO PHILIPS HP8280\/00 - Teleclub\" \/>\n<meta property=\"og:description\" content=\"Secador Philips HP8280\/00 con sensor MoistureProtect, termo\u2011protecci\u00f3n, i\u00f3nico, 6 ajustes, difusor y aire fr\u00edo. Secado r\u00e1pido y cuidado extremo.\" \/>\n<meta property=\"og:url\" content=\"https:\/\/www.teleclub.com.py\/index.php\/product\/secador-de-pelo-philips-hp8280-00-golpe-frio-6-velocidades-sensor-moisture-protect-2300w\/\" \/>\n<meta property=\"og:site_name\" content=\"Teleclub\" \/>\n<meta property=\"article:publisher\" content=\"https:\/\/www.facebook.com\/teleclubpy\" \/>\n<meta property=\"article:modified_time\" content=\"2025-10-20T16:59:02+00:00\" \/>\n<meta property=\"og:image\" content=\"https:\/\/www.teleclub.com.py\/wp-content\/uploads\/2024\/09\/a-174.png\" \/>\n\t<meta property=\"og:image:width\" content=\"1200\" \/>\n\t<meta property=\"og:image:height\" content=\"1200\" \/>\n\t<meta property=\"og:image:type\" content=\"image\/png\" \/>\n<meta name=\"twitter:card\" content=\"summary_large_image\" \/>\n<meta name=\"twitter:label1\" content=\"Tiempo de lectura\" \/>\n\t<meta name=\"twitter:data1\" content=\"1 minuto\" \/>\n<script type=\"application\/ld+json\" class=\"yoast-schema-graph\">{\"@context\":\"https:\/\/schema.org\",\"@graph\":[{\"@type\":\"WebPage\",\"@id\":\"https:\/\/www.teleclub.com.py\/index.php\/product\/secador-de-pelo-philips-hp8280-00-golpe-frio-6-velocidades-sensor-moisture-protect-2300w\/\",\"url\":\"https:\/\/www.teleclub.com.py\/index.php\/product\/secador-de-pelo-philips-hp8280-00-golpe-frio-6-velocidades-sensor-moisture-protect-2300w\/\",\"name\":\"SECADOR DE PELO PHILIPS HP8280\/00 - Teleclub\",\"isPartOf\":{\"@id\":\"https:\/\/www.teleclub.com.py\/#website\"},\"primaryImageOfPage\":{\"@id\":\"https:\/\/www.teleclub.com.py\/index.php\/product\/secador-de-pelo-philips-hp8280-00-golpe-frio-6-velocidades-sensor-moisture-protect-2300w\/#primaryimage\"},\"image\":{\"@id\":\"https:\/\/www.teleclub.com.py\/index.php\/product\/secador-de-pelo-philips-hp8280-00-golpe-frio-6-velocidades-sensor-moisture-protect-2300w\/#primaryimage\"},\"thumbnailUrl\":\"https:\/\/www.teleclub.com.py\/wp-content\/uploads\/2024\/09\/a-174.png\",\"datePublished\":\"2024-09-08T14:06:48+00:00\",\"dateModified\":\"2025-10-20T16:59:02+00:00\",\"description\":\"Secador Philips HP8280\/00 con sensor MoistureProtect, termo\u2011protecci\u00f3n, i\u00f3nico, 6 ajustes, difusor y aire fr\u00edo. Secado r\u00e1pido y cuidado extremo.\",\"breadcrumb\":{\"@id\":\"https:\/\/www.teleclub.com.py\/index.php\/product\/secador-de-pelo-philips-hp8280-00-golpe-frio-6-velocidades-sensor-moisture-protect-2300w\/#breadcrumb\"},\"inLanguage\":\"es\",\"potentialAction\":[{\"@type\":\"ReadAction\",\"target\":[\"https:\/\/www.teleclub.com.py\/index.php\/product\/secador-de-pelo-philips-hp8280-00-golpe-frio-6-velocidades-sensor-moisture-protect-2300w\/\"]}]},{\"@type\":\"ImageObject\",\"inLanguage\":\"es\",\"@id\":\"https:\/\/www.teleclub.com.py\/index.php\/product\/secador-de-pelo-philips-hp8280-00-golpe-frio-6-velocidades-sensor-moisture-protect-2300w\/#primaryimage\",\"url\":\"https:\/\/www.teleclub.com.py\/wp-content\/uploads\/2024\/09\/a-174.png\",\"contentUrl\":\"https:\/\/www.teleclub.com.py\/wp-content\/uploads\/2024\/09\/a-174.png\",\"width\":1200,\"height\":1200},{\"@type\":\"BreadcrumbList\",\"@id\":\"https:\/\/www.teleclub.com.py\/index.php\/product\/secador-de-pelo-philips-hp8280-00-golpe-frio-6-velocidades-sensor-moisture-protect-2300w\/#breadcrumb\",\"itemListElement\":[{\"@type\":\"ListItem\",\"position\":1,\"name\":\"Portada\",\"item\":\"https:\/\/www.teleclub.com.py\/\"},{\"@type\":\"ListItem\",\"position\":2,\"name\":\"Shop\",\"item\":\"https:\/\/www.teleclub.com.py\/index.php\/shop-2\/\"},{\"@type\":\"ListItem\",\"position\":3,\"name\":\"SECADOR DE PELO PHILIPS HP8280\/00\"}]},{\"@type\":\"WebSite\",\"@id\":\"https:\/\/www.teleclub.com.py\/#website\",\"url\":\"https:\/\/www.teleclub.com.py\/\",\"name\":\"Teleclub\",\"description\":\"Tu tienda online\",\"publisher\":{\"@id\":\"https:\/\/www.teleclub.com.py\/#organization\"},\"potentialAction\":[{\"@type\":\"SearchAction\",\"target\":{\"@type\":\"EntryPoint\",\"urlTemplate\":\"https:\/\/www.teleclub.com.py\/?s={search_term_string}\"},\"query-input\":{\"@type\":\"PropertyValueSpecification\",\"valueRequired\":true,\"valueName\":\"search_term_string\"}}],\"inLanguage\":\"es\"},{\"@type\":\"Organization\",\"@id\":\"https:\/\/www.teleclub.com.py\/#organization\",\"name\":\"Teleclub\",\"url\":\"https:\/\/www.teleclub.com.py\/\",\"logo\":{\"@type\":\"ImageObject\",\"inLanguage\":\"es\",\"@id\":\"https:\/\/www.teleclub.com.py\/#\/schema\/logo\/image\/\",\"url\":\"https:\/\/www.teleclub.com.py\/wp-content\/uploads\/2024\/09\/1611317346760_TeleClub_logo_FondoBlanco-2.jpg\",\"contentUrl\":\"https:\/\/www.teleclub.com.py\/wp-content\/uploads\/2024\/09\/1611317346760_TeleClub_logo_FondoBlanco-2.jpg\",\"width\":1600,\"height\":1600,\"caption\":\"Teleclub\"},\"image\":{\"@id\":\"https:\/\/www.teleclub.com.py\/#\/schema\/logo\/image\/\"},\"sameAs\":[\"https:\/\/www.facebook.com\/teleclubpy\",\"https:\/\/www.instagram.com\/teleclubpy\"]}]}<\/script>\n<!-- \/ Yoast SEO plugin. -->","yoast_head_json":{"title":"SECADOR DE PELO PHILIPS HP8280\/00 - Teleclub","description":"Secador Philips HP8280\/00 con sensor MoistureProtect, termo\u2011protecci\u00f3n, i\u00f3nico, 6 ajustes, difusor y aire fr\u00edo. Secado r\u00e1pido y cuidado extremo.","robots":{"index":"index","follow":"follow","max-snippet":"max-snippet:-1","max-image-preview":"max-image-preview:large","max-video-preview":"max-video-preview:-1"},"canonical":"https:\/\/www.teleclub.com.py\/index.php\/product\/secador-de-pelo-philips-hp8280-00-golpe-frio-6-velocidades-sensor-moisture-protect-2300w\/","og_locale":"es_ES","og_type":"article","og_title":"SECADOR DE PELO PHILIPS HP8280\/00 - Teleclub","og_description":"Secador Philips HP8280\/00 con sensor MoistureProtect, termo\u2011protecci\u00f3n, i\u00f3nico, 6 ajustes, difusor y aire fr\u00edo. Secado r\u00e1pido y cuidado extremo.","og_url":"https:\/\/www.teleclub.com.py\/index.php\/product\/secador-de-pelo-philips-hp8280-00-golpe-frio-6-velocidades-sensor-moisture-protect-2300w\/","og_site_name":"Teleclub","article_publisher":"https:\/\/www.facebook.com\/teleclubpy","article_modified_time":"2025-10-20T16:59:02+00:00","og_image":[{"width":1200,"height":1200,"url":"https:\/\/www.teleclub.com.py\/wp-content\/uploads\/2024\/09\/a-174.png","type":"image\/png"}],"twitter_card":"summary_large_image","twitter_misc":{"Tiempo de lectura":"1 minuto"},"schema":{"@context":"https:\/\/schema.org","@graph":[{"@type":"WebPage","@id":"https:\/\/www.teleclub.com.py\/index.php\/product\/secador-de-pelo-philips-hp8280-00-golpe-frio-6-velocidades-sensor-moisture-protect-2300w\/","url":"https:\/\/www.teleclub.com.py\/index.php\/product\/secador-de-pelo-philips-hp8280-00-golpe-frio-6-velocidades-sensor-moisture-protect-2300w\/","name":"SECADOR DE PELO PHILIPS HP8280\/00 - Teleclub","isPartOf":{"@id":"https:\/\/www.teleclub.com.py\/#website"},"primaryImageOfPage":{"@id":"https:\/\/www.teleclub.com.py\/index.php\/product\/secador-de-pelo-philips-hp8280-00-golpe-frio-6-velocidades-sensor-moisture-protect-2300w\/#primaryimage"},"image":{"@id":"https:\/\/www.teleclub.com.py\/index.php\/product\/secador-de-pelo-philips-hp8280-00-golpe-frio-6-velocidades-sensor-moisture-protect-2300w\/#primaryimage"},"thumbnailUrl":"https:\/\/www.teleclub.com.py\/wp-content\/uploads\/2024\/09\/a-174.png","datePublished":"2024-09-08T14:06:48+00:00","dateModified":"2025-10-20T16:59:02+00:00","description":"Secador Philips HP8280\/00 con sensor MoistureProtect, termo\u2011protecci\u00f3n, i\u00f3nico, 6 ajustes, difusor y aire fr\u00edo. Secado r\u00e1pido y cuidado extremo.","breadcrumb":{"@id":"https:\/\/www.teleclub.com.py\/index.php\/product\/secador-de-pelo-philips-hp8280-00-golpe-frio-6-velocidades-sensor-moisture-protect-2300w\/#breadcrumb"},"inLanguage":"es","potentialAction":[{"@type":"ReadAction","target":["https:\/\/www.teleclub.com.py\/index.php\/product\/secador-de-pelo-philips-hp8280-00-golpe-frio-6-velocidades-sensor-moisture-protect-2300w\/"]}]},{"@type":"ImageObject","inLanguage":"es","@id":"https:\/\/www.teleclub.com.py\/index.php\/product\/secador-de-pelo-philips-hp8280-00-golpe-frio-6-velocidades-sensor-moisture-protect-2300w\/#primaryimage","url":"https:\/\/www.teleclub.com.py\/wp-content\/uploads\/2024\/09\/a-174.png","contentUrl":"https:\/\/www.teleclub.com.py\/wp-content\/uploads\/2024\/09\/a-174.png","width":1200,"height":1200},{"@type":"BreadcrumbList","@id":"https:\/\/www.teleclub.com.py\/index.php\/product\/secador-de-pelo-philips-hp8280-00-golpe-frio-6-velocidades-sensor-moisture-protect-2300w\/#breadcrumb","itemListElement":[{"@type":"ListItem","position":1,"name":"Portada","item":"https:\/\/www.teleclub.com.py\/"},{"@type":"ListItem","position":2,"name":"Shop","item":"https:\/\/www.teleclub.com.py\/index.php\/shop-2\/"},{"@type":"ListItem","position":3,"name":"SECADOR DE PELO PHILIPS HP8280\/00"}]},{"@type":"WebSite","@id":"https:\/\/www.teleclub.com.py\/#website","url":"https:\/\/www.teleclub.com.py\/","name":"Teleclub","description":"Tu tienda online","publisher":{"@id":"https:\/\/www.teleclub.com.py\/#organization"},"potentialAction":[{"@type":"SearchAction","target":{"@type":"EntryPoint","urlTemplate":"https:\/\/www.teleclub.com.py\/?s={search_term_string}"},"query-input":{"@type":"PropertyValueSpecification","valueRequired":true,"valueName":"search_term_string"}}],"inLanguage":"es"},{"@type":"Organization","@id":"https:\/\/www.teleclub.com.py\/#organization","name":"Teleclub","url":"https:\/\/www.teleclub.com.py\/","logo":{"@type":"ImageObject","inLanguage":"es","@id":"https:\/\/www.teleclub.com.py\/#\/schema\/logo\/image\/","url":"https:\/\/www.teleclub.com.py\/wp-content\/uploads\/2024\/09\/1611317346760_TeleClub_logo_FondoBlanco-2.jpg","contentUrl":"https:\/\/www.teleclub.com.py\/wp-content\/uploads\/2024\/09\/1611317346760_TeleClub_logo_FondoBlanco-2.jpg","width":1600,"height":1600,"caption":"Teleclub"},"image":{"@id":"https:\/\/www.teleclub.com.py\/#\/schema\/logo\/image\/"},"sameAs":["https:\/\/www.facebook.com\/teleclubpy","https:\/\/www.instagram.com\/teleclubpy"]}]}},"_links":{"self":[{"href":"https:\/\/www.teleclub.com.py\/index.php\/wp-json\/wp\/v2\/product\/9432","targetHints":{"allow":["GET"]}}],"collection":[{"href":"https:\/\/www.teleclub.com.py\/index.php\/wp-json\/wp\/v2\/product"}],"about":[{"href":"https:\/\/www.teleclub.com.py\/index.php\/wp-json\/wp\/v2\/types\/product"}],"wp:featuredmedia":[{"embeddable":true,"href":"https:\/\/www.teleclub.com.py\/index.php\/wp-json\/wp\/v2\/media\/9433"}],"wp:attachment":[{"href":"https:\/\/www.teleclub.com.py\/index.php\/wp-json\/wp\/v2\/media?parent=9432"}],"wp:term":[{"taxonomy":"product_cat","embeddable":true,"href":"https:\/\/www.teleclub.com.py\/index.php\/wp-json\/wp\/v2\/product_cat?post=9432"},{"taxonomy":"product_tag","embeddable":true,"href":"https:\/\/www.teleclub.com.py\/index.php\/wp-json\/wp\/v2\/product_tag?post=9432"}],"curies":[{"name":"wp","href":"https:\/\/api.w.org\/{rel}","templated":true}]}}