{"id":9291,"date":"2024-09-06T21:11:19","date_gmt":"2024-09-07T01:11:19","guid":{"rendered":"https:\/\/www.teleclub.com.py\/?post_type=product&#038;p=9291"},"modified":"2024-11-20T14:24:58","modified_gmt":"2024-11-20T17:24:58","slug":"smart-tv-tcl-google-tv-98-4k","status":"publish","type":"product","link":"https:\/\/www.teleclub.com.py\/index.php\/product\/smart-tv-tcl-google-tv-98-4k\/","title":{"rendered":"SMART TV TCL, GOOGLE TV, 98&#8243;, 4K"},"content":{"rendered":"<h3 class=\"copyright-title\">Entretenimiento que ama. Con un poco de ayuda de Google.<\/h3>\n<p class=\"copyright-content\">Navegar m\u00e1s de 400 000 pel\u00edculas y episodios de TV, todo en un solo lugar. Google TV re\u00fane pel\u00edculas, programas y m\u00e1s de todas sus aplicaciones y suscripciones y los organiza solo para usted. Descubrir cosas nuevas para ver con recomendaciones basadas en lo que mira y lo que le interesa.<\/p>\n<h2><strong>Reproducir la diversi\u00f3n del estadio o el teatro.<br \/>\n<\/strong><\/h2>\n<p>Una pantalla m\u00e1s grande, una vista m\u00e1s amplia, ofrece una profundidad y un detalle impresionantes que te transforman instant\u00e1neamente en un estadio o teatro. \u00bfEst\u00e1s preocupado por tu espacio? El dise\u00f1o compatible con TCL C735 encaja perfectamente en tu espacio. Adem\u00e1s, este televisor 4K ofrece im\u00e1genes claras y n\u00edtidas incluso cuando te sientas m\u00e1s cerca de la pantalla. Esta es la distancia recomendada para un televisor de 98 pulgadas.<\/p>\n<h2 class=\"copyright-title\"><strong><span style=\"vertical-align: inherit\"><span style=\"vertical-align: inherit\">QLED 4K<\/span><\/span><\/strong><\/h2>\n<p class=\"copyright-content\">El contenido de ultra alta definici\u00f3n se filtra a trav\u00e9s de una capa de m\u00e1s de mil millones de nanocristales Quantum Dot. La impresionante pantalla 4K se mejora con la adici\u00f3n de lo \u00faltimo en alto rango din\u00e1mico. Disfrute de im\u00e1genes vibrantes e impecables &#8211; con un volumen de color superior al 100% y un brillo hermoso.<\/p>\n<h2 class=\"title-text center fadeIn2 \"><strong><span style=\"vertical-align: inherit\"><span style=\"vertical-align: inherit\">IMAX mejorado<\/span><\/span><\/strong><\/h2>\n<p class=\"desc left fadeIn2 \">Disfrutar del audio y las im\u00e1genes teatrales, tal como lo concibieron los creadores de contenido. La pantalla IMAX Enhanced cumple con los m\u00e1s altos est\u00e1ndares de certificaci\u00f3n en calibraci\u00f3n, resoluci\u00f3n, frecuencia de actualizaci\u00f3n, marco y rendimiento de sonido.<\/p>\n<h2 class=\"title-text center fadeIn2 \"><strong><span style=\"vertical-align: inherit\"><span style=\"vertical-align: inherit\">HDR10+: resoluci\u00f3n 1080p<\/span><\/span><\/strong><\/h2>\n<p class=\"desc left fadeIn2 \">Esto es un TV de &#8220;zero compromise&#8221;. HDR10+ permite a los proveedores de contenido incluir m\u00e1s metadatos que se pueden procesar, para TV y juegos tal como lo concibieron los creadores. HDR 10+ optimiza las im\u00e1genes cuadro por cuadro, aumentando los l\u00edmites de saturaci\u00f3n de color y el contraste.<\/p>\n<h2 class=\"title-text center fadeIn2 \"><strong><span style=\"vertical-align: inherit\"><span style=\"vertical-align: inherit\">120 Hz MEMC<\/span><\/span><\/strong><\/h2>\n<p class=\"desc left fadeIn2 \">MEMC (Estimaci\u00f3n de movimiento &amp; Compensaci\u00f3n de movimiento) hace que el procesamiento de im\u00e1genes sea suave como la seda. Un algoritmo inteligente ofrece una frecuencia de actualizaci\u00f3n de 120 fps, lo que muestra entretenimiento de alta resoluci\u00f3n a velocidad nativa o mejora el contenido de fotogramas m\u00e1s bajos. Las escenas r\u00e1pidas y llenas de acci\u00f3n se ven m\u00e1s n\u00edtidas, sin desenfoque. Cuando la acci\u00f3n se vuelve intensa, tambi\u00e9n lo hace su pantalla.<\/p>\n<p><strong>Ayuda en tu pantalla grande con control de voz manos libres<\/strong><\/p>\n<p>Su TV es m\u00e1s \u00fatil que nunca. Puede pedir a Google a buscar pel\u00edculas, transmitir aplicaciones, reproducir m\u00fasica y controlar el TV, todo con su voz. Incluso obtener respuestas, controlar dispositivos dom\u00e9sticos inteligentes y m\u00e1s.<\/p>\n","protected":false},"excerpt":{"rendered":"<ul>\n<li><strong>Resoluci\u00f3n de la pantalla:<\/strong>\u00a04K Ultra HD (3840x2160p)<\/li>\n<li><strong>Pantalla:<\/strong>\u00a0QLED de 98&#8243;<\/li>\n<li><strong><span style=\"vertical-align: inherit\"><span style=\"vertical-align: inherit\">Interfaz:\u00a0<\/span><\/span><\/strong><span style=\"vertical-align: inherit\"><span style=\"vertical-align: inherit\"> HDMI, USB, AV, Ethernet (LAN RJ-45), Jack de 3,5 mm, RF<\/span><\/span><\/li>\n<li><strong>Conectividad:\u00a0<\/strong>Wifi y Bluetooth 5.2<\/li>\n<li><strong><span style=\"vertical-align: inherit\"><span style=\"vertical-align: inherit\">Google TV:\u00a0<\/span><\/span><\/strong><span style=\"vertical-align: inherit\"><span style=\"vertical-align: inherit\"> Integrado<\/span><\/span><\/li>\n<\/ul>\n","protected":false},"featured_media":9292,"template":"","meta":{"om_disable_all_campaigns":false},"product_cat":[263],"product_tag":[],"class_list":{"0":"post-9291","1":"product","2":"type-product","3":"status-publish","4":"has-post-thumbnail","6":"product_cat-televisores","8":"first","9":"outofstock","10":"shipping-taxable","11":"purchasable","12":"product-type-simple"},"yoast_head":"<!-- This site is optimized with the Yoast SEO plugin v23.6 - https:\/\/yoast.com\/wordpress\/plugins\/seo\/ -->\n<title>SMART TV TCL, GOOGLE TV, 98&quot;, 4K - Teleclub<\/title>\n<meta name=\"robots\" content=\"index, follow, max-snippet:-1, max-image-preview:large, max-video-preview:-1\" \/>\n<link rel=\"canonical\" href=\"https:\/\/www.teleclub.com.py\/index.php\/product\/smart-tv-tcl-google-tv-98-4k\/\" \/>\n<meta property=\"og:locale\" content=\"es_ES\" \/>\n<meta property=\"og:type\" content=\"article\" \/>\n<meta property=\"og:title\" content=\"SMART TV TCL, GOOGLE TV, 98&quot;, 4K - Teleclub\" \/>\n<meta property=\"og:description\" content=\"Resoluci\u00f3n de la pantalla:\u00a04K Ultra HD (3840x2160p)  Pantalla:\u00a0QLED de 98&quot;  Interfaz:\u00a0 HDMI, USB, AV, Ethernet (LAN RJ-45), Jack de 3,5 mm, RF  Conectividad:\u00a0Wifi y Bluetooth 5.2  Google TV:\u00a0 Integrado\" \/>\n<meta property=\"og:url\" content=\"https:\/\/www.teleclub.com.py\/index.php\/product\/smart-tv-tcl-google-tv-98-4k\/\" \/>\n<meta property=\"og:site_name\" content=\"Teleclub\" \/>\n<meta property=\"article:publisher\" content=\"https:\/\/www.facebook.com\/teleclubpy\" \/>\n<meta property=\"article:modified_time\" content=\"2024-11-20T17:24:58+00:00\" \/>\n<meta property=\"og:image\" content=\"https:\/\/www.teleclub.com.py\/wp-content\/uploads\/2024\/09\/a-129.png\" \/>\n\t<meta property=\"og:image:width\" content=\"600\" \/>\n\t<meta property=\"og:image:height\" content=\"600\" \/>\n\t<meta property=\"og:image:type\" content=\"image\/png\" \/>\n<meta name=\"twitter:card\" content=\"summary_large_image\" \/>\n<meta name=\"twitter:label1\" content=\"Tiempo de lectura\" \/>\n\t<meta name=\"twitter:data1\" content=\"3 minutos\" \/>\n<script type=\"application\/ld+json\" class=\"yoast-schema-graph\">{\"@context\":\"https:\/\/schema.org\",\"@graph\":[{\"@type\":\"WebPage\",\"@id\":\"https:\/\/www.teleclub.com.py\/index.php\/product\/smart-tv-tcl-google-tv-98-4k\/\",\"url\":\"https:\/\/www.teleclub.com.py\/index.php\/product\/smart-tv-tcl-google-tv-98-4k\/\",\"name\":\"SMART TV TCL, GOOGLE TV, 98\\\", 4K - Teleclub\",\"isPartOf\":{\"@id\":\"https:\/\/www.teleclub.com.py\/#website\"},\"primaryImageOfPage\":{\"@id\":\"https:\/\/www.teleclub.com.py\/index.php\/product\/smart-tv-tcl-google-tv-98-4k\/#primaryimage\"},\"image\":{\"@id\":\"https:\/\/www.teleclub.com.py\/index.php\/product\/smart-tv-tcl-google-tv-98-4k\/#primaryimage\"},\"thumbnailUrl\":\"https:\/\/www.teleclub.com.py\/wp-content\/uploads\/2024\/09\/a-129.png\",\"datePublished\":\"2024-09-07T01:11:19+00:00\",\"dateModified\":\"2024-11-20T17:24:58+00:00\",\"breadcrumb\":{\"@id\":\"https:\/\/www.teleclub.com.py\/index.php\/product\/smart-tv-tcl-google-tv-98-4k\/#breadcrumb\"},\"inLanguage\":\"es\",\"potentialAction\":[{\"@type\":\"ReadAction\",\"target\":[\"https:\/\/www.teleclub.com.py\/index.php\/product\/smart-tv-tcl-google-tv-98-4k\/\"]}]},{\"@type\":\"ImageObject\",\"inLanguage\":\"es\",\"@id\":\"https:\/\/www.teleclub.com.py\/index.php\/product\/smart-tv-tcl-google-tv-98-4k\/#primaryimage\",\"url\":\"https:\/\/www.teleclub.com.py\/wp-content\/uploads\/2024\/09\/a-129.png\",\"contentUrl\":\"https:\/\/www.teleclub.com.py\/wp-content\/uploads\/2024\/09\/a-129.png\",\"width\":600,\"height\":600},{\"@type\":\"BreadcrumbList\",\"@id\":\"https:\/\/www.teleclub.com.py\/index.php\/product\/smart-tv-tcl-google-tv-98-4k\/#breadcrumb\",\"itemListElement\":[{\"@type\":\"ListItem\",\"position\":1,\"name\":\"Portada\",\"item\":\"https:\/\/www.teleclub.com.py\/\"},{\"@type\":\"ListItem\",\"position\":2,\"name\":\"Shop\",\"item\":\"https:\/\/www.teleclub.com.py\/index.php\/shop-2\/\"},{\"@type\":\"ListItem\",\"position\":3,\"name\":\"SMART TV TCL, GOOGLE TV, 98&#8243;, 4K\"}]},{\"@type\":\"WebSite\",\"@id\":\"https:\/\/www.teleclub.com.py\/#website\",\"url\":\"https:\/\/www.teleclub.com.py\/\",\"name\":\"Teleclub\",\"description\":\"Tu tienda online\",\"publisher\":{\"@id\":\"https:\/\/www.teleclub.com.py\/#organization\"},\"potentialAction\":[{\"@type\":\"SearchAction\",\"target\":{\"@type\":\"EntryPoint\",\"urlTemplate\":\"https:\/\/www.teleclub.com.py\/?s={search_term_string}\"},\"query-input\":{\"@type\":\"PropertyValueSpecification\",\"valueRequired\":true,\"valueName\":\"search_term_string\"}}],\"inLanguage\":\"es\"},{\"@type\":\"Organization\",\"@id\":\"https:\/\/www.teleclub.com.py\/#organization\",\"name\":\"Teleclub\",\"url\":\"https:\/\/www.teleclub.com.py\/\",\"logo\":{\"@type\":\"ImageObject\",\"inLanguage\":\"es\",\"@id\":\"https:\/\/www.teleclub.com.py\/#\/schema\/logo\/image\/\",\"url\":\"https:\/\/www.teleclub.com.py\/wp-content\/uploads\/2024\/09\/1611317346760_TeleClub_logo_FondoBlanco-2.jpg\",\"contentUrl\":\"https:\/\/www.teleclub.com.py\/wp-content\/uploads\/2024\/09\/1611317346760_TeleClub_logo_FondoBlanco-2.jpg\",\"width\":1600,\"height\":1600,\"caption\":\"Teleclub\"},\"image\":{\"@id\":\"https:\/\/www.teleclub.com.py\/#\/schema\/logo\/image\/\"},\"sameAs\":[\"https:\/\/www.facebook.com\/teleclubpy\",\"https:\/\/www.instagram.com\/teleclubpy\"]}]}<\/script>\n<!-- \/ Yoast SEO plugin. -->","yoast_head_json":{"title":"SMART TV TCL, GOOGLE TV, 98\", 4K - Teleclub","robots":{"index":"index","follow":"follow","max-snippet":"max-snippet:-1","max-image-preview":"max-image-preview:large","max-video-preview":"max-video-preview:-1"},"canonical":"https:\/\/www.teleclub.com.py\/index.php\/product\/smart-tv-tcl-google-tv-98-4k\/","og_locale":"es_ES","og_type":"article","og_title":"SMART TV TCL, GOOGLE TV, 98\", 4K - Teleclub","og_description":"Resoluci\u00f3n de la pantalla:\u00a04K Ultra HD (3840x2160p)  Pantalla:\u00a0QLED de 98\"  Interfaz:\u00a0 HDMI, USB, AV, Ethernet (LAN RJ-45), Jack de 3,5 mm, RF  Conectividad:\u00a0Wifi y Bluetooth 5.2  Google TV:\u00a0 Integrado","og_url":"https:\/\/www.teleclub.com.py\/index.php\/product\/smart-tv-tcl-google-tv-98-4k\/","og_site_name":"Teleclub","article_publisher":"https:\/\/www.facebook.com\/teleclubpy","article_modified_time":"2024-11-20T17:24:58+00:00","og_image":[{"width":600,"height":600,"url":"https:\/\/www.teleclub.com.py\/wp-content\/uploads\/2024\/09\/a-129.png","type":"image\/png"}],"twitter_card":"summary_large_image","twitter_misc":{"Tiempo de lectura":"3 minutos"},"schema":{"@context":"https:\/\/schema.org","@graph":[{"@type":"WebPage","@id":"https:\/\/www.teleclub.com.py\/index.php\/product\/smart-tv-tcl-google-tv-98-4k\/","url":"https:\/\/www.teleclub.com.py\/index.php\/product\/smart-tv-tcl-google-tv-98-4k\/","name":"SMART TV TCL, GOOGLE TV, 98\", 4K - Teleclub","isPartOf":{"@id":"https:\/\/www.teleclub.com.py\/#website"},"primaryImageOfPage":{"@id":"https:\/\/www.teleclub.com.py\/index.php\/product\/smart-tv-tcl-google-tv-98-4k\/#primaryimage"},"image":{"@id":"https:\/\/www.teleclub.com.py\/index.php\/product\/smart-tv-tcl-google-tv-98-4k\/#primaryimage"},"thumbnailUrl":"https:\/\/www.teleclub.com.py\/wp-content\/uploads\/2024\/09\/a-129.png","datePublished":"2024-09-07T01:11:19+00:00","dateModified":"2024-11-20T17:24:58+00:00","breadcrumb":{"@id":"https:\/\/www.teleclub.com.py\/index.php\/product\/smart-tv-tcl-google-tv-98-4k\/#breadcrumb"},"inLanguage":"es","potentialAction":[{"@type":"ReadAction","target":["https:\/\/www.teleclub.com.py\/index.php\/product\/smart-tv-tcl-google-tv-98-4k\/"]}]},{"@type":"ImageObject","inLanguage":"es","@id":"https:\/\/www.teleclub.com.py\/index.php\/product\/smart-tv-tcl-google-tv-98-4k\/#primaryimage","url":"https:\/\/www.teleclub.com.py\/wp-content\/uploads\/2024\/09\/a-129.png","contentUrl":"https:\/\/www.teleclub.com.py\/wp-content\/uploads\/2024\/09\/a-129.png","width":600,"height":600},{"@type":"BreadcrumbList","@id":"https:\/\/www.teleclub.com.py\/index.php\/product\/smart-tv-tcl-google-tv-98-4k\/#breadcrumb","itemListElement":[{"@type":"ListItem","position":1,"name":"Portada","item":"https:\/\/www.teleclub.com.py\/"},{"@type":"ListItem","position":2,"name":"Shop","item":"https:\/\/www.teleclub.com.py\/index.php\/shop-2\/"},{"@type":"ListItem","position":3,"name":"SMART TV TCL, GOOGLE TV, 98&#8243;, 4K"}]},{"@type":"WebSite","@id":"https:\/\/www.teleclub.com.py\/#website","url":"https:\/\/www.teleclub.com.py\/","name":"Teleclub","description":"Tu tienda online","publisher":{"@id":"https:\/\/www.teleclub.com.py\/#organization"},"potentialAction":[{"@type":"SearchAction","target":{"@type":"EntryPoint","urlTemplate":"https:\/\/www.teleclub.com.py\/?s={search_term_string}"},"query-input":{"@type":"PropertyValueSpecification","valueRequired":true,"valueName":"search_term_string"}}],"inLanguage":"es"},{"@type":"Organization","@id":"https:\/\/www.teleclub.com.py\/#organization","name":"Teleclub","url":"https:\/\/www.teleclub.com.py\/","logo":{"@type":"ImageObject","inLanguage":"es","@id":"https:\/\/www.teleclub.com.py\/#\/schema\/logo\/image\/","url":"https:\/\/www.teleclub.com.py\/wp-content\/uploads\/2024\/09\/1611317346760_TeleClub_logo_FondoBlanco-2.jpg","contentUrl":"https:\/\/www.teleclub.com.py\/wp-content\/uploads\/2024\/09\/1611317346760_TeleClub_logo_FondoBlanco-2.jpg","width":1600,"height":1600,"caption":"Teleclub"},"image":{"@id":"https:\/\/www.teleclub.com.py\/#\/schema\/logo\/image\/"},"sameAs":["https:\/\/www.facebook.com\/teleclubpy","https:\/\/www.instagram.com\/teleclubpy"]}]}},"_links":{"self":[{"href":"https:\/\/www.teleclub.com.py\/index.php\/wp-json\/wp\/v2\/product\/9291","targetHints":{"allow":["GET"]}}],"collection":[{"href":"https:\/\/www.teleclub.com.py\/index.php\/wp-json\/wp\/v2\/product"}],"about":[{"href":"https:\/\/www.teleclub.com.py\/index.php\/wp-json\/wp\/v2\/types\/product"}],"wp:featuredmedia":[{"embeddable":true,"href":"https:\/\/www.teleclub.com.py\/index.php\/wp-json\/wp\/v2\/media\/9292"}],"wp:attachment":[{"href":"https:\/\/www.teleclub.com.py\/index.php\/wp-json\/wp\/v2\/media?parent=9291"}],"wp:term":[{"taxonomy":"product_cat","embeddable":true,"href":"https:\/\/www.teleclub.com.py\/index.php\/wp-json\/wp\/v2\/product_cat?post=9291"},{"taxonomy":"product_tag","embeddable":true,"href":"https:\/\/www.teleclub.com.py\/index.php\/wp-json\/wp\/v2\/product_tag?post=9291"}],"curies":[{"name":"wp","href":"https:\/\/api.w.org\/{rel}","templated":true}]}}