{"id":9249,"date":"2024-09-06T16:03:13","date_gmt":"2024-09-06T20:03:13","guid":{"rendered":"https:\/\/www.teleclub.com.py\/?post_type=product&#038;p=9249"},"modified":"2024-11-22T09:02:38","modified_gmt":"2024-11-22T12:02:38","slug":"plancha-vapor-philip-golpe-de-vapor-90gr-suela-antiadherente-pulverizador-de-agua","status":"publish","type":"product","link":"https:\/\/www.teleclub.com.py\/index.php\/product\/plancha-vapor-philip-golpe-de-vapor-90gr-suela-antiadherente-pulverizador-de-agua\/","title":{"rendered":"PLANCHA VAPOR PHILIP GOLPE DE VAPOR 90GR SUELA ANTIADHERENTE , PULVERIZADOR DE AGUA"},"content":{"rendered":"","protected":false},"excerpt":{"rendered":"<p>Sencillo y eficaz La plancha EasySpeed te permite planchar de forma f\u00e1cil y eficaz gracias a la gran cantidad de vapor que elimina las arrugas m\u00e1s dif\u00edciles, la suela antiadherente para un deslizamiento f\u00e1cil sobre todos los tejidos y la funci\u00f3n Calc Clean para un rendimiento duradero<\/p>\n","protected":false},"featured_media":9250,"template":"","meta":{"om_disable_all_campaigns":false},"product_cat":[384],"product_tag":[],"class_list":{"0":"post-9249","1":"product","2":"type-product","3":"status-publish","4":"has-post-thumbnail","6":"product_cat-planchas-electrodomesticos-2","8":"first","9":"instock","10":"shipping-taxable","11":"purchasable","12":"product-type-simple"},"yoast_head":"<!-- This site is optimized with the Yoast SEO plugin v23.6 - https:\/\/yoast.com\/wordpress\/plugins\/seo\/ -->\n<title>PLANCHA VAPOR PHILIP GOLPE DE VAPOR 90GR SUELA ANTIADHERENTE , PULVERIZADOR DE AGUA - Teleclub<\/title>\n<meta name=\"robots\" content=\"index, follow, max-snippet:-1, max-image-preview:large, max-video-preview:-1\" \/>\n<link rel=\"canonical\" href=\"https:\/\/www.teleclub.com.py\/index.php\/product\/plancha-vapor-philip-golpe-de-vapor-90gr-suela-antiadherente-pulverizador-de-agua\/\" \/>\n<meta property=\"og:locale\" content=\"es_ES\" \/>\n<meta property=\"og:type\" content=\"article\" \/>\n<meta property=\"og:title\" content=\"PLANCHA VAPOR PHILIP GOLPE DE VAPOR 90GR SUELA ANTIADHERENTE , PULVERIZADOR DE AGUA - Teleclub\" \/>\n<meta property=\"og:description\" content=\"Sencillo y eficaz La plancha EasySpeed te permite planchar de forma f\u00e1cil y eficaz gracias a la gran cantidad de vapor que elimina las arrugas m\u00e1s dif\u00edciles, la suela antiadherente para un deslizamiento f\u00e1cil sobre todos los tejidos y la funci\u00f3n Calc Clean para un rendimiento duradero\" \/>\n<meta property=\"og:url\" content=\"https:\/\/www.teleclub.com.py\/index.php\/product\/plancha-vapor-philip-golpe-de-vapor-90gr-suela-antiadherente-pulverizador-de-agua\/\" \/>\n<meta property=\"og:site_name\" content=\"Teleclub\" \/>\n<meta property=\"article:publisher\" content=\"https:\/\/www.facebook.com\/teleclubpy\" \/>\n<meta property=\"article:modified_time\" content=\"2024-11-22T12:02:38+00:00\" \/>\n<meta property=\"og:image\" content=\"https:\/\/www.teleclub.com.py\/wp-content\/uploads\/2024\/09\/a-112.png\" \/>\n\t<meta property=\"og:image:width\" content=\"1024\" \/>\n\t<meta property=\"og:image:height\" content=\"1024\" \/>\n\t<meta property=\"og:image:type\" content=\"image\/png\" \/>\n<meta name=\"twitter:card\" content=\"summary_large_image\" \/>\n<script type=\"application\/ld+json\" class=\"yoast-schema-graph\">{\"@context\":\"https:\/\/schema.org\",\"@graph\":[{\"@type\":\"WebPage\",\"@id\":\"https:\/\/www.teleclub.com.py\/index.php\/product\/plancha-vapor-philip-golpe-de-vapor-90gr-suela-antiadherente-pulverizador-de-agua\/\",\"url\":\"https:\/\/www.teleclub.com.py\/index.php\/product\/plancha-vapor-philip-golpe-de-vapor-90gr-suela-antiadherente-pulverizador-de-agua\/\",\"name\":\"PLANCHA VAPOR PHILIP GOLPE DE VAPOR 90GR SUELA ANTIADHERENTE , PULVERIZADOR DE AGUA - Teleclub\",\"isPartOf\":{\"@id\":\"https:\/\/www.teleclub.com.py\/#website\"},\"primaryImageOfPage\":{\"@id\":\"https:\/\/www.teleclub.com.py\/index.php\/product\/plancha-vapor-philip-golpe-de-vapor-90gr-suela-antiadherente-pulverizador-de-agua\/#primaryimage\"},\"image\":{\"@id\":\"https:\/\/www.teleclub.com.py\/index.php\/product\/plancha-vapor-philip-golpe-de-vapor-90gr-suela-antiadherente-pulverizador-de-agua\/#primaryimage\"},\"thumbnailUrl\":\"https:\/\/www.teleclub.com.py\/wp-content\/uploads\/2024\/09\/a-112.png\",\"datePublished\":\"2024-09-06T20:03:13+00:00\",\"dateModified\":\"2024-11-22T12:02:38+00:00\",\"breadcrumb\":{\"@id\":\"https:\/\/www.teleclub.com.py\/index.php\/product\/plancha-vapor-philip-golpe-de-vapor-90gr-suela-antiadherente-pulverizador-de-agua\/#breadcrumb\"},\"inLanguage\":\"es\",\"potentialAction\":[{\"@type\":\"ReadAction\",\"target\":[\"https:\/\/www.teleclub.com.py\/index.php\/product\/plancha-vapor-philip-golpe-de-vapor-90gr-suela-antiadherente-pulverizador-de-agua\/\"]}]},{\"@type\":\"ImageObject\",\"inLanguage\":\"es\",\"@id\":\"https:\/\/www.teleclub.com.py\/index.php\/product\/plancha-vapor-philip-golpe-de-vapor-90gr-suela-antiadherente-pulverizador-de-agua\/#primaryimage\",\"url\":\"https:\/\/www.teleclub.com.py\/wp-content\/uploads\/2024\/09\/a-112.png\",\"contentUrl\":\"https:\/\/www.teleclub.com.py\/wp-content\/uploads\/2024\/09\/a-112.png\",\"width\":1024,\"height\":1024},{\"@type\":\"BreadcrumbList\",\"@id\":\"https:\/\/www.teleclub.com.py\/index.php\/product\/plancha-vapor-philip-golpe-de-vapor-90gr-suela-antiadherente-pulverizador-de-agua\/#breadcrumb\",\"itemListElement\":[{\"@type\":\"ListItem\",\"position\":1,\"name\":\"Portada\",\"item\":\"https:\/\/www.teleclub.com.py\/\"},{\"@type\":\"ListItem\",\"position\":2,\"name\":\"Shop\",\"item\":\"https:\/\/www.teleclub.com.py\/index.php\/shop-2\/\"},{\"@type\":\"ListItem\",\"position\":3,\"name\":\"PLANCHA VAPOR PHILIP GOLPE DE VAPOR 90GR SUELA ANTIADHERENTE , PULVERIZADOR DE AGUA\"}]},{\"@type\":\"WebSite\",\"@id\":\"https:\/\/www.teleclub.com.py\/#website\",\"url\":\"https:\/\/www.teleclub.com.py\/\",\"name\":\"Teleclub\",\"description\":\"Tu tienda online\",\"publisher\":{\"@id\":\"https:\/\/www.teleclub.com.py\/#organization\"},\"potentialAction\":[{\"@type\":\"SearchAction\",\"target\":{\"@type\":\"EntryPoint\",\"urlTemplate\":\"https:\/\/www.teleclub.com.py\/?s={search_term_string}\"},\"query-input\":{\"@type\":\"PropertyValueSpecification\",\"valueRequired\":true,\"valueName\":\"search_term_string\"}}],\"inLanguage\":\"es\"},{\"@type\":\"Organization\",\"@id\":\"https:\/\/www.teleclub.com.py\/#organization\",\"name\":\"Teleclub\",\"url\":\"https:\/\/www.teleclub.com.py\/\",\"logo\":{\"@type\":\"ImageObject\",\"inLanguage\":\"es\",\"@id\":\"https:\/\/www.teleclub.com.py\/#\/schema\/logo\/image\/\",\"url\":\"https:\/\/www.teleclub.com.py\/wp-content\/uploads\/2024\/09\/1611317346760_TeleClub_logo_FondoBlanco-2.jpg\",\"contentUrl\":\"https:\/\/www.teleclub.com.py\/wp-content\/uploads\/2024\/09\/1611317346760_TeleClub_logo_FondoBlanco-2.jpg\",\"width\":1600,\"height\":1600,\"caption\":\"Teleclub\"},\"image\":{\"@id\":\"https:\/\/www.teleclub.com.py\/#\/schema\/logo\/image\/\"},\"sameAs\":[\"https:\/\/www.facebook.com\/teleclubpy\",\"https:\/\/www.instagram.com\/teleclubpy\"]}]}<\/script>\n<!-- \/ Yoast SEO plugin. -->","yoast_head_json":{"title":"PLANCHA VAPOR PHILIP GOLPE DE VAPOR 90GR SUELA ANTIADHERENTE , PULVERIZADOR DE AGUA - Teleclub","robots":{"index":"index","follow":"follow","max-snippet":"max-snippet:-1","max-image-preview":"max-image-preview:large","max-video-preview":"max-video-preview:-1"},"canonical":"https:\/\/www.teleclub.com.py\/index.php\/product\/plancha-vapor-philip-golpe-de-vapor-90gr-suela-antiadherente-pulverizador-de-agua\/","og_locale":"es_ES","og_type":"article","og_title":"PLANCHA VAPOR PHILIP GOLPE DE VAPOR 90GR SUELA ANTIADHERENTE , PULVERIZADOR DE AGUA - Teleclub","og_description":"Sencillo y eficaz La plancha EasySpeed te permite planchar de forma f\u00e1cil y eficaz gracias a la gran cantidad de vapor que elimina las arrugas m\u00e1s dif\u00edciles, la suela antiadherente para un deslizamiento f\u00e1cil sobre todos los tejidos y la funci\u00f3n Calc Clean para un rendimiento duradero","og_url":"https:\/\/www.teleclub.com.py\/index.php\/product\/plancha-vapor-philip-golpe-de-vapor-90gr-suela-antiadherente-pulverizador-de-agua\/","og_site_name":"Teleclub","article_publisher":"https:\/\/www.facebook.com\/teleclubpy","article_modified_time":"2024-11-22T12:02:38+00:00","og_image":[{"width":1024,"height":1024,"url":"https:\/\/www.teleclub.com.py\/wp-content\/uploads\/2024\/09\/a-112.png","type":"image\/png"}],"twitter_card":"summary_large_image","schema":{"@context":"https:\/\/schema.org","@graph":[{"@type":"WebPage","@id":"https:\/\/www.teleclub.com.py\/index.php\/product\/plancha-vapor-philip-golpe-de-vapor-90gr-suela-antiadherente-pulverizador-de-agua\/","url":"https:\/\/www.teleclub.com.py\/index.php\/product\/plancha-vapor-philip-golpe-de-vapor-90gr-suela-antiadherente-pulverizador-de-agua\/","name":"PLANCHA VAPOR PHILIP GOLPE DE VAPOR 90GR SUELA ANTIADHERENTE , PULVERIZADOR DE AGUA - Teleclub","isPartOf":{"@id":"https:\/\/www.teleclub.com.py\/#website"},"primaryImageOfPage":{"@id":"https:\/\/www.teleclub.com.py\/index.php\/product\/plancha-vapor-philip-golpe-de-vapor-90gr-suela-antiadherente-pulverizador-de-agua\/#primaryimage"},"image":{"@id":"https:\/\/www.teleclub.com.py\/index.php\/product\/plancha-vapor-philip-golpe-de-vapor-90gr-suela-antiadherente-pulverizador-de-agua\/#primaryimage"},"thumbnailUrl":"https:\/\/www.teleclub.com.py\/wp-content\/uploads\/2024\/09\/a-112.png","datePublished":"2024-09-06T20:03:13+00:00","dateModified":"2024-11-22T12:02:38+00:00","breadcrumb":{"@id":"https:\/\/www.teleclub.com.py\/index.php\/product\/plancha-vapor-philip-golpe-de-vapor-90gr-suela-antiadherente-pulverizador-de-agua\/#breadcrumb"},"inLanguage":"es","potentialAction":[{"@type":"ReadAction","target":["https:\/\/www.teleclub.com.py\/index.php\/product\/plancha-vapor-philip-golpe-de-vapor-90gr-suela-antiadherente-pulverizador-de-agua\/"]}]},{"@type":"ImageObject","inLanguage":"es","@id":"https:\/\/www.teleclub.com.py\/index.php\/product\/plancha-vapor-philip-golpe-de-vapor-90gr-suela-antiadherente-pulverizador-de-agua\/#primaryimage","url":"https:\/\/www.teleclub.com.py\/wp-content\/uploads\/2024\/09\/a-112.png","contentUrl":"https:\/\/www.teleclub.com.py\/wp-content\/uploads\/2024\/09\/a-112.png","width":1024,"height":1024},{"@type":"BreadcrumbList","@id":"https:\/\/www.teleclub.com.py\/index.php\/product\/plancha-vapor-philip-golpe-de-vapor-90gr-suela-antiadherente-pulverizador-de-agua\/#breadcrumb","itemListElement":[{"@type":"ListItem","position":1,"name":"Portada","item":"https:\/\/www.teleclub.com.py\/"},{"@type":"ListItem","position":2,"name":"Shop","item":"https:\/\/www.teleclub.com.py\/index.php\/shop-2\/"},{"@type":"ListItem","position":3,"name":"PLANCHA VAPOR PHILIP GOLPE DE VAPOR 90GR SUELA ANTIADHERENTE , PULVERIZADOR DE AGUA"}]},{"@type":"WebSite","@id":"https:\/\/www.teleclub.com.py\/#website","url":"https:\/\/www.teleclub.com.py\/","name":"Teleclub","description":"Tu tienda online","publisher":{"@id":"https:\/\/www.teleclub.com.py\/#organization"},"potentialAction":[{"@type":"SearchAction","target":{"@type":"EntryPoint","urlTemplate":"https:\/\/www.teleclub.com.py\/?s={search_term_string}"},"query-input":{"@type":"PropertyValueSpecification","valueRequired":true,"valueName":"search_term_string"}}],"inLanguage":"es"},{"@type":"Organization","@id":"https:\/\/www.teleclub.com.py\/#organization","name":"Teleclub","url":"https:\/\/www.teleclub.com.py\/","logo":{"@type":"ImageObject","inLanguage":"es","@id":"https:\/\/www.teleclub.com.py\/#\/schema\/logo\/image\/","url":"https:\/\/www.teleclub.com.py\/wp-content\/uploads\/2024\/09\/1611317346760_TeleClub_logo_FondoBlanco-2.jpg","contentUrl":"https:\/\/www.teleclub.com.py\/wp-content\/uploads\/2024\/09\/1611317346760_TeleClub_logo_FondoBlanco-2.jpg","width":1600,"height":1600,"caption":"Teleclub"},"image":{"@id":"https:\/\/www.teleclub.com.py\/#\/schema\/logo\/image\/"},"sameAs":["https:\/\/www.facebook.com\/teleclubpy","https:\/\/www.instagram.com\/teleclubpy"]}]}},"_links":{"self":[{"href":"https:\/\/www.teleclub.com.py\/index.php\/wp-json\/wp\/v2\/product\/9249","targetHints":{"allow":["GET"]}}],"collection":[{"href":"https:\/\/www.teleclub.com.py\/index.php\/wp-json\/wp\/v2\/product"}],"about":[{"href":"https:\/\/www.teleclub.com.py\/index.php\/wp-json\/wp\/v2\/types\/product"}],"wp:featuredmedia":[{"embeddable":true,"href":"https:\/\/www.teleclub.com.py\/index.php\/wp-json\/wp\/v2\/media\/9250"}],"wp:attachment":[{"href":"https:\/\/www.teleclub.com.py\/index.php\/wp-json\/wp\/v2\/media?parent=9249"}],"wp:term":[{"taxonomy":"product_cat","embeddable":true,"href":"https:\/\/www.teleclub.com.py\/index.php\/wp-json\/wp\/v2\/product_cat?post=9249"},{"taxonomy":"product_tag","embeddable":true,"href":"https:\/\/www.teleclub.com.py\/index.php\/wp-json\/wp\/v2\/product_tag?post=9249"}],"curies":[{"name":"wp","href":"https:\/\/api.w.org\/{rel}","templated":true}]}}