{"id":9231,"date":"2024-09-06T14:37:59","date_gmt":"2024-09-06T18:37:59","guid":{"rendered":"https:\/\/www.teleclub.com.py\/?post_type=product&#038;p=9231"},"modified":"2024-09-09T11:02:11","modified_gmt":"2024-09-09T15:02:11","slug":"babyliss-pl-4061-u-styler-2","status":"publish","type":"product","link":"https:\/\/www.teleclub.com.py\/index.php\/product\/babyliss-pl-4061-u-styler-2\/","title":{"rendered":"BABYLISS PL.4061 &#8211; U-STYLER"},"content":{"rendered":"","protected":false},"excerpt":{"rendered":"<ul>\n<li>Placas extendidas de Nano Titanium\u2122; proporcionan una transferencia de calor altamente eficiente, dejando el cabello sedoso y brillante al instante.<\/li>\n<li>Resistencia de cer\u00e1mica de doble voltaje, para un calentamiento y una recuperaci\u00f3n del calor instant\u00e1neos.<\/li>\n<li>5 ajustes de temperatura LED hasta 450 \u00b0F (230 \u00b0C).<\/li>\n<li>Doble Voltaje.<\/li>\n<li>Placas de 1&#8243; (25 mm)<\/li>\n<li>Cable giratorio 360\u00b0.<\/li>\n<li>Interruptor deslizante de bloqueo para un almacenamiento y viaje seguros.<\/li>\n<\/ul>\n","protected":false},"featured_media":9232,"template":"","meta":{"om_disable_all_campaigns":false},"product_cat":[366],"product_tag":[],"class_list":{"0":"post-9231","1":"product","2":"type-product","3":"status-publish","4":"has-post-thumbnail","6":"product_cat-planchitas-belleza-y-salud","8":"first","9":"instock","10":"shipping-taxable","11":"purchasable","12":"product-type-simple"},"yoast_head":"<!-- This site is optimized with the Yoast SEO plugin v23.6 - https:\/\/yoast.com\/wordpress\/plugins\/seo\/ -->\n<title>BABYLISS PL.4061 - U-STYLER - Teleclub<\/title>\n<meta name=\"robots\" content=\"index, follow, max-snippet:-1, max-image-preview:large, max-video-preview:-1\" \/>\n<link rel=\"canonical\" href=\"https:\/\/www.teleclub.com.py\/index.php\/product\/babyliss-pl-4061-u-styler-2\/\" \/>\n<meta property=\"og:locale\" content=\"es_ES\" \/>\n<meta property=\"og:type\" content=\"article\" \/>\n<meta property=\"og:title\" content=\"BABYLISS PL.4061 - U-STYLER - Teleclub\" \/>\n<meta property=\"og:description\" content=\"Placas extendidas de Nano Titanium\u2122; proporcionan una transferencia de calor altamente eficiente, dejando el cabello sedoso y brillante al instante.  Resistencia de cer\u00e1mica de doble voltaje, para un calentamiento y una recuperaci\u00f3n del calor instant\u00e1neos.  5 ajustes de temperatura LED hasta 450 \u00b0F (230 \u00b0C).  Doble Voltaje.  Placas de 1&quot; (25 mm)  Cable giratorio 360\u00b0.  Interruptor deslizante de bloqueo para un almacenamiento y viaje seguros.\" \/>\n<meta property=\"og:url\" content=\"https:\/\/www.teleclub.com.py\/index.php\/product\/babyliss-pl-4061-u-styler-2\/\" \/>\n<meta property=\"og:site_name\" content=\"Teleclub\" \/>\n<meta property=\"article:publisher\" content=\"https:\/\/www.facebook.com\/teleclubpy\" \/>\n<meta property=\"article:modified_time\" content=\"2024-09-09T15:02:11+00:00\" \/>\n<meta property=\"og:image\" content=\"https:\/\/www.teleclub.com.py\/wp-content\/uploads\/2024\/09\/a-104.png\" \/>\n\t<meta property=\"og:image:width\" content=\"1080\" \/>\n\t<meta property=\"og:image:height\" content=\"1080\" \/>\n\t<meta property=\"og:image:type\" content=\"image\/png\" \/>\n<meta name=\"twitter:card\" content=\"summary_large_image\" \/>\n<script type=\"application\/ld+json\" class=\"yoast-schema-graph\">{\"@context\":\"https:\/\/schema.org\",\"@graph\":[{\"@type\":\"WebPage\",\"@id\":\"https:\/\/www.teleclub.com.py\/index.php\/product\/babyliss-pl-4061-u-styler-2\/\",\"url\":\"https:\/\/www.teleclub.com.py\/index.php\/product\/babyliss-pl-4061-u-styler-2\/\",\"name\":\"BABYLISS PL.4061 - U-STYLER - Teleclub\",\"isPartOf\":{\"@id\":\"https:\/\/www.teleclub.com.py\/#website\"},\"primaryImageOfPage\":{\"@id\":\"https:\/\/www.teleclub.com.py\/index.php\/product\/babyliss-pl-4061-u-styler-2\/#primaryimage\"},\"image\":{\"@id\":\"https:\/\/www.teleclub.com.py\/index.php\/product\/babyliss-pl-4061-u-styler-2\/#primaryimage\"},\"thumbnailUrl\":\"https:\/\/www.teleclub.com.py\/wp-content\/uploads\/2024\/09\/a-104.png\",\"datePublished\":\"2024-09-06T18:37:59+00:00\",\"dateModified\":\"2024-09-09T15:02:11+00:00\",\"breadcrumb\":{\"@id\":\"https:\/\/www.teleclub.com.py\/index.php\/product\/babyliss-pl-4061-u-styler-2\/#breadcrumb\"},\"inLanguage\":\"es\",\"potentialAction\":[{\"@type\":\"ReadAction\",\"target\":[\"https:\/\/www.teleclub.com.py\/index.php\/product\/babyliss-pl-4061-u-styler-2\/\"]}]},{\"@type\":\"ImageObject\",\"inLanguage\":\"es\",\"@id\":\"https:\/\/www.teleclub.com.py\/index.php\/product\/babyliss-pl-4061-u-styler-2\/#primaryimage\",\"url\":\"https:\/\/www.teleclub.com.py\/wp-content\/uploads\/2024\/09\/a-104.png\",\"contentUrl\":\"https:\/\/www.teleclub.com.py\/wp-content\/uploads\/2024\/09\/a-104.png\",\"width\":1080,\"height\":1080},{\"@type\":\"BreadcrumbList\",\"@id\":\"https:\/\/www.teleclub.com.py\/index.php\/product\/babyliss-pl-4061-u-styler-2\/#breadcrumb\",\"itemListElement\":[{\"@type\":\"ListItem\",\"position\":1,\"name\":\"Portada\",\"item\":\"https:\/\/www.teleclub.com.py\/\"},{\"@type\":\"ListItem\",\"position\":2,\"name\":\"Shop\",\"item\":\"https:\/\/www.teleclub.com.py\/index.php\/shop-2\/\"},{\"@type\":\"ListItem\",\"position\":3,\"name\":\"BABYLISS PL.4061 &#8211; U-STYLER\"}]},{\"@type\":\"WebSite\",\"@id\":\"https:\/\/www.teleclub.com.py\/#website\",\"url\":\"https:\/\/www.teleclub.com.py\/\",\"name\":\"Teleclub\",\"description\":\"Tu tienda online\",\"publisher\":{\"@id\":\"https:\/\/www.teleclub.com.py\/#organization\"},\"potentialAction\":[{\"@type\":\"SearchAction\",\"target\":{\"@type\":\"EntryPoint\",\"urlTemplate\":\"https:\/\/www.teleclub.com.py\/?s={search_term_string}\"},\"query-input\":{\"@type\":\"PropertyValueSpecification\",\"valueRequired\":true,\"valueName\":\"search_term_string\"}}],\"inLanguage\":\"es\"},{\"@type\":\"Organization\",\"@id\":\"https:\/\/www.teleclub.com.py\/#organization\",\"name\":\"Teleclub\",\"url\":\"https:\/\/www.teleclub.com.py\/\",\"logo\":{\"@type\":\"ImageObject\",\"inLanguage\":\"es\",\"@id\":\"https:\/\/www.teleclub.com.py\/#\/schema\/logo\/image\/\",\"url\":\"https:\/\/www.teleclub.com.py\/wp-content\/uploads\/2024\/09\/1611317346760_TeleClub_logo_FondoBlanco-2.jpg\",\"contentUrl\":\"https:\/\/www.teleclub.com.py\/wp-content\/uploads\/2024\/09\/1611317346760_TeleClub_logo_FondoBlanco-2.jpg\",\"width\":1600,\"height\":1600,\"caption\":\"Teleclub\"},\"image\":{\"@id\":\"https:\/\/www.teleclub.com.py\/#\/schema\/logo\/image\/\"},\"sameAs\":[\"https:\/\/www.facebook.com\/teleclubpy\",\"https:\/\/www.instagram.com\/teleclubpy\"]}]}<\/script>\n<!-- \/ Yoast SEO plugin. -->","yoast_head_json":{"title":"BABYLISS PL.4061 - U-STYLER - Teleclub","robots":{"index":"index","follow":"follow","max-snippet":"max-snippet:-1","max-image-preview":"max-image-preview:large","max-video-preview":"max-video-preview:-1"},"canonical":"https:\/\/www.teleclub.com.py\/index.php\/product\/babyliss-pl-4061-u-styler-2\/","og_locale":"es_ES","og_type":"article","og_title":"BABYLISS PL.4061 - U-STYLER - Teleclub","og_description":"Placas extendidas de Nano Titanium\u2122; proporcionan una transferencia de calor altamente eficiente, dejando el cabello sedoso y brillante al instante.  Resistencia de cer\u00e1mica de doble voltaje, para un calentamiento y una recuperaci\u00f3n del calor instant\u00e1neos.  5 ajustes de temperatura LED hasta 450 \u00b0F (230 \u00b0C).  Doble Voltaje.  Placas de 1\" (25 mm)  Cable giratorio 360\u00b0.  Interruptor deslizante de bloqueo para un almacenamiento y viaje seguros.","og_url":"https:\/\/www.teleclub.com.py\/index.php\/product\/babyliss-pl-4061-u-styler-2\/","og_site_name":"Teleclub","article_publisher":"https:\/\/www.facebook.com\/teleclubpy","article_modified_time":"2024-09-09T15:02:11+00:00","og_image":[{"width":1080,"height":1080,"url":"https:\/\/www.teleclub.com.py\/wp-content\/uploads\/2024\/09\/a-104.png","type":"image\/png"}],"twitter_card":"summary_large_image","schema":{"@context":"https:\/\/schema.org","@graph":[{"@type":"WebPage","@id":"https:\/\/www.teleclub.com.py\/index.php\/product\/babyliss-pl-4061-u-styler-2\/","url":"https:\/\/www.teleclub.com.py\/index.php\/product\/babyliss-pl-4061-u-styler-2\/","name":"BABYLISS PL.4061 - U-STYLER - Teleclub","isPartOf":{"@id":"https:\/\/www.teleclub.com.py\/#website"},"primaryImageOfPage":{"@id":"https:\/\/www.teleclub.com.py\/index.php\/product\/babyliss-pl-4061-u-styler-2\/#primaryimage"},"image":{"@id":"https:\/\/www.teleclub.com.py\/index.php\/product\/babyliss-pl-4061-u-styler-2\/#primaryimage"},"thumbnailUrl":"https:\/\/www.teleclub.com.py\/wp-content\/uploads\/2024\/09\/a-104.png","datePublished":"2024-09-06T18:37:59+00:00","dateModified":"2024-09-09T15:02:11+00:00","breadcrumb":{"@id":"https:\/\/www.teleclub.com.py\/index.php\/product\/babyliss-pl-4061-u-styler-2\/#breadcrumb"},"inLanguage":"es","potentialAction":[{"@type":"ReadAction","target":["https:\/\/www.teleclub.com.py\/index.php\/product\/babyliss-pl-4061-u-styler-2\/"]}]},{"@type":"ImageObject","inLanguage":"es","@id":"https:\/\/www.teleclub.com.py\/index.php\/product\/babyliss-pl-4061-u-styler-2\/#primaryimage","url":"https:\/\/www.teleclub.com.py\/wp-content\/uploads\/2024\/09\/a-104.png","contentUrl":"https:\/\/www.teleclub.com.py\/wp-content\/uploads\/2024\/09\/a-104.png","width":1080,"height":1080},{"@type":"BreadcrumbList","@id":"https:\/\/www.teleclub.com.py\/index.php\/product\/babyliss-pl-4061-u-styler-2\/#breadcrumb","itemListElement":[{"@type":"ListItem","position":1,"name":"Portada","item":"https:\/\/www.teleclub.com.py\/"},{"@type":"ListItem","position":2,"name":"Shop","item":"https:\/\/www.teleclub.com.py\/index.php\/shop-2\/"},{"@type":"ListItem","position":3,"name":"BABYLISS PL.4061 &#8211; U-STYLER"}]},{"@type":"WebSite","@id":"https:\/\/www.teleclub.com.py\/#website","url":"https:\/\/www.teleclub.com.py\/","name":"Teleclub","description":"Tu tienda online","publisher":{"@id":"https:\/\/www.teleclub.com.py\/#organization"},"potentialAction":[{"@type":"SearchAction","target":{"@type":"EntryPoint","urlTemplate":"https:\/\/www.teleclub.com.py\/?s={search_term_string}"},"query-input":{"@type":"PropertyValueSpecification","valueRequired":true,"valueName":"search_term_string"}}],"inLanguage":"es"},{"@type":"Organization","@id":"https:\/\/www.teleclub.com.py\/#organization","name":"Teleclub","url":"https:\/\/www.teleclub.com.py\/","logo":{"@type":"ImageObject","inLanguage":"es","@id":"https:\/\/www.teleclub.com.py\/#\/schema\/logo\/image\/","url":"https:\/\/www.teleclub.com.py\/wp-content\/uploads\/2024\/09\/1611317346760_TeleClub_logo_FondoBlanco-2.jpg","contentUrl":"https:\/\/www.teleclub.com.py\/wp-content\/uploads\/2024\/09\/1611317346760_TeleClub_logo_FondoBlanco-2.jpg","width":1600,"height":1600,"caption":"Teleclub"},"image":{"@id":"https:\/\/www.teleclub.com.py\/#\/schema\/logo\/image\/"},"sameAs":["https:\/\/www.facebook.com\/teleclubpy","https:\/\/www.instagram.com\/teleclubpy"]}]}},"_links":{"self":[{"href":"https:\/\/www.teleclub.com.py\/index.php\/wp-json\/wp\/v2\/product\/9231","targetHints":{"allow":["GET"]}}],"collection":[{"href":"https:\/\/www.teleclub.com.py\/index.php\/wp-json\/wp\/v2\/product"}],"about":[{"href":"https:\/\/www.teleclub.com.py\/index.php\/wp-json\/wp\/v2\/types\/product"}],"wp:featuredmedia":[{"embeddable":true,"href":"https:\/\/www.teleclub.com.py\/index.php\/wp-json\/wp\/v2\/media\/9232"}],"wp:attachment":[{"href":"https:\/\/www.teleclub.com.py\/index.php\/wp-json\/wp\/v2\/media?parent=9231"}],"wp:term":[{"taxonomy":"product_cat","embeddable":true,"href":"https:\/\/www.teleclub.com.py\/index.php\/wp-json\/wp\/v2\/product_cat?post=9231"},{"taxonomy":"product_tag","embeddable":true,"href":"https:\/\/www.teleclub.com.py\/index.php\/wp-json\/wp\/v2\/product_tag?post=9231"}],"curies":[{"name":"wp","href":"https:\/\/api.w.org\/{rel}","templated":true}]}}