{"id":9211,"date":"2024-09-06T12:00:55","date_gmt":"2024-09-06T16:00:55","guid":{"rendered":"https:\/\/www.teleclub.com.py\/?post_type=product&#038;p=9211"},"modified":"2024-09-09T10:53:07","modified_gmt":"2024-09-09T14:53:07","slug":"babyliss-pack-optima-3000-mini-optima-2000","status":"publish","type":"product","link":"https:\/\/www.teleclub.com.py\/index.php\/product\/babyliss-pack-optima-3000-mini-optima-2000\/","title":{"rendered":"BABYLISS PACK OPTIMA 3000+ MINI OPTIMA 2000"},"content":{"rendered":"<p>La planchita BaByliss Pro Nano Titanium Optima 3000 BNTBK3000TUZ 32mm es una herramienta de peinado pr\u00e1ctica y moderna, dise\u00f1ada para lograr un cabello suave, liso y brillante. Sus placas de acero inoxidable de 32mm y la tecnolog\u00eda Nano Titanium aseguran un rendimiento \u00f3ptimo. Con una temperatura m\u00e1xima de 240 \u02daC y un calentamiento hasta un 20% m\u00e1s r\u00e1pido, esta plancha ofrece versatilidad al permitir tanto alisar como rizar el cabello. La planchita mini alisadora Babyliss Pro Optima 2000 BNT2000UZ es muy c\u00f3moda para trasladar. Tecnolog\u00eda de rectificaci\u00f3n de onda completa con recuperaci\u00f3n instant\u00e1nea para temperaturas constantes. Cable largo y giratorio en 360\u00b0 para mayor comodidad. Estas planchas de Babyliss te brindar\u00e1n un alisado profesional y duradero, gracias a su tecnolog\u00eda de \u00faltima generaci\u00f3n. Con un dise\u00f1o ergon\u00f3mico y compacto, podr\u00e1s llevarlas contigo a todas partes. \u00a1No pierdas la oportunidad de tener un cabello radiante con este incre\u00edble kit de Babyliss.<\/p>\n","protected":false},"excerpt":{"rendered":"<ul>\n<li><strong>Dise\u00f1o:<\/strong>\u00a0Pr\u00e1ctico y moderno<\/li>\n<li><strong>Ideal para:<\/strong>\u00a0Lucir un cabello suave, liso y brillante<\/li>\n<li><strong>Materiales de las placas:<\/strong><strong>\u00a0<\/strong>Acero inoxidable<\/li>\n<li><strong>Temperatura m\u00e1xima:\u00a0<\/strong>420\u00a0<strong>\u02da<\/strong>C<\/li>\n<li><strong>Cable giratorio:<\/strong>\u00a0360\u02da<\/li>\n<\/ul>\n","protected":false},"featured_media":9212,"template":"","meta":{"om_disable_all_campaigns":false},"product_cat":[365],"product_tag":[],"class_list":{"0":"post-9211","1":"product","2":"type-product","3":"status-publish","4":"has-post-thumbnail","6":"product_cat-belleza-y-salud","8":"first","9":"instock","10":"shipping-taxable","11":"purchasable","12":"product-type-simple"},"yoast_head":"<!-- This site is optimized with the Yoast SEO plugin v23.6 - https:\/\/yoast.com\/wordpress\/plugins\/seo\/ -->\n<title>BABYLISS PACK OPTIMA 3000+ MINI OPTIMA 2000 - Teleclub<\/title>\n<meta name=\"robots\" content=\"index, follow, max-snippet:-1, max-image-preview:large, max-video-preview:-1\" \/>\n<link rel=\"canonical\" href=\"https:\/\/www.teleclub.com.py\/index.php\/product\/babyliss-pack-optima-3000-mini-optima-2000\/\" \/>\n<meta property=\"og:locale\" content=\"es_ES\" \/>\n<meta property=\"og:type\" content=\"article\" \/>\n<meta property=\"og:title\" content=\"BABYLISS PACK OPTIMA 3000+ MINI OPTIMA 2000 - Teleclub\" \/>\n<meta property=\"og:description\" content=\"Dise\u00f1o:\u00a0Pr\u00e1ctico y moderno  Ideal para:\u00a0Lucir un cabello suave, liso y brillante  Materiales de las placas:\u00a0Acero inoxidable  Temperatura m\u00e1xima:\u00a0420\u00a0\u02daC  Cable giratorio:\u00a0360\u02da\" \/>\n<meta property=\"og:url\" content=\"https:\/\/www.teleclub.com.py\/index.php\/product\/babyliss-pack-optima-3000-mini-optima-2000\/\" \/>\n<meta property=\"og:site_name\" content=\"Teleclub\" \/>\n<meta property=\"article:publisher\" content=\"https:\/\/www.facebook.com\/teleclubpy\" \/>\n<meta property=\"article:modified_time\" content=\"2024-09-09T14:53:07+00:00\" \/>\n<meta property=\"og:image\" content=\"https:\/\/www.teleclub.com.py\/wp-content\/uploads\/2024\/09\/a-94.png\" \/>\n\t<meta property=\"og:image:width\" content=\"600\" \/>\n\t<meta property=\"og:image:height\" content=\"600\" \/>\n\t<meta property=\"og:image:type\" content=\"image\/png\" \/>\n<meta name=\"twitter:card\" content=\"summary_large_image\" \/>\n<meta name=\"twitter:label1\" content=\"Tiempo de lectura\" \/>\n\t<meta name=\"twitter:data1\" content=\"1 minuto\" \/>\n<script type=\"application\/ld+json\" class=\"yoast-schema-graph\">{\"@context\":\"https:\/\/schema.org\",\"@graph\":[{\"@type\":\"WebPage\",\"@id\":\"https:\/\/www.teleclub.com.py\/index.php\/product\/babyliss-pack-optima-3000-mini-optima-2000\/\",\"url\":\"https:\/\/www.teleclub.com.py\/index.php\/product\/babyliss-pack-optima-3000-mini-optima-2000\/\",\"name\":\"BABYLISS PACK OPTIMA 3000+ MINI OPTIMA 2000 - Teleclub\",\"isPartOf\":{\"@id\":\"https:\/\/www.teleclub.com.py\/#website\"},\"primaryImageOfPage\":{\"@id\":\"https:\/\/www.teleclub.com.py\/index.php\/product\/babyliss-pack-optima-3000-mini-optima-2000\/#primaryimage\"},\"image\":{\"@id\":\"https:\/\/www.teleclub.com.py\/index.php\/product\/babyliss-pack-optima-3000-mini-optima-2000\/#primaryimage\"},\"thumbnailUrl\":\"https:\/\/www.teleclub.com.py\/wp-content\/uploads\/2024\/09\/a-94.png\",\"datePublished\":\"2024-09-06T16:00:55+00:00\",\"dateModified\":\"2024-09-09T14:53:07+00:00\",\"breadcrumb\":{\"@id\":\"https:\/\/www.teleclub.com.py\/index.php\/product\/babyliss-pack-optima-3000-mini-optima-2000\/#breadcrumb\"},\"inLanguage\":\"es\",\"potentialAction\":[{\"@type\":\"ReadAction\",\"target\":[\"https:\/\/www.teleclub.com.py\/index.php\/product\/babyliss-pack-optima-3000-mini-optima-2000\/\"]}]},{\"@type\":\"ImageObject\",\"inLanguage\":\"es\",\"@id\":\"https:\/\/www.teleclub.com.py\/index.php\/product\/babyliss-pack-optima-3000-mini-optima-2000\/#primaryimage\",\"url\":\"https:\/\/www.teleclub.com.py\/wp-content\/uploads\/2024\/09\/a-94.png\",\"contentUrl\":\"https:\/\/www.teleclub.com.py\/wp-content\/uploads\/2024\/09\/a-94.png\",\"width\":600,\"height\":600},{\"@type\":\"BreadcrumbList\",\"@id\":\"https:\/\/www.teleclub.com.py\/index.php\/product\/babyliss-pack-optima-3000-mini-optima-2000\/#breadcrumb\",\"itemListElement\":[{\"@type\":\"ListItem\",\"position\":1,\"name\":\"Portada\",\"item\":\"https:\/\/www.teleclub.com.py\/\"},{\"@type\":\"ListItem\",\"position\":2,\"name\":\"Shop\",\"item\":\"https:\/\/www.teleclub.com.py\/index.php\/shop-2\/\"},{\"@type\":\"ListItem\",\"position\":3,\"name\":\"BABYLISS PACK OPTIMA 3000+ MINI OPTIMA 2000\"}]},{\"@type\":\"WebSite\",\"@id\":\"https:\/\/www.teleclub.com.py\/#website\",\"url\":\"https:\/\/www.teleclub.com.py\/\",\"name\":\"Teleclub\",\"description\":\"Tu tienda online\",\"publisher\":{\"@id\":\"https:\/\/www.teleclub.com.py\/#organization\"},\"potentialAction\":[{\"@type\":\"SearchAction\",\"target\":{\"@type\":\"EntryPoint\",\"urlTemplate\":\"https:\/\/www.teleclub.com.py\/?s={search_term_string}\"},\"query-input\":{\"@type\":\"PropertyValueSpecification\",\"valueRequired\":true,\"valueName\":\"search_term_string\"}}],\"inLanguage\":\"es\"},{\"@type\":\"Organization\",\"@id\":\"https:\/\/www.teleclub.com.py\/#organization\",\"name\":\"Teleclub\",\"url\":\"https:\/\/www.teleclub.com.py\/\",\"logo\":{\"@type\":\"ImageObject\",\"inLanguage\":\"es\",\"@id\":\"https:\/\/www.teleclub.com.py\/#\/schema\/logo\/image\/\",\"url\":\"https:\/\/www.teleclub.com.py\/wp-content\/uploads\/2024\/09\/1611317346760_TeleClub_logo_FondoBlanco-2.jpg\",\"contentUrl\":\"https:\/\/www.teleclub.com.py\/wp-content\/uploads\/2024\/09\/1611317346760_TeleClub_logo_FondoBlanco-2.jpg\",\"width\":1600,\"height\":1600,\"caption\":\"Teleclub\"},\"image\":{\"@id\":\"https:\/\/www.teleclub.com.py\/#\/schema\/logo\/image\/\"},\"sameAs\":[\"https:\/\/www.facebook.com\/teleclubpy\",\"https:\/\/www.instagram.com\/teleclubpy\"]}]}<\/script>\n<!-- \/ Yoast SEO plugin. -->","yoast_head_json":{"title":"BABYLISS PACK OPTIMA 3000+ MINI OPTIMA 2000 - Teleclub","robots":{"index":"index","follow":"follow","max-snippet":"max-snippet:-1","max-image-preview":"max-image-preview:large","max-video-preview":"max-video-preview:-1"},"canonical":"https:\/\/www.teleclub.com.py\/index.php\/product\/babyliss-pack-optima-3000-mini-optima-2000\/","og_locale":"es_ES","og_type":"article","og_title":"BABYLISS PACK OPTIMA 3000+ MINI OPTIMA 2000 - Teleclub","og_description":"Dise\u00f1o:\u00a0Pr\u00e1ctico y moderno  Ideal para:\u00a0Lucir un cabello suave, liso y brillante  Materiales de las placas:\u00a0Acero inoxidable  Temperatura m\u00e1xima:\u00a0420\u00a0\u02daC  Cable giratorio:\u00a0360\u02da","og_url":"https:\/\/www.teleclub.com.py\/index.php\/product\/babyliss-pack-optima-3000-mini-optima-2000\/","og_site_name":"Teleclub","article_publisher":"https:\/\/www.facebook.com\/teleclubpy","article_modified_time":"2024-09-09T14:53:07+00:00","og_image":[{"width":600,"height":600,"url":"https:\/\/www.teleclub.com.py\/wp-content\/uploads\/2024\/09\/a-94.png","type":"image\/png"}],"twitter_card":"summary_large_image","twitter_misc":{"Tiempo de lectura":"1 minuto"},"schema":{"@context":"https:\/\/schema.org","@graph":[{"@type":"WebPage","@id":"https:\/\/www.teleclub.com.py\/index.php\/product\/babyliss-pack-optima-3000-mini-optima-2000\/","url":"https:\/\/www.teleclub.com.py\/index.php\/product\/babyliss-pack-optima-3000-mini-optima-2000\/","name":"BABYLISS PACK OPTIMA 3000+ MINI OPTIMA 2000 - Teleclub","isPartOf":{"@id":"https:\/\/www.teleclub.com.py\/#website"},"primaryImageOfPage":{"@id":"https:\/\/www.teleclub.com.py\/index.php\/product\/babyliss-pack-optima-3000-mini-optima-2000\/#primaryimage"},"image":{"@id":"https:\/\/www.teleclub.com.py\/index.php\/product\/babyliss-pack-optima-3000-mini-optima-2000\/#primaryimage"},"thumbnailUrl":"https:\/\/www.teleclub.com.py\/wp-content\/uploads\/2024\/09\/a-94.png","datePublished":"2024-09-06T16:00:55+00:00","dateModified":"2024-09-09T14:53:07+00:00","breadcrumb":{"@id":"https:\/\/www.teleclub.com.py\/index.php\/product\/babyliss-pack-optima-3000-mini-optima-2000\/#breadcrumb"},"inLanguage":"es","potentialAction":[{"@type":"ReadAction","target":["https:\/\/www.teleclub.com.py\/index.php\/product\/babyliss-pack-optima-3000-mini-optima-2000\/"]}]},{"@type":"ImageObject","inLanguage":"es","@id":"https:\/\/www.teleclub.com.py\/index.php\/product\/babyliss-pack-optima-3000-mini-optima-2000\/#primaryimage","url":"https:\/\/www.teleclub.com.py\/wp-content\/uploads\/2024\/09\/a-94.png","contentUrl":"https:\/\/www.teleclub.com.py\/wp-content\/uploads\/2024\/09\/a-94.png","width":600,"height":600},{"@type":"BreadcrumbList","@id":"https:\/\/www.teleclub.com.py\/index.php\/product\/babyliss-pack-optima-3000-mini-optima-2000\/#breadcrumb","itemListElement":[{"@type":"ListItem","position":1,"name":"Portada","item":"https:\/\/www.teleclub.com.py\/"},{"@type":"ListItem","position":2,"name":"Shop","item":"https:\/\/www.teleclub.com.py\/index.php\/shop-2\/"},{"@type":"ListItem","position":3,"name":"BABYLISS PACK OPTIMA 3000+ MINI OPTIMA 2000"}]},{"@type":"WebSite","@id":"https:\/\/www.teleclub.com.py\/#website","url":"https:\/\/www.teleclub.com.py\/","name":"Teleclub","description":"Tu tienda online","publisher":{"@id":"https:\/\/www.teleclub.com.py\/#organization"},"potentialAction":[{"@type":"SearchAction","target":{"@type":"EntryPoint","urlTemplate":"https:\/\/www.teleclub.com.py\/?s={search_term_string}"},"query-input":{"@type":"PropertyValueSpecification","valueRequired":true,"valueName":"search_term_string"}}],"inLanguage":"es"},{"@type":"Organization","@id":"https:\/\/www.teleclub.com.py\/#organization","name":"Teleclub","url":"https:\/\/www.teleclub.com.py\/","logo":{"@type":"ImageObject","inLanguage":"es","@id":"https:\/\/www.teleclub.com.py\/#\/schema\/logo\/image\/","url":"https:\/\/www.teleclub.com.py\/wp-content\/uploads\/2024\/09\/1611317346760_TeleClub_logo_FondoBlanco-2.jpg","contentUrl":"https:\/\/www.teleclub.com.py\/wp-content\/uploads\/2024\/09\/1611317346760_TeleClub_logo_FondoBlanco-2.jpg","width":1600,"height":1600,"caption":"Teleclub"},"image":{"@id":"https:\/\/www.teleclub.com.py\/#\/schema\/logo\/image\/"},"sameAs":["https:\/\/www.facebook.com\/teleclubpy","https:\/\/www.instagram.com\/teleclubpy"]}]}},"_links":{"self":[{"href":"https:\/\/www.teleclub.com.py\/index.php\/wp-json\/wp\/v2\/product\/9211","targetHints":{"allow":["GET"]}}],"collection":[{"href":"https:\/\/www.teleclub.com.py\/index.php\/wp-json\/wp\/v2\/product"}],"about":[{"href":"https:\/\/www.teleclub.com.py\/index.php\/wp-json\/wp\/v2\/types\/product"}],"wp:featuredmedia":[{"embeddable":true,"href":"https:\/\/www.teleclub.com.py\/index.php\/wp-json\/wp\/v2\/media\/9212"}],"wp:attachment":[{"href":"https:\/\/www.teleclub.com.py\/index.php\/wp-json\/wp\/v2\/media?parent=9211"}],"wp:term":[{"taxonomy":"product_cat","embeddable":true,"href":"https:\/\/www.teleclub.com.py\/index.php\/wp-json\/wp\/v2\/product_cat?post=9211"},{"taxonomy":"product_tag","embeddable":true,"href":"https:\/\/www.teleclub.com.py\/index.php\/wp-json\/wp\/v2\/product_tag?post=9211"}],"curies":[{"name":"wp","href":"https:\/\/api.w.org\/{rel}","templated":true}]}}