{"id":9204,"date":"2024-09-06T09:56:18","date_gmt":"2024-09-06T13:56:18","guid":{"rendered":"https:\/\/www.teleclub.com.py\/?post_type=product&#038;p=9204"},"modified":"2024-09-09T10:53:16","modified_gmt":"2024-09-09T14:53:16","slug":"babyliss-pack-nano-gold-pl-optima-3000-sec-6177-pink","status":"publish","type":"product","link":"https:\/\/www.teleclub.com.py\/index.php\/product\/babyliss-pack-nano-gold-pl-optima-3000-sec-6177-pink\/","title":{"rendered":"BABYLISS PACK NANO GOLD (PL. OPTIMA 3000+ SEC.6177)\/PINK"},"content":{"rendered":"<p>SECADOR 6177<\/p>\n<ul>\n<li>Motor de 2000 watts<\/li>\n<li>Tecnolog\u00eda de Nano Titanium<\/li>\n<li>Generador de Iones<\/li>\n<li>6 Niveles de velocidad\/temperatura<\/li>\n<li>Filtro removible<\/li>\n<li>Bot\u00f3n de aire fr\u00edo<\/li>\n<li>1 concentrador de aire<\/li>\n<li>Cable profesional de 275 cm<\/li>\n<\/ul>\n<p>PLANCHITA\u00a0OPTIMA 3000<\/p>\n<ul>\n<li>Doble funci\u00f3n: alisar y rizar.<\/li>\n<li>Carcasa de acero inoxidable resistente a la deformaci\u00f3n y corrosi\u00f3n.<\/li>\n<li>Placas de nano-titanium para una conducci\u00f3n t\u00e9rmica superior.<\/li>\n<li>Sistema de doble resistencia de cer\u00e1mica de alta densidad para una mayor potencia.<\/li>\n<li>Calentamiento hasta un 20% m\u00e1s r\u00e1pido.<\/li>\n<li>Temperatura m\u00e1xima de 240\u00baC.<\/li>\n<li>Tecnolog\u00eda multiplicadora de iones produce el doble de iones para menos frizz.<\/li>\n<li>Temperatura ajustable desde 150 hasta 240\u00ba.<\/li>\n<\/ul>\n","protected":false},"excerpt":{"rendered":"<p>El Secador de Pelo BaByliss Pro 6177 con un motor profesional de 2000W de potencia ayuda a obtener una salida de \ufb02ujo de aire de gran presi\u00f3n que penetra instant\u00e1neamente en el cabello para obtener un secado ultra r\u00e1pido y de mayor duraci\u00f3n.rnAlcanza la perfecci\u00f3n con la Planchita BaByliss Titanium Optima 3000. Domina tu estilo con la \u00faltima tecnolog\u00eda en cuidado del cabello. Cabello suave, brillante y sin esfuerzo, en cada pasada.<\/p>\n","protected":false},"featured_media":9205,"template":"","meta":{"om_disable_all_campaigns":false},"product_cat":[365],"product_tag":[],"class_list":{"0":"post-9204","1":"product","2":"type-product","3":"status-publish","4":"has-post-thumbnail","6":"product_cat-belleza-y-salud","8":"first","9":"instock","10":"shipping-taxable","11":"purchasable","12":"product-type-simple"},"yoast_head":"<!-- This site is optimized with the Yoast SEO plugin v23.6 - https:\/\/yoast.com\/wordpress\/plugins\/seo\/ -->\n<title>BABYLISS PACK NANO GOLD (PL. OPTIMA 3000+ SEC.6177)\/PINK - Teleclub<\/title>\n<meta name=\"robots\" content=\"index, follow, max-snippet:-1, max-image-preview:large, max-video-preview:-1\" \/>\n<link rel=\"canonical\" href=\"https:\/\/www.teleclub.com.py\/index.php\/product\/babyliss-pack-nano-gold-pl-optima-3000-sec-6177-pink\/\" \/>\n<meta property=\"og:locale\" content=\"es_ES\" \/>\n<meta property=\"og:type\" content=\"article\" \/>\n<meta property=\"og:title\" content=\"BABYLISS PACK NANO GOLD (PL. OPTIMA 3000+ SEC.6177)\/PINK - Teleclub\" \/>\n<meta property=\"og:description\" content=\"El Secador de Pelo BaByliss Pro 6177 con un motor profesional de 2000W de potencia ayuda a obtener una salida de \ufb02ujo de aire de gran presi\u00f3n que penetra instant\u00e1neamente en el cabello para obtener un secado ultra r\u00e1pido y de mayor duraci\u00f3n.rnAlcanza la perfecci\u00f3n con la Planchita BaByliss Titanium Optima 3000. Domina tu estilo con la \u00faltima tecnolog\u00eda en cuidado del cabello. Cabello suave, brillante y sin esfuerzo, en cada pasada.\" \/>\n<meta property=\"og:url\" content=\"https:\/\/www.teleclub.com.py\/index.php\/product\/babyliss-pack-nano-gold-pl-optima-3000-sec-6177-pink\/\" \/>\n<meta property=\"og:site_name\" content=\"Teleclub\" \/>\n<meta property=\"article:publisher\" content=\"https:\/\/www.facebook.com\/teleclubpy\" \/>\n<meta property=\"article:modified_time\" content=\"2024-09-09T14:53:16+00:00\" \/>\n<meta property=\"og:image\" content=\"https:\/\/www.teleclub.com.py\/wp-content\/uploads\/2024\/09\/a-91.png\" \/>\n\t<meta property=\"og:image:width\" content=\"600\" \/>\n\t<meta property=\"og:image:height\" content=\"600\" \/>\n\t<meta property=\"og:image:type\" content=\"image\/png\" \/>\n<meta name=\"twitter:card\" content=\"summary_large_image\" \/>\n<meta name=\"twitter:label1\" content=\"Tiempo de lectura\" \/>\n\t<meta name=\"twitter:data1\" content=\"1 minuto\" \/>\n<script type=\"application\/ld+json\" class=\"yoast-schema-graph\">{\"@context\":\"https:\/\/schema.org\",\"@graph\":[{\"@type\":\"WebPage\",\"@id\":\"https:\/\/www.teleclub.com.py\/index.php\/product\/babyliss-pack-nano-gold-pl-optima-3000-sec-6177-pink\/\",\"url\":\"https:\/\/www.teleclub.com.py\/index.php\/product\/babyliss-pack-nano-gold-pl-optima-3000-sec-6177-pink\/\",\"name\":\"BABYLISS PACK NANO GOLD (PL. OPTIMA 3000+ SEC.6177)\/PINK - Teleclub\",\"isPartOf\":{\"@id\":\"https:\/\/www.teleclub.com.py\/#website\"},\"primaryImageOfPage\":{\"@id\":\"https:\/\/www.teleclub.com.py\/index.php\/product\/babyliss-pack-nano-gold-pl-optima-3000-sec-6177-pink\/#primaryimage\"},\"image\":{\"@id\":\"https:\/\/www.teleclub.com.py\/index.php\/product\/babyliss-pack-nano-gold-pl-optima-3000-sec-6177-pink\/#primaryimage\"},\"thumbnailUrl\":\"https:\/\/www.teleclub.com.py\/wp-content\/uploads\/2024\/09\/a-91.png\",\"datePublished\":\"2024-09-06T13:56:18+00:00\",\"dateModified\":\"2024-09-09T14:53:16+00:00\",\"breadcrumb\":{\"@id\":\"https:\/\/www.teleclub.com.py\/index.php\/product\/babyliss-pack-nano-gold-pl-optima-3000-sec-6177-pink\/#breadcrumb\"},\"inLanguage\":\"es\",\"potentialAction\":[{\"@type\":\"ReadAction\",\"target\":[\"https:\/\/www.teleclub.com.py\/index.php\/product\/babyliss-pack-nano-gold-pl-optima-3000-sec-6177-pink\/\"]}]},{\"@type\":\"ImageObject\",\"inLanguage\":\"es\",\"@id\":\"https:\/\/www.teleclub.com.py\/index.php\/product\/babyliss-pack-nano-gold-pl-optima-3000-sec-6177-pink\/#primaryimage\",\"url\":\"https:\/\/www.teleclub.com.py\/wp-content\/uploads\/2024\/09\/a-91.png\",\"contentUrl\":\"https:\/\/www.teleclub.com.py\/wp-content\/uploads\/2024\/09\/a-91.png\",\"width\":600,\"height\":600},{\"@type\":\"BreadcrumbList\",\"@id\":\"https:\/\/www.teleclub.com.py\/index.php\/product\/babyliss-pack-nano-gold-pl-optima-3000-sec-6177-pink\/#breadcrumb\",\"itemListElement\":[{\"@type\":\"ListItem\",\"position\":1,\"name\":\"Portada\",\"item\":\"https:\/\/www.teleclub.com.py\/\"},{\"@type\":\"ListItem\",\"position\":2,\"name\":\"Shop\",\"item\":\"https:\/\/www.teleclub.com.py\/index.php\/shop-2\/\"},{\"@type\":\"ListItem\",\"position\":3,\"name\":\"BABYLISS PACK NANO GOLD (PL. OPTIMA 3000+ SEC.6177)\/PINK\"}]},{\"@type\":\"WebSite\",\"@id\":\"https:\/\/www.teleclub.com.py\/#website\",\"url\":\"https:\/\/www.teleclub.com.py\/\",\"name\":\"Teleclub\",\"description\":\"Tu tienda online\",\"publisher\":{\"@id\":\"https:\/\/www.teleclub.com.py\/#organization\"},\"potentialAction\":[{\"@type\":\"SearchAction\",\"target\":{\"@type\":\"EntryPoint\",\"urlTemplate\":\"https:\/\/www.teleclub.com.py\/?s={search_term_string}\"},\"query-input\":{\"@type\":\"PropertyValueSpecification\",\"valueRequired\":true,\"valueName\":\"search_term_string\"}}],\"inLanguage\":\"es\"},{\"@type\":\"Organization\",\"@id\":\"https:\/\/www.teleclub.com.py\/#organization\",\"name\":\"Teleclub\",\"url\":\"https:\/\/www.teleclub.com.py\/\",\"logo\":{\"@type\":\"ImageObject\",\"inLanguage\":\"es\",\"@id\":\"https:\/\/www.teleclub.com.py\/#\/schema\/logo\/image\/\",\"url\":\"https:\/\/www.teleclub.com.py\/wp-content\/uploads\/2024\/09\/1611317346760_TeleClub_logo_FondoBlanco-2.jpg\",\"contentUrl\":\"https:\/\/www.teleclub.com.py\/wp-content\/uploads\/2024\/09\/1611317346760_TeleClub_logo_FondoBlanco-2.jpg\",\"width\":1600,\"height\":1600,\"caption\":\"Teleclub\"},\"image\":{\"@id\":\"https:\/\/www.teleclub.com.py\/#\/schema\/logo\/image\/\"},\"sameAs\":[\"https:\/\/www.facebook.com\/teleclubpy\",\"https:\/\/www.instagram.com\/teleclubpy\"]}]}<\/script>\n<!-- \/ Yoast SEO plugin. -->","yoast_head_json":{"title":"BABYLISS PACK NANO GOLD (PL. OPTIMA 3000+ SEC.6177)\/PINK - Teleclub","robots":{"index":"index","follow":"follow","max-snippet":"max-snippet:-1","max-image-preview":"max-image-preview:large","max-video-preview":"max-video-preview:-1"},"canonical":"https:\/\/www.teleclub.com.py\/index.php\/product\/babyliss-pack-nano-gold-pl-optima-3000-sec-6177-pink\/","og_locale":"es_ES","og_type":"article","og_title":"BABYLISS PACK NANO GOLD (PL. OPTIMA 3000+ SEC.6177)\/PINK - Teleclub","og_description":"El Secador de Pelo BaByliss Pro 6177 con un motor profesional de 2000W de potencia ayuda a obtener una salida de \ufb02ujo de aire de gran presi\u00f3n que penetra instant\u00e1neamente en el cabello para obtener un secado ultra r\u00e1pido y de mayor duraci\u00f3n.rnAlcanza la perfecci\u00f3n con la Planchita BaByliss Titanium Optima 3000. Domina tu estilo con la \u00faltima tecnolog\u00eda en cuidado del cabello. Cabello suave, brillante y sin esfuerzo, en cada pasada.","og_url":"https:\/\/www.teleclub.com.py\/index.php\/product\/babyliss-pack-nano-gold-pl-optima-3000-sec-6177-pink\/","og_site_name":"Teleclub","article_publisher":"https:\/\/www.facebook.com\/teleclubpy","article_modified_time":"2024-09-09T14:53:16+00:00","og_image":[{"width":600,"height":600,"url":"https:\/\/www.teleclub.com.py\/wp-content\/uploads\/2024\/09\/a-91.png","type":"image\/png"}],"twitter_card":"summary_large_image","twitter_misc":{"Tiempo de lectura":"1 minuto"},"schema":{"@context":"https:\/\/schema.org","@graph":[{"@type":"WebPage","@id":"https:\/\/www.teleclub.com.py\/index.php\/product\/babyliss-pack-nano-gold-pl-optima-3000-sec-6177-pink\/","url":"https:\/\/www.teleclub.com.py\/index.php\/product\/babyliss-pack-nano-gold-pl-optima-3000-sec-6177-pink\/","name":"BABYLISS PACK NANO GOLD (PL. OPTIMA 3000+ SEC.6177)\/PINK - Teleclub","isPartOf":{"@id":"https:\/\/www.teleclub.com.py\/#website"},"primaryImageOfPage":{"@id":"https:\/\/www.teleclub.com.py\/index.php\/product\/babyliss-pack-nano-gold-pl-optima-3000-sec-6177-pink\/#primaryimage"},"image":{"@id":"https:\/\/www.teleclub.com.py\/index.php\/product\/babyliss-pack-nano-gold-pl-optima-3000-sec-6177-pink\/#primaryimage"},"thumbnailUrl":"https:\/\/www.teleclub.com.py\/wp-content\/uploads\/2024\/09\/a-91.png","datePublished":"2024-09-06T13:56:18+00:00","dateModified":"2024-09-09T14:53:16+00:00","breadcrumb":{"@id":"https:\/\/www.teleclub.com.py\/index.php\/product\/babyliss-pack-nano-gold-pl-optima-3000-sec-6177-pink\/#breadcrumb"},"inLanguage":"es","potentialAction":[{"@type":"ReadAction","target":["https:\/\/www.teleclub.com.py\/index.php\/product\/babyliss-pack-nano-gold-pl-optima-3000-sec-6177-pink\/"]}]},{"@type":"ImageObject","inLanguage":"es","@id":"https:\/\/www.teleclub.com.py\/index.php\/product\/babyliss-pack-nano-gold-pl-optima-3000-sec-6177-pink\/#primaryimage","url":"https:\/\/www.teleclub.com.py\/wp-content\/uploads\/2024\/09\/a-91.png","contentUrl":"https:\/\/www.teleclub.com.py\/wp-content\/uploads\/2024\/09\/a-91.png","width":600,"height":600},{"@type":"BreadcrumbList","@id":"https:\/\/www.teleclub.com.py\/index.php\/product\/babyliss-pack-nano-gold-pl-optima-3000-sec-6177-pink\/#breadcrumb","itemListElement":[{"@type":"ListItem","position":1,"name":"Portada","item":"https:\/\/www.teleclub.com.py\/"},{"@type":"ListItem","position":2,"name":"Shop","item":"https:\/\/www.teleclub.com.py\/index.php\/shop-2\/"},{"@type":"ListItem","position":3,"name":"BABYLISS PACK NANO GOLD (PL. OPTIMA 3000+ SEC.6177)\/PINK"}]},{"@type":"WebSite","@id":"https:\/\/www.teleclub.com.py\/#website","url":"https:\/\/www.teleclub.com.py\/","name":"Teleclub","description":"Tu tienda online","publisher":{"@id":"https:\/\/www.teleclub.com.py\/#organization"},"potentialAction":[{"@type":"SearchAction","target":{"@type":"EntryPoint","urlTemplate":"https:\/\/www.teleclub.com.py\/?s={search_term_string}"},"query-input":{"@type":"PropertyValueSpecification","valueRequired":true,"valueName":"search_term_string"}}],"inLanguage":"es"},{"@type":"Organization","@id":"https:\/\/www.teleclub.com.py\/#organization","name":"Teleclub","url":"https:\/\/www.teleclub.com.py\/","logo":{"@type":"ImageObject","inLanguage":"es","@id":"https:\/\/www.teleclub.com.py\/#\/schema\/logo\/image\/","url":"https:\/\/www.teleclub.com.py\/wp-content\/uploads\/2024\/09\/1611317346760_TeleClub_logo_FondoBlanco-2.jpg","contentUrl":"https:\/\/www.teleclub.com.py\/wp-content\/uploads\/2024\/09\/1611317346760_TeleClub_logo_FondoBlanco-2.jpg","width":1600,"height":1600,"caption":"Teleclub"},"image":{"@id":"https:\/\/www.teleclub.com.py\/#\/schema\/logo\/image\/"},"sameAs":["https:\/\/www.facebook.com\/teleclubpy","https:\/\/www.instagram.com\/teleclubpy"]}]}},"_links":{"self":[{"href":"https:\/\/www.teleclub.com.py\/index.php\/wp-json\/wp\/v2\/product\/9204","targetHints":{"allow":["GET"]}}],"collection":[{"href":"https:\/\/www.teleclub.com.py\/index.php\/wp-json\/wp\/v2\/product"}],"about":[{"href":"https:\/\/www.teleclub.com.py\/index.php\/wp-json\/wp\/v2\/types\/product"}],"wp:featuredmedia":[{"embeddable":true,"href":"https:\/\/www.teleclub.com.py\/index.php\/wp-json\/wp\/v2\/media\/9205"}],"wp:attachment":[{"href":"https:\/\/www.teleclub.com.py\/index.php\/wp-json\/wp\/v2\/media?parent=9204"}],"wp:term":[{"taxonomy":"product_cat","embeddable":true,"href":"https:\/\/www.teleclub.com.py\/index.php\/wp-json\/wp\/v2\/product_cat?post=9204"},{"taxonomy":"product_tag","embeddable":true,"href":"https:\/\/www.teleclub.com.py\/index.php\/wp-json\/wp\/v2\/product_tag?post=9204"}],"curies":[{"name":"wp","href":"https:\/\/api.w.org\/{rel}","templated":true}]}}