{"id":9199,"date":"2024-09-06T09:28:09","date_gmt":"2024-09-06T13:28:09","guid":{"rendered":"https:\/\/www.teleclub.com.py\/?post_type=product&#038;p=9199"},"modified":"2024-09-09T10:53:20","modified_gmt":"2024-09-09T14:53:20","slug":"babyliss-ondulador-raimbow-1-de-25-mm","status":"publish","type":"product","link":"https:\/\/www.teleclub.com.py\/index.php\/product\/babyliss-ondulador-raimbow-1-de-25-mm\/","title":{"rendered":"BABYLISS ONDULADOR RAIMBOW 1&#8243; DE 25 MM"},"content":{"rendered":"","protected":false},"excerpt":{"rendered":"<ul>\n<li>Los Rizadores De Barril Extendido Ba Byliss Pro\u00ae Nano Titanium\u2122 Son 2&#8243; M\u00e1s Largos Que Los Tradicionales<\/li>\n<li>Rizadores Que Los Hacen Perfectos Para Crear Rizos En Cabello M\u00e1s Largo.<\/li>\n<li>Cilindro 2\u201d M\u00e1s Largo Que Los Cilindros Rizadores Tradicionales, Perfecto Para Cabello Largo<\/li>\n<li>Distribuci\u00f3n Uniforme Del Calor Para Un Peinado M\u00e1s Suave.<\/li>\n<li>5 Configuraciones De Temperatura Digitales F\u00e1ciles De Leer Hasta 430\u00b0F, Para Todo Tipo De Cabello<\/li>\n<li>Ultraligero Con Cool Tip F\u00e1cil De Agarrar<\/li>\n<li>Doble Voltaje Para Uso Mundial<\/li>\n<li>Cable De Alimentaci\u00f3n Giratorio De 8&#8242;<\/li>\n<\/ul>\n","protected":false},"featured_media":9200,"template":"","meta":{"om_disable_all_campaigns":false},"product_cat":[368],"product_tag":[],"class_list":{"0":"post-9199","1":"product","2":"type-product","3":"status-publish","4":"has-post-thumbnail","6":"product_cat-onduladores","8":"first","9":"instock","10":"shipping-taxable","11":"purchasable","12":"product-type-simple"},"yoast_head":"<!-- This site is optimized with the Yoast SEO plugin v23.6 - https:\/\/yoast.com\/wordpress\/plugins\/seo\/ -->\n<title>BABYLISS ONDULADOR RAIMBOW 1&quot; DE 25 MM - Teleclub<\/title>\n<meta name=\"robots\" content=\"index, follow, max-snippet:-1, max-image-preview:large, max-video-preview:-1\" \/>\n<link rel=\"canonical\" href=\"https:\/\/www.teleclub.com.py\/index.php\/product\/babyliss-ondulador-raimbow-1-de-25-mm\/\" \/>\n<meta property=\"og:locale\" content=\"es_ES\" \/>\n<meta property=\"og:type\" content=\"article\" \/>\n<meta property=\"og:title\" content=\"BABYLISS ONDULADOR RAIMBOW 1&quot; DE 25 MM - Teleclub\" \/>\n<meta property=\"og:description\" content=\"Los Rizadores De Barril Extendido Ba Byliss Pro\u00ae Nano Titanium\u2122 Son 2&quot; M\u00e1s Largos Que Los Tradicionales  Rizadores Que Los Hacen Perfectos Para Crear Rizos En Cabello M\u00e1s Largo.  Cilindro 2\u201d M\u00e1s Largo Que Los Cilindros Rizadores Tradicionales, Perfecto Para Cabello Largo  Distribuci\u00f3n Uniforme Del Calor Para Un Peinado M\u00e1s Suave.  5 Configuraciones De Temperatura Digitales F\u00e1ciles De Leer Hasta 430\u00b0F, Para Todo Tipo De Cabello  Ultraligero Con Cool Tip F\u00e1cil De Agarrar  Doble Voltaje Para Uso Mundial  Cable De Alimentaci\u00f3n Giratorio De 8&#039;\" \/>\n<meta property=\"og:url\" content=\"https:\/\/www.teleclub.com.py\/index.php\/product\/babyliss-ondulador-raimbow-1-de-25-mm\/\" \/>\n<meta property=\"og:site_name\" content=\"Teleclub\" \/>\n<meta property=\"article:publisher\" content=\"https:\/\/www.facebook.com\/teleclubpy\" \/>\n<meta property=\"article:modified_time\" content=\"2024-09-09T14:53:20+00:00\" \/>\n<meta property=\"og:image\" content=\"https:\/\/www.teleclub.com.py\/wp-content\/uploads\/2024\/09\/a-88.png\" \/>\n\t<meta property=\"og:image:width\" content=\"800\" \/>\n\t<meta property=\"og:image:height\" content=\"800\" \/>\n\t<meta property=\"og:image:type\" content=\"image\/png\" \/>\n<meta name=\"twitter:card\" content=\"summary_large_image\" \/>\n<script type=\"application\/ld+json\" class=\"yoast-schema-graph\">{\"@context\":\"https:\/\/schema.org\",\"@graph\":[{\"@type\":\"WebPage\",\"@id\":\"https:\/\/www.teleclub.com.py\/index.php\/product\/babyliss-ondulador-raimbow-1-de-25-mm\/\",\"url\":\"https:\/\/www.teleclub.com.py\/index.php\/product\/babyliss-ondulador-raimbow-1-de-25-mm\/\",\"name\":\"BABYLISS ONDULADOR RAIMBOW 1\\\" DE 25 MM - Teleclub\",\"isPartOf\":{\"@id\":\"https:\/\/www.teleclub.com.py\/#website\"},\"primaryImageOfPage\":{\"@id\":\"https:\/\/www.teleclub.com.py\/index.php\/product\/babyliss-ondulador-raimbow-1-de-25-mm\/#primaryimage\"},\"image\":{\"@id\":\"https:\/\/www.teleclub.com.py\/index.php\/product\/babyliss-ondulador-raimbow-1-de-25-mm\/#primaryimage\"},\"thumbnailUrl\":\"https:\/\/www.teleclub.com.py\/wp-content\/uploads\/2024\/09\/a-88.png\",\"datePublished\":\"2024-09-06T13:28:09+00:00\",\"dateModified\":\"2024-09-09T14:53:20+00:00\",\"breadcrumb\":{\"@id\":\"https:\/\/www.teleclub.com.py\/index.php\/product\/babyliss-ondulador-raimbow-1-de-25-mm\/#breadcrumb\"},\"inLanguage\":\"es\",\"potentialAction\":[{\"@type\":\"ReadAction\",\"target\":[\"https:\/\/www.teleclub.com.py\/index.php\/product\/babyliss-ondulador-raimbow-1-de-25-mm\/\"]}]},{\"@type\":\"ImageObject\",\"inLanguage\":\"es\",\"@id\":\"https:\/\/www.teleclub.com.py\/index.php\/product\/babyliss-ondulador-raimbow-1-de-25-mm\/#primaryimage\",\"url\":\"https:\/\/www.teleclub.com.py\/wp-content\/uploads\/2024\/09\/a-88.png\",\"contentUrl\":\"https:\/\/www.teleclub.com.py\/wp-content\/uploads\/2024\/09\/a-88.png\",\"width\":800,\"height\":800},{\"@type\":\"BreadcrumbList\",\"@id\":\"https:\/\/www.teleclub.com.py\/index.php\/product\/babyliss-ondulador-raimbow-1-de-25-mm\/#breadcrumb\",\"itemListElement\":[{\"@type\":\"ListItem\",\"position\":1,\"name\":\"Portada\",\"item\":\"https:\/\/www.teleclub.com.py\/\"},{\"@type\":\"ListItem\",\"position\":2,\"name\":\"Shop\",\"item\":\"https:\/\/www.teleclub.com.py\/index.php\/shop-2\/\"},{\"@type\":\"ListItem\",\"position\":3,\"name\":\"BABYLISS ONDULADOR RAIMBOW 1&#8243; DE 25 MM\"}]},{\"@type\":\"WebSite\",\"@id\":\"https:\/\/www.teleclub.com.py\/#website\",\"url\":\"https:\/\/www.teleclub.com.py\/\",\"name\":\"Teleclub\",\"description\":\"Tu tienda online\",\"publisher\":{\"@id\":\"https:\/\/www.teleclub.com.py\/#organization\"},\"potentialAction\":[{\"@type\":\"SearchAction\",\"target\":{\"@type\":\"EntryPoint\",\"urlTemplate\":\"https:\/\/www.teleclub.com.py\/?s={search_term_string}\"},\"query-input\":{\"@type\":\"PropertyValueSpecification\",\"valueRequired\":true,\"valueName\":\"search_term_string\"}}],\"inLanguage\":\"es\"},{\"@type\":\"Organization\",\"@id\":\"https:\/\/www.teleclub.com.py\/#organization\",\"name\":\"Teleclub\",\"url\":\"https:\/\/www.teleclub.com.py\/\",\"logo\":{\"@type\":\"ImageObject\",\"inLanguage\":\"es\",\"@id\":\"https:\/\/www.teleclub.com.py\/#\/schema\/logo\/image\/\",\"url\":\"https:\/\/www.teleclub.com.py\/wp-content\/uploads\/2024\/09\/1611317346760_TeleClub_logo_FondoBlanco-2.jpg\",\"contentUrl\":\"https:\/\/www.teleclub.com.py\/wp-content\/uploads\/2024\/09\/1611317346760_TeleClub_logo_FondoBlanco-2.jpg\",\"width\":1600,\"height\":1600,\"caption\":\"Teleclub\"},\"image\":{\"@id\":\"https:\/\/www.teleclub.com.py\/#\/schema\/logo\/image\/\"},\"sameAs\":[\"https:\/\/www.facebook.com\/teleclubpy\",\"https:\/\/www.instagram.com\/teleclubpy\"]}]}<\/script>\n<!-- \/ Yoast SEO plugin. -->","yoast_head_json":{"title":"BABYLISS ONDULADOR RAIMBOW 1\" DE 25 MM - Teleclub","robots":{"index":"index","follow":"follow","max-snippet":"max-snippet:-1","max-image-preview":"max-image-preview:large","max-video-preview":"max-video-preview:-1"},"canonical":"https:\/\/www.teleclub.com.py\/index.php\/product\/babyliss-ondulador-raimbow-1-de-25-mm\/","og_locale":"es_ES","og_type":"article","og_title":"BABYLISS ONDULADOR RAIMBOW 1\" DE 25 MM - Teleclub","og_description":"Los Rizadores De Barril Extendido Ba Byliss Pro\u00ae Nano Titanium\u2122 Son 2\" M\u00e1s Largos Que Los Tradicionales  Rizadores Que Los Hacen Perfectos Para Crear Rizos En Cabello M\u00e1s Largo.  Cilindro 2\u201d M\u00e1s Largo Que Los Cilindros Rizadores Tradicionales, Perfecto Para Cabello Largo  Distribuci\u00f3n Uniforme Del Calor Para Un Peinado M\u00e1s Suave.  5 Configuraciones De Temperatura Digitales F\u00e1ciles De Leer Hasta 430\u00b0F, Para Todo Tipo De Cabello  Ultraligero Con Cool Tip F\u00e1cil De Agarrar  Doble Voltaje Para Uso Mundial  Cable De Alimentaci\u00f3n Giratorio De 8'","og_url":"https:\/\/www.teleclub.com.py\/index.php\/product\/babyliss-ondulador-raimbow-1-de-25-mm\/","og_site_name":"Teleclub","article_publisher":"https:\/\/www.facebook.com\/teleclubpy","article_modified_time":"2024-09-09T14:53:20+00:00","og_image":[{"width":800,"height":800,"url":"https:\/\/www.teleclub.com.py\/wp-content\/uploads\/2024\/09\/a-88.png","type":"image\/png"}],"twitter_card":"summary_large_image","schema":{"@context":"https:\/\/schema.org","@graph":[{"@type":"WebPage","@id":"https:\/\/www.teleclub.com.py\/index.php\/product\/babyliss-ondulador-raimbow-1-de-25-mm\/","url":"https:\/\/www.teleclub.com.py\/index.php\/product\/babyliss-ondulador-raimbow-1-de-25-mm\/","name":"BABYLISS ONDULADOR RAIMBOW 1\" DE 25 MM - Teleclub","isPartOf":{"@id":"https:\/\/www.teleclub.com.py\/#website"},"primaryImageOfPage":{"@id":"https:\/\/www.teleclub.com.py\/index.php\/product\/babyliss-ondulador-raimbow-1-de-25-mm\/#primaryimage"},"image":{"@id":"https:\/\/www.teleclub.com.py\/index.php\/product\/babyliss-ondulador-raimbow-1-de-25-mm\/#primaryimage"},"thumbnailUrl":"https:\/\/www.teleclub.com.py\/wp-content\/uploads\/2024\/09\/a-88.png","datePublished":"2024-09-06T13:28:09+00:00","dateModified":"2024-09-09T14:53:20+00:00","breadcrumb":{"@id":"https:\/\/www.teleclub.com.py\/index.php\/product\/babyliss-ondulador-raimbow-1-de-25-mm\/#breadcrumb"},"inLanguage":"es","potentialAction":[{"@type":"ReadAction","target":["https:\/\/www.teleclub.com.py\/index.php\/product\/babyliss-ondulador-raimbow-1-de-25-mm\/"]}]},{"@type":"ImageObject","inLanguage":"es","@id":"https:\/\/www.teleclub.com.py\/index.php\/product\/babyliss-ondulador-raimbow-1-de-25-mm\/#primaryimage","url":"https:\/\/www.teleclub.com.py\/wp-content\/uploads\/2024\/09\/a-88.png","contentUrl":"https:\/\/www.teleclub.com.py\/wp-content\/uploads\/2024\/09\/a-88.png","width":800,"height":800},{"@type":"BreadcrumbList","@id":"https:\/\/www.teleclub.com.py\/index.php\/product\/babyliss-ondulador-raimbow-1-de-25-mm\/#breadcrumb","itemListElement":[{"@type":"ListItem","position":1,"name":"Portada","item":"https:\/\/www.teleclub.com.py\/"},{"@type":"ListItem","position":2,"name":"Shop","item":"https:\/\/www.teleclub.com.py\/index.php\/shop-2\/"},{"@type":"ListItem","position":3,"name":"BABYLISS ONDULADOR RAIMBOW 1&#8243; DE 25 MM"}]},{"@type":"WebSite","@id":"https:\/\/www.teleclub.com.py\/#website","url":"https:\/\/www.teleclub.com.py\/","name":"Teleclub","description":"Tu tienda online","publisher":{"@id":"https:\/\/www.teleclub.com.py\/#organization"},"potentialAction":[{"@type":"SearchAction","target":{"@type":"EntryPoint","urlTemplate":"https:\/\/www.teleclub.com.py\/?s={search_term_string}"},"query-input":{"@type":"PropertyValueSpecification","valueRequired":true,"valueName":"search_term_string"}}],"inLanguage":"es"},{"@type":"Organization","@id":"https:\/\/www.teleclub.com.py\/#organization","name":"Teleclub","url":"https:\/\/www.teleclub.com.py\/","logo":{"@type":"ImageObject","inLanguage":"es","@id":"https:\/\/www.teleclub.com.py\/#\/schema\/logo\/image\/","url":"https:\/\/www.teleclub.com.py\/wp-content\/uploads\/2024\/09\/1611317346760_TeleClub_logo_FondoBlanco-2.jpg","contentUrl":"https:\/\/www.teleclub.com.py\/wp-content\/uploads\/2024\/09\/1611317346760_TeleClub_logo_FondoBlanco-2.jpg","width":1600,"height":1600,"caption":"Teleclub"},"image":{"@id":"https:\/\/www.teleclub.com.py\/#\/schema\/logo\/image\/"},"sameAs":["https:\/\/www.facebook.com\/teleclubpy","https:\/\/www.instagram.com\/teleclubpy"]}]}},"_links":{"self":[{"href":"https:\/\/www.teleclub.com.py\/index.php\/wp-json\/wp\/v2\/product\/9199","targetHints":{"allow":["GET"]}}],"collection":[{"href":"https:\/\/www.teleclub.com.py\/index.php\/wp-json\/wp\/v2\/product"}],"about":[{"href":"https:\/\/www.teleclub.com.py\/index.php\/wp-json\/wp\/v2\/types\/product"}],"wp:featuredmedia":[{"embeddable":true,"href":"https:\/\/www.teleclub.com.py\/index.php\/wp-json\/wp\/v2\/media\/9200"}],"wp:attachment":[{"href":"https:\/\/www.teleclub.com.py\/index.php\/wp-json\/wp\/v2\/media?parent=9199"}],"wp:term":[{"taxonomy":"product_cat","embeddable":true,"href":"https:\/\/www.teleclub.com.py\/index.php\/wp-json\/wp\/v2\/product_cat?post=9199"},{"taxonomy":"product_tag","embeddable":true,"href":"https:\/\/www.teleclub.com.py\/index.php\/wp-json\/wp\/v2\/product_tag?post=9199"}],"curies":[{"name":"wp","href":"https:\/\/api.w.org\/{rel}","templated":true}]}}