{"id":8980,"date":"2024-09-04T22:16:43","date_gmt":"2024-09-05T02:16:43","guid":{"rendered":"https:\/\/www.teleclub.com.py\/?post_type=product&#038;p=8980"},"modified":"2024-09-05T11:01:06","modified_gmt":"2024-09-05T15:01:06","slug":"mochila-para-notebook-xiaomi-city-backpack-2-dsbb03rm-hasta-15-6-gris","status":"publish","type":"product","link":"https:\/\/www.teleclub.com.py\/index.php\/product\/mochila-para-notebook-xiaomi-city-backpack-2-dsbb03rm-hasta-15-6-gris\/","title":{"rendered":"Mochila para Notebook Xiaomi City Backpack 2 DSBB03RM hasta 15.6&#8243;; &#8211; Gris"},"content":{"rendered":"<p>La mochila Xiaomi Mi City Backpack 2 tiene un dise\u00f1o cl\u00e1sico y elegante ideal para uso causal o diario, con capacidad para un port\u00e1til de hasta 15.6 pulgadas. Tambi\u00e9n posee varios compartimientos y bolsillos internos en los que podr\u00e1s llevar ordenadamente todas tus cosas y un bolsillo frontal para que puedas almacenar objetos para los que necesites un f\u00e1cil y r\u00e1pido acceso. Adem\u00e1s, est\u00e1 fabricado con material poli\u00e9ster impermeable, para que su contenido no quede da\u00f1ado cuando llueva<\/p>\n","protected":false},"excerpt":{"rendered":"<ul>\n<li><strong>Dise\u00f1o:\u00a0<\/strong>Elegante y cuadrado<\/li>\n<li><strong>Material:<\/strong>\u00a0Poli\u00e9ster<\/li>\n<li><strong>Almacenamiento:<\/strong>\u00a0Seguro<\/li>\n<li><strong>Medidas:\u00a0<\/strong>40 x 30.5\u00a0x 14\u00a0cm<\/li>\n<\/ul>\n","protected":false},"featured_media":8981,"template":"","meta":{"om_disable_all_campaigns":false},"product_cat":[268],"product_tag":[],"class_list":{"0":"post-8980","1":"product","2":"type-product","3":"status-publish","4":"has-post-thumbnail","6":"product_cat-accesorios-informatica","8":"first","9":"instock","10":"shipping-taxable","11":"purchasable","12":"product-type-simple"},"yoast_head":"<!-- This site is optimized with the Yoast SEO plugin v23.6 - https:\/\/yoast.com\/wordpress\/plugins\/seo\/ -->\n<title>Mochila para Notebook Xiaomi City Backpack 2 DSBB03RM hasta 15.6&quot;; - Gris - Teleclub<\/title>\n<meta name=\"robots\" content=\"index, follow, max-snippet:-1, max-image-preview:large, max-video-preview:-1\" \/>\n<link rel=\"canonical\" href=\"https:\/\/www.teleclub.com.py\/index.php\/product\/mochila-para-notebook-xiaomi-city-backpack-2-dsbb03rm-hasta-15-6-gris\/\" \/>\n<meta property=\"og:locale\" content=\"es_ES\" \/>\n<meta property=\"og:type\" content=\"article\" \/>\n<meta property=\"og:title\" content=\"Mochila para Notebook Xiaomi City Backpack 2 DSBB03RM hasta 15.6&quot;; - Gris - Teleclub\" \/>\n<meta property=\"og:description\" content=\"Dise\u00f1o:\u00a0Elegante y cuadrado  Material:\u00a0Poli\u00e9ster  Almacenamiento:\u00a0Seguro  Medidas:\u00a040 x 30.5\u00a0x 14\u00a0cm\" \/>\n<meta property=\"og:url\" content=\"https:\/\/www.teleclub.com.py\/index.php\/product\/mochila-para-notebook-xiaomi-city-backpack-2-dsbb03rm-hasta-15-6-gris\/\" \/>\n<meta property=\"og:site_name\" content=\"Teleclub\" \/>\n<meta property=\"article:publisher\" content=\"https:\/\/www.facebook.com\/teleclubpy\" \/>\n<meta property=\"article:modified_time\" content=\"2024-09-05T15:01:06+00:00\" \/>\n<meta property=\"og:image\" content=\"https:\/\/www.teleclub.com.py\/wp-content\/uploads\/2024\/09\/a-29.png\" \/>\n\t<meta property=\"og:image:width\" content=\"1000\" \/>\n\t<meta property=\"og:image:height\" content=\"1000\" \/>\n\t<meta property=\"og:image:type\" content=\"image\/png\" \/>\n<meta name=\"twitter:card\" content=\"summary_large_image\" \/>\n<script type=\"application\/ld+json\" class=\"yoast-schema-graph\">{\"@context\":\"https:\/\/schema.org\",\"@graph\":[{\"@type\":\"WebPage\",\"@id\":\"https:\/\/www.teleclub.com.py\/index.php\/product\/mochila-para-notebook-xiaomi-city-backpack-2-dsbb03rm-hasta-15-6-gris\/\",\"url\":\"https:\/\/www.teleclub.com.py\/index.php\/product\/mochila-para-notebook-xiaomi-city-backpack-2-dsbb03rm-hasta-15-6-gris\/\",\"name\":\"Mochila para Notebook Xiaomi City Backpack 2 DSBB03RM hasta 15.6\\\"; - Gris - Teleclub\",\"isPartOf\":{\"@id\":\"https:\/\/www.teleclub.com.py\/#website\"},\"primaryImageOfPage\":{\"@id\":\"https:\/\/www.teleclub.com.py\/index.php\/product\/mochila-para-notebook-xiaomi-city-backpack-2-dsbb03rm-hasta-15-6-gris\/#primaryimage\"},\"image\":{\"@id\":\"https:\/\/www.teleclub.com.py\/index.php\/product\/mochila-para-notebook-xiaomi-city-backpack-2-dsbb03rm-hasta-15-6-gris\/#primaryimage\"},\"thumbnailUrl\":\"https:\/\/www.teleclub.com.py\/wp-content\/uploads\/2024\/09\/a-29.png\",\"datePublished\":\"2024-09-05T02:16:43+00:00\",\"dateModified\":\"2024-09-05T15:01:06+00:00\",\"breadcrumb\":{\"@id\":\"https:\/\/www.teleclub.com.py\/index.php\/product\/mochila-para-notebook-xiaomi-city-backpack-2-dsbb03rm-hasta-15-6-gris\/#breadcrumb\"},\"inLanguage\":\"es\",\"potentialAction\":[{\"@type\":\"ReadAction\",\"target\":[\"https:\/\/www.teleclub.com.py\/index.php\/product\/mochila-para-notebook-xiaomi-city-backpack-2-dsbb03rm-hasta-15-6-gris\/\"]}]},{\"@type\":\"ImageObject\",\"inLanguage\":\"es\",\"@id\":\"https:\/\/www.teleclub.com.py\/index.php\/product\/mochila-para-notebook-xiaomi-city-backpack-2-dsbb03rm-hasta-15-6-gris\/#primaryimage\",\"url\":\"https:\/\/www.teleclub.com.py\/wp-content\/uploads\/2024\/09\/a-29.png\",\"contentUrl\":\"https:\/\/www.teleclub.com.py\/wp-content\/uploads\/2024\/09\/a-29.png\",\"width\":1000,\"height\":1000},{\"@type\":\"BreadcrumbList\",\"@id\":\"https:\/\/www.teleclub.com.py\/index.php\/product\/mochila-para-notebook-xiaomi-city-backpack-2-dsbb03rm-hasta-15-6-gris\/#breadcrumb\",\"itemListElement\":[{\"@type\":\"ListItem\",\"position\":1,\"name\":\"Portada\",\"item\":\"https:\/\/www.teleclub.com.py\/\"},{\"@type\":\"ListItem\",\"position\":2,\"name\":\"Shop\",\"item\":\"https:\/\/www.teleclub.com.py\/index.php\/shop-2\/\"},{\"@type\":\"ListItem\",\"position\":3,\"name\":\"Mochila para Notebook Xiaomi City Backpack 2 DSBB03RM hasta 15.6&#8243;; &#8211; Gris\"}]},{\"@type\":\"WebSite\",\"@id\":\"https:\/\/www.teleclub.com.py\/#website\",\"url\":\"https:\/\/www.teleclub.com.py\/\",\"name\":\"Teleclub\",\"description\":\"Tu tienda online\",\"publisher\":{\"@id\":\"https:\/\/www.teleclub.com.py\/#organization\"},\"potentialAction\":[{\"@type\":\"SearchAction\",\"target\":{\"@type\":\"EntryPoint\",\"urlTemplate\":\"https:\/\/www.teleclub.com.py\/?s={search_term_string}\"},\"query-input\":{\"@type\":\"PropertyValueSpecification\",\"valueRequired\":true,\"valueName\":\"search_term_string\"}}],\"inLanguage\":\"es\"},{\"@type\":\"Organization\",\"@id\":\"https:\/\/www.teleclub.com.py\/#organization\",\"name\":\"Teleclub\",\"url\":\"https:\/\/www.teleclub.com.py\/\",\"logo\":{\"@type\":\"ImageObject\",\"inLanguage\":\"es\",\"@id\":\"https:\/\/www.teleclub.com.py\/#\/schema\/logo\/image\/\",\"url\":\"https:\/\/www.teleclub.com.py\/wp-content\/uploads\/2024\/09\/1611317346760_TeleClub_logo_FondoBlanco-2.jpg\",\"contentUrl\":\"https:\/\/www.teleclub.com.py\/wp-content\/uploads\/2024\/09\/1611317346760_TeleClub_logo_FondoBlanco-2.jpg\",\"width\":1600,\"height\":1600,\"caption\":\"Teleclub\"},\"image\":{\"@id\":\"https:\/\/www.teleclub.com.py\/#\/schema\/logo\/image\/\"},\"sameAs\":[\"https:\/\/www.facebook.com\/teleclubpy\",\"https:\/\/www.instagram.com\/teleclubpy\"]}]}<\/script>\n<!-- \/ Yoast SEO plugin. -->","yoast_head_json":{"title":"Mochila para Notebook Xiaomi City Backpack 2 DSBB03RM hasta 15.6\"; - Gris - Teleclub","robots":{"index":"index","follow":"follow","max-snippet":"max-snippet:-1","max-image-preview":"max-image-preview:large","max-video-preview":"max-video-preview:-1"},"canonical":"https:\/\/www.teleclub.com.py\/index.php\/product\/mochila-para-notebook-xiaomi-city-backpack-2-dsbb03rm-hasta-15-6-gris\/","og_locale":"es_ES","og_type":"article","og_title":"Mochila para Notebook Xiaomi City Backpack 2 DSBB03RM hasta 15.6\"; - Gris - Teleclub","og_description":"Dise\u00f1o:\u00a0Elegante y cuadrado  Material:\u00a0Poli\u00e9ster  Almacenamiento:\u00a0Seguro  Medidas:\u00a040 x 30.5\u00a0x 14\u00a0cm","og_url":"https:\/\/www.teleclub.com.py\/index.php\/product\/mochila-para-notebook-xiaomi-city-backpack-2-dsbb03rm-hasta-15-6-gris\/","og_site_name":"Teleclub","article_publisher":"https:\/\/www.facebook.com\/teleclubpy","article_modified_time":"2024-09-05T15:01:06+00:00","og_image":[{"width":1000,"height":1000,"url":"https:\/\/www.teleclub.com.py\/wp-content\/uploads\/2024\/09\/a-29.png","type":"image\/png"}],"twitter_card":"summary_large_image","schema":{"@context":"https:\/\/schema.org","@graph":[{"@type":"WebPage","@id":"https:\/\/www.teleclub.com.py\/index.php\/product\/mochila-para-notebook-xiaomi-city-backpack-2-dsbb03rm-hasta-15-6-gris\/","url":"https:\/\/www.teleclub.com.py\/index.php\/product\/mochila-para-notebook-xiaomi-city-backpack-2-dsbb03rm-hasta-15-6-gris\/","name":"Mochila para Notebook Xiaomi City Backpack 2 DSBB03RM hasta 15.6\"; - Gris - Teleclub","isPartOf":{"@id":"https:\/\/www.teleclub.com.py\/#website"},"primaryImageOfPage":{"@id":"https:\/\/www.teleclub.com.py\/index.php\/product\/mochila-para-notebook-xiaomi-city-backpack-2-dsbb03rm-hasta-15-6-gris\/#primaryimage"},"image":{"@id":"https:\/\/www.teleclub.com.py\/index.php\/product\/mochila-para-notebook-xiaomi-city-backpack-2-dsbb03rm-hasta-15-6-gris\/#primaryimage"},"thumbnailUrl":"https:\/\/www.teleclub.com.py\/wp-content\/uploads\/2024\/09\/a-29.png","datePublished":"2024-09-05T02:16:43+00:00","dateModified":"2024-09-05T15:01:06+00:00","breadcrumb":{"@id":"https:\/\/www.teleclub.com.py\/index.php\/product\/mochila-para-notebook-xiaomi-city-backpack-2-dsbb03rm-hasta-15-6-gris\/#breadcrumb"},"inLanguage":"es","potentialAction":[{"@type":"ReadAction","target":["https:\/\/www.teleclub.com.py\/index.php\/product\/mochila-para-notebook-xiaomi-city-backpack-2-dsbb03rm-hasta-15-6-gris\/"]}]},{"@type":"ImageObject","inLanguage":"es","@id":"https:\/\/www.teleclub.com.py\/index.php\/product\/mochila-para-notebook-xiaomi-city-backpack-2-dsbb03rm-hasta-15-6-gris\/#primaryimage","url":"https:\/\/www.teleclub.com.py\/wp-content\/uploads\/2024\/09\/a-29.png","contentUrl":"https:\/\/www.teleclub.com.py\/wp-content\/uploads\/2024\/09\/a-29.png","width":1000,"height":1000},{"@type":"BreadcrumbList","@id":"https:\/\/www.teleclub.com.py\/index.php\/product\/mochila-para-notebook-xiaomi-city-backpack-2-dsbb03rm-hasta-15-6-gris\/#breadcrumb","itemListElement":[{"@type":"ListItem","position":1,"name":"Portada","item":"https:\/\/www.teleclub.com.py\/"},{"@type":"ListItem","position":2,"name":"Shop","item":"https:\/\/www.teleclub.com.py\/index.php\/shop-2\/"},{"@type":"ListItem","position":3,"name":"Mochila para Notebook Xiaomi City Backpack 2 DSBB03RM hasta 15.6&#8243;; &#8211; Gris"}]},{"@type":"WebSite","@id":"https:\/\/www.teleclub.com.py\/#website","url":"https:\/\/www.teleclub.com.py\/","name":"Teleclub","description":"Tu tienda online","publisher":{"@id":"https:\/\/www.teleclub.com.py\/#organization"},"potentialAction":[{"@type":"SearchAction","target":{"@type":"EntryPoint","urlTemplate":"https:\/\/www.teleclub.com.py\/?s={search_term_string}"},"query-input":{"@type":"PropertyValueSpecification","valueRequired":true,"valueName":"search_term_string"}}],"inLanguage":"es"},{"@type":"Organization","@id":"https:\/\/www.teleclub.com.py\/#organization","name":"Teleclub","url":"https:\/\/www.teleclub.com.py\/","logo":{"@type":"ImageObject","inLanguage":"es","@id":"https:\/\/www.teleclub.com.py\/#\/schema\/logo\/image\/","url":"https:\/\/www.teleclub.com.py\/wp-content\/uploads\/2024\/09\/1611317346760_TeleClub_logo_FondoBlanco-2.jpg","contentUrl":"https:\/\/www.teleclub.com.py\/wp-content\/uploads\/2024\/09\/1611317346760_TeleClub_logo_FondoBlanco-2.jpg","width":1600,"height":1600,"caption":"Teleclub"},"image":{"@id":"https:\/\/www.teleclub.com.py\/#\/schema\/logo\/image\/"},"sameAs":["https:\/\/www.facebook.com\/teleclubpy","https:\/\/www.instagram.com\/teleclubpy"]}]}},"_links":{"self":[{"href":"https:\/\/www.teleclub.com.py\/index.php\/wp-json\/wp\/v2\/product\/8980","targetHints":{"allow":["GET"]}}],"collection":[{"href":"https:\/\/www.teleclub.com.py\/index.php\/wp-json\/wp\/v2\/product"}],"about":[{"href":"https:\/\/www.teleclub.com.py\/index.php\/wp-json\/wp\/v2\/types\/product"}],"wp:featuredmedia":[{"embeddable":true,"href":"https:\/\/www.teleclub.com.py\/index.php\/wp-json\/wp\/v2\/media\/8981"}],"wp:attachment":[{"href":"https:\/\/www.teleclub.com.py\/index.php\/wp-json\/wp\/v2\/media?parent=8980"}],"wp:term":[{"taxonomy":"product_cat","embeddable":true,"href":"https:\/\/www.teleclub.com.py\/index.php\/wp-json\/wp\/v2\/product_cat?post=8980"},{"taxonomy":"product_tag","embeddable":true,"href":"https:\/\/www.teleclub.com.py\/index.php\/wp-json\/wp\/v2\/product_tag?post=8980"}],"curies":[{"name":"wp","href":"https:\/\/api.w.org\/{rel}","templated":true}]}}