{"id":8976,"date":"2024-09-04T22:01:32","date_gmt":"2024-09-05T02:01:32","guid":{"rendered":"https:\/\/www.teleclub.com.py\/?post_type=product&#038;p=8976"},"modified":"2024-09-05T11:01:13","modified_gmt":"2024-09-05T15:01:13","slug":"mochila-para-notebook-xiaomi-mi-commuter-backpack-bhr4903gl-15-6-gris-claro","status":"publish","type":"product","link":"https:\/\/www.teleclub.com.py\/index.php\/product\/mochila-para-notebook-xiaomi-mi-commuter-backpack-bhr4903gl-15-6-gris-claro\/","title":{"rendered":"Mochila para Notebook Xiaomi Mi Commuter Backpack BHR4903GL 15.6; &#8211; Gris Claro"},"content":{"rendered":"<p><strong>Caracter\u00edsticas<\/strong><\/p>\n<ul>\n<li>Compartimento principal de gran capacidad<\/li>\n<li>Almacenamiento simple para art\u00edculos personales.<\/li>\n<li>Compartimento frontal de acceso diario<\/li>\n<li>Almacenamiento pr\u00e1ctico y multifuncional<\/li>\n<li>Bolsillo frontal con cremallera invisible<\/li>\n<li>F\u00e1cil acceso para art\u00edculos m\u00e1s peque\u00f1os.<\/li>\n<li>Compartimento principal de gran capacidad<\/li>\n<li>Mucho espacio y bolsillos organizados<\/li>\n<li>Compartimento para port\u00e1til a prueba de golpes<\/li>\n<li>Capacidad para port\u00e1tiles de hasta 15,6&#8243;<\/li>\n<li>Bolsillo grande y abierto<\/li>\n<li>Se adapta f\u00e1cilmente a documentos de tama\u00f1o A4<\/li>\n<li>Compartimento de almacenamiento con cremallera<\/li>\n<li>Almacenar billeteras y recibos<\/li>\n<li>Tirantes c\u00f3modos y curvos<\/li>\n<li>Tela resistente al agua<\/li>\n<li>Facilidad de uso y protecci\u00f3n sobresalientes llueva o truene<\/li>\n<\/ul>\n","protected":false},"excerpt":{"rendered":"<ul>\n<li><strong>Dise\u00f1o:\u00a0<\/strong>Ligero y vers\u00e1til<\/li>\n<li><strong>Material exterior:\u00a0<\/strong>Poli\u00e9ster<\/li>\n<li><strong>Cierre:\u00a0<\/strong>Cremallera<\/li>\n<li><strong>Capacidad para:<\/strong>\u00a0Noteboook de\u00a0de hasta 15.6\u2033<\/li>\n<\/ul>\n","protected":false},"featured_media":8977,"template":"","meta":{"om_disable_all_campaigns":false},"product_cat":[268],"product_tag":[],"class_list":{"0":"post-8976","1":"product","2":"type-product","3":"status-publish","4":"has-post-thumbnail","6":"product_cat-accesorios-informatica","8":"first","9":"instock","10":"shipping-taxable","11":"purchasable","12":"product-type-simple"},"yoast_head":"<!-- This site is optimized with the Yoast SEO plugin v23.6 - https:\/\/yoast.com\/wordpress\/plugins\/seo\/ -->\n<title>Mochila para Notebook Xiaomi Mi Commuter Backpack BHR4903GL 15.6; - Gris Claro - Teleclub<\/title>\n<meta name=\"robots\" content=\"index, follow, max-snippet:-1, max-image-preview:large, max-video-preview:-1\" \/>\n<link rel=\"canonical\" href=\"https:\/\/www.teleclub.com.py\/index.php\/product\/mochila-para-notebook-xiaomi-mi-commuter-backpack-bhr4903gl-15-6-gris-claro\/\" \/>\n<meta property=\"og:locale\" content=\"es_ES\" \/>\n<meta property=\"og:type\" content=\"article\" \/>\n<meta property=\"og:title\" content=\"Mochila para Notebook Xiaomi Mi Commuter Backpack BHR4903GL 15.6; - Gris Claro - Teleclub\" \/>\n<meta property=\"og:description\" content=\"Dise\u00f1o:\u00a0Ligero y vers\u00e1til  Material exterior:\u00a0Poli\u00e9ster  Cierre:\u00a0Cremallera  Capacidad para:\u00a0Noteboook de\u00a0de hasta 15.6\u2033\" \/>\n<meta property=\"og:url\" content=\"https:\/\/www.teleclub.com.py\/index.php\/product\/mochila-para-notebook-xiaomi-mi-commuter-backpack-bhr4903gl-15-6-gris-claro\/\" \/>\n<meta property=\"og:site_name\" content=\"Teleclub\" \/>\n<meta property=\"article:publisher\" content=\"https:\/\/www.facebook.com\/teleclubpy\" \/>\n<meta property=\"article:modified_time\" content=\"2024-09-05T15:01:13+00:00\" \/>\n<meta property=\"og:image\" content=\"https:\/\/www.teleclub.com.py\/wp-content\/uploads\/2024\/09\/a-28.png\" \/>\n\t<meta property=\"og:image:width\" content=\"1000\" \/>\n\t<meta property=\"og:image:height\" content=\"1000\" \/>\n\t<meta property=\"og:image:type\" content=\"image\/png\" \/>\n<meta name=\"twitter:card\" content=\"summary_large_image\" \/>\n<meta name=\"twitter:label1\" content=\"Tiempo de lectura\" \/>\n\t<meta name=\"twitter:data1\" content=\"1 minuto\" \/>\n<script type=\"application\/ld+json\" class=\"yoast-schema-graph\">{\"@context\":\"https:\/\/schema.org\",\"@graph\":[{\"@type\":\"WebPage\",\"@id\":\"https:\/\/www.teleclub.com.py\/index.php\/product\/mochila-para-notebook-xiaomi-mi-commuter-backpack-bhr4903gl-15-6-gris-claro\/\",\"url\":\"https:\/\/www.teleclub.com.py\/index.php\/product\/mochila-para-notebook-xiaomi-mi-commuter-backpack-bhr4903gl-15-6-gris-claro\/\",\"name\":\"Mochila para Notebook Xiaomi Mi Commuter Backpack BHR4903GL 15.6; - Gris Claro - Teleclub\",\"isPartOf\":{\"@id\":\"https:\/\/www.teleclub.com.py\/#website\"},\"primaryImageOfPage\":{\"@id\":\"https:\/\/www.teleclub.com.py\/index.php\/product\/mochila-para-notebook-xiaomi-mi-commuter-backpack-bhr4903gl-15-6-gris-claro\/#primaryimage\"},\"image\":{\"@id\":\"https:\/\/www.teleclub.com.py\/index.php\/product\/mochila-para-notebook-xiaomi-mi-commuter-backpack-bhr4903gl-15-6-gris-claro\/#primaryimage\"},\"thumbnailUrl\":\"https:\/\/www.teleclub.com.py\/wp-content\/uploads\/2024\/09\/a-28.png\",\"datePublished\":\"2024-09-05T02:01:32+00:00\",\"dateModified\":\"2024-09-05T15:01:13+00:00\",\"breadcrumb\":{\"@id\":\"https:\/\/www.teleclub.com.py\/index.php\/product\/mochila-para-notebook-xiaomi-mi-commuter-backpack-bhr4903gl-15-6-gris-claro\/#breadcrumb\"},\"inLanguage\":\"es\",\"potentialAction\":[{\"@type\":\"ReadAction\",\"target\":[\"https:\/\/www.teleclub.com.py\/index.php\/product\/mochila-para-notebook-xiaomi-mi-commuter-backpack-bhr4903gl-15-6-gris-claro\/\"]}]},{\"@type\":\"ImageObject\",\"inLanguage\":\"es\",\"@id\":\"https:\/\/www.teleclub.com.py\/index.php\/product\/mochila-para-notebook-xiaomi-mi-commuter-backpack-bhr4903gl-15-6-gris-claro\/#primaryimage\",\"url\":\"https:\/\/www.teleclub.com.py\/wp-content\/uploads\/2024\/09\/a-28.png\",\"contentUrl\":\"https:\/\/www.teleclub.com.py\/wp-content\/uploads\/2024\/09\/a-28.png\",\"width\":1000,\"height\":1000},{\"@type\":\"BreadcrumbList\",\"@id\":\"https:\/\/www.teleclub.com.py\/index.php\/product\/mochila-para-notebook-xiaomi-mi-commuter-backpack-bhr4903gl-15-6-gris-claro\/#breadcrumb\",\"itemListElement\":[{\"@type\":\"ListItem\",\"position\":1,\"name\":\"Portada\",\"item\":\"https:\/\/www.teleclub.com.py\/\"},{\"@type\":\"ListItem\",\"position\":2,\"name\":\"Shop\",\"item\":\"https:\/\/www.teleclub.com.py\/index.php\/shop-2\/\"},{\"@type\":\"ListItem\",\"position\":3,\"name\":\"Mochila para Notebook Xiaomi Mi Commuter Backpack BHR4903GL 15.6; &#8211; Gris Claro\"}]},{\"@type\":\"WebSite\",\"@id\":\"https:\/\/www.teleclub.com.py\/#website\",\"url\":\"https:\/\/www.teleclub.com.py\/\",\"name\":\"Teleclub\",\"description\":\"Tu tienda online\",\"publisher\":{\"@id\":\"https:\/\/www.teleclub.com.py\/#organization\"},\"potentialAction\":[{\"@type\":\"SearchAction\",\"target\":{\"@type\":\"EntryPoint\",\"urlTemplate\":\"https:\/\/www.teleclub.com.py\/?s={search_term_string}\"},\"query-input\":{\"@type\":\"PropertyValueSpecification\",\"valueRequired\":true,\"valueName\":\"search_term_string\"}}],\"inLanguage\":\"es\"},{\"@type\":\"Organization\",\"@id\":\"https:\/\/www.teleclub.com.py\/#organization\",\"name\":\"Teleclub\",\"url\":\"https:\/\/www.teleclub.com.py\/\",\"logo\":{\"@type\":\"ImageObject\",\"inLanguage\":\"es\",\"@id\":\"https:\/\/www.teleclub.com.py\/#\/schema\/logo\/image\/\",\"url\":\"https:\/\/www.teleclub.com.py\/wp-content\/uploads\/2024\/09\/1611317346760_TeleClub_logo_FondoBlanco-2.jpg\",\"contentUrl\":\"https:\/\/www.teleclub.com.py\/wp-content\/uploads\/2024\/09\/1611317346760_TeleClub_logo_FondoBlanco-2.jpg\",\"width\":1600,\"height\":1600,\"caption\":\"Teleclub\"},\"image\":{\"@id\":\"https:\/\/www.teleclub.com.py\/#\/schema\/logo\/image\/\"},\"sameAs\":[\"https:\/\/www.facebook.com\/teleclubpy\",\"https:\/\/www.instagram.com\/teleclubpy\"]}]}<\/script>\n<!-- \/ Yoast SEO plugin. -->","yoast_head_json":{"title":"Mochila para Notebook Xiaomi Mi Commuter Backpack BHR4903GL 15.6; - Gris Claro - Teleclub","robots":{"index":"index","follow":"follow","max-snippet":"max-snippet:-1","max-image-preview":"max-image-preview:large","max-video-preview":"max-video-preview:-1"},"canonical":"https:\/\/www.teleclub.com.py\/index.php\/product\/mochila-para-notebook-xiaomi-mi-commuter-backpack-bhr4903gl-15-6-gris-claro\/","og_locale":"es_ES","og_type":"article","og_title":"Mochila para Notebook Xiaomi Mi Commuter Backpack BHR4903GL 15.6; - Gris Claro - Teleclub","og_description":"Dise\u00f1o:\u00a0Ligero y vers\u00e1til  Material exterior:\u00a0Poli\u00e9ster  Cierre:\u00a0Cremallera  Capacidad para:\u00a0Noteboook de\u00a0de hasta 15.6\u2033","og_url":"https:\/\/www.teleclub.com.py\/index.php\/product\/mochila-para-notebook-xiaomi-mi-commuter-backpack-bhr4903gl-15-6-gris-claro\/","og_site_name":"Teleclub","article_publisher":"https:\/\/www.facebook.com\/teleclubpy","article_modified_time":"2024-09-05T15:01:13+00:00","og_image":[{"width":1000,"height":1000,"url":"https:\/\/www.teleclub.com.py\/wp-content\/uploads\/2024\/09\/a-28.png","type":"image\/png"}],"twitter_card":"summary_large_image","twitter_misc":{"Tiempo de lectura":"1 minuto"},"schema":{"@context":"https:\/\/schema.org","@graph":[{"@type":"WebPage","@id":"https:\/\/www.teleclub.com.py\/index.php\/product\/mochila-para-notebook-xiaomi-mi-commuter-backpack-bhr4903gl-15-6-gris-claro\/","url":"https:\/\/www.teleclub.com.py\/index.php\/product\/mochila-para-notebook-xiaomi-mi-commuter-backpack-bhr4903gl-15-6-gris-claro\/","name":"Mochila para Notebook Xiaomi Mi Commuter Backpack BHR4903GL 15.6; - Gris Claro - Teleclub","isPartOf":{"@id":"https:\/\/www.teleclub.com.py\/#website"},"primaryImageOfPage":{"@id":"https:\/\/www.teleclub.com.py\/index.php\/product\/mochila-para-notebook-xiaomi-mi-commuter-backpack-bhr4903gl-15-6-gris-claro\/#primaryimage"},"image":{"@id":"https:\/\/www.teleclub.com.py\/index.php\/product\/mochila-para-notebook-xiaomi-mi-commuter-backpack-bhr4903gl-15-6-gris-claro\/#primaryimage"},"thumbnailUrl":"https:\/\/www.teleclub.com.py\/wp-content\/uploads\/2024\/09\/a-28.png","datePublished":"2024-09-05T02:01:32+00:00","dateModified":"2024-09-05T15:01:13+00:00","breadcrumb":{"@id":"https:\/\/www.teleclub.com.py\/index.php\/product\/mochila-para-notebook-xiaomi-mi-commuter-backpack-bhr4903gl-15-6-gris-claro\/#breadcrumb"},"inLanguage":"es","potentialAction":[{"@type":"ReadAction","target":["https:\/\/www.teleclub.com.py\/index.php\/product\/mochila-para-notebook-xiaomi-mi-commuter-backpack-bhr4903gl-15-6-gris-claro\/"]}]},{"@type":"ImageObject","inLanguage":"es","@id":"https:\/\/www.teleclub.com.py\/index.php\/product\/mochila-para-notebook-xiaomi-mi-commuter-backpack-bhr4903gl-15-6-gris-claro\/#primaryimage","url":"https:\/\/www.teleclub.com.py\/wp-content\/uploads\/2024\/09\/a-28.png","contentUrl":"https:\/\/www.teleclub.com.py\/wp-content\/uploads\/2024\/09\/a-28.png","width":1000,"height":1000},{"@type":"BreadcrumbList","@id":"https:\/\/www.teleclub.com.py\/index.php\/product\/mochila-para-notebook-xiaomi-mi-commuter-backpack-bhr4903gl-15-6-gris-claro\/#breadcrumb","itemListElement":[{"@type":"ListItem","position":1,"name":"Portada","item":"https:\/\/www.teleclub.com.py\/"},{"@type":"ListItem","position":2,"name":"Shop","item":"https:\/\/www.teleclub.com.py\/index.php\/shop-2\/"},{"@type":"ListItem","position":3,"name":"Mochila para Notebook Xiaomi Mi Commuter Backpack BHR4903GL 15.6; &#8211; Gris Claro"}]},{"@type":"WebSite","@id":"https:\/\/www.teleclub.com.py\/#website","url":"https:\/\/www.teleclub.com.py\/","name":"Teleclub","description":"Tu tienda online","publisher":{"@id":"https:\/\/www.teleclub.com.py\/#organization"},"potentialAction":[{"@type":"SearchAction","target":{"@type":"EntryPoint","urlTemplate":"https:\/\/www.teleclub.com.py\/?s={search_term_string}"},"query-input":{"@type":"PropertyValueSpecification","valueRequired":true,"valueName":"search_term_string"}}],"inLanguage":"es"},{"@type":"Organization","@id":"https:\/\/www.teleclub.com.py\/#organization","name":"Teleclub","url":"https:\/\/www.teleclub.com.py\/","logo":{"@type":"ImageObject","inLanguage":"es","@id":"https:\/\/www.teleclub.com.py\/#\/schema\/logo\/image\/","url":"https:\/\/www.teleclub.com.py\/wp-content\/uploads\/2024\/09\/1611317346760_TeleClub_logo_FondoBlanco-2.jpg","contentUrl":"https:\/\/www.teleclub.com.py\/wp-content\/uploads\/2024\/09\/1611317346760_TeleClub_logo_FondoBlanco-2.jpg","width":1600,"height":1600,"caption":"Teleclub"},"image":{"@id":"https:\/\/www.teleclub.com.py\/#\/schema\/logo\/image\/"},"sameAs":["https:\/\/www.facebook.com\/teleclubpy","https:\/\/www.instagram.com\/teleclubpy"]}]}},"_links":{"self":[{"href":"https:\/\/www.teleclub.com.py\/index.php\/wp-json\/wp\/v2\/product\/8976","targetHints":{"allow":["GET"]}}],"collection":[{"href":"https:\/\/www.teleclub.com.py\/index.php\/wp-json\/wp\/v2\/product"}],"about":[{"href":"https:\/\/www.teleclub.com.py\/index.php\/wp-json\/wp\/v2\/types\/product"}],"wp:featuredmedia":[{"embeddable":true,"href":"https:\/\/www.teleclub.com.py\/index.php\/wp-json\/wp\/v2\/media\/8977"}],"wp:attachment":[{"href":"https:\/\/www.teleclub.com.py\/index.php\/wp-json\/wp\/v2\/media?parent=8976"}],"wp:term":[{"taxonomy":"product_cat","embeddable":true,"href":"https:\/\/www.teleclub.com.py\/index.php\/wp-json\/wp\/v2\/product_cat?post=8976"},{"taxonomy":"product_tag","embeddable":true,"href":"https:\/\/www.teleclub.com.py\/index.php\/wp-json\/wp\/v2\/product_tag?post=8976"}],"curies":[{"name":"wp","href":"https:\/\/api.w.org\/{rel}","templated":true}]}}