{"id":8901,"date":"2024-09-03T16:46:41","date_gmt":"2024-09-03T20:46:41","guid":{"rendered":"https:\/\/www.teleclub.com.py\/?post_type=product&#038;p=8901"},"modified":"2025-04-07T17:15:19","modified_gmt":"2025-04-07T20:15:19","slug":"apple-iphone-14-pro-max-128gb","status":"publish","type":"product","link":"https:\/\/www.teleclub.com.py\/index.php\/product\/apple-iphone-14-pro-max-128gb\/","title":{"rendered":"Apple iPhone 14 Pro Max 128GB"},"content":{"rendered":"<table id=\"product-attribute-specs-table\" class=\"data table additional-attributes\">\n<tbody>\n<tr>\n<th class=\"label\" scope=\"row\">Marca<\/th>\n<td class=\"data\" data-th=\"Marca\">Apple<\/td>\n<\/tr>\n<tr>\n<th class=\"label\" scope=\"row\">Color<\/th>\n<td class=\"data\" data-th=\"Color\">Dorado<\/td>\n<\/tr>\n<tr>\n<th class=\"label\" scope=\"row\">Garantia<\/th>\n<td class=\"data\" data-th=\"Garantia\">1 A\u00f1o de Garant\u00eda<\/td>\n<\/tr>\n<tr>\n<th class=\"label\" scope=\"row\">Tipo de SIM<\/th>\n<td class=\"data\" data-th=\"Tipo de SIM\">Nano SIM &#8211; eSIM<\/td>\n<\/tr>\n<tr>\n<th class=\"label\" scope=\"row\">Tama\u00f1o de pantalla<\/th>\n<td class=\"data\" data-th=\"Tama\u00f1o de pantalla\">6.7&#8243;<\/td>\n<\/tr>\n<tr>\n<th class=\"label\" scope=\"row\">Bandas 3G<\/th>\n<td class=\"data\" data-th=\"Bandas 3G\">1 (2100 Mhz), 2 (1900 Mhz), 5 (850 Mhz), 8 (900 Mhz), 1700<\/td>\n<\/tr>\n<tr>\n<th class=\"label\" scope=\"row\">Conectividad Inal\u00e1mbrica<\/th>\n<td class=\"data\" data-th=\"Conectividad Inal\u00e1mbrica\">BeiDou, GALILEO , GLONASS, GPS, Wi-Fi 802.11 a\/b\/g\/n\/ac\/6, Bluetooth 5.3<\/td>\n<\/tr>\n<tr>\n<th class=\"label\" scope=\"row\">Slot Micro SD<\/th>\n<td class=\"data\" data-th=\"Slot Micro SD\">Dedicado<\/td>\n<\/tr>\n<tr>\n<th class=\"label\" scope=\"row\">Bandas 2G<\/th>\n<td class=\"data\" data-th=\"Bandas 2G\">850 &#8211; 900 &#8211; 1800 &#8211; 1900<\/td>\n<\/tr>\n<tr>\n<th class=\"label\" scope=\"row\">Memoria Interna<\/th>\n<td class=\"data\" data-th=\"Memoria Interna\">\u00a0128GB<\/td>\n<\/tr>\n<tr>\n<th class=\"label\" scope=\"row\">Lectores de acceso<\/th>\n<td class=\"data\" data-th=\"Lectores de acceso\">Face ID<\/td>\n<\/tr>\n<tr>\n<th class=\"label\" scope=\"row\">Tecnolog\u00eda de pantalla<\/th>\n<td class=\"data\" data-th=\"Tecnolog\u00eda de pantalla\">OLED<\/td>\n<\/tr>\n<tr>\n<th class=\"label\" scope=\"row\">C\u00e1mara Trasera<\/th>\n<td class=\"data\" data-th=\"C\u00e1mara Trasera\">Cu\u00e1druple 48Mp &#8211; 12Mp &#8211; 12Mp &#8211; 12Mp<\/td>\n<\/tr>\n<tr>\n<th class=\"label\" scope=\"row\">Sistema Operativo<\/th>\n<td class=\"data\" data-th=\"Sistema Operativo\">iOS 16<\/td>\n<\/tr>\n<tr>\n<th class=\"label\" scope=\"row\">Resoluci\u00f3n de video<\/th>\n<td class=\"data\" data-th=\"Resoluci\u00f3n de video\">1080p FHD<\/td>\n<\/tr>\n<tr>\n<th class=\"label\" scope=\"row\">Velocidad<\/th>\n<td class=\"data\" data-th=\"Velocidad\">3.46 GHz<\/td>\n<\/tr>\n<tr>\n<th class=\"label\" scope=\"row\">Protecci\u00f3n<\/th>\n<td class=\"data\" data-th=\"Protecci\u00f3n\">Gorilla Glass<\/td>\n<\/tr>\n<tr>\n<th class=\"label\" scope=\"row\">C\u00e1mara Frontal<\/th>\n<td class=\"data\" data-th=\"C\u00e1mara Frontal\">Dual 12Mp &#8211; 12Mp<\/td>\n<\/tr>\n<tr>\n<th class=\"label\" scope=\"row\">Bandas 4G Latinas<\/th>\n<td class=\"data\" data-th=\"Bandas 4G Latinas\">B13 (700 Mhz), B17 (700 Mhz), B2 (1900 Mhz), B28 (700 Mhz), B3 (1800 Mhz), B38 (2600 Mhz), B4 (1700-2100 Mhz), B7 (2600 Mhz), B1(2100 Mhz), B5 (850 Mhz), B8 (900 Mhz), B12 (700 Mhz), B20 (800 Mhz), B66 (AWS-3), B40 (2300 Mhz), B41 (2500 Mhz)<\/td>\n<\/tr>\n<tr>\n<th class=\"label\" scope=\"row\">Procesador Gr\u00e1fico<\/th>\n<td class=\"data\" data-th=\"Procesador Gr\u00e1fico\">Apple GPU (5-core graphics)<\/td>\n<\/tr>\n<tr>\n<th class=\"label\" scope=\"row\">Resistencia al agua<\/th>\n<td class=\"data\" data-th=\"Resistencia al agua\">IP68 Certificado<\/td>\n<\/tr>\n<tr>\n<th class=\"label\" scope=\"row\">Dual SIM<\/th>\n<td class=\"data\" data-th=\"Dual SIM\">Si<\/td>\n<\/tr>\n<tr>\n<th class=\"label\" scope=\"row\">Interfaz<\/th>\n<td class=\"data\" data-th=\"Interfaz\">Lightning<\/td>\n<\/tr>\n<tr>\n<th class=\"label\" scope=\"row\">Resoluci\u00f3n<\/th>\n<td class=\"data\" data-th=\"Resoluci\u00f3n\">1290 x 2796p<\/td>\n<\/tr>\n<tr>\n<th class=\"label\" scope=\"row\">Chipset<\/th>\n<td class=\"data\" data-th=\"Chipset\">Apple A16 Bionic<\/td>\n<\/tr>\n<tr>\n<th class=\"label\" scope=\"row\">Rango de pantalla<\/th>\n<td class=\"data\" data-th=\"Rango de pantalla\">Mayor o igual a 5.5<\/td>\n<\/tr>\n<tr>\n<th class=\"label\" scope=\"row\">CPU Procesador \/ N\u00facleos<\/th>\n<td class=\"data\" data-th=\"CPU Procesador \/ N\u00facleos\">(6) Hexa-core<\/td>\n<\/tr>\n<\/tbody>\n<\/table>\n","protected":false},"excerpt":{"rendered":"<p>Marca Apple Color Dorado Garantia 1 A\u00f1o de Garant\u00eda Tipo de SIM Nano SIM &#8211; eSIM Tama\u00f1o de pantalla 6.7&#8243; Bandas 3G 1 (2100 Mhz), 2 (1900 Mhz), 5 (850<\/p>\n","protected":false},"featured_media":8904,"template":"","meta":{"om_disable_all_campaigns":false},"product_cat":[406,408],"product_tag":[],"class_list":{"0":"post-8901","1":"product","2":"type-product","3":"status-publish","4":"has-post-thumbnail","6":"product_cat-apple-2","7":"product_cat-iphones","9":"first","10":"outofstock","11":"shipping-taxable","12":"purchasable","13":"product-type-simple"},"yoast_head":"<!-- This site is optimized with the Yoast SEO plugin v23.6 - https:\/\/yoast.com\/wordpress\/plugins\/seo\/ -->\n<title>Apple iPhone 14 Pro Max 128GB - Teleclub<\/title>\n<meta name=\"robots\" content=\"index, follow, max-snippet:-1, max-image-preview:large, max-video-preview:-1\" \/>\n<link rel=\"canonical\" href=\"https:\/\/www.teleclub.com.py\/index.php\/product\/apple-iphone-14-pro-max-128gb\/\" \/>\n<meta property=\"og:locale\" content=\"es_ES\" \/>\n<meta property=\"og:type\" content=\"article\" \/>\n<meta property=\"og:title\" content=\"Apple iPhone 14 Pro Max 128GB - Teleclub\" \/>\n<meta property=\"og:description\" content=\"Marca Apple Color Dorado Garantia 1 A\u00f1o de Garant\u00eda Tipo de SIM Nano SIM &#8211; eSIM Tama\u00f1o de pantalla 6.7&#8243; Bandas 3G 1 (2100 Mhz), 2 (1900 Mhz), 5 (850\" \/>\n<meta property=\"og:url\" content=\"https:\/\/www.teleclub.com.py\/index.php\/product\/apple-iphone-14-pro-max-128gb\/\" \/>\n<meta property=\"og:site_name\" content=\"Teleclub\" \/>\n<meta property=\"article:publisher\" content=\"https:\/\/www.facebook.com\/teleclubpy\" \/>\n<meta property=\"article:modified_time\" content=\"2025-04-07T20:15:19+00:00\" \/>\n<meta property=\"og:image\" content=\"https:\/\/www.teleclub.com.py\/wp-content\/uploads\/2024\/09\/b13f17ab-aa68-4718-ad47-259bbf5ea805.jpg\" \/>\n\t<meta property=\"og:image:width\" content=\"600\" \/>\n\t<meta property=\"og:image:height\" content=\"566\" \/>\n\t<meta property=\"og:image:type\" content=\"image\/jpeg\" \/>\n<meta name=\"twitter:card\" content=\"summary_large_image\" \/>\n<meta name=\"twitter:label1\" content=\"Tiempo de lectura\" \/>\n\t<meta name=\"twitter:data1\" content=\"1 minuto\" \/>\n<script type=\"application\/ld+json\" class=\"yoast-schema-graph\">{\"@context\":\"https:\/\/schema.org\",\"@graph\":[{\"@type\":\"WebPage\",\"@id\":\"https:\/\/www.teleclub.com.py\/index.php\/product\/apple-iphone-14-pro-max-128gb\/\",\"url\":\"https:\/\/www.teleclub.com.py\/index.php\/product\/apple-iphone-14-pro-max-128gb\/\",\"name\":\"Apple iPhone 14 Pro Max 128GB - Teleclub\",\"isPartOf\":{\"@id\":\"https:\/\/www.teleclub.com.py\/#website\"},\"primaryImageOfPage\":{\"@id\":\"https:\/\/www.teleclub.com.py\/index.php\/product\/apple-iphone-14-pro-max-128gb\/#primaryimage\"},\"image\":{\"@id\":\"https:\/\/www.teleclub.com.py\/index.php\/product\/apple-iphone-14-pro-max-128gb\/#primaryimage\"},\"thumbnailUrl\":\"https:\/\/www.teleclub.com.py\/wp-content\/uploads\/2024\/09\/b13f17ab-aa68-4718-ad47-259bbf5ea805.jpg\",\"datePublished\":\"2024-09-03T20:46:41+00:00\",\"dateModified\":\"2025-04-07T20:15:19+00:00\",\"breadcrumb\":{\"@id\":\"https:\/\/www.teleclub.com.py\/index.php\/product\/apple-iphone-14-pro-max-128gb\/#breadcrumb\"},\"inLanguage\":\"es\",\"potentialAction\":[{\"@type\":\"ReadAction\",\"target\":[\"https:\/\/www.teleclub.com.py\/index.php\/product\/apple-iphone-14-pro-max-128gb\/\"]}]},{\"@type\":\"ImageObject\",\"inLanguage\":\"es\",\"@id\":\"https:\/\/www.teleclub.com.py\/index.php\/product\/apple-iphone-14-pro-max-128gb\/#primaryimage\",\"url\":\"https:\/\/www.teleclub.com.py\/wp-content\/uploads\/2024\/09\/b13f17ab-aa68-4718-ad47-259bbf5ea805.jpg\",\"contentUrl\":\"https:\/\/www.teleclub.com.py\/wp-content\/uploads\/2024\/09\/b13f17ab-aa68-4718-ad47-259bbf5ea805.jpg\",\"width\":600,\"height\":566},{\"@type\":\"BreadcrumbList\",\"@id\":\"https:\/\/www.teleclub.com.py\/index.php\/product\/apple-iphone-14-pro-max-128gb\/#breadcrumb\",\"itemListElement\":[{\"@type\":\"ListItem\",\"position\":1,\"name\":\"Portada\",\"item\":\"https:\/\/www.teleclub.com.py\/\"},{\"@type\":\"ListItem\",\"position\":2,\"name\":\"Shop\",\"item\":\"https:\/\/www.teleclub.com.py\/index.php\/shop-2\/\"},{\"@type\":\"ListItem\",\"position\":3,\"name\":\"Apple iPhone 14 Pro Max 128GB\"}]},{\"@type\":\"WebSite\",\"@id\":\"https:\/\/www.teleclub.com.py\/#website\",\"url\":\"https:\/\/www.teleclub.com.py\/\",\"name\":\"Teleclub\",\"description\":\"Tu tienda online\",\"publisher\":{\"@id\":\"https:\/\/www.teleclub.com.py\/#organization\"},\"potentialAction\":[{\"@type\":\"SearchAction\",\"target\":{\"@type\":\"EntryPoint\",\"urlTemplate\":\"https:\/\/www.teleclub.com.py\/?s={search_term_string}\"},\"query-input\":{\"@type\":\"PropertyValueSpecification\",\"valueRequired\":true,\"valueName\":\"search_term_string\"}}],\"inLanguage\":\"es\"},{\"@type\":\"Organization\",\"@id\":\"https:\/\/www.teleclub.com.py\/#organization\",\"name\":\"Teleclub\",\"url\":\"https:\/\/www.teleclub.com.py\/\",\"logo\":{\"@type\":\"ImageObject\",\"inLanguage\":\"es\",\"@id\":\"https:\/\/www.teleclub.com.py\/#\/schema\/logo\/image\/\",\"url\":\"https:\/\/www.teleclub.com.py\/wp-content\/uploads\/2024\/09\/1611317346760_TeleClub_logo_FondoBlanco-2.jpg\",\"contentUrl\":\"https:\/\/www.teleclub.com.py\/wp-content\/uploads\/2024\/09\/1611317346760_TeleClub_logo_FondoBlanco-2.jpg\",\"width\":1600,\"height\":1600,\"caption\":\"Teleclub\"},\"image\":{\"@id\":\"https:\/\/www.teleclub.com.py\/#\/schema\/logo\/image\/\"},\"sameAs\":[\"https:\/\/www.facebook.com\/teleclubpy\",\"https:\/\/www.instagram.com\/teleclubpy\"]}]}<\/script>\n<!-- \/ Yoast SEO plugin. -->","yoast_head_json":{"title":"Apple iPhone 14 Pro Max 128GB - Teleclub","robots":{"index":"index","follow":"follow","max-snippet":"max-snippet:-1","max-image-preview":"max-image-preview:large","max-video-preview":"max-video-preview:-1"},"canonical":"https:\/\/www.teleclub.com.py\/index.php\/product\/apple-iphone-14-pro-max-128gb\/","og_locale":"es_ES","og_type":"article","og_title":"Apple iPhone 14 Pro Max 128GB - Teleclub","og_description":"Marca Apple Color Dorado Garantia 1 A\u00f1o de Garant\u00eda Tipo de SIM Nano SIM &#8211; eSIM Tama\u00f1o de pantalla 6.7&#8243; Bandas 3G 1 (2100 Mhz), 2 (1900 Mhz), 5 (850","og_url":"https:\/\/www.teleclub.com.py\/index.php\/product\/apple-iphone-14-pro-max-128gb\/","og_site_name":"Teleclub","article_publisher":"https:\/\/www.facebook.com\/teleclubpy","article_modified_time":"2025-04-07T20:15:19+00:00","og_image":[{"width":600,"height":566,"url":"https:\/\/www.teleclub.com.py\/wp-content\/uploads\/2024\/09\/b13f17ab-aa68-4718-ad47-259bbf5ea805.jpg","type":"image\/jpeg"}],"twitter_card":"summary_large_image","twitter_misc":{"Tiempo de lectura":"1 minuto"},"schema":{"@context":"https:\/\/schema.org","@graph":[{"@type":"WebPage","@id":"https:\/\/www.teleclub.com.py\/index.php\/product\/apple-iphone-14-pro-max-128gb\/","url":"https:\/\/www.teleclub.com.py\/index.php\/product\/apple-iphone-14-pro-max-128gb\/","name":"Apple iPhone 14 Pro Max 128GB - Teleclub","isPartOf":{"@id":"https:\/\/www.teleclub.com.py\/#website"},"primaryImageOfPage":{"@id":"https:\/\/www.teleclub.com.py\/index.php\/product\/apple-iphone-14-pro-max-128gb\/#primaryimage"},"image":{"@id":"https:\/\/www.teleclub.com.py\/index.php\/product\/apple-iphone-14-pro-max-128gb\/#primaryimage"},"thumbnailUrl":"https:\/\/www.teleclub.com.py\/wp-content\/uploads\/2024\/09\/b13f17ab-aa68-4718-ad47-259bbf5ea805.jpg","datePublished":"2024-09-03T20:46:41+00:00","dateModified":"2025-04-07T20:15:19+00:00","breadcrumb":{"@id":"https:\/\/www.teleclub.com.py\/index.php\/product\/apple-iphone-14-pro-max-128gb\/#breadcrumb"},"inLanguage":"es","potentialAction":[{"@type":"ReadAction","target":["https:\/\/www.teleclub.com.py\/index.php\/product\/apple-iphone-14-pro-max-128gb\/"]}]},{"@type":"ImageObject","inLanguage":"es","@id":"https:\/\/www.teleclub.com.py\/index.php\/product\/apple-iphone-14-pro-max-128gb\/#primaryimage","url":"https:\/\/www.teleclub.com.py\/wp-content\/uploads\/2024\/09\/b13f17ab-aa68-4718-ad47-259bbf5ea805.jpg","contentUrl":"https:\/\/www.teleclub.com.py\/wp-content\/uploads\/2024\/09\/b13f17ab-aa68-4718-ad47-259bbf5ea805.jpg","width":600,"height":566},{"@type":"BreadcrumbList","@id":"https:\/\/www.teleclub.com.py\/index.php\/product\/apple-iphone-14-pro-max-128gb\/#breadcrumb","itemListElement":[{"@type":"ListItem","position":1,"name":"Portada","item":"https:\/\/www.teleclub.com.py\/"},{"@type":"ListItem","position":2,"name":"Shop","item":"https:\/\/www.teleclub.com.py\/index.php\/shop-2\/"},{"@type":"ListItem","position":3,"name":"Apple iPhone 14 Pro Max 128GB"}]},{"@type":"WebSite","@id":"https:\/\/www.teleclub.com.py\/#website","url":"https:\/\/www.teleclub.com.py\/","name":"Teleclub","description":"Tu tienda online","publisher":{"@id":"https:\/\/www.teleclub.com.py\/#organization"},"potentialAction":[{"@type":"SearchAction","target":{"@type":"EntryPoint","urlTemplate":"https:\/\/www.teleclub.com.py\/?s={search_term_string}"},"query-input":{"@type":"PropertyValueSpecification","valueRequired":true,"valueName":"search_term_string"}}],"inLanguage":"es"},{"@type":"Organization","@id":"https:\/\/www.teleclub.com.py\/#organization","name":"Teleclub","url":"https:\/\/www.teleclub.com.py\/","logo":{"@type":"ImageObject","inLanguage":"es","@id":"https:\/\/www.teleclub.com.py\/#\/schema\/logo\/image\/","url":"https:\/\/www.teleclub.com.py\/wp-content\/uploads\/2024\/09\/1611317346760_TeleClub_logo_FondoBlanco-2.jpg","contentUrl":"https:\/\/www.teleclub.com.py\/wp-content\/uploads\/2024\/09\/1611317346760_TeleClub_logo_FondoBlanco-2.jpg","width":1600,"height":1600,"caption":"Teleclub"},"image":{"@id":"https:\/\/www.teleclub.com.py\/#\/schema\/logo\/image\/"},"sameAs":["https:\/\/www.facebook.com\/teleclubpy","https:\/\/www.instagram.com\/teleclubpy"]}]}},"_links":{"self":[{"href":"https:\/\/www.teleclub.com.py\/index.php\/wp-json\/wp\/v2\/product\/8901","targetHints":{"allow":["GET"]}}],"collection":[{"href":"https:\/\/www.teleclub.com.py\/index.php\/wp-json\/wp\/v2\/product"}],"about":[{"href":"https:\/\/www.teleclub.com.py\/index.php\/wp-json\/wp\/v2\/types\/product"}],"wp:featuredmedia":[{"embeddable":true,"href":"https:\/\/www.teleclub.com.py\/index.php\/wp-json\/wp\/v2\/media\/8904"}],"wp:attachment":[{"href":"https:\/\/www.teleclub.com.py\/index.php\/wp-json\/wp\/v2\/media?parent=8901"}],"wp:term":[{"taxonomy":"product_cat","embeddable":true,"href":"https:\/\/www.teleclub.com.py\/index.php\/wp-json\/wp\/v2\/product_cat?post=8901"},{"taxonomy":"product_tag","embeddable":true,"href":"https:\/\/www.teleclub.com.py\/index.php\/wp-json\/wp\/v2\/product_tag?post=8901"}],"curies":[{"name":"wp","href":"https:\/\/api.w.org\/{rel}","templated":true}]}}