{"id":8884,"date":"2024-09-02T16:50:14","date_gmt":"2024-09-02T20:50:14","guid":{"rendered":"https:\/\/www.teleclub.com.py\/?post_type=product&#038;p=8884"},"modified":"2024-09-02T17:12:41","modified_gmt":"2024-09-02T21:12:41","slug":"telescopio-celestron-astromaster-70az-sku-2815176","status":"publish","type":"product","link":"https:\/\/www.teleclub.com.py\/index.php\/product\/telescopio-celestron-astromaster-70az-sku-2815176\/","title":{"rendered":"Telescopio Celestron AstroMaster 70AZ SKU 2815176"},"content":{"rendered":"<p><b>Especificaciones:<\/b><br \/>\nDise\u00f1o \u00f3ptico: Refractor<br \/>\nAbertura: 70 mm (2,76 &#8220;)<br \/>\nLongitud focal: 900 mm (35 &#8220;)<br \/>\nRelaci\u00f3n focal: f \/ 13<br \/>\nLongitud focal del ocular 1: 20 mm (.8 &#8220;)<br \/>\nAmpliaci\u00f3n del ocular 1: 45x<br \/>\nLongitud focal del ocular 2: 10 mm (.4 &#8220;)<br \/>\nAmpliaci\u00f3n del ocular 2: 90x<br \/>\nLente de Barlow: No incluido<br \/>\nBuscador: Buscador de puntos rojos StarPointer<br \/>\nEstrella Diagonal: Diagonal de la imagen erecta: 1,25 &#8221;<br \/>\nTubo \u00f3ptico: Aluminio<br \/>\nAmpliaci\u00f3n \u00fatil m\u00e1s alta: 165x<br \/>\nAumento \u00fatil m\u00e1s bajo: 10 veces<br \/>\nLimitaci\u00f3n de la magnitud estelar: 11,7<br \/>\nResoluci\u00f3n (Rayleigh): 1,99 segundos de arco<br \/>\nResoluci\u00f3n (Dawes): 1,66 segundos de arco<br \/>\nPoder de captaci\u00f3n de luz (en comparaci\u00f3n con el ojo humano): 100 veces<br \/>\nRecubrimientos \u00f3pticos: Totalmente revestido<br \/>\nLongitud del tubo \u00f3ptico: 914 mm (36 &#8220;)<\/p>\n","protected":false},"excerpt":{"rendered":"<p>\u00a1Descubra nuestro sistema solar con el Celestron AstroMaster 70AZ! Estar\u00e1 listo para observar en minutos gracias a la configuraci\u00f3n r\u00e1pida y sencilla sin herramientas. El 70AZ proporciona im\u00e1genes claras y brillantes de la Luna, planetas, c\u00famulos de estrellas y m\u00e1s para una excelente visualizaci\u00f3n nocturna.<\/p>\n<p><b>Telescopio Alt-Azimut manual<\/b><br \/>\nNavegue por el cielo con un control Alt-Az de asa panor\u00e1mica con embrague para apuntar con suavidad y precisi\u00f3n. Mueva el embrague hacia arriba \/ abajo, izquierda \/ derecha para rastrear su objeto en el ocular.<\/p>\n","protected":false},"featured_media":8886,"template":"","meta":{"om_disable_all_campaigns":false},"product_cat":[417,418],"product_tag":[],"class_list":{"0":"post-8884","1":"product","2":"type-product","3":"status-publish","4":"has-post-thumbnail","6":"product_cat-optica","7":"product_cat-telescopios","9":"first","10":"instock","11":"sale","12":"shipping-taxable","13":"purchasable","14":"product-type-simple"},"yoast_head":"<!-- This site is optimized with the Yoast SEO plugin v23.6 - https:\/\/yoast.com\/wordpress\/plugins\/seo\/ -->\n<title>Telescopio Celestron AstroMaster 70AZ SKU 2815176 - Teleclub<\/title>\n<meta name=\"robots\" content=\"index, follow, max-snippet:-1, max-image-preview:large, max-video-preview:-1\" \/>\n<link rel=\"canonical\" href=\"https:\/\/www.teleclub.com.py\/index.php\/product\/telescopio-celestron-astromaster-70az-sku-2815176\/\" \/>\n<meta property=\"og:locale\" content=\"es_ES\" \/>\n<meta property=\"og:type\" content=\"article\" \/>\n<meta property=\"og:title\" content=\"Telescopio Celestron AstroMaster 70AZ SKU 2815176 - Teleclub\" \/>\n<meta property=\"og:description\" content=\"\u00a1Descubra nuestro sistema solar con el Celestron AstroMaster 70AZ! Estar\u00e1 listo para observar en minutos gracias a la configuraci\u00f3n r\u00e1pida y sencilla sin herramientas. El 70AZ proporciona im\u00e1genes claras y brillantes de la Luna, planetas, c\u00famulos de estrellas y m\u00e1s para una excelente visualizaci\u00f3n nocturna.  Telescopio Alt-Azimut manual Navegue por el cielo con un control Alt-Az de asa panor\u00e1mica con embrague para apuntar con suavidad y precisi\u00f3n. Mueva el embrague hacia arriba \/ abajo, izquierda \/ derecha para rastrear su objeto en el ocular.\" \/>\n<meta property=\"og:url\" content=\"https:\/\/www.teleclub.com.py\/index.php\/product\/telescopio-celestron-astromaster-70az-sku-2815176\/\" \/>\n<meta property=\"og:site_name\" content=\"Teleclub\" \/>\n<meta property=\"article:publisher\" content=\"https:\/\/www.facebook.com\/teleclubpy\" \/>\n<meta property=\"article:modified_time\" content=\"2024-09-02T21:12:41+00:00\" \/>\n<meta property=\"og:image\" content=\"https:\/\/www.teleclub.com.py\/wp-content\/uploads\/2024\/09\/celestron1.png\" \/>\n\t<meta property=\"og:image:width\" content=\"1024\" \/>\n\t<meta property=\"og:image:height\" content=\"1024\" \/>\n\t<meta property=\"og:image:type\" content=\"image\/png\" \/>\n<meta name=\"twitter:card\" content=\"summary_large_image\" \/>\n<meta name=\"twitter:label1\" content=\"Tiempo de lectura\" \/>\n\t<meta name=\"twitter:data1\" content=\"1 minuto\" \/>\n<script type=\"application\/ld+json\" class=\"yoast-schema-graph\">{\"@context\":\"https:\/\/schema.org\",\"@graph\":[{\"@type\":\"WebPage\",\"@id\":\"https:\/\/www.teleclub.com.py\/index.php\/product\/telescopio-celestron-astromaster-70az-sku-2815176\/\",\"url\":\"https:\/\/www.teleclub.com.py\/index.php\/product\/telescopio-celestron-astromaster-70az-sku-2815176\/\",\"name\":\"Telescopio Celestron AstroMaster 70AZ SKU 2815176 - Teleclub\",\"isPartOf\":{\"@id\":\"https:\/\/www.teleclub.com.py\/#website\"},\"primaryImageOfPage\":{\"@id\":\"https:\/\/www.teleclub.com.py\/index.php\/product\/telescopio-celestron-astromaster-70az-sku-2815176\/#primaryimage\"},\"image\":{\"@id\":\"https:\/\/www.teleclub.com.py\/index.php\/product\/telescopio-celestron-astromaster-70az-sku-2815176\/#primaryimage\"},\"thumbnailUrl\":\"https:\/\/www.teleclub.com.py\/wp-content\/uploads\/2024\/09\/celestron1.png\",\"datePublished\":\"2024-09-02T20:50:14+00:00\",\"dateModified\":\"2024-09-02T21:12:41+00:00\",\"breadcrumb\":{\"@id\":\"https:\/\/www.teleclub.com.py\/index.php\/product\/telescopio-celestron-astromaster-70az-sku-2815176\/#breadcrumb\"},\"inLanguage\":\"es\",\"potentialAction\":[{\"@type\":\"ReadAction\",\"target\":[\"https:\/\/www.teleclub.com.py\/index.php\/product\/telescopio-celestron-astromaster-70az-sku-2815176\/\"]}]},{\"@type\":\"ImageObject\",\"inLanguage\":\"es\",\"@id\":\"https:\/\/www.teleclub.com.py\/index.php\/product\/telescopio-celestron-astromaster-70az-sku-2815176\/#primaryimage\",\"url\":\"https:\/\/www.teleclub.com.py\/wp-content\/uploads\/2024\/09\/celestron1.png\",\"contentUrl\":\"https:\/\/www.teleclub.com.py\/wp-content\/uploads\/2024\/09\/celestron1.png\",\"width\":1024,\"height\":1024},{\"@type\":\"BreadcrumbList\",\"@id\":\"https:\/\/www.teleclub.com.py\/index.php\/product\/telescopio-celestron-astromaster-70az-sku-2815176\/#breadcrumb\",\"itemListElement\":[{\"@type\":\"ListItem\",\"position\":1,\"name\":\"Portada\",\"item\":\"https:\/\/www.teleclub.com.py\/\"},{\"@type\":\"ListItem\",\"position\":2,\"name\":\"Shop\",\"item\":\"https:\/\/www.teleclub.com.py\/index.php\/shop-2\/\"},{\"@type\":\"ListItem\",\"position\":3,\"name\":\"Telescopio Celestron AstroMaster 70AZ SKU 2815176\"}]},{\"@type\":\"WebSite\",\"@id\":\"https:\/\/www.teleclub.com.py\/#website\",\"url\":\"https:\/\/www.teleclub.com.py\/\",\"name\":\"Teleclub\",\"description\":\"Tu tienda online\",\"publisher\":{\"@id\":\"https:\/\/www.teleclub.com.py\/#organization\"},\"potentialAction\":[{\"@type\":\"SearchAction\",\"target\":{\"@type\":\"EntryPoint\",\"urlTemplate\":\"https:\/\/www.teleclub.com.py\/?s={search_term_string}\"},\"query-input\":{\"@type\":\"PropertyValueSpecification\",\"valueRequired\":true,\"valueName\":\"search_term_string\"}}],\"inLanguage\":\"es\"},{\"@type\":\"Organization\",\"@id\":\"https:\/\/www.teleclub.com.py\/#organization\",\"name\":\"Teleclub\",\"url\":\"https:\/\/www.teleclub.com.py\/\",\"logo\":{\"@type\":\"ImageObject\",\"inLanguage\":\"es\",\"@id\":\"https:\/\/www.teleclub.com.py\/#\/schema\/logo\/image\/\",\"url\":\"https:\/\/www.teleclub.com.py\/wp-content\/uploads\/2024\/09\/1611317346760_TeleClub_logo_FondoBlanco-2.jpg\",\"contentUrl\":\"https:\/\/www.teleclub.com.py\/wp-content\/uploads\/2024\/09\/1611317346760_TeleClub_logo_FondoBlanco-2.jpg\",\"width\":1600,\"height\":1600,\"caption\":\"Teleclub\"},\"image\":{\"@id\":\"https:\/\/www.teleclub.com.py\/#\/schema\/logo\/image\/\"},\"sameAs\":[\"https:\/\/www.facebook.com\/teleclubpy\",\"https:\/\/www.instagram.com\/teleclubpy\"]}]}<\/script>\n<!-- \/ Yoast SEO plugin. -->","yoast_head_json":{"title":"Telescopio Celestron AstroMaster 70AZ SKU 2815176 - Teleclub","robots":{"index":"index","follow":"follow","max-snippet":"max-snippet:-1","max-image-preview":"max-image-preview:large","max-video-preview":"max-video-preview:-1"},"canonical":"https:\/\/www.teleclub.com.py\/index.php\/product\/telescopio-celestron-astromaster-70az-sku-2815176\/","og_locale":"es_ES","og_type":"article","og_title":"Telescopio Celestron AstroMaster 70AZ SKU 2815176 - Teleclub","og_description":"\u00a1Descubra nuestro sistema solar con el Celestron AstroMaster 70AZ! Estar\u00e1 listo para observar en minutos gracias a la configuraci\u00f3n r\u00e1pida y sencilla sin herramientas. El 70AZ proporciona im\u00e1genes claras y brillantes de la Luna, planetas, c\u00famulos de estrellas y m\u00e1s para una excelente visualizaci\u00f3n nocturna.  Telescopio Alt-Azimut manual Navegue por el cielo con un control Alt-Az de asa panor\u00e1mica con embrague para apuntar con suavidad y precisi\u00f3n. Mueva el embrague hacia arriba \/ abajo, izquierda \/ derecha para rastrear su objeto en el ocular.","og_url":"https:\/\/www.teleclub.com.py\/index.php\/product\/telescopio-celestron-astromaster-70az-sku-2815176\/","og_site_name":"Teleclub","article_publisher":"https:\/\/www.facebook.com\/teleclubpy","article_modified_time":"2024-09-02T21:12:41+00:00","og_image":[{"width":1024,"height":1024,"url":"https:\/\/www.teleclub.com.py\/wp-content\/uploads\/2024\/09\/celestron1.png","type":"image\/png"}],"twitter_card":"summary_large_image","twitter_misc":{"Tiempo de lectura":"1 minuto"},"schema":{"@context":"https:\/\/schema.org","@graph":[{"@type":"WebPage","@id":"https:\/\/www.teleclub.com.py\/index.php\/product\/telescopio-celestron-astromaster-70az-sku-2815176\/","url":"https:\/\/www.teleclub.com.py\/index.php\/product\/telescopio-celestron-astromaster-70az-sku-2815176\/","name":"Telescopio Celestron AstroMaster 70AZ SKU 2815176 - Teleclub","isPartOf":{"@id":"https:\/\/www.teleclub.com.py\/#website"},"primaryImageOfPage":{"@id":"https:\/\/www.teleclub.com.py\/index.php\/product\/telescopio-celestron-astromaster-70az-sku-2815176\/#primaryimage"},"image":{"@id":"https:\/\/www.teleclub.com.py\/index.php\/product\/telescopio-celestron-astromaster-70az-sku-2815176\/#primaryimage"},"thumbnailUrl":"https:\/\/www.teleclub.com.py\/wp-content\/uploads\/2024\/09\/celestron1.png","datePublished":"2024-09-02T20:50:14+00:00","dateModified":"2024-09-02T21:12:41+00:00","breadcrumb":{"@id":"https:\/\/www.teleclub.com.py\/index.php\/product\/telescopio-celestron-astromaster-70az-sku-2815176\/#breadcrumb"},"inLanguage":"es","potentialAction":[{"@type":"ReadAction","target":["https:\/\/www.teleclub.com.py\/index.php\/product\/telescopio-celestron-astromaster-70az-sku-2815176\/"]}]},{"@type":"ImageObject","inLanguage":"es","@id":"https:\/\/www.teleclub.com.py\/index.php\/product\/telescopio-celestron-astromaster-70az-sku-2815176\/#primaryimage","url":"https:\/\/www.teleclub.com.py\/wp-content\/uploads\/2024\/09\/celestron1.png","contentUrl":"https:\/\/www.teleclub.com.py\/wp-content\/uploads\/2024\/09\/celestron1.png","width":1024,"height":1024},{"@type":"BreadcrumbList","@id":"https:\/\/www.teleclub.com.py\/index.php\/product\/telescopio-celestron-astromaster-70az-sku-2815176\/#breadcrumb","itemListElement":[{"@type":"ListItem","position":1,"name":"Portada","item":"https:\/\/www.teleclub.com.py\/"},{"@type":"ListItem","position":2,"name":"Shop","item":"https:\/\/www.teleclub.com.py\/index.php\/shop-2\/"},{"@type":"ListItem","position":3,"name":"Telescopio Celestron AstroMaster 70AZ SKU 2815176"}]},{"@type":"WebSite","@id":"https:\/\/www.teleclub.com.py\/#website","url":"https:\/\/www.teleclub.com.py\/","name":"Teleclub","description":"Tu tienda online","publisher":{"@id":"https:\/\/www.teleclub.com.py\/#organization"},"potentialAction":[{"@type":"SearchAction","target":{"@type":"EntryPoint","urlTemplate":"https:\/\/www.teleclub.com.py\/?s={search_term_string}"},"query-input":{"@type":"PropertyValueSpecification","valueRequired":true,"valueName":"search_term_string"}}],"inLanguage":"es"},{"@type":"Organization","@id":"https:\/\/www.teleclub.com.py\/#organization","name":"Teleclub","url":"https:\/\/www.teleclub.com.py\/","logo":{"@type":"ImageObject","inLanguage":"es","@id":"https:\/\/www.teleclub.com.py\/#\/schema\/logo\/image\/","url":"https:\/\/www.teleclub.com.py\/wp-content\/uploads\/2024\/09\/1611317346760_TeleClub_logo_FondoBlanco-2.jpg","contentUrl":"https:\/\/www.teleclub.com.py\/wp-content\/uploads\/2024\/09\/1611317346760_TeleClub_logo_FondoBlanco-2.jpg","width":1600,"height":1600,"caption":"Teleclub"},"image":{"@id":"https:\/\/www.teleclub.com.py\/#\/schema\/logo\/image\/"},"sameAs":["https:\/\/www.facebook.com\/teleclubpy","https:\/\/www.instagram.com\/teleclubpy"]}]}},"_links":{"self":[{"href":"https:\/\/www.teleclub.com.py\/index.php\/wp-json\/wp\/v2\/product\/8884","targetHints":{"allow":["GET"]}}],"collection":[{"href":"https:\/\/www.teleclub.com.py\/index.php\/wp-json\/wp\/v2\/product"}],"about":[{"href":"https:\/\/www.teleclub.com.py\/index.php\/wp-json\/wp\/v2\/types\/product"}],"wp:featuredmedia":[{"embeddable":true,"href":"https:\/\/www.teleclub.com.py\/index.php\/wp-json\/wp\/v2\/media\/8886"}],"wp:attachment":[{"href":"https:\/\/www.teleclub.com.py\/index.php\/wp-json\/wp\/v2\/media?parent=8884"}],"wp:term":[{"taxonomy":"product_cat","embeddable":true,"href":"https:\/\/www.teleclub.com.py\/index.php\/wp-json\/wp\/v2\/product_cat?post=8884"},{"taxonomy":"product_tag","embeddable":true,"href":"https:\/\/www.teleclub.com.py\/index.php\/wp-json\/wp\/v2\/product_tag?post=8884"}],"curies":[{"name":"wp","href":"https:\/\/api.w.org\/{rel}","templated":true}]}}