{"id":8643,"date":"2024-08-29T20:43:16","date_gmt":"2024-08-30T00:43:16","guid":{"rendered":"https:\/\/www.teleclub.com.py\/?post_type=product&#038;p=8643"},"modified":"2024-08-30T18:40:43","modified_gmt":"2024-08-30T22:40:43","slug":"pendrive-sandisk-ultra-shift-usb-3-0-de-32gb-negro","status":"publish","type":"product","link":"https:\/\/www.teleclub.com.py\/index.php\/product\/pendrive-sandisk-ultra-shift-usb-3-0-de-32gb-negro\/","title":{"rendered":"Pendrive Sandisk Ultra Shift USB 3.0 de 32GB &#8211; Negro"},"content":{"rendered":"<p><span class=\"TextRun SCXW127044141 BCX0\" lang=\"ES-ES\" xml:lang=\"ES-ES\" data-contrast=\"auto\"><span class=\"NormalTextRun SCXW127044141 BCX0\">El Pendrive SanDisk Z410 Ultra Shift ofrece m\u00e1s velocidad para que trabajes a tu manera.\u00a0Con la interfaz USB 3.0 y velocidades de hasta 100 MB\/s, puede pasar menos tiempo esperando y m\u00e1s tiempo enfoc\u00e1ndose en lo que es importante para usted. Adem\u00e1s, est\u00e1\u00a0listo para ir a donde quiera que vaya, este USB presenta un dise\u00f1o sin tapa y una ranura para cord\u00f3n para mayor comodidad.\u00a0<\/span><\/span><span class=\"EOP SCXW127044141 BCX0\" data-ccp-props=\"{&quot;201341983&quot;:0,&quot;335551550&quot;:1,&quot;335551620&quot;:1,&quot;335559739&quot;:160,&quot;335559740&quot;:259}\">\u00a0<\/span><\/p>\n","protected":false},"excerpt":{"rendered":"<ul>\n<li><span data-contrast=\"auto\"><strong>Dise\u00f1o:<\/strong>\u00a0Compacto y sin tapa<\/span><span data-ccp-props=\"{&quot;201341983&quot;:0,&quot;335551550&quot;:1,&quot;335551620&quot;:1,&quot;335559739&quot;:160,&quot;335559740&quot;:259}\">\u00a0<\/span><\/li>\n<li><span data-contrast=\"auto\"><strong>Capacidad:<\/strong>\u00a032\u00a0GB<\/span><span data-ccp-props=\"{&quot;201341983&quot;:0,&quot;335551550&quot;:1,&quot;335551620&quot;:1,&quot;335559739&quot;:160,&quot;335559740&quot;:259}\">\u00a0<\/span><\/li>\n<li><span data-contrast=\"auto\"><strong>Interfaz:<\/strong>\u00a0USB 3.0<\/span><span data-ccp-props=\"{&quot;201341983&quot;:0,&quot;335551550&quot;:1,&quot;335551620&quot;:1,&quot;335559739&quot;:160,&quot;335559740&quot;:259}\">\u00a0<\/span><\/li>\n<li><span data-contrast=\"auto\"><strong>Velocidad hasta:<\/strong>\u00a0100 MB\/s<\/span><\/li>\n<\/ul>\n","protected":false},"featured_media":8645,"template":"","meta":{"om_disable_all_campaigns":false},"product_cat":[355],"product_tag":[],"class_list":{"0":"post-8643","1":"product","2":"type-product","3":"status-publish","4":"has-post-thumbnail","6":"product_cat-almacenamiento","8":"first","9":"instock","10":"shipping-taxable","11":"purchasable","12":"product-type-simple"},"yoast_head":"<!-- This site is optimized with the Yoast SEO plugin v23.6 - https:\/\/yoast.com\/wordpress\/plugins\/seo\/ -->\n<title>Pendrive Sandisk Ultra Shift USB 3.0 de 32GB - Negro - Teleclub<\/title>\n<meta name=\"robots\" content=\"index, follow, max-snippet:-1, max-image-preview:large, max-video-preview:-1\" \/>\n<link rel=\"canonical\" href=\"https:\/\/www.teleclub.com.py\/index.php\/product\/pendrive-sandisk-ultra-shift-usb-3-0-de-32gb-negro\/\" \/>\n<meta property=\"og:locale\" content=\"es_ES\" \/>\n<meta property=\"og:type\" content=\"article\" \/>\n<meta property=\"og:title\" content=\"Pendrive Sandisk Ultra Shift USB 3.0 de 32GB - Negro - Teleclub\" \/>\n<meta property=\"og:description\" content=\"Dise\u00f1o:\u00a0Compacto y sin tapa\u00a0  Capacidad:\u00a032\u00a0GB\u00a0  Interfaz:\u00a0USB 3.0\u00a0  Velocidad hasta:\u00a0100 MB\/s\" \/>\n<meta property=\"og:url\" content=\"https:\/\/www.teleclub.com.py\/index.php\/product\/pendrive-sandisk-ultra-shift-usb-3-0-de-32gb-negro\/\" \/>\n<meta property=\"og:site_name\" content=\"Teleclub\" \/>\n<meta property=\"article:publisher\" content=\"https:\/\/www.facebook.com\/teleclubpy\" \/>\n<meta property=\"article:modified_time\" content=\"2024-08-30T22:40:43+00:00\" \/>\n<meta property=\"og:image\" content=\"https:\/\/www.teleclub.com.py\/wp-content\/uploads\/2024\/08\/aa-120.png\" \/>\n\t<meta property=\"og:image:width\" content=\"1000\" \/>\n\t<meta property=\"og:image:height\" content=\"1000\" \/>\n\t<meta property=\"og:image:type\" content=\"image\/png\" \/>\n<meta name=\"twitter:card\" content=\"summary_large_image\" \/>\n<script type=\"application\/ld+json\" class=\"yoast-schema-graph\">{\"@context\":\"https:\/\/schema.org\",\"@graph\":[{\"@type\":\"WebPage\",\"@id\":\"https:\/\/www.teleclub.com.py\/index.php\/product\/pendrive-sandisk-ultra-shift-usb-3-0-de-32gb-negro\/\",\"url\":\"https:\/\/www.teleclub.com.py\/index.php\/product\/pendrive-sandisk-ultra-shift-usb-3-0-de-32gb-negro\/\",\"name\":\"Pendrive Sandisk Ultra Shift USB 3.0 de 32GB - Negro - Teleclub\",\"isPartOf\":{\"@id\":\"https:\/\/www.teleclub.com.py\/#website\"},\"primaryImageOfPage\":{\"@id\":\"https:\/\/www.teleclub.com.py\/index.php\/product\/pendrive-sandisk-ultra-shift-usb-3-0-de-32gb-negro\/#primaryimage\"},\"image\":{\"@id\":\"https:\/\/www.teleclub.com.py\/index.php\/product\/pendrive-sandisk-ultra-shift-usb-3-0-de-32gb-negro\/#primaryimage\"},\"thumbnailUrl\":\"https:\/\/www.teleclub.com.py\/wp-content\/uploads\/2024\/08\/aa-120.png\",\"datePublished\":\"2024-08-30T00:43:16+00:00\",\"dateModified\":\"2024-08-30T22:40:43+00:00\",\"breadcrumb\":{\"@id\":\"https:\/\/www.teleclub.com.py\/index.php\/product\/pendrive-sandisk-ultra-shift-usb-3-0-de-32gb-negro\/#breadcrumb\"},\"inLanguage\":\"es\",\"potentialAction\":[{\"@type\":\"ReadAction\",\"target\":[\"https:\/\/www.teleclub.com.py\/index.php\/product\/pendrive-sandisk-ultra-shift-usb-3-0-de-32gb-negro\/\"]}]},{\"@type\":\"ImageObject\",\"inLanguage\":\"es\",\"@id\":\"https:\/\/www.teleclub.com.py\/index.php\/product\/pendrive-sandisk-ultra-shift-usb-3-0-de-32gb-negro\/#primaryimage\",\"url\":\"https:\/\/www.teleclub.com.py\/wp-content\/uploads\/2024\/08\/aa-120.png\",\"contentUrl\":\"https:\/\/www.teleclub.com.py\/wp-content\/uploads\/2024\/08\/aa-120.png\",\"width\":1000,\"height\":1000},{\"@type\":\"BreadcrumbList\",\"@id\":\"https:\/\/www.teleclub.com.py\/index.php\/product\/pendrive-sandisk-ultra-shift-usb-3-0-de-32gb-negro\/#breadcrumb\",\"itemListElement\":[{\"@type\":\"ListItem\",\"position\":1,\"name\":\"Portada\",\"item\":\"https:\/\/www.teleclub.com.py\/\"},{\"@type\":\"ListItem\",\"position\":2,\"name\":\"Shop\",\"item\":\"https:\/\/www.teleclub.com.py\/index.php\/shop-2\/\"},{\"@type\":\"ListItem\",\"position\":3,\"name\":\"Pendrive Sandisk Ultra Shift USB 3.0 de 32GB &#8211; Negro\"}]},{\"@type\":\"WebSite\",\"@id\":\"https:\/\/www.teleclub.com.py\/#website\",\"url\":\"https:\/\/www.teleclub.com.py\/\",\"name\":\"Teleclub\",\"description\":\"Tu tienda online\",\"publisher\":{\"@id\":\"https:\/\/www.teleclub.com.py\/#organization\"},\"potentialAction\":[{\"@type\":\"SearchAction\",\"target\":{\"@type\":\"EntryPoint\",\"urlTemplate\":\"https:\/\/www.teleclub.com.py\/?s={search_term_string}\"},\"query-input\":{\"@type\":\"PropertyValueSpecification\",\"valueRequired\":true,\"valueName\":\"search_term_string\"}}],\"inLanguage\":\"es\"},{\"@type\":\"Organization\",\"@id\":\"https:\/\/www.teleclub.com.py\/#organization\",\"name\":\"Teleclub\",\"url\":\"https:\/\/www.teleclub.com.py\/\",\"logo\":{\"@type\":\"ImageObject\",\"inLanguage\":\"es\",\"@id\":\"https:\/\/www.teleclub.com.py\/#\/schema\/logo\/image\/\",\"url\":\"https:\/\/www.teleclub.com.py\/wp-content\/uploads\/2024\/09\/1611317346760_TeleClub_logo_FondoBlanco-2.jpg\",\"contentUrl\":\"https:\/\/www.teleclub.com.py\/wp-content\/uploads\/2024\/09\/1611317346760_TeleClub_logo_FondoBlanco-2.jpg\",\"width\":1600,\"height\":1600,\"caption\":\"Teleclub\"},\"image\":{\"@id\":\"https:\/\/www.teleclub.com.py\/#\/schema\/logo\/image\/\"},\"sameAs\":[\"https:\/\/www.facebook.com\/teleclubpy\",\"https:\/\/www.instagram.com\/teleclubpy\"]}]}<\/script>\n<!-- \/ Yoast SEO plugin. -->","yoast_head_json":{"title":"Pendrive Sandisk Ultra Shift USB 3.0 de 32GB - Negro - Teleclub","robots":{"index":"index","follow":"follow","max-snippet":"max-snippet:-1","max-image-preview":"max-image-preview:large","max-video-preview":"max-video-preview:-1"},"canonical":"https:\/\/www.teleclub.com.py\/index.php\/product\/pendrive-sandisk-ultra-shift-usb-3-0-de-32gb-negro\/","og_locale":"es_ES","og_type":"article","og_title":"Pendrive Sandisk Ultra Shift USB 3.0 de 32GB - Negro - Teleclub","og_description":"Dise\u00f1o:\u00a0Compacto y sin tapa\u00a0  Capacidad:\u00a032\u00a0GB\u00a0  Interfaz:\u00a0USB 3.0\u00a0  Velocidad hasta:\u00a0100 MB\/s","og_url":"https:\/\/www.teleclub.com.py\/index.php\/product\/pendrive-sandisk-ultra-shift-usb-3-0-de-32gb-negro\/","og_site_name":"Teleclub","article_publisher":"https:\/\/www.facebook.com\/teleclubpy","article_modified_time":"2024-08-30T22:40:43+00:00","og_image":[{"width":1000,"height":1000,"url":"https:\/\/www.teleclub.com.py\/wp-content\/uploads\/2024\/08\/aa-120.png","type":"image\/png"}],"twitter_card":"summary_large_image","schema":{"@context":"https:\/\/schema.org","@graph":[{"@type":"WebPage","@id":"https:\/\/www.teleclub.com.py\/index.php\/product\/pendrive-sandisk-ultra-shift-usb-3-0-de-32gb-negro\/","url":"https:\/\/www.teleclub.com.py\/index.php\/product\/pendrive-sandisk-ultra-shift-usb-3-0-de-32gb-negro\/","name":"Pendrive Sandisk Ultra Shift USB 3.0 de 32GB - Negro - Teleclub","isPartOf":{"@id":"https:\/\/www.teleclub.com.py\/#website"},"primaryImageOfPage":{"@id":"https:\/\/www.teleclub.com.py\/index.php\/product\/pendrive-sandisk-ultra-shift-usb-3-0-de-32gb-negro\/#primaryimage"},"image":{"@id":"https:\/\/www.teleclub.com.py\/index.php\/product\/pendrive-sandisk-ultra-shift-usb-3-0-de-32gb-negro\/#primaryimage"},"thumbnailUrl":"https:\/\/www.teleclub.com.py\/wp-content\/uploads\/2024\/08\/aa-120.png","datePublished":"2024-08-30T00:43:16+00:00","dateModified":"2024-08-30T22:40:43+00:00","breadcrumb":{"@id":"https:\/\/www.teleclub.com.py\/index.php\/product\/pendrive-sandisk-ultra-shift-usb-3-0-de-32gb-negro\/#breadcrumb"},"inLanguage":"es","potentialAction":[{"@type":"ReadAction","target":["https:\/\/www.teleclub.com.py\/index.php\/product\/pendrive-sandisk-ultra-shift-usb-3-0-de-32gb-negro\/"]}]},{"@type":"ImageObject","inLanguage":"es","@id":"https:\/\/www.teleclub.com.py\/index.php\/product\/pendrive-sandisk-ultra-shift-usb-3-0-de-32gb-negro\/#primaryimage","url":"https:\/\/www.teleclub.com.py\/wp-content\/uploads\/2024\/08\/aa-120.png","contentUrl":"https:\/\/www.teleclub.com.py\/wp-content\/uploads\/2024\/08\/aa-120.png","width":1000,"height":1000},{"@type":"BreadcrumbList","@id":"https:\/\/www.teleclub.com.py\/index.php\/product\/pendrive-sandisk-ultra-shift-usb-3-0-de-32gb-negro\/#breadcrumb","itemListElement":[{"@type":"ListItem","position":1,"name":"Portada","item":"https:\/\/www.teleclub.com.py\/"},{"@type":"ListItem","position":2,"name":"Shop","item":"https:\/\/www.teleclub.com.py\/index.php\/shop-2\/"},{"@type":"ListItem","position":3,"name":"Pendrive Sandisk Ultra Shift USB 3.0 de 32GB &#8211; Negro"}]},{"@type":"WebSite","@id":"https:\/\/www.teleclub.com.py\/#website","url":"https:\/\/www.teleclub.com.py\/","name":"Teleclub","description":"Tu tienda online","publisher":{"@id":"https:\/\/www.teleclub.com.py\/#organization"},"potentialAction":[{"@type":"SearchAction","target":{"@type":"EntryPoint","urlTemplate":"https:\/\/www.teleclub.com.py\/?s={search_term_string}"},"query-input":{"@type":"PropertyValueSpecification","valueRequired":true,"valueName":"search_term_string"}}],"inLanguage":"es"},{"@type":"Organization","@id":"https:\/\/www.teleclub.com.py\/#organization","name":"Teleclub","url":"https:\/\/www.teleclub.com.py\/","logo":{"@type":"ImageObject","inLanguage":"es","@id":"https:\/\/www.teleclub.com.py\/#\/schema\/logo\/image\/","url":"https:\/\/www.teleclub.com.py\/wp-content\/uploads\/2024\/09\/1611317346760_TeleClub_logo_FondoBlanco-2.jpg","contentUrl":"https:\/\/www.teleclub.com.py\/wp-content\/uploads\/2024\/09\/1611317346760_TeleClub_logo_FondoBlanco-2.jpg","width":1600,"height":1600,"caption":"Teleclub"},"image":{"@id":"https:\/\/www.teleclub.com.py\/#\/schema\/logo\/image\/"},"sameAs":["https:\/\/www.facebook.com\/teleclubpy","https:\/\/www.instagram.com\/teleclubpy"]}]}},"_links":{"self":[{"href":"https:\/\/www.teleclub.com.py\/index.php\/wp-json\/wp\/v2\/product\/8643","targetHints":{"allow":["GET"]}}],"collection":[{"href":"https:\/\/www.teleclub.com.py\/index.php\/wp-json\/wp\/v2\/product"}],"about":[{"href":"https:\/\/www.teleclub.com.py\/index.php\/wp-json\/wp\/v2\/types\/product"}],"wp:featuredmedia":[{"embeddable":true,"href":"https:\/\/www.teleclub.com.py\/index.php\/wp-json\/wp\/v2\/media\/8645"}],"wp:attachment":[{"href":"https:\/\/www.teleclub.com.py\/index.php\/wp-json\/wp\/v2\/media?parent=8643"}],"wp:term":[{"taxonomy":"product_cat","embeddable":true,"href":"https:\/\/www.teleclub.com.py\/index.php\/wp-json\/wp\/v2\/product_cat?post=8643"},{"taxonomy":"product_tag","embeddable":true,"href":"https:\/\/www.teleclub.com.py\/index.php\/wp-json\/wp\/v2\/product_tag?post=8643"}],"curies":[{"name":"wp","href":"https:\/\/api.w.org\/{rel}","templated":true}]}}