{"id":8637,"date":"2024-08-29T19:49:43","date_gmt":"2024-08-29T23:49:43","guid":{"rendered":"https:\/\/www.teleclub.com.py\/?post_type=product&#038;p=8637"},"modified":"2024-08-30T18:40:51","modified_gmt":"2024-08-30T22:40:51","slug":"pendrive-sandisk-ultra-fit-usb-3-1-flash-drive-de-32gb-negro","status":"publish","type":"product","link":"https:\/\/www.teleclub.com.py\/index.php\/product\/pendrive-sandisk-ultra-fit-usb-3-1-flash-drive-de-32gb-negro\/","title":{"rendered":"Pendrive Sandisk Ultra Fit USB 3.1 Flash Drive de 32GB &#8211; Negro"},"content":{"rendered":"<p>El Pendrive SanDisk Z430 Ultra Fit USB 3.2 de te ofrece almacenamiento instant\u00e1neo y de conexi\u00f3n permanente en un dise\u00f1o compacto. Con una capacidad de 32 GB, podr\u00e1s almacenar gran cantidad de archivos, documentos, fotos y videos. Este pendrive cuenta con una conexi\u00f3n USB 3.2 que te permite transferir datos de forma r\u00e1pida y eficiente. Podr\u00e1s transferir una pel\u00edcula completa m\u00e1s r\u00e1pido que con las unidades USB 2.0, e incluso podr\u00e1s realizar la transferencia de una pel\u00edcula en menos de 30 segundos. Para garantizar la seguridad de tus archivos, el pendrive incluye el software SanDisk PrivateAccess, que te ayuda a mantener tus archivos privados protegidos y seguros. Es compatible con sistemas operativos como Windows 7, Windows 8, Windows 10 y macOS v10.9+, lo que te brinda flexibilidad para usarlo en diferentes dispositivos. Ten en cuenta que la capacidad real de almacenamiento puede ser menor debido al formato del sistema operativo. Se requiere un puerto USB 3.2 Gen 1 o USB 3.0 para aprovechar al m\u00e1ximo la velocidad de transferencia de hasta 130MB\/s. La velocidad de escritura puede ser inferior y var\u00eda seg\u00fan la capacidad del pendrive y el dispositivo anfitri\u00f3n. Recuerda que 1MB equivale a 1.000.000 de bytes. Los resultados de velocidad y rendimiento pueden variar seg\u00fan el dispositivo anfitri\u00f3n, los atributos del archivo y otros factores. La protecci\u00f3n con contrase\u00f1a utiliza cifrado AES de 128 bits para asegurar la privacidad de tus archivos.<\/p>\n","protected":false},"excerpt":{"rendered":"<ul>\n<li><strong>Dise\u00f1o:\u00a0<\/strong>Compacto<\/li>\n<li><strong>Capacidad:\u00a0<\/strong>32\u00a0GB<\/li>\n<li><strong>Conectividad:<\/strong>\u00a0USB 3.2<\/li>\n<li><strong>Velocidad m\u00e1xima de lectura:<\/strong>\u00a0130 MB\/s<\/li>\n<li><strong>Compatible con:\u00a0<\/strong>Windows 7, Windows 8, Windows 10 y macOS v10.9+<\/li>\n<\/ul>\n","protected":false},"featured_media":8638,"template":"","meta":{"om_disable_all_campaigns":false},"product_cat":[355],"product_tag":[],"class_list":{"0":"post-8637","1":"product","2":"type-product","3":"status-publish","4":"has-post-thumbnail","6":"product_cat-almacenamiento","8":"first","9":"instock","10":"shipping-taxable","11":"purchasable","12":"product-type-simple"},"yoast_head":"<!-- This site is optimized with the Yoast SEO plugin v23.6 - https:\/\/yoast.com\/wordpress\/plugins\/seo\/ -->\n<title>Pendrive Sandisk Ultra Fit USB 3.1 Flash Drive de 32GB - Negro - Teleclub<\/title>\n<meta name=\"robots\" content=\"index, follow, max-snippet:-1, max-image-preview:large, max-video-preview:-1\" \/>\n<link rel=\"canonical\" href=\"https:\/\/www.teleclub.com.py\/index.php\/product\/pendrive-sandisk-ultra-fit-usb-3-1-flash-drive-de-32gb-negro\/\" \/>\n<meta property=\"og:locale\" content=\"es_ES\" \/>\n<meta property=\"og:type\" content=\"article\" \/>\n<meta property=\"og:title\" content=\"Pendrive Sandisk Ultra Fit USB 3.1 Flash Drive de 32GB - Negro - Teleclub\" \/>\n<meta property=\"og:description\" content=\"Dise\u00f1o:\u00a0Compacto  Capacidad:\u00a032\u00a0GB  Conectividad:\u00a0USB 3.2  Velocidad m\u00e1xima de lectura:\u00a0130 MB\/s  Compatible con:\u00a0Windows 7, Windows 8, Windows 10 y macOS v10.9+\" \/>\n<meta property=\"og:url\" content=\"https:\/\/www.teleclub.com.py\/index.php\/product\/pendrive-sandisk-ultra-fit-usb-3-1-flash-drive-de-32gb-negro\/\" \/>\n<meta property=\"og:site_name\" content=\"Teleclub\" \/>\n<meta property=\"article:publisher\" content=\"https:\/\/www.facebook.com\/teleclubpy\" \/>\n<meta property=\"article:modified_time\" content=\"2024-08-30T22:40:51+00:00\" \/>\n<meta property=\"og:image\" content=\"https:\/\/www.teleclub.com.py\/wp-content\/uploads\/2024\/08\/a-318.png\" \/>\n\t<meta property=\"og:image:width\" content=\"900\" \/>\n\t<meta property=\"og:image:height\" content=\"983\" \/>\n\t<meta property=\"og:image:type\" content=\"image\/png\" \/>\n<meta name=\"twitter:card\" content=\"summary_large_image\" \/>\n<meta name=\"twitter:label1\" content=\"Tiempo de lectura\" \/>\n\t<meta name=\"twitter:data1\" content=\"1 minuto\" \/>\n<script type=\"application\/ld+json\" class=\"yoast-schema-graph\">{\"@context\":\"https:\/\/schema.org\",\"@graph\":[{\"@type\":\"WebPage\",\"@id\":\"https:\/\/www.teleclub.com.py\/index.php\/product\/pendrive-sandisk-ultra-fit-usb-3-1-flash-drive-de-32gb-negro\/\",\"url\":\"https:\/\/www.teleclub.com.py\/index.php\/product\/pendrive-sandisk-ultra-fit-usb-3-1-flash-drive-de-32gb-negro\/\",\"name\":\"Pendrive Sandisk Ultra Fit USB 3.1 Flash Drive de 32GB - Negro - Teleclub\",\"isPartOf\":{\"@id\":\"https:\/\/www.teleclub.com.py\/#website\"},\"primaryImageOfPage\":{\"@id\":\"https:\/\/www.teleclub.com.py\/index.php\/product\/pendrive-sandisk-ultra-fit-usb-3-1-flash-drive-de-32gb-negro\/#primaryimage\"},\"image\":{\"@id\":\"https:\/\/www.teleclub.com.py\/index.php\/product\/pendrive-sandisk-ultra-fit-usb-3-1-flash-drive-de-32gb-negro\/#primaryimage\"},\"thumbnailUrl\":\"https:\/\/www.teleclub.com.py\/wp-content\/uploads\/2024\/08\/a-318.png\",\"datePublished\":\"2024-08-29T23:49:43+00:00\",\"dateModified\":\"2024-08-30T22:40:51+00:00\",\"breadcrumb\":{\"@id\":\"https:\/\/www.teleclub.com.py\/index.php\/product\/pendrive-sandisk-ultra-fit-usb-3-1-flash-drive-de-32gb-negro\/#breadcrumb\"},\"inLanguage\":\"es\",\"potentialAction\":[{\"@type\":\"ReadAction\",\"target\":[\"https:\/\/www.teleclub.com.py\/index.php\/product\/pendrive-sandisk-ultra-fit-usb-3-1-flash-drive-de-32gb-negro\/\"]}]},{\"@type\":\"ImageObject\",\"inLanguage\":\"es\",\"@id\":\"https:\/\/www.teleclub.com.py\/index.php\/product\/pendrive-sandisk-ultra-fit-usb-3-1-flash-drive-de-32gb-negro\/#primaryimage\",\"url\":\"https:\/\/www.teleclub.com.py\/wp-content\/uploads\/2024\/08\/a-318.png\",\"contentUrl\":\"https:\/\/www.teleclub.com.py\/wp-content\/uploads\/2024\/08\/a-318.png\",\"width\":900,\"height\":983},{\"@type\":\"BreadcrumbList\",\"@id\":\"https:\/\/www.teleclub.com.py\/index.php\/product\/pendrive-sandisk-ultra-fit-usb-3-1-flash-drive-de-32gb-negro\/#breadcrumb\",\"itemListElement\":[{\"@type\":\"ListItem\",\"position\":1,\"name\":\"Portada\",\"item\":\"https:\/\/www.teleclub.com.py\/\"},{\"@type\":\"ListItem\",\"position\":2,\"name\":\"Shop\",\"item\":\"https:\/\/www.teleclub.com.py\/index.php\/shop-2\/\"},{\"@type\":\"ListItem\",\"position\":3,\"name\":\"Pendrive Sandisk Ultra Fit USB 3.1 Flash Drive de 32GB &#8211; Negro\"}]},{\"@type\":\"WebSite\",\"@id\":\"https:\/\/www.teleclub.com.py\/#website\",\"url\":\"https:\/\/www.teleclub.com.py\/\",\"name\":\"Teleclub\",\"description\":\"Tu tienda online\",\"publisher\":{\"@id\":\"https:\/\/www.teleclub.com.py\/#organization\"},\"potentialAction\":[{\"@type\":\"SearchAction\",\"target\":{\"@type\":\"EntryPoint\",\"urlTemplate\":\"https:\/\/www.teleclub.com.py\/?s={search_term_string}\"},\"query-input\":{\"@type\":\"PropertyValueSpecification\",\"valueRequired\":true,\"valueName\":\"search_term_string\"}}],\"inLanguage\":\"es\"},{\"@type\":\"Organization\",\"@id\":\"https:\/\/www.teleclub.com.py\/#organization\",\"name\":\"Teleclub\",\"url\":\"https:\/\/www.teleclub.com.py\/\",\"logo\":{\"@type\":\"ImageObject\",\"inLanguage\":\"es\",\"@id\":\"https:\/\/www.teleclub.com.py\/#\/schema\/logo\/image\/\",\"url\":\"https:\/\/www.teleclub.com.py\/wp-content\/uploads\/2024\/09\/1611317346760_TeleClub_logo_FondoBlanco-2.jpg\",\"contentUrl\":\"https:\/\/www.teleclub.com.py\/wp-content\/uploads\/2024\/09\/1611317346760_TeleClub_logo_FondoBlanco-2.jpg\",\"width\":1600,\"height\":1600,\"caption\":\"Teleclub\"},\"image\":{\"@id\":\"https:\/\/www.teleclub.com.py\/#\/schema\/logo\/image\/\"},\"sameAs\":[\"https:\/\/www.facebook.com\/teleclubpy\",\"https:\/\/www.instagram.com\/teleclubpy\"]}]}<\/script>\n<!-- \/ Yoast SEO plugin. -->","yoast_head_json":{"title":"Pendrive Sandisk Ultra Fit USB 3.1 Flash Drive de 32GB - Negro - Teleclub","robots":{"index":"index","follow":"follow","max-snippet":"max-snippet:-1","max-image-preview":"max-image-preview:large","max-video-preview":"max-video-preview:-1"},"canonical":"https:\/\/www.teleclub.com.py\/index.php\/product\/pendrive-sandisk-ultra-fit-usb-3-1-flash-drive-de-32gb-negro\/","og_locale":"es_ES","og_type":"article","og_title":"Pendrive Sandisk Ultra Fit USB 3.1 Flash Drive de 32GB - Negro - Teleclub","og_description":"Dise\u00f1o:\u00a0Compacto  Capacidad:\u00a032\u00a0GB  Conectividad:\u00a0USB 3.2  Velocidad m\u00e1xima de lectura:\u00a0130 MB\/s  Compatible con:\u00a0Windows 7, Windows 8, Windows 10 y macOS v10.9+","og_url":"https:\/\/www.teleclub.com.py\/index.php\/product\/pendrive-sandisk-ultra-fit-usb-3-1-flash-drive-de-32gb-negro\/","og_site_name":"Teleclub","article_publisher":"https:\/\/www.facebook.com\/teleclubpy","article_modified_time":"2024-08-30T22:40:51+00:00","og_image":[{"width":900,"height":983,"url":"https:\/\/www.teleclub.com.py\/wp-content\/uploads\/2024\/08\/a-318.png","type":"image\/png"}],"twitter_card":"summary_large_image","twitter_misc":{"Tiempo de lectura":"1 minuto"},"schema":{"@context":"https:\/\/schema.org","@graph":[{"@type":"WebPage","@id":"https:\/\/www.teleclub.com.py\/index.php\/product\/pendrive-sandisk-ultra-fit-usb-3-1-flash-drive-de-32gb-negro\/","url":"https:\/\/www.teleclub.com.py\/index.php\/product\/pendrive-sandisk-ultra-fit-usb-3-1-flash-drive-de-32gb-negro\/","name":"Pendrive Sandisk Ultra Fit USB 3.1 Flash Drive de 32GB - Negro - Teleclub","isPartOf":{"@id":"https:\/\/www.teleclub.com.py\/#website"},"primaryImageOfPage":{"@id":"https:\/\/www.teleclub.com.py\/index.php\/product\/pendrive-sandisk-ultra-fit-usb-3-1-flash-drive-de-32gb-negro\/#primaryimage"},"image":{"@id":"https:\/\/www.teleclub.com.py\/index.php\/product\/pendrive-sandisk-ultra-fit-usb-3-1-flash-drive-de-32gb-negro\/#primaryimage"},"thumbnailUrl":"https:\/\/www.teleclub.com.py\/wp-content\/uploads\/2024\/08\/a-318.png","datePublished":"2024-08-29T23:49:43+00:00","dateModified":"2024-08-30T22:40:51+00:00","breadcrumb":{"@id":"https:\/\/www.teleclub.com.py\/index.php\/product\/pendrive-sandisk-ultra-fit-usb-3-1-flash-drive-de-32gb-negro\/#breadcrumb"},"inLanguage":"es","potentialAction":[{"@type":"ReadAction","target":["https:\/\/www.teleclub.com.py\/index.php\/product\/pendrive-sandisk-ultra-fit-usb-3-1-flash-drive-de-32gb-negro\/"]}]},{"@type":"ImageObject","inLanguage":"es","@id":"https:\/\/www.teleclub.com.py\/index.php\/product\/pendrive-sandisk-ultra-fit-usb-3-1-flash-drive-de-32gb-negro\/#primaryimage","url":"https:\/\/www.teleclub.com.py\/wp-content\/uploads\/2024\/08\/a-318.png","contentUrl":"https:\/\/www.teleclub.com.py\/wp-content\/uploads\/2024\/08\/a-318.png","width":900,"height":983},{"@type":"BreadcrumbList","@id":"https:\/\/www.teleclub.com.py\/index.php\/product\/pendrive-sandisk-ultra-fit-usb-3-1-flash-drive-de-32gb-negro\/#breadcrumb","itemListElement":[{"@type":"ListItem","position":1,"name":"Portada","item":"https:\/\/www.teleclub.com.py\/"},{"@type":"ListItem","position":2,"name":"Shop","item":"https:\/\/www.teleclub.com.py\/index.php\/shop-2\/"},{"@type":"ListItem","position":3,"name":"Pendrive Sandisk Ultra Fit USB 3.1 Flash Drive de 32GB &#8211; Negro"}]},{"@type":"WebSite","@id":"https:\/\/www.teleclub.com.py\/#website","url":"https:\/\/www.teleclub.com.py\/","name":"Teleclub","description":"Tu tienda online","publisher":{"@id":"https:\/\/www.teleclub.com.py\/#organization"},"potentialAction":[{"@type":"SearchAction","target":{"@type":"EntryPoint","urlTemplate":"https:\/\/www.teleclub.com.py\/?s={search_term_string}"},"query-input":{"@type":"PropertyValueSpecification","valueRequired":true,"valueName":"search_term_string"}}],"inLanguage":"es"},{"@type":"Organization","@id":"https:\/\/www.teleclub.com.py\/#organization","name":"Teleclub","url":"https:\/\/www.teleclub.com.py\/","logo":{"@type":"ImageObject","inLanguage":"es","@id":"https:\/\/www.teleclub.com.py\/#\/schema\/logo\/image\/","url":"https:\/\/www.teleclub.com.py\/wp-content\/uploads\/2024\/09\/1611317346760_TeleClub_logo_FondoBlanco-2.jpg","contentUrl":"https:\/\/www.teleclub.com.py\/wp-content\/uploads\/2024\/09\/1611317346760_TeleClub_logo_FondoBlanco-2.jpg","width":1600,"height":1600,"caption":"Teleclub"},"image":{"@id":"https:\/\/www.teleclub.com.py\/#\/schema\/logo\/image\/"},"sameAs":["https:\/\/www.facebook.com\/teleclubpy","https:\/\/www.instagram.com\/teleclubpy"]}]}},"_links":{"self":[{"href":"https:\/\/www.teleclub.com.py\/index.php\/wp-json\/wp\/v2\/product\/8637","targetHints":{"allow":["GET"]}}],"collection":[{"href":"https:\/\/www.teleclub.com.py\/index.php\/wp-json\/wp\/v2\/product"}],"about":[{"href":"https:\/\/www.teleclub.com.py\/index.php\/wp-json\/wp\/v2\/types\/product"}],"wp:featuredmedia":[{"embeddable":true,"href":"https:\/\/www.teleclub.com.py\/index.php\/wp-json\/wp\/v2\/media\/8638"}],"wp:attachment":[{"href":"https:\/\/www.teleclub.com.py\/index.php\/wp-json\/wp\/v2\/media?parent=8637"}],"wp:term":[{"taxonomy":"product_cat","embeddable":true,"href":"https:\/\/www.teleclub.com.py\/index.php\/wp-json\/wp\/v2\/product_cat?post=8637"},{"taxonomy":"product_tag","embeddable":true,"href":"https:\/\/www.teleclub.com.py\/index.php\/wp-json\/wp\/v2\/product_tag?post=8637"}],"curies":[{"name":"wp","href":"https:\/\/api.w.org\/{rel}","templated":true}]}}