{"id":8589,"date":"2024-08-29T13:04:25","date_gmt":"2024-08-29T17:04:25","guid":{"rendered":"https:\/\/www.teleclub.com.py\/?post_type=product&#038;p=8589"},"modified":"2024-08-30T18:36:49","modified_gmt":"2024-08-30T22:36:49","slug":"funda-para-ipad-pro-13-spigen-urbant-fit-acs07011-gold-rose","status":"publish","type":"product","link":"https:\/\/www.teleclub.com.py\/index.php\/product\/funda-para-ipad-pro-13-spigen-urbant-fit-acs07011-gold-rose\/","title":{"rendered":"Funda para iPad Pro 13&quot; Spigen Urbant Fit ACS07011 &#8211; Gold Rose"},"content":{"rendered":"<ul class=\"a-unordered-list a-vertical a-spacing-mini\">\n<li class=\"a-spacing-mini\"><span class=\"a-list-item\"><span>[Compatibilidad]: Esta funda SOLO es compatible con iPad Pro de 13 pulgadas de s\u00e9ptima generaci\u00f3n M4 (2024). No es compatible con otros modelos de iPad. Dise\u00f1ado para ser compatible con el protector de pantalla de Spigen.<\/span><\/span><\/li>\n<li class=\"a-spacing-mini\"><span class=\"a-list-item\"><span>[Dise\u00f1o moderno y minimalista] La tela de punto suave proporciona un dise\u00f1o elegante con un agarre f\u00e1cil y c\u00f3modo.<\/span><\/span><\/li>\n<li class=\"a-spacing-mini\"><span class=\"a-list-item\"><span>[Delgado pero protector] La combinaci\u00f3n de tela de punto y PC dura protege su iPad contra rasgu\u00f1os de forma segura y absorbe los golpes en cada ca\u00edda.<\/span><\/span><\/li>\n<li class=\"a-spacing-mini\"><span class=\"a-list-item\"><span>[Soporte y cubierta estables] La cubierta flexible funciona tambi\u00e9n como soporte para ver y escribir c\u00f3modamente con el teclado.<\/span><\/span><\/li>\n<li class=\"a-spacing-mini\"><span class=\"a-list-item\"><span>[Recortes precisos]: no solo puedes usar todas las funciones con precisi\u00f3n, incluida la funci\u00f3n de suspensi\u00f3n\/activaci\u00f3n autom\u00e1tica, sino que tambi\u00e9n es totalmente compatible y se carga con el Apple Pencil Pro.<\/span><\/span><\/li>\n<\/ul>\n","protected":false},"excerpt":{"rendered":"<table class=\"a-normal a-spacing-micro\">\n<tbody>\n<tr class=\"a-spacing-small po-brand\">\n<td class=\"a-span3\"><span class=\"a-size-base a-text-bold\"><span>Marca<\/span><\/span><\/td>\n<td class=\"a-span9\"><span class=\"a-size-base po-break-word\"><span>Spigen<\/span><\/span><\/td>\n<\/tr>\n<tr class=\"a-spacing-small po-color\">\n<td class=\"a-span3\"><span class=\"a-size-base a-text-bold\"><span>Color<\/span><\/span><\/td>\n<td class=\"a-span9\"><span class=\"a-size-base po-break-word\"><span>Oro rosa<\/span><\/span><\/td>\n<\/tr>\n<tr class=\"a-spacing-small po-compatible_devices\">\n<td class=\"a-span3\"><span class=\"a-size-base a-text-bold\"><span>Dispositivos compatibles<\/span><\/span><\/td>\n<td class=\"a-span9\"><span class=\"a-size-base po-break-word\"><span>Tabletas<\/span><\/span><\/td>\n<\/tr>\n<tr class=\"a-spacing-small po-form_factor\">\n<td class=\"a-span3\"><span class=\"a-size-base a-text-bold\"><span>Factor de forma<\/span><\/span><\/td>\n<td class=\"a-span9\"><span class=\"a-size-base po-break-word\"><span>Caso<\/span><\/span><\/td>\n<\/tr>\n<tr class=\"a-spacing-small po-material\">\n<td class=\"a-span3\"><span class=\"a-size-base a-text-bold\"><span>Material<\/span><\/span><\/td>\n<td class=\"a-span9\"><span class=\"a-size-base po-break-word\"><span>Poliuretano, policarbonato, poliuretano termopl\u00e1stico<\/span><\/span><\/td>\n<\/tr>\n<\/tbody>\n<\/table>\n","protected":false},"featured_media":8590,"template":"","meta":{"om_disable_all_campaigns":false},"product_cat":[411],"product_tag":[],"class_list":{"0":"post-8589","1":"product","2":"type-product","3":"status-publish","4":"has-post-thumbnail","6":"product_cat-accesorios-apple-2","8":"first","9":"instock","10":"sale","11":"shipping-taxable","12":"purchasable","13":"product-type-simple"},"yoast_head":"<!-- This site is optimized with the Yoast SEO plugin v23.6 - https:\/\/yoast.com\/wordpress\/plugins\/seo\/ -->\n<title>Funda para iPad Pro 13&quot; Spigen Urbant Fit ACS07011 - Gold Rose - Teleclub<\/title>\n<meta name=\"robots\" content=\"index, follow, max-snippet:-1, max-image-preview:large, max-video-preview:-1\" \/>\n<link rel=\"canonical\" href=\"https:\/\/www.teleclub.com.py\/index.php\/product\/funda-para-ipad-pro-13-spigen-urbant-fit-acs07011-gold-rose\/\" \/>\n<meta property=\"og:locale\" content=\"es_ES\" \/>\n<meta property=\"og:type\" content=\"article\" \/>\n<meta property=\"og:title\" content=\"Funda para iPad Pro 13&quot; Spigen Urbant Fit ACS07011 - Gold Rose - Teleclub\" \/>\n<meta property=\"og:description\" content=\"Marca Spigen   Color Oro rosa   Dispositivos compatibles Tabletas   Factor de forma Caso   Material Poliuretano, policarbonato, poliuretano termopl\u00e1stico\" \/>\n<meta property=\"og:url\" content=\"https:\/\/www.teleclub.com.py\/index.php\/product\/funda-para-ipad-pro-13-spigen-urbant-fit-acs07011-gold-rose\/\" \/>\n<meta property=\"og:site_name\" content=\"Teleclub\" \/>\n<meta property=\"article:publisher\" content=\"https:\/\/www.facebook.com\/teleclubpy\" \/>\n<meta property=\"article:modified_time\" content=\"2024-08-30T22:36:49+00:00\" \/>\n<meta property=\"og:image\" content=\"https:\/\/www.teleclub.com.py\/wp-content\/uploads\/2024\/08\/a-307.png\" \/>\n\t<meta property=\"og:image:width\" content=\"600\" \/>\n\t<meta property=\"og:image:height\" content=\"600\" \/>\n\t<meta property=\"og:image:type\" content=\"image\/png\" \/>\n<meta name=\"twitter:card\" content=\"summary_large_image\" \/>\n<meta name=\"twitter:label1\" content=\"Tiempo de lectura\" \/>\n\t<meta name=\"twitter:data1\" content=\"1 minuto\" \/>\n<script type=\"application\/ld+json\" class=\"yoast-schema-graph\">{\"@context\":\"https:\/\/schema.org\",\"@graph\":[{\"@type\":\"WebPage\",\"@id\":\"https:\/\/www.teleclub.com.py\/index.php\/product\/funda-para-ipad-pro-13-spigen-urbant-fit-acs07011-gold-rose\/\",\"url\":\"https:\/\/www.teleclub.com.py\/index.php\/product\/funda-para-ipad-pro-13-spigen-urbant-fit-acs07011-gold-rose\/\",\"name\":\"Funda para iPad Pro 13&quot; Spigen Urbant Fit ACS07011 - Gold Rose - Teleclub\",\"isPartOf\":{\"@id\":\"https:\/\/www.teleclub.com.py\/#website\"},\"primaryImageOfPage\":{\"@id\":\"https:\/\/www.teleclub.com.py\/index.php\/product\/funda-para-ipad-pro-13-spigen-urbant-fit-acs07011-gold-rose\/#primaryimage\"},\"image\":{\"@id\":\"https:\/\/www.teleclub.com.py\/index.php\/product\/funda-para-ipad-pro-13-spigen-urbant-fit-acs07011-gold-rose\/#primaryimage\"},\"thumbnailUrl\":\"https:\/\/www.teleclub.com.py\/wp-content\/uploads\/2024\/08\/a-307.png\",\"datePublished\":\"2024-08-29T17:04:25+00:00\",\"dateModified\":\"2024-08-30T22:36:49+00:00\",\"breadcrumb\":{\"@id\":\"https:\/\/www.teleclub.com.py\/index.php\/product\/funda-para-ipad-pro-13-spigen-urbant-fit-acs07011-gold-rose\/#breadcrumb\"},\"inLanguage\":\"es\",\"potentialAction\":[{\"@type\":\"ReadAction\",\"target\":[\"https:\/\/www.teleclub.com.py\/index.php\/product\/funda-para-ipad-pro-13-spigen-urbant-fit-acs07011-gold-rose\/\"]}]},{\"@type\":\"ImageObject\",\"inLanguage\":\"es\",\"@id\":\"https:\/\/www.teleclub.com.py\/index.php\/product\/funda-para-ipad-pro-13-spigen-urbant-fit-acs07011-gold-rose\/#primaryimage\",\"url\":\"https:\/\/www.teleclub.com.py\/wp-content\/uploads\/2024\/08\/a-307.png\",\"contentUrl\":\"https:\/\/www.teleclub.com.py\/wp-content\/uploads\/2024\/08\/a-307.png\",\"width\":600,\"height\":600},{\"@type\":\"BreadcrumbList\",\"@id\":\"https:\/\/www.teleclub.com.py\/index.php\/product\/funda-para-ipad-pro-13-spigen-urbant-fit-acs07011-gold-rose\/#breadcrumb\",\"itemListElement\":[{\"@type\":\"ListItem\",\"position\":1,\"name\":\"Portada\",\"item\":\"https:\/\/www.teleclub.com.py\/\"},{\"@type\":\"ListItem\",\"position\":2,\"name\":\"Shop\",\"item\":\"https:\/\/www.teleclub.com.py\/index.php\/shop-2\/\"},{\"@type\":\"ListItem\",\"position\":3,\"name\":\"Funda para iPad Pro 13&quot; Spigen Urbant Fit ACS07011 &#8211; Gold Rose\"}]},{\"@type\":\"WebSite\",\"@id\":\"https:\/\/www.teleclub.com.py\/#website\",\"url\":\"https:\/\/www.teleclub.com.py\/\",\"name\":\"Teleclub\",\"description\":\"Tu tienda online\",\"publisher\":{\"@id\":\"https:\/\/www.teleclub.com.py\/#organization\"},\"potentialAction\":[{\"@type\":\"SearchAction\",\"target\":{\"@type\":\"EntryPoint\",\"urlTemplate\":\"https:\/\/www.teleclub.com.py\/?s={search_term_string}\"},\"query-input\":{\"@type\":\"PropertyValueSpecification\",\"valueRequired\":true,\"valueName\":\"search_term_string\"}}],\"inLanguage\":\"es\"},{\"@type\":\"Organization\",\"@id\":\"https:\/\/www.teleclub.com.py\/#organization\",\"name\":\"Teleclub\",\"url\":\"https:\/\/www.teleclub.com.py\/\",\"logo\":{\"@type\":\"ImageObject\",\"inLanguage\":\"es\",\"@id\":\"https:\/\/www.teleclub.com.py\/#\/schema\/logo\/image\/\",\"url\":\"https:\/\/www.teleclub.com.py\/wp-content\/uploads\/2024\/09\/1611317346760_TeleClub_logo_FondoBlanco-2.jpg\",\"contentUrl\":\"https:\/\/www.teleclub.com.py\/wp-content\/uploads\/2024\/09\/1611317346760_TeleClub_logo_FondoBlanco-2.jpg\",\"width\":1600,\"height\":1600,\"caption\":\"Teleclub\"},\"image\":{\"@id\":\"https:\/\/www.teleclub.com.py\/#\/schema\/logo\/image\/\"},\"sameAs\":[\"https:\/\/www.facebook.com\/teleclubpy\",\"https:\/\/www.instagram.com\/teleclubpy\"]}]}<\/script>\n<!-- \/ Yoast SEO plugin. -->","yoast_head_json":{"title":"Funda para iPad Pro 13&quot; Spigen Urbant Fit ACS07011 - Gold Rose - Teleclub","robots":{"index":"index","follow":"follow","max-snippet":"max-snippet:-1","max-image-preview":"max-image-preview:large","max-video-preview":"max-video-preview:-1"},"canonical":"https:\/\/www.teleclub.com.py\/index.php\/product\/funda-para-ipad-pro-13-spigen-urbant-fit-acs07011-gold-rose\/","og_locale":"es_ES","og_type":"article","og_title":"Funda para iPad Pro 13&quot; Spigen Urbant Fit ACS07011 - Gold Rose - Teleclub","og_description":"Marca Spigen   Color Oro rosa   Dispositivos compatibles Tabletas   Factor de forma Caso   Material Poliuretano, policarbonato, poliuretano termopl\u00e1stico","og_url":"https:\/\/www.teleclub.com.py\/index.php\/product\/funda-para-ipad-pro-13-spigen-urbant-fit-acs07011-gold-rose\/","og_site_name":"Teleclub","article_publisher":"https:\/\/www.facebook.com\/teleclubpy","article_modified_time":"2024-08-30T22:36:49+00:00","og_image":[{"width":600,"height":600,"url":"https:\/\/www.teleclub.com.py\/wp-content\/uploads\/2024\/08\/a-307.png","type":"image\/png"}],"twitter_card":"summary_large_image","twitter_misc":{"Tiempo de lectura":"1 minuto"},"schema":{"@context":"https:\/\/schema.org","@graph":[{"@type":"WebPage","@id":"https:\/\/www.teleclub.com.py\/index.php\/product\/funda-para-ipad-pro-13-spigen-urbant-fit-acs07011-gold-rose\/","url":"https:\/\/www.teleclub.com.py\/index.php\/product\/funda-para-ipad-pro-13-spigen-urbant-fit-acs07011-gold-rose\/","name":"Funda para iPad Pro 13&quot; Spigen Urbant Fit ACS07011 - Gold Rose - Teleclub","isPartOf":{"@id":"https:\/\/www.teleclub.com.py\/#website"},"primaryImageOfPage":{"@id":"https:\/\/www.teleclub.com.py\/index.php\/product\/funda-para-ipad-pro-13-spigen-urbant-fit-acs07011-gold-rose\/#primaryimage"},"image":{"@id":"https:\/\/www.teleclub.com.py\/index.php\/product\/funda-para-ipad-pro-13-spigen-urbant-fit-acs07011-gold-rose\/#primaryimage"},"thumbnailUrl":"https:\/\/www.teleclub.com.py\/wp-content\/uploads\/2024\/08\/a-307.png","datePublished":"2024-08-29T17:04:25+00:00","dateModified":"2024-08-30T22:36:49+00:00","breadcrumb":{"@id":"https:\/\/www.teleclub.com.py\/index.php\/product\/funda-para-ipad-pro-13-spigen-urbant-fit-acs07011-gold-rose\/#breadcrumb"},"inLanguage":"es","potentialAction":[{"@type":"ReadAction","target":["https:\/\/www.teleclub.com.py\/index.php\/product\/funda-para-ipad-pro-13-spigen-urbant-fit-acs07011-gold-rose\/"]}]},{"@type":"ImageObject","inLanguage":"es","@id":"https:\/\/www.teleclub.com.py\/index.php\/product\/funda-para-ipad-pro-13-spigen-urbant-fit-acs07011-gold-rose\/#primaryimage","url":"https:\/\/www.teleclub.com.py\/wp-content\/uploads\/2024\/08\/a-307.png","contentUrl":"https:\/\/www.teleclub.com.py\/wp-content\/uploads\/2024\/08\/a-307.png","width":600,"height":600},{"@type":"BreadcrumbList","@id":"https:\/\/www.teleclub.com.py\/index.php\/product\/funda-para-ipad-pro-13-spigen-urbant-fit-acs07011-gold-rose\/#breadcrumb","itemListElement":[{"@type":"ListItem","position":1,"name":"Portada","item":"https:\/\/www.teleclub.com.py\/"},{"@type":"ListItem","position":2,"name":"Shop","item":"https:\/\/www.teleclub.com.py\/index.php\/shop-2\/"},{"@type":"ListItem","position":3,"name":"Funda para iPad Pro 13&quot; Spigen Urbant Fit ACS07011 &#8211; Gold Rose"}]},{"@type":"WebSite","@id":"https:\/\/www.teleclub.com.py\/#website","url":"https:\/\/www.teleclub.com.py\/","name":"Teleclub","description":"Tu tienda online","publisher":{"@id":"https:\/\/www.teleclub.com.py\/#organization"},"potentialAction":[{"@type":"SearchAction","target":{"@type":"EntryPoint","urlTemplate":"https:\/\/www.teleclub.com.py\/?s={search_term_string}"},"query-input":{"@type":"PropertyValueSpecification","valueRequired":true,"valueName":"search_term_string"}}],"inLanguage":"es"},{"@type":"Organization","@id":"https:\/\/www.teleclub.com.py\/#organization","name":"Teleclub","url":"https:\/\/www.teleclub.com.py\/","logo":{"@type":"ImageObject","inLanguage":"es","@id":"https:\/\/www.teleclub.com.py\/#\/schema\/logo\/image\/","url":"https:\/\/www.teleclub.com.py\/wp-content\/uploads\/2024\/09\/1611317346760_TeleClub_logo_FondoBlanco-2.jpg","contentUrl":"https:\/\/www.teleclub.com.py\/wp-content\/uploads\/2024\/09\/1611317346760_TeleClub_logo_FondoBlanco-2.jpg","width":1600,"height":1600,"caption":"Teleclub"},"image":{"@id":"https:\/\/www.teleclub.com.py\/#\/schema\/logo\/image\/"},"sameAs":["https:\/\/www.facebook.com\/teleclubpy","https:\/\/www.instagram.com\/teleclubpy"]}]}},"_links":{"self":[{"href":"https:\/\/www.teleclub.com.py\/index.php\/wp-json\/wp\/v2\/product\/8589","targetHints":{"allow":["GET"]}}],"collection":[{"href":"https:\/\/www.teleclub.com.py\/index.php\/wp-json\/wp\/v2\/product"}],"about":[{"href":"https:\/\/www.teleclub.com.py\/index.php\/wp-json\/wp\/v2\/types\/product"}],"wp:featuredmedia":[{"embeddable":true,"href":"https:\/\/www.teleclub.com.py\/index.php\/wp-json\/wp\/v2\/media\/8590"}],"wp:attachment":[{"href":"https:\/\/www.teleclub.com.py\/index.php\/wp-json\/wp\/v2\/media?parent=8589"}],"wp:term":[{"taxonomy":"product_cat","embeddable":true,"href":"https:\/\/www.teleclub.com.py\/index.php\/wp-json\/wp\/v2\/product_cat?post=8589"},{"taxonomy":"product_tag","embeddable":true,"href":"https:\/\/www.teleclub.com.py\/index.php\/wp-json\/wp\/v2\/product_tag?post=8589"}],"curies":[{"name":"wp","href":"https:\/\/api.w.org\/{rel}","templated":true}]}}