{"id":8558,"date":"2024-08-29T09:24:53","date_gmt":"2024-08-29T13:24:53","guid":{"rendered":"https:\/\/www.teleclub.com.py\/?post_type=product&#038;p=8558"},"modified":"2024-08-30T18:33:13","modified_gmt":"2024-08-30T22:33:13","slug":"monitor-led-samsung-ls24a336nhl-24-full-hd-60hz-5ms-negro","status":"publish","type":"product","link":"https:\/\/www.teleclub.com.py\/index.php\/product\/monitor-led-samsung-ls24a336nhl-24-full-hd-60hz-5ms-negro\/","title":{"rendered":"Monitor LED Samsung LS24A336NHL 24&quot; Full HD 60Hz \/ 5Ms &#8211; Negro"},"content":{"rendered":"<p>El monitor LED Samsung LS24A336NH de 24 pulgadas tiene un dise\u00f1o moderno y elegante con tecnolog\u00eda que mejora tu experiencia visual con el monitor LED Samsung LS24A336NH de 24 pulgadas. Experimente la imagen completa y v\u00edvida de 178\u00b0 en todos los sentidos desde cualquier posici\u00f3n, incluso en las esquinas. La innovadora tecnolog\u00eda VA Panel de Samsung ofrece una excelente relaci\u00f3n de contraste de 3000:1 con negros m\u00e1s profundos y blancos m\u00e1s brillantes. Con fugas de luz m\u00ednimas de esquina a esquina, incluso las im\u00e1genes m\u00e1s oscuras o m\u00e1s brillantes se ven n\u00edtidas en la pantalla. Tambi\u00e9n tiene tecnolog\u00eda Flicker Free que elimine virtualmente la fatiga visual para una inform\u00e1tica extendida m\u00e1s c\u00f3moda, con la tecnolog\u00eda de confort ocular. Proteja sus ojos, mant\u00e9ngalos frescos y conc\u00e9ntrese en las tareas que tiene entre manos. En el modo juego, Game Mode optimiza instant\u00e1neamente el contraste de la pantalla para brindarle una ventaja competitiva durante el juego. Al aumentar selectivamente el contraste en las escenas, el Modo Juego revela m\u00e1s detalles en las \u00e1reas oscuras para que puedas detectar a tus enemigos m\u00e1s r\u00e1pido. Con\u00e9ctalo f\u00e1cilmente a otros dispositivos a trav\u00e9s de su puerto HDMI o VGA, ahora su entorno inform\u00e1tico es a\u00fan m\u00e1s conveniente con posibilidades de entrada adicionales.<\/p>\n","protected":false},"excerpt":{"rendered":"<ul>\n<li><strong>Tipo de pantalla:<\/strong>\u00a0Panel\u00a0VA\u00a0de 24&#8243;<\/li>\n<li><strong>Resoluci\u00f3n:<\/strong>\u00a0Full\u00a0HD\u00a01920 x 1080p<\/li>\n<li><strong>Frecuencia de actualizaci\u00f3n:<\/strong>\u00a060\u00a0Hz<\/li>\n<li><strong>Tiempo de respuesta:<\/strong>\u00a05\u00a0ms<\/li>\n<\/ul>\n","protected":false},"featured_media":8559,"template":"","meta":{"om_disable_all_campaigns":false},"product_cat":[354],"product_tag":[],"class_list":{"0":"post-8558","1":"product","2":"type-product","3":"status-publish","4":"has-post-thumbnail","6":"product_cat-monitores-informatica-electronica","8":"first","9":"instock","10":"shipping-taxable","11":"purchasable","12":"product-type-simple"},"yoast_head":"<!-- This site is optimized with the Yoast SEO plugin v23.6 - https:\/\/yoast.com\/wordpress\/plugins\/seo\/ -->\n<title>Monitor LED Samsung LS24A336NHL 24&quot; Full HD 60Hz \/ 5Ms - Negro - Teleclub<\/title>\n<meta name=\"robots\" content=\"index, follow, max-snippet:-1, max-image-preview:large, max-video-preview:-1\" \/>\n<link rel=\"canonical\" href=\"https:\/\/www.teleclub.com.py\/index.php\/product\/monitor-led-samsung-ls24a336nhl-24-full-hd-60hz-5ms-negro\/\" \/>\n<meta property=\"og:locale\" content=\"es_ES\" \/>\n<meta property=\"og:type\" content=\"article\" \/>\n<meta property=\"og:title\" content=\"Monitor LED Samsung LS24A336NHL 24&quot; Full HD 60Hz \/ 5Ms - Negro - Teleclub\" \/>\n<meta property=\"og:description\" content=\"Tipo de pantalla:\u00a0Panel\u00a0VA\u00a0de 24&quot;  Resoluci\u00f3n:\u00a0Full\u00a0HD\u00a01920 x 1080p  Frecuencia de actualizaci\u00f3n:\u00a060\u00a0Hz  Tiempo de respuesta:\u00a05\u00a0ms\" \/>\n<meta property=\"og:url\" content=\"https:\/\/www.teleclub.com.py\/index.php\/product\/monitor-led-samsung-ls24a336nhl-24-full-hd-60hz-5ms-negro\/\" \/>\n<meta property=\"og:site_name\" content=\"Teleclub\" \/>\n<meta property=\"article:publisher\" content=\"https:\/\/www.facebook.com\/teleclubpy\" \/>\n<meta property=\"article:modified_time\" content=\"2024-08-30T22:33:13+00:00\" \/>\n<meta property=\"og:image\" content=\"https:\/\/www.teleclub.com.py\/wp-content\/uploads\/2024\/08\/aa-99.png\" \/>\n\t<meta property=\"og:image:width\" content=\"600\" \/>\n\t<meta property=\"og:image:height\" content=\"600\" \/>\n\t<meta property=\"og:image:type\" content=\"image\/png\" \/>\n<meta name=\"twitter:card\" content=\"summary_large_image\" \/>\n<meta name=\"twitter:label1\" content=\"Tiempo de lectura\" \/>\n\t<meta name=\"twitter:data1\" content=\"1 minuto\" \/>\n<script type=\"application\/ld+json\" class=\"yoast-schema-graph\">{\"@context\":\"https:\/\/schema.org\",\"@graph\":[{\"@type\":\"WebPage\",\"@id\":\"https:\/\/www.teleclub.com.py\/index.php\/product\/monitor-led-samsung-ls24a336nhl-24-full-hd-60hz-5ms-negro\/\",\"url\":\"https:\/\/www.teleclub.com.py\/index.php\/product\/monitor-led-samsung-ls24a336nhl-24-full-hd-60hz-5ms-negro\/\",\"name\":\"Monitor LED Samsung LS24A336NHL 24&quot; Full HD 60Hz \/ 5Ms - Negro - Teleclub\",\"isPartOf\":{\"@id\":\"https:\/\/www.teleclub.com.py\/#website\"},\"primaryImageOfPage\":{\"@id\":\"https:\/\/www.teleclub.com.py\/index.php\/product\/monitor-led-samsung-ls24a336nhl-24-full-hd-60hz-5ms-negro\/#primaryimage\"},\"image\":{\"@id\":\"https:\/\/www.teleclub.com.py\/index.php\/product\/monitor-led-samsung-ls24a336nhl-24-full-hd-60hz-5ms-negro\/#primaryimage\"},\"thumbnailUrl\":\"https:\/\/www.teleclub.com.py\/wp-content\/uploads\/2024\/08\/aa-99.png\",\"datePublished\":\"2024-08-29T13:24:53+00:00\",\"dateModified\":\"2024-08-30T22:33:13+00:00\",\"breadcrumb\":{\"@id\":\"https:\/\/www.teleclub.com.py\/index.php\/product\/monitor-led-samsung-ls24a336nhl-24-full-hd-60hz-5ms-negro\/#breadcrumb\"},\"inLanguage\":\"es\",\"potentialAction\":[{\"@type\":\"ReadAction\",\"target\":[\"https:\/\/www.teleclub.com.py\/index.php\/product\/monitor-led-samsung-ls24a336nhl-24-full-hd-60hz-5ms-negro\/\"]}]},{\"@type\":\"ImageObject\",\"inLanguage\":\"es\",\"@id\":\"https:\/\/www.teleclub.com.py\/index.php\/product\/monitor-led-samsung-ls24a336nhl-24-full-hd-60hz-5ms-negro\/#primaryimage\",\"url\":\"https:\/\/www.teleclub.com.py\/wp-content\/uploads\/2024\/08\/aa-99.png\",\"contentUrl\":\"https:\/\/www.teleclub.com.py\/wp-content\/uploads\/2024\/08\/aa-99.png\",\"width\":600,\"height\":600},{\"@type\":\"BreadcrumbList\",\"@id\":\"https:\/\/www.teleclub.com.py\/index.php\/product\/monitor-led-samsung-ls24a336nhl-24-full-hd-60hz-5ms-negro\/#breadcrumb\",\"itemListElement\":[{\"@type\":\"ListItem\",\"position\":1,\"name\":\"Portada\",\"item\":\"https:\/\/www.teleclub.com.py\/\"},{\"@type\":\"ListItem\",\"position\":2,\"name\":\"Shop\",\"item\":\"https:\/\/www.teleclub.com.py\/index.php\/shop-2\/\"},{\"@type\":\"ListItem\",\"position\":3,\"name\":\"Monitor LED Samsung LS24A336NHL 24&quot; Full HD 60Hz \/ 5Ms &#8211; Negro\"}]},{\"@type\":\"WebSite\",\"@id\":\"https:\/\/www.teleclub.com.py\/#website\",\"url\":\"https:\/\/www.teleclub.com.py\/\",\"name\":\"Teleclub\",\"description\":\"Tu tienda online\",\"publisher\":{\"@id\":\"https:\/\/www.teleclub.com.py\/#organization\"},\"potentialAction\":[{\"@type\":\"SearchAction\",\"target\":{\"@type\":\"EntryPoint\",\"urlTemplate\":\"https:\/\/www.teleclub.com.py\/?s={search_term_string}\"},\"query-input\":{\"@type\":\"PropertyValueSpecification\",\"valueRequired\":true,\"valueName\":\"search_term_string\"}}],\"inLanguage\":\"es\"},{\"@type\":\"Organization\",\"@id\":\"https:\/\/www.teleclub.com.py\/#organization\",\"name\":\"Teleclub\",\"url\":\"https:\/\/www.teleclub.com.py\/\",\"logo\":{\"@type\":\"ImageObject\",\"inLanguage\":\"es\",\"@id\":\"https:\/\/www.teleclub.com.py\/#\/schema\/logo\/image\/\",\"url\":\"https:\/\/www.teleclub.com.py\/wp-content\/uploads\/2024\/09\/1611317346760_TeleClub_logo_FondoBlanco-2.jpg\",\"contentUrl\":\"https:\/\/www.teleclub.com.py\/wp-content\/uploads\/2024\/09\/1611317346760_TeleClub_logo_FondoBlanco-2.jpg\",\"width\":1600,\"height\":1600,\"caption\":\"Teleclub\"},\"image\":{\"@id\":\"https:\/\/www.teleclub.com.py\/#\/schema\/logo\/image\/\"},\"sameAs\":[\"https:\/\/www.facebook.com\/teleclubpy\",\"https:\/\/www.instagram.com\/teleclubpy\"]}]}<\/script>\n<!-- \/ Yoast SEO plugin. -->","yoast_head_json":{"title":"Monitor LED Samsung LS24A336NHL 24&quot; Full HD 60Hz \/ 5Ms - Negro - Teleclub","robots":{"index":"index","follow":"follow","max-snippet":"max-snippet:-1","max-image-preview":"max-image-preview:large","max-video-preview":"max-video-preview:-1"},"canonical":"https:\/\/www.teleclub.com.py\/index.php\/product\/monitor-led-samsung-ls24a336nhl-24-full-hd-60hz-5ms-negro\/","og_locale":"es_ES","og_type":"article","og_title":"Monitor LED Samsung LS24A336NHL 24&quot; Full HD 60Hz \/ 5Ms - Negro - Teleclub","og_description":"Tipo de pantalla:\u00a0Panel\u00a0VA\u00a0de 24\"  Resoluci\u00f3n:\u00a0Full\u00a0HD\u00a01920 x 1080p  Frecuencia de actualizaci\u00f3n:\u00a060\u00a0Hz  Tiempo de respuesta:\u00a05\u00a0ms","og_url":"https:\/\/www.teleclub.com.py\/index.php\/product\/monitor-led-samsung-ls24a336nhl-24-full-hd-60hz-5ms-negro\/","og_site_name":"Teleclub","article_publisher":"https:\/\/www.facebook.com\/teleclubpy","article_modified_time":"2024-08-30T22:33:13+00:00","og_image":[{"width":600,"height":600,"url":"https:\/\/www.teleclub.com.py\/wp-content\/uploads\/2024\/08\/aa-99.png","type":"image\/png"}],"twitter_card":"summary_large_image","twitter_misc":{"Tiempo de lectura":"1 minuto"},"schema":{"@context":"https:\/\/schema.org","@graph":[{"@type":"WebPage","@id":"https:\/\/www.teleclub.com.py\/index.php\/product\/monitor-led-samsung-ls24a336nhl-24-full-hd-60hz-5ms-negro\/","url":"https:\/\/www.teleclub.com.py\/index.php\/product\/monitor-led-samsung-ls24a336nhl-24-full-hd-60hz-5ms-negro\/","name":"Monitor LED Samsung LS24A336NHL 24&quot; Full HD 60Hz \/ 5Ms - Negro - Teleclub","isPartOf":{"@id":"https:\/\/www.teleclub.com.py\/#website"},"primaryImageOfPage":{"@id":"https:\/\/www.teleclub.com.py\/index.php\/product\/monitor-led-samsung-ls24a336nhl-24-full-hd-60hz-5ms-negro\/#primaryimage"},"image":{"@id":"https:\/\/www.teleclub.com.py\/index.php\/product\/monitor-led-samsung-ls24a336nhl-24-full-hd-60hz-5ms-negro\/#primaryimage"},"thumbnailUrl":"https:\/\/www.teleclub.com.py\/wp-content\/uploads\/2024\/08\/aa-99.png","datePublished":"2024-08-29T13:24:53+00:00","dateModified":"2024-08-30T22:33:13+00:00","breadcrumb":{"@id":"https:\/\/www.teleclub.com.py\/index.php\/product\/monitor-led-samsung-ls24a336nhl-24-full-hd-60hz-5ms-negro\/#breadcrumb"},"inLanguage":"es","potentialAction":[{"@type":"ReadAction","target":["https:\/\/www.teleclub.com.py\/index.php\/product\/monitor-led-samsung-ls24a336nhl-24-full-hd-60hz-5ms-negro\/"]}]},{"@type":"ImageObject","inLanguage":"es","@id":"https:\/\/www.teleclub.com.py\/index.php\/product\/monitor-led-samsung-ls24a336nhl-24-full-hd-60hz-5ms-negro\/#primaryimage","url":"https:\/\/www.teleclub.com.py\/wp-content\/uploads\/2024\/08\/aa-99.png","contentUrl":"https:\/\/www.teleclub.com.py\/wp-content\/uploads\/2024\/08\/aa-99.png","width":600,"height":600},{"@type":"BreadcrumbList","@id":"https:\/\/www.teleclub.com.py\/index.php\/product\/monitor-led-samsung-ls24a336nhl-24-full-hd-60hz-5ms-negro\/#breadcrumb","itemListElement":[{"@type":"ListItem","position":1,"name":"Portada","item":"https:\/\/www.teleclub.com.py\/"},{"@type":"ListItem","position":2,"name":"Shop","item":"https:\/\/www.teleclub.com.py\/index.php\/shop-2\/"},{"@type":"ListItem","position":3,"name":"Monitor LED Samsung LS24A336NHL 24&quot; Full HD 60Hz \/ 5Ms &#8211; Negro"}]},{"@type":"WebSite","@id":"https:\/\/www.teleclub.com.py\/#website","url":"https:\/\/www.teleclub.com.py\/","name":"Teleclub","description":"Tu tienda online","publisher":{"@id":"https:\/\/www.teleclub.com.py\/#organization"},"potentialAction":[{"@type":"SearchAction","target":{"@type":"EntryPoint","urlTemplate":"https:\/\/www.teleclub.com.py\/?s={search_term_string}"},"query-input":{"@type":"PropertyValueSpecification","valueRequired":true,"valueName":"search_term_string"}}],"inLanguage":"es"},{"@type":"Organization","@id":"https:\/\/www.teleclub.com.py\/#organization","name":"Teleclub","url":"https:\/\/www.teleclub.com.py\/","logo":{"@type":"ImageObject","inLanguage":"es","@id":"https:\/\/www.teleclub.com.py\/#\/schema\/logo\/image\/","url":"https:\/\/www.teleclub.com.py\/wp-content\/uploads\/2024\/09\/1611317346760_TeleClub_logo_FondoBlanco-2.jpg","contentUrl":"https:\/\/www.teleclub.com.py\/wp-content\/uploads\/2024\/09\/1611317346760_TeleClub_logo_FondoBlanco-2.jpg","width":1600,"height":1600,"caption":"Teleclub"},"image":{"@id":"https:\/\/www.teleclub.com.py\/#\/schema\/logo\/image\/"},"sameAs":["https:\/\/www.facebook.com\/teleclubpy","https:\/\/www.instagram.com\/teleclubpy"]}]}},"_links":{"self":[{"href":"https:\/\/www.teleclub.com.py\/index.php\/wp-json\/wp\/v2\/product\/8558","targetHints":{"allow":["GET"]}}],"collection":[{"href":"https:\/\/www.teleclub.com.py\/index.php\/wp-json\/wp\/v2\/product"}],"about":[{"href":"https:\/\/www.teleclub.com.py\/index.php\/wp-json\/wp\/v2\/types\/product"}],"wp:featuredmedia":[{"embeddable":true,"href":"https:\/\/www.teleclub.com.py\/index.php\/wp-json\/wp\/v2\/media\/8559"}],"wp:attachment":[{"href":"https:\/\/www.teleclub.com.py\/index.php\/wp-json\/wp\/v2\/media?parent=8558"}],"wp:term":[{"taxonomy":"product_cat","embeddable":true,"href":"https:\/\/www.teleclub.com.py\/index.php\/wp-json\/wp\/v2\/product_cat?post=8558"},{"taxonomy":"product_tag","embeddable":true,"href":"https:\/\/www.teleclub.com.py\/index.php\/wp-json\/wp\/v2\/product_tag?post=8558"}],"curies":[{"name":"wp","href":"https:\/\/api.w.org\/{rel}","templated":true}]}}