{"id":8507,"date":"2024-08-29T07:47:22","date_gmt":"2024-08-29T11:47:22","guid":{"rendered":"https:\/\/www.teleclub.com.py\/?post_type=product&#038;p=8507"},"modified":"2024-08-30T18:33:55","modified_gmt":"2024-08-30T22:33:55","slug":"impresora-multifuncional-samsung-laser-sl-m2085-xpress-usb-220v-blanco","status":"publish","type":"product","link":"https:\/\/www.teleclub.com.py\/index.php\/product\/impresora-multifuncional-samsung-laser-sl-m2085-xpress-usb-220v-blanco\/","title":{"rendered":"Impresora Multifuncional Samsung Laser SL-M2085 Xpress USB\/220V &#8211; Blanco"},"content":{"rendered":"<p>La impresora l\u00e1ser monocrom\u00e1tica multifuncional Samsung SL-M2085 Wifi 220v es la soluci\u00f3n perfecta para entornos empresariales medianos que buscan una impresi\u00f3n r\u00e1pida y de alta calidad. Con su procesador de 600 MHz y tecnolog\u00eda l\u00e1ser, ofrece una velocidad de hasta 20 hojas por minuto en blanco y negro, adem\u00e1s de una resoluci\u00f3n de hasta 1200 x 1200 ppp. Esta impresora multifuncional es capaz de imprimir a doble cara y es compatible con una amplia gama de papeles, garantizando un rendimiento \u00f3ptimo en cualquier tarea.<\/p>\n","protected":false},"excerpt":{"rendered":"<ul>\n<li><strong>Pantalla:\u00a0<\/strong>LCD<\/li>\n<li><strong>Tipo de impresora:<\/strong><strong>\u00a0<\/strong>Multifuncional monocromatico<\/li>\n<li><strong>Funciones:<\/strong><strong>\u00a0<\/strong>Imprimir, copiar, y escanear<\/li>\n<li><strong>Resoluci\u00f3n de impresi\u00f3n:<\/strong>\u00a01200 x 1200 ppp<\/li>\n<li><strong>Resoluci\u00f3n del\u00a0<\/strong><span class=\"misspelling correction\" title=\"Se ha encontrado un posible error ortogr\u00e1fico.\" data-type=\"misspelling\" data-suggestions=\"[{&quot;value&quot;:&quot;esc\u00e1ner&quot;},{&quot;value&quot;:&quot;escaneo&quot;},{&quot;value&quot;:&quot;escanear&quot;},{&quot;value&quot;:&quot;escanea&quot;},{&quot;value&quot;:&quot;escane\u00f3&quot;},{&quot;value&quot;:&quot;escanee&quot;},{&quot;value&quot;:&quot;escane\u00e1&quot;}]\" data-rule=\"MORFOLOGIK_RULE_ES\" data-word=\"escaner\"><strong>esc\u00e1ner<\/strong><\/span><strong>:<\/strong>\u00a0600 x 600 ppp<\/li>\n<li><strong>Interfaz:<\/strong>\u00a0USB 2.0<\/li>\n<\/ul>\n","protected":false},"featured_media":8508,"template":"","meta":{"om_disable_all_campaigns":false},"product_cat":[352],"product_tag":[],"class_list":{"0":"post-8507","1":"product","2":"type-product","3":"status-publish","4":"has-post-thumbnail","6":"product_cat-impresoras-informatica-electronica","8":"first","9":"instock","10":"shipping-taxable","11":"purchasable","12":"product-type-simple"},"yoast_head":"<!-- This site is optimized with the Yoast SEO plugin v23.6 - https:\/\/yoast.com\/wordpress\/plugins\/seo\/ -->\n<title>Impresora Multifuncional Samsung Laser SL-M2085 Xpress USB\/220V - Blanco - Teleclub<\/title>\n<meta name=\"robots\" content=\"index, follow, max-snippet:-1, max-image-preview:large, max-video-preview:-1\" \/>\n<link rel=\"canonical\" href=\"https:\/\/www.teleclub.com.py\/index.php\/product\/impresora-multifuncional-samsung-laser-sl-m2085-xpress-usb-220v-blanco\/\" \/>\n<meta property=\"og:locale\" content=\"es_ES\" \/>\n<meta property=\"og:type\" content=\"article\" \/>\n<meta property=\"og:title\" content=\"Impresora Multifuncional Samsung Laser SL-M2085 Xpress USB\/220V - Blanco - Teleclub\" \/>\n<meta property=\"og:description\" content=\"Pantalla:\u00a0LCD  Tipo de impresora:\u00a0Multifuncional monocromatico  Funciones:\u00a0Imprimir, copiar, y escanear  Resoluci\u00f3n de impresi\u00f3n:\u00a01200 x 1200 ppp  Resoluci\u00f3n del\u00a0esc\u00e1ner:\u00a0600 x 600 ppp  Interfaz:\u00a0USB 2.0\" \/>\n<meta property=\"og:url\" content=\"https:\/\/www.teleclub.com.py\/index.php\/product\/impresora-multifuncional-samsung-laser-sl-m2085-xpress-usb-220v-blanco\/\" \/>\n<meta property=\"og:site_name\" content=\"Teleclub\" \/>\n<meta property=\"article:publisher\" content=\"https:\/\/www.facebook.com\/teleclubpy\" \/>\n<meta property=\"article:modified_time\" content=\"2024-08-30T22:33:55+00:00\" \/>\n<meta property=\"og:image\" content=\"https:\/\/www.teleclub.com.py\/wp-content\/uploads\/2024\/08\/a-289.png\" \/>\n\t<meta property=\"og:image:width\" content=\"1000\" \/>\n\t<meta property=\"og:image:height\" content=\"1000\" \/>\n\t<meta property=\"og:image:type\" content=\"image\/png\" \/>\n<meta name=\"twitter:card\" content=\"summary_large_image\" \/>\n<script type=\"application\/ld+json\" class=\"yoast-schema-graph\">{\"@context\":\"https:\/\/schema.org\",\"@graph\":[{\"@type\":\"WebPage\",\"@id\":\"https:\/\/www.teleclub.com.py\/index.php\/product\/impresora-multifuncional-samsung-laser-sl-m2085-xpress-usb-220v-blanco\/\",\"url\":\"https:\/\/www.teleclub.com.py\/index.php\/product\/impresora-multifuncional-samsung-laser-sl-m2085-xpress-usb-220v-blanco\/\",\"name\":\"Impresora Multifuncional Samsung Laser SL-M2085 Xpress USB\/220V - Blanco - Teleclub\",\"isPartOf\":{\"@id\":\"https:\/\/www.teleclub.com.py\/#website\"},\"primaryImageOfPage\":{\"@id\":\"https:\/\/www.teleclub.com.py\/index.php\/product\/impresora-multifuncional-samsung-laser-sl-m2085-xpress-usb-220v-blanco\/#primaryimage\"},\"image\":{\"@id\":\"https:\/\/www.teleclub.com.py\/index.php\/product\/impresora-multifuncional-samsung-laser-sl-m2085-xpress-usb-220v-blanco\/#primaryimage\"},\"thumbnailUrl\":\"https:\/\/www.teleclub.com.py\/wp-content\/uploads\/2024\/08\/a-289.png\",\"datePublished\":\"2024-08-29T11:47:22+00:00\",\"dateModified\":\"2024-08-30T22:33:55+00:00\",\"breadcrumb\":{\"@id\":\"https:\/\/www.teleclub.com.py\/index.php\/product\/impresora-multifuncional-samsung-laser-sl-m2085-xpress-usb-220v-blanco\/#breadcrumb\"},\"inLanguage\":\"es\",\"potentialAction\":[{\"@type\":\"ReadAction\",\"target\":[\"https:\/\/www.teleclub.com.py\/index.php\/product\/impresora-multifuncional-samsung-laser-sl-m2085-xpress-usb-220v-blanco\/\"]}]},{\"@type\":\"ImageObject\",\"inLanguage\":\"es\",\"@id\":\"https:\/\/www.teleclub.com.py\/index.php\/product\/impresora-multifuncional-samsung-laser-sl-m2085-xpress-usb-220v-blanco\/#primaryimage\",\"url\":\"https:\/\/www.teleclub.com.py\/wp-content\/uploads\/2024\/08\/a-289.png\",\"contentUrl\":\"https:\/\/www.teleclub.com.py\/wp-content\/uploads\/2024\/08\/a-289.png\",\"width\":1000,\"height\":1000},{\"@type\":\"BreadcrumbList\",\"@id\":\"https:\/\/www.teleclub.com.py\/index.php\/product\/impresora-multifuncional-samsung-laser-sl-m2085-xpress-usb-220v-blanco\/#breadcrumb\",\"itemListElement\":[{\"@type\":\"ListItem\",\"position\":1,\"name\":\"Portada\",\"item\":\"https:\/\/www.teleclub.com.py\/\"},{\"@type\":\"ListItem\",\"position\":2,\"name\":\"Shop\",\"item\":\"https:\/\/www.teleclub.com.py\/index.php\/shop-2\/\"},{\"@type\":\"ListItem\",\"position\":3,\"name\":\"Impresora Multifuncional Samsung Laser SL-M2085 Xpress USB\/220V &#8211; Blanco\"}]},{\"@type\":\"WebSite\",\"@id\":\"https:\/\/www.teleclub.com.py\/#website\",\"url\":\"https:\/\/www.teleclub.com.py\/\",\"name\":\"Teleclub\",\"description\":\"Tu tienda online\",\"publisher\":{\"@id\":\"https:\/\/www.teleclub.com.py\/#organization\"},\"potentialAction\":[{\"@type\":\"SearchAction\",\"target\":{\"@type\":\"EntryPoint\",\"urlTemplate\":\"https:\/\/www.teleclub.com.py\/?s={search_term_string}\"},\"query-input\":{\"@type\":\"PropertyValueSpecification\",\"valueRequired\":true,\"valueName\":\"search_term_string\"}}],\"inLanguage\":\"es\"},{\"@type\":\"Organization\",\"@id\":\"https:\/\/www.teleclub.com.py\/#organization\",\"name\":\"Teleclub\",\"url\":\"https:\/\/www.teleclub.com.py\/\",\"logo\":{\"@type\":\"ImageObject\",\"inLanguage\":\"es\",\"@id\":\"https:\/\/www.teleclub.com.py\/#\/schema\/logo\/image\/\",\"url\":\"https:\/\/www.teleclub.com.py\/wp-content\/uploads\/2024\/09\/1611317346760_TeleClub_logo_FondoBlanco-2.jpg\",\"contentUrl\":\"https:\/\/www.teleclub.com.py\/wp-content\/uploads\/2024\/09\/1611317346760_TeleClub_logo_FondoBlanco-2.jpg\",\"width\":1600,\"height\":1600,\"caption\":\"Teleclub\"},\"image\":{\"@id\":\"https:\/\/www.teleclub.com.py\/#\/schema\/logo\/image\/\"},\"sameAs\":[\"https:\/\/www.facebook.com\/teleclubpy\",\"https:\/\/www.instagram.com\/teleclubpy\"]}]}<\/script>\n<!-- \/ Yoast SEO plugin. -->","yoast_head_json":{"title":"Impresora Multifuncional Samsung Laser SL-M2085 Xpress USB\/220V - Blanco - Teleclub","robots":{"index":"index","follow":"follow","max-snippet":"max-snippet:-1","max-image-preview":"max-image-preview:large","max-video-preview":"max-video-preview:-1"},"canonical":"https:\/\/www.teleclub.com.py\/index.php\/product\/impresora-multifuncional-samsung-laser-sl-m2085-xpress-usb-220v-blanco\/","og_locale":"es_ES","og_type":"article","og_title":"Impresora Multifuncional Samsung Laser SL-M2085 Xpress USB\/220V - Blanco - Teleclub","og_description":"Pantalla:\u00a0LCD  Tipo de impresora:\u00a0Multifuncional monocromatico  Funciones:\u00a0Imprimir, copiar, y escanear  Resoluci\u00f3n de impresi\u00f3n:\u00a01200 x 1200 ppp  Resoluci\u00f3n del\u00a0esc\u00e1ner:\u00a0600 x 600 ppp  Interfaz:\u00a0USB 2.0","og_url":"https:\/\/www.teleclub.com.py\/index.php\/product\/impresora-multifuncional-samsung-laser-sl-m2085-xpress-usb-220v-blanco\/","og_site_name":"Teleclub","article_publisher":"https:\/\/www.facebook.com\/teleclubpy","article_modified_time":"2024-08-30T22:33:55+00:00","og_image":[{"width":1000,"height":1000,"url":"https:\/\/www.teleclub.com.py\/wp-content\/uploads\/2024\/08\/a-289.png","type":"image\/png"}],"twitter_card":"summary_large_image","schema":{"@context":"https:\/\/schema.org","@graph":[{"@type":"WebPage","@id":"https:\/\/www.teleclub.com.py\/index.php\/product\/impresora-multifuncional-samsung-laser-sl-m2085-xpress-usb-220v-blanco\/","url":"https:\/\/www.teleclub.com.py\/index.php\/product\/impresora-multifuncional-samsung-laser-sl-m2085-xpress-usb-220v-blanco\/","name":"Impresora Multifuncional Samsung Laser SL-M2085 Xpress USB\/220V - Blanco - Teleclub","isPartOf":{"@id":"https:\/\/www.teleclub.com.py\/#website"},"primaryImageOfPage":{"@id":"https:\/\/www.teleclub.com.py\/index.php\/product\/impresora-multifuncional-samsung-laser-sl-m2085-xpress-usb-220v-blanco\/#primaryimage"},"image":{"@id":"https:\/\/www.teleclub.com.py\/index.php\/product\/impresora-multifuncional-samsung-laser-sl-m2085-xpress-usb-220v-blanco\/#primaryimage"},"thumbnailUrl":"https:\/\/www.teleclub.com.py\/wp-content\/uploads\/2024\/08\/a-289.png","datePublished":"2024-08-29T11:47:22+00:00","dateModified":"2024-08-30T22:33:55+00:00","breadcrumb":{"@id":"https:\/\/www.teleclub.com.py\/index.php\/product\/impresora-multifuncional-samsung-laser-sl-m2085-xpress-usb-220v-blanco\/#breadcrumb"},"inLanguage":"es","potentialAction":[{"@type":"ReadAction","target":["https:\/\/www.teleclub.com.py\/index.php\/product\/impresora-multifuncional-samsung-laser-sl-m2085-xpress-usb-220v-blanco\/"]}]},{"@type":"ImageObject","inLanguage":"es","@id":"https:\/\/www.teleclub.com.py\/index.php\/product\/impresora-multifuncional-samsung-laser-sl-m2085-xpress-usb-220v-blanco\/#primaryimage","url":"https:\/\/www.teleclub.com.py\/wp-content\/uploads\/2024\/08\/a-289.png","contentUrl":"https:\/\/www.teleclub.com.py\/wp-content\/uploads\/2024\/08\/a-289.png","width":1000,"height":1000},{"@type":"BreadcrumbList","@id":"https:\/\/www.teleclub.com.py\/index.php\/product\/impresora-multifuncional-samsung-laser-sl-m2085-xpress-usb-220v-blanco\/#breadcrumb","itemListElement":[{"@type":"ListItem","position":1,"name":"Portada","item":"https:\/\/www.teleclub.com.py\/"},{"@type":"ListItem","position":2,"name":"Shop","item":"https:\/\/www.teleclub.com.py\/index.php\/shop-2\/"},{"@type":"ListItem","position":3,"name":"Impresora Multifuncional Samsung Laser SL-M2085 Xpress USB\/220V &#8211; Blanco"}]},{"@type":"WebSite","@id":"https:\/\/www.teleclub.com.py\/#website","url":"https:\/\/www.teleclub.com.py\/","name":"Teleclub","description":"Tu tienda online","publisher":{"@id":"https:\/\/www.teleclub.com.py\/#organization"},"potentialAction":[{"@type":"SearchAction","target":{"@type":"EntryPoint","urlTemplate":"https:\/\/www.teleclub.com.py\/?s={search_term_string}"},"query-input":{"@type":"PropertyValueSpecification","valueRequired":true,"valueName":"search_term_string"}}],"inLanguage":"es"},{"@type":"Organization","@id":"https:\/\/www.teleclub.com.py\/#organization","name":"Teleclub","url":"https:\/\/www.teleclub.com.py\/","logo":{"@type":"ImageObject","inLanguage":"es","@id":"https:\/\/www.teleclub.com.py\/#\/schema\/logo\/image\/","url":"https:\/\/www.teleclub.com.py\/wp-content\/uploads\/2024\/09\/1611317346760_TeleClub_logo_FondoBlanco-2.jpg","contentUrl":"https:\/\/www.teleclub.com.py\/wp-content\/uploads\/2024\/09\/1611317346760_TeleClub_logo_FondoBlanco-2.jpg","width":1600,"height":1600,"caption":"Teleclub"},"image":{"@id":"https:\/\/www.teleclub.com.py\/#\/schema\/logo\/image\/"},"sameAs":["https:\/\/www.facebook.com\/teleclubpy","https:\/\/www.instagram.com\/teleclubpy"]}]}},"_links":{"self":[{"href":"https:\/\/www.teleclub.com.py\/index.php\/wp-json\/wp\/v2\/product\/8507","targetHints":{"allow":["GET"]}}],"collection":[{"href":"https:\/\/www.teleclub.com.py\/index.php\/wp-json\/wp\/v2\/product"}],"about":[{"href":"https:\/\/www.teleclub.com.py\/index.php\/wp-json\/wp\/v2\/types\/product"}],"wp:featuredmedia":[{"embeddable":true,"href":"https:\/\/www.teleclub.com.py\/index.php\/wp-json\/wp\/v2\/media\/8508"}],"wp:attachment":[{"href":"https:\/\/www.teleclub.com.py\/index.php\/wp-json\/wp\/v2\/media?parent=8507"}],"wp:term":[{"taxonomy":"product_cat","embeddable":true,"href":"https:\/\/www.teleclub.com.py\/index.php\/wp-json\/wp\/v2\/product_cat?post=8507"},{"taxonomy":"product_tag","embeddable":true,"href":"https:\/\/www.teleclub.com.py\/index.php\/wp-json\/wp\/v2\/product_tag?post=8507"}],"curies":[{"name":"wp","href":"https:\/\/api.w.org\/{rel}","templated":true}]}}