{"id":8476,"date":"2024-08-28T21:58:40","date_gmt":"2024-08-29T01:58:40","guid":{"rendered":"https:\/\/www.teleclub.com.py\/?post_type=product&#038;p=8476"},"modified":"2024-08-30T18:31:07","modified_gmt":"2024-08-30T22:31:07","slug":"correa-para-apple-watch-de-49-45-42mm-spigen-durapro-armor-amp06065-black","status":"publish","type":"product","link":"https:\/\/www.teleclub.com.py\/index.php\/product\/correa-para-apple-watch-de-49-45-42mm-spigen-durapro-armor-amp06065-black\/","title":{"rendered":"Correa para Apple Watch de 49\/45\/42mm Spigen Durapro Armor AMP06065 &#8211; Black"},"content":{"rendered":"<ul class=\"pg-product-list-item\">\n<li>La aventura sigue como un reloj. Equipa tu Apple Watch con la correa DuraPro Armor. Sus conectores de metal se combinan con tu reloj para darle un aspecto naturalmente resistente. Y su correa combina nailon y telas de TPU para una mayor durabilidad en todo momento. Mant\u00e9n tu reloj en marcha en todo momento. Nosotros te ayudamos.<\/li>\n<\/ul>\n","protected":false},"excerpt":{"rendered":"<ul class=\"pg-product-list-item\">\n<li><span>La banda Unibody est\u00e1 hecha de conectores de metal, TPU y nailon para mayor durabilidad.<\/span><\/li>\n<li><span>Dise\u00f1o robusto y \u00fanico con llamativos detalles met\u00e1licos.<\/span><\/li>\n<li><span>Los conectores de metal de color a juego combinan con la carcasa de titanio del Apple Watch.<\/span><\/li>\n<li><span>La correa de nailon y TPU est\u00e1 dise\u00f1ada para lograr un aspecto resistente y deportivo.<\/span><\/li>\n<li><span>Compatible con Apple Watch Ultra 2\/1 (49 mm) o Series 9\/8\/7 (45 mm) o SE2\/6\/SE\/5\/4 (44 mm) o 3\/2\/1 (42 mm).<\/span><\/li>\n<\/ul>\n","protected":false},"featured_media":8477,"template":"","meta":{"om_disable_all_campaigns":false},"product_cat":[15],"product_tag":[],"class_list":{"0":"post-8476","1":"product","2":"type-product","3":"status-publish","4":"has-post-thumbnail","6":"product_cat-uncategorized","8":"first","9":"instock","10":"sale","11":"shipping-taxable","12":"purchasable","13":"product-type-simple"},"yoast_head":"<!-- This site is optimized with the Yoast SEO plugin v23.6 - https:\/\/yoast.com\/wordpress\/plugins\/seo\/ -->\n<title>Correa para Apple Watch de 49\/45\/42mm Spigen Durapro Armor AMP06065 - Black - Teleclub<\/title>\n<meta name=\"robots\" content=\"index, follow, max-snippet:-1, max-image-preview:large, max-video-preview:-1\" \/>\n<link rel=\"canonical\" href=\"https:\/\/www.teleclub.com.py\/index.php\/product\/correa-para-apple-watch-de-49-45-42mm-spigen-durapro-armor-amp06065-black\/\" \/>\n<meta property=\"og:locale\" content=\"es_ES\" \/>\n<meta property=\"og:type\" content=\"article\" \/>\n<meta property=\"og:title\" content=\"Correa para Apple Watch de 49\/45\/42mm Spigen Durapro Armor AMP06065 - Black - Teleclub\" \/>\n<meta property=\"og:description\" content=\"La banda Unibody est\u00e1 hecha de conectores de metal, TPU y nailon para mayor durabilidad.  Dise\u00f1o robusto y \u00fanico con llamativos detalles met\u00e1licos.  Los conectores de metal de color a juego combinan con la carcasa de titanio del Apple Watch.  La correa de nailon y TPU est\u00e1 dise\u00f1ada para lograr un aspecto resistente y deportivo.  Compatible con Apple Watch Ultra 2\/1 (49 mm) o Series 9\/8\/7 (45 mm) o SE2\/6\/SE\/5\/4 (44 mm) o 3\/2\/1 (42 mm).\" \/>\n<meta property=\"og:url\" content=\"https:\/\/www.teleclub.com.py\/index.php\/product\/correa-para-apple-watch-de-49-45-42mm-spigen-durapro-armor-amp06065-black\/\" \/>\n<meta property=\"og:site_name\" content=\"Teleclub\" \/>\n<meta property=\"article:publisher\" content=\"https:\/\/www.facebook.com\/teleclubpy\" \/>\n<meta property=\"article:modified_time\" content=\"2024-08-30T22:31:07+00:00\" \/>\n<meta property=\"og:image\" content=\"https:\/\/www.teleclub.com.py\/wp-content\/uploads\/2024\/08\/c-50.png\" \/>\n\t<meta property=\"og:image:width\" content=\"1000\" \/>\n\t<meta property=\"og:image:height\" content=\"1000\" \/>\n\t<meta property=\"og:image:type\" content=\"image\/png\" \/>\n<meta name=\"twitter:card\" content=\"summary_large_image\" \/>\n<script type=\"application\/ld+json\" class=\"yoast-schema-graph\">{\"@context\":\"https:\/\/schema.org\",\"@graph\":[{\"@type\":\"WebPage\",\"@id\":\"https:\/\/www.teleclub.com.py\/index.php\/product\/correa-para-apple-watch-de-49-45-42mm-spigen-durapro-armor-amp06065-black\/\",\"url\":\"https:\/\/www.teleclub.com.py\/index.php\/product\/correa-para-apple-watch-de-49-45-42mm-spigen-durapro-armor-amp06065-black\/\",\"name\":\"Correa para Apple Watch de 49\/45\/42mm Spigen Durapro Armor AMP06065 - Black - Teleclub\",\"isPartOf\":{\"@id\":\"https:\/\/www.teleclub.com.py\/#website\"},\"primaryImageOfPage\":{\"@id\":\"https:\/\/www.teleclub.com.py\/index.php\/product\/correa-para-apple-watch-de-49-45-42mm-spigen-durapro-armor-amp06065-black\/#primaryimage\"},\"image\":{\"@id\":\"https:\/\/www.teleclub.com.py\/index.php\/product\/correa-para-apple-watch-de-49-45-42mm-spigen-durapro-armor-amp06065-black\/#primaryimage\"},\"thumbnailUrl\":\"https:\/\/www.teleclub.com.py\/wp-content\/uploads\/2024\/08\/c-50.png\",\"datePublished\":\"2024-08-29T01:58:40+00:00\",\"dateModified\":\"2024-08-30T22:31:07+00:00\",\"breadcrumb\":{\"@id\":\"https:\/\/www.teleclub.com.py\/index.php\/product\/correa-para-apple-watch-de-49-45-42mm-spigen-durapro-armor-amp06065-black\/#breadcrumb\"},\"inLanguage\":\"es\",\"potentialAction\":[{\"@type\":\"ReadAction\",\"target\":[\"https:\/\/www.teleclub.com.py\/index.php\/product\/correa-para-apple-watch-de-49-45-42mm-spigen-durapro-armor-amp06065-black\/\"]}]},{\"@type\":\"ImageObject\",\"inLanguage\":\"es\",\"@id\":\"https:\/\/www.teleclub.com.py\/index.php\/product\/correa-para-apple-watch-de-49-45-42mm-spigen-durapro-armor-amp06065-black\/#primaryimage\",\"url\":\"https:\/\/www.teleclub.com.py\/wp-content\/uploads\/2024\/08\/c-50.png\",\"contentUrl\":\"https:\/\/www.teleclub.com.py\/wp-content\/uploads\/2024\/08\/c-50.png\",\"width\":1000,\"height\":1000},{\"@type\":\"BreadcrumbList\",\"@id\":\"https:\/\/www.teleclub.com.py\/index.php\/product\/correa-para-apple-watch-de-49-45-42mm-spigen-durapro-armor-amp06065-black\/#breadcrumb\",\"itemListElement\":[{\"@type\":\"ListItem\",\"position\":1,\"name\":\"Portada\",\"item\":\"https:\/\/www.teleclub.com.py\/\"},{\"@type\":\"ListItem\",\"position\":2,\"name\":\"Shop\",\"item\":\"https:\/\/www.teleclub.com.py\/index.php\/shop-2\/\"},{\"@type\":\"ListItem\",\"position\":3,\"name\":\"Correa para Apple Watch de 49\/45\/42mm Spigen Durapro Armor AMP06065 &#8211; Black\"}]},{\"@type\":\"WebSite\",\"@id\":\"https:\/\/www.teleclub.com.py\/#website\",\"url\":\"https:\/\/www.teleclub.com.py\/\",\"name\":\"Teleclub\",\"description\":\"Tu tienda online\",\"publisher\":{\"@id\":\"https:\/\/www.teleclub.com.py\/#organization\"},\"potentialAction\":[{\"@type\":\"SearchAction\",\"target\":{\"@type\":\"EntryPoint\",\"urlTemplate\":\"https:\/\/www.teleclub.com.py\/?s={search_term_string}\"},\"query-input\":{\"@type\":\"PropertyValueSpecification\",\"valueRequired\":true,\"valueName\":\"search_term_string\"}}],\"inLanguage\":\"es\"},{\"@type\":\"Organization\",\"@id\":\"https:\/\/www.teleclub.com.py\/#organization\",\"name\":\"Teleclub\",\"url\":\"https:\/\/www.teleclub.com.py\/\",\"logo\":{\"@type\":\"ImageObject\",\"inLanguage\":\"es\",\"@id\":\"https:\/\/www.teleclub.com.py\/#\/schema\/logo\/image\/\",\"url\":\"https:\/\/www.teleclub.com.py\/wp-content\/uploads\/2024\/09\/1611317346760_TeleClub_logo_FondoBlanco-2.jpg\",\"contentUrl\":\"https:\/\/www.teleclub.com.py\/wp-content\/uploads\/2024\/09\/1611317346760_TeleClub_logo_FondoBlanco-2.jpg\",\"width\":1600,\"height\":1600,\"caption\":\"Teleclub\"},\"image\":{\"@id\":\"https:\/\/www.teleclub.com.py\/#\/schema\/logo\/image\/\"},\"sameAs\":[\"https:\/\/www.facebook.com\/teleclubpy\",\"https:\/\/www.instagram.com\/teleclubpy\"]}]}<\/script>\n<!-- \/ Yoast SEO plugin. -->","yoast_head_json":{"title":"Correa para Apple Watch de 49\/45\/42mm Spigen Durapro Armor AMP06065 - Black - Teleclub","robots":{"index":"index","follow":"follow","max-snippet":"max-snippet:-1","max-image-preview":"max-image-preview:large","max-video-preview":"max-video-preview:-1"},"canonical":"https:\/\/www.teleclub.com.py\/index.php\/product\/correa-para-apple-watch-de-49-45-42mm-spigen-durapro-armor-amp06065-black\/","og_locale":"es_ES","og_type":"article","og_title":"Correa para Apple Watch de 49\/45\/42mm Spigen Durapro Armor AMP06065 - Black - Teleclub","og_description":"La banda Unibody est\u00e1 hecha de conectores de metal, TPU y nailon para mayor durabilidad.  Dise\u00f1o robusto y \u00fanico con llamativos detalles met\u00e1licos.  Los conectores de metal de color a juego combinan con la carcasa de titanio del Apple Watch.  La correa de nailon y TPU est\u00e1 dise\u00f1ada para lograr un aspecto resistente y deportivo.  Compatible con Apple Watch Ultra 2\/1 (49 mm) o Series 9\/8\/7 (45 mm) o SE2\/6\/SE\/5\/4 (44 mm) o 3\/2\/1 (42 mm).","og_url":"https:\/\/www.teleclub.com.py\/index.php\/product\/correa-para-apple-watch-de-49-45-42mm-spigen-durapro-armor-amp06065-black\/","og_site_name":"Teleclub","article_publisher":"https:\/\/www.facebook.com\/teleclubpy","article_modified_time":"2024-08-30T22:31:07+00:00","og_image":[{"width":1000,"height":1000,"url":"https:\/\/www.teleclub.com.py\/wp-content\/uploads\/2024\/08\/c-50.png","type":"image\/png"}],"twitter_card":"summary_large_image","schema":{"@context":"https:\/\/schema.org","@graph":[{"@type":"WebPage","@id":"https:\/\/www.teleclub.com.py\/index.php\/product\/correa-para-apple-watch-de-49-45-42mm-spigen-durapro-armor-amp06065-black\/","url":"https:\/\/www.teleclub.com.py\/index.php\/product\/correa-para-apple-watch-de-49-45-42mm-spigen-durapro-armor-amp06065-black\/","name":"Correa para Apple Watch de 49\/45\/42mm Spigen Durapro Armor AMP06065 - Black - Teleclub","isPartOf":{"@id":"https:\/\/www.teleclub.com.py\/#website"},"primaryImageOfPage":{"@id":"https:\/\/www.teleclub.com.py\/index.php\/product\/correa-para-apple-watch-de-49-45-42mm-spigen-durapro-armor-amp06065-black\/#primaryimage"},"image":{"@id":"https:\/\/www.teleclub.com.py\/index.php\/product\/correa-para-apple-watch-de-49-45-42mm-spigen-durapro-armor-amp06065-black\/#primaryimage"},"thumbnailUrl":"https:\/\/www.teleclub.com.py\/wp-content\/uploads\/2024\/08\/c-50.png","datePublished":"2024-08-29T01:58:40+00:00","dateModified":"2024-08-30T22:31:07+00:00","breadcrumb":{"@id":"https:\/\/www.teleclub.com.py\/index.php\/product\/correa-para-apple-watch-de-49-45-42mm-spigen-durapro-armor-amp06065-black\/#breadcrumb"},"inLanguage":"es","potentialAction":[{"@type":"ReadAction","target":["https:\/\/www.teleclub.com.py\/index.php\/product\/correa-para-apple-watch-de-49-45-42mm-spigen-durapro-armor-amp06065-black\/"]}]},{"@type":"ImageObject","inLanguage":"es","@id":"https:\/\/www.teleclub.com.py\/index.php\/product\/correa-para-apple-watch-de-49-45-42mm-spigen-durapro-armor-amp06065-black\/#primaryimage","url":"https:\/\/www.teleclub.com.py\/wp-content\/uploads\/2024\/08\/c-50.png","contentUrl":"https:\/\/www.teleclub.com.py\/wp-content\/uploads\/2024\/08\/c-50.png","width":1000,"height":1000},{"@type":"BreadcrumbList","@id":"https:\/\/www.teleclub.com.py\/index.php\/product\/correa-para-apple-watch-de-49-45-42mm-spigen-durapro-armor-amp06065-black\/#breadcrumb","itemListElement":[{"@type":"ListItem","position":1,"name":"Portada","item":"https:\/\/www.teleclub.com.py\/"},{"@type":"ListItem","position":2,"name":"Shop","item":"https:\/\/www.teleclub.com.py\/index.php\/shop-2\/"},{"@type":"ListItem","position":3,"name":"Correa para Apple Watch de 49\/45\/42mm Spigen Durapro Armor AMP06065 &#8211; Black"}]},{"@type":"WebSite","@id":"https:\/\/www.teleclub.com.py\/#website","url":"https:\/\/www.teleclub.com.py\/","name":"Teleclub","description":"Tu tienda online","publisher":{"@id":"https:\/\/www.teleclub.com.py\/#organization"},"potentialAction":[{"@type":"SearchAction","target":{"@type":"EntryPoint","urlTemplate":"https:\/\/www.teleclub.com.py\/?s={search_term_string}"},"query-input":{"@type":"PropertyValueSpecification","valueRequired":true,"valueName":"search_term_string"}}],"inLanguage":"es"},{"@type":"Organization","@id":"https:\/\/www.teleclub.com.py\/#organization","name":"Teleclub","url":"https:\/\/www.teleclub.com.py\/","logo":{"@type":"ImageObject","inLanguage":"es","@id":"https:\/\/www.teleclub.com.py\/#\/schema\/logo\/image\/","url":"https:\/\/www.teleclub.com.py\/wp-content\/uploads\/2024\/09\/1611317346760_TeleClub_logo_FondoBlanco-2.jpg","contentUrl":"https:\/\/www.teleclub.com.py\/wp-content\/uploads\/2024\/09\/1611317346760_TeleClub_logo_FondoBlanco-2.jpg","width":1600,"height":1600,"caption":"Teleclub"},"image":{"@id":"https:\/\/www.teleclub.com.py\/#\/schema\/logo\/image\/"},"sameAs":["https:\/\/www.facebook.com\/teleclubpy","https:\/\/www.instagram.com\/teleclubpy"]}]}},"_links":{"self":[{"href":"https:\/\/www.teleclub.com.py\/index.php\/wp-json\/wp\/v2\/product\/8476","targetHints":{"allow":["GET"]}}],"collection":[{"href":"https:\/\/www.teleclub.com.py\/index.php\/wp-json\/wp\/v2\/product"}],"about":[{"href":"https:\/\/www.teleclub.com.py\/index.php\/wp-json\/wp\/v2\/types\/product"}],"wp:featuredmedia":[{"embeddable":true,"href":"https:\/\/www.teleclub.com.py\/index.php\/wp-json\/wp\/v2\/media\/8477"}],"wp:attachment":[{"href":"https:\/\/www.teleclub.com.py\/index.php\/wp-json\/wp\/v2\/media?parent=8476"}],"wp:term":[{"taxonomy":"product_cat","embeddable":true,"href":"https:\/\/www.teleclub.com.py\/index.php\/wp-json\/wp\/v2\/product_cat?post=8476"},{"taxonomy":"product_tag","embeddable":true,"href":"https:\/\/www.teleclub.com.py\/index.php\/wp-json\/wp\/v2\/product_tag?post=8476"}],"curies":[{"name":"wp","href":"https:\/\/api.w.org\/{rel}","templated":true}]}}