{"id":8444,"date":"2024-08-28T18:00:02","date_gmt":"2024-08-28T22:00:02","guid":{"rendered":"https:\/\/www.teleclub.com.py\/?post_type=product&#038;p=8444"},"modified":"2024-08-30T18:31:37","modified_gmt":"2024-08-30T22:31:37","slug":"teclado-gaming-redragon-k616-rgb-fizz-pro-60-switch-red-rosa-blanca","status":"publish","type":"product","link":"https:\/\/www.teleclub.com.py\/index.php\/product\/teclado-gaming-redragon-k616-rgb-fizz-pro-60-switch-red-rosa-blanca\/","title":{"rendered":"Teclado Gaming Redragon K616-RGB Fizz-Pro 60% Switch Red &#8211; Rosa\/Blanca"},"content":{"rendered":"<p>El teclado gamer inal\u00e1mbrico Redragon Fizz Pro K616-RGB USB cuenta con un dise\u00f1o 60% y 3 modos de conexi\u00f3n: cableado (USB), inal\u00e1mbrico por USB RF 2.4 GHz y tambi\u00e9n por Bluetooth 5.0. Cuenta con 61 teclas compactas, lo que no s\u00f3lo aportar\u00e1 m\u00e1s espacio en tu setup, sino tambi\u00e9n un toque muy guay. Est\u00e1 fabricado en pl\u00e1stico ABS de alta resistencia, por lo que ofrece una estructura muy s\u00f3lida y una mayor durabilidad ante impactos no deseados. Dispone de una bater\u00eda de 1600 mAh y 3.8V que proporciona una autonom\u00eda de hasta 14 d\u00edas manteniendo un uso diario continuo de hasta 6 horas, con toda su iluminaci\u00f3n encendida. El Redragon Fizz Pro K616-RGB incluye adem\u00e1s un indicador LED de nivel de bater\u00eda incorporado. El moldeado de teclas por doble disparo fusiona 2 piezas pl\u00e1sticas de ABS individuales en una, para lograr que la leyenda no se borre nunca. Adem\u00e1s, el material esmerilado texturizado que es utilizado en la capa exterior, no deja manchas de aceite ni de sudor. Ahora s\u00ed, tu teclado estar\u00e1 siempre limpio. La capa transl\u00facida de las teclas libera efectos de luz de fondo s\u00faper brillantes, lo que permitir\u00e1 llevar la iluminaci\u00f3n b\u00e1sica de tu teclado RGB a un nivel m\u00e1s deslumbrante. Cuenta con hasta 20 modos de retroiluminaci\u00f3n preestablecidos, y tanto el brillo como la velocidad de flujo, son ajustables.<\/p>\n","protected":false},"excerpt":{"rendered":"<ul>\n<li><strong>Dise\u00f1o:\u00a0<\/strong>Compacto y resistente<\/li>\n<li><strong>Tipo de teclado:\u00a0<\/strong>Mec\u00e1nico<\/li>\n<li><strong>Switch:\u00a0<\/strong>Redragon Red<\/li>\n<li><strong>Retroiluminaci\u00f3n:\u00a0<\/strong>RGB Chroma<\/li>\n<li><strong>Distribuci\u00f3n:\u00a0<\/strong>Ingl\u00e9s<\/li>\n<li><strong>Conectividad:\u00a0<\/strong>USB y USB RF<\/li>\n<\/ul>\n","protected":false},"featured_media":8445,"template":"","meta":{"om_disable_all_campaigns":false},"product_cat":[359],"product_tag":[],"class_list":{"0":"post-8444","1":"product","2":"type-product","3":"status-publish","4":"has-post-thumbnail","6":"product_cat-accesorios-informatica-electronica","8":"first","9":"instock","10":"shipping-taxable","11":"purchasable","12":"product-type-simple"},"yoast_head":"<!-- This site is optimized with the Yoast SEO plugin v23.6 - https:\/\/yoast.com\/wordpress\/plugins\/seo\/ -->\n<title>Teclado Gaming Redragon K616-RGB Fizz-Pro 60% Switch Red - Rosa\/Blanca - Teleclub<\/title>\n<meta name=\"robots\" content=\"index, follow, max-snippet:-1, max-image-preview:large, max-video-preview:-1\" \/>\n<link rel=\"canonical\" href=\"https:\/\/www.teleclub.com.py\/index.php\/product\/teclado-gaming-redragon-k616-rgb-fizz-pro-60-switch-red-rosa-blanca\/\" \/>\n<meta property=\"og:locale\" content=\"es_ES\" \/>\n<meta property=\"og:type\" content=\"article\" \/>\n<meta property=\"og:title\" content=\"Teclado Gaming Redragon K616-RGB Fizz-Pro 60% Switch Red - Rosa\/Blanca - Teleclub\" \/>\n<meta property=\"og:description\" content=\"Dise\u00f1o:\u00a0Compacto y resistente  Tipo de teclado:\u00a0Mec\u00e1nico  Switch:\u00a0Redragon Red  Retroiluminaci\u00f3n:\u00a0RGB Chroma  Distribuci\u00f3n:\u00a0Ingl\u00e9s  Conectividad:\u00a0USB y USB RF\" \/>\n<meta property=\"og:url\" content=\"https:\/\/www.teleclub.com.py\/index.php\/product\/teclado-gaming-redragon-k616-rgb-fizz-pro-60-switch-red-rosa-blanca\/\" \/>\n<meta property=\"og:site_name\" content=\"Teleclub\" \/>\n<meta property=\"article:publisher\" content=\"https:\/\/www.facebook.com\/teleclubpy\" \/>\n<meta property=\"article:modified_time\" content=\"2024-08-30T22:31:37+00:00\" \/>\n<meta property=\"og:image\" content=\"https:\/\/www.teleclub.com.py\/wp-content\/uploads\/2024\/08\/a-270.png\" \/>\n\t<meta property=\"og:image:width\" content=\"600\" \/>\n\t<meta property=\"og:image:height\" content=\"600\" \/>\n\t<meta property=\"og:image:type\" content=\"image\/png\" \/>\n<meta name=\"twitter:card\" content=\"summary_large_image\" \/>\n<meta name=\"twitter:label1\" content=\"Tiempo de lectura\" \/>\n\t<meta name=\"twitter:data1\" content=\"1 minuto\" \/>\n<script type=\"application\/ld+json\" class=\"yoast-schema-graph\">{\"@context\":\"https:\/\/schema.org\",\"@graph\":[{\"@type\":\"WebPage\",\"@id\":\"https:\/\/www.teleclub.com.py\/index.php\/product\/teclado-gaming-redragon-k616-rgb-fizz-pro-60-switch-red-rosa-blanca\/\",\"url\":\"https:\/\/www.teleclub.com.py\/index.php\/product\/teclado-gaming-redragon-k616-rgb-fizz-pro-60-switch-red-rosa-blanca\/\",\"name\":\"Teclado Gaming Redragon K616-RGB Fizz-Pro 60% Switch Red - Rosa\/Blanca - Teleclub\",\"isPartOf\":{\"@id\":\"https:\/\/www.teleclub.com.py\/#website\"},\"primaryImageOfPage\":{\"@id\":\"https:\/\/www.teleclub.com.py\/index.php\/product\/teclado-gaming-redragon-k616-rgb-fizz-pro-60-switch-red-rosa-blanca\/#primaryimage\"},\"image\":{\"@id\":\"https:\/\/www.teleclub.com.py\/index.php\/product\/teclado-gaming-redragon-k616-rgb-fizz-pro-60-switch-red-rosa-blanca\/#primaryimage\"},\"thumbnailUrl\":\"https:\/\/www.teleclub.com.py\/wp-content\/uploads\/2024\/08\/a-270.png\",\"datePublished\":\"2024-08-28T22:00:02+00:00\",\"dateModified\":\"2024-08-30T22:31:37+00:00\",\"breadcrumb\":{\"@id\":\"https:\/\/www.teleclub.com.py\/index.php\/product\/teclado-gaming-redragon-k616-rgb-fizz-pro-60-switch-red-rosa-blanca\/#breadcrumb\"},\"inLanguage\":\"es\",\"potentialAction\":[{\"@type\":\"ReadAction\",\"target\":[\"https:\/\/www.teleclub.com.py\/index.php\/product\/teclado-gaming-redragon-k616-rgb-fizz-pro-60-switch-red-rosa-blanca\/\"]}]},{\"@type\":\"ImageObject\",\"inLanguage\":\"es\",\"@id\":\"https:\/\/www.teleclub.com.py\/index.php\/product\/teclado-gaming-redragon-k616-rgb-fizz-pro-60-switch-red-rosa-blanca\/#primaryimage\",\"url\":\"https:\/\/www.teleclub.com.py\/wp-content\/uploads\/2024\/08\/a-270.png\",\"contentUrl\":\"https:\/\/www.teleclub.com.py\/wp-content\/uploads\/2024\/08\/a-270.png\",\"width\":600,\"height\":600},{\"@type\":\"BreadcrumbList\",\"@id\":\"https:\/\/www.teleclub.com.py\/index.php\/product\/teclado-gaming-redragon-k616-rgb-fizz-pro-60-switch-red-rosa-blanca\/#breadcrumb\",\"itemListElement\":[{\"@type\":\"ListItem\",\"position\":1,\"name\":\"Portada\",\"item\":\"https:\/\/www.teleclub.com.py\/\"},{\"@type\":\"ListItem\",\"position\":2,\"name\":\"Shop\",\"item\":\"https:\/\/www.teleclub.com.py\/index.php\/shop-2\/\"},{\"@type\":\"ListItem\",\"position\":3,\"name\":\"Teclado Gaming Redragon K616-RGB Fizz-Pro 60% Switch Red &#8211; Rosa\/Blanca\"}]},{\"@type\":\"WebSite\",\"@id\":\"https:\/\/www.teleclub.com.py\/#website\",\"url\":\"https:\/\/www.teleclub.com.py\/\",\"name\":\"Teleclub\",\"description\":\"Tu tienda online\",\"publisher\":{\"@id\":\"https:\/\/www.teleclub.com.py\/#organization\"},\"potentialAction\":[{\"@type\":\"SearchAction\",\"target\":{\"@type\":\"EntryPoint\",\"urlTemplate\":\"https:\/\/www.teleclub.com.py\/?s={search_term_string}\"},\"query-input\":{\"@type\":\"PropertyValueSpecification\",\"valueRequired\":true,\"valueName\":\"search_term_string\"}}],\"inLanguage\":\"es\"},{\"@type\":\"Organization\",\"@id\":\"https:\/\/www.teleclub.com.py\/#organization\",\"name\":\"Teleclub\",\"url\":\"https:\/\/www.teleclub.com.py\/\",\"logo\":{\"@type\":\"ImageObject\",\"inLanguage\":\"es\",\"@id\":\"https:\/\/www.teleclub.com.py\/#\/schema\/logo\/image\/\",\"url\":\"https:\/\/www.teleclub.com.py\/wp-content\/uploads\/2024\/09\/1611317346760_TeleClub_logo_FondoBlanco-2.jpg\",\"contentUrl\":\"https:\/\/www.teleclub.com.py\/wp-content\/uploads\/2024\/09\/1611317346760_TeleClub_logo_FondoBlanco-2.jpg\",\"width\":1600,\"height\":1600,\"caption\":\"Teleclub\"},\"image\":{\"@id\":\"https:\/\/www.teleclub.com.py\/#\/schema\/logo\/image\/\"},\"sameAs\":[\"https:\/\/www.facebook.com\/teleclubpy\",\"https:\/\/www.instagram.com\/teleclubpy\"]}]}<\/script>\n<!-- \/ Yoast SEO plugin. -->","yoast_head_json":{"title":"Teclado Gaming Redragon K616-RGB Fizz-Pro 60% Switch Red - Rosa\/Blanca - Teleclub","robots":{"index":"index","follow":"follow","max-snippet":"max-snippet:-1","max-image-preview":"max-image-preview:large","max-video-preview":"max-video-preview:-1"},"canonical":"https:\/\/www.teleclub.com.py\/index.php\/product\/teclado-gaming-redragon-k616-rgb-fizz-pro-60-switch-red-rosa-blanca\/","og_locale":"es_ES","og_type":"article","og_title":"Teclado Gaming Redragon K616-RGB Fizz-Pro 60% Switch Red - Rosa\/Blanca - Teleclub","og_description":"Dise\u00f1o:\u00a0Compacto y resistente  Tipo de teclado:\u00a0Mec\u00e1nico  Switch:\u00a0Redragon Red  Retroiluminaci\u00f3n:\u00a0RGB Chroma  Distribuci\u00f3n:\u00a0Ingl\u00e9s  Conectividad:\u00a0USB y USB RF","og_url":"https:\/\/www.teleclub.com.py\/index.php\/product\/teclado-gaming-redragon-k616-rgb-fizz-pro-60-switch-red-rosa-blanca\/","og_site_name":"Teleclub","article_publisher":"https:\/\/www.facebook.com\/teleclubpy","article_modified_time":"2024-08-30T22:31:37+00:00","og_image":[{"width":600,"height":600,"url":"https:\/\/www.teleclub.com.py\/wp-content\/uploads\/2024\/08\/a-270.png","type":"image\/png"}],"twitter_card":"summary_large_image","twitter_misc":{"Tiempo de lectura":"1 minuto"},"schema":{"@context":"https:\/\/schema.org","@graph":[{"@type":"WebPage","@id":"https:\/\/www.teleclub.com.py\/index.php\/product\/teclado-gaming-redragon-k616-rgb-fizz-pro-60-switch-red-rosa-blanca\/","url":"https:\/\/www.teleclub.com.py\/index.php\/product\/teclado-gaming-redragon-k616-rgb-fizz-pro-60-switch-red-rosa-blanca\/","name":"Teclado Gaming Redragon K616-RGB Fizz-Pro 60% Switch Red - Rosa\/Blanca - Teleclub","isPartOf":{"@id":"https:\/\/www.teleclub.com.py\/#website"},"primaryImageOfPage":{"@id":"https:\/\/www.teleclub.com.py\/index.php\/product\/teclado-gaming-redragon-k616-rgb-fizz-pro-60-switch-red-rosa-blanca\/#primaryimage"},"image":{"@id":"https:\/\/www.teleclub.com.py\/index.php\/product\/teclado-gaming-redragon-k616-rgb-fizz-pro-60-switch-red-rosa-blanca\/#primaryimage"},"thumbnailUrl":"https:\/\/www.teleclub.com.py\/wp-content\/uploads\/2024\/08\/a-270.png","datePublished":"2024-08-28T22:00:02+00:00","dateModified":"2024-08-30T22:31:37+00:00","breadcrumb":{"@id":"https:\/\/www.teleclub.com.py\/index.php\/product\/teclado-gaming-redragon-k616-rgb-fizz-pro-60-switch-red-rosa-blanca\/#breadcrumb"},"inLanguage":"es","potentialAction":[{"@type":"ReadAction","target":["https:\/\/www.teleclub.com.py\/index.php\/product\/teclado-gaming-redragon-k616-rgb-fizz-pro-60-switch-red-rosa-blanca\/"]}]},{"@type":"ImageObject","inLanguage":"es","@id":"https:\/\/www.teleclub.com.py\/index.php\/product\/teclado-gaming-redragon-k616-rgb-fizz-pro-60-switch-red-rosa-blanca\/#primaryimage","url":"https:\/\/www.teleclub.com.py\/wp-content\/uploads\/2024\/08\/a-270.png","contentUrl":"https:\/\/www.teleclub.com.py\/wp-content\/uploads\/2024\/08\/a-270.png","width":600,"height":600},{"@type":"BreadcrumbList","@id":"https:\/\/www.teleclub.com.py\/index.php\/product\/teclado-gaming-redragon-k616-rgb-fizz-pro-60-switch-red-rosa-blanca\/#breadcrumb","itemListElement":[{"@type":"ListItem","position":1,"name":"Portada","item":"https:\/\/www.teleclub.com.py\/"},{"@type":"ListItem","position":2,"name":"Shop","item":"https:\/\/www.teleclub.com.py\/index.php\/shop-2\/"},{"@type":"ListItem","position":3,"name":"Teclado Gaming Redragon K616-RGB Fizz-Pro 60% Switch Red &#8211; Rosa\/Blanca"}]},{"@type":"WebSite","@id":"https:\/\/www.teleclub.com.py\/#website","url":"https:\/\/www.teleclub.com.py\/","name":"Teleclub","description":"Tu tienda online","publisher":{"@id":"https:\/\/www.teleclub.com.py\/#organization"},"potentialAction":[{"@type":"SearchAction","target":{"@type":"EntryPoint","urlTemplate":"https:\/\/www.teleclub.com.py\/?s={search_term_string}"},"query-input":{"@type":"PropertyValueSpecification","valueRequired":true,"valueName":"search_term_string"}}],"inLanguage":"es"},{"@type":"Organization","@id":"https:\/\/www.teleclub.com.py\/#organization","name":"Teleclub","url":"https:\/\/www.teleclub.com.py\/","logo":{"@type":"ImageObject","inLanguage":"es","@id":"https:\/\/www.teleclub.com.py\/#\/schema\/logo\/image\/","url":"https:\/\/www.teleclub.com.py\/wp-content\/uploads\/2024\/09\/1611317346760_TeleClub_logo_FondoBlanco-2.jpg","contentUrl":"https:\/\/www.teleclub.com.py\/wp-content\/uploads\/2024\/09\/1611317346760_TeleClub_logo_FondoBlanco-2.jpg","width":1600,"height":1600,"caption":"Teleclub"},"image":{"@id":"https:\/\/www.teleclub.com.py\/#\/schema\/logo\/image\/"},"sameAs":["https:\/\/www.facebook.com\/teleclubpy","https:\/\/www.instagram.com\/teleclubpy"]}]}},"_links":{"self":[{"href":"https:\/\/www.teleclub.com.py\/index.php\/wp-json\/wp\/v2\/product\/8444","targetHints":{"allow":["GET"]}}],"collection":[{"href":"https:\/\/www.teleclub.com.py\/index.php\/wp-json\/wp\/v2\/product"}],"about":[{"href":"https:\/\/www.teleclub.com.py\/index.php\/wp-json\/wp\/v2\/types\/product"}],"wp:featuredmedia":[{"embeddable":true,"href":"https:\/\/www.teleclub.com.py\/index.php\/wp-json\/wp\/v2\/media\/8445"}],"wp:attachment":[{"href":"https:\/\/www.teleclub.com.py\/index.php\/wp-json\/wp\/v2\/media?parent=8444"}],"wp:term":[{"taxonomy":"product_cat","embeddable":true,"href":"https:\/\/www.teleclub.com.py\/index.php\/wp-json\/wp\/v2\/product_cat?post=8444"},{"taxonomy":"product_tag","embeddable":true,"href":"https:\/\/www.teleclub.com.py\/index.php\/wp-json\/wp\/v2\/product_tag?post=8444"}],"curies":[{"name":"wp","href":"https:\/\/api.w.org\/{rel}","templated":true}]}}