{"id":8437,"date":"2024-08-28T17:37:10","date_gmt":"2024-08-28T21:37:10","guid":{"rendered":"https:\/\/www.teleclub.com.py\/?post_type=product&#038;p=8437"},"modified":"2024-08-30T18:31:43","modified_gmt":"2024-08-30T22:31:43","slug":"teclado-gaming-redragon-horus-tkl-k622-rgb-switch-rojo-espanol-negro","status":"publish","type":"product","link":"https:\/\/www.teleclub.com.py\/index.php\/product\/teclado-gaming-redragon-horus-tkl-k622-rgb-switch-rojo-espanol-negro\/","title":{"rendered":"Teclado Gaming Redragon Horus TKL K622-RGB Switch Rojo (Espa\u00f1ol) -Negro"},"content":{"rendered":"","protected":false},"excerpt":{"rendered":"<h2>INAL\u00c1MBRICO TRIPLE CONEXI\u00d3N<\/h2>\n<p>La principal diferencia entre las dos versiones del Horus TKL es la conectividad. La versi\u00f3n est\u00e1ndar cuenta con cable USB-C desmontable, con ficha en L. \u00a1Muy c\u00f3modo!<\/p>\n<p>La versi\u00f3n Wireless, por su parte, agrega a la conexi\u00f3n cableada dos modalidades inal\u00e1mbricas:<\/p>\n<ul>\n<li>RF de 2,4 GHz. S\u00faper r\u00e1pida, sin lag, perfecta para cuando quieres competir.<\/li>\n<li>Bluetooth 5.0. Muy c\u00f3moda, para alternar entre varios dispositivos sin esfuerzo.<\/li>\n<\/ul>\n<p>Un amplio rango de opciones que potencian tu libertad de jugador.<\/p>\n<p>&nbsp;<\/p>\n<h2>BATER\u00cdA LARGA DURACI\u00d3N<\/h2>\n<p>Los Horus est\u00e1n equipados con una bater\u00eda interna que permite hasta 36 horas de uso ininterrumpido sin cable, para que puedas llevarlo de aqu\u00ed para all\u00e1 y jugar en cualquier lugar con absoluta comodidad. Jaque mate player, hicimos el teclado que est\u00e1s buscando.<\/p>\n<p>&nbsp;<\/p>\n<h2>TECLAS ESPECIALES<\/h2>\n<p>Creados para las pulsaciones simult\u00e1neas sin temor al efecto de bloqueo del teclado. Los Horus vienen equipados con una rueda de aluminio moleteado para controlar el volumen y brillo de la iluminaci\u00f3n, mientras que sus teclas multimedia dedicadas est\u00e1n pensadas para controlar el audio.<\/p>\n<p>&nbsp;<\/p>\n<h2>CONSTRUCCI\u00d3N S\u00d3LIDA + RGB CHROMA<\/h2>\n<p>La placa superior de los Horus est\u00e1 hecha de aluminio resistente, lo que le otorga gran estabilidad manteniendo su perfil ultra delgado. Su superficie esmerilada le ofrece un aspecto minimalista muy sofisticado, adem\u00e1s de asegurarle una correcta protecci\u00f3n a las huellas dactilares.<\/p>\n<p>&nbsp;<\/p>\n<p><strong>TIPO TECLADO:<\/strong>\u00a0Mec\u00e1nicos \/ Inal\u00e1mbricos (Horus K618 RGB FS y Horus K621 RGB TKL)<br \/>\n<strong>TIPO INTERRUPTOR:<\/strong>\u00a0Redragon Red Ultra low profile, lineal, fuerza de actuaci\u00f3n 45 gr | Redragon Blue Ultra low profile, t\u00e1ctil clicky, fuerza de actuaci\u00f3n 55 gr<br \/>\n<strong>TECLAS MULTIMEDIA<\/strong>: Si, dedicadas.<br \/>\n<strong>TECLAS MACRO DEDICADAS:<\/strong>\u00a0Si.<br \/>\n<strong>BLOQUEO TECLA WINDOWS:<\/strong>\u00a0Si<\/p>\n","protected":false},"featured_media":8438,"template":"","meta":{"om_disable_all_campaigns":false},"product_cat":[359],"product_tag":[],"class_list":{"0":"post-8437","1":"product","2":"type-product","3":"status-publish","4":"has-post-thumbnail","6":"product_cat-accesorios-informatica-electronica","8":"first","9":"instock","10":"shipping-taxable","11":"purchasable","12":"product-type-simple"},"yoast_head":"<!-- This site is optimized with the Yoast SEO plugin v23.6 - https:\/\/yoast.com\/wordpress\/plugins\/seo\/ -->\n<title>Teclado Gaming Redragon Horus TKL K622-RGB Switch Rojo (Espa\u00f1ol) -Negro - Teleclub<\/title>\n<meta name=\"robots\" content=\"index, follow, max-snippet:-1, max-image-preview:large, max-video-preview:-1\" \/>\n<link rel=\"canonical\" href=\"https:\/\/www.teleclub.com.py\/index.php\/product\/teclado-gaming-redragon-horus-tkl-k622-rgb-switch-rojo-espanol-negro\/\" \/>\n<meta property=\"og:locale\" content=\"es_ES\" \/>\n<meta property=\"og:type\" content=\"article\" \/>\n<meta property=\"og:title\" content=\"Teclado Gaming Redragon Horus TKL K622-RGB Switch Rojo (Espa\u00f1ol) -Negro - Teleclub\" \/>\n<meta property=\"og:description\" content=\"INAL\u00c1MBRICO TRIPLE CONEXI\u00d3N La principal diferencia entre las dos versiones del Horus TKL es la conectividad. La versi\u00f3n est\u00e1ndar cuenta con cable USB-C desmontable, con ficha en L. \u00a1Muy c\u00f3modo!  La versi\u00f3n Wireless, por su parte, agrega a la conexi\u00f3n cableada dos modalidades inal\u00e1mbricas:   RF de 2,4 GHz. S\u00faper r\u00e1pida, sin lag, perfecta para cuando quieres competir.  Bluetooth 5.0. Muy c\u00f3moda, para alternar entre varios dispositivos sin esfuerzo.  Un amplio rango de opciones que potencian tu libertad de jugador.  &nbsp; BATER\u00cdA LARGA DURACI\u00d3N Los Horus est\u00e1n equipados con una bater\u00eda interna que permite hasta 36 horas de uso ininterrumpido sin cable, para que puedas llevarlo de aqu\u00ed para all\u00e1 y jugar en cualquier lugar con absoluta comodidad. Jaque mate player, hicimos el teclado que est\u00e1s buscando.  &nbsp; TECLAS ESPECIALES Creados para las pulsaciones simult\u00e1neas sin temor al efecto de bloqueo del teclado. Los Horus vienen equipados con una rueda de aluminio moleteado para controlar el volumen y brillo de la iluminaci\u00f3n, mientras que sus teclas multimedia dedicadas est\u00e1n pensadas para controlar el audio.  &nbsp; CONSTRUCCI\u00d3N S\u00d3LIDA + RGB CHROMA La placa superior de los Horus est\u00e1 hecha de aluminio resistente, lo que le otorga gran estabilidad manteniendo su perfil ultra delgado. Su superficie esmerilada le ofrece un aspecto minimalista muy sofisticado, adem\u00e1s de asegurarle una correcta protecci\u00f3n a las huellas dactilares.  &nbsp;  TIPO TECLADO:\u00a0Mec\u00e1nicos \/ Inal\u00e1mbricos (Horus K618 RGB FS y Horus K621 RGB TKL) TIPO INTERRUPTOR:\u00a0Redragon Red Ultra low profile, lineal, fuerza de actuaci\u00f3n 45 gr | Redragon Blue Ultra low profile, t\u00e1ctil clicky, fuerza de actuaci\u00f3n 55 gr TECLAS MULTIMEDIA: Si, dedicadas. TECLAS MACRO DEDICADAS:\u00a0Si. BLOQUEO TECLA WINDOWS:\u00a0Si\" \/>\n<meta property=\"og:url\" content=\"https:\/\/www.teleclub.com.py\/index.php\/product\/teclado-gaming-redragon-horus-tkl-k622-rgb-switch-rojo-espanol-negro\/\" \/>\n<meta property=\"og:site_name\" content=\"Teleclub\" \/>\n<meta property=\"article:publisher\" content=\"https:\/\/www.facebook.com\/teleclubpy\" \/>\n<meta property=\"article:modified_time\" content=\"2024-08-30T22:31:43+00:00\" \/>\n<meta property=\"og:image\" content=\"https:\/\/www.teleclub.com.py\/wp-content\/uploads\/2024\/08\/a-266.png\" \/>\n\t<meta property=\"og:image:width\" content=\"600\" \/>\n\t<meta property=\"og:image:height\" content=\"600\" \/>\n\t<meta property=\"og:image:type\" content=\"image\/png\" \/>\n<meta name=\"twitter:card\" content=\"summary_large_image\" \/>\n<script type=\"application\/ld+json\" class=\"yoast-schema-graph\">{\"@context\":\"https:\/\/schema.org\",\"@graph\":[{\"@type\":\"WebPage\",\"@id\":\"https:\/\/www.teleclub.com.py\/index.php\/product\/teclado-gaming-redragon-horus-tkl-k622-rgb-switch-rojo-espanol-negro\/\",\"url\":\"https:\/\/www.teleclub.com.py\/index.php\/product\/teclado-gaming-redragon-horus-tkl-k622-rgb-switch-rojo-espanol-negro\/\",\"name\":\"Teclado Gaming Redragon Horus TKL K622-RGB Switch Rojo (Espa\u00f1ol) -Negro - Teleclub\",\"isPartOf\":{\"@id\":\"https:\/\/www.teleclub.com.py\/#website\"},\"primaryImageOfPage\":{\"@id\":\"https:\/\/www.teleclub.com.py\/index.php\/product\/teclado-gaming-redragon-horus-tkl-k622-rgb-switch-rojo-espanol-negro\/#primaryimage\"},\"image\":{\"@id\":\"https:\/\/www.teleclub.com.py\/index.php\/product\/teclado-gaming-redragon-horus-tkl-k622-rgb-switch-rojo-espanol-negro\/#primaryimage\"},\"thumbnailUrl\":\"https:\/\/www.teleclub.com.py\/wp-content\/uploads\/2024\/08\/a-266.png\",\"datePublished\":\"2024-08-28T21:37:10+00:00\",\"dateModified\":\"2024-08-30T22:31:43+00:00\",\"breadcrumb\":{\"@id\":\"https:\/\/www.teleclub.com.py\/index.php\/product\/teclado-gaming-redragon-horus-tkl-k622-rgb-switch-rojo-espanol-negro\/#breadcrumb\"},\"inLanguage\":\"es\",\"potentialAction\":[{\"@type\":\"ReadAction\",\"target\":[\"https:\/\/www.teleclub.com.py\/index.php\/product\/teclado-gaming-redragon-horus-tkl-k622-rgb-switch-rojo-espanol-negro\/\"]}]},{\"@type\":\"ImageObject\",\"inLanguage\":\"es\",\"@id\":\"https:\/\/www.teleclub.com.py\/index.php\/product\/teclado-gaming-redragon-horus-tkl-k622-rgb-switch-rojo-espanol-negro\/#primaryimage\",\"url\":\"https:\/\/www.teleclub.com.py\/wp-content\/uploads\/2024\/08\/a-266.png\",\"contentUrl\":\"https:\/\/www.teleclub.com.py\/wp-content\/uploads\/2024\/08\/a-266.png\",\"width\":600,\"height\":600},{\"@type\":\"BreadcrumbList\",\"@id\":\"https:\/\/www.teleclub.com.py\/index.php\/product\/teclado-gaming-redragon-horus-tkl-k622-rgb-switch-rojo-espanol-negro\/#breadcrumb\",\"itemListElement\":[{\"@type\":\"ListItem\",\"position\":1,\"name\":\"Portada\",\"item\":\"https:\/\/www.teleclub.com.py\/\"},{\"@type\":\"ListItem\",\"position\":2,\"name\":\"Shop\",\"item\":\"https:\/\/www.teleclub.com.py\/index.php\/shop-2\/\"},{\"@type\":\"ListItem\",\"position\":3,\"name\":\"Teclado Gaming Redragon Horus TKL K622-RGB Switch Rojo (Espa\u00f1ol) -Negro\"}]},{\"@type\":\"WebSite\",\"@id\":\"https:\/\/www.teleclub.com.py\/#website\",\"url\":\"https:\/\/www.teleclub.com.py\/\",\"name\":\"Teleclub\",\"description\":\"Tu tienda online\",\"publisher\":{\"@id\":\"https:\/\/www.teleclub.com.py\/#organization\"},\"potentialAction\":[{\"@type\":\"SearchAction\",\"target\":{\"@type\":\"EntryPoint\",\"urlTemplate\":\"https:\/\/www.teleclub.com.py\/?s={search_term_string}\"},\"query-input\":{\"@type\":\"PropertyValueSpecification\",\"valueRequired\":true,\"valueName\":\"search_term_string\"}}],\"inLanguage\":\"es\"},{\"@type\":\"Organization\",\"@id\":\"https:\/\/www.teleclub.com.py\/#organization\",\"name\":\"Teleclub\",\"url\":\"https:\/\/www.teleclub.com.py\/\",\"logo\":{\"@type\":\"ImageObject\",\"inLanguage\":\"es\",\"@id\":\"https:\/\/www.teleclub.com.py\/#\/schema\/logo\/image\/\",\"url\":\"https:\/\/www.teleclub.com.py\/wp-content\/uploads\/2024\/09\/1611317346760_TeleClub_logo_FondoBlanco-2.jpg\",\"contentUrl\":\"https:\/\/www.teleclub.com.py\/wp-content\/uploads\/2024\/09\/1611317346760_TeleClub_logo_FondoBlanco-2.jpg\",\"width\":1600,\"height\":1600,\"caption\":\"Teleclub\"},\"image\":{\"@id\":\"https:\/\/www.teleclub.com.py\/#\/schema\/logo\/image\/\"},\"sameAs\":[\"https:\/\/www.facebook.com\/teleclubpy\",\"https:\/\/www.instagram.com\/teleclubpy\"]}]}<\/script>\n<!-- \/ Yoast SEO plugin. -->","yoast_head_json":{"title":"Teclado Gaming Redragon Horus TKL K622-RGB Switch Rojo (Espa\u00f1ol) -Negro - Teleclub","robots":{"index":"index","follow":"follow","max-snippet":"max-snippet:-1","max-image-preview":"max-image-preview:large","max-video-preview":"max-video-preview:-1"},"canonical":"https:\/\/www.teleclub.com.py\/index.php\/product\/teclado-gaming-redragon-horus-tkl-k622-rgb-switch-rojo-espanol-negro\/","og_locale":"es_ES","og_type":"article","og_title":"Teclado Gaming Redragon Horus TKL K622-RGB Switch Rojo (Espa\u00f1ol) -Negro - Teleclub","og_description":"INAL\u00c1MBRICO TRIPLE CONEXI\u00d3N La principal diferencia entre las dos versiones del Horus TKL es la conectividad. La versi\u00f3n est\u00e1ndar cuenta con cable USB-C desmontable, con ficha en L. \u00a1Muy c\u00f3modo!  La versi\u00f3n Wireless, por su parte, agrega a la conexi\u00f3n cableada dos modalidades inal\u00e1mbricas:   RF de 2,4 GHz. S\u00faper r\u00e1pida, sin lag, perfecta para cuando quieres competir.  Bluetooth 5.0. Muy c\u00f3moda, para alternar entre varios dispositivos sin esfuerzo.  Un amplio rango de opciones que potencian tu libertad de jugador.  &nbsp; BATER\u00cdA LARGA DURACI\u00d3N Los Horus est\u00e1n equipados con una bater\u00eda interna que permite hasta 36 horas de uso ininterrumpido sin cable, para que puedas llevarlo de aqu\u00ed para all\u00e1 y jugar en cualquier lugar con absoluta comodidad. Jaque mate player, hicimos el teclado que est\u00e1s buscando.  &nbsp; TECLAS ESPECIALES Creados para las pulsaciones simult\u00e1neas sin temor al efecto de bloqueo del teclado. Los Horus vienen equipados con una rueda de aluminio moleteado para controlar el volumen y brillo de la iluminaci\u00f3n, mientras que sus teclas multimedia dedicadas est\u00e1n pensadas para controlar el audio.  &nbsp; CONSTRUCCI\u00d3N S\u00d3LIDA + RGB CHROMA La placa superior de los Horus est\u00e1 hecha de aluminio resistente, lo que le otorga gran estabilidad manteniendo su perfil ultra delgado. Su superficie esmerilada le ofrece un aspecto minimalista muy sofisticado, adem\u00e1s de asegurarle una correcta protecci\u00f3n a las huellas dactilares.  &nbsp;  TIPO TECLADO:\u00a0Mec\u00e1nicos \/ Inal\u00e1mbricos (Horus K618 RGB FS y Horus K621 RGB TKL) TIPO INTERRUPTOR:\u00a0Redragon Red Ultra low profile, lineal, fuerza de actuaci\u00f3n 45 gr | Redragon Blue Ultra low profile, t\u00e1ctil clicky, fuerza de actuaci\u00f3n 55 gr TECLAS MULTIMEDIA: Si, dedicadas. TECLAS MACRO DEDICADAS:\u00a0Si. BLOQUEO TECLA WINDOWS:\u00a0Si","og_url":"https:\/\/www.teleclub.com.py\/index.php\/product\/teclado-gaming-redragon-horus-tkl-k622-rgb-switch-rojo-espanol-negro\/","og_site_name":"Teleclub","article_publisher":"https:\/\/www.facebook.com\/teleclubpy","article_modified_time":"2024-08-30T22:31:43+00:00","og_image":[{"width":600,"height":600,"url":"https:\/\/www.teleclub.com.py\/wp-content\/uploads\/2024\/08\/a-266.png","type":"image\/png"}],"twitter_card":"summary_large_image","schema":{"@context":"https:\/\/schema.org","@graph":[{"@type":"WebPage","@id":"https:\/\/www.teleclub.com.py\/index.php\/product\/teclado-gaming-redragon-horus-tkl-k622-rgb-switch-rojo-espanol-negro\/","url":"https:\/\/www.teleclub.com.py\/index.php\/product\/teclado-gaming-redragon-horus-tkl-k622-rgb-switch-rojo-espanol-negro\/","name":"Teclado Gaming Redragon Horus TKL K622-RGB Switch Rojo (Espa\u00f1ol) -Negro - Teleclub","isPartOf":{"@id":"https:\/\/www.teleclub.com.py\/#website"},"primaryImageOfPage":{"@id":"https:\/\/www.teleclub.com.py\/index.php\/product\/teclado-gaming-redragon-horus-tkl-k622-rgb-switch-rojo-espanol-negro\/#primaryimage"},"image":{"@id":"https:\/\/www.teleclub.com.py\/index.php\/product\/teclado-gaming-redragon-horus-tkl-k622-rgb-switch-rojo-espanol-negro\/#primaryimage"},"thumbnailUrl":"https:\/\/www.teleclub.com.py\/wp-content\/uploads\/2024\/08\/a-266.png","datePublished":"2024-08-28T21:37:10+00:00","dateModified":"2024-08-30T22:31:43+00:00","breadcrumb":{"@id":"https:\/\/www.teleclub.com.py\/index.php\/product\/teclado-gaming-redragon-horus-tkl-k622-rgb-switch-rojo-espanol-negro\/#breadcrumb"},"inLanguage":"es","potentialAction":[{"@type":"ReadAction","target":["https:\/\/www.teleclub.com.py\/index.php\/product\/teclado-gaming-redragon-horus-tkl-k622-rgb-switch-rojo-espanol-negro\/"]}]},{"@type":"ImageObject","inLanguage":"es","@id":"https:\/\/www.teleclub.com.py\/index.php\/product\/teclado-gaming-redragon-horus-tkl-k622-rgb-switch-rojo-espanol-negro\/#primaryimage","url":"https:\/\/www.teleclub.com.py\/wp-content\/uploads\/2024\/08\/a-266.png","contentUrl":"https:\/\/www.teleclub.com.py\/wp-content\/uploads\/2024\/08\/a-266.png","width":600,"height":600},{"@type":"BreadcrumbList","@id":"https:\/\/www.teleclub.com.py\/index.php\/product\/teclado-gaming-redragon-horus-tkl-k622-rgb-switch-rojo-espanol-negro\/#breadcrumb","itemListElement":[{"@type":"ListItem","position":1,"name":"Portada","item":"https:\/\/www.teleclub.com.py\/"},{"@type":"ListItem","position":2,"name":"Shop","item":"https:\/\/www.teleclub.com.py\/index.php\/shop-2\/"},{"@type":"ListItem","position":3,"name":"Teclado Gaming Redragon Horus TKL K622-RGB Switch Rojo (Espa\u00f1ol) -Negro"}]},{"@type":"WebSite","@id":"https:\/\/www.teleclub.com.py\/#website","url":"https:\/\/www.teleclub.com.py\/","name":"Teleclub","description":"Tu tienda online","publisher":{"@id":"https:\/\/www.teleclub.com.py\/#organization"},"potentialAction":[{"@type":"SearchAction","target":{"@type":"EntryPoint","urlTemplate":"https:\/\/www.teleclub.com.py\/?s={search_term_string}"},"query-input":{"@type":"PropertyValueSpecification","valueRequired":true,"valueName":"search_term_string"}}],"inLanguage":"es"},{"@type":"Organization","@id":"https:\/\/www.teleclub.com.py\/#organization","name":"Teleclub","url":"https:\/\/www.teleclub.com.py\/","logo":{"@type":"ImageObject","inLanguage":"es","@id":"https:\/\/www.teleclub.com.py\/#\/schema\/logo\/image\/","url":"https:\/\/www.teleclub.com.py\/wp-content\/uploads\/2024\/09\/1611317346760_TeleClub_logo_FondoBlanco-2.jpg","contentUrl":"https:\/\/www.teleclub.com.py\/wp-content\/uploads\/2024\/09\/1611317346760_TeleClub_logo_FondoBlanco-2.jpg","width":1600,"height":1600,"caption":"Teleclub"},"image":{"@id":"https:\/\/www.teleclub.com.py\/#\/schema\/logo\/image\/"},"sameAs":["https:\/\/www.facebook.com\/teleclubpy","https:\/\/www.instagram.com\/teleclubpy"]}]}},"_links":{"self":[{"href":"https:\/\/www.teleclub.com.py\/index.php\/wp-json\/wp\/v2\/product\/8437","targetHints":{"allow":["GET"]}}],"collection":[{"href":"https:\/\/www.teleclub.com.py\/index.php\/wp-json\/wp\/v2\/product"}],"about":[{"href":"https:\/\/www.teleclub.com.py\/index.php\/wp-json\/wp\/v2\/types\/product"}],"wp:featuredmedia":[{"embeddable":true,"href":"https:\/\/www.teleclub.com.py\/index.php\/wp-json\/wp\/v2\/media\/8438"}],"wp:attachment":[{"href":"https:\/\/www.teleclub.com.py\/index.php\/wp-json\/wp\/v2\/media?parent=8437"}],"wp:term":[{"taxonomy":"product_cat","embeddable":true,"href":"https:\/\/www.teleclub.com.py\/index.php\/wp-json\/wp\/v2\/product_cat?post=8437"},{"taxonomy":"product_tag","embeddable":true,"href":"https:\/\/www.teleclub.com.py\/index.php\/wp-json\/wp\/v2\/product_tag?post=8437"}],"curies":[{"name":"wp","href":"https:\/\/api.w.org\/{rel}","templated":true}]}}