{"id":8245,"date":"2024-08-27T14:05:30","date_gmt":"2024-08-27T12:05:30","guid":{"rendered":"https:\/\/www.teleclub.com.py\/?post_type=product&#038;p=8245"},"modified":"2024-08-28T15:20:21","modified_gmt":"2024-08-28T19:20:21","slug":"gabinete-gaming-redragon-devastator-gc-550-con-cooler-rgb-mid-tower-negro","status":"publish","type":"product","link":"https:\/\/www.teleclub.com.py\/index.php\/product\/gabinete-gaming-redragon-devastator-gc-550-con-cooler-rgb-mid-tower-negro\/","title":{"rendered":"Gabinete Gaming Redragon Devastator GC-550 con Cooler\/RGB\/Mid-Tower &#8211; Negro"},"content":{"rendered":"<p><span data-pb-style=\"6248F6D252709\">El gabinete Redragon Devastator cuenta con un dise\u00f1o elegante, con espacio para seis fans, dos discos mec\u00e1nicos y dos s\u00f3lidos; dispone de siete slots para dispositivos PCI express, y posee PCU cover y lateral ensanchado para gesti\u00f3n de cables.<\/span><br \/>\n<span data-pb-style=\"6248F6D252715\"><strong><br \/>\nEspecificaciones:<\/strong><\/span><\/p>\n<ul>\n<li><span data-pb-style=\"6248F6D252720\">Materiales: Acero negro, pl\u00e1stico ABS cepillado y acr\u00edlico<\/span><\/li>\n<li><span data-pb-style=\"6248F6D25272C\">Soporta placas madres: ATX y micro ATX<\/span><\/li>\n<li><span data-pb-style=\"6248F6D252737\">Puertos de Expansi\u00f3n: 2 x HDD, 2 x SSD<\/span><\/li>\n<li><span data-pb-style=\"6248F6D252742\">Puerto I\/O Frontal: 1x USB 3.0, 2x USB 2.0, P2 entradas de audio.<\/span><\/li>\n<li><span data-pb-style=\"6248F6D25274D\">Cooler preinstalados: 1 de 120 mm, trasero<\/span><\/li>\n<li><span data-pb-style=\"6248F6D252759\">Soporte\u00a0m\u00e1ximo\u00a0de\u00a0cooler: Frontal x3, superior x2, trasero x1<\/span><\/li>\n<li><span data-pb-style=\"6248F6D252764\">Espacio para CPU\u00a0Cooler: 157 mm<\/span><\/li>\n<li><span data-pb-style=\"6248F6D25276F\">Espacio para\u00a0GPU: 370 mm<\/span><\/li>\n<\/ul>\n","protected":false},"excerpt":{"rendered":"<ul>\n<li><strong>Factor de forma:\u00a0<\/strong>Media torre<\/li>\n<li><strong>Soporta placas madres:<\/strong>\u00a0ATX y micro ATX<\/li>\n<li><strong>Panel lateral izquierdo de:<\/strong>\u00a0Acr\u00edlico transparente<\/li>\n<li><strong>Refrigeraci\u00f3n:<\/strong>\u00a0Avanzada<\/li>\n<\/ul>\n","protected":false},"featured_media":8246,"template":"","meta":{"om_disable_all_campaigns":false},"product_cat":[357,405],"product_tag":[],"class_list":{"0":"post-8245","1":"product","2":"type-product","3":"status-publish","4":"has-post-thumbnail","6":"product_cat-componentes","7":"product_cat-zona-gaming","9":"first","10":"instock","11":"shipping-taxable","12":"purchasable","13":"product-type-simple"},"yoast_head":"<!-- This site is optimized with the Yoast SEO plugin v23.6 - https:\/\/yoast.com\/wordpress\/plugins\/seo\/ -->\n<title>Gabinete Gaming Redragon Devastator GC-550 con Cooler\/RGB\/Mid-Tower - Negro - Teleclub<\/title>\n<meta name=\"robots\" content=\"index, follow, max-snippet:-1, max-image-preview:large, max-video-preview:-1\" \/>\n<link rel=\"canonical\" href=\"https:\/\/www.teleclub.com.py\/index.php\/product\/gabinete-gaming-redragon-devastator-gc-550-con-cooler-rgb-mid-tower-negro\/\" \/>\n<meta property=\"og:locale\" content=\"es_ES\" \/>\n<meta property=\"og:type\" content=\"article\" \/>\n<meta property=\"og:title\" content=\"Gabinete Gaming Redragon Devastator GC-550 con Cooler\/RGB\/Mid-Tower - Negro - Teleclub\" \/>\n<meta property=\"og:description\" content=\"Factor de forma:\u00a0Media torre  Soporta placas madres:\u00a0ATX y micro ATX  Panel lateral izquierdo de:\u00a0Acr\u00edlico transparente  Refrigeraci\u00f3n:\u00a0Avanzada\" \/>\n<meta property=\"og:url\" content=\"https:\/\/www.teleclub.com.py\/index.php\/product\/gabinete-gaming-redragon-devastator-gc-550-con-cooler-rgb-mid-tower-negro\/\" \/>\n<meta property=\"og:site_name\" content=\"Teleclub\" \/>\n<meta property=\"article:publisher\" content=\"https:\/\/www.facebook.com\/teleclubpy\" \/>\n<meta property=\"article:modified_time\" content=\"2024-08-28T19:20:21+00:00\" \/>\n<meta property=\"og:image\" content=\"https:\/\/www.teleclub.com.py\/wp-content\/uploads\/2024\/08\/a-163.png\" \/>\n\t<meta property=\"og:image:width\" content=\"1000\" \/>\n\t<meta property=\"og:image:height\" content=\"1000\" \/>\n\t<meta property=\"og:image:type\" content=\"image\/png\" \/>\n<meta name=\"twitter:card\" content=\"summary_large_image\" \/>\n<meta name=\"twitter:label1\" content=\"Tiempo de lectura\" \/>\n\t<meta name=\"twitter:data1\" content=\"1 minuto\" \/>\n<script type=\"application\/ld+json\" class=\"yoast-schema-graph\">{\"@context\":\"https:\/\/schema.org\",\"@graph\":[{\"@type\":\"WebPage\",\"@id\":\"https:\/\/www.teleclub.com.py\/index.php\/product\/gabinete-gaming-redragon-devastator-gc-550-con-cooler-rgb-mid-tower-negro\/\",\"url\":\"https:\/\/www.teleclub.com.py\/index.php\/product\/gabinete-gaming-redragon-devastator-gc-550-con-cooler-rgb-mid-tower-negro\/\",\"name\":\"Gabinete Gaming Redragon Devastator GC-550 con Cooler\/RGB\/Mid-Tower - Negro - Teleclub\",\"isPartOf\":{\"@id\":\"https:\/\/www.teleclub.com.py\/#website\"},\"primaryImageOfPage\":{\"@id\":\"https:\/\/www.teleclub.com.py\/index.php\/product\/gabinete-gaming-redragon-devastator-gc-550-con-cooler-rgb-mid-tower-negro\/#primaryimage\"},\"image\":{\"@id\":\"https:\/\/www.teleclub.com.py\/index.php\/product\/gabinete-gaming-redragon-devastator-gc-550-con-cooler-rgb-mid-tower-negro\/#primaryimage\"},\"thumbnailUrl\":\"https:\/\/www.teleclub.com.py\/wp-content\/uploads\/2024\/08\/a-163.png\",\"datePublished\":\"2024-08-27T12:05:30+00:00\",\"dateModified\":\"2024-08-28T19:20:21+00:00\",\"breadcrumb\":{\"@id\":\"https:\/\/www.teleclub.com.py\/index.php\/product\/gabinete-gaming-redragon-devastator-gc-550-con-cooler-rgb-mid-tower-negro\/#breadcrumb\"},\"inLanguage\":\"es\",\"potentialAction\":[{\"@type\":\"ReadAction\",\"target\":[\"https:\/\/www.teleclub.com.py\/index.php\/product\/gabinete-gaming-redragon-devastator-gc-550-con-cooler-rgb-mid-tower-negro\/\"]}]},{\"@type\":\"ImageObject\",\"inLanguage\":\"es\",\"@id\":\"https:\/\/www.teleclub.com.py\/index.php\/product\/gabinete-gaming-redragon-devastator-gc-550-con-cooler-rgb-mid-tower-negro\/#primaryimage\",\"url\":\"https:\/\/www.teleclub.com.py\/wp-content\/uploads\/2024\/08\/a-163.png\",\"contentUrl\":\"https:\/\/www.teleclub.com.py\/wp-content\/uploads\/2024\/08\/a-163.png\",\"width\":1000,\"height\":1000},{\"@type\":\"BreadcrumbList\",\"@id\":\"https:\/\/www.teleclub.com.py\/index.php\/product\/gabinete-gaming-redragon-devastator-gc-550-con-cooler-rgb-mid-tower-negro\/#breadcrumb\",\"itemListElement\":[{\"@type\":\"ListItem\",\"position\":1,\"name\":\"Portada\",\"item\":\"https:\/\/www.teleclub.com.py\/\"},{\"@type\":\"ListItem\",\"position\":2,\"name\":\"Shop\",\"item\":\"https:\/\/www.teleclub.com.py\/index.php\/shop-2\/\"},{\"@type\":\"ListItem\",\"position\":3,\"name\":\"Gabinete Gaming Redragon Devastator GC-550 con Cooler\/RGB\/Mid-Tower &#8211; Negro\"}]},{\"@type\":\"WebSite\",\"@id\":\"https:\/\/www.teleclub.com.py\/#website\",\"url\":\"https:\/\/www.teleclub.com.py\/\",\"name\":\"Teleclub\",\"description\":\"Tu tienda online\",\"publisher\":{\"@id\":\"https:\/\/www.teleclub.com.py\/#organization\"},\"potentialAction\":[{\"@type\":\"SearchAction\",\"target\":{\"@type\":\"EntryPoint\",\"urlTemplate\":\"https:\/\/www.teleclub.com.py\/?s={search_term_string}\"},\"query-input\":{\"@type\":\"PropertyValueSpecification\",\"valueRequired\":true,\"valueName\":\"search_term_string\"}}],\"inLanguage\":\"es\"},{\"@type\":\"Organization\",\"@id\":\"https:\/\/www.teleclub.com.py\/#organization\",\"name\":\"Teleclub\",\"url\":\"https:\/\/www.teleclub.com.py\/\",\"logo\":{\"@type\":\"ImageObject\",\"inLanguage\":\"es\",\"@id\":\"https:\/\/www.teleclub.com.py\/#\/schema\/logo\/image\/\",\"url\":\"https:\/\/www.teleclub.com.py\/wp-content\/uploads\/2024\/09\/1611317346760_TeleClub_logo_FondoBlanco-2.jpg\",\"contentUrl\":\"https:\/\/www.teleclub.com.py\/wp-content\/uploads\/2024\/09\/1611317346760_TeleClub_logo_FondoBlanco-2.jpg\",\"width\":1600,\"height\":1600,\"caption\":\"Teleclub\"},\"image\":{\"@id\":\"https:\/\/www.teleclub.com.py\/#\/schema\/logo\/image\/\"},\"sameAs\":[\"https:\/\/www.facebook.com\/teleclubpy\",\"https:\/\/www.instagram.com\/teleclubpy\"]}]}<\/script>\n<!-- \/ Yoast SEO plugin. -->","yoast_head_json":{"title":"Gabinete Gaming Redragon Devastator GC-550 con Cooler\/RGB\/Mid-Tower - Negro - Teleclub","robots":{"index":"index","follow":"follow","max-snippet":"max-snippet:-1","max-image-preview":"max-image-preview:large","max-video-preview":"max-video-preview:-1"},"canonical":"https:\/\/www.teleclub.com.py\/index.php\/product\/gabinete-gaming-redragon-devastator-gc-550-con-cooler-rgb-mid-tower-negro\/","og_locale":"es_ES","og_type":"article","og_title":"Gabinete Gaming Redragon Devastator GC-550 con Cooler\/RGB\/Mid-Tower - Negro - Teleclub","og_description":"Factor de forma:\u00a0Media torre  Soporta placas madres:\u00a0ATX y micro ATX  Panel lateral izquierdo de:\u00a0Acr\u00edlico transparente  Refrigeraci\u00f3n:\u00a0Avanzada","og_url":"https:\/\/www.teleclub.com.py\/index.php\/product\/gabinete-gaming-redragon-devastator-gc-550-con-cooler-rgb-mid-tower-negro\/","og_site_name":"Teleclub","article_publisher":"https:\/\/www.facebook.com\/teleclubpy","article_modified_time":"2024-08-28T19:20:21+00:00","og_image":[{"width":1000,"height":1000,"url":"https:\/\/www.teleclub.com.py\/wp-content\/uploads\/2024\/08\/a-163.png","type":"image\/png"}],"twitter_card":"summary_large_image","twitter_misc":{"Tiempo de lectura":"1 minuto"},"schema":{"@context":"https:\/\/schema.org","@graph":[{"@type":"WebPage","@id":"https:\/\/www.teleclub.com.py\/index.php\/product\/gabinete-gaming-redragon-devastator-gc-550-con-cooler-rgb-mid-tower-negro\/","url":"https:\/\/www.teleclub.com.py\/index.php\/product\/gabinete-gaming-redragon-devastator-gc-550-con-cooler-rgb-mid-tower-negro\/","name":"Gabinete Gaming Redragon Devastator GC-550 con Cooler\/RGB\/Mid-Tower - Negro - Teleclub","isPartOf":{"@id":"https:\/\/www.teleclub.com.py\/#website"},"primaryImageOfPage":{"@id":"https:\/\/www.teleclub.com.py\/index.php\/product\/gabinete-gaming-redragon-devastator-gc-550-con-cooler-rgb-mid-tower-negro\/#primaryimage"},"image":{"@id":"https:\/\/www.teleclub.com.py\/index.php\/product\/gabinete-gaming-redragon-devastator-gc-550-con-cooler-rgb-mid-tower-negro\/#primaryimage"},"thumbnailUrl":"https:\/\/www.teleclub.com.py\/wp-content\/uploads\/2024\/08\/a-163.png","datePublished":"2024-08-27T12:05:30+00:00","dateModified":"2024-08-28T19:20:21+00:00","breadcrumb":{"@id":"https:\/\/www.teleclub.com.py\/index.php\/product\/gabinete-gaming-redragon-devastator-gc-550-con-cooler-rgb-mid-tower-negro\/#breadcrumb"},"inLanguage":"es","potentialAction":[{"@type":"ReadAction","target":["https:\/\/www.teleclub.com.py\/index.php\/product\/gabinete-gaming-redragon-devastator-gc-550-con-cooler-rgb-mid-tower-negro\/"]}]},{"@type":"ImageObject","inLanguage":"es","@id":"https:\/\/www.teleclub.com.py\/index.php\/product\/gabinete-gaming-redragon-devastator-gc-550-con-cooler-rgb-mid-tower-negro\/#primaryimage","url":"https:\/\/www.teleclub.com.py\/wp-content\/uploads\/2024\/08\/a-163.png","contentUrl":"https:\/\/www.teleclub.com.py\/wp-content\/uploads\/2024\/08\/a-163.png","width":1000,"height":1000},{"@type":"BreadcrumbList","@id":"https:\/\/www.teleclub.com.py\/index.php\/product\/gabinete-gaming-redragon-devastator-gc-550-con-cooler-rgb-mid-tower-negro\/#breadcrumb","itemListElement":[{"@type":"ListItem","position":1,"name":"Portada","item":"https:\/\/www.teleclub.com.py\/"},{"@type":"ListItem","position":2,"name":"Shop","item":"https:\/\/www.teleclub.com.py\/index.php\/shop-2\/"},{"@type":"ListItem","position":3,"name":"Gabinete Gaming Redragon Devastator GC-550 con Cooler\/RGB\/Mid-Tower &#8211; Negro"}]},{"@type":"WebSite","@id":"https:\/\/www.teleclub.com.py\/#website","url":"https:\/\/www.teleclub.com.py\/","name":"Teleclub","description":"Tu tienda online","publisher":{"@id":"https:\/\/www.teleclub.com.py\/#organization"},"potentialAction":[{"@type":"SearchAction","target":{"@type":"EntryPoint","urlTemplate":"https:\/\/www.teleclub.com.py\/?s={search_term_string}"},"query-input":{"@type":"PropertyValueSpecification","valueRequired":true,"valueName":"search_term_string"}}],"inLanguage":"es"},{"@type":"Organization","@id":"https:\/\/www.teleclub.com.py\/#organization","name":"Teleclub","url":"https:\/\/www.teleclub.com.py\/","logo":{"@type":"ImageObject","inLanguage":"es","@id":"https:\/\/www.teleclub.com.py\/#\/schema\/logo\/image\/","url":"https:\/\/www.teleclub.com.py\/wp-content\/uploads\/2024\/09\/1611317346760_TeleClub_logo_FondoBlanco-2.jpg","contentUrl":"https:\/\/www.teleclub.com.py\/wp-content\/uploads\/2024\/09\/1611317346760_TeleClub_logo_FondoBlanco-2.jpg","width":1600,"height":1600,"caption":"Teleclub"},"image":{"@id":"https:\/\/www.teleclub.com.py\/#\/schema\/logo\/image\/"},"sameAs":["https:\/\/www.facebook.com\/teleclubpy","https:\/\/www.instagram.com\/teleclubpy"]}]}},"_links":{"self":[{"href":"https:\/\/www.teleclub.com.py\/index.php\/wp-json\/wp\/v2\/product\/8245","targetHints":{"allow":["GET"]}}],"collection":[{"href":"https:\/\/www.teleclub.com.py\/index.php\/wp-json\/wp\/v2\/product"}],"about":[{"href":"https:\/\/www.teleclub.com.py\/index.php\/wp-json\/wp\/v2\/types\/product"}],"wp:featuredmedia":[{"embeddable":true,"href":"https:\/\/www.teleclub.com.py\/index.php\/wp-json\/wp\/v2\/media\/8246"}],"wp:attachment":[{"href":"https:\/\/www.teleclub.com.py\/index.php\/wp-json\/wp\/v2\/media?parent=8245"}],"wp:term":[{"taxonomy":"product_cat","embeddable":true,"href":"https:\/\/www.teleclub.com.py\/index.php\/wp-json\/wp\/v2\/product_cat?post=8245"},{"taxonomy":"product_tag","embeddable":true,"href":"https:\/\/www.teleclub.com.py\/index.php\/wp-json\/wp\/v2\/product_tag?post=8245"}],"curies":[{"name":"wp","href":"https:\/\/api.w.org\/{rel}","templated":true}]}}