{"id":8241,"date":"2024-08-27T14:00:59","date_gmt":"2024-08-27T12:00:59","guid":{"rendered":"https:\/\/www.teleclub.com.py\/?post_type=product&#038;p=8241"},"modified":"2024-08-28T15:20:27","modified_gmt":"2024-08-28T19:20:27","slug":"fuente-de-alimentacion-para-pc-redragon-rgps-gc-ps003-80-plus-bronze-atx-full-modular-600w-bivolt-negro","status":"publish","type":"product","link":"https:\/\/www.teleclub.com.py\/index.php\/product\/fuente-de-alimentacion-para-pc-redragon-rgps-gc-ps003-80-plus-bronze-atx-full-modular-600w-bivolt-negro\/","title":{"rendered":"Fuente de Alimentaci\u00f3n para PC Redragon RGPS GC-PS003 80 Plus Bronze\/ATX Full Modular\/600W\/Bivolt &#8211; Negro"},"content":{"rendered":"<p><span class=\"TextRun SCXW42649943 BCX0\" lang=\"ES-ES\" xml:lang=\"ES-ES\" data-contrast=\"auto\"><span class=\"NormalTextRun SCXW42649943 BCX0\">La\u00a0Fuente\u00a0<\/span><\/span><span class=\"TextRun SCXW42649943 BCX0\" lang=\"ES-ES\" xml:lang=\"ES-ES\" data-contrast=\"none\"><span class=\"NormalTextRun SCXW42649943 BCX0\">de Alimentaci\u00f3n<\/span><\/span><span class=\"TextRun SCXW42649943 BCX0\" lang=\"ES-ES\" xml:lang=\"ES-ES\" data-contrast=\"auto\"><span class=\"NormalTextRun SCXW42649943 BCX0\">\u00a0<\/span><span class=\"NormalTextRun SpellingErrorV2 SCXW42649943 BCX0\">Redragon<\/span><\/span><span class=\"TextRun SCXW42649943 BCX0\" lang=\"ES-ES\" xml:lang=\"ES-ES\" data-contrast=\"auto\"><span class=\"NormalTextRun SCXW42649943 BCX0\">\u00a0RGPS GC-PS003 80 Plus\u00a0<\/span><\/span><span class=\"TextRun SCXW42649943 BCX0\" lang=\"ES-ES\" xml:lang=\"ES-ES\" data-contrast=\"auto\"><span class=\"NormalTextRun SpellingErrorV2 SCXW42649943 BCX0\">Bronze<\/span><\/span><span class=\"TextRun SCXW42649943 BCX0\" lang=\"ES-ES\" xml:lang=\"ES-ES\" data-contrast=\"auto\"><span class=\"NormalTextRun SCXW42649943 BCX0\">\u00a0<\/span><\/span><span class=\"TextRun SCXW42649943 BCX0\" lang=\"ES-ES\" xml:lang=\"ES-ES\" data-contrast=\"none\"><span class=\"NormalTextRun SCXW42649943 BCX0\">Modular\u00a0<\/span><\/span><span class=\"TextRun SCXW42649943 BCX0\" lang=\"ES-ES\" xml:lang=\"ES-ES\" data-contrast=\"auto\"><span class=\"NormalTextRun SCXW42649943 BCX0\">presenta su m\u00e1s nueva l\u00ednea de fuentes de alto rendimiento, en ella encontrar\u00e1s todo lo que es fundamental para una alimentaci\u00f3n efectiva y segura de tu computadora. La eficiencia de su suministro de energ\u00eda es importante porque afecta directamente el rendimiento del sistema y su factura de energ\u00eda. Cuanto mayor sea la eficiencia de una fuente de alimentaci\u00f3n, menor ser\u00e1 la cantidad total de energ\u00eda necesaria para alimentar su sistema.\u00a0La unidad\u00a0<span class=\"NormalTextRun SpellingErrorV2 SCXW42649943 BCX0\">Redragon<\/span>\u00a0tiene un \u00edndice de eficiencia de 80 Plus\u00a0<span class=\"NormalTextRun SpellingErrorV2 SCXW42649943 BCX0\">Bronze<\/span>, lo que significa que tiene una eficiencia t\u00edpica garantizada del 85%. Un dise\u00f1o completamente modular permite quitar los cables de la fuente de alimentaci\u00f3n para una f\u00e1cil instalaci\u00f3n y extracci\u00f3n.\u00a0Tambi\u00e9n puede dejar cables innecesarios para reducir el desorden de la caja y maximizar el flujo de aire de la caja.<span class=\"EOP SCXW42649943 BCX0\" data-ccp-props=\"{&quot;201341983&quot;:0,&quot;335551550&quot;:1,&quot;335551620&quot;:1,&quot;335559739&quot;:160,&quot;335559740&quot;:259}\">\u00a0<\/span><\/span><\/span><\/p>\n","protected":false},"excerpt":{"rendered":"<ul>\n<li data-leveltext=\"\uf0b7\" data-font=\"Symbol\" data-listid=\"11\" data-aria-posinset=\"43\" data-aria-level=\"1\"><strong><span data-contrast=\"auto\">Potencia:\u00a0<\/span><\/strong>6<span data-contrast=\"auto\">00W<\/span><span data-ccp-props=\"{&quot;134233279&quot;:true,&quot;201341983&quot;:0,&quot;335551550&quot;:1,&quot;335551620&quot;:1,&quot;335559737&quot;:0,&quot;335559739&quot;:160,&quot;335559740&quot;:259}\">\u00a0<\/span><\/li>\n<li data-leveltext=\"\uf0b7\" data-font=\"Symbol\" data-listid=\"11\" data-aria-posinset=\"44\" data-aria-level=\"1\"><strong><span data-contrast=\"auto\">Certificaci\u00f3n:\u00a0<\/span><\/strong><span data-contrast=\"auto\">80 Plus\u00a0<\/span><span data-contrast=\"auto\">Bronze<\/span><span data-ccp-props=\"{&quot;134233279&quot;:true,&quot;201341983&quot;:0,&quot;335551550&quot;:1,&quot;335551620&quot;:1,&quot;335559737&quot;:0,&quot;335559739&quot;:160,&quot;335559740&quot;:259}\">\u00a0<\/span><\/li>\n<li data-leveltext=\"\uf0b7\" data-font=\"Symbol\" data-listid=\"11\" data-aria-posinset=\"45\" data-aria-level=\"1\"><strong><span data-contrast=\"auto\">Conector:<\/span><\/strong><span data-contrast=\"auto\">\u00a024P (20 + 4) x 1, IDE x 3, SATA x 6, PCI-E 8P (6 + 2) x 2, CPU 8P (4 + 4) x 1<\/span><span data-ccp-props=\"{&quot;134233279&quot;:true,&quot;201341983&quot;:0,&quot;335551550&quot;:1,&quot;335551620&quot;:1,&quot;335559737&quot;:0,&quot;335559739&quot;:160,&quot;335559740&quot;:259}\">\u00a0<\/span><\/li>\n<li data-leveltext=\"\uf0b7\" data-font=\"Symbol\" data-listid=\"11\" data-aria-posinset=\"46\" data-aria-level=\"1\"><strong><span data-contrast=\"auto\">Longitud del cable (exterior):<\/span><\/strong><span data-contrast=\"auto\">\u00a0500 mm<\/span><span data-ccp-props=\"{&quot;134233279&quot;:true,&quot;201341983&quot;:0,&quot;335551550&quot;:1,&quot;335551620&quot;:1,&quot;335559737&quot;:0,&quot;335559739&quot;:160,&quot;335559740&quot;:259}\">\u00a0<\/span><\/li>\n<li data-leveltext=\"\uf0b7\" data-font=\"Symbol\" data-listid=\"11\" data-aria-posinset=\"47\" data-aria-level=\"1\"><strong><span data-contrast=\"none\">Interruptor de E\/S:<\/span><\/strong><span data-contrast=\"none\">\u00a0S\u00ed<\/span><span data-ccp-props=\"{&quot;134233279&quot;:true,&quot;201341983&quot;:0,&quot;335551550&quot;:1,&quot;335551620&quot;:1,&quot;335559737&quot;:0,&quot;335559739&quot;:160,&quot;335559740&quot;:259}\">\u00a0<\/span><\/li>\n<\/ul>\n","protected":false},"featured_media":8242,"template":"","meta":{"om_disable_all_campaigns":false},"product_cat":[357,405],"product_tag":[],"class_list":{"0":"post-8241","1":"product","2":"type-product","3":"status-publish","4":"has-post-thumbnail","6":"product_cat-componentes","7":"product_cat-zona-gaming","9":"first","10":"instock","11":"shipping-taxable","12":"purchasable","13":"product-type-simple"},"yoast_head":"<!-- This site is optimized with the Yoast SEO plugin v23.6 - https:\/\/yoast.com\/wordpress\/plugins\/seo\/ -->\n<title>Fuente de Alimentaci\u00f3n para PC Redragon RGPS GC-PS003 80 Plus Bronze\/ATX Full Modular\/600W\/Bivolt - Negro - Teleclub<\/title>\n<meta name=\"robots\" content=\"index, follow, max-snippet:-1, max-image-preview:large, max-video-preview:-1\" \/>\n<link rel=\"canonical\" href=\"https:\/\/www.teleclub.com.py\/index.php\/product\/fuente-de-alimentacion-para-pc-redragon-rgps-gc-ps003-80-plus-bronze-atx-full-modular-600w-bivolt-negro\/\" \/>\n<meta property=\"og:locale\" content=\"es_ES\" \/>\n<meta property=\"og:type\" content=\"article\" \/>\n<meta property=\"og:title\" content=\"Fuente de Alimentaci\u00f3n para PC Redragon RGPS GC-PS003 80 Plus Bronze\/ATX Full Modular\/600W\/Bivolt - Negro - Teleclub\" \/>\n<meta property=\"og:description\" content=\"Potencia:\u00a0600W\u00a0  Certificaci\u00f3n:\u00a080 Plus\u00a0Bronze\u00a0  Conector:\u00a024P (20 + 4) x 1, IDE x 3, SATA x 6, PCI-E 8P (6 + 2) x 2, CPU 8P (4 + 4) x 1\u00a0  Longitud del cable (exterior):\u00a0500 mm\u00a0  Interruptor de E\/S:\u00a0S\u00ed\u00a0\" \/>\n<meta property=\"og:url\" content=\"https:\/\/www.teleclub.com.py\/index.php\/product\/fuente-de-alimentacion-para-pc-redragon-rgps-gc-ps003-80-plus-bronze-atx-full-modular-600w-bivolt-negro\/\" \/>\n<meta property=\"og:site_name\" content=\"Teleclub\" \/>\n<meta property=\"article:publisher\" content=\"https:\/\/www.facebook.com\/teleclubpy\" \/>\n<meta property=\"article:modified_time\" content=\"2024-08-28T19:20:27+00:00\" \/>\n<meta property=\"og:image\" content=\"https:\/\/www.teleclub.com.py\/wp-content\/uploads\/2024\/08\/a-160.png\" \/>\n\t<meta property=\"og:image:width\" content=\"1200\" \/>\n\t<meta property=\"og:image:height\" content=\"1200\" \/>\n\t<meta property=\"og:image:type\" content=\"image\/png\" \/>\n<meta name=\"twitter:card\" content=\"summary_large_image\" \/>\n<meta name=\"twitter:label1\" content=\"Tiempo de lectura\" \/>\n\t<meta name=\"twitter:data1\" content=\"1 minuto\" \/>\n<script type=\"application\/ld+json\" class=\"yoast-schema-graph\">{\"@context\":\"https:\/\/schema.org\",\"@graph\":[{\"@type\":\"WebPage\",\"@id\":\"https:\/\/www.teleclub.com.py\/index.php\/product\/fuente-de-alimentacion-para-pc-redragon-rgps-gc-ps003-80-plus-bronze-atx-full-modular-600w-bivolt-negro\/\",\"url\":\"https:\/\/www.teleclub.com.py\/index.php\/product\/fuente-de-alimentacion-para-pc-redragon-rgps-gc-ps003-80-plus-bronze-atx-full-modular-600w-bivolt-negro\/\",\"name\":\"Fuente de Alimentaci\u00f3n para PC Redragon RGPS GC-PS003 80 Plus Bronze\/ATX Full Modular\/600W\/Bivolt - Negro - Teleclub\",\"isPartOf\":{\"@id\":\"https:\/\/www.teleclub.com.py\/#website\"},\"primaryImageOfPage\":{\"@id\":\"https:\/\/www.teleclub.com.py\/index.php\/product\/fuente-de-alimentacion-para-pc-redragon-rgps-gc-ps003-80-plus-bronze-atx-full-modular-600w-bivolt-negro\/#primaryimage\"},\"image\":{\"@id\":\"https:\/\/www.teleclub.com.py\/index.php\/product\/fuente-de-alimentacion-para-pc-redragon-rgps-gc-ps003-80-plus-bronze-atx-full-modular-600w-bivolt-negro\/#primaryimage\"},\"thumbnailUrl\":\"https:\/\/www.teleclub.com.py\/wp-content\/uploads\/2024\/08\/a-160.png\",\"datePublished\":\"2024-08-27T12:00:59+00:00\",\"dateModified\":\"2024-08-28T19:20:27+00:00\",\"breadcrumb\":{\"@id\":\"https:\/\/www.teleclub.com.py\/index.php\/product\/fuente-de-alimentacion-para-pc-redragon-rgps-gc-ps003-80-plus-bronze-atx-full-modular-600w-bivolt-negro\/#breadcrumb\"},\"inLanguage\":\"es\",\"potentialAction\":[{\"@type\":\"ReadAction\",\"target\":[\"https:\/\/www.teleclub.com.py\/index.php\/product\/fuente-de-alimentacion-para-pc-redragon-rgps-gc-ps003-80-plus-bronze-atx-full-modular-600w-bivolt-negro\/\"]}]},{\"@type\":\"ImageObject\",\"inLanguage\":\"es\",\"@id\":\"https:\/\/www.teleclub.com.py\/index.php\/product\/fuente-de-alimentacion-para-pc-redragon-rgps-gc-ps003-80-plus-bronze-atx-full-modular-600w-bivolt-negro\/#primaryimage\",\"url\":\"https:\/\/www.teleclub.com.py\/wp-content\/uploads\/2024\/08\/a-160.png\",\"contentUrl\":\"https:\/\/www.teleclub.com.py\/wp-content\/uploads\/2024\/08\/a-160.png\",\"width\":1200,\"height\":1200},{\"@type\":\"BreadcrumbList\",\"@id\":\"https:\/\/www.teleclub.com.py\/index.php\/product\/fuente-de-alimentacion-para-pc-redragon-rgps-gc-ps003-80-plus-bronze-atx-full-modular-600w-bivolt-negro\/#breadcrumb\",\"itemListElement\":[{\"@type\":\"ListItem\",\"position\":1,\"name\":\"Portada\",\"item\":\"https:\/\/www.teleclub.com.py\/\"},{\"@type\":\"ListItem\",\"position\":2,\"name\":\"Shop\",\"item\":\"https:\/\/www.teleclub.com.py\/index.php\/shop-2\/\"},{\"@type\":\"ListItem\",\"position\":3,\"name\":\"Fuente de Alimentaci\u00f3n para PC Redragon RGPS GC-PS003 80 Plus Bronze\/ATX Full Modular\/600W\/Bivolt &#8211; Negro\"}]},{\"@type\":\"WebSite\",\"@id\":\"https:\/\/www.teleclub.com.py\/#website\",\"url\":\"https:\/\/www.teleclub.com.py\/\",\"name\":\"Teleclub\",\"description\":\"Tu tienda online\",\"publisher\":{\"@id\":\"https:\/\/www.teleclub.com.py\/#organization\"},\"potentialAction\":[{\"@type\":\"SearchAction\",\"target\":{\"@type\":\"EntryPoint\",\"urlTemplate\":\"https:\/\/www.teleclub.com.py\/?s={search_term_string}\"},\"query-input\":{\"@type\":\"PropertyValueSpecification\",\"valueRequired\":true,\"valueName\":\"search_term_string\"}}],\"inLanguage\":\"es\"},{\"@type\":\"Organization\",\"@id\":\"https:\/\/www.teleclub.com.py\/#organization\",\"name\":\"Teleclub\",\"url\":\"https:\/\/www.teleclub.com.py\/\",\"logo\":{\"@type\":\"ImageObject\",\"inLanguage\":\"es\",\"@id\":\"https:\/\/www.teleclub.com.py\/#\/schema\/logo\/image\/\",\"url\":\"https:\/\/www.teleclub.com.py\/wp-content\/uploads\/2024\/09\/1611317346760_TeleClub_logo_FondoBlanco-2.jpg\",\"contentUrl\":\"https:\/\/www.teleclub.com.py\/wp-content\/uploads\/2024\/09\/1611317346760_TeleClub_logo_FondoBlanco-2.jpg\",\"width\":1600,\"height\":1600,\"caption\":\"Teleclub\"},\"image\":{\"@id\":\"https:\/\/www.teleclub.com.py\/#\/schema\/logo\/image\/\"},\"sameAs\":[\"https:\/\/www.facebook.com\/teleclubpy\",\"https:\/\/www.instagram.com\/teleclubpy\"]}]}<\/script>\n<!-- \/ Yoast SEO plugin. -->","yoast_head_json":{"title":"Fuente de Alimentaci\u00f3n para PC Redragon RGPS GC-PS003 80 Plus Bronze\/ATX Full Modular\/600W\/Bivolt - Negro - Teleclub","robots":{"index":"index","follow":"follow","max-snippet":"max-snippet:-1","max-image-preview":"max-image-preview:large","max-video-preview":"max-video-preview:-1"},"canonical":"https:\/\/www.teleclub.com.py\/index.php\/product\/fuente-de-alimentacion-para-pc-redragon-rgps-gc-ps003-80-plus-bronze-atx-full-modular-600w-bivolt-negro\/","og_locale":"es_ES","og_type":"article","og_title":"Fuente de Alimentaci\u00f3n para PC Redragon RGPS GC-PS003 80 Plus Bronze\/ATX Full Modular\/600W\/Bivolt - Negro - Teleclub","og_description":"Potencia:\u00a0600W\u00a0  Certificaci\u00f3n:\u00a080 Plus\u00a0Bronze\u00a0  Conector:\u00a024P (20 + 4) x 1, IDE x 3, SATA x 6, PCI-E 8P (6 + 2) x 2, CPU 8P (4 + 4) x 1\u00a0  Longitud del cable (exterior):\u00a0500 mm\u00a0  Interruptor de E\/S:\u00a0S\u00ed\u00a0","og_url":"https:\/\/www.teleclub.com.py\/index.php\/product\/fuente-de-alimentacion-para-pc-redragon-rgps-gc-ps003-80-plus-bronze-atx-full-modular-600w-bivolt-negro\/","og_site_name":"Teleclub","article_publisher":"https:\/\/www.facebook.com\/teleclubpy","article_modified_time":"2024-08-28T19:20:27+00:00","og_image":[{"width":1200,"height":1200,"url":"https:\/\/www.teleclub.com.py\/wp-content\/uploads\/2024\/08\/a-160.png","type":"image\/png"}],"twitter_card":"summary_large_image","twitter_misc":{"Tiempo de lectura":"1 minuto"},"schema":{"@context":"https:\/\/schema.org","@graph":[{"@type":"WebPage","@id":"https:\/\/www.teleclub.com.py\/index.php\/product\/fuente-de-alimentacion-para-pc-redragon-rgps-gc-ps003-80-plus-bronze-atx-full-modular-600w-bivolt-negro\/","url":"https:\/\/www.teleclub.com.py\/index.php\/product\/fuente-de-alimentacion-para-pc-redragon-rgps-gc-ps003-80-plus-bronze-atx-full-modular-600w-bivolt-negro\/","name":"Fuente de Alimentaci\u00f3n para PC Redragon RGPS GC-PS003 80 Plus Bronze\/ATX Full Modular\/600W\/Bivolt - Negro - Teleclub","isPartOf":{"@id":"https:\/\/www.teleclub.com.py\/#website"},"primaryImageOfPage":{"@id":"https:\/\/www.teleclub.com.py\/index.php\/product\/fuente-de-alimentacion-para-pc-redragon-rgps-gc-ps003-80-plus-bronze-atx-full-modular-600w-bivolt-negro\/#primaryimage"},"image":{"@id":"https:\/\/www.teleclub.com.py\/index.php\/product\/fuente-de-alimentacion-para-pc-redragon-rgps-gc-ps003-80-plus-bronze-atx-full-modular-600w-bivolt-negro\/#primaryimage"},"thumbnailUrl":"https:\/\/www.teleclub.com.py\/wp-content\/uploads\/2024\/08\/a-160.png","datePublished":"2024-08-27T12:00:59+00:00","dateModified":"2024-08-28T19:20:27+00:00","breadcrumb":{"@id":"https:\/\/www.teleclub.com.py\/index.php\/product\/fuente-de-alimentacion-para-pc-redragon-rgps-gc-ps003-80-plus-bronze-atx-full-modular-600w-bivolt-negro\/#breadcrumb"},"inLanguage":"es","potentialAction":[{"@type":"ReadAction","target":["https:\/\/www.teleclub.com.py\/index.php\/product\/fuente-de-alimentacion-para-pc-redragon-rgps-gc-ps003-80-plus-bronze-atx-full-modular-600w-bivolt-negro\/"]}]},{"@type":"ImageObject","inLanguage":"es","@id":"https:\/\/www.teleclub.com.py\/index.php\/product\/fuente-de-alimentacion-para-pc-redragon-rgps-gc-ps003-80-plus-bronze-atx-full-modular-600w-bivolt-negro\/#primaryimage","url":"https:\/\/www.teleclub.com.py\/wp-content\/uploads\/2024\/08\/a-160.png","contentUrl":"https:\/\/www.teleclub.com.py\/wp-content\/uploads\/2024\/08\/a-160.png","width":1200,"height":1200},{"@type":"BreadcrumbList","@id":"https:\/\/www.teleclub.com.py\/index.php\/product\/fuente-de-alimentacion-para-pc-redragon-rgps-gc-ps003-80-plus-bronze-atx-full-modular-600w-bivolt-negro\/#breadcrumb","itemListElement":[{"@type":"ListItem","position":1,"name":"Portada","item":"https:\/\/www.teleclub.com.py\/"},{"@type":"ListItem","position":2,"name":"Shop","item":"https:\/\/www.teleclub.com.py\/index.php\/shop-2\/"},{"@type":"ListItem","position":3,"name":"Fuente de Alimentaci\u00f3n para PC Redragon RGPS GC-PS003 80 Plus Bronze\/ATX Full Modular\/600W\/Bivolt &#8211; Negro"}]},{"@type":"WebSite","@id":"https:\/\/www.teleclub.com.py\/#website","url":"https:\/\/www.teleclub.com.py\/","name":"Teleclub","description":"Tu tienda online","publisher":{"@id":"https:\/\/www.teleclub.com.py\/#organization"},"potentialAction":[{"@type":"SearchAction","target":{"@type":"EntryPoint","urlTemplate":"https:\/\/www.teleclub.com.py\/?s={search_term_string}"},"query-input":{"@type":"PropertyValueSpecification","valueRequired":true,"valueName":"search_term_string"}}],"inLanguage":"es"},{"@type":"Organization","@id":"https:\/\/www.teleclub.com.py\/#organization","name":"Teleclub","url":"https:\/\/www.teleclub.com.py\/","logo":{"@type":"ImageObject","inLanguage":"es","@id":"https:\/\/www.teleclub.com.py\/#\/schema\/logo\/image\/","url":"https:\/\/www.teleclub.com.py\/wp-content\/uploads\/2024\/09\/1611317346760_TeleClub_logo_FondoBlanco-2.jpg","contentUrl":"https:\/\/www.teleclub.com.py\/wp-content\/uploads\/2024\/09\/1611317346760_TeleClub_logo_FondoBlanco-2.jpg","width":1600,"height":1600,"caption":"Teleclub"},"image":{"@id":"https:\/\/www.teleclub.com.py\/#\/schema\/logo\/image\/"},"sameAs":["https:\/\/www.facebook.com\/teleclubpy","https:\/\/www.instagram.com\/teleclubpy"]}]}},"_links":{"self":[{"href":"https:\/\/www.teleclub.com.py\/index.php\/wp-json\/wp\/v2\/product\/8241","targetHints":{"allow":["GET"]}}],"collection":[{"href":"https:\/\/www.teleclub.com.py\/index.php\/wp-json\/wp\/v2\/product"}],"about":[{"href":"https:\/\/www.teleclub.com.py\/index.php\/wp-json\/wp\/v2\/types\/product"}],"wp:featuredmedia":[{"embeddable":true,"href":"https:\/\/www.teleclub.com.py\/index.php\/wp-json\/wp\/v2\/media\/8242"}],"wp:attachment":[{"href":"https:\/\/www.teleclub.com.py\/index.php\/wp-json\/wp\/v2\/media?parent=8241"}],"wp:term":[{"taxonomy":"product_cat","embeddable":true,"href":"https:\/\/www.teleclub.com.py\/index.php\/wp-json\/wp\/v2\/product_cat?post=8241"},{"taxonomy":"product_tag","embeddable":true,"href":"https:\/\/www.teleclub.com.py\/index.php\/wp-json\/wp\/v2\/product_tag?post=8241"}],"curies":[{"name":"wp","href":"https:\/\/api.w.org\/{rel}","templated":true}]}}