{"id":8228,"date":"2024-08-27T13:39:29","date_gmt":"2024-08-27T11:39:29","guid":{"rendered":"https:\/\/www.teleclub.com.py\/?post_type=product&#038;p=8228"},"modified":"2024-08-28T15:20:47","modified_gmt":"2024-08-28T19:20:47","slug":"mouse-pad-gaming-redragon-p030-flick-m-de-320x270-mm-negro","status":"publish","type":"product","link":"https:\/\/www.teleclub.com.py\/index.php\/product\/mouse-pad-gaming-redragon-p030-flick-m-de-320x270-mm-negro\/","title":{"rendered":"Mouse Pad Gaming Redragon P030 Flick M de 320&#215;270 mm &#8211; Negro"},"content":{"rendered":"<p>El mouse pad Redragon Flick M P030 M tiene un dise\u00f1o fino ofrece una experiencia de juego con m\u00e1s c\u00f3modo con una superficie de tejido de fibras de seda entrelazadas que garantiza un deslizamiento m\u00e1ximo, con fondo engomado antideslizante y adaptable a cualquier superficie. Adem\u00e1s, es resistente al agua y es f\u00e1cil de limpiar y los bordes est\u00e1n cosidos con doble costura para evitar que se deshilachen.<\/p>\n","protected":false},"excerpt":{"rendered":"<ul>\n<li><strong>Dise\u00f1o:<\/strong>\u00a0Duradero y resistente<\/li>\n<li><strong>Base de goma:<\/strong>\u00a0Antideslizante<\/li>\n<li><strong>Dimensiones:<\/strong>\u00a027\u00a0x 32 x 0.3 cm<\/li>\n<li><strong>Para Mouse:<\/strong>\u00a0\u00d3ptico y L\u00e1ser<\/li>\n<\/ul>\n","protected":false},"featured_media":8229,"template":"","meta":{"om_disable_all_campaigns":false},"product_cat":[359,405],"product_tag":[],"class_list":{"0":"post-8228","1":"product","2":"type-product","3":"status-publish","4":"has-post-thumbnail","6":"product_cat-accesorios-informatica-electronica","7":"product_cat-zona-gaming","9":"first","10":"instock","11":"shipping-taxable","12":"purchasable","13":"product-type-simple"},"yoast_head":"<!-- This site is optimized with the Yoast SEO plugin v23.6 - https:\/\/yoast.com\/wordpress\/plugins\/seo\/ -->\n<title>Mouse Pad Gaming Redragon P030 Flick M de 320x270 mm - Negro - Teleclub<\/title>\n<meta name=\"robots\" content=\"index, follow, max-snippet:-1, max-image-preview:large, max-video-preview:-1\" \/>\n<link rel=\"canonical\" href=\"https:\/\/www.teleclub.com.py\/index.php\/product\/mouse-pad-gaming-redragon-p030-flick-m-de-320x270-mm-negro\/\" \/>\n<meta property=\"og:locale\" content=\"es_ES\" \/>\n<meta property=\"og:type\" content=\"article\" \/>\n<meta property=\"og:title\" content=\"Mouse Pad Gaming Redragon P030 Flick M de 320x270 mm - Negro - Teleclub\" \/>\n<meta property=\"og:description\" content=\"Dise\u00f1o:\u00a0Duradero y resistente  Base de goma:\u00a0Antideslizante  Dimensiones:\u00a027\u00a0x 32 x 0.3 cm  Para Mouse:\u00a0\u00d3ptico y L\u00e1ser\" \/>\n<meta property=\"og:url\" content=\"https:\/\/www.teleclub.com.py\/index.php\/product\/mouse-pad-gaming-redragon-p030-flick-m-de-320x270-mm-negro\/\" \/>\n<meta property=\"og:site_name\" content=\"Teleclub\" \/>\n<meta property=\"article:publisher\" content=\"https:\/\/www.facebook.com\/teleclubpy\" \/>\n<meta property=\"article:modified_time\" content=\"2024-08-28T19:20:47+00:00\" \/>\n<meta property=\"og:image\" content=\"https:\/\/www.teleclub.com.py\/wp-content\/uploads\/2024\/08\/a-151.png\" \/>\n\t<meta property=\"og:image:width\" content=\"616\" \/>\n\t<meta property=\"og:image:height\" content=\"616\" \/>\n\t<meta property=\"og:image:type\" content=\"image\/png\" \/>\n<meta name=\"twitter:card\" content=\"summary_large_image\" \/>\n<script type=\"application\/ld+json\" class=\"yoast-schema-graph\">{\"@context\":\"https:\/\/schema.org\",\"@graph\":[{\"@type\":\"WebPage\",\"@id\":\"https:\/\/www.teleclub.com.py\/index.php\/product\/mouse-pad-gaming-redragon-p030-flick-m-de-320x270-mm-negro\/\",\"url\":\"https:\/\/www.teleclub.com.py\/index.php\/product\/mouse-pad-gaming-redragon-p030-flick-m-de-320x270-mm-negro\/\",\"name\":\"Mouse Pad Gaming Redragon P030 Flick M de 320x270 mm - Negro - Teleclub\",\"isPartOf\":{\"@id\":\"https:\/\/www.teleclub.com.py\/#website\"},\"primaryImageOfPage\":{\"@id\":\"https:\/\/www.teleclub.com.py\/index.php\/product\/mouse-pad-gaming-redragon-p030-flick-m-de-320x270-mm-negro\/#primaryimage\"},\"image\":{\"@id\":\"https:\/\/www.teleclub.com.py\/index.php\/product\/mouse-pad-gaming-redragon-p030-flick-m-de-320x270-mm-negro\/#primaryimage\"},\"thumbnailUrl\":\"https:\/\/www.teleclub.com.py\/wp-content\/uploads\/2024\/08\/a-151.png\",\"datePublished\":\"2024-08-27T11:39:29+00:00\",\"dateModified\":\"2024-08-28T19:20:47+00:00\",\"breadcrumb\":{\"@id\":\"https:\/\/www.teleclub.com.py\/index.php\/product\/mouse-pad-gaming-redragon-p030-flick-m-de-320x270-mm-negro\/#breadcrumb\"},\"inLanguage\":\"es\",\"potentialAction\":[{\"@type\":\"ReadAction\",\"target\":[\"https:\/\/www.teleclub.com.py\/index.php\/product\/mouse-pad-gaming-redragon-p030-flick-m-de-320x270-mm-negro\/\"]}]},{\"@type\":\"ImageObject\",\"inLanguage\":\"es\",\"@id\":\"https:\/\/www.teleclub.com.py\/index.php\/product\/mouse-pad-gaming-redragon-p030-flick-m-de-320x270-mm-negro\/#primaryimage\",\"url\":\"https:\/\/www.teleclub.com.py\/wp-content\/uploads\/2024\/08\/a-151.png\",\"contentUrl\":\"https:\/\/www.teleclub.com.py\/wp-content\/uploads\/2024\/08\/a-151.png\",\"width\":616,\"height\":616},{\"@type\":\"BreadcrumbList\",\"@id\":\"https:\/\/www.teleclub.com.py\/index.php\/product\/mouse-pad-gaming-redragon-p030-flick-m-de-320x270-mm-negro\/#breadcrumb\",\"itemListElement\":[{\"@type\":\"ListItem\",\"position\":1,\"name\":\"Portada\",\"item\":\"https:\/\/www.teleclub.com.py\/\"},{\"@type\":\"ListItem\",\"position\":2,\"name\":\"Shop\",\"item\":\"https:\/\/www.teleclub.com.py\/index.php\/shop-2\/\"},{\"@type\":\"ListItem\",\"position\":3,\"name\":\"Mouse Pad Gaming Redragon P030 Flick M de 320&#215;270 mm &#8211; Negro\"}]},{\"@type\":\"WebSite\",\"@id\":\"https:\/\/www.teleclub.com.py\/#website\",\"url\":\"https:\/\/www.teleclub.com.py\/\",\"name\":\"Teleclub\",\"description\":\"Tu tienda online\",\"publisher\":{\"@id\":\"https:\/\/www.teleclub.com.py\/#organization\"},\"potentialAction\":[{\"@type\":\"SearchAction\",\"target\":{\"@type\":\"EntryPoint\",\"urlTemplate\":\"https:\/\/www.teleclub.com.py\/?s={search_term_string}\"},\"query-input\":{\"@type\":\"PropertyValueSpecification\",\"valueRequired\":true,\"valueName\":\"search_term_string\"}}],\"inLanguage\":\"es\"},{\"@type\":\"Organization\",\"@id\":\"https:\/\/www.teleclub.com.py\/#organization\",\"name\":\"Teleclub\",\"url\":\"https:\/\/www.teleclub.com.py\/\",\"logo\":{\"@type\":\"ImageObject\",\"inLanguage\":\"es\",\"@id\":\"https:\/\/www.teleclub.com.py\/#\/schema\/logo\/image\/\",\"url\":\"https:\/\/www.teleclub.com.py\/wp-content\/uploads\/2024\/09\/1611317346760_TeleClub_logo_FondoBlanco-2.jpg\",\"contentUrl\":\"https:\/\/www.teleclub.com.py\/wp-content\/uploads\/2024\/09\/1611317346760_TeleClub_logo_FondoBlanco-2.jpg\",\"width\":1600,\"height\":1600,\"caption\":\"Teleclub\"},\"image\":{\"@id\":\"https:\/\/www.teleclub.com.py\/#\/schema\/logo\/image\/\"},\"sameAs\":[\"https:\/\/www.facebook.com\/teleclubpy\",\"https:\/\/www.instagram.com\/teleclubpy\"]}]}<\/script>\n<!-- \/ Yoast SEO plugin. -->","yoast_head_json":{"title":"Mouse Pad Gaming Redragon P030 Flick M de 320x270 mm - Negro - Teleclub","robots":{"index":"index","follow":"follow","max-snippet":"max-snippet:-1","max-image-preview":"max-image-preview:large","max-video-preview":"max-video-preview:-1"},"canonical":"https:\/\/www.teleclub.com.py\/index.php\/product\/mouse-pad-gaming-redragon-p030-flick-m-de-320x270-mm-negro\/","og_locale":"es_ES","og_type":"article","og_title":"Mouse Pad Gaming Redragon P030 Flick M de 320x270 mm - Negro - Teleclub","og_description":"Dise\u00f1o:\u00a0Duradero y resistente  Base de goma:\u00a0Antideslizante  Dimensiones:\u00a027\u00a0x 32 x 0.3 cm  Para Mouse:\u00a0\u00d3ptico y L\u00e1ser","og_url":"https:\/\/www.teleclub.com.py\/index.php\/product\/mouse-pad-gaming-redragon-p030-flick-m-de-320x270-mm-negro\/","og_site_name":"Teleclub","article_publisher":"https:\/\/www.facebook.com\/teleclubpy","article_modified_time":"2024-08-28T19:20:47+00:00","og_image":[{"width":616,"height":616,"url":"https:\/\/www.teleclub.com.py\/wp-content\/uploads\/2024\/08\/a-151.png","type":"image\/png"}],"twitter_card":"summary_large_image","schema":{"@context":"https:\/\/schema.org","@graph":[{"@type":"WebPage","@id":"https:\/\/www.teleclub.com.py\/index.php\/product\/mouse-pad-gaming-redragon-p030-flick-m-de-320x270-mm-negro\/","url":"https:\/\/www.teleclub.com.py\/index.php\/product\/mouse-pad-gaming-redragon-p030-flick-m-de-320x270-mm-negro\/","name":"Mouse Pad Gaming Redragon P030 Flick M de 320x270 mm - Negro - Teleclub","isPartOf":{"@id":"https:\/\/www.teleclub.com.py\/#website"},"primaryImageOfPage":{"@id":"https:\/\/www.teleclub.com.py\/index.php\/product\/mouse-pad-gaming-redragon-p030-flick-m-de-320x270-mm-negro\/#primaryimage"},"image":{"@id":"https:\/\/www.teleclub.com.py\/index.php\/product\/mouse-pad-gaming-redragon-p030-flick-m-de-320x270-mm-negro\/#primaryimage"},"thumbnailUrl":"https:\/\/www.teleclub.com.py\/wp-content\/uploads\/2024\/08\/a-151.png","datePublished":"2024-08-27T11:39:29+00:00","dateModified":"2024-08-28T19:20:47+00:00","breadcrumb":{"@id":"https:\/\/www.teleclub.com.py\/index.php\/product\/mouse-pad-gaming-redragon-p030-flick-m-de-320x270-mm-negro\/#breadcrumb"},"inLanguage":"es","potentialAction":[{"@type":"ReadAction","target":["https:\/\/www.teleclub.com.py\/index.php\/product\/mouse-pad-gaming-redragon-p030-flick-m-de-320x270-mm-negro\/"]}]},{"@type":"ImageObject","inLanguage":"es","@id":"https:\/\/www.teleclub.com.py\/index.php\/product\/mouse-pad-gaming-redragon-p030-flick-m-de-320x270-mm-negro\/#primaryimage","url":"https:\/\/www.teleclub.com.py\/wp-content\/uploads\/2024\/08\/a-151.png","contentUrl":"https:\/\/www.teleclub.com.py\/wp-content\/uploads\/2024\/08\/a-151.png","width":616,"height":616},{"@type":"BreadcrumbList","@id":"https:\/\/www.teleclub.com.py\/index.php\/product\/mouse-pad-gaming-redragon-p030-flick-m-de-320x270-mm-negro\/#breadcrumb","itemListElement":[{"@type":"ListItem","position":1,"name":"Portada","item":"https:\/\/www.teleclub.com.py\/"},{"@type":"ListItem","position":2,"name":"Shop","item":"https:\/\/www.teleclub.com.py\/index.php\/shop-2\/"},{"@type":"ListItem","position":3,"name":"Mouse Pad Gaming Redragon P030 Flick M de 320&#215;270 mm &#8211; Negro"}]},{"@type":"WebSite","@id":"https:\/\/www.teleclub.com.py\/#website","url":"https:\/\/www.teleclub.com.py\/","name":"Teleclub","description":"Tu tienda online","publisher":{"@id":"https:\/\/www.teleclub.com.py\/#organization"},"potentialAction":[{"@type":"SearchAction","target":{"@type":"EntryPoint","urlTemplate":"https:\/\/www.teleclub.com.py\/?s={search_term_string}"},"query-input":{"@type":"PropertyValueSpecification","valueRequired":true,"valueName":"search_term_string"}}],"inLanguage":"es"},{"@type":"Organization","@id":"https:\/\/www.teleclub.com.py\/#organization","name":"Teleclub","url":"https:\/\/www.teleclub.com.py\/","logo":{"@type":"ImageObject","inLanguage":"es","@id":"https:\/\/www.teleclub.com.py\/#\/schema\/logo\/image\/","url":"https:\/\/www.teleclub.com.py\/wp-content\/uploads\/2024\/09\/1611317346760_TeleClub_logo_FondoBlanco-2.jpg","contentUrl":"https:\/\/www.teleclub.com.py\/wp-content\/uploads\/2024\/09\/1611317346760_TeleClub_logo_FondoBlanco-2.jpg","width":1600,"height":1600,"caption":"Teleclub"},"image":{"@id":"https:\/\/www.teleclub.com.py\/#\/schema\/logo\/image\/"},"sameAs":["https:\/\/www.facebook.com\/teleclubpy","https:\/\/www.instagram.com\/teleclubpy"]}]}},"_links":{"self":[{"href":"https:\/\/www.teleclub.com.py\/index.php\/wp-json\/wp\/v2\/product\/8228","targetHints":{"allow":["GET"]}}],"collection":[{"href":"https:\/\/www.teleclub.com.py\/index.php\/wp-json\/wp\/v2\/product"}],"about":[{"href":"https:\/\/www.teleclub.com.py\/index.php\/wp-json\/wp\/v2\/types\/product"}],"wp:featuredmedia":[{"embeddable":true,"href":"https:\/\/www.teleclub.com.py\/index.php\/wp-json\/wp\/v2\/media\/8229"}],"wp:attachment":[{"href":"https:\/\/www.teleclub.com.py\/index.php\/wp-json\/wp\/v2\/media?parent=8228"}],"wp:term":[{"taxonomy":"product_cat","embeddable":true,"href":"https:\/\/www.teleclub.com.py\/index.php\/wp-json\/wp\/v2\/product_cat?post=8228"},{"taxonomy":"product_tag","embeddable":true,"href":"https:\/\/www.teleclub.com.py\/index.php\/wp-json\/wp\/v2\/product_tag?post=8228"}],"curies":[{"name":"wp","href":"https:\/\/api.w.org\/{rel}","templated":true}]}}