{"id":8219,"date":"2024-08-27T13:12:21","date_gmt":"2024-08-27T11:12:21","guid":{"rendered":"https:\/\/www.teleclub.com.py\/?post_type=product&#038;p=8219"},"modified":"2024-08-28T15:21:11","modified_gmt":"2024-08-28T19:21:11","slug":"presentador-laser-inalambrico-quanta-ecoconnect-qtplr10-usb-pila-100mt-negro","status":"publish","type":"product","link":"https:\/\/www.teleclub.com.py\/index.php\/product\/presentador-laser-inalambrico-quanta-ecoconnect-qtplr10-usb-pila-100mt-negro\/","title":{"rendered":"Presentador L\u00e1ser Inal\u00e1mbrico Quanta EcoConnect QTPLR10 USB\/Pila\/100Mt &#8211; Negro"},"content":{"rendered":"<p>Descubre el poder de la presentaci\u00f3n con el Presentador Inal\u00e1mbrico con L\u00e1ser Recargable QTPLR10. Dise\u00f1ado para ofrecerte una experiencia de uso inigualable, este presentador combina comodidad, eficiencia y tecnolog\u00eda avanzada para asegurar que cada presentaci\u00f3n sea un \u00e9xito rotundo.<\/p>\n<p>Configuraciones de uso TAB (Clic \u00fanico) \/ Enter (Clic doble) \/ Hiperenlace (ALT+TAB) para una navegaci\u00f3n f\u00e1cil y fluida.<\/p>\n<p>Ahorro de energ\u00eda. Se activa el modo de descanso despu\u00e9s de 10 segundos de inactividad para maximizar la duraci\u00f3n de la bater\u00eda.<\/p>\n","protected":false},"excerpt":{"rendered":"<ul>\n<li><strong>Recargable:\u00a0<\/strong>Olv\u00eddate de las bater\u00edas desechables<\/li>\n<li><strong>Frecuencia:\u00a0<\/strong>2.4 GHz para una conexi\u00f3n estable y sin interrupciones<\/li>\n<li><strong>Bater\u00eda:\u00a0<\/strong>360mAh para largas sesiones de presentaci\u00f3n<\/li>\n<li><strong>Distancia del control y l\u00e1ser:<\/strong>\u00a0Hasta 100 metros, permiti\u00e9ndote moverte libremente<\/li>\n<li><strong>Incluye:\u00a0<\/strong>Cable USB de 50cm para una recarga r\u00e1pida y conveniente<\/li>\n<\/ul>\n","protected":false},"featured_media":8220,"template":"","meta":{"om_disable_all_campaigns":false},"product_cat":[359],"product_tag":[],"class_list":{"0":"post-8219","1":"product","2":"type-product","3":"status-publish","4":"has-post-thumbnail","6":"product_cat-accesorios-informatica-electronica","8":"first","9":"instock","10":"shipping-taxable","11":"purchasable","12":"product-type-simple"},"yoast_head":"<!-- This site is optimized with the Yoast SEO plugin v23.6 - https:\/\/yoast.com\/wordpress\/plugins\/seo\/ -->\n<title>Presentador L\u00e1ser Inal\u00e1mbrico Quanta EcoConnect QTPLR10 USB\/Pila\/100Mt - Negro - Teleclub<\/title>\n<meta name=\"robots\" content=\"index, follow, max-snippet:-1, max-image-preview:large, max-video-preview:-1\" \/>\n<link rel=\"canonical\" href=\"https:\/\/www.teleclub.com.py\/index.php\/product\/presentador-laser-inalambrico-quanta-ecoconnect-qtplr10-usb-pila-100mt-negro\/\" \/>\n<meta property=\"og:locale\" content=\"es_ES\" \/>\n<meta property=\"og:type\" content=\"article\" \/>\n<meta property=\"og:title\" content=\"Presentador L\u00e1ser Inal\u00e1mbrico Quanta EcoConnect QTPLR10 USB\/Pila\/100Mt - Negro - Teleclub\" \/>\n<meta property=\"og:description\" content=\"Recargable:\u00a0Olv\u00eddate de las bater\u00edas desechables  Frecuencia:\u00a02.4 GHz para una conexi\u00f3n estable y sin interrupciones  Bater\u00eda:\u00a0360mAh para largas sesiones de presentaci\u00f3n  Distancia del control y l\u00e1ser:\u00a0Hasta 100 metros, permiti\u00e9ndote moverte libremente  Incluye:\u00a0Cable USB de 50cm para una recarga r\u00e1pida y conveniente\" \/>\n<meta property=\"og:url\" content=\"https:\/\/www.teleclub.com.py\/index.php\/product\/presentador-laser-inalambrico-quanta-ecoconnect-qtplr10-usb-pila-100mt-negro\/\" \/>\n<meta property=\"og:site_name\" content=\"Teleclub\" \/>\n<meta property=\"article:publisher\" content=\"https:\/\/www.facebook.com\/teleclubpy\" \/>\n<meta property=\"article:modified_time\" content=\"2024-08-28T19:21:11+00:00\" \/>\n<meta property=\"og:image\" content=\"https:\/\/www.teleclub.com.py\/wp-content\/uploads\/2024\/08\/a-145.png\" \/>\n\t<meta property=\"og:image:width\" content=\"1024\" \/>\n\t<meta property=\"og:image:height\" content=\"1024\" \/>\n\t<meta property=\"og:image:type\" content=\"image\/png\" \/>\n<meta name=\"twitter:card\" content=\"summary_large_image\" \/>\n<script type=\"application\/ld+json\" class=\"yoast-schema-graph\">{\"@context\":\"https:\/\/schema.org\",\"@graph\":[{\"@type\":\"WebPage\",\"@id\":\"https:\/\/www.teleclub.com.py\/index.php\/product\/presentador-laser-inalambrico-quanta-ecoconnect-qtplr10-usb-pila-100mt-negro\/\",\"url\":\"https:\/\/www.teleclub.com.py\/index.php\/product\/presentador-laser-inalambrico-quanta-ecoconnect-qtplr10-usb-pila-100mt-negro\/\",\"name\":\"Presentador L\u00e1ser Inal\u00e1mbrico Quanta EcoConnect QTPLR10 USB\/Pila\/100Mt - Negro - Teleclub\",\"isPartOf\":{\"@id\":\"https:\/\/www.teleclub.com.py\/#website\"},\"primaryImageOfPage\":{\"@id\":\"https:\/\/www.teleclub.com.py\/index.php\/product\/presentador-laser-inalambrico-quanta-ecoconnect-qtplr10-usb-pila-100mt-negro\/#primaryimage\"},\"image\":{\"@id\":\"https:\/\/www.teleclub.com.py\/index.php\/product\/presentador-laser-inalambrico-quanta-ecoconnect-qtplr10-usb-pila-100mt-negro\/#primaryimage\"},\"thumbnailUrl\":\"https:\/\/www.teleclub.com.py\/wp-content\/uploads\/2024\/08\/a-145.png\",\"datePublished\":\"2024-08-27T11:12:21+00:00\",\"dateModified\":\"2024-08-28T19:21:11+00:00\",\"breadcrumb\":{\"@id\":\"https:\/\/www.teleclub.com.py\/index.php\/product\/presentador-laser-inalambrico-quanta-ecoconnect-qtplr10-usb-pila-100mt-negro\/#breadcrumb\"},\"inLanguage\":\"es\",\"potentialAction\":[{\"@type\":\"ReadAction\",\"target\":[\"https:\/\/www.teleclub.com.py\/index.php\/product\/presentador-laser-inalambrico-quanta-ecoconnect-qtplr10-usb-pila-100mt-negro\/\"]}]},{\"@type\":\"ImageObject\",\"inLanguage\":\"es\",\"@id\":\"https:\/\/www.teleclub.com.py\/index.php\/product\/presentador-laser-inalambrico-quanta-ecoconnect-qtplr10-usb-pila-100mt-negro\/#primaryimage\",\"url\":\"https:\/\/www.teleclub.com.py\/wp-content\/uploads\/2024\/08\/a-145.png\",\"contentUrl\":\"https:\/\/www.teleclub.com.py\/wp-content\/uploads\/2024\/08\/a-145.png\",\"width\":1024,\"height\":1024},{\"@type\":\"BreadcrumbList\",\"@id\":\"https:\/\/www.teleclub.com.py\/index.php\/product\/presentador-laser-inalambrico-quanta-ecoconnect-qtplr10-usb-pila-100mt-negro\/#breadcrumb\",\"itemListElement\":[{\"@type\":\"ListItem\",\"position\":1,\"name\":\"Portada\",\"item\":\"https:\/\/www.teleclub.com.py\/\"},{\"@type\":\"ListItem\",\"position\":2,\"name\":\"Shop\",\"item\":\"https:\/\/www.teleclub.com.py\/index.php\/shop-2\/\"},{\"@type\":\"ListItem\",\"position\":3,\"name\":\"Presentador L\u00e1ser Inal\u00e1mbrico Quanta EcoConnect QTPLR10 USB\/Pila\/100Mt &#8211; Negro\"}]},{\"@type\":\"WebSite\",\"@id\":\"https:\/\/www.teleclub.com.py\/#website\",\"url\":\"https:\/\/www.teleclub.com.py\/\",\"name\":\"Teleclub\",\"description\":\"Tu tienda online\",\"publisher\":{\"@id\":\"https:\/\/www.teleclub.com.py\/#organization\"},\"potentialAction\":[{\"@type\":\"SearchAction\",\"target\":{\"@type\":\"EntryPoint\",\"urlTemplate\":\"https:\/\/www.teleclub.com.py\/?s={search_term_string}\"},\"query-input\":{\"@type\":\"PropertyValueSpecification\",\"valueRequired\":true,\"valueName\":\"search_term_string\"}}],\"inLanguage\":\"es\"},{\"@type\":\"Organization\",\"@id\":\"https:\/\/www.teleclub.com.py\/#organization\",\"name\":\"Teleclub\",\"url\":\"https:\/\/www.teleclub.com.py\/\",\"logo\":{\"@type\":\"ImageObject\",\"inLanguage\":\"es\",\"@id\":\"https:\/\/www.teleclub.com.py\/#\/schema\/logo\/image\/\",\"url\":\"https:\/\/www.teleclub.com.py\/wp-content\/uploads\/2024\/09\/1611317346760_TeleClub_logo_FondoBlanco-2.jpg\",\"contentUrl\":\"https:\/\/www.teleclub.com.py\/wp-content\/uploads\/2024\/09\/1611317346760_TeleClub_logo_FondoBlanco-2.jpg\",\"width\":1600,\"height\":1600,\"caption\":\"Teleclub\"},\"image\":{\"@id\":\"https:\/\/www.teleclub.com.py\/#\/schema\/logo\/image\/\"},\"sameAs\":[\"https:\/\/www.facebook.com\/teleclubpy\",\"https:\/\/www.instagram.com\/teleclubpy\"]}]}<\/script>\n<!-- \/ Yoast SEO plugin. -->","yoast_head_json":{"title":"Presentador L\u00e1ser Inal\u00e1mbrico Quanta EcoConnect QTPLR10 USB\/Pila\/100Mt - Negro - Teleclub","robots":{"index":"index","follow":"follow","max-snippet":"max-snippet:-1","max-image-preview":"max-image-preview:large","max-video-preview":"max-video-preview:-1"},"canonical":"https:\/\/www.teleclub.com.py\/index.php\/product\/presentador-laser-inalambrico-quanta-ecoconnect-qtplr10-usb-pila-100mt-negro\/","og_locale":"es_ES","og_type":"article","og_title":"Presentador L\u00e1ser Inal\u00e1mbrico Quanta EcoConnect QTPLR10 USB\/Pila\/100Mt - Negro - Teleclub","og_description":"Recargable:\u00a0Olv\u00eddate de las bater\u00edas desechables  Frecuencia:\u00a02.4 GHz para una conexi\u00f3n estable y sin interrupciones  Bater\u00eda:\u00a0360mAh para largas sesiones de presentaci\u00f3n  Distancia del control y l\u00e1ser:\u00a0Hasta 100 metros, permiti\u00e9ndote moverte libremente  Incluye:\u00a0Cable USB de 50cm para una recarga r\u00e1pida y conveniente","og_url":"https:\/\/www.teleclub.com.py\/index.php\/product\/presentador-laser-inalambrico-quanta-ecoconnect-qtplr10-usb-pila-100mt-negro\/","og_site_name":"Teleclub","article_publisher":"https:\/\/www.facebook.com\/teleclubpy","article_modified_time":"2024-08-28T19:21:11+00:00","og_image":[{"width":1024,"height":1024,"url":"https:\/\/www.teleclub.com.py\/wp-content\/uploads\/2024\/08\/a-145.png","type":"image\/png"}],"twitter_card":"summary_large_image","schema":{"@context":"https:\/\/schema.org","@graph":[{"@type":"WebPage","@id":"https:\/\/www.teleclub.com.py\/index.php\/product\/presentador-laser-inalambrico-quanta-ecoconnect-qtplr10-usb-pila-100mt-negro\/","url":"https:\/\/www.teleclub.com.py\/index.php\/product\/presentador-laser-inalambrico-quanta-ecoconnect-qtplr10-usb-pila-100mt-negro\/","name":"Presentador L\u00e1ser Inal\u00e1mbrico Quanta EcoConnect QTPLR10 USB\/Pila\/100Mt - Negro - Teleclub","isPartOf":{"@id":"https:\/\/www.teleclub.com.py\/#website"},"primaryImageOfPage":{"@id":"https:\/\/www.teleclub.com.py\/index.php\/product\/presentador-laser-inalambrico-quanta-ecoconnect-qtplr10-usb-pila-100mt-negro\/#primaryimage"},"image":{"@id":"https:\/\/www.teleclub.com.py\/index.php\/product\/presentador-laser-inalambrico-quanta-ecoconnect-qtplr10-usb-pila-100mt-negro\/#primaryimage"},"thumbnailUrl":"https:\/\/www.teleclub.com.py\/wp-content\/uploads\/2024\/08\/a-145.png","datePublished":"2024-08-27T11:12:21+00:00","dateModified":"2024-08-28T19:21:11+00:00","breadcrumb":{"@id":"https:\/\/www.teleclub.com.py\/index.php\/product\/presentador-laser-inalambrico-quanta-ecoconnect-qtplr10-usb-pila-100mt-negro\/#breadcrumb"},"inLanguage":"es","potentialAction":[{"@type":"ReadAction","target":["https:\/\/www.teleclub.com.py\/index.php\/product\/presentador-laser-inalambrico-quanta-ecoconnect-qtplr10-usb-pila-100mt-negro\/"]}]},{"@type":"ImageObject","inLanguage":"es","@id":"https:\/\/www.teleclub.com.py\/index.php\/product\/presentador-laser-inalambrico-quanta-ecoconnect-qtplr10-usb-pila-100mt-negro\/#primaryimage","url":"https:\/\/www.teleclub.com.py\/wp-content\/uploads\/2024\/08\/a-145.png","contentUrl":"https:\/\/www.teleclub.com.py\/wp-content\/uploads\/2024\/08\/a-145.png","width":1024,"height":1024},{"@type":"BreadcrumbList","@id":"https:\/\/www.teleclub.com.py\/index.php\/product\/presentador-laser-inalambrico-quanta-ecoconnect-qtplr10-usb-pila-100mt-negro\/#breadcrumb","itemListElement":[{"@type":"ListItem","position":1,"name":"Portada","item":"https:\/\/www.teleclub.com.py\/"},{"@type":"ListItem","position":2,"name":"Shop","item":"https:\/\/www.teleclub.com.py\/index.php\/shop-2\/"},{"@type":"ListItem","position":3,"name":"Presentador L\u00e1ser Inal\u00e1mbrico Quanta EcoConnect QTPLR10 USB\/Pila\/100Mt &#8211; Negro"}]},{"@type":"WebSite","@id":"https:\/\/www.teleclub.com.py\/#website","url":"https:\/\/www.teleclub.com.py\/","name":"Teleclub","description":"Tu tienda online","publisher":{"@id":"https:\/\/www.teleclub.com.py\/#organization"},"potentialAction":[{"@type":"SearchAction","target":{"@type":"EntryPoint","urlTemplate":"https:\/\/www.teleclub.com.py\/?s={search_term_string}"},"query-input":{"@type":"PropertyValueSpecification","valueRequired":true,"valueName":"search_term_string"}}],"inLanguage":"es"},{"@type":"Organization","@id":"https:\/\/www.teleclub.com.py\/#organization","name":"Teleclub","url":"https:\/\/www.teleclub.com.py\/","logo":{"@type":"ImageObject","inLanguage":"es","@id":"https:\/\/www.teleclub.com.py\/#\/schema\/logo\/image\/","url":"https:\/\/www.teleclub.com.py\/wp-content\/uploads\/2024\/09\/1611317346760_TeleClub_logo_FondoBlanco-2.jpg","contentUrl":"https:\/\/www.teleclub.com.py\/wp-content\/uploads\/2024\/09\/1611317346760_TeleClub_logo_FondoBlanco-2.jpg","width":1600,"height":1600,"caption":"Teleclub"},"image":{"@id":"https:\/\/www.teleclub.com.py\/#\/schema\/logo\/image\/"},"sameAs":["https:\/\/www.facebook.com\/teleclubpy","https:\/\/www.instagram.com\/teleclubpy"]}]}},"_links":{"self":[{"href":"https:\/\/www.teleclub.com.py\/index.php\/wp-json\/wp\/v2\/product\/8219","targetHints":{"allow":["GET"]}}],"collection":[{"href":"https:\/\/www.teleclub.com.py\/index.php\/wp-json\/wp\/v2\/product"}],"about":[{"href":"https:\/\/www.teleclub.com.py\/index.php\/wp-json\/wp\/v2\/types\/product"}],"wp:featuredmedia":[{"embeddable":true,"href":"https:\/\/www.teleclub.com.py\/index.php\/wp-json\/wp\/v2\/media\/8220"}],"wp:attachment":[{"href":"https:\/\/www.teleclub.com.py\/index.php\/wp-json\/wp\/v2\/media?parent=8219"}],"wp:term":[{"taxonomy":"product_cat","embeddable":true,"href":"https:\/\/www.teleclub.com.py\/index.php\/wp-json\/wp\/v2\/product_cat?post=8219"},{"taxonomy":"product_tag","embeddable":true,"href":"https:\/\/www.teleclub.com.py\/index.php\/wp-json\/wp\/v2\/product_tag?post=8219"}],"curies":[{"name":"wp","href":"https:\/\/api.w.org\/{rel}","templated":true}]}}