{"id":8184,"date":"2024-08-27T03:00:20","date_gmt":"2024-08-27T01:00:20","guid":{"rendered":"https:\/\/www.teleclub.com.py\/?post_type=product&#038;p=8184"},"modified":"2024-08-28T15:17:35","modified_gmt":"2024-08-28T19:17:35","slug":"cable-quanta-qthdmi50-hdmi-fhd-3d-5-metros-negro","status":"publish","type":"product","link":"https:\/\/www.teleclub.com.py\/index.php\/product\/cable-quanta-qthdmi50-hdmi-fhd-3d-5-metros-negro\/","title":{"rendered":"Cable Quanta QTHDMI50 HDMI FHD\/3D (5 metros) &#8211; Negro"},"content":{"rendered":"<p>El cable HDMI Quanta QTHDMI50 tiene una longitud de 5 metros y est\u00e1 dise\u00f1ado para transmitir im\u00e1genes y sonidos de alta calidad entre dispositivos compatibles como televisores, consolas, proyectores, computadoras port\u00e1tiles, entre otros. Transmite en resoluci\u00f3n Full HD de alta calidad (1080p) para disfrutar de pel\u00edculas, series, juegos, etc. Est\u00e1 hecho de material resistente y viene con protectores en ambos conectores para garantizar la protecci\u00f3n contra el polvo.<\/p>\n","protected":false},"excerpt":{"rendered":"<p>&#8211;\u00a0 Material resistente<\/p>\n<p>&#8211; Admite resoluciones hasta Full HD<\/p>\n<p>&#8211; Interface HDMI<\/p>\n<p>&#8211; Longitud del cable 5\u00a0metros<\/p>\n","protected":false},"featured_media":8187,"template":"","meta":{"om_disable_all_campaigns":false},"product_cat":[346],"product_tag":[],"class_list":{"0":"post-8184","1":"product","2":"type-product","3":"status-publish","4":"has-post-thumbnail","6":"product_cat-cables-electronica","8":"first","9":"instock","10":"shipping-taxable","11":"purchasable","12":"product-type-simple"},"yoast_head":"<!-- This site is optimized with the Yoast SEO plugin v23.6 - https:\/\/yoast.com\/wordpress\/plugins\/seo\/ -->\n<title>Cable Quanta QTHDMI50 HDMI FHD\/3D (5 metros) - Negro - Teleclub<\/title>\n<meta name=\"robots\" content=\"index, follow, max-snippet:-1, max-image-preview:large, max-video-preview:-1\" \/>\n<link rel=\"canonical\" href=\"https:\/\/www.teleclub.com.py\/index.php\/product\/cable-quanta-qthdmi50-hdmi-fhd-3d-5-metros-negro\/\" \/>\n<meta property=\"og:locale\" content=\"es_ES\" \/>\n<meta property=\"og:type\" content=\"article\" \/>\n<meta property=\"og:title\" content=\"Cable Quanta QTHDMI50 HDMI FHD\/3D (5 metros) - Negro - Teleclub\" \/>\n<meta property=\"og:description\" content=\"-\u00a0 Material resistente  - Admite resoluciones hasta Full HD  - Interface HDMI  - Longitud del cable 5\u00a0metros\" \/>\n<meta property=\"og:url\" content=\"https:\/\/www.teleclub.com.py\/index.php\/product\/cable-quanta-qthdmi50-hdmi-fhd-3d-5-metros-negro\/\" \/>\n<meta property=\"og:site_name\" content=\"Teleclub\" \/>\n<meta property=\"article:publisher\" content=\"https:\/\/www.facebook.com\/teleclubpy\" \/>\n<meta property=\"article:modified_time\" content=\"2024-08-28T19:17:35+00:00\" \/>\n<meta property=\"og:image\" content=\"https:\/\/www.teleclub.com.py\/wp-content\/uploads\/2024\/08\/a-121.png\" \/>\n\t<meta property=\"og:image:width\" content=\"800\" \/>\n\t<meta property=\"og:image:height\" content=\"700\" \/>\n\t<meta property=\"og:image:type\" content=\"image\/png\" \/>\n<meta name=\"twitter:card\" content=\"summary_large_image\" \/>\n<script type=\"application\/ld+json\" class=\"yoast-schema-graph\">{\"@context\":\"https:\/\/schema.org\",\"@graph\":[{\"@type\":\"WebPage\",\"@id\":\"https:\/\/www.teleclub.com.py\/index.php\/product\/cable-quanta-qthdmi50-hdmi-fhd-3d-5-metros-negro\/\",\"url\":\"https:\/\/www.teleclub.com.py\/index.php\/product\/cable-quanta-qthdmi50-hdmi-fhd-3d-5-metros-negro\/\",\"name\":\"Cable Quanta QTHDMI50 HDMI FHD\/3D (5 metros) - Negro - Teleclub\",\"isPartOf\":{\"@id\":\"https:\/\/www.teleclub.com.py\/#website\"},\"primaryImageOfPage\":{\"@id\":\"https:\/\/www.teleclub.com.py\/index.php\/product\/cable-quanta-qthdmi50-hdmi-fhd-3d-5-metros-negro\/#primaryimage\"},\"image\":{\"@id\":\"https:\/\/www.teleclub.com.py\/index.php\/product\/cable-quanta-qthdmi50-hdmi-fhd-3d-5-metros-negro\/#primaryimage\"},\"thumbnailUrl\":\"https:\/\/www.teleclub.com.py\/wp-content\/uploads\/2024\/08\/a-121.png\",\"datePublished\":\"2024-08-27T01:00:20+00:00\",\"dateModified\":\"2024-08-28T19:17:35+00:00\",\"breadcrumb\":{\"@id\":\"https:\/\/www.teleclub.com.py\/index.php\/product\/cable-quanta-qthdmi50-hdmi-fhd-3d-5-metros-negro\/#breadcrumb\"},\"inLanguage\":\"es\",\"potentialAction\":[{\"@type\":\"ReadAction\",\"target\":[\"https:\/\/www.teleclub.com.py\/index.php\/product\/cable-quanta-qthdmi50-hdmi-fhd-3d-5-metros-negro\/\"]}]},{\"@type\":\"ImageObject\",\"inLanguage\":\"es\",\"@id\":\"https:\/\/www.teleclub.com.py\/index.php\/product\/cable-quanta-qthdmi50-hdmi-fhd-3d-5-metros-negro\/#primaryimage\",\"url\":\"https:\/\/www.teleclub.com.py\/wp-content\/uploads\/2024\/08\/a-121.png\",\"contentUrl\":\"https:\/\/www.teleclub.com.py\/wp-content\/uploads\/2024\/08\/a-121.png\",\"width\":800,\"height\":700},{\"@type\":\"BreadcrumbList\",\"@id\":\"https:\/\/www.teleclub.com.py\/index.php\/product\/cable-quanta-qthdmi50-hdmi-fhd-3d-5-metros-negro\/#breadcrumb\",\"itemListElement\":[{\"@type\":\"ListItem\",\"position\":1,\"name\":\"Portada\",\"item\":\"https:\/\/www.teleclub.com.py\/\"},{\"@type\":\"ListItem\",\"position\":2,\"name\":\"Shop\",\"item\":\"https:\/\/www.teleclub.com.py\/index.php\/shop-2\/\"},{\"@type\":\"ListItem\",\"position\":3,\"name\":\"Cable Quanta QTHDMI50 HDMI FHD\/3D (5 metros) &#8211; Negro\"}]},{\"@type\":\"WebSite\",\"@id\":\"https:\/\/www.teleclub.com.py\/#website\",\"url\":\"https:\/\/www.teleclub.com.py\/\",\"name\":\"Teleclub\",\"description\":\"Tu tienda online\",\"publisher\":{\"@id\":\"https:\/\/www.teleclub.com.py\/#organization\"},\"potentialAction\":[{\"@type\":\"SearchAction\",\"target\":{\"@type\":\"EntryPoint\",\"urlTemplate\":\"https:\/\/www.teleclub.com.py\/?s={search_term_string}\"},\"query-input\":{\"@type\":\"PropertyValueSpecification\",\"valueRequired\":true,\"valueName\":\"search_term_string\"}}],\"inLanguage\":\"es\"},{\"@type\":\"Organization\",\"@id\":\"https:\/\/www.teleclub.com.py\/#organization\",\"name\":\"Teleclub\",\"url\":\"https:\/\/www.teleclub.com.py\/\",\"logo\":{\"@type\":\"ImageObject\",\"inLanguage\":\"es\",\"@id\":\"https:\/\/www.teleclub.com.py\/#\/schema\/logo\/image\/\",\"url\":\"https:\/\/www.teleclub.com.py\/wp-content\/uploads\/2024\/09\/1611317346760_TeleClub_logo_FondoBlanco-2.jpg\",\"contentUrl\":\"https:\/\/www.teleclub.com.py\/wp-content\/uploads\/2024\/09\/1611317346760_TeleClub_logo_FondoBlanco-2.jpg\",\"width\":1600,\"height\":1600,\"caption\":\"Teleclub\"},\"image\":{\"@id\":\"https:\/\/www.teleclub.com.py\/#\/schema\/logo\/image\/\"},\"sameAs\":[\"https:\/\/www.facebook.com\/teleclubpy\",\"https:\/\/www.instagram.com\/teleclubpy\"]}]}<\/script>\n<!-- \/ Yoast SEO plugin. -->","yoast_head_json":{"title":"Cable Quanta QTHDMI50 HDMI FHD\/3D (5 metros) - Negro - Teleclub","robots":{"index":"index","follow":"follow","max-snippet":"max-snippet:-1","max-image-preview":"max-image-preview:large","max-video-preview":"max-video-preview:-1"},"canonical":"https:\/\/www.teleclub.com.py\/index.php\/product\/cable-quanta-qthdmi50-hdmi-fhd-3d-5-metros-negro\/","og_locale":"es_ES","og_type":"article","og_title":"Cable Quanta QTHDMI50 HDMI FHD\/3D (5 metros) - Negro - Teleclub","og_description":"-\u00a0 Material resistente  - Admite resoluciones hasta Full HD  - Interface HDMI  - Longitud del cable 5\u00a0metros","og_url":"https:\/\/www.teleclub.com.py\/index.php\/product\/cable-quanta-qthdmi50-hdmi-fhd-3d-5-metros-negro\/","og_site_name":"Teleclub","article_publisher":"https:\/\/www.facebook.com\/teleclubpy","article_modified_time":"2024-08-28T19:17:35+00:00","og_image":[{"width":800,"height":700,"url":"https:\/\/www.teleclub.com.py\/wp-content\/uploads\/2024\/08\/a-121.png","type":"image\/png"}],"twitter_card":"summary_large_image","schema":{"@context":"https:\/\/schema.org","@graph":[{"@type":"WebPage","@id":"https:\/\/www.teleclub.com.py\/index.php\/product\/cable-quanta-qthdmi50-hdmi-fhd-3d-5-metros-negro\/","url":"https:\/\/www.teleclub.com.py\/index.php\/product\/cable-quanta-qthdmi50-hdmi-fhd-3d-5-metros-negro\/","name":"Cable Quanta QTHDMI50 HDMI FHD\/3D (5 metros) - Negro - Teleclub","isPartOf":{"@id":"https:\/\/www.teleclub.com.py\/#website"},"primaryImageOfPage":{"@id":"https:\/\/www.teleclub.com.py\/index.php\/product\/cable-quanta-qthdmi50-hdmi-fhd-3d-5-metros-negro\/#primaryimage"},"image":{"@id":"https:\/\/www.teleclub.com.py\/index.php\/product\/cable-quanta-qthdmi50-hdmi-fhd-3d-5-metros-negro\/#primaryimage"},"thumbnailUrl":"https:\/\/www.teleclub.com.py\/wp-content\/uploads\/2024\/08\/a-121.png","datePublished":"2024-08-27T01:00:20+00:00","dateModified":"2024-08-28T19:17:35+00:00","breadcrumb":{"@id":"https:\/\/www.teleclub.com.py\/index.php\/product\/cable-quanta-qthdmi50-hdmi-fhd-3d-5-metros-negro\/#breadcrumb"},"inLanguage":"es","potentialAction":[{"@type":"ReadAction","target":["https:\/\/www.teleclub.com.py\/index.php\/product\/cable-quanta-qthdmi50-hdmi-fhd-3d-5-metros-negro\/"]}]},{"@type":"ImageObject","inLanguage":"es","@id":"https:\/\/www.teleclub.com.py\/index.php\/product\/cable-quanta-qthdmi50-hdmi-fhd-3d-5-metros-negro\/#primaryimage","url":"https:\/\/www.teleclub.com.py\/wp-content\/uploads\/2024\/08\/a-121.png","contentUrl":"https:\/\/www.teleclub.com.py\/wp-content\/uploads\/2024\/08\/a-121.png","width":800,"height":700},{"@type":"BreadcrumbList","@id":"https:\/\/www.teleclub.com.py\/index.php\/product\/cable-quanta-qthdmi50-hdmi-fhd-3d-5-metros-negro\/#breadcrumb","itemListElement":[{"@type":"ListItem","position":1,"name":"Portada","item":"https:\/\/www.teleclub.com.py\/"},{"@type":"ListItem","position":2,"name":"Shop","item":"https:\/\/www.teleclub.com.py\/index.php\/shop-2\/"},{"@type":"ListItem","position":3,"name":"Cable Quanta QTHDMI50 HDMI FHD\/3D (5 metros) &#8211; Negro"}]},{"@type":"WebSite","@id":"https:\/\/www.teleclub.com.py\/#website","url":"https:\/\/www.teleclub.com.py\/","name":"Teleclub","description":"Tu tienda online","publisher":{"@id":"https:\/\/www.teleclub.com.py\/#organization"},"potentialAction":[{"@type":"SearchAction","target":{"@type":"EntryPoint","urlTemplate":"https:\/\/www.teleclub.com.py\/?s={search_term_string}"},"query-input":{"@type":"PropertyValueSpecification","valueRequired":true,"valueName":"search_term_string"}}],"inLanguage":"es"},{"@type":"Organization","@id":"https:\/\/www.teleclub.com.py\/#organization","name":"Teleclub","url":"https:\/\/www.teleclub.com.py\/","logo":{"@type":"ImageObject","inLanguage":"es","@id":"https:\/\/www.teleclub.com.py\/#\/schema\/logo\/image\/","url":"https:\/\/www.teleclub.com.py\/wp-content\/uploads\/2024\/09\/1611317346760_TeleClub_logo_FondoBlanco-2.jpg","contentUrl":"https:\/\/www.teleclub.com.py\/wp-content\/uploads\/2024\/09\/1611317346760_TeleClub_logo_FondoBlanco-2.jpg","width":1600,"height":1600,"caption":"Teleclub"},"image":{"@id":"https:\/\/www.teleclub.com.py\/#\/schema\/logo\/image\/"},"sameAs":["https:\/\/www.facebook.com\/teleclubpy","https:\/\/www.instagram.com\/teleclubpy"]}]}},"_links":{"self":[{"href":"https:\/\/www.teleclub.com.py\/index.php\/wp-json\/wp\/v2\/product\/8184","targetHints":{"allow":["GET"]}}],"collection":[{"href":"https:\/\/www.teleclub.com.py\/index.php\/wp-json\/wp\/v2\/product"}],"about":[{"href":"https:\/\/www.teleclub.com.py\/index.php\/wp-json\/wp\/v2\/types\/product"}],"wp:featuredmedia":[{"embeddable":true,"href":"https:\/\/www.teleclub.com.py\/index.php\/wp-json\/wp\/v2\/media\/8187"}],"wp:attachment":[{"href":"https:\/\/www.teleclub.com.py\/index.php\/wp-json\/wp\/v2\/media?parent=8184"}],"wp:term":[{"taxonomy":"product_cat","embeddable":true,"href":"https:\/\/www.teleclub.com.py\/index.php\/wp-json\/wp\/v2\/product_cat?post=8184"},{"taxonomy":"product_tag","embeddable":true,"href":"https:\/\/www.teleclub.com.py\/index.php\/wp-json\/wp\/v2\/product_tag?post=8184"}],"curies":[{"name":"wp","href":"https:\/\/api.w.org\/{rel}","templated":true}]}}