{"id":8151,"date":"2024-08-26T04:27:35","date_gmt":"2024-08-26T02:27:35","guid":{"rendered":"https:\/\/www.teleclub.com.py\/?post_type=product&#038;p=8151"},"modified":"2024-08-26T21:10:50","modified_gmt":"2024-08-26T19:10:50","slug":"mouse-logitech-m90-910-004053-1000dpi-3-botones-negro","status":"publish","type":"product","link":"https:\/\/www.teleclub.com.py\/index.php\/product\/mouse-logitech-m90-910-004053-1000dpi-3-botones-negro\/","title":{"rendered":"Mouse Logitech M90 910-004053 1000DPI\/3 Botones &#8211; Negro"},"content":{"rendered":"<h1 class=\"a-size-base-plus a-text-bold\">Sobre este art\u00edculo<\/h1>\n<ul class=\"a-unordered-list a-vertical a-spacing-mini\">\n<li class=\"a-spacing-mini\"><span class=\"a-list-item\">SOLO LO B\u00c1SICOS: La configuraci\u00f3n es r\u00e1pida y f\u00e1cil. Simplemente puede conectar el cable a un puerto USB y usarlo de inmediato.<\/span><\/li>\n<li class=\"a-spacing-mini\"><span class=\"a-list-item\">SIN MOVIMIENTOS FALSOS: No puede equivocarse con el seguimiento \u00f3ptico preciso. Es un movimiento suave, con o sin alfombrilla para mouse.<\/span><\/li>\n<li class=\"a-spacing-mini\"><span class=\"a-list-item\">F\u00e1cil de configurar y usar: la configuraci\u00f3n es r\u00e1pida y sencilla, simplemente conecte el cable a un puerto USB. No hay software para instalar. Y dado que est\u00e1 cableado, simplemente puede conectar el cable a un puerto USB y usarlo de inmediato.<\/span><\/li>\n<li class=\"a-spacing-mini\"><span class=\"a-list-item\">Comodidad de tama\u00f1o completo, dise\u00f1o ambidiestro: dise\u00f1ado para mantener cada mano feliz. As\u00ed que te sentir\u00e1s c\u00f3modo, incluso despu\u00e9s de horas de uso.<\/span><\/li>\n<li class=\"a-spacing-mini\"><span class=\"a-list-item\">SEGUIMIENTO \u00d3PTICO DE ALTA DEFINICI\u00d3N: Disfrutar\u00e1 de un control sensible y suave del cursor, un seguimiento preciso y una f\u00e1cil selecci\u00f3n de texto gracias al seguimiento \u00f3ptico de alta definici\u00f3n (1000 dpi).<\/span><\/li>\n<\/ul>\n","protected":false},"excerpt":{"rendered":"<table class=\"a-normal a-spacing-micro\">\n<tbody>\n<tr class=\"a-spacing-small po-brand\">\n<td class=\"a-span3\"><span class=\"a-size-base a-text-bold\">Marca<\/span><\/td>\n<td class=\"a-span9\"><span class=\"a-size-base po-break-word\">Logitech<\/span><\/td>\n<\/tr>\n<tr class=\"a-spacing-small po-color\">\n<td class=\"a-span3\"><span class=\"a-size-base a-text-bold\">Color<\/span><\/td>\n<td class=\"a-span9\"><span class=\"a-size-base po-break-word\">Negro &#8211;<\/span><\/td>\n<\/tr>\n<tr class=\"a-spacing-small po-connectivity_technology\">\n<td class=\"a-span3\"><span class=\"a-size-base a-text-bold\">Tecnolog\u00eda de conectividad<\/span><\/td>\n<td class=\"a-span9\"><span class=\"a-size-base po-break-word\">USB, con cable<\/span><\/td>\n<\/tr>\n<tr class=\"a-spacing-small po-special_feature\">\n<td class=\"a-span3\"><span class=\"a-size-base a-text-bold\">Caracter\u00edsticas especiales<\/span><\/td>\n<td class=\"a-span9\"><span class=\"a-size-base po-break-word\">TECNOLOG\u00cdA DE SEGUIMIENTO \u00d3PTIMO<\/span><\/td>\n<\/tr>\n<tr class=\"a-spacing-small po-movement_detection_technology\">\n<td class=\"a-span3\"><span class=\"a-size-base a-text-bold\">Tecnolog\u00eda de detecci\u00f3n de movimiento<\/span><\/td>\n<td class=\"a-span9\"><span class=\"a-size-base po-break-word\">\u00d3ptica<\/span><\/td>\n<\/tr>\n<\/tbody>\n<\/table>\n","protected":false},"featured_media":8152,"template":"","meta":{"om_disable_all_campaigns":false},"product_cat":[359],"product_tag":[],"class_list":{"0":"post-8151","1":"product","2":"type-product","3":"status-publish","4":"has-post-thumbnail","6":"product_cat-accesorios-informatica-electronica","8":"first","9":"instock","10":"shipping-taxable","11":"purchasable","12":"product-type-simple"},"yoast_head":"<!-- This site is optimized with the Yoast SEO plugin v23.6 - https:\/\/yoast.com\/wordpress\/plugins\/seo\/ -->\n<title>Mouse Logitech M90 910-004053 1000DPI\/3 Botones - Negro - Teleclub<\/title>\n<meta name=\"robots\" content=\"index, follow, max-snippet:-1, max-image-preview:large, max-video-preview:-1\" \/>\n<link rel=\"canonical\" href=\"https:\/\/www.teleclub.com.py\/index.php\/product\/mouse-logitech-m90-910-004053-1000dpi-3-botones-negro\/\" \/>\n<meta property=\"og:locale\" content=\"es_ES\" \/>\n<meta property=\"og:type\" content=\"article\" \/>\n<meta property=\"og:title\" content=\"Mouse Logitech M90 910-004053 1000DPI\/3 Botones - Negro - Teleclub\" \/>\n<meta property=\"og:description\" content=\"Marca Logitech   Color Negro -   Tecnolog\u00eda de conectividad USB, con cable   Caracter\u00edsticas especiales TECNOLOG\u00cdA DE SEGUIMIENTO \u00d3PTIMO   Tecnolog\u00eda de detecci\u00f3n de movimiento \u00d3ptica\" \/>\n<meta property=\"og:url\" content=\"https:\/\/www.teleclub.com.py\/index.php\/product\/mouse-logitech-m90-910-004053-1000dpi-3-botones-negro\/\" \/>\n<meta property=\"og:site_name\" content=\"Teleclub\" \/>\n<meta property=\"article:publisher\" content=\"https:\/\/www.facebook.com\/teleclubpy\" \/>\n<meta property=\"article:modified_time\" content=\"2024-08-26T19:10:50+00:00\" \/>\n<meta property=\"og:image\" content=\"https:\/\/www.teleclub.com.py\/wp-content\/uploads\/2024\/08\/aa-58.png\" \/>\n\t<meta property=\"og:image:width\" content=\"600\" \/>\n\t<meta property=\"og:image:height\" content=\"600\" \/>\n\t<meta property=\"og:image:type\" content=\"image\/png\" \/>\n<meta name=\"twitter:card\" content=\"summary_large_image\" \/>\n<meta name=\"twitter:label1\" content=\"Tiempo de lectura\" \/>\n\t<meta name=\"twitter:data1\" content=\"1 minuto\" \/>\n<script type=\"application\/ld+json\" class=\"yoast-schema-graph\">{\"@context\":\"https:\/\/schema.org\",\"@graph\":[{\"@type\":\"WebPage\",\"@id\":\"https:\/\/www.teleclub.com.py\/index.php\/product\/mouse-logitech-m90-910-004053-1000dpi-3-botones-negro\/\",\"url\":\"https:\/\/www.teleclub.com.py\/index.php\/product\/mouse-logitech-m90-910-004053-1000dpi-3-botones-negro\/\",\"name\":\"Mouse Logitech M90 910-004053 1000DPI\/3 Botones - Negro - Teleclub\",\"isPartOf\":{\"@id\":\"https:\/\/www.teleclub.com.py\/#website\"},\"primaryImageOfPage\":{\"@id\":\"https:\/\/www.teleclub.com.py\/index.php\/product\/mouse-logitech-m90-910-004053-1000dpi-3-botones-negro\/#primaryimage\"},\"image\":{\"@id\":\"https:\/\/www.teleclub.com.py\/index.php\/product\/mouse-logitech-m90-910-004053-1000dpi-3-botones-negro\/#primaryimage\"},\"thumbnailUrl\":\"https:\/\/www.teleclub.com.py\/wp-content\/uploads\/2024\/08\/aa-58.png\",\"datePublished\":\"2024-08-26T02:27:35+00:00\",\"dateModified\":\"2024-08-26T19:10:50+00:00\",\"breadcrumb\":{\"@id\":\"https:\/\/www.teleclub.com.py\/index.php\/product\/mouse-logitech-m90-910-004053-1000dpi-3-botones-negro\/#breadcrumb\"},\"inLanguage\":\"es\",\"potentialAction\":[{\"@type\":\"ReadAction\",\"target\":[\"https:\/\/www.teleclub.com.py\/index.php\/product\/mouse-logitech-m90-910-004053-1000dpi-3-botones-negro\/\"]}]},{\"@type\":\"ImageObject\",\"inLanguage\":\"es\",\"@id\":\"https:\/\/www.teleclub.com.py\/index.php\/product\/mouse-logitech-m90-910-004053-1000dpi-3-botones-negro\/#primaryimage\",\"url\":\"https:\/\/www.teleclub.com.py\/wp-content\/uploads\/2024\/08\/aa-58.png\",\"contentUrl\":\"https:\/\/www.teleclub.com.py\/wp-content\/uploads\/2024\/08\/aa-58.png\",\"width\":600,\"height\":600},{\"@type\":\"BreadcrumbList\",\"@id\":\"https:\/\/www.teleclub.com.py\/index.php\/product\/mouse-logitech-m90-910-004053-1000dpi-3-botones-negro\/#breadcrumb\",\"itemListElement\":[{\"@type\":\"ListItem\",\"position\":1,\"name\":\"Portada\",\"item\":\"https:\/\/www.teleclub.com.py\/\"},{\"@type\":\"ListItem\",\"position\":2,\"name\":\"Shop\",\"item\":\"https:\/\/www.teleclub.com.py\/index.php\/shop-2\/\"},{\"@type\":\"ListItem\",\"position\":3,\"name\":\"Mouse Logitech M90 910-004053 1000DPI\/3 Botones &#8211; Negro\"}]},{\"@type\":\"WebSite\",\"@id\":\"https:\/\/www.teleclub.com.py\/#website\",\"url\":\"https:\/\/www.teleclub.com.py\/\",\"name\":\"Teleclub\",\"description\":\"Tu tienda online\",\"publisher\":{\"@id\":\"https:\/\/www.teleclub.com.py\/#organization\"},\"potentialAction\":[{\"@type\":\"SearchAction\",\"target\":{\"@type\":\"EntryPoint\",\"urlTemplate\":\"https:\/\/www.teleclub.com.py\/?s={search_term_string}\"},\"query-input\":{\"@type\":\"PropertyValueSpecification\",\"valueRequired\":true,\"valueName\":\"search_term_string\"}}],\"inLanguage\":\"es\"},{\"@type\":\"Organization\",\"@id\":\"https:\/\/www.teleclub.com.py\/#organization\",\"name\":\"Teleclub\",\"url\":\"https:\/\/www.teleclub.com.py\/\",\"logo\":{\"@type\":\"ImageObject\",\"inLanguage\":\"es\",\"@id\":\"https:\/\/www.teleclub.com.py\/#\/schema\/logo\/image\/\",\"url\":\"https:\/\/www.teleclub.com.py\/wp-content\/uploads\/2024\/09\/1611317346760_TeleClub_logo_FondoBlanco-2.jpg\",\"contentUrl\":\"https:\/\/www.teleclub.com.py\/wp-content\/uploads\/2024\/09\/1611317346760_TeleClub_logo_FondoBlanco-2.jpg\",\"width\":1600,\"height\":1600,\"caption\":\"Teleclub\"},\"image\":{\"@id\":\"https:\/\/www.teleclub.com.py\/#\/schema\/logo\/image\/\"},\"sameAs\":[\"https:\/\/www.facebook.com\/teleclubpy\",\"https:\/\/www.instagram.com\/teleclubpy\"]}]}<\/script>\n<!-- \/ Yoast SEO plugin. -->","yoast_head_json":{"title":"Mouse Logitech M90 910-004053 1000DPI\/3 Botones - Negro - Teleclub","robots":{"index":"index","follow":"follow","max-snippet":"max-snippet:-1","max-image-preview":"max-image-preview:large","max-video-preview":"max-video-preview:-1"},"canonical":"https:\/\/www.teleclub.com.py\/index.php\/product\/mouse-logitech-m90-910-004053-1000dpi-3-botones-negro\/","og_locale":"es_ES","og_type":"article","og_title":"Mouse Logitech M90 910-004053 1000DPI\/3 Botones - Negro - Teleclub","og_description":"Marca Logitech   Color Negro -   Tecnolog\u00eda de conectividad USB, con cable   Caracter\u00edsticas especiales TECNOLOG\u00cdA DE SEGUIMIENTO \u00d3PTIMO   Tecnolog\u00eda de detecci\u00f3n de movimiento \u00d3ptica","og_url":"https:\/\/www.teleclub.com.py\/index.php\/product\/mouse-logitech-m90-910-004053-1000dpi-3-botones-negro\/","og_site_name":"Teleclub","article_publisher":"https:\/\/www.facebook.com\/teleclubpy","article_modified_time":"2024-08-26T19:10:50+00:00","og_image":[{"width":600,"height":600,"url":"https:\/\/www.teleclub.com.py\/wp-content\/uploads\/2024\/08\/aa-58.png","type":"image\/png"}],"twitter_card":"summary_large_image","twitter_misc":{"Tiempo de lectura":"1 minuto"},"schema":{"@context":"https:\/\/schema.org","@graph":[{"@type":"WebPage","@id":"https:\/\/www.teleclub.com.py\/index.php\/product\/mouse-logitech-m90-910-004053-1000dpi-3-botones-negro\/","url":"https:\/\/www.teleclub.com.py\/index.php\/product\/mouse-logitech-m90-910-004053-1000dpi-3-botones-negro\/","name":"Mouse Logitech M90 910-004053 1000DPI\/3 Botones - Negro - Teleclub","isPartOf":{"@id":"https:\/\/www.teleclub.com.py\/#website"},"primaryImageOfPage":{"@id":"https:\/\/www.teleclub.com.py\/index.php\/product\/mouse-logitech-m90-910-004053-1000dpi-3-botones-negro\/#primaryimage"},"image":{"@id":"https:\/\/www.teleclub.com.py\/index.php\/product\/mouse-logitech-m90-910-004053-1000dpi-3-botones-negro\/#primaryimage"},"thumbnailUrl":"https:\/\/www.teleclub.com.py\/wp-content\/uploads\/2024\/08\/aa-58.png","datePublished":"2024-08-26T02:27:35+00:00","dateModified":"2024-08-26T19:10:50+00:00","breadcrumb":{"@id":"https:\/\/www.teleclub.com.py\/index.php\/product\/mouse-logitech-m90-910-004053-1000dpi-3-botones-negro\/#breadcrumb"},"inLanguage":"es","potentialAction":[{"@type":"ReadAction","target":["https:\/\/www.teleclub.com.py\/index.php\/product\/mouse-logitech-m90-910-004053-1000dpi-3-botones-negro\/"]}]},{"@type":"ImageObject","inLanguage":"es","@id":"https:\/\/www.teleclub.com.py\/index.php\/product\/mouse-logitech-m90-910-004053-1000dpi-3-botones-negro\/#primaryimage","url":"https:\/\/www.teleclub.com.py\/wp-content\/uploads\/2024\/08\/aa-58.png","contentUrl":"https:\/\/www.teleclub.com.py\/wp-content\/uploads\/2024\/08\/aa-58.png","width":600,"height":600},{"@type":"BreadcrumbList","@id":"https:\/\/www.teleclub.com.py\/index.php\/product\/mouse-logitech-m90-910-004053-1000dpi-3-botones-negro\/#breadcrumb","itemListElement":[{"@type":"ListItem","position":1,"name":"Portada","item":"https:\/\/www.teleclub.com.py\/"},{"@type":"ListItem","position":2,"name":"Shop","item":"https:\/\/www.teleclub.com.py\/index.php\/shop-2\/"},{"@type":"ListItem","position":3,"name":"Mouse Logitech M90 910-004053 1000DPI\/3 Botones &#8211; Negro"}]},{"@type":"WebSite","@id":"https:\/\/www.teleclub.com.py\/#website","url":"https:\/\/www.teleclub.com.py\/","name":"Teleclub","description":"Tu tienda online","publisher":{"@id":"https:\/\/www.teleclub.com.py\/#organization"},"potentialAction":[{"@type":"SearchAction","target":{"@type":"EntryPoint","urlTemplate":"https:\/\/www.teleclub.com.py\/?s={search_term_string}"},"query-input":{"@type":"PropertyValueSpecification","valueRequired":true,"valueName":"search_term_string"}}],"inLanguage":"es"},{"@type":"Organization","@id":"https:\/\/www.teleclub.com.py\/#organization","name":"Teleclub","url":"https:\/\/www.teleclub.com.py\/","logo":{"@type":"ImageObject","inLanguage":"es","@id":"https:\/\/www.teleclub.com.py\/#\/schema\/logo\/image\/","url":"https:\/\/www.teleclub.com.py\/wp-content\/uploads\/2024\/09\/1611317346760_TeleClub_logo_FondoBlanco-2.jpg","contentUrl":"https:\/\/www.teleclub.com.py\/wp-content\/uploads\/2024\/09\/1611317346760_TeleClub_logo_FondoBlanco-2.jpg","width":1600,"height":1600,"caption":"Teleclub"},"image":{"@id":"https:\/\/www.teleclub.com.py\/#\/schema\/logo\/image\/"},"sameAs":["https:\/\/www.facebook.com\/teleclubpy","https:\/\/www.instagram.com\/teleclubpy"]}]}},"_links":{"self":[{"href":"https:\/\/www.teleclub.com.py\/index.php\/wp-json\/wp\/v2\/product\/8151","targetHints":{"allow":["GET"]}}],"collection":[{"href":"https:\/\/www.teleclub.com.py\/index.php\/wp-json\/wp\/v2\/product"}],"about":[{"href":"https:\/\/www.teleclub.com.py\/index.php\/wp-json\/wp\/v2\/types\/product"}],"wp:featuredmedia":[{"embeddable":true,"href":"https:\/\/www.teleclub.com.py\/index.php\/wp-json\/wp\/v2\/media\/8152"}],"wp:attachment":[{"href":"https:\/\/www.teleclub.com.py\/index.php\/wp-json\/wp\/v2\/media?parent=8151"}],"wp:term":[{"taxonomy":"product_cat","embeddable":true,"href":"https:\/\/www.teleclub.com.py\/index.php\/wp-json\/wp\/v2\/product_cat?post=8151"},{"taxonomy":"product_tag","embeddable":true,"href":"https:\/\/www.teleclub.com.py\/index.php\/wp-json\/wp\/v2\/product_tag?post=8151"}],"curies":[{"name":"wp","href":"https:\/\/api.w.org\/{rel}","templated":true}]}}