{"id":8125,"date":"2024-08-26T03:56:18","date_gmt":"2024-08-26T01:56:18","guid":{"rendered":"https:\/\/www.teleclub.com.py\/?post_type=product&#038;p=8125"},"modified":"2024-08-26T21:11:59","modified_gmt":"2024-08-26T19:11:59","slug":"kit-logitech-mk295-silent-wireless-920-009792-teclado-mouse-inalambricos-espanol-negro","status":"publish","type":"product","link":"https:\/\/www.teleclub.com.py\/index.php\/product\/kit-logitech-mk295-silent-wireless-920-009792-teclado-mouse-inalambricos-espanol-negro\/","title":{"rendered":"Kit Logitech MK295 Silent Wireless 920-009792 Teclado + Mouse inal\u00e1mbricos Espa\u00f1ol &#8211; Negro"},"content":{"rendered":"<p>El Kit de teclado Logitech MK295 tiene un dise\u00f1o elegante y silencioso con el SilentTouch, una tecnolog\u00eda exclusiva de Logitech que elimina m\u00e1s del 90% del ruido producido por teclados y mouse. El mouse es compacto, contorneado y port\u00e1til con una suavidad y precisi\u00f3n al hacer click. Cuenta con tecnolog\u00eda inal\u00e1mbrica 2.4 GHz con un radio de acci\u00f3n de 10 m, con el receptor USB peque\u00f1o para mantenerlo conectado permanentemente a la computadora. Las bater\u00edas del teclado ofrecen una duraci\u00f3n de 36 meses y las del mouse 18 (con conmutadores de encendido\/apagado).<\/p>\n","protected":false},"excerpt":{"rendered":"<ul>\n<li><strong>Tipo de teclado:<\/strong>\u00a0Membrana<\/li>\n<li><strong>Distribuci\u00f3n:\u00a0<\/strong>Espa\u00f1ol<\/li>\n<li><strong>Tipo de mouse:\u00a0<\/strong>\u00d3ptico<\/li>\n<li><strong>Conexi\u00f3n del teclado y mouse:\u00a0<\/strong>USB RF<\/li>\n<\/ul>\n","protected":false},"featured_media":8127,"template":"","meta":{"om_disable_all_campaigns":false},"product_cat":[359],"product_tag":[],"class_list":{"0":"post-8125","1":"product","2":"type-product","3":"status-publish","4":"has-post-thumbnail","6":"product_cat-accesorios-informatica-electronica","8":"first","9":"instock","10":"shipping-taxable","11":"purchasable","12":"product-type-simple"},"yoast_head":"<!-- This site is optimized with the Yoast SEO plugin v23.6 - https:\/\/yoast.com\/wordpress\/plugins\/seo\/ -->\n<title>Kit Logitech MK295 Silent Wireless 920-009792 Teclado + Mouse inal\u00e1mbricos Espa\u00f1ol - Negro - Teleclub<\/title>\n<meta name=\"robots\" content=\"index, follow, max-snippet:-1, max-image-preview:large, max-video-preview:-1\" \/>\n<link rel=\"canonical\" href=\"https:\/\/www.teleclub.com.py\/index.php\/product\/kit-logitech-mk295-silent-wireless-920-009792-teclado-mouse-inalambricos-espanol-negro\/\" \/>\n<meta property=\"og:locale\" content=\"es_ES\" \/>\n<meta property=\"og:type\" content=\"article\" \/>\n<meta property=\"og:title\" content=\"Kit Logitech MK295 Silent Wireless 920-009792 Teclado + Mouse inal\u00e1mbricos Espa\u00f1ol - Negro - Teleclub\" \/>\n<meta property=\"og:description\" content=\"Tipo de teclado:\u00a0Membrana  Distribuci\u00f3n:\u00a0Espa\u00f1ol  Tipo de mouse:\u00a0\u00d3ptico  Conexi\u00f3n del teclado y mouse:\u00a0USB RF\" \/>\n<meta property=\"og:url\" content=\"https:\/\/www.teleclub.com.py\/index.php\/product\/kit-logitech-mk295-silent-wireless-920-009792-teclado-mouse-inalambricos-espanol-negro\/\" \/>\n<meta property=\"og:site_name\" content=\"Teleclub\" \/>\n<meta property=\"article:publisher\" content=\"https:\/\/www.facebook.com\/teleclubpy\" \/>\n<meta property=\"article:modified_time\" content=\"2024-08-26T19:11:59+00:00\" \/>\n<meta property=\"og:image\" content=\"https:\/\/www.teleclub.com.py\/wp-content\/uploads\/2024\/08\/aa-46.png\" \/>\n\t<meta property=\"og:image:width\" content=\"600\" \/>\n\t<meta property=\"og:image:height\" content=\"600\" \/>\n\t<meta property=\"og:image:type\" content=\"image\/png\" \/>\n<meta name=\"twitter:card\" content=\"summary_large_image\" \/>\n<script type=\"application\/ld+json\" class=\"yoast-schema-graph\">{\"@context\":\"https:\/\/schema.org\",\"@graph\":[{\"@type\":\"WebPage\",\"@id\":\"https:\/\/www.teleclub.com.py\/index.php\/product\/kit-logitech-mk295-silent-wireless-920-009792-teclado-mouse-inalambricos-espanol-negro\/\",\"url\":\"https:\/\/www.teleclub.com.py\/index.php\/product\/kit-logitech-mk295-silent-wireless-920-009792-teclado-mouse-inalambricos-espanol-negro\/\",\"name\":\"Kit Logitech MK295 Silent Wireless 920-009792 Teclado + Mouse inal\u00e1mbricos Espa\u00f1ol - Negro - Teleclub\",\"isPartOf\":{\"@id\":\"https:\/\/www.teleclub.com.py\/#website\"},\"primaryImageOfPage\":{\"@id\":\"https:\/\/www.teleclub.com.py\/index.php\/product\/kit-logitech-mk295-silent-wireless-920-009792-teclado-mouse-inalambricos-espanol-negro\/#primaryimage\"},\"image\":{\"@id\":\"https:\/\/www.teleclub.com.py\/index.php\/product\/kit-logitech-mk295-silent-wireless-920-009792-teclado-mouse-inalambricos-espanol-negro\/#primaryimage\"},\"thumbnailUrl\":\"https:\/\/www.teleclub.com.py\/wp-content\/uploads\/2024\/08\/aa-46.png\",\"datePublished\":\"2024-08-26T01:56:18+00:00\",\"dateModified\":\"2024-08-26T19:11:59+00:00\",\"breadcrumb\":{\"@id\":\"https:\/\/www.teleclub.com.py\/index.php\/product\/kit-logitech-mk295-silent-wireless-920-009792-teclado-mouse-inalambricos-espanol-negro\/#breadcrumb\"},\"inLanguage\":\"es\",\"potentialAction\":[{\"@type\":\"ReadAction\",\"target\":[\"https:\/\/www.teleclub.com.py\/index.php\/product\/kit-logitech-mk295-silent-wireless-920-009792-teclado-mouse-inalambricos-espanol-negro\/\"]}]},{\"@type\":\"ImageObject\",\"inLanguage\":\"es\",\"@id\":\"https:\/\/www.teleclub.com.py\/index.php\/product\/kit-logitech-mk295-silent-wireless-920-009792-teclado-mouse-inalambricos-espanol-negro\/#primaryimage\",\"url\":\"https:\/\/www.teleclub.com.py\/wp-content\/uploads\/2024\/08\/aa-46.png\",\"contentUrl\":\"https:\/\/www.teleclub.com.py\/wp-content\/uploads\/2024\/08\/aa-46.png\",\"width\":600,\"height\":600},{\"@type\":\"BreadcrumbList\",\"@id\":\"https:\/\/www.teleclub.com.py\/index.php\/product\/kit-logitech-mk295-silent-wireless-920-009792-teclado-mouse-inalambricos-espanol-negro\/#breadcrumb\",\"itemListElement\":[{\"@type\":\"ListItem\",\"position\":1,\"name\":\"Portada\",\"item\":\"https:\/\/www.teleclub.com.py\/\"},{\"@type\":\"ListItem\",\"position\":2,\"name\":\"Shop\",\"item\":\"https:\/\/www.teleclub.com.py\/index.php\/shop-2\/\"},{\"@type\":\"ListItem\",\"position\":3,\"name\":\"Kit Logitech MK295 Silent Wireless 920-009792 Teclado + Mouse inal\u00e1mbricos Espa\u00f1ol &#8211; Negro\"}]},{\"@type\":\"WebSite\",\"@id\":\"https:\/\/www.teleclub.com.py\/#website\",\"url\":\"https:\/\/www.teleclub.com.py\/\",\"name\":\"Teleclub\",\"description\":\"Tu tienda online\",\"publisher\":{\"@id\":\"https:\/\/www.teleclub.com.py\/#organization\"},\"potentialAction\":[{\"@type\":\"SearchAction\",\"target\":{\"@type\":\"EntryPoint\",\"urlTemplate\":\"https:\/\/www.teleclub.com.py\/?s={search_term_string}\"},\"query-input\":{\"@type\":\"PropertyValueSpecification\",\"valueRequired\":true,\"valueName\":\"search_term_string\"}}],\"inLanguage\":\"es\"},{\"@type\":\"Organization\",\"@id\":\"https:\/\/www.teleclub.com.py\/#organization\",\"name\":\"Teleclub\",\"url\":\"https:\/\/www.teleclub.com.py\/\",\"logo\":{\"@type\":\"ImageObject\",\"inLanguage\":\"es\",\"@id\":\"https:\/\/www.teleclub.com.py\/#\/schema\/logo\/image\/\",\"url\":\"https:\/\/www.teleclub.com.py\/wp-content\/uploads\/2024\/09\/1611317346760_TeleClub_logo_FondoBlanco-2.jpg\",\"contentUrl\":\"https:\/\/www.teleclub.com.py\/wp-content\/uploads\/2024\/09\/1611317346760_TeleClub_logo_FondoBlanco-2.jpg\",\"width\":1600,\"height\":1600,\"caption\":\"Teleclub\"},\"image\":{\"@id\":\"https:\/\/www.teleclub.com.py\/#\/schema\/logo\/image\/\"},\"sameAs\":[\"https:\/\/www.facebook.com\/teleclubpy\",\"https:\/\/www.instagram.com\/teleclubpy\"]}]}<\/script>\n<!-- \/ Yoast SEO plugin. -->","yoast_head_json":{"title":"Kit Logitech MK295 Silent Wireless 920-009792 Teclado + Mouse inal\u00e1mbricos Espa\u00f1ol - Negro - Teleclub","robots":{"index":"index","follow":"follow","max-snippet":"max-snippet:-1","max-image-preview":"max-image-preview:large","max-video-preview":"max-video-preview:-1"},"canonical":"https:\/\/www.teleclub.com.py\/index.php\/product\/kit-logitech-mk295-silent-wireless-920-009792-teclado-mouse-inalambricos-espanol-negro\/","og_locale":"es_ES","og_type":"article","og_title":"Kit Logitech MK295 Silent Wireless 920-009792 Teclado + Mouse inal\u00e1mbricos Espa\u00f1ol - Negro - Teleclub","og_description":"Tipo de teclado:\u00a0Membrana  Distribuci\u00f3n:\u00a0Espa\u00f1ol  Tipo de mouse:\u00a0\u00d3ptico  Conexi\u00f3n del teclado y mouse:\u00a0USB RF","og_url":"https:\/\/www.teleclub.com.py\/index.php\/product\/kit-logitech-mk295-silent-wireless-920-009792-teclado-mouse-inalambricos-espanol-negro\/","og_site_name":"Teleclub","article_publisher":"https:\/\/www.facebook.com\/teleclubpy","article_modified_time":"2024-08-26T19:11:59+00:00","og_image":[{"width":600,"height":600,"url":"https:\/\/www.teleclub.com.py\/wp-content\/uploads\/2024\/08\/aa-46.png","type":"image\/png"}],"twitter_card":"summary_large_image","schema":{"@context":"https:\/\/schema.org","@graph":[{"@type":"WebPage","@id":"https:\/\/www.teleclub.com.py\/index.php\/product\/kit-logitech-mk295-silent-wireless-920-009792-teclado-mouse-inalambricos-espanol-negro\/","url":"https:\/\/www.teleclub.com.py\/index.php\/product\/kit-logitech-mk295-silent-wireless-920-009792-teclado-mouse-inalambricos-espanol-negro\/","name":"Kit Logitech MK295 Silent Wireless 920-009792 Teclado + Mouse inal\u00e1mbricos Espa\u00f1ol - Negro - Teleclub","isPartOf":{"@id":"https:\/\/www.teleclub.com.py\/#website"},"primaryImageOfPage":{"@id":"https:\/\/www.teleclub.com.py\/index.php\/product\/kit-logitech-mk295-silent-wireless-920-009792-teclado-mouse-inalambricos-espanol-negro\/#primaryimage"},"image":{"@id":"https:\/\/www.teleclub.com.py\/index.php\/product\/kit-logitech-mk295-silent-wireless-920-009792-teclado-mouse-inalambricos-espanol-negro\/#primaryimage"},"thumbnailUrl":"https:\/\/www.teleclub.com.py\/wp-content\/uploads\/2024\/08\/aa-46.png","datePublished":"2024-08-26T01:56:18+00:00","dateModified":"2024-08-26T19:11:59+00:00","breadcrumb":{"@id":"https:\/\/www.teleclub.com.py\/index.php\/product\/kit-logitech-mk295-silent-wireless-920-009792-teclado-mouse-inalambricos-espanol-negro\/#breadcrumb"},"inLanguage":"es","potentialAction":[{"@type":"ReadAction","target":["https:\/\/www.teleclub.com.py\/index.php\/product\/kit-logitech-mk295-silent-wireless-920-009792-teclado-mouse-inalambricos-espanol-negro\/"]}]},{"@type":"ImageObject","inLanguage":"es","@id":"https:\/\/www.teleclub.com.py\/index.php\/product\/kit-logitech-mk295-silent-wireless-920-009792-teclado-mouse-inalambricos-espanol-negro\/#primaryimage","url":"https:\/\/www.teleclub.com.py\/wp-content\/uploads\/2024\/08\/aa-46.png","contentUrl":"https:\/\/www.teleclub.com.py\/wp-content\/uploads\/2024\/08\/aa-46.png","width":600,"height":600},{"@type":"BreadcrumbList","@id":"https:\/\/www.teleclub.com.py\/index.php\/product\/kit-logitech-mk295-silent-wireless-920-009792-teclado-mouse-inalambricos-espanol-negro\/#breadcrumb","itemListElement":[{"@type":"ListItem","position":1,"name":"Portada","item":"https:\/\/www.teleclub.com.py\/"},{"@type":"ListItem","position":2,"name":"Shop","item":"https:\/\/www.teleclub.com.py\/index.php\/shop-2\/"},{"@type":"ListItem","position":3,"name":"Kit Logitech MK295 Silent Wireless 920-009792 Teclado + Mouse inal\u00e1mbricos Espa\u00f1ol &#8211; Negro"}]},{"@type":"WebSite","@id":"https:\/\/www.teleclub.com.py\/#website","url":"https:\/\/www.teleclub.com.py\/","name":"Teleclub","description":"Tu tienda online","publisher":{"@id":"https:\/\/www.teleclub.com.py\/#organization"},"potentialAction":[{"@type":"SearchAction","target":{"@type":"EntryPoint","urlTemplate":"https:\/\/www.teleclub.com.py\/?s={search_term_string}"},"query-input":{"@type":"PropertyValueSpecification","valueRequired":true,"valueName":"search_term_string"}}],"inLanguage":"es"},{"@type":"Organization","@id":"https:\/\/www.teleclub.com.py\/#organization","name":"Teleclub","url":"https:\/\/www.teleclub.com.py\/","logo":{"@type":"ImageObject","inLanguage":"es","@id":"https:\/\/www.teleclub.com.py\/#\/schema\/logo\/image\/","url":"https:\/\/www.teleclub.com.py\/wp-content\/uploads\/2024\/09\/1611317346760_TeleClub_logo_FondoBlanco-2.jpg","contentUrl":"https:\/\/www.teleclub.com.py\/wp-content\/uploads\/2024\/09\/1611317346760_TeleClub_logo_FondoBlanco-2.jpg","width":1600,"height":1600,"caption":"Teleclub"},"image":{"@id":"https:\/\/www.teleclub.com.py\/#\/schema\/logo\/image\/"},"sameAs":["https:\/\/www.facebook.com\/teleclubpy","https:\/\/www.instagram.com\/teleclubpy"]}]}},"_links":{"self":[{"href":"https:\/\/www.teleclub.com.py\/index.php\/wp-json\/wp\/v2\/product\/8125","targetHints":{"allow":["GET"]}}],"collection":[{"href":"https:\/\/www.teleclub.com.py\/index.php\/wp-json\/wp\/v2\/product"}],"about":[{"href":"https:\/\/www.teleclub.com.py\/index.php\/wp-json\/wp\/v2\/types\/product"}],"wp:featuredmedia":[{"embeddable":true,"href":"https:\/\/www.teleclub.com.py\/index.php\/wp-json\/wp\/v2\/media\/8127"}],"wp:attachment":[{"href":"https:\/\/www.teleclub.com.py\/index.php\/wp-json\/wp\/v2\/media?parent=8125"}],"wp:term":[{"taxonomy":"product_cat","embeddable":true,"href":"https:\/\/www.teleclub.com.py\/index.php\/wp-json\/wp\/v2\/product_cat?post=8125"},{"taxonomy":"product_tag","embeddable":true,"href":"https:\/\/www.teleclub.com.py\/index.php\/wp-json\/wp\/v2\/product_tag?post=8125"}],"curies":[{"name":"wp","href":"https:\/\/api.w.org\/{rel}","templated":true}]}}