{"id":8039,"date":"2024-08-25T21:15:39","date_gmt":"2024-08-25T19:15:39","guid":{"rendered":"https:\/\/www.teleclub.com.py\/?post_type=product&#038;p=8039"},"modified":"2025-05-22T17:24:03","modified_gmt":"2025-05-22T20:24:03","slug":"notebook-hp-pavilion-15-eh1070wm-de-15-6-fhd-con-amd-ryzen-7-5700u-8gb-ram-512gb-ssd-w11-azul","status":"publish","type":"product","link":"https:\/\/www.teleclub.com.py\/index.php\/product\/notebook-hp-pavilion-15-eh1070wm-de-15-6-fhd-con-amd-ryzen-7-5700u-8gb-ram-512gb-ssd-w11-azul\/","title":{"rendered":"Notebook HP Pavilion 15-eh1070wm de 15.6&quot; FHD con AMD Ryzen 7 5700U\/8GB RAM\/512GB SSD\/W11 &#8211; Azul"},"content":{"rendered":"<p>La notebook HP Pavilion 15 ofrece m\u00e1s rendimiento en un perfil m\u00e1s peque\u00f1o, para que pueda hacer m\u00e1s donde quiera que vaya. Disfrute de un entretenimiento alucinante con una pantalla de microborde y audio de B&amp;O. Experimente una notebook que puede seguirle el ritmo con un procesador AMD Ryzen 7 de la serie 5000.<\/p>\n","protected":false},"excerpt":{"rendered":"<ul>\n<li><strong>Pantalla:<\/strong>\u00a0IPS de 15.6&#8243; con resoluci\u00f3n Full HD 1920 x 1080p<\/li>\n<li><strong>Procesador:<\/strong>\u00a0AMD Ryzen 7 5700U Octa-Core 1.8 GHz<\/li>\n<li><strong>Memoria RAM:<\/strong>\u00a0DDR4 de 8 GB<\/li>\n<li><strong>Memoria de almacenamiento:<\/strong>\u00a0SSD M.2 NVMe de 512 GB<\/li>\n<li><strong>Gr\u00e1ficos:<\/strong>\u00a0AMD Radeon<\/li>\n<li><strong>Sistema operativo:<\/strong>\u00a0Windows 10 Home<\/li>\n<\/ul>\n","protected":false},"featured_media":8040,"template":"","meta":{"om_disable_all_campaigns":false},"product_cat":[350],"product_tag":[],"class_list":{"0":"post-8039","1":"product","2":"type-product","3":"status-publish","4":"has-post-thumbnail","6":"product_cat-notebooks-informatica-electronica","8":"first","9":"outofstock","10":"shipping-taxable","11":"purchasable","12":"product-type-simple"},"yoast_head":"<!-- This site is optimized with the Yoast SEO plugin v23.6 - https:\/\/yoast.com\/wordpress\/plugins\/seo\/ -->\n<title>Notebook HP Pavilion 15-eh1070wm de 15.6&quot; FHD con AMD Ryzen 7 5700U\/8GB RAM\/512GB SSD\/W11 - Azul - Teleclub<\/title>\n<meta name=\"robots\" content=\"index, follow, max-snippet:-1, max-image-preview:large, max-video-preview:-1\" \/>\n<link rel=\"canonical\" href=\"https:\/\/www.teleclub.com.py\/index.php\/product\/notebook-hp-pavilion-15-eh1070wm-de-15-6-fhd-con-amd-ryzen-7-5700u-8gb-ram-512gb-ssd-w11-azul\/\" \/>\n<meta property=\"og:locale\" content=\"es_ES\" \/>\n<meta property=\"og:type\" content=\"article\" \/>\n<meta property=\"og:title\" content=\"Notebook HP Pavilion 15-eh1070wm de 15.6&quot; FHD con AMD Ryzen 7 5700U\/8GB RAM\/512GB SSD\/W11 - Azul - Teleclub\" \/>\n<meta property=\"og:description\" content=\"Pantalla:\u00a0IPS de 15.6&quot; con resoluci\u00f3n Full HD 1920 x 1080p  Procesador:\u00a0AMD Ryzen 7 5700U Octa-Core 1.8 GHz  Memoria RAM:\u00a0DDR4 de 8 GB  Memoria de almacenamiento:\u00a0SSD M.2 NVMe de 512 GB  Gr\u00e1ficos:\u00a0AMD Radeon  Sistema operativo:\u00a0Windows 10 Home\" \/>\n<meta property=\"og:url\" content=\"https:\/\/www.teleclub.com.py\/index.php\/product\/notebook-hp-pavilion-15-eh1070wm-de-15-6-fhd-con-amd-ryzen-7-5700u-8gb-ram-512gb-ssd-w11-azul\/\" \/>\n<meta property=\"og:site_name\" content=\"Teleclub\" \/>\n<meta property=\"article:publisher\" content=\"https:\/\/www.facebook.com\/teleclubpy\" \/>\n<meta property=\"article:modified_time\" content=\"2025-05-22T20:24:03+00:00\" \/>\n<meta property=\"og:image\" content=\"https:\/\/www.teleclub.com.py\/wp-content\/uploads\/2024\/08\/aa-35.png\" \/>\n\t<meta property=\"og:image:width\" content=\"252\" \/>\n\t<meta property=\"og:image:height\" content=\"225\" \/>\n\t<meta property=\"og:image:type\" content=\"image\/png\" \/>\n<meta name=\"twitter:card\" content=\"summary_large_image\" \/>\n<script type=\"application\/ld+json\" class=\"yoast-schema-graph\">{\"@context\":\"https:\/\/schema.org\",\"@graph\":[{\"@type\":\"WebPage\",\"@id\":\"https:\/\/www.teleclub.com.py\/index.php\/product\/notebook-hp-pavilion-15-eh1070wm-de-15-6-fhd-con-amd-ryzen-7-5700u-8gb-ram-512gb-ssd-w11-azul\/\",\"url\":\"https:\/\/www.teleclub.com.py\/index.php\/product\/notebook-hp-pavilion-15-eh1070wm-de-15-6-fhd-con-amd-ryzen-7-5700u-8gb-ram-512gb-ssd-w11-azul\/\",\"name\":\"Notebook HP Pavilion 15-eh1070wm de 15.6&quot; FHD con AMD Ryzen 7 5700U\/8GB RAM\/512GB SSD\/W11 - Azul - Teleclub\",\"isPartOf\":{\"@id\":\"https:\/\/www.teleclub.com.py\/#website\"},\"primaryImageOfPage\":{\"@id\":\"https:\/\/www.teleclub.com.py\/index.php\/product\/notebook-hp-pavilion-15-eh1070wm-de-15-6-fhd-con-amd-ryzen-7-5700u-8gb-ram-512gb-ssd-w11-azul\/#primaryimage\"},\"image\":{\"@id\":\"https:\/\/www.teleclub.com.py\/index.php\/product\/notebook-hp-pavilion-15-eh1070wm-de-15-6-fhd-con-amd-ryzen-7-5700u-8gb-ram-512gb-ssd-w11-azul\/#primaryimage\"},\"thumbnailUrl\":\"https:\/\/www.teleclub.com.py\/wp-content\/uploads\/2024\/08\/aa-35.png\",\"datePublished\":\"2024-08-25T19:15:39+00:00\",\"dateModified\":\"2025-05-22T20:24:03+00:00\",\"breadcrumb\":{\"@id\":\"https:\/\/www.teleclub.com.py\/index.php\/product\/notebook-hp-pavilion-15-eh1070wm-de-15-6-fhd-con-amd-ryzen-7-5700u-8gb-ram-512gb-ssd-w11-azul\/#breadcrumb\"},\"inLanguage\":\"es\",\"potentialAction\":[{\"@type\":\"ReadAction\",\"target\":[\"https:\/\/www.teleclub.com.py\/index.php\/product\/notebook-hp-pavilion-15-eh1070wm-de-15-6-fhd-con-amd-ryzen-7-5700u-8gb-ram-512gb-ssd-w11-azul\/\"]}]},{\"@type\":\"ImageObject\",\"inLanguage\":\"es\",\"@id\":\"https:\/\/www.teleclub.com.py\/index.php\/product\/notebook-hp-pavilion-15-eh1070wm-de-15-6-fhd-con-amd-ryzen-7-5700u-8gb-ram-512gb-ssd-w11-azul\/#primaryimage\",\"url\":\"https:\/\/www.teleclub.com.py\/wp-content\/uploads\/2024\/08\/aa-35.png\",\"contentUrl\":\"https:\/\/www.teleclub.com.py\/wp-content\/uploads\/2024\/08\/aa-35.png\",\"width\":252,\"height\":225},{\"@type\":\"BreadcrumbList\",\"@id\":\"https:\/\/www.teleclub.com.py\/index.php\/product\/notebook-hp-pavilion-15-eh1070wm-de-15-6-fhd-con-amd-ryzen-7-5700u-8gb-ram-512gb-ssd-w11-azul\/#breadcrumb\",\"itemListElement\":[{\"@type\":\"ListItem\",\"position\":1,\"name\":\"Portada\",\"item\":\"https:\/\/www.teleclub.com.py\/\"},{\"@type\":\"ListItem\",\"position\":2,\"name\":\"Shop\",\"item\":\"https:\/\/www.teleclub.com.py\/index.php\/shop-2\/\"},{\"@type\":\"ListItem\",\"position\":3,\"name\":\"Notebook HP Pavilion 15-eh1070wm de 15.6&quot; FHD con AMD Ryzen 7 5700U\/8GB RAM\/512GB SSD\/W11 &#8211; Azul\"}]},{\"@type\":\"WebSite\",\"@id\":\"https:\/\/www.teleclub.com.py\/#website\",\"url\":\"https:\/\/www.teleclub.com.py\/\",\"name\":\"Teleclub\",\"description\":\"Tu tienda online\",\"publisher\":{\"@id\":\"https:\/\/www.teleclub.com.py\/#organization\"},\"potentialAction\":[{\"@type\":\"SearchAction\",\"target\":{\"@type\":\"EntryPoint\",\"urlTemplate\":\"https:\/\/www.teleclub.com.py\/?s={search_term_string}\"},\"query-input\":{\"@type\":\"PropertyValueSpecification\",\"valueRequired\":true,\"valueName\":\"search_term_string\"}}],\"inLanguage\":\"es\"},{\"@type\":\"Organization\",\"@id\":\"https:\/\/www.teleclub.com.py\/#organization\",\"name\":\"Teleclub\",\"url\":\"https:\/\/www.teleclub.com.py\/\",\"logo\":{\"@type\":\"ImageObject\",\"inLanguage\":\"es\",\"@id\":\"https:\/\/www.teleclub.com.py\/#\/schema\/logo\/image\/\",\"url\":\"https:\/\/www.teleclub.com.py\/wp-content\/uploads\/2024\/09\/1611317346760_TeleClub_logo_FondoBlanco-2.jpg\",\"contentUrl\":\"https:\/\/www.teleclub.com.py\/wp-content\/uploads\/2024\/09\/1611317346760_TeleClub_logo_FondoBlanco-2.jpg\",\"width\":1600,\"height\":1600,\"caption\":\"Teleclub\"},\"image\":{\"@id\":\"https:\/\/www.teleclub.com.py\/#\/schema\/logo\/image\/\"},\"sameAs\":[\"https:\/\/www.facebook.com\/teleclubpy\",\"https:\/\/www.instagram.com\/teleclubpy\"]}]}<\/script>\n<!-- \/ Yoast SEO plugin. -->","yoast_head_json":{"title":"Notebook HP Pavilion 15-eh1070wm de 15.6&quot; FHD con AMD Ryzen 7 5700U\/8GB RAM\/512GB SSD\/W11 - Azul - Teleclub","robots":{"index":"index","follow":"follow","max-snippet":"max-snippet:-1","max-image-preview":"max-image-preview:large","max-video-preview":"max-video-preview:-1"},"canonical":"https:\/\/www.teleclub.com.py\/index.php\/product\/notebook-hp-pavilion-15-eh1070wm-de-15-6-fhd-con-amd-ryzen-7-5700u-8gb-ram-512gb-ssd-w11-azul\/","og_locale":"es_ES","og_type":"article","og_title":"Notebook HP Pavilion 15-eh1070wm de 15.6&quot; FHD con AMD Ryzen 7 5700U\/8GB RAM\/512GB SSD\/W11 - Azul - Teleclub","og_description":"Pantalla:\u00a0IPS de 15.6\" con resoluci\u00f3n Full HD 1920 x 1080p  Procesador:\u00a0AMD Ryzen 7 5700U Octa-Core 1.8 GHz  Memoria RAM:\u00a0DDR4 de 8 GB  Memoria de almacenamiento:\u00a0SSD M.2 NVMe de 512 GB  Gr\u00e1ficos:\u00a0AMD Radeon  Sistema operativo:\u00a0Windows 10 Home","og_url":"https:\/\/www.teleclub.com.py\/index.php\/product\/notebook-hp-pavilion-15-eh1070wm-de-15-6-fhd-con-amd-ryzen-7-5700u-8gb-ram-512gb-ssd-w11-azul\/","og_site_name":"Teleclub","article_publisher":"https:\/\/www.facebook.com\/teleclubpy","article_modified_time":"2025-05-22T20:24:03+00:00","og_image":[{"width":252,"height":225,"url":"https:\/\/www.teleclub.com.py\/wp-content\/uploads\/2024\/08\/aa-35.png","type":"image\/png"}],"twitter_card":"summary_large_image","schema":{"@context":"https:\/\/schema.org","@graph":[{"@type":"WebPage","@id":"https:\/\/www.teleclub.com.py\/index.php\/product\/notebook-hp-pavilion-15-eh1070wm-de-15-6-fhd-con-amd-ryzen-7-5700u-8gb-ram-512gb-ssd-w11-azul\/","url":"https:\/\/www.teleclub.com.py\/index.php\/product\/notebook-hp-pavilion-15-eh1070wm-de-15-6-fhd-con-amd-ryzen-7-5700u-8gb-ram-512gb-ssd-w11-azul\/","name":"Notebook HP Pavilion 15-eh1070wm de 15.6&quot; FHD con AMD Ryzen 7 5700U\/8GB RAM\/512GB SSD\/W11 - Azul - Teleclub","isPartOf":{"@id":"https:\/\/www.teleclub.com.py\/#website"},"primaryImageOfPage":{"@id":"https:\/\/www.teleclub.com.py\/index.php\/product\/notebook-hp-pavilion-15-eh1070wm-de-15-6-fhd-con-amd-ryzen-7-5700u-8gb-ram-512gb-ssd-w11-azul\/#primaryimage"},"image":{"@id":"https:\/\/www.teleclub.com.py\/index.php\/product\/notebook-hp-pavilion-15-eh1070wm-de-15-6-fhd-con-amd-ryzen-7-5700u-8gb-ram-512gb-ssd-w11-azul\/#primaryimage"},"thumbnailUrl":"https:\/\/www.teleclub.com.py\/wp-content\/uploads\/2024\/08\/aa-35.png","datePublished":"2024-08-25T19:15:39+00:00","dateModified":"2025-05-22T20:24:03+00:00","breadcrumb":{"@id":"https:\/\/www.teleclub.com.py\/index.php\/product\/notebook-hp-pavilion-15-eh1070wm-de-15-6-fhd-con-amd-ryzen-7-5700u-8gb-ram-512gb-ssd-w11-azul\/#breadcrumb"},"inLanguage":"es","potentialAction":[{"@type":"ReadAction","target":["https:\/\/www.teleclub.com.py\/index.php\/product\/notebook-hp-pavilion-15-eh1070wm-de-15-6-fhd-con-amd-ryzen-7-5700u-8gb-ram-512gb-ssd-w11-azul\/"]}]},{"@type":"ImageObject","inLanguage":"es","@id":"https:\/\/www.teleclub.com.py\/index.php\/product\/notebook-hp-pavilion-15-eh1070wm-de-15-6-fhd-con-amd-ryzen-7-5700u-8gb-ram-512gb-ssd-w11-azul\/#primaryimage","url":"https:\/\/www.teleclub.com.py\/wp-content\/uploads\/2024\/08\/aa-35.png","contentUrl":"https:\/\/www.teleclub.com.py\/wp-content\/uploads\/2024\/08\/aa-35.png","width":252,"height":225},{"@type":"BreadcrumbList","@id":"https:\/\/www.teleclub.com.py\/index.php\/product\/notebook-hp-pavilion-15-eh1070wm-de-15-6-fhd-con-amd-ryzen-7-5700u-8gb-ram-512gb-ssd-w11-azul\/#breadcrumb","itemListElement":[{"@type":"ListItem","position":1,"name":"Portada","item":"https:\/\/www.teleclub.com.py\/"},{"@type":"ListItem","position":2,"name":"Shop","item":"https:\/\/www.teleclub.com.py\/index.php\/shop-2\/"},{"@type":"ListItem","position":3,"name":"Notebook HP Pavilion 15-eh1070wm de 15.6&quot; FHD con AMD Ryzen 7 5700U\/8GB RAM\/512GB SSD\/W11 &#8211; Azul"}]},{"@type":"WebSite","@id":"https:\/\/www.teleclub.com.py\/#website","url":"https:\/\/www.teleclub.com.py\/","name":"Teleclub","description":"Tu tienda online","publisher":{"@id":"https:\/\/www.teleclub.com.py\/#organization"},"potentialAction":[{"@type":"SearchAction","target":{"@type":"EntryPoint","urlTemplate":"https:\/\/www.teleclub.com.py\/?s={search_term_string}"},"query-input":{"@type":"PropertyValueSpecification","valueRequired":true,"valueName":"search_term_string"}}],"inLanguage":"es"},{"@type":"Organization","@id":"https:\/\/www.teleclub.com.py\/#organization","name":"Teleclub","url":"https:\/\/www.teleclub.com.py\/","logo":{"@type":"ImageObject","inLanguage":"es","@id":"https:\/\/www.teleclub.com.py\/#\/schema\/logo\/image\/","url":"https:\/\/www.teleclub.com.py\/wp-content\/uploads\/2024\/09\/1611317346760_TeleClub_logo_FondoBlanco-2.jpg","contentUrl":"https:\/\/www.teleclub.com.py\/wp-content\/uploads\/2024\/09\/1611317346760_TeleClub_logo_FondoBlanco-2.jpg","width":1600,"height":1600,"caption":"Teleclub"},"image":{"@id":"https:\/\/www.teleclub.com.py\/#\/schema\/logo\/image\/"},"sameAs":["https:\/\/www.facebook.com\/teleclubpy","https:\/\/www.instagram.com\/teleclubpy"]}]}},"_links":{"self":[{"href":"https:\/\/www.teleclub.com.py\/index.php\/wp-json\/wp\/v2\/product\/8039","targetHints":{"allow":["GET"]}}],"collection":[{"href":"https:\/\/www.teleclub.com.py\/index.php\/wp-json\/wp\/v2\/product"}],"about":[{"href":"https:\/\/www.teleclub.com.py\/index.php\/wp-json\/wp\/v2\/types\/product"}],"wp:featuredmedia":[{"embeddable":true,"href":"https:\/\/www.teleclub.com.py\/index.php\/wp-json\/wp\/v2\/media\/8040"}],"wp:attachment":[{"href":"https:\/\/www.teleclub.com.py\/index.php\/wp-json\/wp\/v2\/media?parent=8039"}],"wp:term":[{"taxonomy":"product_cat","embeddable":true,"href":"https:\/\/www.teleclub.com.py\/index.php\/wp-json\/wp\/v2\/product_cat?post=8039"},{"taxonomy":"product_tag","embeddable":true,"href":"https:\/\/www.teleclub.com.py\/index.php\/wp-json\/wp\/v2\/product_tag?post=8039"}],"curies":[{"name":"wp","href":"https:\/\/api.w.org\/{rel}","templated":true}]}}