{"id":7718,"date":"2024-08-24T05:19:42","date_gmt":"2024-08-24T03:19:42","guid":{"rendered":"https:\/\/www.teleclub.com.py\/?post_type=product&#038;p=7718"},"modified":"2024-08-27T00:26:20","modified_gmt":"2024-08-26T22:26:20","slug":"mouse-pad-corsair-ch-9412560-mm250-champion-xl-de-450x400mm-negro","status":"publish","type":"product","link":"https:\/\/www.teleclub.com.py\/index.php\/product\/mouse-pad-corsair-ch-9412560-mm250-champion-xl-de-450x400mm-negro\/","title":{"rendered":"Mouse Pad Corsair CH-9412560 MM250 Champion XL de 450X400mm &#8211; Negro"},"content":{"rendered":"<p>El mouse pad Gamer Corsair MM250 Champion Series tiene una superficie superficie de tejido textil id\u00f3nea para el deslizamiento y un amplio tama\u00f1ode XL (450 x 400mm), optimizada para ratones de juego con sensor \u00f3ptico y l\u00e1ser de alto rendimiento. Ofrece comodidad para grandes jugadas, disfrute de la comodidad que necesita para jugar por m\u00e1s tiempo gracias al dise\u00f1o de goma de lujo de 5mm de grosor y a la base de goma antideslizante que impedir\u00e1 que el mouse pad se mueva.<\/p>\n","protected":false},"excerpt":{"rendered":"<ul>\n<li><strong>Dise\u00f1o:\u00a0<\/strong>Duradero y resistente<\/li>\n<li><strong>Base de goma:<\/strong>\u00a0Antideslizante<\/li>\n<li><strong>Material:\u00a0<\/strong>Textil<\/li>\n<li><strong>Ideal para:<\/strong>\u00a0Largas sesiones de juego<\/li>\n<li><strong>Tama\u00f1o:<\/strong>\u00a045 x 40 x 0.5 cm<\/li>\n<\/ul>\n","protected":false},"featured_media":7722,"template":"","meta":{"om_disable_all_campaigns":false},"product_cat":[359,405],"product_tag":[],"class_list":{"0":"post-7718","1":"product","2":"type-product","3":"status-publish","4":"has-post-thumbnail","6":"product_cat-accesorios-informatica-electronica","7":"product_cat-zona-gaming","9":"first","10":"instock","11":"shipping-taxable","12":"purchasable","13":"product-type-simple"},"yoast_head":"<!-- This site is optimized with the Yoast SEO plugin v23.6 - https:\/\/yoast.com\/wordpress\/plugins\/seo\/ -->\n<title>Mouse Pad Corsair CH-9412560 MM250 Champion XL de 450X400mm - Negro - Teleclub<\/title>\n<meta name=\"robots\" content=\"index, follow, max-snippet:-1, max-image-preview:large, max-video-preview:-1\" \/>\n<link rel=\"canonical\" href=\"https:\/\/www.teleclub.com.py\/index.php\/product\/mouse-pad-corsair-ch-9412560-mm250-champion-xl-de-450x400mm-negro\/\" \/>\n<meta property=\"og:locale\" content=\"es_ES\" \/>\n<meta property=\"og:type\" content=\"article\" \/>\n<meta property=\"og:title\" content=\"Mouse Pad Corsair CH-9412560 MM250 Champion XL de 450X400mm - Negro - Teleclub\" \/>\n<meta property=\"og:description\" content=\"Dise\u00f1o:\u00a0Duradero y resistente  Base de goma:\u00a0Antideslizante  Material:\u00a0Textil  Ideal para:\u00a0Largas sesiones de juego  Tama\u00f1o:\u00a045 x 40 x 0.5 cm\" \/>\n<meta property=\"og:url\" content=\"https:\/\/www.teleclub.com.py\/index.php\/product\/mouse-pad-corsair-ch-9412560-mm250-champion-xl-de-450x400mm-negro\/\" \/>\n<meta property=\"og:site_name\" content=\"Teleclub\" \/>\n<meta property=\"article:publisher\" content=\"https:\/\/www.facebook.com\/teleclubpy\" \/>\n<meta property=\"article:modified_time\" content=\"2024-08-26T22:26:20+00:00\" \/>\n<meta property=\"og:image\" content=\"https:\/\/www.teleclub.com.py\/wp-content\/uploads\/2024\/08\/mouse_pad_gamer_corsair_mm350_ch.png\" \/>\n\t<meta property=\"og:image:width\" content=\"600\" \/>\n\t<meta property=\"og:image:height\" content=\"600\" \/>\n\t<meta property=\"og:image:type\" content=\"image\/png\" \/>\n<meta name=\"twitter:card\" content=\"summary_large_image\" \/>\n<script type=\"application\/ld+json\" class=\"yoast-schema-graph\">{\"@context\":\"https:\/\/schema.org\",\"@graph\":[{\"@type\":\"WebPage\",\"@id\":\"https:\/\/www.teleclub.com.py\/index.php\/product\/mouse-pad-corsair-ch-9412560-mm250-champion-xl-de-450x400mm-negro\/\",\"url\":\"https:\/\/www.teleclub.com.py\/index.php\/product\/mouse-pad-corsair-ch-9412560-mm250-champion-xl-de-450x400mm-negro\/\",\"name\":\"Mouse Pad Corsair CH-9412560 MM250 Champion XL de 450X400mm - Negro - Teleclub\",\"isPartOf\":{\"@id\":\"https:\/\/www.teleclub.com.py\/#website\"},\"primaryImageOfPage\":{\"@id\":\"https:\/\/www.teleclub.com.py\/index.php\/product\/mouse-pad-corsair-ch-9412560-mm250-champion-xl-de-450x400mm-negro\/#primaryimage\"},\"image\":{\"@id\":\"https:\/\/www.teleclub.com.py\/index.php\/product\/mouse-pad-corsair-ch-9412560-mm250-champion-xl-de-450x400mm-negro\/#primaryimage\"},\"thumbnailUrl\":\"https:\/\/www.teleclub.com.py\/wp-content\/uploads\/2024\/08\/mouse_pad_gamer_corsair_mm350_ch.png\",\"datePublished\":\"2024-08-24T03:19:42+00:00\",\"dateModified\":\"2024-08-26T22:26:20+00:00\",\"breadcrumb\":{\"@id\":\"https:\/\/www.teleclub.com.py\/index.php\/product\/mouse-pad-corsair-ch-9412560-mm250-champion-xl-de-450x400mm-negro\/#breadcrumb\"},\"inLanguage\":\"es\",\"potentialAction\":[{\"@type\":\"ReadAction\",\"target\":[\"https:\/\/www.teleclub.com.py\/index.php\/product\/mouse-pad-corsair-ch-9412560-mm250-champion-xl-de-450x400mm-negro\/\"]}]},{\"@type\":\"ImageObject\",\"inLanguage\":\"es\",\"@id\":\"https:\/\/www.teleclub.com.py\/index.php\/product\/mouse-pad-corsair-ch-9412560-mm250-champion-xl-de-450x400mm-negro\/#primaryimage\",\"url\":\"https:\/\/www.teleclub.com.py\/wp-content\/uploads\/2024\/08\/mouse_pad_gamer_corsair_mm350_ch.png\",\"contentUrl\":\"https:\/\/www.teleclub.com.py\/wp-content\/uploads\/2024\/08\/mouse_pad_gamer_corsair_mm350_ch.png\",\"width\":600,\"height\":600},{\"@type\":\"BreadcrumbList\",\"@id\":\"https:\/\/www.teleclub.com.py\/index.php\/product\/mouse-pad-corsair-ch-9412560-mm250-champion-xl-de-450x400mm-negro\/#breadcrumb\",\"itemListElement\":[{\"@type\":\"ListItem\",\"position\":1,\"name\":\"Portada\",\"item\":\"https:\/\/www.teleclub.com.py\/\"},{\"@type\":\"ListItem\",\"position\":2,\"name\":\"Shop\",\"item\":\"https:\/\/www.teleclub.com.py\/index.php\/shop-2\/\"},{\"@type\":\"ListItem\",\"position\":3,\"name\":\"Mouse Pad Corsair CH-9412560 MM250 Champion XL de 450X400mm &#8211; Negro\"}]},{\"@type\":\"WebSite\",\"@id\":\"https:\/\/www.teleclub.com.py\/#website\",\"url\":\"https:\/\/www.teleclub.com.py\/\",\"name\":\"Teleclub\",\"description\":\"Tu tienda online\",\"publisher\":{\"@id\":\"https:\/\/www.teleclub.com.py\/#organization\"},\"potentialAction\":[{\"@type\":\"SearchAction\",\"target\":{\"@type\":\"EntryPoint\",\"urlTemplate\":\"https:\/\/www.teleclub.com.py\/?s={search_term_string}\"},\"query-input\":{\"@type\":\"PropertyValueSpecification\",\"valueRequired\":true,\"valueName\":\"search_term_string\"}}],\"inLanguage\":\"es\"},{\"@type\":\"Organization\",\"@id\":\"https:\/\/www.teleclub.com.py\/#organization\",\"name\":\"Teleclub\",\"url\":\"https:\/\/www.teleclub.com.py\/\",\"logo\":{\"@type\":\"ImageObject\",\"inLanguage\":\"es\",\"@id\":\"https:\/\/www.teleclub.com.py\/#\/schema\/logo\/image\/\",\"url\":\"https:\/\/www.teleclub.com.py\/wp-content\/uploads\/2024\/09\/1611317346760_TeleClub_logo_FondoBlanco-2.jpg\",\"contentUrl\":\"https:\/\/www.teleclub.com.py\/wp-content\/uploads\/2024\/09\/1611317346760_TeleClub_logo_FondoBlanco-2.jpg\",\"width\":1600,\"height\":1600,\"caption\":\"Teleclub\"},\"image\":{\"@id\":\"https:\/\/www.teleclub.com.py\/#\/schema\/logo\/image\/\"},\"sameAs\":[\"https:\/\/www.facebook.com\/teleclubpy\",\"https:\/\/www.instagram.com\/teleclubpy\"]}]}<\/script>\n<!-- \/ Yoast SEO plugin. -->","yoast_head_json":{"title":"Mouse Pad Corsair CH-9412560 MM250 Champion XL de 450X400mm - Negro - Teleclub","robots":{"index":"index","follow":"follow","max-snippet":"max-snippet:-1","max-image-preview":"max-image-preview:large","max-video-preview":"max-video-preview:-1"},"canonical":"https:\/\/www.teleclub.com.py\/index.php\/product\/mouse-pad-corsair-ch-9412560-mm250-champion-xl-de-450x400mm-negro\/","og_locale":"es_ES","og_type":"article","og_title":"Mouse Pad Corsair CH-9412560 MM250 Champion XL de 450X400mm - Negro - Teleclub","og_description":"Dise\u00f1o:\u00a0Duradero y resistente  Base de goma:\u00a0Antideslizante  Material:\u00a0Textil  Ideal para:\u00a0Largas sesiones de juego  Tama\u00f1o:\u00a045 x 40 x 0.5 cm","og_url":"https:\/\/www.teleclub.com.py\/index.php\/product\/mouse-pad-corsair-ch-9412560-mm250-champion-xl-de-450x400mm-negro\/","og_site_name":"Teleclub","article_publisher":"https:\/\/www.facebook.com\/teleclubpy","article_modified_time":"2024-08-26T22:26:20+00:00","og_image":[{"width":600,"height":600,"url":"https:\/\/www.teleclub.com.py\/wp-content\/uploads\/2024\/08\/mouse_pad_gamer_corsair_mm350_ch.png","type":"image\/png"}],"twitter_card":"summary_large_image","schema":{"@context":"https:\/\/schema.org","@graph":[{"@type":"WebPage","@id":"https:\/\/www.teleclub.com.py\/index.php\/product\/mouse-pad-corsair-ch-9412560-mm250-champion-xl-de-450x400mm-negro\/","url":"https:\/\/www.teleclub.com.py\/index.php\/product\/mouse-pad-corsair-ch-9412560-mm250-champion-xl-de-450x400mm-negro\/","name":"Mouse Pad Corsair CH-9412560 MM250 Champion XL de 450X400mm - Negro - Teleclub","isPartOf":{"@id":"https:\/\/www.teleclub.com.py\/#website"},"primaryImageOfPage":{"@id":"https:\/\/www.teleclub.com.py\/index.php\/product\/mouse-pad-corsair-ch-9412560-mm250-champion-xl-de-450x400mm-negro\/#primaryimage"},"image":{"@id":"https:\/\/www.teleclub.com.py\/index.php\/product\/mouse-pad-corsair-ch-9412560-mm250-champion-xl-de-450x400mm-negro\/#primaryimage"},"thumbnailUrl":"https:\/\/www.teleclub.com.py\/wp-content\/uploads\/2024\/08\/mouse_pad_gamer_corsair_mm350_ch.png","datePublished":"2024-08-24T03:19:42+00:00","dateModified":"2024-08-26T22:26:20+00:00","breadcrumb":{"@id":"https:\/\/www.teleclub.com.py\/index.php\/product\/mouse-pad-corsair-ch-9412560-mm250-champion-xl-de-450x400mm-negro\/#breadcrumb"},"inLanguage":"es","potentialAction":[{"@type":"ReadAction","target":["https:\/\/www.teleclub.com.py\/index.php\/product\/mouse-pad-corsair-ch-9412560-mm250-champion-xl-de-450x400mm-negro\/"]}]},{"@type":"ImageObject","inLanguage":"es","@id":"https:\/\/www.teleclub.com.py\/index.php\/product\/mouse-pad-corsair-ch-9412560-mm250-champion-xl-de-450x400mm-negro\/#primaryimage","url":"https:\/\/www.teleclub.com.py\/wp-content\/uploads\/2024\/08\/mouse_pad_gamer_corsair_mm350_ch.png","contentUrl":"https:\/\/www.teleclub.com.py\/wp-content\/uploads\/2024\/08\/mouse_pad_gamer_corsair_mm350_ch.png","width":600,"height":600},{"@type":"BreadcrumbList","@id":"https:\/\/www.teleclub.com.py\/index.php\/product\/mouse-pad-corsair-ch-9412560-mm250-champion-xl-de-450x400mm-negro\/#breadcrumb","itemListElement":[{"@type":"ListItem","position":1,"name":"Portada","item":"https:\/\/www.teleclub.com.py\/"},{"@type":"ListItem","position":2,"name":"Shop","item":"https:\/\/www.teleclub.com.py\/index.php\/shop-2\/"},{"@type":"ListItem","position":3,"name":"Mouse Pad Corsair CH-9412560 MM250 Champion XL de 450X400mm &#8211; Negro"}]},{"@type":"WebSite","@id":"https:\/\/www.teleclub.com.py\/#website","url":"https:\/\/www.teleclub.com.py\/","name":"Teleclub","description":"Tu tienda online","publisher":{"@id":"https:\/\/www.teleclub.com.py\/#organization"},"potentialAction":[{"@type":"SearchAction","target":{"@type":"EntryPoint","urlTemplate":"https:\/\/www.teleclub.com.py\/?s={search_term_string}"},"query-input":{"@type":"PropertyValueSpecification","valueRequired":true,"valueName":"search_term_string"}}],"inLanguage":"es"},{"@type":"Organization","@id":"https:\/\/www.teleclub.com.py\/#organization","name":"Teleclub","url":"https:\/\/www.teleclub.com.py\/","logo":{"@type":"ImageObject","inLanguage":"es","@id":"https:\/\/www.teleclub.com.py\/#\/schema\/logo\/image\/","url":"https:\/\/www.teleclub.com.py\/wp-content\/uploads\/2024\/09\/1611317346760_TeleClub_logo_FondoBlanco-2.jpg","contentUrl":"https:\/\/www.teleclub.com.py\/wp-content\/uploads\/2024\/09\/1611317346760_TeleClub_logo_FondoBlanco-2.jpg","width":1600,"height":1600,"caption":"Teleclub"},"image":{"@id":"https:\/\/www.teleclub.com.py\/#\/schema\/logo\/image\/"},"sameAs":["https:\/\/www.facebook.com\/teleclubpy","https:\/\/www.instagram.com\/teleclubpy"]}]}},"_links":{"self":[{"href":"https:\/\/www.teleclub.com.py\/index.php\/wp-json\/wp\/v2\/product\/7718","targetHints":{"allow":["GET"]}}],"collection":[{"href":"https:\/\/www.teleclub.com.py\/index.php\/wp-json\/wp\/v2\/product"}],"about":[{"href":"https:\/\/www.teleclub.com.py\/index.php\/wp-json\/wp\/v2\/types\/product"}],"wp:featuredmedia":[{"embeddable":true,"href":"https:\/\/www.teleclub.com.py\/index.php\/wp-json\/wp\/v2\/media\/7722"}],"wp:attachment":[{"href":"https:\/\/www.teleclub.com.py\/index.php\/wp-json\/wp\/v2\/media?parent=7718"}],"wp:term":[{"taxonomy":"product_cat","embeddable":true,"href":"https:\/\/www.teleclub.com.py\/index.php\/wp-json\/wp\/v2\/product_cat?post=7718"},{"taxonomy":"product_tag","embeddable":true,"href":"https:\/\/www.teleclub.com.py\/index.php\/wp-json\/wp\/v2\/product_tag?post=7718"}],"curies":[{"name":"wp","href":"https:\/\/api.w.org\/{rel}","templated":true}]}}