{"id":7687,"date":"2024-08-24T04:05:05","date_gmt":"2024-08-24T02:05:05","guid":{"rendered":"https:\/\/www.teleclub.com.py\/?post_type=product&#038;p=7687"},"modified":"2024-08-27T00:17:45","modified_gmt":"2024-08-26T22:17:45","slug":"proyector-epson-powerlite-x49-h982a-xga-de-3600lm-210w-hdmi-vga-usb-3-lcd-blanco","status":"publish","type":"product","link":"https:\/\/www.teleclub.com.py\/index.php\/product\/proyector-epson-powerlite-x49-h982a-xga-de-3600lm-210w-hdmi-vga-usb-3-lcd-blanco\/","title":{"rendered":"Proyector Epson PowerLite X49 H982A XGA de 3600Lm\/210W\/HDMI\/VGA\/USB\/3-LCD &#8211; Blanco"},"content":{"rendered":"<p>El proyector Epson X49 es ideal para la educaci\u00f3n con la tecnolog\u00eda 3LCD de 3 chips para el mejor brillo de color de su clase. Cuenta con una calidad de resoluci\u00f3n nativa XGA 1.024 x768px. Ofrece una conectividad avanzada con puertos HDMI, RJ-45 y conectividad inal\u00e1mbrica opcional. Permite proyectar el contenido sin requerir cables, perfecto para las aulas escolares actuales.<\/p>\n","protected":false},"excerpt":{"rendered":"<ul>\n<li><strong>Brillo m\u00e1ximo:<\/strong>\u00a03600 l\u00famenes<\/li>\n<li><strong>Relaci\u00f3n de aspecto:\u00a0<\/strong>4:3<\/li>\n<li><strong>Resoluci\u00f3n:<\/strong>\u00a0XGA 1024 x 768p<\/li>\n<li><strong>Entradas:<\/strong>\u00a0USB, HDMI, RCA, RJ45 y\u00a0D-sub<\/li>\n<\/ul>\n","protected":false},"featured_media":7688,"template":"","meta":{"om_disable_all_campaigns":false},"product_cat":[274],"product_tag":[],"class_list":{"0":"post-7687","1":"product","2":"type-product","3":"status-publish","4":"has-post-thumbnail","6":"product_cat-proyectores","8":"first","9":"instock","10":"shipping-taxable","11":"purchasable","12":"product-type-simple"},"yoast_head":"<!-- This site is optimized with the Yoast SEO plugin v23.6 - https:\/\/yoast.com\/wordpress\/plugins\/seo\/ -->\n<title>Proyector Epson PowerLite X49 H982A XGA de 3600Lm\/210W\/HDMI\/VGA\/USB\/3-LCD - Blanco - Teleclub<\/title>\n<meta name=\"robots\" content=\"index, follow, max-snippet:-1, max-image-preview:large, max-video-preview:-1\" \/>\n<link rel=\"canonical\" href=\"https:\/\/www.teleclub.com.py\/index.php\/product\/proyector-epson-powerlite-x49-h982a-xga-de-3600lm-210w-hdmi-vga-usb-3-lcd-blanco\/\" \/>\n<meta property=\"og:locale\" content=\"es_ES\" \/>\n<meta property=\"og:type\" content=\"article\" \/>\n<meta property=\"og:title\" content=\"Proyector Epson PowerLite X49 H982A XGA de 3600Lm\/210W\/HDMI\/VGA\/USB\/3-LCD - Blanco - Teleclub\" \/>\n<meta property=\"og:description\" content=\"Brillo m\u00e1ximo:\u00a03600 l\u00famenes  Relaci\u00f3n de aspecto:\u00a04:3  Resoluci\u00f3n:\u00a0XGA 1024 x 768p  Entradas:\u00a0USB, HDMI, RCA, RJ45 y\u00a0D-sub\" \/>\n<meta property=\"og:url\" content=\"https:\/\/www.teleclub.com.py\/index.php\/product\/proyector-epson-powerlite-x49-h982a-xga-de-3600lm-210w-hdmi-vga-usb-3-lcd-blanco\/\" \/>\n<meta property=\"og:site_name\" content=\"Teleclub\" \/>\n<meta property=\"article:publisher\" content=\"https:\/\/www.facebook.com\/teleclubpy\" \/>\n<meta property=\"article:modified_time\" content=\"2024-08-26T22:17:45+00:00\" \/>\n<meta property=\"og:image\" content=\"https:\/\/www.teleclub.com.py\/wp-content\/uploads\/2024\/08\/c-16.png\" \/>\n\t<meta property=\"og:image:width\" content=\"800\" \/>\n\t<meta property=\"og:image:height\" content=\"800\" \/>\n\t<meta property=\"og:image:type\" content=\"image\/png\" \/>\n<meta name=\"twitter:card\" content=\"summary_large_image\" \/>\n<script type=\"application\/ld+json\" class=\"yoast-schema-graph\">{\"@context\":\"https:\/\/schema.org\",\"@graph\":[{\"@type\":\"WebPage\",\"@id\":\"https:\/\/www.teleclub.com.py\/index.php\/product\/proyector-epson-powerlite-x49-h982a-xga-de-3600lm-210w-hdmi-vga-usb-3-lcd-blanco\/\",\"url\":\"https:\/\/www.teleclub.com.py\/index.php\/product\/proyector-epson-powerlite-x49-h982a-xga-de-3600lm-210w-hdmi-vga-usb-3-lcd-blanco\/\",\"name\":\"Proyector Epson PowerLite X49 H982A XGA de 3600Lm\/210W\/HDMI\/VGA\/USB\/3-LCD - Blanco - Teleclub\",\"isPartOf\":{\"@id\":\"https:\/\/www.teleclub.com.py\/#website\"},\"primaryImageOfPage\":{\"@id\":\"https:\/\/www.teleclub.com.py\/index.php\/product\/proyector-epson-powerlite-x49-h982a-xga-de-3600lm-210w-hdmi-vga-usb-3-lcd-blanco\/#primaryimage\"},\"image\":{\"@id\":\"https:\/\/www.teleclub.com.py\/index.php\/product\/proyector-epson-powerlite-x49-h982a-xga-de-3600lm-210w-hdmi-vga-usb-3-lcd-blanco\/#primaryimage\"},\"thumbnailUrl\":\"https:\/\/www.teleclub.com.py\/wp-content\/uploads\/2024\/08\/c-16.png\",\"datePublished\":\"2024-08-24T02:05:05+00:00\",\"dateModified\":\"2024-08-26T22:17:45+00:00\",\"breadcrumb\":{\"@id\":\"https:\/\/www.teleclub.com.py\/index.php\/product\/proyector-epson-powerlite-x49-h982a-xga-de-3600lm-210w-hdmi-vga-usb-3-lcd-blanco\/#breadcrumb\"},\"inLanguage\":\"es\",\"potentialAction\":[{\"@type\":\"ReadAction\",\"target\":[\"https:\/\/www.teleclub.com.py\/index.php\/product\/proyector-epson-powerlite-x49-h982a-xga-de-3600lm-210w-hdmi-vga-usb-3-lcd-blanco\/\"]}]},{\"@type\":\"ImageObject\",\"inLanguage\":\"es\",\"@id\":\"https:\/\/www.teleclub.com.py\/index.php\/product\/proyector-epson-powerlite-x49-h982a-xga-de-3600lm-210w-hdmi-vga-usb-3-lcd-blanco\/#primaryimage\",\"url\":\"https:\/\/www.teleclub.com.py\/wp-content\/uploads\/2024\/08\/c-16.png\",\"contentUrl\":\"https:\/\/www.teleclub.com.py\/wp-content\/uploads\/2024\/08\/c-16.png\",\"width\":800,\"height\":800},{\"@type\":\"BreadcrumbList\",\"@id\":\"https:\/\/www.teleclub.com.py\/index.php\/product\/proyector-epson-powerlite-x49-h982a-xga-de-3600lm-210w-hdmi-vga-usb-3-lcd-blanco\/#breadcrumb\",\"itemListElement\":[{\"@type\":\"ListItem\",\"position\":1,\"name\":\"Portada\",\"item\":\"https:\/\/www.teleclub.com.py\/\"},{\"@type\":\"ListItem\",\"position\":2,\"name\":\"Shop\",\"item\":\"https:\/\/www.teleclub.com.py\/index.php\/shop-2\/\"},{\"@type\":\"ListItem\",\"position\":3,\"name\":\"Proyector Epson PowerLite X49 H982A XGA de 3600Lm\/210W\/HDMI\/VGA\/USB\/3-LCD &#8211; Blanco\"}]},{\"@type\":\"WebSite\",\"@id\":\"https:\/\/www.teleclub.com.py\/#website\",\"url\":\"https:\/\/www.teleclub.com.py\/\",\"name\":\"Teleclub\",\"description\":\"Tu tienda online\",\"publisher\":{\"@id\":\"https:\/\/www.teleclub.com.py\/#organization\"},\"potentialAction\":[{\"@type\":\"SearchAction\",\"target\":{\"@type\":\"EntryPoint\",\"urlTemplate\":\"https:\/\/www.teleclub.com.py\/?s={search_term_string}\"},\"query-input\":{\"@type\":\"PropertyValueSpecification\",\"valueRequired\":true,\"valueName\":\"search_term_string\"}}],\"inLanguage\":\"es\"},{\"@type\":\"Organization\",\"@id\":\"https:\/\/www.teleclub.com.py\/#organization\",\"name\":\"Teleclub\",\"url\":\"https:\/\/www.teleclub.com.py\/\",\"logo\":{\"@type\":\"ImageObject\",\"inLanguage\":\"es\",\"@id\":\"https:\/\/www.teleclub.com.py\/#\/schema\/logo\/image\/\",\"url\":\"https:\/\/www.teleclub.com.py\/wp-content\/uploads\/2024\/09\/1611317346760_TeleClub_logo_FondoBlanco-2.jpg\",\"contentUrl\":\"https:\/\/www.teleclub.com.py\/wp-content\/uploads\/2024\/09\/1611317346760_TeleClub_logo_FondoBlanco-2.jpg\",\"width\":1600,\"height\":1600,\"caption\":\"Teleclub\"},\"image\":{\"@id\":\"https:\/\/www.teleclub.com.py\/#\/schema\/logo\/image\/\"},\"sameAs\":[\"https:\/\/www.facebook.com\/teleclubpy\",\"https:\/\/www.instagram.com\/teleclubpy\"]}]}<\/script>\n<!-- \/ Yoast SEO plugin. -->","yoast_head_json":{"title":"Proyector Epson PowerLite X49 H982A XGA de 3600Lm\/210W\/HDMI\/VGA\/USB\/3-LCD - Blanco - Teleclub","robots":{"index":"index","follow":"follow","max-snippet":"max-snippet:-1","max-image-preview":"max-image-preview:large","max-video-preview":"max-video-preview:-1"},"canonical":"https:\/\/www.teleclub.com.py\/index.php\/product\/proyector-epson-powerlite-x49-h982a-xga-de-3600lm-210w-hdmi-vga-usb-3-lcd-blanco\/","og_locale":"es_ES","og_type":"article","og_title":"Proyector Epson PowerLite X49 H982A XGA de 3600Lm\/210W\/HDMI\/VGA\/USB\/3-LCD - Blanco - Teleclub","og_description":"Brillo m\u00e1ximo:\u00a03600 l\u00famenes  Relaci\u00f3n de aspecto:\u00a04:3  Resoluci\u00f3n:\u00a0XGA 1024 x 768p  Entradas:\u00a0USB, HDMI, RCA, RJ45 y\u00a0D-sub","og_url":"https:\/\/www.teleclub.com.py\/index.php\/product\/proyector-epson-powerlite-x49-h982a-xga-de-3600lm-210w-hdmi-vga-usb-3-lcd-blanco\/","og_site_name":"Teleclub","article_publisher":"https:\/\/www.facebook.com\/teleclubpy","article_modified_time":"2024-08-26T22:17:45+00:00","og_image":[{"width":800,"height":800,"url":"https:\/\/www.teleclub.com.py\/wp-content\/uploads\/2024\/08\/c-16.png","type":"image\/png"}],"twitter_card":"summary_large_image","schema":{"@context":"https:\/\/schema.org","@graph":[{"@type":"WebPage","@id":"https:\/\/www.teleclub.com.py\/index.php\/product\/proyector-epson-powerlite-x49-h982a-xga-de-3600lm-210w-hdmi-vga-usb-3-lcd-blanco\/","url":"https:\/\/www.teleclub.com.py\/index.php\/product\/proyector-epson-powerlite-x49-h982a-xga-de-3600lm-210w-hdmi-vga-usb-3-lcd-blanco\/","name":"Proyector Epson PowerLite X49 H982A XGA de 3600Lm\/210W\/HDMI\/VGA\/USB\/3-LCD - Blanco - Teleclub","isPartOf":{"@id":"https:\/\/www.teleclub.com.py\/#website"},"primaryImageOfPage":{"@id":"https:\/\/www.teleclub.com.py\/index.php\/product\/proyector-epson-powerlite-x49-h982a-xga-de-3600lm-210w-hdmi-vga-usb-3-lcd-blanco\/#primaryimage"},"image":{"@id":"https:\/\/www.teleclub.com.py\/index.php\/product\/proyector-epson-powerlite-x49-h982a-xga-de-3600lm-210w-hdmi-vga-usb-3-lcd-blanco\/#primaryimage"},"thumbnailUrl":"https:\/\/www.teleclub.com.py\/wp-content\/uploads\/2024\/08\/c-16.png","datePublished":"2024-08-24T02:05:05+00:00","dateModified":"2024-08-26T22:17:45+00:00","breadcrumb":{"@id":"https:\/\/www.teleclub.com.py\/index.php\/product\/proyector-epson-powerlite-x49-h982a-xga-de-3600lm-210w-hdmi-vga-usb-3-lcd-blanco\/#breadcrumb"},"inLanguage":"es","potentialAction":[{"@type":"ReadAction","target":["https:\/\/www.teleclub.com.py\/index.php\/product\/proyector-epson-powerlite-x49-h982a-xga-de-3600lm-210w-hdmi-vga-usb-3-lcd-blanco\/"]}]},{"@type":"ImageObject","inLanguage":"es","@id":"https:\/\/www.teleclub.com.py\/index.php\/product\/proyector-epson-powerlite-x49-h982a-xga-de-3600lm-210w-hdmi-vga-usb-3-lcd-blanco\/#primaryimage","url":"https:\/\/www.teleclub.com.py\/wp-content\/uploads\/2024\/08\/c-16.png","contentUrl":"https:\/\/www.teleclub.com.py\/wp-content\/uploads\/2024\/08\/c-16.png","width":800,"height":800},{"@type":"BreadcrumbList","@id":"https:\/\/www.teleclub.com.py\/index.php\/product\/proyector-epson-powerlite-x49-h982a-xga-de-3600lm-210w-hdmi-vga-usb-3-lcd-blanco\/#breadcrumb","itemListElement":[{"@type":"ListItem","position":1,"name":"Portada","item":"https:\/\/www.teleclub.com.py\/"},{"@type":"ListItem","position":2,"name":"Shop","item":"https:\/\/www.teleclub.com.py\/index.php\/shop-2\/"},{"@type":"ListItem","position":3,"name":"Proyector Epson PowerLite X49 H982A XGA de 3600Lm\/210W\/HDMI\/VGA\/USB\/3-LCD &#8211; Blanco"}]},{"@type":"WebSite","@id":"https:\/\/www.teleclub.com.py\/#website","url":"https:\/\/www.teleclub.com.py\/","name":"Teleclub","description":"Tu tienda online","publisher":{"@id":"https:\/\/www.teleclub.com.py\/#organization"},"potentialAction":[{"@type":"SearchAction","target":{"@type":"EntryPoint","urlTemplate":"https:\/\/www.teleclub.com.py\/?s={search_term_string}"},"query-input":{"@type":"PropertyValueSpecification","valueRequired":true,"valueName":"search_term_string"}}],"inLanguage":"es"},{"@type":"Organization","@id":"https:\/\/www.teleclub.com.py\/#organization","name":"Teleclub","url":"https:\/\/www.teleclub.com.py\/","logo":{"@type":"ImageObject","inLanguage":"es","@id":"https:\/\/www.teleclub.com.py\/#\/schema\/logo\/image\/","url":"https:\/\/www.teleclub.com.py\/wp-content\/uploads\/2024\/09\/1611317346760_TeleClub_logo_FondoBlanco-2.jpg","contentUrl":"https:\/\/www.teleclub.com.py\/wp-content\/uploads\/2024\/09\/1611317346760_TeleClub_logo_FondoBlanco-2.jpg","width":1600,"height":1600,"caption":"Teleclub"},"image":{"@id":"https:\/\/www.teleclub.com.py\/#\/schema\/logo\/image\/"},"sameAs":["https:\/\/www.facebook.com\/teleclubpy","https:\/\/www.instagram.com\/teleclubpy"]}]}},"_links":{"self":[{"href":"https:\/\/www.teleclub.com.py\/index.php\/wp-json\/wp\/v2\/product\/7687","targetHints":{"allow":["GET"]}}],"collection":[{"href":"https:\/\/www.teleclub.com.py\/index.php\/wp-json\/wp\/v2\/product"}],"about":[{"href":"https:\/\/www.teleclub.com.py\/index.php\/wp-json\/wp\/v2\/types\/product"}],"wp:featuredmedia":[{"embeddable":true,"href":"https:\/\/www.teleclub.com.py\/index.php\/wp-json\/wp\/v2\/media\/7688"}],"wp:attachment":[{"href":"https:\/\/www.teleclub.com.py\/index.php\/wp-json\/wp\/v2\/media?parent=7687"}],"wp:term":[{"taxonomy":"product_cat","embeddable":true,"href":"https:\/\/www.teleclub.com.py\/index.php\/wp-json\/wp\/v2\/product_cat?post=7687"},{"taxonomy":"product_tag","embeddable":true,"href":"https:\/\/www.teleclub.com.py\/index.php\/wp-json\/wp\/v2\/product_tag?post=7687"}],"curies":[{"name":"wp","href":"https:\/\/api.w.org\/{rel}","templated":true}]}}