{"id":7655,"date":"2024-08-24T03:24:23","date_gmt":"2024-08-24T01:24:23","guid":{"rendered":"https:\/\/www.teleclub.com.py\/?post_type=product&#038;p=7655"},"modified":"2024-08-27T00:20:52","modified_gmt":"2024-08-26T22:20:52","slug":"cooler-para-cpu-corsair-sp120-elite-co9050108ww-de-120-mm-rgb-negro","status":"publish","type":"product","link":"https:\/\/www.teleclub.com.py\/index.php\/product\/cooler-para-cpu-corsair-sp120-elite-co9050108ww-de-120-mm-rgb-negro\/","title":{"rendered":"Cooler para CPU Corsair SP120 Elite CO9050108WW de 120 mm\/RGB &#8211; Negro"},"content":{"rendered":"<p>El Corsair iCUE SP120 RGB Elite Performance Triple Fan Kit es una excelente opci\u00f3n para mejorar la refrigeraci\u00f3n y la est\u00e9tica de tu PC. Este kit incluye tres ventiladores SP120 RGB Elite con ocho LED RGB direccionables individualmente en cada uno, lo que permite personalizar la iluminaci\u00f3n de cada ventilador de forma independiente. Con una velocidad de rotaci\u00f3n m\u00e1xima de 1500 RPM y un flujo de aire m\u00e1ximo de 47 CFM, estos ventiladores son capaces de mover una gran cantidad de aire a trav\u00e9s de tu PC para mantener los componentes frescos y funcionando sin problemas. Adem\u00e1s, la tecnolog\u00eda de control inteligente de Corsair iCUE permite ajustar la velocidad de los ventiladores y personalizar la iluminaci\u00f3n RGB seg\u00fan tus preferencias. Con su iluminaci\u00f3n RGB personalizable, tecnolog\u00eda de control inteligente y rendimiento de refrigeraci\u00f3n superior, estos ventiladores son una excelente adici\u00f3n a cualquier sistema de PC de alta gama.<\/p>\n","protected":false},"excerpt":{"rendered":"<ul>\n<li><strong>Di\u00e1metro de ventilador:<\/strong>\u00a0120 mm<\/li>\n<li><strong>Flujo de aire:<\/strong>\u00a016 &#8211; 47 CFM<\/li>\n<li><strong>Nivel de ruido:<\/strong>\u00a05 &#8211; 22.6 dBA<\/li>\n<li><strong>Iluminaci\u00f3n:<\/strong>\u00a0RGB<\/li>\n<li><strong>Velocidad de rotaci\u00f3n:<\/strong>\u00a01500 RPM<\/li>\n<\/ul>\n","protected":false},"featured_media":7656,"template":"","meta":{"om_disable_all_campaigns":false},"product_cat":[357,405],"product_tag":[],"class_list":{"0":"post-7655","1":"product","2":"type-product","3":"status-publish","4":"has-post-thumbnail","6":"product_cat-componentes","7":"product_cat-zona-gaming","9":"first","10":"instock","11":"shipping-taxable","12":"purchasable","13":"product-type-simple"},"yoast_head":"<!-- This site is optimized with the Yoast SEO plugin v23.6 - https:\/\/yoast.com\/wordpress\/plugins\/seo\/ -->\n<title>Cooler para CPU Corsair SP120 Elite CO9050108WW de 120 mm\/RGB - Negro - Teleclub<\/title>\n<meta name=\"robots\" content=\"index, follow, max-snippet:-1, max-image-preview:large, max-video-preview:-1\" \/>\n<link rel=\"canonical\" href=\"https:\/\/www.teleclub.com.py\/index.php\/product\/cooler-para-cpu-corsair-sp120-elite-co9050108ww-de-120-mm-rgb-negro\/\" \/>\n<meta property=\"og:locale\" content=\"es_ES\" \/>\n<meta property=\"og:type\" content=\"article\" \/>\n<meta property=\"og:title\" content=\"Cooler para CPU Corsair SP120 Elite CO9050108WW de 120 mm\/RGB - Negro - Teleclub\" \/>\n<meta property=\"og:description\" content=\"Di\u00e1metro de ventilador:\u00a0120 mm  Flujo de aire:\u00a016 - 47 CFM  Nivel de ruido:\u00a05 - 22.6 dBA  Iluminaci\u00f3n:\u00a0RGB  Velocidad de rotaci\u00f3n:\u00a01500 RPM\" \/>\n<meta property=\"og:url\" content=\"https:\/\/www.teleclub.com.py\/index.php\/product\/cooler-para-cpu-corsair-sp120-elite-co9050108ww-de-120-mm-rgb-negro\/\" \/>\n<meta property=\"og:site_name\" content=\"Teleclub\" \/>\n<meta property=\"article:publisher\" content=\"https:\/\/www.facebook.com\/teleclubpy\" \/>\n<meta property=\"article:modified_time\" content=\"2024-08-26T22:20:52+00:00\" \/>\n<meta property=\"og:image\" content=\"https:\/\/www.teleclub.com.py\/wp-content\/uploads\/2024\/08\/110108_-_2.png\" \/>\n\t<meta property=\"og:image:width\" content=\"600\" \/>\n\t<meta property=\"og:image:height\" content=\"600\" \/>\n\t<meta property=\"og:image:type\" content=\"image\/png\" \/>\n<meta name=\"twitter:card\" content=\"summary_large_image\" \/>\n<meta name=\"twitter:label1\" content=\"Tiempo de lectura\" \/>\n\t<meta name=\"twitter:data1\" content=\"1 minuto\" \/>\n<script type=\"application\/ld+json\" class=\"yoast-schema-graph\">{\"@context\":\"https:\/\/schema.org\",\"@graph\":[{\"@type\":\"WebPage\",\"@id\":\"https:\/\/www.teleclub.com.py\/index.php\/product\/cooler-para-cpu-corsair-sp120-elite-co9050108ww-de-120-mm-rgb-negro\/\",\"url\":\"https:\/\/www.teleclub.com.py\/index.php\/product\/cooler-para-cpu-corsair-sp120-elite-co9050108ww-de-120-mm-rgb-negro\/\",\"name\":\"Cooler para CPU Corsair SP120 Elite CO9050108WW de 120 mm\/RGB - Negro - Teleclub\",\"isPartOf\":{\"@id\":\"https:\/\/www.teleclub.com.py\/#website\"},\"primaryImageOfPage\":{\"@id\":\"https:\/\/www.teleclub.com.py\/index.php\/product\/cooler-para-cpu-corsair-sp120-elite-co9050108ww-de-120-mm-rgb-negro\/#primaryimage\"},\"image\":{\"@id\":\"https:\/\/www.teleclub.com.py\/index.php\/product\/cooler-para-cpu-corsair-sp120-elite-co9050108ww-de-120-mm-rgb-negro\/#primaryimage\"},\"thumbnailUrl\":\"https:\/\/www.teleclub.com.py\/wp-content\/uploads\/2024\/08\/110108_-_2.png\",\"datePublished\":\"2024-08-24T01:24:23+00:00\",\"dateModified\":\"2024-08-26T22:20:52+00:00\",\"breadcrumb\":{\"@id\":\"https:\/\/www.teleclub.com.py\/index.php\/product\/cooler-para-cpu-corsair-sp120-elite-co9050108ww-de-120-mm-rgb-negro\/#breadcrumb\"},\"inLanguage\":\"es\",\"potentialAction\":[{\"@type\":\"ReadAction\",\"target\":[\"https:\/\/www.teleclub.com.py\/index.php\/product\/cooler-para-cpu-corsair-sp120-elite-co9050108ww-de-120-mm-rgb-negro\/\"]}]},{\"@type\":\"ImageObject\",\"inLanguage\":\"es\",\"@id\":\"https:\/\/www.teleclub.com.py\/index.php\/product\/cooler-para-cpu-corsair-sp120-elite-co9050108ww-de-120-mm-rgb-negro\/#primaryimage\",\"url\":\"https:\/\/www.teleclub.com.py\/wp-content\/uploads\/2024\/08\/110108_-_2.png\",\"contentUrl\":\"https:\/\/www.teleclub.com.py\/wp-content\/uploads\/2024\/08\/110108_-_2.png\",\"width\":600,\"height\":600},{\"@type\":\"BreadcrumbList\",\"@id\":\"https:\/\/www.teleclub.com.py\/index.php\/product\/cooler-para-cpu-corsair-sp120-elite-co9050108ww-de-120-mm-rgb-negro\/#breadcrumb\",\"itemListElement\":[{\"@type\":\"ListItem\",\"position\":1,\"name\":\"Portada\",\"item\":\"https:\/\/www.teleclub.com.py\/\"},{\"@type\":\"ListItem\",\"position\":2,\"name\":\"Shop\",\"item\":\"https:\/\/www.teleclub.com.py\/index.php\/shop-2\/\"},{\"@type\":\"ListItem\",\"position\":3,\"name\":\"Cooler para CPU Corsair SP120 Elite CO9050108WW de 120 mm\/RGB &#8211; Negro\"}]},{\"@type\":\"WebSite\",\"@id\":\"https:\/\/www.teleclub.com.py\/#website\",\"url\":\"https:\/\/www.teleclub.com.py\/\",\"name\":\"Teleclub\",\"description\":\"Tu tienda online\",\"publisher\":{\"@id\":\"https:\/\/www.teleclub.com.py\/#organization\"},\"potentialAction\":[{\"@type\":\"SearchAction\",\"target\":{\"@type\":\"EntryPoint\",\"urlTemplate\":\"https:\/\/www.teleclub.com.py\/?s={search_term_string}\"},\"query-input\":{\"@type\":\"PropertyValueSpecification\",\"valueRequired\":true,\"valueName\":\"search_term_string\"}}],\"inLanguage\":\"es\"},{\"@type\":\"Organization\",\"@id\":\"https:\/\/www.teleclub.com.py\/#organization\",\"name\":\"Teleclub\",\"url\":\"https:\/\/www.teleclub.com.py\/\",\"logo\":{\"@type\":\"ImageObject\",\"inLanguage\":\"es\",\"@id\":\"https:\/\/www.teleclub.com.py\/#\/schema\/logo\/image\/\",\"url\":\"https:\/\/www.teleclub.com.py\/wp-content\/uploads\/2024\/09\/1611317346760_TeleClub_logo_FondoBlanco-2.jpg\",\"contentUrl\":\"https:\/\/www.teleclub.com.py\/wp-content\/uploads\/2024\/09\/1611317346760_TeleClub_logo_FondoBlanco-2.jpg\",\"width\":1600,\"height\":1600,\"caption\":\"Teleclub\"},\"image\":{\"@id\":\"https:\/\/www.teleclub.com.py\/#\/schema\/logo\/image\/\"},\"sameAs\":[\"https:\/\/www.facebook.com\/teleclubpy\",\"https:\/\/www.instagram.com\/teleclubpy\"]}]}<\/script>\n<!-- \/ Yoast SEO plugin. -->","yoast_head_json":{"title":"Cooler para CPU Corsair SP120 Elite CO9050108WW de 120 mm\/RGB - Negro - Teleclub","robots":{"index":"index","follow":"follow","max-snippet":"max-snippet:-1","max-image-preview":"max-image-preview:large","max-video-preview":"max-video-preview:-1"},"canonical":"https:\/\/www.teleclub.com.py\/index.php\/product\/cooler-para-cpu-corsair-sp120-elite-co9050108ww-de-120-mm-rgb-negro\/","og_locale":"es_ES","og_type":"article","og_title":"Cooler para CPU Corsair SP120 Elite CO9050108WW de 120 mm\/RGB - Negro - Teleclub","og_description":"Di\u00e1metro de ventilador:\u00a0120 mm  Flujo de aire:\u00a016 - 47 CFM  Nivel de ruido:\u00a05 - 22.6 dBA  Iluminaci\u00f3n:\u00a0RGB  Velocidad de rotaci\u00f3n:\u00a01500 RPM","og_url":"https:\/\/www.teleclub.com.py\/index.php\/product\/cooler-para-cpu-corsair-sp120-elite-co9050108ww-de-120-mm-rgb-negro\/","og_site_name":"Teleclub","article_publisher":"https:\/\/www.facebook.com\/teleclubpy","article_modified_time":"2024-08-26T22:20:52+00:00","og_image":[{"width":600,"height":600,"url":"https:\/\/www.teleclub.com.py\/wp-content\/uploads\/2024\/08\/110108_-_2.png","type":"image\/png"}],"twitter_card":"summary_large_image","twitter_misc":{"Tiempo de lectura":"1 minuto"},"schema":{"@context":"https:\/\/schema.org","@graph":[{"@type":"WebPage","@id":"https:\/\/www.teleclub.com.py\/index.php\/product\/cooler-para-cpu-corsair-sp120-elite-co9050108ww-de-120-mm-rgb-negro\/","url":"https:\/\/www.teleclub.com.py\/index.php\/product\/cooler-para-cpu-corsair-sp120-elite-co9050108ww-de-120-mm-rgb-negro\/","name":"Cooler para CPU Corsair SP120 Elite CO9050108WW de 120 mm\/RGB - Negro - Teleclub","isPartOf":{"@id":"https:\/\/www.teleclub.com.py\/#website"},"primaryImageOfPage":{"@id":"https:\/\/www.teleclub.com.py\/index.php\/product\/cooler-para-cpu-corsair-sp120-elite-co9050108ww-de-120-mm-rgb-negro\/#primaryimage"},"image":{"@id":"https:\/\/www.teleclub.com.py\/index.php\/product\/cooler-para-cpu-corsair-sp120-elite-co9050108ww-de-120-mm-rgb-negro\/#primaryimage"},"thumbnailUrl":"https:\/\/www.teleclub.com.py\/wp-content\/uploads\/2024\/08\/110108_-_2.png","datePublished":"2024-08-24T01:24:23+00:00","dateModified":"2024-08-26T22:20:52+00:00","breadcrumb":{"@id":"https:\/\/www.teleclub.com.py\/index.php\/product\/cooler-para-cpu-corsair-sp120-elite-co9050108ww-de-120-mm-rgb-negro\/#breadcrumb"},"inLanguage":"es","potentialAction":[{"@type":"ReadAction","target":["https:\/\/www.teleclub.com.py\/index.php\/product\/cooler-para-cpu-corsair-sp120-elite-co9050108ww-de-120-mm-rgb-negro\/"]}]},{"@type":"ImageObject","inLanguage":"es","@id":"https:\/\/www.teleclub.com.py\/index.php\/product\/cooler-para-cpu-corsair-sp120-elite-co9050108ww-de-120-mm-rgb-negro\/#primaryimage","url":"https:\/\/www.teleclub.com.py\/wp-content\/uploads\/2024\/08\/110108_-_2.png","contentUrl":"https:\/\/www.teleclub.com.py\/wp-content\/uploads\/2024\/08\/110108_-_2.png","width":600,"height":600},{"@type":"BreadcrumbList","@id":"https:\/\/www.teleclub.com.py\/index.php\/product\/cooler-para-cpu-corsair-sp120-elite-co9050108ww-de-120-mm-rgb-negro\/#breadcrumb","itemListElement":[{"@type":"ListItem","position":1,"name":"Portada","item":"https:\/\/www.teleclub.com.py\/"},{"@type":"ListItem","position":2,"name":"Shop","item":"https:\/\/www.teleclub.com.py\/index.php\/shop-2\/"},{"@type":"ListItem","position":3,"name":"Cooler para CPU Corsair SP120 Elite CO9050108WW de 120 mm\/RGB &#8211; Negro"}]},{"@type":"WebSite","@id":"https:\/\/www.teleclub.com.py\/#website","url":"https:\/\/www.teleclub.com.py\/","name":"Teleclub","description":"Tu tienda online","publisher":{"@id":"https:\/\/www.teleclub.com.py\/#organization"},"potentialAction":[{"@type":"SearchAction","target":{"@type":"EntryPoint","urlTemplate":"https:\/\/www.teleclub.com.py\/?s={search_term_string}"},"query-input":{"@type":"PropertyValueSpecification","valueRequired":true,"valueName":"search_term_string"}}],"inLanguage":"es"},{"@type":"Organization","@id":"https:\/\/www.teleclub.com.py\/#organization","name":"Teleclub","url":"https:\/\/www.teleclub.com.py\/","logo":{"@type":"ImageObject","inLanguage":"es","@id":"https:\/\/www.teleclub.com.py\/#\/schema\/logo\/image\/","url":"https:\/\/www.teleclub.com.py\/wp-content\/uploads\/2024\/09\/1611317346760_TeleClub_logo_FondoBlanco-2.jpg","contentUrl":"https:\/\/www.teleclub.com.py\/wp-content\/uploads\/2024\/09\/1611317346760_TeleClub_logo_FondoBlanco-2.jpg","width":1600,"height":1600,"caption":"Teleclub"},"image":{"@id":"https:\/\/www.teleclub.com.py\/#\/schema\/logo\/image\/"},"sameAs":["https:\/\/www.facebook.com\/teleclubpy","https:\/\/www.instagram.com\/teleclubpy"]}]}},"_links":{"self":[{"href":"https:\/\/www.teleclub.com.py\/index.php\/wp-json\/wp\/v2\/product\/7655","targetHints":{"allow":["GET"]}}],"collection":[{"href":"https:\/\/www.teleclub.com.py\/index.php\/wp-json\/wp\/v2\/product"}],"about":[{"href":"https:\/\/www.teleclub.com.py\/index.php\/wp-json\/wp\/v2\/types\/product"}],"wp:featuredmedia":[{"embeddable":true,"href":"https:\/\/www.teleclub.com.py\/index.php\/wp-json\/wp\/v2\/media\/7656"}],"wp:attachment":[{"href":"https:\/\/www.teleclub.com.py\/index.php\/wp-json\/wp\/v2\/media?parent=7655"}],"wp:term":[{"taxonomy":"product_cat","embeddable":true,"href":"https:\/\/www.teleclub.com.py\/index.php\/wp-json\/wp\/v2\/product_cat?post=7655"},{"taxonomy":"product_tag","embeddable":true,"href":"https:\/\/www.teleclub.com.py\/index.php\/wp-json\/wp\/v2\/product_tag?post=7655"}],"curies":[{"name":"wp","href":"https:\/\/api.w.org\/{rel}","templated":true}]}}