{"id":7571,"date":"2024-08-23T23:19:46","date_gmt":"2024-08-23T21:19:46","guid":{"rendered":"https:\/\/www.teleclub.com.py\/?post_type=product&#038;p=7571"},"modified":"2025-04-24T14:28:35","modified_gmt":"2025-04-24T17:28:35","slug":"auriculares-inalambricos-jbl-live-460nc-black","status":"publish","type":"product","link":"https:\/\/www.teleclub.com.py\/index.php\/product\/auriculares-inalambricos-jbl-live-460nc-black\/","title":{"rendered":"Auriculares Inal\u00e1mbricos JBL Live 460NC"},"content":{"rendered":"<table id=\"product-attribute-specs-table\" class=\"featureTable De\">\n<tbody>\n<tr>\n<td>Nombre del modelo<\/td>\n<td>EN VIVO 460NC<\/td>\n<\/tr>\n<tr>\n<td>Tecnolog\u00eda de conectividad<\/td>\n<td>Inal\u00e1mbrico<\/td>\n<\/tr>\n<tr>\n<td>Tecnolog\u00eda de comunicaci\u00f3n inal\u00e1mbrica<\/td>\n<td>Bluetooth<\/td>\n<\/tr>\n<tr>\n<td>Caracter\u00edstica especial<\/td>\n<td>Cancelaci\u00f3n de ruido<\/td>\n<\/tr>\n<tr>\n<td>Rango de edad (Descripci\u00f3n)<\/td>\n<td>Adulto<\/td>\n<\/tr>\n<tr>\n<td>Usos espec\u00edficos para el producto<\/td>\n<td>M\u00fasica<\/td>\n<\/tr>\n<tr>\n<td>Tiempo de carga<\/td>\n<td>5 horas<\/td>\n<\/tr>\n<tr>\n<td>Usos recomendados para el producto<\/td>\n<td>Llamando<\/td>\n<\/tr>\n<tr>\n<td>Tipo de control<\/td>\n<td>control, asistente de voz<\/td>\n<\/tr>\n<tr>\n<td>Caracter\u00edstica del cable<\/td>\n<td>Sin cable<\/td>\n<\/tr>\n<tr>\n<td>Conteo de la unidad<\/td>\n<td>Ninguno<\/td>\n<\/tr>\n<tr>\n<td>Estilo<\/td>\n<td>Auriculares en la oreja + Ir 3: Altavoz port\u00e1til<\/td>\n<\/tr>\n<tr>\n<td>M\u00e9todo de control<\/td>\n<td>Voz<\/td>\n<\/tr>\n<tr>\n<td>N\u00famero de art\u00edculos<\/td>\n<td>1<\/td>\n<\/tr>\n<tr>\n<td>Duraci\u00f3n de la bater\u00eda<\/td>\n<td>30 horas<\/td>\n<\/tr>\n<tr>\n<td>Forma de Auricular<\/td>\n<td>En la oreja<\/td>\n<\/tr>\n<tr>\n<td>es electrico<\/td>\n<td>si<\/td>\n<\/tr>\n<tr>\n<td>Fabricante<\/td>\n<td>JBL<\/td>\n<\/tr>\n<tr>\n<td>Fecha primero disponible<\/td>\n<td>11 de agosto de 2022<\/td>\n<\/tr>\n<tr>\n<td>Marca<\/td>\n<td>JBL<\/td>\n<\/tr>\n<tr>\n<td>Color<\/td>\n<td>Azul<\/td>\n<\/tr>\n<tr>\n<td>Colocaci\u00f3n de la oreja<\/td>\n<td>En la oreja<\/td>\n<\/tr>\n<tr>\n<td>Factor de forma<\/td>\n<td>En la oreja<\/td>\n<\/tr>\n<tr>\n<td>Control de ruido<\/td>\n<td>Cancelaci\u00f3n activa de ruido<\/td>\n<\/tr>\n<\/tbody>\n<\/table>\n","protected":false},"excerpt":{"rendered":"<ul>\n<li><strong>Dise\u00f1o:<\/strong>\u00a0Ligero, plegable y ergon\u00f3mico<\/li>\n<li><strong>Tecnolog\u00eda:<\/strong>\u00a0Cancelaci\u00f3n de ruido adaptativa y activa (ANC)<\/li>\n<li><strong>Duraci\u00f3n de bater\u00eda:<\/strong>\u00a050 horas aprox.<\/li>\n<li><strong>Drivers de:<\/strong>\u00a040 mm<\/li>\n<li><strong>Conectividad:\u00a0<\/strong>Bluetooth 5.0<\/li>\n<\/ul>\n","protected":false},"featured_media":12035,"template":"","meta":{"om_disable_all_campaigns":false},"product_cat":[257],"product_tag":[],"class_list":{"0":"post-7571","1":"product","2":"type-product","3":"status-publish","4":"has-post-thumbnail","6":"product_cat-auriculares","8":"first","9":"outofstock","10":"shipping-taxable","11":"purchasable","12":"product-type-simple"},"yoast_head":"<!-- This site is optimized with the Yoast SEO plugin v23.6 - https:\/\/yoast.com\/wordpress\/plugins\/seo\/ -->\n<title>Auriculares Inal\u00e1mbricos JBL Live 460NC - Teleclub<\/title>\n<meta name=\"robots\" content=\"index, follow, max-snippet:-1, max-image-preview:large, max-video-preview:-1\" \/>\n<link rel=\"canonical\" href=\"https:\/\/www.teleclub.com.py\/index.php\/product\/auriculares-inalambricos-jbl-live-460nc-black\/\" \/>\n<meta property=\"og:locale\" content=\"es_ES\" \/>\n<meta property=\"og:type\" content=\"article\" \/>\n<meta property=\"og:title\" content=\"Auriculares Inal\u00e1mbricos JBL Live 460NC - Teleclub\" \/>\n<meta property=\"og:description\" content=\"Dise\u00f1o:\u00a0Ligero, plegable y ergon\u00f3mico  Tecnolog\u00eda:\u00a0Cancelaci\u00f3n de ruido adaptativa y activa (ANC)  Duraci\u00f3n de bater\u00eda:\u00a050 horas aprox.  Drivers de:\u00a040 mm  Conectividad:\u00a0Bluetooth 5.0\" \/>\n<meta property=\"og:url\" content=\"https:\/\/www.teleclub.com.py\/index.php\/product\/auriculares-inalambricos-jbl-live-460nc-black\/\" \/>\n<meta property=\"og:site_name\" content=\"Teleclub\" \/>\n<meta property=\"article:publisher\" content=\"https:\/\/www.facebook.com\/teleclubpy\" \/>\n<meta property=\"article:modified_time\" content=\"2025-04-24T17:28:35+00:00\" \/>\n<meta property=\"og:image\" content=\"https:\/\/www.teleclub.com.py\/wp-content\/uploads\/2024\/08\/460NC.jpg\" \/>\n\t<meta property=\"og:image:width\" content=\"225\" \/>\n\t<meta property=\"og:image:height\" content=\"225\" \/>\n\t<meta property=\"og:image:type\" content=\"image\/jpeg\" \/>\n<meta name=\"twitter:card\" content=\"summary_large_image\" \/>\n<meta name=\"twitter:label1\" content=\"Tiempo de lectura\" \/>\n\t<meta name=\"twitter:data1\" content=\"1 minuto\" \/>\n<script type=\"application\/ld+json\" class=\"yoast-schema-graph\">{\"@context\":\"https:\/\/schema.org\",\"@graph\":[{\"@type\":\"WebPage\",\"@id\":\"https:\/\/www.teleclub.com.py\/index.php\/product\/auriculares-inalambricos-jbl-live-460nc-black\/\",\"url\":\"https:\/\/www.teleclub.com.py\/index.php\/product\/auriculares-inalambricos-jbl-live-460nc-black\/\",\"name\":\"Auriculares Inal\u00e1mbricos JBL Live 460NC - Teleclub\",\"isPartOf\":{\"@id\":\"https:\/\/www.teleclub.com.py\/#website\"},\"primaryImageOfPage\":{\"@id\":\"https:\/\/www.teleclub.com.py\/index.php\/product\/auriculares-inalambricos-jbl-live-460nc-black\/#primaryimage\"},\"image\":{\"@id\":\"https:\/\/www.teleclub.com.py\/index.php\/product\/auriculares-inalambricos-jbl-live-460nc-black\/#primaryimage\"},\"thumbnailUrl\":\"https:\/\/www.teleclub.com.py\/wp-content\/uploads\/2024\/08\/460NC.jpg\",\"datePublished\":\"2024-08-23T21:19:46+00:00\",\"dateModified\":\"2025-04-24T17:28:35+00:00\",\"breadcrumb\":{\"@id\":\"https:\/\/www.teleclub.com.py\/index.php\/product\/auriculares-inalambricos-jbl-live-460nc-black\/#breadcrumb\"},\"inLanguage\":\"es\",\"potentialAction\":[{\"@type\":\"ReadAction\",\"target\":[\"https:\/\/www.teleclub.com.py\/index.php\/product\/auriculares-inalambricos-jbl-live-460nc-black\/\"]}]},{\"@type\":\"ImageObject\",\"inLanguage\":\"es\",\"@id\":\"https:\/\/www.teleclub.com.py\/index.php\/product\/auriculares-inalambricos-jbl-live-460nc-black\/#primaryimage\",\"url\":\"https:\/\/www.teleclub.com.py\/wp-content\/uploads\/2024\/08\/460NC.jpg\",\"contentUrl\":\"https:\/\/www.teleclub.com.py\/wp-content\/uploads\/2024\/08\/460NC.jpg\",\"width\":225,\"height\":225},{\"@type\":\"BreadcrumbList\",\"@id\":\"https:\/\/www.teleclub.com.py\/index.php\/product\/auriculares-inalambricos-jbl-live-460nc-black\/#breadcrumb\",\"itemListElement\":[{\"@type\":\"ListItem\",\"position\":1,\"name\":\"Portada\",\"item\":\"https:\/\/www.teleclub.com.py\/\"},{\"@type\":\"ListItem\",\"position\":2,\"name\":\"Shop\",\"item\":\"https:\/\/www.teleclub.com.py\/index.php\/shop-2\/\"},{\"@type\":\"ListItem\",\"position\":3,\"name\":\"Auriculares Inal\u00e1mbricos JBL Live 460NC\"}]},{\"@type\":\"WebSite\",\"@id\":\"https:\/\/www.teleclub.com.py\/#website\",\"url\":\"https:\/\/www.teleclub.com.py\/\",\"name\":\"Teleclub\",\"description\":\"Tu tienda online\",\"publisher\":{\"@id\":\"https:\/\/www.teleclub.com.py\/#organization\"},\"potentialAction\":[{\"@type\":\"SearchAction\",\"target\":{\"@type\":\"EntryPoint\",\"urlTemplate\":\"https:\/\/www.teleclub.com.py\/?s={search_term_string}\"},\"query-input\":{\"@type\":\"PropertyValueSpecification\",\"valueRequired\":true,\"valueName\":\"search_term_string\"}}],\"inLanguage\":\"es\"},{\"@type\":\"Organization\",\"@id\":\"https:\/\/www.teleclub.com.py\/#organization\",\"name\":\"Teleclub\",\"url\":\"https:\/\/www.teleclub.com.py\/\",\"logo\":{\"@type\":\"ImageObject\",\"inLanguage\":\"es\",\"@id\":\"https:\/\/www.teleclub.com.py\/#\/schema\/logo\/image\/\",\"url\":\"https:\/\/www.teleclub.com.py\/wp-content\/uploads\/2024\/09\/1611317346760_TeleClub_logo_FondoBlanco-2.jpg\",\"contentUrl\":\"https:\/\/www.teleclub.com.py\/wp-content\/uploads\/2024\/09\/1611317346760_TeleClub_logo_FondoBlanco-2.jpg\",\"width\":1600,\"height\":1600,\"caption\":\"Teleclub\"},\"image\":{\"@id\":\"https:\/\/www.teleclub.com.py\/#\/schema\/logo\/image\/\"},\"sameAs\":[\"https:\/\/www.facebook.com\/teleclubpy\",\"https:\/\/www.instagram.com\/teleclubpy\"]}]}<\/script>\n<!-- \/ Yoast SEO plugin. -->","yoast_head_json":{"title":"Auriculares Inal\u00e1mbricos JBL Live 460NC - Teleclub","robots":{"index":"index","follow":"follow","max-snippet":"max-snippet:-1","max-image-preview":"max-image-preview:large","max-video-preview":"max-video-preview:-1"},"canonical":"https:\/\/www.teleclub.com.py\/index.php\/product\/auriculares-inalambricos-jbl-live-460nc-black\/","og_locale":"es_ES","og_type":"article","og_title":"Auriculares Inal\u00e1mbricos JBL Live 460NC - Teleclub","og_description":"Dise\u00f1o:\u00a0Ligero, plegable y ergon\u00f3mico  Tecnolog\u00eda:\u00a0Cancelaci\u00f3n de ruido adaptativa y activa (ANC)  Duraci\u00f3n de bater\u00eda:\u00a050 horas aprox.  Drivers de:\u00a040 mm  Conectividad:\u00a0Bluetooth 5.0","og_url":"https:\/\/www.teleclub.com.py\/index.php\/product\/auriculares-inalambricos-jbl-live-460nc-black\/","og_site_name":"Teleclub","article_publisher":"https:\/\/www.facebook.com\/teleclubpy","article_modified_time":"2025-04-24T17:28:35+00:00","og_image":[{"width":225,"height":225,"url":"https:\/\/www.teleclub.com.py\/wp-content\/uploads\/2024\/08\/460NC.jpg","type":"image\/jpeg"}],"twitter_card":"summary_large_image","twitter_misc":{"Tiempo de lectura":"1 minuto"},"schema":{"@context":"https:\/\/schema.org","@graph":[{"@type":"WebPage","@id":"https:\/\/www.teleclub.com.py\/index.php\/product\/auriculares-inalambricos-jbl-live-460nc-black\/","url":"https:\/\/www.teleclub.com.py\/index.php\/product\/auriculares-inalambricos-jbl-live-460nc-black\/","name":"Auriculares Inal\u00e1mbricos JBL Live 460NC - Teleclub","isPartOf":{"@id":"https:\/\/www.teleclub.com.py\/#website"},"primaryImageOfPage":{"@id":"https:\/\/www.teleclub.com.py\/index.php\/product\/auriculares-inalambricos-jbl-live-460nc-black\/#primaryimage"},"image":{"@id":"https:\/\/www.teleclub.com.py\/index.php\/product\/auriculares-inalambricos-jbl-live-460nc-black\/#primaryimage"},"thumbnailUrl":"https:\/\/www.teleclub.com.py\/wp-content\/uploads\/2024\/08\/460NC.jpg","datePublished":"2024-08-23T21:19:46+00:00","dateModified":"2025-04-24T17:28:35+00:00","breadcrumb":{"@id":"https:\/\/www.teleclub.com.py\/index.php\/product\/auriculares-inalambricos-jbl-live-460nc-black\/#breadcrumb"},"inLanguage":"es","potentialAction":[{"@type":"ReadAction","target":["https:\/\/www.teleclub.com.py\/index.php\/product\/auriculares-inalambricos-jbl-live-460nc-black\/"]}]},{"@type":"ImageObject","inLanguage":"es","@id":"https:\/\/www.teleclub.com.py\/index.php\/product\/auriculares-inalambricos-jbl-live-460nc-black\/#primaryimage","url":"https:\/\/www.teleclub.com.py\/wp-content\/uploads\/2024\/08\/460NC.jpg","contentUrl":"https:\/\/www.teleclub.com.py\/wp-content\/uploads\/2024\/08\/460NC.jpg","width":225,"height":225},{"@type":"BreadcrumbList","@id":"https:\/\/www.teleclub.com.py\/index.php\/product\/auriculares-inalambricos-jbl-live-460nc-black\/#breadcrumb","itemListElement":[{"@type":"ListItem","position":1,"name":"Portada","item":"https:\/\/www.teleclub.com.py\/"},{"@type":"ListItem","position":2,"name":"Shop","item":"https:\/\/www.teleclub.com.py\/index.php\/shop-2\/"},{"@type":"ListItem","position":3,"name":"Auriculares Inal\u00e1mbricos JBL Live 460NC"}]},{"@type":"WebSite","@id":"https:\/\/www.teleclub.com.py\/#website","url":"https:\/\/www.teleclub.com.py\/","name":"Teleclub","description":"Tu tienda online","publisher":{"@id":"https:\/\/www.teleclub.com.py\/#organization"},"potentialAction":[{"@type":"SearchAction","target":{"@type":"EntryPoint","urlTemplate":"https:\/\/www.teleclub.com.py\/?s={search_term_string}"},"query-input":{"@type":"PropertyValueSpecification","valueRequired":true,"valueName":"search_term_string"}}],"inLanguage":"es"},{"@type":"Organization","@id":"https:\/\/www.teleclub.com.py\/#organization","name":"Teleclub","url":"https:\/\/www.teleclub.com.py\/","logo":{"@type":"ImageObject","inLanguage":"es","@id":"https:\/\/www.teleclub.com.py\/#\/schema\/logo\/image\/","url":"https:\/\/www.teleclub.com.py\/wp-content\/uploads\/2024\/09\/1611317346760_TeleClub_logo_FondoBlanco-2.jpg","contentUrl":"https:\/\/www.teleclub.com.py\/wp-content\/uploads\/2024\/09\/1611317346760_TeleClub_logo_FondoBlanco-2.jpg","width":1600,"height":1600,"caption":"Teleclub"},"image":{"@id":"https:\/\/www.teleclub.com.py\/#\/schema\/logo\/image\/"},"sameAs":["https:\/\/www.facebook.com\/teleclubpy","https:\/\/www.instagram.com\/teleclubpy"]}]}},"_links":{"self":[{"href":"https:\/\/www.teleclub.com.py\/index.php\/wp-json\/wp\/v2\/product\/7571","targetHints":{"allow":["GET"]}}],"collection":[{"href":"https:\/\/www.teleclub.com.py\/index.php\/wp-json\/wp\/v2\/product"}],"about":[{"href":"https:\/\/www.teleclub.com.py\/index.php\/wp-json\/wp\/v2\/types\/product"}],"wp:featuredmedia":[{"embeddable":true,"href":"https:\/\/www.teleclub.com.py\/index.php\/wp-json\/wp\/v2\/media\/12035"}],"wp:attachment":[{"href":"https:\/\/www.teleclub.com.py\/index.php\/wp-json\/wp\/v2\/media?parent=7571"}],"wp:term":[{"taxonomy":"product_cat","embeddable":true,"href":"https:\/\/www.teleclub.com.py\/index.php\/wp-json\/wp\/v2\/product_cat?post=7571"},{"taxonomy":"product_tag","embeddable":true,"href":"https:\/\/www.teleclub.com.py\/index.php\/wp-json\/wp\/v2\/product_tag?post=7571"}],"curies":[{"name":"wp","href":"https:\/\/api.w.org\/{rel}","templated":true}]}}