{"id":7529,"date":"2024-08-23T21:04:45","date_gmt":"2024-08-23T19:04:45","guid":{"rendered":"https:\/\/www.teleclub.com.py\/?post_type=product&#038;p=7529"},"modified":"2025-04-26T11:35:41","modified_gmt":"2025-04-26T14:35:41","slug":"speaker-jbl-party-box-110-negro","status":"publish","type":"product","link":"https:\/\/www.teleclub.com.py\/index.php\/product\/speaker-jbl-party-box-110-negro\/","title":{"rendered":"Speaker JBL Party Box 110 &#8211; Negro"},"content":{"rendered":"<div id=\"heading-Caractersticasgenerales\" class=\"heading\">\n<h4 class=\"title\">Caracter\u00edsticas generales<\/h4>\n<\/div>\n<div id=\"Caractersticasgenerales\" class=\"\" aria-labelledby=\"heading-Caractersticasgenerales\">\n<div class=\"body\">\n<div class=\"row eachLineItem\"><span class=\"col-xs-6\">Potencia de salida: <\/span><span class=\"col-xs-5 col-xs-offset-1 rightAlignedItem\">160<\/span><\/div>\n<\/div>\n<\/div>\n<div id=\"heading-CaractersticasAudio\" class=\"heading\">\n<h4 class=\"title\">Caracter\u00edsticas Audio<\/h4>\n<\/div>\n<div id=\"CaractersticasAudio\" class=\"\" aria-labelledby=\"heading-CaractersticasAudio\">\n<div class=\"body\">\n<div class=\"row eachLineItem\"><span class=\"col-xs-6\">Respuesta de frecuencia din\u00e1mica: <\/span><span class=\"col-xs-5 col-xs-offset-1 rightAlignedItem\">45Hz &#8211; 20KHz (-6dB)<\/span><\/div>\n<\/div>\n<\/div>\n<div id=\"heading-Medidas\" class=\"heading\">\n<h4 class=\"title\">Medidas<\/h4>\n<\/div>\n<div id=\"Medidas\" class=\"\" aria-labelledby=\"heading-Medidas\">\n<div class=\"body\">\n<div class=\"row eachLineItem\"><span class=\"col-xs-6\">Dimensiones (cm): <\/span><span class=\"col-xs-5 col-xs-offset-1 rightAlignedItem\">29.5 x 56.8 x 30.0<\/span><\/div>\n<div class=\"row eachLineItem\"><span class=\"col-xs-6\">Dimensiones (in): <\/span><span class=\"col-xs-5 col-xs-offset-1 rightAlignedItem\">11.6 x 22.4 x 11. 8<\/span><\/div>\n<div class=\"row eachLineItem\"><span class=\"col-xs-6\">Weight (kgs): <\/span><span class=\"col-xs-5 col-xs-offset-1 rightAlignedItem\">10.84<\/span><\/div>\n<div class=\"row eachLineItem\"><span class=\"col-xs-6\">Weight (lbs): <\/span><span class=\"col-xs-5 col-xs-offset-1 rightAlignedItem\">23<\/span><\/div>\n<\/div>\n<\/div>\n<div id=\"heading-Caractersticasdecontrolyconexin\" class=\"heading\">\n<h4 class=\"title\">Caracter\u00edsticas de control y conexi\u00f3n<\/h4>\n<\/div>\n<div id=\"Caractersticasdecontrolyconexin\" class=\"\" aria-labelledby=\"heading-Caractersticasdecontrolyconexin\">\n<div class=\"body\">\n<div class=\"row eachLineItem\"><span class=\"col-xs-6\">Perfiles Bluetooth: <\/span><span class=\"col-xs-5 col-xs-offset-1 rightAlignedItem\">A2DP 1.3, AVRCP 1.6<\/span><\/div>\n<div class=\"row eachLineItem\"><span class=\"col-xs-6\">Rango de frecuencia de transmisi\u00f3n Bluetooth: <\/span><span class=\"col-xs-5 col-xs-offset-1 rightAlignedItem\">2.4 GHz &#8211; 2.4835 GHz<\/span><\/div>\n<div class=\"row eachLineItem\"><span class=\"col-xs-6\">Transmisi\u00f3n de modulaci\u00f3n GFSK v\u00eda Bluetooth: <\/span><span class=\"col-xs-5 col-xs-offset-1 rightAlignedItem\">GFSK, \u03c0\/4 DQPSK, 8DPSK<\/span><\/div>\n<div class=\"row eachLineItem\"><span class=\"col-xs-6\">Potencia de transmisi\u00f3n Bluetooth: <\/span><span class=\"col-xs-5 col-xs-offset-1 rightAlignedItem\">\u2264 15 dBm (EIRP)<\/span><\/div>\n<div class=\"row eachLineItem\"><span class=\"col-xs-6\">Versi\u00f3n Bluetooth: <\/span><span class=\"col-xs-5 col-xs-offset-1 rightAlignedItem\">5.1<\/span><\/div>\n<\/div>\n<\/div>\n<div id=\"heading-Batera\" class=\"heading\">\n<h4 class=\"title\">Bater\u00eda<\/h4>\n<\/div>\n<div id=\"Batera\" class=\"\" aria-labelledby=\"heading-Batera\">\n<div class=\"body\">\n<div class=\"row eachLineItem\"><span class=\"col-xs-6\">Charging time (hrs): <\/span><span class=\"col-xs-5 col-xs-offset-1 rightAlignedItem\">3.5<\/span><\/div>\n<div class=\"row eachLineItem\"><span class=\"col-xs-6\">Tiempo de reproducci\u00f3n de musica: <\/span><span class=\"col-xs-5 col-xs-offset-1 rightAlignedItem\">12<\/span><\/div>\n<\/div>\n<\/div>\n<div id=\"heading-Caractersticas\" class=\"heading\">\n<h4 class=\"title\">Caracter\u00edsticas<\/h4>\n<\/div>\n<div id=\"Caractersticas\" class=\"\" aria-labelledby=\"heading-Caractersticas\">\n<div class=\"body\">\n<div class=\"row eachLineItem\"><span class=\"col-xs-6\">Bluetooth: <\/span><span class=\"col-xs-5 col-xs-offset-1 rightAlignedItem\">S\u00ed<\/span><\/div>\n<div class=\"row eachLineItem\"><span class=\"col-xs-6\">Charging cable: <\/span><span class=\"col-xs-5 col-xs-offset-1 rightAlignedItem\">S\u00ed<\/span><\/div>\n<div class=\"row eachLineItem\"><span class=\"col-xs-6\">Show de luces: <\/span><span class=\"col-xs-5 col-xs-offset-1 rightAlignedItem\">S\u00ed<\/span><\/div>\n<div class=\"row eachLineItem\"><span class=\"col-xs-6\">A prueba de agua: <\/span><span class=\"col-xs-5 col-xs-offset-1 rightAlignedItem\">S\u00ed<\/span><\/div>\n<div class=\"row eachLineItem\"><span class=\"col-xs-6\">Wireless: <\/span><span class=\"col-xs-5 col-xs-offset-1 rightAlignedItem\">S\u00ed<\/span><\/div>\n<div class=\"row eachLineItem\"><span class=\"col-xs-6\">Bater\u00eda recargable: <\/span><span class=\"col-xs-5 col-xs-offset-1 rightAlignedItem\">S\u00ed<\/span><\/div>\n<div class=\"row eachLineItem\"><span class=\"col-xs-6\">Certificaci\u00f3n IPX: <\/span><span class=\"col-xs-5 col-xs-offset-1 rightAlignedItem\">IPx4<\/span><\/div>\n<\/div>\n<\/div>\n","protected":false},"excerpt":{"rendered":"<ul>\n<li><span data-contrast=\"none\"><strong>Tecnolog\u00eda inal\u00e1mbrica:<\/strong>\u00a0Bluetooth 5.1<\/span><\/li>\n<li><span data-contrast=\"none\"><strong>Potencia de:<\/strong>\u00a0160 W RMS<\/span><\/li>\n<li><span data-contrast=\"none\"><strong>Duraci\u00f3n de la bater\u00eda:<\/strong>\u00a012\u00a0horas aprox.<\/span><\/li>\n<li><span data-contrast=\"none\"><strong>Tiempo de carga:<\/strong>\u00a03.5\u00a0horas aprox.<\/span><\/li>\n<li><span data-contrast=\"none\"><strong>Impermeabilidad:<\/strong>\u00a0IPX4<\/span><\/li>\n<\/ul>\n","protected":false},"featured_media":7530,"template":"","meta":{"om_disable_all_campaigns":false},"product_cat":[256],"product_tag":[],"class_list":{"0":"post-7529","1":"product","2":"type-product","3":"status-publish","4":"has-post-thumbnail","6":"product_cat-speakers-audio-electronica","8":"first","9":"outofstock","10":"shipping-taxable","11":"purchasable","12":"product-type-simple"},"yoast_head":"<!-- This site is optimized with the Yoast SEO plugin v23.6 - https:\/\/yoast.com\/wordpress\/plugins\/seo\/ -->\n<title>Speaker JBL Party Box 110 - Negro - Teleclub<\/title>\n<meta name=\"robots\" content=\"index, follow, max-snippet:-1, max-image-preview:large, max-video-preview:-1\" \/>\n<link rel=\"canonical\" href=\"https:\/\/www.teleclub.com.py\/index.php\/product\/speaker-jbl-party-box-110-negro\/\" \/>\n<meta property=\"og:locale\" content=\"es_ES\" \/>\n<meta property=\"og:type\" content=\"article\" \/>\n<meta property=\"og:title\" content=\"Speaker JBL Party Box 110 - Negro - Teleclub\" \/>\n<meta property=\"og:description\" content=\"Tecnolog\u00eda inal\u00e1mbrica:\u00a0Bluetooth 5.1  Potencia de:\u00a0160 W RMS  Duraci\u00f3n de la bater\u00eda:\u00a012\u00a0horas aprox.  Tiempo de carga:\u00a03.5\u00a0horas aprox.  Impermeabilidad:\u00a0IPX4\" \/>\n<meta property=\"og:url\" content=\"https:\/\/www.teleclub.com.py\/index.php\/product\/speaker-jbl-party-box-110-negro\/\" \/>\n<meta property=\"og:site_name\" content=\"Teleclub\" \/>\n<meta property=\"article:publisher\" content=\"https:\/\/www.facebook.com\/teleclubpy\" \/>\n<meta property=\"article:modified_time\" content=\"2025-04-26T14:35:41+00:00\" \/>\n<meta property=\"og:image\" content=\"https:\/\/www.teleclub.com.py\/wp-content\/uploads\/2024\/08\/jbl_partybox_110.png\" \/>\n\t<meta property=\"og:image:width\" content=\"600\" \/>\n\t<meta property=\"og:image:height\" content=\"600\" \/>\n\t<meta property=\"og:image:type\" content=\"image\/png\" \/>\n<meta name=\"twitter:card\" content=\"summary_large_image\" \/>\n<meta name=\"twitter:label1\" content=\"Tiempo de lectura\" \/>\n\t<meta name=\"twitter:data1\" content=\"1 minuto\" \/>\n<script type=\"application\/ld+json\" class=\"yoast-schema-graph\">{\"@context\":\"https:\/\/schema.org\",\"@graph\":[{\"@type\":\"WebPage\",\"@id\":\"https:\/\/www.teleclub.com.py\/index.php\/product\/speaker-jbl-party-box-110-negro\/\",\"url\":\"https:\/\/www.teleclub.com.py\/index.php\/product\/speaker-jbl-party-box-110-negro\/\",\"name\":\"Speaker JBL Party Box 110 - Negro - Teleclub\",\"isPartOf\":{\"@id\":\"https:\/\/www.teleclub.com.py\/#website\"},\"primaryImageOfPage\":{\"@id\":\"https:\/\/www.teleclub.com.py\/index.php\/product\/speaker-jbl-party-box-110-negro\/#primaryimage\"},\"image\":{\"@id\":\"https:\/\/www.teleclub.com.py\/index.php\/product\/speaker-jbl-party-box-110-negro\/#primaryimage\"},\"thumbnailUrl\":\"https:\/\/www.teleclub.com.py\/wp-content\/uploads\/2024\/08\/jbl_partybox_110.png\",\"datePublished\":\"2024-08-23T19:04:45+00:00\",\"dateModified\":\"2025-04-26T14:35:41+00:00\",\"breadcrumb\":{\"@id\":\"https:\/\/www.teleclub.com.py\/index.php\/product\/speaker-jbl-party-box-110-negro\/#breadcrumb\"},\"inLanguage\":\"es\",\"potentialAction\":[{\"@type\":\"ReadAction\",\"target\":[\"https:\/\/www.teleclub.com.py\/index.php\/product\/speaker-jbl-party-box-110-negro\/\"]}]},{\"@type\":\"ImageObject\",\"inLanguage\":\"es\",\"@id\":\"https:\/\/www.teleclub.com.py\/index.php\/product\/speaker-jbl-party-box-110-negro\/#primaryimage\",\"url\":\"https:\/\/www.teleclub.com.py\/wp-content\/uploads\/2024\/08\/jbl_partybox_110.png\",\"contentUrl\":\"https:\/\/www.teleclub.com.py\/wp-content\/uploads\/2024\/08\/jbl_partybox_110.png\",\"width\":600,\"height\":600},{\"@type\":\"BreadcrumbList\",\"@id\":\"https:\/\/www.teleclub.com.py\/index.php\/product\/speaker-jbl-party-box-110-negro\/#breadcrumb\",\"itemListElement\":[{\"@type\":\"ListItem\",\"position\":1,\"name\":\"Portada\",\"item\":\"https:\/\/www.teleclub.com.py\/\"},{\"@type\":\"ListItem\",\"position\":2,\"name\":\"Shop\",\"item\":\"https:\/\/www.teleclub.com.py\/index.php\/shop-2\/\"},{\"@type\":\"ListItem\",\"position\":3,\"name\":\"Speaker JBL Party Box 110 &#8211; Negro\"}]},{\"@type\":\"WebSite\",\"@id\":\"https:\/\/www.teleclub.com.py\/#website\",\"url\":\"https:\/\/www.teleclub.com.py\/\",\"name\":\"Teleclub\",\"description\":\"Tu tienda online\",\"publisher\":{\"@id\":\"https:\/\/www.teleclub.com.py\/#organization\"},\"potentialAction\":[{\"@type\":\"SearchAction\",\"target\":{\"@type\":\"EntryPoint\",\"urlTemplate\":\"https:\/\/www.teleclub.com.py\/?s={search_term_string}\"},\"query-input\":{\"@type\":\"PropertyValueSpecification\",\"valueRequired\":true,\"valueName\":\"search_term_string\"}}],\"inLanguage\":\"es\"},{\"@type\":\"Organization\",\"@id\":\"https:\/\/www.teleclub.com.py\/#organization\",\"name\":\"Teleclub\",\"url\":\"https:\/\/www.teleclub.com.py\/\",\"logo\":{\"@type\":\"ImageObject\",\"inLanguage\":\"es\",\"@id\":\"https:\/\/www.teleclub.com.py\/#\/schema\/logo\/image\/\",\"url\":\"https:\/\/www.teleclub.com.py\/wp-content\/uploads\/2024\/09\/1611317346760_TeleClub_logo_FondoBlanco-2.jpg\",\"contentUrl\":\"https:\/\/www.teleclub.com.py\/wp-content\/uploads\/2024\/09\/1611317346760_TeleClub_logo_FondoBlanco-2.jpg\",\"width\":1600,\"height\":1600,\"caption\":\"Teleclub\"},\"image\":{\"@id\":\"https:\/\/www.teleclub.com.py\/#\/schema\/logo\/image\/\"},\"sameAs\":[\"https:\/\/www.facebook.com\/teleclubpy\",\"https:\/\/www.instagram.com\/teleclubpy\"]}]}<\/script>\n<!-- \/ Yoast SEO plugin. -->","yoast_head_json":{"title":"Speaker JBL Party Box 110 - Negro - Teleclub","robots":{"index":"index","follow":"follow","max-snippet":"max-snippet:-1","max-image-preview":"max-image-preview:large","max-video-preview":"max-video-preview:-1"},"canonical":"https:\/\/www.teleclub.com.py\/index.php\/product\/speaker-jbl-party-box-110-negro\/","og_locale":"es_ES","og_type":"article","og_title":"Speaker JBL Party Box 110 - Negro - Teleclub","og_description":"Tecnolog\u00eda inal\u00e1mbrica:\u00a0Bluetooth 5.1  Potencia de:\u00a0160 W RMS  Duraci\u00f3n de la bater\u00eda:\u00a012\u00a0horas aprox.  Tiempo de carga:\u00a03.5\u00a0horas aprox.  Impermeabilidad:\u00a0IPX4","og_url":"https:\/\/www.teleclub.com.py\/index.php\/product\/speaker-jbl-party-box-110-negro\/","og_site_name":"Teleclub","article_publisher":"https:\/\/www.facebook.com\/teleclubpy","article_modified_time":"2025-04-26T14:35:41+00:00","og_image":[{"width":600,"height":600,"url":"https:\/\/www.teleclub.com.py\/wp-content\/uploads\/2024\/08\/jbl_partybox_110.png","type":"image\/png"}],"twitter_card":"summary_large_image","twitter_misc":{"Tiempo de lectura":"1 minuto"},"schema":{"@context":"https:\/\/schema.org","@graph":[{"@type":"WebPage","@id":"https:\/\/www.teleclub.com.py\/index.php\/product\/speaker-jbl-party-box-110-negro\/","url":"https:\/\/www.teleclub.com.py\/index.php\/product\/speaker-jbl-party-box-110-negro\/","name":"Speaker JBL Party Box 110 - Negro - Teleclub","isPartOf":{"@id":"https:\/\/www.teleclub.com.py\/#website"},"primaryImageOfPage":{"@id":"https:\/\/www.teleclub.com.py\/index.php\/product\/speaker-jbl-party-box-110-negro\/#primaryimage"},"image":{"@id":"https:\/\/www.teleclub.com.py\/index.php\/product\/speaker-jbl-party-box-110-negro\/#primaryimage"},"thumbnailUrl":"https:\/\/www.teleclub.com.py\/wp-content\/uploads\/2024\/08\/jbl_partybox_110.png","datePublished":"2024-08-23T19:04:45+00:00","dateModified":"2025-04-26T14:35:41+00:00","breadcrumb":{"@id":"https:\/\/www.teleclub.com.py\/index.php\/product\/speaker-jbl-party-box-110-negro\/#breadcrumb"},"inLanguage":"es","potentialAction":[{"@type":"ReadAction","target":["https:\/\/www.teleclub.com.py\/index.php\/product\/speaker-jbl-party-box-110-negro\/"]}]},{"@type":"ImageObject","inLanguage":"es","@id":"https:\/\/www.teleclub.com.py\/index.php\/product\/speaker-jbl-party-box-110-negro\/#primaryimage","url":"https:\/\/www.teleclub.com.py\/wp-content\/uploads\/2024\/08\/jbl_partybox_110.png","contentUrl":"https:\/\/www.teleclub.com.py\/wp-content\/uploads\/2024\/08\/jbl_partybox_110.png","width":600,"height":600},{"@type":"BreadcrumbList","@id":"https:\/\/www.teleclub.com.py\/index.php\/product\/speaker-jbl-party-box-110-negro\/#breadcrumb","itemListElement":[{"@type":"ListItem","position":1,"name":"Portada","item":"https:\/\/www.teleclub.com.py\/"},{"@type":"ListItem","position":2,"name":"Shop","item":"https:\/\/www.teleclub.com.py\/index.php\/shop-2\/"},{"@type":"ListItem","position":3,"name":"Speaker JBL Party Box 110 &#8211; Negro"}]},{"@type":"WebSite","@id":"https:\/\/www.teleclub.com.py\/#website","url":"https:\/\/www.teleclub.com.py\/","name":"Teleclub","description":"Tu tienda online","publisher":{"@id":"https:\/\/www.teleclub.com.py\/#organization"},"potentialAction":[{"@type":"SearchAction","target":{"@type":"EntryPoint","urlTemplate":"https:\/\/www.teleclub.com.py\/?s={search_term_string}"},"query-input":{"@type":"PropertyValueSpecification","valueRequired":true,"valueName":"search_term_string"}}],"inLanguage":"es"},{"@type":"Organization","@id":"https:\/\/www.teleclub.com.py\/#organization","name":"Teleclub","url":"https:\/\/www.teleclub.com.py\/","logo":{"@type":"ImageObject","inLanguage":"es","@id":"https:\/\/www.teleclub.com.py\/#\/schema\/logo\/image\/","url":"https:\/\/www.teleclub.com.py\/wp-content\/uploads\/2024\/09\/1611317346760_TeleClub_logo_FondoBlanco-2.jpg","contentUrl":"https:\/\/www.teleclub.com.py\/wp-content\/uploads\/2024\/09\/1611317346760_TeleClub_logo_FondoBlanco-2.jpg","width":1600,"height":1600,"caption":"Teleclub"},"image":{"@id":"https:\/\/www.teleclub.com.py\/#\/schema\/logo\/image\/"},"sameAs":["https:\/\/www.facebook.com\/teleclubpy","https:\/\/www.instagram.com\/teleclubpy"]}]}},"_links":{"self":[{"href":"https:\/\/www.teleclub.com.py\/index.php\/wp-json\/wp\/v2\/product\/7529","targetHints":{"allow":["GET"]}}],"collection":[{"href":"https:\/\/www.teleclub.com.py\/index.php\/wp-json\/wp\/v2\/product"}],"about":[{"href":"https:\/\/www.teleclub.com.py\/index.php\/wp-json\/wp\/v2\/types\/product"}],"wp:featuredmedia":[{"embeddable":true,"href":"https:\/\/www.teleclub.com.py\/index.php\/wp-json\/wp\/v2\/media\/7530"}],"wp:attachment":[{"href":"https:\/\/www.teleclub.com.py\/index.php\/wp-json\/wp\/v2\/media?parent=7529"}],"wp:term":[{"taxonomy":"product_cat","embeddable":true,"href":"https:\/\/www.teleclub.com.py\/index.php\/wp-json\/wp\/v2\/product_cat?post=7529"},{"taxonomy":"product_tag","embeddable":true,"href":"https:\/\/www.teleclub.com.py\/index.php\/wp-json\/wp\/v2\/product_tag?post=7529"}],"curies":[{"name":"wp","href":"https:\/\/api.w.org\/{rel}","templated":true}]}}