{"id":7461,"date":"2024-08-22T04:47:11","date_gmt":"2024-08-22T02:47:11","guid":{"rendered":"https:\/\/www.teleclub.com.py\/?post_type=product&#038;p=7461"},"modified":"2024-08-27T00:05:55","modified_gmt":"2024-08-26T22:05:55","slug":"mouse-gaming-cooler-master-mm730-rgb-16000dpi-ajustable-6-botones-black-white","status":"publish","type":"product","link":"https:\/\/www.teleclub.com.py\/index.php\/product\/mouse-gaming-cooler-master-mm730-rgb-16000dpi-ajustable-6-botones-black-white\/","title":{"rendered":"Mouse Gaming Cooler Master MM730\/RGB\/16000DPI Ajustable\/6 Botones &#8211; Black\/White"},"content":{"rendered":"<div>Cada caracter\u00edstica de nivel profesional est\u00e1 dise\u00f1ada para brindar una respuesta a la velocidad del rayo en un abrir y cerrar de ojos: pies de PTFE genuinos para un deslizamiento incomparable, sensor \u00f3ptico ajustable de 16,000 DPI y microinterruptores \u00f3pticos para mayor durabilidad y entrada. Todo ello alojado en un nuevo y revolucionario dise\u00f1o ergon\u00f3mico superligero que reduce el peso a 48 g, el MM730 es verdaderamente m\u00e1s peque\u00f1o que la suma de sus piezas.<\/div>\n<ul>\n<li><b>Suelta tu rat\u00f3n:\u00a0<\/b>el MM730 con un nuevo cable ultraligero. Dise\u00f1ado internamente y compuesto de fibra liviana y duradera, el mango no se desplaza por el mapa y no dificulta la precisi\u00f3n al apuntar. Tambi\u00e9n puedes deshacerte de los bungies de tu rat\u00f3n ahora.<\/li>\n<li><b>Sensor \u00f3ptico de calidad para juegos:\u00a0<\/b>\u00a0Equipado con un sensor \u00f3ptico Pixart de 16.000 DPI para un retraso m\u00ednimo, poco o ning\u00fan tartamudeo y una precisi\u00f3n que no encontrar\u00e1 en su mouse compacto, ahora diez veces mejorada gracias a su peso enormemente reducido. Y si necesita preferir la precisi\u00f3n a la velocidad, el DPI es ajustable, lo que le brinda la posibilidad de realizar ajustes seg\u00fan el juego, la clase y\/o el estilo de juego.<\/li>\n<li><b>Detalles RGB elegantes:<\/b>\u00a0El MM730 viene con iluminaci\u00f3n RGB en la rueda de desplazamiento y el logotipo para agregar un toque de personalidad a tu juego. Y no es s\u00f3lo para una apariencia llamativa: los LED tambi\u00e9n pueden servir como un indicador \u00fatil para el DPI asignado actualmente.<\/li>\n<\/ul>\n","protected":false},"excerpt":{"rendered":"<table class=\"table table-bordered\">\n<tbody>\n<tr>\n<td>Color<\/td>\n<td>White\/Black<\/td>\n<\/tr>\n<tr>\n<td>Modelo<\/td>\n<td>MM730 &#8211; MM-730-WWOL1<\/td>\n<\/tr>\n<tr>\n<td>Conexiones<\/td>\n<td>USB<\/td>\n<\/tr>\n<tr>\n<td>Sensor<\/td>\n<td>\u00d3ptico PixArt<\/td>\n<\/tr>\n<tr>\n<td>Compatibilidad<\/td>\n<td>Windows 8 o superiores &#8211; Mac OS<\/td>\n<\/tr>\n<tr>\n<td>Longitud del Cable<\/td>\n<td>Aproximadamente 1.8 metros<\/td>\n<\/tr>\n<tr>\n<td>LED<\/td>\n<td>RGB<\/td>\n<\/tr>\n<\/tbody>\n<\/table>\n","protected":false},"featured_media":7463,"template":"","meta":{"om_disable_all_campaigns":false},"product_cat":[357,405],"product_tag":[],"class_list":{"0":"post-7461","1":"product","2":"type-product","3":"status-publish","4":"has-post-thumbnail","6":"product_cat-componentes","7":"product_cat-zona-gaming","9":"first","10":"instock","11":"shipping-taxable","12":"purchasable","13":"product-type-simple"},"yoast_head":"<!-- This site is optimized with the Yoast SEO plugin v23.6 - https:\/\/yoast.com\/wordpress\/plugins\/seo\/ -->\n<title>Mouse Gaming Cooler Master MM730\/RGB\/16000DPI Ajustable\/6 Botones - Black\/White - Teleclub<\/title>\n<meta name=\"robots\" content=\"index, follow, max-snippet:-1, max-image-preview:large, max-video-preview:-1\" \/>\n<link rel=\"canonical\" href=\"https:\/\/www.teleclub.com.py\/index.php\/product\/mouse-gaming-cooler-master-mm730-rgb-16000dpi-ajustable-6-botones-black-white\/\" \/>\n<meta property=\"og:locale\" content=\"es_ES\" \/>\n<meta property=\"og:type\" content=\"article\" \/>\n<meta property=\"og:title\" content=\"Mouse Gaming Cooler Master MM730\/RGB\/16000DPI Ajustable\/6 Botones - Black\/White - Teleclub\" \/>\n<meta property=\"og:description\" content=\"Color White\/Black   Modelo MM730 - MM-730-WWOL1   Conexiones USB   Sensor \u00d3ptico PixArt   Compatibilidad Windows 8 o superiores - Mac OS   Longitud del Cable Aproximadamente 1.8 metros   LED RGB\" \/>\n<meta property=\"og:url\" content=\"https:\/\/www.teleclub.com.py\/index.php\/product\/mouse-gaming-cooler-master-mm730-rgb-16000dpi-ajustable-6-botones-black-white\/\" \/>\n<meta property=\"og:site_name\" content=\"Teleclub\" \/>\n<meta property=\"article:publisher\" content=\"https:\/\/www.facebook.com\/teleclubpy\" \/>\n<meta property=\"article:modified_time\" content=\"2024-08-26T22:05:55+00:00\" \/>\n<meta property=\"og:image\" content=\"https:\/\/www.teleclub.com.py\/wp-content\/uploads\/2024\/08\/a-13.png\" \/>\n\t<meta property=\"og:image:width\" content=\"616\" \/>\n\t<meta property=\"og:image:height\" content=\"616\" \/>\n\t<meta property=\"og:image:type\" content=\"image\/png\" \/>\n<meta name=\"twitter:card\" content=\"summary_large_image\" \/>\n<meta name=\"twitter:label1\" content=\"Tiempo de lectura\" \/>\n\t<meta name=\"twitter:data1\" content=\"1 minuto\" \/>\n<script type=\"application\/ld+json\" class=\"yoast-schema-graph\">{\"@context\":\"https:\/\/schema.org\",\"@graph\":[{\"@type\":\"WebPage\",\"@id\":\"https:\/\/www.teleclub.com.py\/index.php\/product\/mouse-gaming-cooler-master-mm730-rgb-16000dpi-ajustable-6-botones-black-white\/\",\"url\":\"https:\/\/www.teleclub.com.py\/index.php\/product\/mouse-gaming-cooler-master-mm730-rgb-16000dpi-ajustable-6-botones-black-white\/\",\"name\":\"Mouse Gaming Cooler Master MM730\/RGB\/16000DPI Ajustable\/6 Botones - Black\/White - Teleclub\",\"isPartOf\":{\"@id\":\"https:\/\/www.teleclub.com.py\/#website\"},\"primaryImageOfPage\":{\"@id\":\"https:\/\/www.teleclub.com.py\/index.php\/product\/mouse-gaming-cooler-master-mm730-rgb-16000dpi-ajustable-6-botones-black-white\/#primaryimage\"},\"image\":{\"@id\":\"https:\/\/www.teleclub.com.py\/index.php\/product\/mouse-gaming-cooler-master-mm730-rgb-16000dpi-ajustable-6-botones-black-white\/#primaryimage\"},\"thumbnailUrl\":\"https:\/\/www.teleclub.com.py\/wp-content\/uploads\/2024\/08\/a-13.png\",\"datePublished\":\"2024-08-22T02:47:11+00:00\",\"dateModified\":\"2024-08-26T22:05:55+00:00\",\"breadcrumb\":{\"@id\":\"https:\/\/www.teleclub.com.py\/index.php\/product\/mouse-gaming-cooler-master-mm730-rgb-16000dpi-ajustable-6-botones-black-white\/#breadcrumb\"},\"inLanguage\":\"es\",\"potentialAction\":[{\"@type\":\"ReadAction\",\"target\":[\"https:\/\/www.teleclub.com.py\/index.php\/product\/mouse-gaming-cooler-master-mm730-rgb-16000dpi-ajustable-6-botones-black-white\/\"]}]},{\"@type\":\"ImageObject\",\"inLanguage\":\"es\",\"@id\":\"https:\/\/www.teleclub.com.py\/index.php\/product\/mouse-gaming-cooler-master-mm730-rgb-16000dpi-ajustable-6-botones-black-white\/#primaryimage\",\"url\":\"https:\/\/www.teleclub.com.py\/wp-content\/uploads\/2024\/08\/a-13.png\",\"contentUrl\":\"https:\/\/www.teleclub.com.py\/wp-content\/uploads\/2024\/08\/a-13.png\",\"width\":616,\"height\":616},{\"@type\":\"BreadcrumbList\",\"@id\":\"https:\/\/www.teleclub.com.py\/index.php\/product\/mouse-gaming-cooler-master-mm730-rgb-16000dpi-ajustable-6-botones-black-white\/#breadcrumb\",\"itemListElement\":[{\"@type\":\"ListItem\",\"position\":1,\"name\":\"Portada\",\"item\":\"https:\/\/www.teleclub.com.py\/\"},{\"@type\":\"ListItem\",\"position\":2,\"name\":\"Shop\",\"item\":\"https:\/\/www.teleclub.com.py\/index.php\/shop-2\/\"},{\"@type\":\"ListItem\",\"position\":3,\"name\":\"Mouse Gaming Cooler Master MM730\/RGB\/16000DPI Ajustable\/6 Botones &#8211; Black\/White\"}]},{\"@type\":\"WebSite\",\"@id\":\"https:\/\/www.teleclub.com.py\/#website\",\"url\":\"https:\/\/www.teleclub.com.py\/\",\"name\":\"Teleclub\",\"description\":\"Tu tienda online\",\"publisher\":{\"@id\":\"https:\/\/www.teleclub.com.py\/#organization\"},\"potentialAction\":[{\"@type\":\"SearchAction\",\"target\":{\"@type\":\"EntryPoint\",\"urlTemplate\":\"https:\/\/www.teleclub.com.py\/?s={search_term_string}\"},\"query-input\":{\"@type\":\"PropertyValueSpecification\",\"valueRequired\":true,\"valueName\":\"search_term_string\"}}],\"inLanguage\":\"es\"},{\"@type\":\"Organization\",\"@id\":\"https:\/\/www.teleclub.com.py\/#organization\",\"name\":\"Teleclub\",\"url\":\"https:\/\/www.teleclub.com.py\/\",\"logo\":{\"@type\":\"ImageObject\",\"inLanguage\":\"es\",\"@id\":\"https:\/\/www.teleclub.com.py\/#\/schema\/logo\/image\/\",\"url\":\"https:\/\/www.teleclub.com.py\/wp-content\/uploads\/2024\/09\/1611317346760_TeleClub_logo_FondoBlanco-2.jpg\",\"contentUrl\":\"https:\/\/www.teleclub.com.py\/wp-content\/uploads\/2024\/09\/1611317346760_TeleClub_logo_FondoBlanco-2.jpg\",\"width\":1600,\"height\":1600,\"caption\":\"Teleclub\"},\"image\":{\"@id\":\"https:\/\/www.teleclub.com.py\/#\/schema\/logo\/image\/\"},\"sameAs\":[\"https:\/\/www.facebook.com\/teleclubpy\",\"https:\/\/www.instagram.com\/teleclubpy\"]}]}<\/script>\n<!-- \/ Yoast SEO plugin. -->","yoast_head_json":{"title":"Mouse Gaming Cooler Master MM730\/RGB\/16000DPI Ajustable\/6 Botones - Black\/White - Teleclub","robots":{"index":"index","follow":"follow","max-snippet":"max-snippet:-1","max-image-preview":"max-image-preview:large","max-video-preview":"max-video-preview:-1"},"canonical":"https:\/\/www.teleclub.com.py\/index.php\/product\/mouse-gaming-cooler-master-mm730-rgb-16000dpi-ajustable-6-botones-black-white\/","og_locale":"es_ES","og_type":"article","og_title":"Mouse Gaming Cooler Master MM730\/RGB\/16000DPI Ajustable\/6 Botones - Black\/White - Teleclub","og_description":"Color White\/Black   Modelo MM730 - MM-730-WWOL1   Conexiones USB   Sensor \u00d3ptico PixArt   Compatibilidad Windows 8 o superiores - Mac OS   Longitud del Cable Aproximadamente 1.8 metros   LED RGB","og_url":"https:\/\/www.teleclub.com.py\/index.php\/product\/mouse-gaming-cooler-master-mm730-rgb-16000dpi-ajustable-6-botones-black-white\/","og_site_name":"Teleclub","article_publisher":"https:\/\/www.facebook.com\/teleclubpy","article_modified_time":"2024-08-26T22:05:55+00:00","og_image":[{"width":616,"height":616,"url":"https:\/\/www.teleclub.com.py\/wp-content\/uploads\/2024\/08\/a-13.png","type":"image\/png"}],"twitter_card":"summary_large_image","twitter_misc":{"Tiempo de lectura":"1 minuto"},"schema":{"@context":"https:\/\/schema.org","@graph":[{"@type":"WebPage","@id":"https:\/\/www.teleclub.com.py\/index.php\/product\/mouse-gaming-cooler-master-mm730-rgb-16000dpi-ajustable-6-botones-black-white\/","url":"https:\/\/www.teleclub.com.py\/index.php\/product\/mouse-gaming-cooler-master-mm730-rgb-16000dpi-ajustable-6-botones-black-white\/","name":"Mouse Gaming Cooler Master MM730\/RGB\/16000DPI Ajustable\/6 Botones - Black\/White - Teleclub","isPartOf":{"@id":"https:\/\/www.teleclub.com.py\/#website"},"primaryImageOfPage":{"@id":"https:\/\/www.teleclub.com.py\/index.php\/product\/mouse-gaming-cooler-master-mm730-rgb-16000dpi-ajustable-6-botones-black-white\/#primaryimage"},"image":{"@id":"https:\/\/www.teleclub.com.py\/index.php\/product\/mouse-gaming-cooler-master-mm730-rgb-16000dpi-ajustable-6-botones-black-white\/#primaryimage"},"thumbnailUrl":"https:\/\/www.teleclub.com.py\/wp-content\/uploads\/2024\/08\/a-13.png","datePublished":"2024-08-22T02:47:11+00:00","dateModified":"2024-08-26T22:05:55+00:00","breadcrumb":{"@id":"https:\/\/www.teleclub.com.py\/index.php\/product\/mouse-gaming-cooler-master-mm730-rgb-16000dpi-ajustable-6-botones-black-white\/#breadcrumb"},"inLanguage":"es","potentialAction":[{"@type":"ReadAction","target":["https:\/\/www.teleclub.com.py\/index.php\/product\/mouse-gaming-cooler-master-mm730-rgb-16000dpi-ajustable-6-botones-black-white\/"]}]},{"@type":"ImageObject","inLanguage":"es","@id":"https:\/\/www.teleclub.com.py\/index.php\/product\/mouse-gaming-cooler-master-mm730-rgb-16000dpi-ajustable-6-botones-black-white\/#primaryimage","url":"https:\/\/www.teleclub.com.py\/wp-content\/uploads\/2024\/08\/a-13.png","contentUrl":"https:\/\/www.teleclub.com.py\/wp-content\/uploads\/2024\/08\/a-13.png","width":616,"height":616},{"@type":"BreadcrumbList","@id":"https:\/\/www.teleclub.com.py\/index.php\/product\/mouse-gaming-cooler-master-mm730-rgb-16000dpi-ajustable-6-botones-black-white\/#breadcrumb","itemListElement":[{"@type":"ListItem","position":1,"name":"Portada","item":"https:\/\/www.teleclub.com.py\/"},{"@type":"ListItem","position":2,"name":"Shop","item":"https:\/\/www.teleclub.com.py\/index.php\/shop-2\/"},{"@type":"ListItem","position":3,"name":"Mouse Gaming Cooler Master MM730\/RGB\/16000DPI Ajustable\/6 Botones &#8211; Black\/White"}]},{"@type":"WebSite","@id":"https:\/\/www.teleclub.com.py\/#website","url":"https:\/\/www.teleclub.com.py\/","name":"Teleclub","description":"Tu tienda online","publisher":{"@id":"https:\/\/www.teleclub.com.py\/#organization"},"potentialAction":[{"@type":"SearchAction","target":{"@type":"EntryPoint","urlTemplate":"https:\/\/www.teleclub.com.py\/?s={search_term_string}"},"query-input":{"@type":"PropertyValueSpecification","valueRequired":true,"valueName":"search_term_string"}}],"inLanguage":"es"},{"@type":"Organization","@id":"https:\/\/www.teleclub.com.py\/#organization","name":"Teleclub","url":"https:\/\/www.teleclub.com.py\/","logo":{"@type":"ImageObject","inLanguage":"es","@id":"https:\/\/www.teleclub.com.py\/#\/schema\/logo\/image\/","url":"https:\/\/www.teleclub.com.py\/wp-content\/uploads\/2024\/09\/1611317346760_TeleClub_logo_FondoBlanco-2.jpg","contentUrl":"https:\/\/www.teleclub.com.py\/wp-content\/uploads\/2024\/09\/1611317346760_TeleClub_logo_FondoBlanco-2.jpg","width":1600,"height":1600,"caption":"Teleclub"},"image":{"@id":"https:\/\/www.teleclub.com.py\/#\/schema\/logo\/image\/"},"sameAs":["https:\/\/www.facebook.com\/teleclubpy","https:\/\/www.instagram.com\/teleclubpy"]}]}},"_links":{"self":[{"href":"https:\/\/www.teleclub.com.py\/index.php\/wp-json\/wp\/v2\/product\/7461","targetHints":{"allow":["GET"]}}],"collection":[{"href":"https:\/\/www.teleclub.com.py\/index.php\/wp-json\/wp\/v2\/product"}],"about":[{"href":"https:\/\/www.teleclub.com.py\/index.php\/wp-json\/wp\/v2\/types\/product"}],"wp:featuredmedia":[{"embeddable":true,"href":"https:\/\/www.teleclub.com.py\/index.php\/wp-json\/wp\/v2\/media\/7463"}],"wp:attachment":[{"href":"https:\/\/www.teleclub.com.py\/index.php\/wp-json\/wp\/v2\/media?parent=7461"}],"wp:term":[{"taxonomy":"product_cat","embeddable":true,"href":"https:\/\/www.teleclub.com.py\/index.php\/wp-json\/wp\/v2\/product_cat?post=7461"},{"taxonomy":"product_tag","embeddable":true,"href":"https:\/\/www.teleclub.com.py\/index.php\/wp-json\/wp\/v2\/product_tag?post=7461"}],"curies":[{"name":"wp","href":"https:\/\/api.w.org\/{rel}","templated":true}]}}