{"id":7450,"date":"2024-08-22T04:19:18","date_gmt":"2024-08-22T02:19:18","guid":{"rendered":"https:\/\/www.teleclub.com.py\/?post_type=product&#038;p=7450"},"modified":"2024-08-27T00:03:25","modified_gmt":"2024-08-26T22:03:25","slug":"impresora-brother-hl-1200-con-usb-220v-blanco-negro","status":"publish","type":"product","link":"https:\/\/www.teleclub.com.py\/index.php\/product\/impresora-brother-hl-1200-con-usb-220v-blanco-negro\/","title":{"rendered":"Impresora Brother HL-1200 con USB\/220V &#8211; Blanco\/Negro"},"content":{"rendered":"<p>La impresora l\u00e1ser compacta Brother HL-1200 es una impresora l\u00e1ser monocrom\u00e1tica de tama\u00f1o compacto, ideal para uso personal. Ofrece alta calidad de impresi\u00f3n con 2400 x 600 dpi y velocidad de impresi\u00f3n de 21ppm \u2021. Tambi\u00e9n cuenta con una bandeja para 150 hojas y modo de ahorro de T\u00f3ner. Adem\u00e1s, su dise\u00f1o compacto y moderno ahorra espacio y permite colocarla virtualmente en cualquier sitio.<\/p>\n<p><strong>Caracter\u00edsticas principales<\/strong><\/p>\n<ul>\n<li>F\u00e1cil de usar y de sencillo mantenimiento.<\/li>\n<li>Moderno y compacto. Dise\u00f1o compacto que ahorra espacio.<\/li>\n<li>Velocidad de impresi\u00f3n. Ayuda a incrementar su productividad con una velocidad de impresi\u00f3n en negro de hasta 21 p\u00e1ginas por minuto.<\/li>\n<li>Tiempo de salida de la primera p\u00e1gina: 10 segundos.<\/li>\n<\/ul>\n","protected":false},"excerpt":{"rendered":"<ul>\n<li><strong>Dise\u00f1o:\u00a0<\/strong>Moderno y compacto<\/li>\n<li><strong>Tecnolog\u00eda de impresi\u00f3n:\u00a0<\/strong>L\u00e1ser B\/N<\/li>\n<li><strong>Resoluci\u00f3n m\u00e1xima de impresi\u00f3n:<\/strong>\u00a0Hasta 2400 x 600 dpi<\/li>\n<li><strong>Conectividad:\u00a0<\/strong>USB<\/li>\n<\/ul>\n","protected":false},"featured_media":7452,"template":"","meta":{"om_disable_all_campaigns":false},"product_cat":[352],"product_tag":[],"class_list":{"0":"post-7450","1":"product","2":"type-product","3":"status-publish","4":"has-post-thumbnail","6":"product_cat-impresoras-informatica-electronica","8":"first","9":"instock","10":"shipping-taxable","11":"purchasable","12":"product-type-simple"},"yoast_head":"<!-- This site is optimized with the Yoast SEO plugin v23.6 - https:\/\/yoast.com\/wordpress\/plugins\/seo\/ -->\n<title>Impresora Brother HL-1200 con USB\/220V - Blanco\/Negro - Teleclub<\/title>\n<meta name=\"robots\" content=\"index, follow, max-snippet:-1, max-image-preview:large, max-video-preview:-1\" \/>\n<link rel=\"canonical\" href=\"https:\/\/www.teleclub.com.py\/index.php\/product\/impresora-brother-hl-1200-con-usb-220v-blanco-negro\/\" \/>\n<meta property=\"og:locale\" content=\"es_ES\" \/>\n<meta property=\"og:type\" content=\"article\" \/>\n<meta property=\"og:title\" content=\"Impresora Brother HL-1200 con USB\/220V - Blanco\/Negro - Teleclub\" \/>\n<meta property=\"og:description\" content=\"Dise\u00f1o:\u00a0Moderno y compacto  Tecnolog\u00eda de impresi\u00f3n:\u00a0L\u00e1ser B\/N  Resoluci\u00f3n m\u00e1xima de impresi\u00f3n:\u00a0Hasta 2400 x 600 dpi  Conectividad:\u00a0USB\" \/>\n<meta property=\"og:url\" content=\"https:\/\/www.teleclub.com.py\/index.php\/product\/impresora-brother-hl-1200-con-usb-220v-blanco-negro\/\" \/>\n<meta property=\"og:site_name\" content=\"Teleclub\" \/>\n<meta property=\"article:publisher\" content=\"https:\/\/www.facebook.com\/teleclubpy\" \/>\n<meta property=\"article:modified_time\" content=\"2024-08-26T22:03:25+00:00\" \/>\n<meta property=\"og:image\" content=\"https:\/\/www.teleclub.com.py\/wp-content\/uploads\/2024\/08\/tec-9.png\" \/>\n\t<meta property=\"og:image:width\" content=\"800\" \/>\n\t<meta property=\"og:image:height\" content=\"800\" \/>\n\t<meta property=\"og:image:type\" content=\"image\/png\" \/>\n<meta name=\"twitter:card\" content=\"summary_large_image\" \/>\n<meta name=\"twitter:label1\" content=\"Tiempo de lectura\" \/>\n\t<meta name=\"twitter:data1\" content=\"1 minuto\" \/>\n<script type=\"application\/ld+json\" class=\"yoast-schema-graph\">{\"@context\":\"https:\/\/schema.org\",\"@graph\":[{\"@type\":\"WebPage\",\"@id\":\"https:\/\/www.teleclub.com.py\/index.php\/product\/impresora-brother-hl-1200-con-usb-220v-blanco-negro\/\",\"url\":\"https:\/\/www.teleclub.com.py\/index.php\/product\/impresora-brother-hl-1200-con-usb-220v-blanco-negro\/\",\"name\":\"Impresora Brother HL-1200 con USB\/220V - Blanco\/Negro - Teleclub\",\"isPartOf\":{\"@id\":\"https:\/\/www.teleclub.com.py\/#website\"},\"primaryImageOfPage\":{\"@id\":\"https:\/\/www.teleclub.com.py\/index.php\/product\/impresora-brother-hl-1200-con-usb-220v-blanco-negro\/#primaryimage\"},\"image\":{\"@id\":\"https:\/\/www.teleclub.com.py\/index.php\/product\/impresora-brother-hl-1200-con-usb-220v-blanco-negro\/#primaryimage\"},\"thumbnailUrl\":\"https:\/\/www.teleclub.com.py\/wp-content\/uploads\/2024\/08\/tec-9.png\",\"datePublished\":\"2024-08-22T02:19:18+00:00\",\"dateModified\":\"2024-08-26T22:03:25+00:00\",\"breadcrumb\":{\"@id\":\"https:\/\/www.teleclub.com.py\/index.php\/product\/impresora-brother-hl-1200-con-usb-220v-blanco-negro\/#breadcrumb\"},\"inLanguage\":\"es\",\"potentialAction\":[{\"@type\":\"ReadAction\",\"target\":[\"https:\/\/www.teleclub.com.py\/index.php\/product\/impresora-brother-hl-1200-con-usb-220v-blanco-negro\/\"]}]},{\"@type\":\"ImageObject\",\"inLanguage\":\"es\",\"@id\":\"https:\/\/www.teleclub.com.py\/index.php\/product\/impresora-brother-hl-1200-con-usb-220v-blanco-negro\/#primaryimage\",\"url\":\"https:\/\/www.teleclub.com.py\/wp-content\/uploads\/2024\/08\/tec-9.png\",\"contentUrl\":\"https:\/\/www.teleclub.com.py\/wp-content\/uploads\/2024\/08\/tec-9.png\",\"width\":800,\"height\":800},{\"@type\":\"BreadcrumbList\",\"@id\":\"https:\/\/www.teleclub.com.py\/index.php\/product\/impresora-brother-hl-1200-con-usb-220v-blanco-negro\/#breadcrumb\",\"itemListElement\":[{\"@type\":\"ListItem\",\"position\":1,\"name\":\"Portada\",\"item\":\"https:\/\/www.teleclub.com.py\/\"},{\"@type\":\"ListItem\",\"position\":2,\"name\":\"Shop\",\"item\":\"https:\/\/www.teleclub.com.py\/index.php\/shop-2\/\"},{\"@type\":\"ListItem\",\"position\":3,\"name\":\"Impresora Brother HL-1200 con USB\/220V &#8211; Blanco\/Negro\"}]},{\"@type\":\"WebSite\",\"@id\":\"https:\/\/www.teleclub.com.py\/#website\",\"url\":\"https:\/\/www.teleclub.com.py\/\",\"name\":\"Teleclub\",\"description\":\"Tu tienda online\",\"publisher\":{\"@id\":\"https:\/\/www.teleclub.com.py\/#organization\"},\"potentialAction\":[{\"@type\":\"SearchAction\",\"target\":{\"@type\":\"EntryPoint\",\"urlTemplate\":\"https:\/\/www.teleclub.com.py\/?s={search_term_string}\"},\"query-input\":{\"@type\":\"PropertyValueSpecification\",\"valueRequired\":true,\"valueName\":\"search_term_string\"}}],\"inLanguage\":\"es\"},{\"@type\":\"Organization\",\"@id\":\"https:\/\/www.teleclub.com.py\/#organization\",\"name\":\"Teleclub\",\"url\":\"https:\/\/www.teleclub.com.py\/\",\"logo\":{\"@type\":\"ImageObject\",\"inLanguage\":\"es\",\"@id\":\"https:\/\/www.teleclub.com.py\/#\/schema\/logo\/image\/\",\"url\":\"https:\/\/www.teleclub.com.py\/wp-content\/uploads\/2024\/09\/1611317346760_TeleClub_logo_FondoBlanco-2.jpg\",\"contentUrl\":\"https:\/\/www.teleclub.com.py\/wp-content\/uploads\/2024\/09\/1611317346760_TeleClub_logo_FondoBlanco-2.jpg\",\"width\":1600,\"height\":1600,\"caption\":\"Teleclub\"},\"image\":{\"@id\":\"https:\/\/www.teleclub.com.py\/#\/schema\/logo\/image\/\"},\"sameAs\":[\"https:\/\/www.facebook.com\/teleclubpy\",\"https:\/\/www.instagram.com\/teleclubpy\"]}]}<\/script>\n<!-- \/ Yoast SEO plugin. -->","yoast_head_json":{"title":"Impresora Brother HL-1200 con USB\/220V - Blanco\/Negro - Teleclub","robots":{"index":"index","follow":"follow","max-snippet":"max-snippet:-1","max-image-preview":"max-image-preview:large","max-video-preview":"max-video-preview:-1"},"canonical":"https:\/\/www.teleclub.com.py\/index.php\/product\/impresora-brother-hl-1200-con-usb-220v-blanco-negro\/","og_locale":"es_ES","og_type":"article","og_title":"Impresora Brother HL-1200 con USB\/220V - Blanco\/Negro - Teleclub","og_description":"Dise\u00f1o:\u00a0Moderno y compacto  Tecnolog\u00eda de impresi\u00f3n:\u00a0L\u00e1ser B\/N  Resoluci\u00f3n m\u00e1xima de impresi\u00f3n:\u00a0Hasta 2400 x 600 dpi  Conectividad:\u00a0USB","og_url":"https:\/\/www.teleclub.com.py\/index.php\/product\/impresora-brother-hl-1200-con-usb-220v-blanco-negro\/","og_site_name":"Teleclub","article_publisher":"https:\/\/www.facebook.com\/teleclubpy","article_modified_time":"2024-08-26T22:03:25+00:00","og_image":[{"width":800,"height":800,"url":"https:\/\/www.teleclub.com.py\/wp-content\/uploads\/2024\/08\/tec-9.png","type":"image\/png"}],"twitter_card":"summary_large_image","twitter_misc":{"Tiempo de lectura":"1 minuto"},"schema":{"@context":"https:\/\/schema.org","@graph":[{"@type":"WebPage","@id":"https:\/\/www.teleclub.com.py\/index.php\/product\/impresora-brother-hl-1200-con-usb-220v-blanco-negro\/","url":"https:\/\/www.teleclub.com.py\/index.php\/product\/impresora-brother-hl-1200-con-usb-220v-blanco-negro\/","name":"Impresora Brother HL-1200 con USB\/220V - Blanco\/Negro - Teleclub","isPartOf":{"@id":"https:\/\/www.teleclub.com.py\/#website"},"primaryImageOfPage":{"@id":"https:\/\/www.teleclub.com.py\/index.php\/product\/impresora-brother-hl-1200-con-usb-220v-blanco-negro\/#primaryimage"},"image":{"@id":"https:\/\/www.teleclub.com.py\/index.php\/product\/impresora-brother-hl-1200-con-usb-220v-blanco-negro\/#primaryimage"},"thumbnailUrl":"https:\/\/www.teleclub.com.py\/wp-content\/uploads\/2024\/08\/tec-9.png","datePublished":"2024-08-22T02:19:18+00:00","dateModified":"2024-08-26T22:03:25+00:00","breadcrumb":{"@id":"https:\/\/www.teleclub.com.py\/index.php\/product\/impresora-brother-hl-1200-con-usb-220v-blanco-negro\/#breadcrumb"},"inLanguage":"es","potentialAction":[{"@type":"ReadAction","target":["https:\/\/www.teleclub.com.py\/index.php\/product\/impresora-brother-hl-1200-con-usb-220v-blanco-negro\/"]}]},{"@type":"ImageObject","inLanguage":"es","@id":"https:\/\/www.teleclub.com.py\/index.php\/product\/impresora-brother-hl-1200-con-usb-220v-blanco-negro\/#primaryimage","url":"https:\/\/www.teleclub.com.py\/wp-content\/uploads\/2024\/08\/tec-9.png","contentUrl":"https:\/\/www.teleclub.com.py\/wp-content\/uploads\/2024\/08\/tec-9.png","width":800,"height":800},{"@type":"BreadcrumbList","@id":"https:\/\/www.teleclub.com.py\/index.php\/product\/impresora-brother-hl-1200-con-usb-220v-blanco-negro\/#breadcrumb","itemListElement":[{"@type":"ListItem","position":1,"name":"Portada","item":"https:\/\/www.teleclub.com.py\/"},{"@type":"ListItem","position":2,"name":"Shop","item":"https:\/\/www.teleclub.com.py\/index.php\/shop-2\/"},{"@type":"ListItem","position":3,"name":"Impresora Brother HL-1200 con USB\/220V &#8211; Blanco\/Negro"}]},{"@type":"WebSite","@id":"https:\/\/www.teleclub.com.py\/#website","url":"https:\/\/www.teleclub.com.py\/","name":"Teleclub","description":"Tu tienda online","publisher":{"@id":"https:\/\/www.teleclub.com.py\/#organization"},"potentialAction":[{"@type":"SearchAction","target":{"@type":"EntryPoint","urlTemplate":"https:\/\/www.teleclub.com.py\/?s={search_term_string}"},"query-input":{"@type":"PropertyValueSpecification","valueRequired":true,"valueName":"search_term_string"}}],"inLanguage":"es"},{"@type":"Organization","@id":"https:\/\/www.teleclub.com.py\/#organization","name":"Teleclub","url":"https:\/\/www.teleclub.com.py\/","logo":{"@type":"ImageObject","inLanguage":"es","@id":"https:\/\/www.teleclub.com.py\/#\/schema\/logo\/image\/","url":"https:\/\/www.teleclub.com.py\/wp-content\/uploads\/2024\/09\/1611317346760_TeleClub_logo_FondoBlanco-2.jpg","contentUrl":"https:\/\/www.teleclub.com.py\/wp-content\/uploads\/2024\/09\/1611317346760_TeleClub_logo_FondoBlanco-2.jpg","width":1600,"height":1600,"caption":"Teleclub"},"image":{"@id":"https:\/\/www.teleclub.com.py\/#\/schema\/logo\/image\/"},"sameAs":["https:\/\/www.facebook.com\/teleclubpy","https:\/\/www.instagram.com\/teleclubpy"]}]}},"_links":{"self":[{"href":"https:\/\/www.teleclub.com.py\/index.php\/wp-json\/wp\/v2\/product\/7450","targetHints":{"allow":["GET"]}}],"collection":[{"href":"https:\/\/www.teleclub.com.py\/index.php\/wp-json\/wp\/v2\/product"}],"about":[{"href":"https:\/\/www.teleclub.com.py\/index.php\/wp-json\/wp\/v2\/types\/product"}],"wp:featuredmedia":[{"embeddable":true,"href":"https:\/\/www.teleclub.com.py\/index.php\/wp-json\/wp\/v2\/media\/7452"}],"wp:attachment":[{"href":"https:\/\/www.teleclub.com.py\/index.php\/wp-json\/wp\/v2\/media?parent=7450"}],"wp:term":[{"taxonomy":"product_cat","embeddable":true,"href":"https:\/\/www.teleclub.com.py\/index.php\/wp-json\/wp\/v2\/product_cat?post=7450"},{"taxonomy":"product_tag","embeddable":true,"href":"https:\/\/www.teleclub.com.py\/index.php\/wp-json\/wp\/v2\/product_tag?post=7450"}],"curies":[{"name":"wp","href":"https:\/\/api.w.org\/{rel}","templated":true}]}}