{"id":7213,"date":"2024-08-21T02:50:20","date_gmt":"2024-08-21T00:50:20","guid":{"rendered":"https:\/\/www.teleclub.com.py\/?post_type=product&#038;p=7213"},"modified":"2024-08-21T22:49:17","modified_gmt":"2024-08-21T20:49:17","slug":"drone-dji-air-3-dji-rc-n2-anatel-s-tela","status":"publish","type":"product","link":"https:\/\/www.teleclub.com.py\/index.php\/product\/drone-dji-air-3-dji-rc-n2-anatel-s-tela\/","title":{"rendered":"DRONE DJI AIR 3 (DJI RC-N2) (ANATEL) S\/PANTALLA"},"content":{"rendered":"<div class=\"trix-content\">\n<div>\n<p>Equipado con una c\u00e1mara dual de 48MP y la capacidad de grabar videos HDR en 4K a 60 fps, el Air 3 garantiza una calidad de imagen excepcional. Su capacidad de zoom medio de 3x te permite acercarte a la acci\u00f3n sin perder detalles, mientras que su lente gran angular captura paisajes impresionantes con una claridad sorprendente. La duraci\u00f3n m\u00e1xima de vuelo de 46 minutos brinda tiempo suficiente para explorar y capturar las tomas perfectas. La detecci\u00f3n omnidireccional de obst\u00e1culos garantiza un vuelo seguro y fluido, incluso en entornos desafiantes. El modo D-Log M de 10 bits agrega una dimensi\u00f3n adicional a tu creatividad, permiti\u00e9ndote capturar una gama m\u00e1s amplia de detalles en luces y sombras, lo que resulta en im\u00e1genes m\u00e1s realistas y din\u00e1micas. Los QuickShots te permiten lograr movimientos de c\u00e1mara sorprendentes y \u00fanicos con facilidad, mientras que el modo MasterShots lleva la creatividad al siguiente nivel al permitir que el dron realice autom\u00e1ticamente una serie de movimientos de c\u00e1mara.<\/p>\n<\/div>\n<\/div>\n<p>&nbsp;<\/p>\n<div class=\"trix-content\">\n<div><strong>&#8211; Modelo:\u00a0<\/strong>Air 3.<\/div>\n<div><strong>&#8211; Tiempo de vuelo:\u00a0<\/strong>46 minutos.<\/div>\n<div><strong>&#8211; Transmisi\u00f3n inal\u00e1mbrica:\u00a0<\/strong>20 km.<\/div>\n<div><strong>&#8211; Detecci\u00f3n de obst\u00e1culos:\u00a0<\/strong>omnidireccional.<\/div>\n<div><strong>&#8211; Sensor:\u00a0<\/strong>CMOS 1\/1,3\u2033 48MP.<\/div>\n<div><strong>&#8211; Resoluci\u00f3n de video:\u00a0<\/strong>4K a 100fps.<\/div>\n<div><strong>&#8211; Formatos de video:\u00a0<\/strong>MP4 (MPEG-4 AVC\/H.264, HEVC\/H.265).<\/div>\n<div><strong>&#8211; Formato de imagen:\u00a0<\/strong>JPEG, DNG, RAW.<\/div>\n<div><strong>Incluye:<\/strong><\/div>\n<div>&#8211; 1 Drone Dji Air 3.<\/div>\n<div>&#8211; 1 Control DJI RC-N2.<\/div>\n<div>&#8211; Bater\u00eda de vuelo inteligente DJI Air 3.<\/div>\n<div>&#8211; 3 h\u00e9lices.<\/div>\n<div>&#8211; 2 Cables RC-N2.<\/div>\n<div>&#8211; Cable USB-C.<\/div>\n<\/div>\n","protected":false},"excerpt":{"rendered":"<ul>\n<li><strong>Tiempo de vuelo:<\/strong>\u00a046\u00a0minutos<\/li>\n<li><strong>Velocidad m\u00e1xima:<\/strong>\u00a075.6 km\/h<\/li>\n<li><strong>Distancia m\u00e1xima de operaci\u00f3n:\u00a0<\/strong>20 Km<\/li>\n<li><strong>Resoluci\u00f3n de video:<\/strong>\u00a04K\u00a03840\u00d72160p a 100 fps<\/li>\n<li><strong>C\u00e1mara de card\u00e1n:<\/strong>\u00a03 ejes<\/li>\n<\/ul>\n","protected":false},"featured_media":7214,"template":"","meta":{"om_disable_all_campaigns":false},"product_cat":[339],"product_tag":[],"class_list":{"0":"post-7213","1":"product","2":"type-product","3":"status-publish","4":"has-post-thumbnail","6":"product_cat-drones","8":"first","9":"instock","10":"sale","11":"shipping-taxable","12":"purchasable","13":"product-type-simple"},"yoast_head":"<!-- This site is optimized with the Yoast SEO plugin v23.6 - https:\/\/yoast.com\/wordpress\/plugins\/seo\/ -->\n<title>DRONE DJI AIR 3 (DJI RC-N2) (ANATEL) S\/PANTALLA - Teleclub<\/title>\n<meta name=\"robots\" content=\"index, follow, max-snippet:-1, max-image-preview:large, max-video-preview:-1\" \/>\n<link rel=\"canonical\" href=\"https:\/\/www.teleclub.com.py\/index.php\/product\/drone-dji-air-3-dji-rc-n2-anatel-s-tela\/\" \/>\n<meta property=\"og:locale\" content=\"es_ES\" \/>\n<meta property=\"og:type\" content=\"article\" \/>\n<meta property=\"og:title\" content=\"DRONE DJI AIR 3 (DJI RC-N2) (ANATEL) S\/PANTALLA - Teleclub\" \/>\n<meta property=\"og:description\" content=\"Tiempo de vuelo:\u00a046\u00a0minutos  Velocidad m\u00e1xima:\u00a075.6 km\/h  Distancia m\u00e1xima de operaci\u00f3n:\u00a020 Km  Resoluci\u00f3n de video:\u00a04K\u00a03840\u00d72160p a 100 fps  C\u00e1mara de card\u00e1n:\u00a03 ejes\" \/>\n<meta property=\"og:url\" content=\"https:\/\/www.teleclub.com.py\/index.php\/product\/drone-dji-air-3-dji-rc-n2-anatel-s-tela\/\" \/>\n<meta property=\"og:site_name\" content=\"Teleclub\" \/>\n<meta property=\"article:publisher\" content=\"https:\/\/www.facebook.com\/teleclubpy\" \/>\n<meta property=\"article:modified_time\" content=\"2024-08-21T20:49:17+00:00\" \/>\n<meta property=\"og:image\" content=\"https:\/\/www.teleclub.com.py\/wp-content\/uploads\/2024\/08\/dr.png\" \/>\n\t<meta property=\"og:image:width\" content=\"616\" \/>\n\t<meta property=\"og:image:height\" content=\"616\" \/>\n\t<meta property=\"og:image:type\" content=\"image\/png\" \/>\n<meta name=\"twitter:card\" content=\"summary_large_image\" \/>\n<meta name=\"twitter:label1\" content=\"Tiempo de lectura\" \/>\n\t<meta name=\"twitter:data1\" content=\"1 minuto\" \/>\n<script type=\"application\/ld+json\" class=\"yoast-schema-graph\">{\"@context\":\"https:\/\/schema.org\",\"@graph\":[{\"@type\":\"WebPage\",\"@id\":\"https:\/\/www.teleclub.com.py\/index.php\/product\/drone-dji-air-3-dji-rc-n2-anatel-s-tela\/\",\"url\":\"https:\/\/www.teleclub.com.py\/index.php\/product\/drone-dji-air-3-dji-rc-n2-anatel-s-tela\/\",\"name\":\"DRONE DJI AIR 3 (DJI RC-N2) (ANATEL) S\/PANTALLA - Teleclub\",\"isPartOf\":{\"@id\":\"https:\/\/www.teleclub.com.py\/#website\"},\"primaryImageOfPage\":{\"@id\":\"https:\/\/www.teleclub.com.py\/index.php\/product\/drone-dji-air-3-dji-rc-n2-anatel-s-tela\/#primaryimage\"},\"image\":{\"@id\":\"https:\/\/www.teleclub.com.py\/index.php\/product\/drone-dji-air-3-dji-rc-n2-anatel-s-tela\/#primaryimage\"},\"thumbnailUrl\":\"https:\/\/www.teleclub.com.py\/wp-content\/uploads\/2024\/08\/dr.png\",\"datePublished\":\"2024-08-21T00:50:20+00:00\",\"dateModified\":\"2024-08-21T20:49:17+00:00\",\"breadcrumb\":{\"@id\":\"https:\/\/www.teleclub.com.py\/index.php\/product\/drone-dji-air-3-dji-rc-n2-anatel-s-tela\/#breadcrumb\"},\"inLanguage\":\"es\",\"potentialAction\":[{\"@type\":\"ReadAction\",\"target\":[\"https:\/\/www.teleclub.com.py\/index.php\/product\/drone-dji-air-3-dji-rc-n2-anatel-s-tela\/\"]}]},{\"@type\":\"ImageObject\",\"inLanguage\":\"es\",\"@id\":\"https:\/\/www.teleclub.com.py\/index.php\/product\/drone-dji-air-3-dji-rc-n2-anatel-s-tela\/#primaryimage\",\"url\":\"https:\/\/www.teleclub.com.py\/wp-content\/uploads\/2024\/08\/dr.png\",\"contentUrl\":\"https:\/\/www.teleclub.com.py\/wp-content\/uploads\/2024\/08\/dr.png\",\"width\":616,\"height\":616},{\"@type\":\"BreadcrumbList\",\"@id\":\"https:\/\/www.teleclub.com.py\/index.php\/product\/drone-dji-air-3-dji-rc-n2-anatel-s-tela\/#breadcrumb\",\"itemListElement\":[{\"@type\":\"ListItem\",\"position\":1,\"name\":\"Portada\",\"item\":\"https:\/\/www.teleclub.com.py\/\"},{\"@type\":\"ListItem\",\"position\":2,\"name\":\"Shop\",\"item\":\"https:\/\/www.teleclub.com.py\/index.php\/shop-2\/\"},{\"@type\":\"ListItem\",\"position\":3,\"name\":\"DRONE DJI AIR 3 (DJI RC-N2) (ANATEL) S\/PANTALLA\"}]},{\"@type\":\"WebSite\",\"@id\":\"https:\/\/www.teleclub.com.py\/#website\",\"url\":\"https:\/\/www.teleclub.com.py\/\",\"name\":\"Teleclub\",\"description\":\"Tu tienda online\",\"publisher\":{\"@id\":\"https:\/\/www.teleclub.com.py\/#organization\"},\"potentialAction\":[{\"@type\":\"SearchAction\",\"target\":{\"@type\":\"EntryPoint\",\"urlTemplate\":\"https:\/\/www.teleclub.com.py\/?s={search_term_string}\"},\"query-input\":{\"@type\":\"PropertyValueSpecification\",\"valueRequired\":true,\"valueName\":\"search_term_string\"}}],\"inLanguage\":\"es\"},{\"@type\":\"Organization\",\"@id\":\"https:\/\/www.teleclub.com.py\/#organization\",\"name\":\"Teleclub\",\"url\":\"https:\/\/www.teleclub.com.py\/\",\"logo\":{\"@type\":\"ImageObject\",\"inLanguage\":\"es\",\"@id\":\"https:\/\/www.teleclub.com.py\/#\/schema\/logo\/image\/\",\"url\":\"https:\/\/www.teleclub.com.py\/wp-content\/uploads\/2024\/09\/1611317346760_TeleClub_logo_FondoBlanco-2.jpg\",\"contentUrl\":\"https:\/\/www.teleclub.com.py\/wp-content\/uploads\/2024\/09\/1611317346760_TeleClub_logo_FondoBlanco-2.jpg\",\"width\":1600,\"height\":1600,\"caption\":\"Teleclub\"},\"image\":{\"@id\":\"https:\/\/www.teleclub.com.py\/#\/schema\/logo\/image\/\"},\"sameAs\":[\"https:\/\/www.facebook.com\/teleclubpy\",\"https:\/\/www.instagram.com\/teleclubpy\"]}]}<\/script>\n<!-- \/ Yoast SEO plugin. -->","yoast_head_json":{"title":"DRONE DJI AIR 3 (DJI RC-N2) (ANATEL) S\/PANTALLA - Teleclub","robots":{"index":"index","follow":"follow","max-snippet":"max-snippet:-1","max-image-preview":"max-image-preview:large","max-video-preview":"max-video-preview:-1"},"canonical":"https:\/\/www.teleclub.com.py\/index.php\/product\/drone-dji-air-3-dji-rc-n2-anatel-s-tela\/","og_locale":"es_ES","og_type":"article","og_title":"DRONE DJI AIR 3 (DJI RC-N2) (ANATEL) S\/PANTALLA - Teleclub","og_description":"Tiempo de vuelo:\u00a046\u00a0minutos  Velocidad m\u00e1xima:\u00a075.6 km\/h  Distancia m\u00e1xima de operaci\u00f3n:\u00a020 Km  Resoluci\u00f3n de video:\u00a04K\u00a03840\u00d72160p a 100 fps  C\u00e1mara de card\u00e1n:\u00a03 ejes","og_url":"https:\/\/www.teleclub.com.py\/index.php\/product\/drone-dji-air-3-dji-rc-n2-anatel-s-tela\/","og_site_name":"Teleclub","article_publisher":"https:\/\/www.facebook.com\/teleclubpy","article_modified_time":"2024-08-21T20:49:17+00:00","og_image":[{"width":616,"height":616,"url":"https:\/\/www.teleclub.com.py\/wp-content\/uploads\/2024\/08\/dr.png","type":"image\/png"}],"twitter_card":"summary_large_image","twitter_misc":{"Tiempo de lectura":"1 minuto"},"schema":{"@context":"https:\/\/schema.org","@graph":[{"@type":"WebPage","@id":"https:\/\/www.teleclub.com.py\/index.php\/product\/drone-dji-air-3-dji-rc-n2-anatel-s-tela\/","url":"https:\/\/www.teleclub.com.py\/index.php\/product\/drone-dji-air-3-dji-rc-n2-anatel-s-tela\/","name":"DRONE DJI AIR 3 (DJI RC-N2) (ANATEL) S\/PANTALLA - Teleclub","isPartOf":{"@id":"https:\/\/www.teleclub.com.py\/#website"},"primaryImageOfPage":{"@id":"https:\/\/www.teleclub.com.py\/index.php\/product\/drone-dji-air-3-dji-rc-n2-anatel-s-tela\/#primaryimage"},"image":{"@id":"https:\/\/www.teleclub.com.py\/index.php\/product\/drone-dji-air-3-dji-rc-n2-anatel-s-tela\/#primaryimage"},"thumbnailUrl":"https:\/\/www.teleclub.com.py\/wp-content\/uploads\/2024\/08\/dr.png","datePublished":"2024-08-21T00:50:20+00:00","dateModified":"2024-08-21T20:49:17+00:00","breadcrumb":{"@id":"https:\/\/www.teleclub.com.py\/index.php\/product\/drone-dji-air-3-dji-rc-n2-anatel-s-tela\/#breadcrumb"},"inLanguage":"es","potentialAction":[{"@type":"ReadAction","target":["https:\/\/www.teleclub.com.py\/index.php\/product\/drone-dji-air-3-dji-rc-n2-anatel-s-tela\/"]}]},{"@type":"ImageObject","inLanguage":"es","@id":"https:\/\/www.teleclub.com.py\/index.php\/product\/drone-dji-air-3-dji-rc-n2-anatel-s-tela\/#primaryimage","url":"https:\/\/www.teleclub.com.py\/wp-content\/uploads\/2024\/08\/dr.png","contentUrl":"https:\/\/www.teleclub.com.py\/wp-content\/uploads\/2024\/08\/dr.png","width":616,"height":616},{"@type":"BreadcrumbList","@id":"https:\/\/www.teleclub.com.py\/index.php\/product\/drone-dji-air-3-dji-rc-n2-anatel-s-tela\/#breadcrumb","itemListElement":[{"@type":"ListItem","position":1,"name":"Portada","item":"https:\/\/www.teleclub.com.py\/"},{"@type":"ListItem","position":2,"name":"Shop","item":"https:\/\/www.teleclub.com.py\/index.php\/shop-2\/"},{"@type":"ListItem","position":3,"name":"DRONE DJI AIR 3 (DJI RC-N2) (ANATEL) S\/PANTALLA"}]},{"@type":"WebSite","@id":"https:\/\/www.teleclub.com.py\/#website","url":"https:\/\/www.teleclub.com.py\/","name":"Teleclub","description":"Tu tienda online","publisher":{"@id":"https:\/\/www.teleclub.com.py\/#organization"},"potentialAction":[{"@type":"SearchAction","target":{"@type":"EntryPoint","urlTemplate":"https:\/\/www.teleclub.com.py\/?s={search_term_string}"},"query-input":{"@type":"PropertyValueSpecification","valueRequired":true,"valueName":"search_term_string"}}],"inLanguage":"es"},{"@type":"Organization","@id":"https:\/\/www.teleclub.com.py\/#organization","name":"Teleclub","url":"https:\/\/www.teleclub.com.py\/","logo":{"@type":"ImageObject","inLanguage":"es","@id":"https:\/\/www.teleclub.com.py\/#\/schema\/logo\/image\/","url":"https:\/\/www.teleclub.com.py\/wp-content\/uploads\/2024\/09\/1611317346760_TeleClub_logo_FondoBlanco-2.jpg","contentUrl":"https:\/\/www.teleclub.com.py\/wp-content\/uploads\/2024\/09\/1611317346760_TeleClub_logo_FondoBlanco-2.jpg","width":1600,"height":1600,"caption":"Teleclub"},"image":{"@id":"https:\/\/www.teleclub.com.py\/#\/schema\/logo\/image\/"},"sameAs":["https:\/\/www.facebook.com\/teleclubpy","https:\/\/www.instagram.com\/teleclubpy"]}]}},"_links":{"self":[{"href":"https:\/\/www.teleclub.com.py\/index.php\/wp-json\/wp\/v2\/product\/7213","targetHints":{"allow":["GET"]}}],"collection":[{"href":"https:\/\/www.teleclub.com.py\/index.php\/wp-json\/wp\/v2\/product"}],"about":[{"href":"https:\/\/www.teleclub.com.py\/index.php\/wp-json\/wp\/v2\/types\/product"}],"wp:featuredmedia":[{"embeddable":true,"href":"https:\/\/www.teleclub.com.py\/index.php\/wp-json\/wp\/v2\/media\/7214"}],"wp:attachment":[{"href":"https:\/\/www.teleclub.com.py\/index.php\/wp-json\/wp\/v2\/media?parent=7213"}],"wp:term":[{"taxonomy":"product_cat","embeddable":true,"href":"https:\/\/www.teleclub.com.py\/index.php\/wp-json\/wp\/v2\/product_cat?post=7213"},{"taxonomy":"product_tag","embeddable":true,"href":"https:\/\/www.teleclub.com.py\/index.php\/wp-json\/wp\/v2\/product_tag?post=7213"}],"curies":[{"name":"wp","href":"https:\/\/api.w.org\/{rel}","templated":true}]}}