{"id":7180,"date":"2024-08-20T22:21:14","date_gmt":"2024-08-20T20:21:14","guid":{"rendered":"https:\/\/www.teleclub.com.py\/?post_type=product&#038;p=7180"},"modified":"2025-04-22T11:24:39","modified_gmt":"2025-04-22T14:24:39","slug":"auriculares-inalambricos-jbl-vibe-buds-bluetooth-microfono-ip54-black","status":"publish","type":"product","link":"https:\/\/www.teleclub.com.py\/index.php\/product\/auriculares-inalambricos-jbl-vibe-buds-bluetooth-microfono-ip54-black\/","title":{"rendered":"AURICULAR JBL BLUETOOTH VIBE BUDS"},"content":{"rendered":"<p>Tama\u00f1o del driver: Driver din\u00e1mico de 8 mm\/0,315\u201d<br \/>\nAlimentaci\u00f3n el\u00e9ctrica: 5 V 1 A<br \/>\nAuricular: 4,4 g por pieza (8,8 g combinados)<br \/>\nEstuche de carga: 39,5 g<br \/>\nDimensiones de los auriculares: 23,5 * 21,86 * 30,99 mm<br \/>\nDimensiones del estuche de carga: 47,82 * 64,25 * 25,79 mm<br \/>\nTipo de bater\u00eda de los auriculares: Pol\u00edmero de iones de litio (48 mAh\/3,85 V)<br \/>\nTipo de bater\u00eda del estuche de carga: Pol\u00edmero de iones de litio (530 mAh \/ 3,7 V)<br \/>\nTiempo de carga: &lt;2 horas si est\u00e1n totalmente descargados<br \/>\nTiempo de reproducci\u00f3n con BT: Hasta 8 horas<br \/>\nTiempo de conversaci\u00f3n: Hasta 4,5 horas<br \/>\nRespuesta de frecuencia: 20 Hz-20 kHz<br \/>\nImpedancia: 16 \u03a9<br \/>\nSensibilidad: 100 dB SPL a 1 kHz<br \/>\nSPL m\u00e1xima: 95 dB<br \/>\nSensibilidad del micr\u00f3fono: -38 dB\/Pa a 1 kHz<br \/>\nVersi\u00f3n de Bluetooth: 5.2<br \/>\nVersi\u00f3n del perfil Bluetooth: A2DP V1.3, AVRCP V1.6, HFP V1.7<br \/>\nRango de frecuencia del transmisor Bluetooth: 2,4 GHz \u2013 2,4835 GHz<br \/>\nPotencia del transmisor Bluetooth: &lt;15 dBm<br \/>\nModulaci\u00f3n del transmisor Bluetooth: GFSK, \u03c0\/4 DQPSK, 8 DPSK<br \/>\nTemperatura m\u00e1xima de funcionamiento: 45 \u00b0C<br \/>\nCertificaci\u00f3n IP: IPX54 para auriculares \/ IPX2 para estuche de carga<\/p>\n","protected":false},"excerpt":{"rendered":"<ul>\n<li><strong>Dise\u00f1o:<\/strong>\u00a0C\u00f3modo y compacto<\/li>\n<li><strong>Integra:<\/strong>\u00a0Micr\u00f3fono<\/li>\n<li><strong>Conectividad:<\/strong>\u00a0Bluetooth 5.2<\/li>\n<li><strong>Duraci\u00f3n de la bater\u00eda:<\/strong>\u00a08 horas aproximadamente<\/li>\n<\/ul>\n","protected":false},"featured_media":12100,"template":"","meta":{"om_disable_all_campaigns":false},"product_cat":[257],"product_tag":[],"class_list":{"0":"post-7180","1":"product","2":"type-product","3":"status-publish","4":"has-post-thumbnail","6":"product_cat-auriculares","8":"first","9":"instock","10":"shipping-taxable","11":"purchasable","12":"product-type-simple"},"yoast_head":"<!-- This site is optimized with the Yoast SEO plugin v23.6 - https:\/\/yoast.com\/wordpress\/plugins\/seo\/ -->\n<title>AURICULAR JBL BLUETOOTH VIBE BUDS - Teleclub<\/title>\n<meta name=\"description\" content=\"Disfruta del sonido JBL Deep Bass. Hasta 8 horas de reproducci\u00f3n, carga r\u00e1pida USB-C y dise\u00f1o compacto para m\u00e1xima comodidad. \u00a1Compra ahora en TeleClub!\u200b\" \/>\n<meta name=\"robots\" content=\"index, follow, max-snippet:-1, max-image-preview:large, max-video-preview:-1\" \/>\n<link rel=\"canonical\" href=\"https:\/\/www.teleclub.com.py\/index.php\/product\/auriculares-inalambricos-jbl-vibe-buds-bluetooth-microfono-ip54-black\/\" \/>\n<meta property=\"og:locale\" content=\"es_ES\" \/>\n<meta property=\"og:type\" content=\"article\" \/>\n<meta property=\"og:title\" content=\"AURICULAR JBL BLUETOOTH VIBE BUDS - Teleclub\" \/>\n<meta property=\"og:description\" content=\"Disfruta del sonido JBL Deep Bass. Hasta 8 horas de reproducci\u00f3n, carga r\u00e1pida USB-C y dise\u00f1o compacto para m\u00e1xima comodidad. \u00a1Compra ahora en TeleClub!\u200b\" \/>\n<meta property=\"og:url\" content=\"https:\/\/www.teleclub.com.py\/index.php\/product\/auriculares-inalambricos-jbl-vibe-buds-bluetooth-microfono-ip54-black\/\" \/>\n<meta property=\"og:site_name\" content=\"Teleclub\" \/>\n<meta property=\"article:publisher\" content=\"https:\/\/www.facebook.com\/teleclubpy\" \/>\n<meta property=\"article:modified_time\" content=\"2025-04-22T14:24:39+00:00\" \/>\n<meta property=\"og:image\" content=\"https:\/\/www.teleclub.com.py\/wp-content\/uploads\/2024\/08\/Buds-white.png\" \/>\n\t<meta property=\"og:image:width\" content=\"1080\" \/>\n\t<meta property=\"og:image:height\" content=\"1080\" \/>\n\t<meta property=\"og:image:type\" content=\"image\/png\" \/>\n<meta name=\"twitter:card\" content=\"summary_large_image\" \/>\n<meta name=\"twitter:label1\" content=\"Tiempo de lectura\" \/>\n\t<meta name=\"twitter:data1\" content=\"2 minutos\" \/>\n<script type=\"application\/ld+json\" class=\"yoast-schema-graph\">{\"@context\":\"https:\/\/schema.org\",\"@graph\":[{\"@type\":\"WebPage\",\"@id\":\"https:\/\/www.teleclub.com.py\/index.php\/product\/auriculares-inalambricos-jbl-vibe-buds-bluetooth-microfono-ip54-black\/\",\"url\":\"https:\/\/www.teleclub.com.py\/index.php\/product\/auriculares-inalambricos-jbl-vibe-buds-bluetooth-microfono-ip54-black\/\",\"name\":\"AURICULAR JBL BLUETOOTH VIBE BUDS - Teleclub\",\"isPartOf\":{\"@id\":\"https:\/\/www.teleclub.com.py\/#website\"},\"primaryImageOfPage\":{\"@id\":\"https:\/\/www.teleclub.com.py\/index.php\/product\/auriculares-inalambricos-jbl-vibe-buds-bluetooth-microfono-ip54-black\/#primaryimage\"},\"image\":{\"@id\":\"https:\/\/www.teleclub.com.py\/index.php\/product\/auriculares-inalambricos-jbl-vibe-buds-bluetooth-microfono-ip54-black\/#primaryimage\"},\"thumbnailUrl\":\"https:\/\/www.teleclub.com.py\/wp-content\/uploads\/2024\/08\/Buds-white.png\",\"datePublished\":\"2024-08-20T20:21:14+00:00\",\"dateModified\":\"2025-04-22T14:24:39+00:00\",\"description\":\"Disfruta del sonido JBL Deep Bass. Hasta 8 horas de reproducci\u00f3n, carga r\u00e1pida USB-C y dise\u00f1o compacto para m\u00e1xima comodidad. \u00a1Compra ahora en TeleClub!\u200b\",\"breadcrumb\":{\"@id\":\"https:\/\/www.teleclub.com.py\/index.php\/product\/auriculares-inalambricos-jbl-vibe-buds-bluetooth-microfono-ip54-black\/#breadcrumb\"},\"inLanguage\":\"es\",\"potentialAction\":[{\"@type\":\"ReadAction\",\"target\":[\"https:\/\/www.teleclub.com.py\/index.php\/product\/auriculares-inalambricos-jbl-vibe-buds-bluetooth-microfono-ip54-black\/\"]}]},{\"@type\":\"ImageObject\",\"inLanguage\":\"es\",\"@id\":\"https:\/\/www.teleclub.com.py\/index.php\/product\/auriculares-inalambricos-jbl-vibe-buds-bluetooth-microfono-ip54-black\/#primaryimage\",\"url\":\"https:\/\/www.teleclub.com.py\/wp-content\/uploads\/2024\/08\/Buds-white.png\",\"contentUrl\":\"https:\/\/www.teleclub.com.py\/wp-content\/uploads\/2024\/08\/Buds-white.png\",\"width\":1080,\"height\":1080},{\"@type\":\"BreadcrumbList\",\"@id\":\"https:\/\/www.teleclub.com.py\/index.php\/product\/auriculares-inalambricos-jbl-vibe-buds-bluetooth-microfono-ip54-black\/#breadcrumb\",\"itemListElement\":[{\"@type\":\"ListItem\",\"position\":1,\"name\":\"Portada\",\"item\":\"https:\/\/www.teleclub.com.py\/\"},{\"@type\":\"ListItem\",\"position\":2,\"name\":\"Shop\",\"item\":\"https:\/\/www.teleclub.com.py\/index.php\/shop-2\/\"},{\"@type\":\"ListItem\",\"position\":3,\"name\":\"AURICULAR JBL BLUETOOTH VIBE BUDS\"}]},{\"@type\":\"WebSite\",\"@id\":\"https:\/\/www.teleclub.com.py\/#website\",\"url\":\"https:\/\/www.teleclub.com.py\/\",\"name\":\"Teleclub\",\"description\":\"Tu tienda online\",\"publisher\":{\"@id\":\"https:\/\/www.teleclub.com.py\/#organization\"},\"potentialAction\":[{\"@type\":\"SearchAction\",\"target\":{\"@type\":\"EntryPoint\",\"urlTemplate\":\"https:\/\/www.teleclub.com.py\/?s={search_term_string}\"},\"query-input\":{\"@type\":\"PropertyValueSpecification\",\"valueRequired\":true,\"valueName\":\"search_term_string\"}}],\"inLanguage\":\"es\"},{\"@type\":\"Organization\",\"@id\":\"https:\/\/www.teleclub.com.py\/#organization\",\"name\":\"Teleclub\",\"url\":\"https:\/\/www.teleclub.com.py\/\",\"logo\":{\"@type\":\"ImageObject\",\"inLanguage\":\"es\",\"@id\":\"https:\/\/www.teleclub.com.py\/#\/schema\/logo\/image\/\",\"url\":\"https:\/\/www.teleclub.com.py\/wp-content\/uploads\/2024\/09\/1611317346760_TeleClub_logo_FondoBlanco-2.jpg\",\"contentUrl\":\"https:\/\/www.teleclub.com.py\/wp-content\/uploads\/2024\/09\/1611317346760_TeleClub_logo_FondoBlanco-2.jpg\",\"width\":1600,\"height\":1600,\"caption\":\"Teleclub\"},\"image\":{\"@id\":\"https:\/\/www.teleclub.com.py\/#\/schema\/logo\/image\/\"},\"sameAs\":[\"https:\/\/www.facebook.com\/teleclubpy\",\"https:\/\/www.instagram.com\/teleclubpy\"]}]}<\/script>\n<!-- \/ Yoast SEO plugin. -->","yoast_head_json":{"title":"AURICULAR JBL BLUETOOTH VIBE BUDS - Teleclub","description":"Disfruta del sonido JBL Deep Bass. Hasta 8 horas de reproducci\u00f3n, carga r\u00e1pida USB-C y dise\u00f1o compacto para m\u00e1xima comodidad. \u00a1Compra ahora en TeleClub!\u200b","robots":{"index":"index","follow":"follow","max-snippet":"max-snippet:-1","max-image-preview":"max-image-preview:large","max-video-preview":"max-video-preview:-1"},"canonical":"https:\/\/www.teleclub.com.py\/index.php\/product\/auriculares-inalambricos-jbl-vibe-buds-bluetooth-microfono-ip54-black\/","og_locale":"es_ES","og_type":"article","og_title":"AURICULAR JBL BLUETOOTH VIBE BUDS - Teleclub","og_description":"Disfruta del sonido JBL Deep Bass. Hasta 8 horas de reproducci\u00f3n, carga r\u00e1pida USB-C y dise\u00f1o compacto para m\u00e1xima comodidad. \u00a1Compra ahora en TeleClub!\u200b","og_url":"https:\/\/www.teleclub.com.py\/index.php\/product\/auriculares-inalambricos-jbl-vibe-buds-bluetooth-microfono-ip54-black\/","og_site_name":"Teleclub","article_publisher":"https:\/\/www.facebook.com\/teleclubpy","article_modified_time":"2025-04-22T14:24:39+00:00","og_image":[{"width":1080,"height":1080,"url":"https:\/\/www.teleclub.com.py\/wp-content\/uploads\/2024\/08\/Buds-white.png","type":"image\/png"}],"twitter_card":"summary_large_image","twitter_misc":{"Tiempo de lectura":"2 minutos"},"schema":{"@context":"https:\/\/schema.org","@graph":[{"@type":"WebPage","@id":"https:\/\/www.teleclub.com.py\/index.php\/product\/auriculares-inalambricos-jbl-vibe-buds-bluetooth-microfono-ip54-black\/","url":"https:\/\/www.teleclub.com.py\/index.php\/product\/auriculares-inalambricos-jbl-vibe-buds-bluetooth-microfono-ip54-black\/","name":"AURICULAR JBL BLUETOOTH VIBE BUDS - Teleclub","isPartOf":{"@id":"https:\/\/www.teleclub.com.py\/#website"},"primaryImageOfPage":{"@id":"https:\/\/www.teleclub.com.py\/index.php\/product\/auriculares-inalambricos-jbl-vibe-buds-bluetooth-microfono-ip54-black\/#primaryimage"},"image":{"@id":"https:\/\/www.teleclub.com.py\/index.php\/product\/auriculares-inalambricos-jbl-vibe-buds-bluetooth-microfono-ip54-black\/#primaryimage"},"thumbnailUrl":"https:\/\/www.teleclub.com.py\/wp-content\/uploads\/2024\/08\/Buds-white.png","datePublished":"2024-08-20T20:21:14+00:00","dateModified":"2025-04-22T14:24:39+00:00","description":"Disfruta del sonido JBL Deep Bass. Hasta 8 horas de reproducci\u00f3n, carga r\u00e1pida USB-C y dise\u00f1o compacto para m\u00e1xima comodidad. \u00a1Compra ahora en TeleClub!\u200b","breadcrumb":{"@id":"https:\/\/www.teleclub.com.py\/index.php\/product\/auriculares-inalambricos-jbl-vibe-buds-bluetooth-microfono-ip54-black\/#breadcrumb"},"inLanguage":"es","potentialAction":[{"@type":"ReadAction","target":["https:\/\/www.teleclub.com.py\/index.php\/product\/auriculares-inalambricos-jbl-vibe-buds-bluetooth-microfono-ip54-black\/"]}]},{"@type":"ImageObject","inLanguage":"es","@id":"https:\/\/www.teleclub.com.py\/index.php\/product\/auriculares-inalambricos-jbl-vibe-buds-bluetooth-microfono-ip54-black\/#primaryimage","url":"https:\/\/www.teleclub.com.py\/wp-content\/uploads\/2024\/08\/Buds-white.png","contentUrl":"https:\/\/www.teleclub.com.py\/wp-content\/uploads\/2024\/08\/Buds-white.png","width":1080,"height":1080},{"@type":"BreadcrumbList","@id":"https:\/\/www.teleclub.com.py\/index.php\/product\/auriculares-inalambricos-jbl-vibe-buds-bluetooth-microfono-ip54-black\/#breadcrumb","itemListElement":[{"@type":"ListItem","position":1,"name":"Portada","item":"https:\/\/www.teleclub.com.py\/"},{"@type":"ListItem","position":2,"name":"Shop","item":"https:\/\/www.teleclub.com.py\/index.php\/shop-2\/"},{"@type":"ListItem","position":3,"name":"AURICULAR JBL BLUETOOTH VIBE BUDS"}]},{"@type":"WebSite","@id":"https:\/\/www.teleclub.com.py\/#website","url":"https:\/\/www.teleclub.com.py\/","name":"Teleclub","description":"Tu tienda online","publisher":{"@id":"https:\/\/www.teleclub.com.py\/#organization"},"potentialAction":[{"@type":"SearchAction","target":{"@type":"EntryPoint","urlTemplate":"https:\/\/www.teleclub.com.py\/?s={search_term_string}"},"query-input":{"@type":"PropertyValueSpecification","valueRequired":true,"valueName":"search_term_string"}}],"inLanguage":"es"},{"@type":"Organization","@id":"https:\/\/www.teleclub.com.py\/#organization","name":"Teleclub","url":"https:\/\/www.teleclub.com.py\/","logo":{"@type":"ImageObject","inLanguage":"es","@id":"https:\/\/www.teleclub.com.py\/#\/schema\/logo\/image\/","url":"https:\/\/www.teleclub.com.py\/wp-content\/uploads\/2024\/09\/1611317346760_TeleClub_logo_FondoBlanco-2.jpg","contentUrl":"https:\/\/www.teleclub.com.py\/wp-content\/uploads\/2024\/09\/1611317346760_TeleClub_logo_FondoBlanco-2.jpg","width":1600,"height":1600,"caption":"Teleclub"},"image":{"@id":"https:\/\/www.teleclub.com.py\/#\/schema\/logo\/image\/"},"sameAs":["https:\/\/www.facebook.com\/teleclubpy","https:\/\/www.instagram.com\/teleclubpy"]}]}},"_links":{"self":[{"href":"https:\/\/www.teleclub.com.py\/index.php\/wp-json\/wp\/v2\/product\/7180","targetHints":{"allow":["GET"]}}],"collection":[{"href":"https:\/\/www.teleclub.com.py\/index.php\/wp-json\/wp\/v2\/product"}],"about":[{"href":"https:\/\/www.teleclub.com.py\/index.php\/wp-json\/wp\/v2\/types\/product"}],"wp:featuredmedia":[{"embeddable":true,"href":"https:\/\/www.teleclub.com.py\/index.php\/wp-json\/wp\/v2\/media\/12100"}],"wp:attachment":[{"href":"https:\/\/www.teleclub.com.py\/index.php\/wp-json\/wp\/v2\/media?parent=7180"}],"wp:term":[{"taxonomy":"product_cat","embeddable":true,"href":"https:\/\/www.teleclub.com.py\/index.php\/wp-json\/wp\/v2\/product_cat?post=7180"},{"taxonomy":"product_tag","embeddable":true,"href":"https:\/\/www.teleclub.com.py\/index.php\/wp-json\/wp\/v2\/product_tag?post=7180"}],"curies":[{"name":"wp","href":"https:\/\/api.w.org\/{rel}","templated":true}]}}