{"id":7158,"date":"2024-08-20T21:15:11","date_gmt":"2024-08-20T19:15:11","guid":{"rendered":"https:\/\/www.teleclub.com.py\/?post_type=product&#038;p=7158"},"modified":"2025-04-24T14:35:25","modified_gmt":"2025-04-24T17:35:25","slug":"auriculares-inalambricos-jbl-tune-660nc-con-bluetooth-anc-microfono-black-blue","status":"publish","type":"product","link":"https:\/\/www.teleclub.com.py\/index.php\/product\/auriculares-inalambricos-jbl-tune-660nc-con-bluetooth-anc-microfono-black-blue\/","title":{"rendered":"Auriculares Inal\u00e1mbricos JBL Tune 660NC con Bluetooth\/ANC\/Micr\u00f3fono &#8211; Black\/Blue"},"content":{"rendered":"<p>Los auriculares inal\u00e1mbricos Tune 660NC cuentan con el renombrado sonido JBL Pure Bass, que se puede encontrar en los lugares m\u00e1s famosos de todo el mundo.<\/p>\n<p>Mant\u00e9n el ruido fuera y disfruta de tu m\u00fasica con cancelaci\u00f3n activa de ruido. A prueba de sudor: No, Rango de respuesta de frecuencia din\u00e1mica (Hz) \u2013 16 Hz \u2013 20 kHz<\/p>\n<p>Con la transmisi\u00f3n inal\u00e1mbrica Bluetooth 5.0, puede transmitir de forma inal\u00e1mbrica desde su dispositivo e incluso cambiar entre dos dispositivos para que no se pierda una llamada.<\/p>\n<p>Escucha de forma inal\u00e1mbrica durante 44 horas con cancelaci\u00f3n activa de ruido para una diversi\u00f3n duradera. O por hasta 55 horas con BT solamente.<\/p>\n<p>Obt\u00e9n 2 horas adicionales con solo una carga de 5 minutos utilizando el pr\u00e1ctico cable USB tipo C. Disfruta infinitamente en modo con cable, utilizando el cable desmontable proporcionado. Nota: Si tienes problemas en la conectividad Bluetooth, apaga la funci\u00f3n Bluetooth durante un par de minutos, luego vuelve a encenderla<\/p>\n<p data-gtm-vis-has-fired-7462654_621=\"1\" data-gtm-vis-has-fired-7462654_622=\"1\">Controla f\u00e1cilmente tu sonido y gestiona tus llamadas desde tus auriculares con los pr\u00e1cticos botones y el micr\u00f3fono en el auricular. O utiliza el bot\u00f3n del auricular para llegar r\u00e1pidamente al asistente de voz de tu dispositivo.<\/p>\n","protected":false},"excerpt":{"rendered":"<table class=\"table table-bordered\">\n<tbody>\n<tr>\n<td>Peso<\/td>\n<td>265g<\/td>\n<\/tr>\n<tr>\n<td>Color<\/td>\n<td>Negro<\/td>\n<\/tr>\n<tr>\n<td>Modelo<\/td>\n<td>Live 660NC<\/td>\n<\/tr>\n<tr>\n<td>Frecuencia<\/td>\n<td>16Hz-20kHz<\/td>\n<\/tr>\n<tr>\n<td>Bater\u00eda<\/td>\n<td>750mAh<\/td>\n<\/tr>\n<tr>\n<td>Conexiones<\/td>\n<td>USB-C &#8211; Jack 3.5 mm<\/td>\n<\/tr>\n<tr>\n<td>Conectividad<\/td>\n<td>Bluetooth 5.0<\/td>\n<\/tr>\n<tr>\n<td>Tiempo de carga<\/td>\n<td>Aproximadamente 2 horas<\/td>\n<\/tr>\n<tr>\n<td>Tama\u00f1o<\/td>\n<td>Driver de 40 mm<\/td>\n<\/tr>\n<tr>\n<td>Duraci\u00f3n de la bater\u00eda<\/td>\n<td>Hasta 40 horas de reproducci\u00f3n (Con ANC) &#8211; Hasta 50 horas de reproducci\u00f3n (Sin ANC)<\/td>\n<\/tr>\n<tr>\n<td>Impedancia<\/td>\n<td>32 Ohm<\/td>\n<\/tr>\n<tr>\n<td>Sensibilidad<\/td>\n<td>97dB SPL@1kHz\/1mW<\/td>\n<\/tr>\n<\/tbody>\n<\/table>\n","protected":false},"featured_media":7159,"template":"","meta":{"om_disable_all_campaigns":false},"product_cat":[257],"product_tag":[],"class_list":{"0":"post-7158","1":"product","2":"type-product","3":"status-publish","4":"has-post-thumbnail","6":"product_cat-auriculares","8":"first","9":"outofstock","10":"shipping-taxable","11":"purchasable","12":"product-type-simple"},"yoast_head":"<!-- This site is optimized with the Yoast SEO plugin v23.6 - https:\/\/yoast.com\/wordpress\/plugins\/seo\/ -->\n<title>Auriculares Inal\u00e1mbricos JBL Tune 660NC con Bluetooth\/ANC\/Micr\u00f3fono - Black\/Blue - Teleclub<\/title>\n<meta name=\"robots\" content=\"index, follow, max-snippet:-1, max-image-preview:large, max-video-preview:-1\" \/>\n<link rel=\"canonical\" href=\"https:\/\/www.teleclub.com.py\/index.php\/product\/auriculares-inalambricos-jbl-tune-660nc-con-bluetooth-anc-microfono-black-blue\/\" \/>\n<meta property=\"og:locale\" content=\"es_ES\" \/>\n<meta property=\"og:type\" content=\"article\" \/>\n<meta property=\"og:title\" content=\"Auriculares Inal\u00e1mbricos JBL Tune 660NC con Bluetooth\/ANC\/Micr\u00f3fono - Black\/Blue - Teleclub\" \/>\n<meta property=\"og:description\" content=\"Peso 265g   Color Negro   Modelo Live 660NC   Frecuencia 16Hz-20kHz   Bater\u00eda 750mAh   Conexiones USB-C - Jack 3.5 mm   Conectividad Bluetooth 5.0   Tiempo de carga Aproximadamente 2 horas   Tama\u00f1o Driver de 40 mm   Duraci\u00f3n de la bater\u00eda Hasta 40 horas de reproducci\u00f3n (Con ANC) - Hasta 50 horas de reproducci\u00f3n (Sin ANC)   Impedancia 32 Ohm   Sensibilidad 97dB SPL@1kHz\/1mW\" \/>\n<meta property=\"og:url\" content=\"https:\/\/www.teleclub.com.py\/index.php\/product\/auriculares-inalambricos-jbl-tune-660nc-con-bluetooth-anc-microfono-black-blue\/\" \/>\n<meta property=\"og:site_name\" content=\"Teleclub\" \/>\n<meta property=\"article:publisher\" content=\"https:\/\/www.facebook.com\/teleclubpy\" \/>\n<meta property=\"article:modified_time\" content=\"2025-04-24T17:35:25+00:00\" \/>\n<meta property=\"og:image\" content=\"https:\/\/www.teleclub.com.py\/wp-content\/uploads\/2024\/08\/vv.png\" \/>\n\t<meta property=\"og:image:width\" content=\"600\" \/>\n\t<meta property=\"og:image:height\" content=\"600\" \/>\n\t<meta property=\"og:image:type\" content=\"image\/png\" \/>\n<meta name=\"twitter:card\" content=\"summary_large_image\" \/>\n<meta name=\"twitter:label1\" content=\"Tiempo de lectura\" \/>\n\t<meta name=\"twitter:data1\" content=\"1 minuto\" \/>\n<script type=\"application\/ld+json\" class=\"yoast-schema-graph\">{\"@context\":\"https:\/\/schema.org\",\"@graph\":[{\"@type\":\"WebPage\",\"@id\":\"https:\/\/www.teleclub.com.py\/index.php\/product\/auriculares-inalambricos-jbl-tune-660nc-con-bluetooth-anc-microfono-black-blue\/\",\"url\":\"https:\/\/www.teleclub.com.py\/index.php\/product\/auriculares-inalambricos-jbl-tune-660nc-con-bluetooth-anc-microfono-black-blue\/\",\"name\":\"Auriculares Inal\u00e1mbricos JBL Tune 660NC con Bluetooth\/ANC\/Micr\u00f3fono - Black\/Blue - Teleclub\",\"isPartOf\":{\"@id\":\"https:\/\/www.teleclub.com.py\/#website\"},\"primaryImageOfPage\":{\"@id\":\"https:\/\/www.teleclub.com.py\/index.php\/product\/auriculares-inalambricos-jbl-tune-660nc-con-bluetooth-anc-microfono-black-blue\/#primaryimage\"},\"image\":{\"@id\":\"https:\/\/www.teleclub.com.py\/index.php\/product\/auriculares-inalambricos-jbl-tune-660nc-con-bluetooth-anc-microfono-black-blue\/#primaryimage\"},\"thumbnailUrl\":\"https:\/\/www.teleclub.com.py\/wp-content\/uploads\/2024\/08\/vv.png\",\"datePublished\":\"2024-08-20T19:15:11+00:00\",\"dateModified\":\"2025-04-24T17:35:25+00:00\",\"breadcrumb\":{\"@id\":\"https:\/\/www.teleclub.com.py\/index.php\/product\/auriculares-inalambricos-jbl-tune-660nc-con-bluetooth-anc-microfono-black-blue\/#breadcrumb\"},\"inLanguage\":\"es\",\"potentialAction\":[{\"@type\":\"ReadAction\",\"target\":[\"https:\/\/www.teleclub.com.py\/index.php\/product\/auriculares-inalambricos-jbl-tune-660nc-con-bluetooth-anc-microfono-black-blue\/\"]}]},{\"@type\":\"ImageObject\",\"inLanguage\":\"es\",\"@id\":\"https:\/\/www.teleclub.com.py\/index.php\/product\/auriculares-inalambricos-jbl-tune-660nc-con-bluetooth-anc-microfono-black-blue\/#primaryimage\",\"url\":\"https:\/\/www.teleclub.com.py\/wp-content\/uploads\/2024\/08\/vv.png\",\"contentUrl\":\"https:\/\/www.teleclub.com.py\/wp-content\/uploads\/2024\/08\/vv.png\",\"width\":600,\"height\":600},{\"@type\":\"BreadcrumbList\",\"@id\":\"https:\/\/www.teleclub.com.py\/index.php\/product\/auriculares-inalambricos-jbl-tune-660nc-con-bluetooth-anc-microfono-black-blue\/#breadcrumb\",\"itemListElement\":[{\"@type\":\"ListItem\",\"position\":1,\"name\":\"Portada\",\"item\":\"https:\/\/www.teleclub.com.py\/\"},{\"@type\":\"ListItem\",\"position\":2,\"name\":\"Shop\",\"item\":\"https:\/\/www.teleclub.com.py\/index.php\/shop-2\/\"},{\"@type\":\"ListItem\",\"position\":3,\"name\":\"Auriculares Inal\u00e1mbricos JBL Tune 660NC con Bluetooth\/ANC\/Micr\u00f3fono &#8211; Black\/Blue\"}]},{\"@type\":\"WebSite\",\"@id\":\"https:\/\/www.teleclub.com.py\/#website\",\"url\":\"https:\/\/www.teleclub.com.py\/\",\"name\":\"Teleclub\",\"description\":\"Tu tienda online\",\"publisher\":{\"@id\":\"https:\/\/www.teleclub.com.py\/#organization\"},\"potentialAction\":[{\"@type\":\"SearchAction\",\"target\":{\"@type\":\"EntryPoint\",\"urlTemplate\":\"https:\/\/www.teleclub.com.py\/?s={search_term_string}\"},\"query-input\":{\"@type\":\"PropertyValueSpecification\",\"valueRequired\":true,\"valueName\":\"search_term_string\"}}],\"inLanguage\":\"es\"},{\"@type\":\"Organization\",\"@id\":\"https:\/\/www.teleclub.com.py\/#organization\",\"name\":\"Teleclub\",\"url\":\"https:\/\/www.teleclub.com.py\/\",\"logo\":{\"@type\":\"ImageObject\",\"inLanguage\":\"es\",\"@id\":\"https:\/\/www.teleclub.com.py\/#\/schema\/logo\/image\/\",\"url\":\"https:\/\/www.teleclub.com.py\/wp-content\/uploads\/2024\/09\/1611317346760_TeleClub_logo_FondoBlanco-2.jpg\",\"contentUrl\":\"https:\/\/www.teleclub.com.py\/wp-content\/uploads\/2024\/09\/1611317346760_TeleClub_logo_FondoBlanco-2.jpg\",\"width\":1600,\"height\":1600,\"caption\":\"Teleclub\"},\"image\":{\"@id\":\"https:\/\/www.teleclub.com.py\/#\/schema\/logo\/image\/\"},\"sameAs\":[\"https:\/\/www.facebook.com\/teleclubpy\",\"https:\/\/www.instagram.com\/teleclubpy\"]}]}<\/script>\n<!-- \/ Yoast SEO plugin. -->","yoast_head_json":{"title":"Auriculares Inal\u00e1mbricos JBL Tune 660NC con Bluetooth\/ANC\/Micr\u00f3fono - Black\/Blue - Teleclub","robots":{"index":"index","follow":"follow","max-snippet":"max-snippet:-1","max-image-preview":"max-image-preview:large","max-video-preview":"max-video-preview:-1"},"canonical":"https:\/\/www.teleclub.com.py\/index.php\/product\/auriculares-inalambricos-jbl-tune-660nc-con-bluetooth-anc-microfono-black-blue\/","og_locale":"es_ES","og_type":"article","og_title":"Auriculares Inal\u00e1mbricos JBL Tune 660NC con Bluetooth\/ANC\/Micr\u00f3fono - Black\/Blue - Teleclub","og_description":"Peso 265g   Color Negro   Modelo Live 660NC   Frecuencia 16Hz-20kHz   Bater\u00eda 750mAh   Conexiones USB-C - Jack 3.5 mm   Conectividad Bluetooth 5.0   Tiempo de carga Aproximadamente 2 horas   Tama\u00f1o Driver de 40 mm   Duraci\u00f3n de la bater\u00eda Hasta 40 horas de reproducci\u00f3n (Con ANC) - Hasta 50 horas de reproducci\u00f3n (Sin ANC)   Impedancia 32 Ohm   Sensibilidad 97dB SPL@1kHz\/1mW","og_url":"https:\/\/www.teleclub.com.py\/index.php\/product\/auriculares-inalambricos-jbl-tune-660nc-con-bluetooth-anc-microfono-black-blue\/","og_site_name":"Teleclub","article_publisher":"https:\/\/www.facebook.com\/teleclubpy","article_modified_time":"2025-04-24T17:35:25+00:00","og_image":[{"width":600,"height":600,"url":"https:\/\/www.teleclub.com.py\/wp-content\/uploads\/2024\/08\/vv.png","type":"image\/png"}],"twitter_card":"summary_large_image","twitter_misc":{"Tiempo de lectura":"1 minuto"},"schema":{"@context":"https:\/\/schema.org","@graph":[{"@type":"WebPage","@id":"https:\/\/www.teleclub.com.py\/index.php\/product\/auriculares-inalambricos-jbl-tune-660nc-con-bluetooth-anc-microfono-black-blue\/","url":"https:\/\/www.teleclub.com.py\/index.php\/product\/auriculares-inalambricos-jbl-tune-660nc-con-bluetooth-anc-microfono-black-blue\/","name":"Auriculares Inal\u00e1mbricos JBL Tune 660NC con Bluetooth\/ANC\/Micr\u00f3fono - Black\/Blue - Teleclub","isPartOf":{"@id":"https:\/\/www.teleclub.com.py\/#website"},"primaryImageOfPage":{"@id":"https:\/\/www.teleclub.com.py\/index.php\/product\/auriculares-inalambricos-jbl-tune-660nc-con-bluetooth-anc-microfono-black-blue\/#primaryimage"},"image":{"@id":"https:\/\/www.teleclub.com.py\/index.php\/product\/auriculares-inalambricos-jbl-tune-660nc-con-bluetooth-anc-microfono-black-blue\/#primaryimage"},"thumbnailUrl":"https:\/\/www.teleclub.com.py\/wp-content\/uploads\/2024\/08\/vv.png","datePublished":"2024-08-20T19:15:11+00:00","dateModified":"2025-04-24T17:35:25+00:00","breadcrumb":{"@id":"https:\/\/www.teleclub.com.py\/index.php\/product\/auriculares-inalambricos-jbl-tune-660nc-con-bluetooth-anc-microfono-black-blue\/#breadcrumb"},"inLanguage":"es","potentialAction":[{"@type":"ReadAction","target":["https:\/\/www.teleclub.com.py\/index.php\/product\/auriculares-inalambricos-jbl-tune-660nc-con-bluetooth-anc-microfono-black-blue\/"]}]},{"@type":"ImageObject","inLanguage":"es","@id":"https:\/\/www.teleclub.com.py\/index.php\/product\/auriculares-inalambricos-jbl-tune-660nc-con-bluetooth-anc-microfono-black-blue\/#primaryimage","url":"https:\/\/www.teleclub.com.py\/wp-content\/uploads\/2024\/08\/vv.png","contentUrl":"https:\/\/www.teleclub.com.py\/wp-content\/uploads\/2024\/08\/vv.png","width":600,"height":600},{"@type":"BreadcrumbList","@id":"https:\/\/www.teleclub.com.py\/index.php\/product\/auriculares-inalambricos-jbl-tune-660nc-con-bluetooth-anc-microfono-black-blue\/#breadcrumb","itemListElement":[{"@type":"ListItem","position":1,"name":"Portada","item":"https:\/\/www.teleclub.com.py\/"},{"@type":"ListItem","position":2,"name":"Shop","item":"https:\/\/www.teleclub.com.py\/index.php\/shop-2\/"},{"@type":"ListItem","position":3,"name":"Auriculares Inal\u00e1mbricos JBL Tune 660NC con Bluetooth\/ANC\/Micr\u00f3fono &#8211; Black\/Blue"}]},{"@type":"WebSite","@id":"https:\/\/www.teleclub.com.py\/#website","url":"https:\/\/www.teleclub.com.py\/","name":"Teleclub","description":"Tu tienda online","publisher":{"@id":"https:\/\/www.teleclub.com.py\/#organization"},"potentialAction":[{"@type":"SearchAction","target":{"@type":"EntryPoint","urlTemplate":"https:\/\/www.teleclub.com.py\/?s={search_term_string}"},"query-input":{"@type":"PropertyValueSpecification","valueRequired":true,"valueName":"search_term_string"}}],"inLanguage":"es"},{"@type":"Organization","@id":"https:\/\/www.teleclub.com.py\/#organization","name":"Teleclub","url":"https:\/\/www.teleclub.com.py\/","logo":{"@type":"ImageObject","inLanguage":"es","@id":"https:\/\/www.teleclub.com.py\/#\/schema\/logo\/image\/","url":"https:\/\/www.teleclub.com.py\/wp-content\/uploads\/2024\/09\/1611317346760_TeleClub_logo_FondoBlanco-2.jpg","contentUrl":"https:\/\/www.teleclub.com.py\/wp-content\/uploads\/2024\/09\/1611317346760_TeleClub_logo_FondoBlanco-2.jpg","width":1600,"height":1600,"caption":"Teleclub"},"image":{"@id":"https:\/\/www.teleclub.com.py\/#\/schema\/logo\/image\/"},"sameAs":["https:\/\/www.facebook.com\/teleclubpy","https:\/\/www.instagram.com\/teleclubpy"]}]}},"_links":{"self":[{"href":"https:\/\/www.teleclub.com.py\/index.php\/wp-json\/wp\/v2\/product\/7158","targetHints":{"allow":["GET"]}}],"collection":[{"href":"https:\/\/www.teleclub.com.py\/index.php\/wp-json\/wp\/v2\/product"}],"about":[{"href":"https:\/\/www.teleclub.com.py\/index.php\/wp-json\/wp\/v2\/types\/product"}],"wp:featuredmedia":[{"embeddable":true,"href":"https:\/\/www.teleclub.com.py\/index.php\/wp-json\/wp\/v2\/media\/7159"}],"wp:attachment":[{"href":"https:\/\/www.teleclub.com.py\/index.php\/wp-json\/wp\/v2\/media?parent=7158"}],"wp:term":[{"taxonomy":"product_cat","embeddable":true,"href":"https:\/\/www.teleclub.com.py\/index.php\/wp-json\/wp\/v2\/product_cat?post=7158"},{"taxonomy":"product_tag","embeddable":true,"href":"https:\/\/www.teleclub.com.py\/index.php\/wp-json\/wp\/v2\/product_tag?post=7158"}],"curies":[{"name":"wp","href":"https:\/\/api.w.org\/{rel}","templated":true}]}}