{"id":7124,"date":"2024-08-20T15:47:27","date_gmt":"2024-08-20T13:47:27","guid":{"rendered":"https:\/\/www.teleclub.com.py\/?post_type=product&#038;p=7124"},"modified":"2025-04-26T11:27:18","modified_gmt":"2025-04-26T14:27:18","slug":"radio-automotriz-jbl-legend-con-pantalla-de-9-wi-fi-bluetooth-touch-negro","status":"publish","type":"product","link":"https:\/\/www.teleclub.com.py\/index.php\/product\/radio-automotriz-jbl-legend-con-pantalla-de-9-wi-fi-bluetooth-touch-negro\/","title":{"rendered":"Radio Automotriz JBL Legend con Pantalla de 9&#8243; Wi-Fi\/Bluetooth\/Touch &#8211; Negro"},"content":{"rendered":"<p>El autoradio JBL Legend tiene un dise\u00f1o elegante y compacto, tiene pantalla t\u00e1ctil capacitiva de 9&#8243; se adapta a los modelos de autom\u00f3viles m\u00e1s populares del mercado. Compatible con Apple CarPlay y Android auto con cable, para una experiencia perfecta con el tel\u00e9fono inteligente durante la conducci\u00f3n. Tiene tecnolog\u00eda Bluetooth integrado para llamadas manos libres, transmisi\u00f3n de m\u00fasica con etiquetas ID3 y compatibilidad con agenda telef\u00f3nica (HFP, A2DP, AVRCP, PBAP). Posee sintonizador AM\/FM con 30 estaciones presintonizadas (18FM\/12AM), disfrute escuchando sus estaciones de radio favoritas mientras conduce. Adem\u00e1s, est\u00e1 dise\u00f1ado para emparejarse con los amplificadores y parlantes de JBL como un sistema de audio completo con salida m\u00e1xima de 4&#215;50 vatios.<\/p>\n","protected":false},"excerpt":{"rendered":"<ul>\n<li><strong>Pantalla:<\/strong>\u00a0T\u00e1ctil\u00a0capacitiva\u00a0de 9&#8243;<\/li>\n<li><strong>Tecnolog\u00eda inal\u00e1mbrica:<\/strong>\u00a0Bluetooth y Wifi<\/li>\n<li><strong>Potencia de m\u00e1xima de salida:<\/strong>\u00a04 x 50w<\/li>\n<li><span data-contrast=\"auto\"><strong>Sintonizador de:<\/strong>\u00a0AM\/FM<\/span><span data-ccp-props=\"{&quot;201341983&quot;:0,&quot;335559739&quot;:160,&quot;335559740&quot;:259}\">\u00a0<\/span><\/li>\n<\/ul>\n","protected":false},"featured_media":7125,"template":"","meta":{"om_disable_all_campaigns":false},"product_cat":[255],"product_tag":[],"class_list":{"0":"post-7124","1":"product","2":"type-product","3":"status-publish","4":"has-post-thumbnail","6":"product_cat-audio-electronica","8":"first","9":"outofstock","10":"shipping-taxable","11":"purchasable","12":"product-type-simple"},"yoast_head":"<!-- This site is optimized with the Yoast SEO plugin v23.6 - https:\/\/yoast.com\/wordpress\/plugins\/seo\/ -->\n<title>Radio Automotriz JBL Legend con Pantalla de 9&quot; Wi-Fi\/Bluetooth\/Touch - Negro - Teleclub<\/title>\n<meta name=\"robots\" content=\"index, follow, max-snippet:-1, max-image-preview:large, max-video-preview:-1\" \/>\n<link rel=\"canonical\" href=\"https:\/\/www.teleclub.com.py\/index.php\/product\/radio-automotriz-jbl-legend-con-pantalla-de-9-wi-fi-bluetooth-touch-negro\/\" \/>\n<meta property=\"og:locale\" content=\"es_ES\" \/>\n<meta property=\"og:type\" content=\"article\" \/>\n<meta property=\"og:title\" content=\"Radio Automotriz JBL Legend con Pantalla de 9&quot; Wi-Fi\/Bluetooth\/Touch - Negro - Teleclub\" \/>\n<meta property=\"og:description\" content=\"Pantalla:\u00a0T\u00e1ctil\u00a0capacitiva\u00a0de 9&quot;  Tecnolog\u00eda inal\u00e1mbrica:\u00a0Bluetooth y Wifi  Potencia de m\u00e1xima de salida:\u00a04 x 50w  Sintonizador de:\u00a0AM\/FM\u00a0\" \/>\n<meta property=\"og:url\" content=\"https:\/\/www.teleclub.com.py\/index.php\/product\/radio-automotriz-jbl-legend-con-pantalla-de-9-wi-fi-bluetooth-touch-negro\/\" \/>\n<meta property=\"og:site_name\" content=\"Teleclub\" \/>\n<meta property=\"article:publisher\" content=\"https:\/\/www.facebook.com\/teleclubpy\" \/>\n<meta property=\"article:modified_time\" content=\"2025-04-26T14:27:18+00:00\" \/>\n<meta property=\"og:image\" content=\"https:\/\/www.teleclub.com.py\/wp-content\/uploads\/2024\/08\/toc.png\" \/>\n\t<meta property=\"og:image:width\" content=\"616\" \/>\n\t<meta property=\"og:image:height\" content=\"616\" \/>\n\t<meta property=\"og:image:type\" content=\"image\/png\" \/>\n<meta name=\"twitter:card\" content=\"summary_large_image\" \/>\n<meta name=\"twitter:label1\" content=\"Tiempo de lectura\" \/>\n\t<meta name=\"twitter:data1\" content=\"1 minuto\" \/>\n<script type=\"application\/ld+json\" class=\"yoast-schema-graph\">{\"@context\":\"https:\/\/schema.org\",\"@graph\":[{\"@type\":\"WebPage\",\"@id\":\"https:\/\/www.teleclub.com.py\/index.php\/product\/radio-automotriz-jbl-legend-con-pantalla-de-9-wi-fi-bluetooth-touch-negro\/\",\"url\":\"https:\/\/www.teleclub.com.py\/index.php\/product\/radio-automotriz-jbl-legend-con-pantalla-de-9-wi-fi-bluetooth-touch-negro\/\",\"name\":\"Radio Automotriz JBL Legend con Pantalla de 9\\\" Wi-Fi\/Bluetooth\/Touch - Negro - Teleclub\",\"isPartOf\":{\"@id\":\"https:\/\/www.teleclub.com.py\/#website\"},\"primaryImageOfPage\":{\"@id\":\"https:\/\/www.teleclub.com.py\/index.php\/product\/radio-automotriz-jbl-legend-con-pantalla-de-9-wi-fi-bluetooth-touch-negro\/#primaryimage\"},\"image\":{\"@id\":\"https:\/\/www.teleclub.com.py\/index.php\/product\/radio-automotriz-jbl-legend-con-pantalla-de-9-wi-fi-bluetooth-touch-negro\/#primaryimage\"},\"thumbnailUrl\":\"https:\/\/www.teleclub.com.py\/wp-content\/uploads\/2024\/08\/toc.png\",\"datePublished\":\"2024-08-20T13:47:27+00:00\",\"dateModified\":\"2025-04-26T14:27:18+00:00\",\"breadcrumb\":{\"@id\":\"https:\/\/www.teleclub.com.py\/index.php\/product\/radio-automotriz-jbl-legend-con-pantalla-de-9-wi-fi-bluetooth-touch-negro\/#breadcrumb\"},\"inLanguage\":\"es\",\"potentialAction\":[{\"@type\":\"ReadAction\",\"target\":[\"https:\/\/www.teleclub.com.py\/index.php\/product\/radio-automotriz-jbl-legend-con-pantalla-de-9-wi-fi-bluetooth-touch-negro\/\"]}]},{\"@type\":\"ImageObject\",\"inLanguage\":\"es\",\"@id\":\"https:\/\/www.teleclub.com.py\/index.php\/product\/radio-automotriz-jbl-legend-con-pantalla-de-9-wi-fi-bluetooth-touch-negro\/#primaryimage\",\"url\":\"https:\/\/www.teleclub.com.py\/wp-content\/uploads\/2024\/08\/toc.png\",\"contentUrl\":\"https:\/\/www.teleclub.com.py\/wp-content\/uploads\/2024\/08\/toc.png\",\"width\":616,\"height\":616},{\"@type\":\"BreadcrumbList\",\"@id\":\"https:\/\/www.teleclub.com.py\/index.php\/product\/radio-automotriz-jbl-legend-con-pantalla-de-9-wi-fi-bluetooth-touch-negro\/#breadcrumb\",\"itemListElement\":[{\"@type\":\"ListItem\",\"position\":1,\"name\":\"Portada\",\"item\":\"https:\/\/www.teleclub.com.py\/\"},{\"@type\":\"ListItem\",\"position\":2,\"name\":\"Shop\",\"item\":\"https:\/\/www.teleclub.com.py\/index.php\/shop-2\/\"},{\"@type\":\"ListItem\",\"position\":3,\"name\":\"Radio Automotriz JBL Legend con Pantalla de 9&#8243; Wi-Fi\/Bluetooth\/Touch &#8211; Negro\"}]},{\"@type\":\"WebSite\",\"@id\":\"https:\/\/www.teleclub.com.py\/#website\",\"url\":\"https:\/\/www.teleclub.com.py\/\",\"name\":\"Teleclub\",\"description\":\"Tu tienda online\",\"publisher\":{\"@id\":\"https:\/\/www.teleclub.com.py\/#organization\"},\"potentialAction\":[{\"@type\":\"SearchAction\",\"target\":{\"@type\":\"EntryPoint\",\"urlTemplate\":\"https:\/\/www.teleclub.com.py\/?s={search_term_string}\"},\"query-input\":{\"@type\":\"PropertyValueSpecification\",\"valueRequired\":true,\"valueName\":\"search_term_string\"}}],\"inLanguage\":\"es\"},{\"@type\":\"Organization\",\"@id\":\"https:\/\/www.teleclub.com.py\/#organization\",\"name\":\"Teleclub\",\"url\":\"https:\/\/www.teleclub.com.py\/\",\"logo\":{\"@type\":\"ImageObject\",\"inLanguage\":\"es\",\"@id\":\"https:\/\/www.teleclub.com.py\/#\/schema\/logo\/image\/\",\"url\":\"https:\/\/www.teleclub.com.py\/wp-content\/uploads\/2024\/09\/1611317346760_TeleClub_logo_FondoBlanco-2.jpg\",\"contentUrl\":\"https:\/\/www.teleclub.com.py\/wp-content\/uploads\/2024\/09\/1611317346760_TeleClub_logo_FondoBlanco-2.jpg\",\"width\":1600,\"height\":1600,\"caption\":\"Teleclub\"},\"image\":{\"@id\":\"https:\/\/www.teleclub.com.py\/#\/schema\/logo\/image\/\"},\"sameAs\":[\"https:\/\/www.facebook.com\/teleclubpy\",\"https:\/\/www.instagram.com\/teleclubpy\"]}]}<\/script>\n<!-- \/ Yoast SEO plugin. -->","yoast_head_json":{"title":"Radio Automotriz JBL Legend con Pantalla de 9\" Wi-Fi\/Bluetooth\/Touch - Negro - Teleclub","robots":{"index":"index","follow":"follow","max-snippet":"max-snippet:-1","max-image-preview":"max-image-preview:large","max-video-preview":"max-video-preview:-1"},"canonical":"https:\/\/www.teleclub.com.py\/index.php\/product\/radio-automotriz-jbl-legend-con-pantalla-de-9-wi-fi-bluetooth-touch-negro\/","og_locale":"es_ES","og_type":"article","og_title":"Radio Automotriz JBL Legend con Pantalla de 9\" Wi-Fi\/Bluetooth\/Touch - Negro - Teleclub","og_description":"Pantalla:\u00a0T\u00e1ctil\u00a0capacitiva\u00a0de 9\"  Tecnolog\u00eda inal\u00e1mbrica:\u00a0Bluetooth y Wifi  Potencia de m\u00e1xima de salida:\u00a04 x 50w  Sintonizador de:\u00a0AM\/FM\u00a0","og_url":"https:\/\/www.teleclub.com.py\/index.php\/product\/radio-automotriz-jbl-legend-con-pantalla-de-9-wi-fi-bluetooth-touch-negro\/","og_site_name":"Teleclub","article_publisher":"https:\/\/www.facebook.com\/teleclubpy","article_modified_time":"2025-04-26T14:27:18+00:00","og_image":[{"width":616,"height":616,"url":"https:\/\/www.teleclub.com.py\/wp-content\/uploads\/2024\/08\/toc.png","type":"image\/png"}],"twitter_card":"summary_large_image","twitter_misc":{"Tiempo de lectura":"1 minuto"},"schema":{"@context":"https:\/\/schema.org","@graph":[{"@type":"WebPage","@id":"https:\/\/www.teleclub.com.py\/index.php\/product\/radio-automotriz-jbl-legend-con-pantalla-de-9-wi-fi-bluetooth-touch-negro\/","url":"https:\/\/www.teleclub.com.py\/index.php\/product\/radio-automotriz-jbl-legend-con-pantalla-de-9-wi-fi-bluetooth-touch-negro\/","name":"Radio Automotriz JBL Legend con Pantalla de 9\" Wi-Fi\/Bluetooth\/Touch - Negro - Teleclub","isPartOf":{"@id":"https:\/\/www.teleclub.com.py\/#website"},"primaryImageOfPage":{"@id":"https:\/\/www.teleclub.com.py\/index.php\/product\/radio-automotriz-jbl-legend-con-pantalla-de-9-wi-fi-bluetooth-touch-negro\/#primaryimage"},"image":{"@id":"https:\/\/www.teleclub.com.py\/index.php\/product\/radio-automotriz-jbl-legend-con-pantalla-de-9-wi-fi-bluetooth-touch-negro\/#primaryimage"},"thumbnailUrl":"https:\/\/www.teleclub.com.py\/wp-content\/uploads\/2024\/08\/toc.png","datePublished":"2024-08-20T13:47:27+00:00","dateModified":"2025-04-26T14:27:18+00:00","breadcrumb":{"@id":"https:\/\/www.teleclub.com.py\/index.php\/product\/radio-automotriz-jbl-legend-con-pantalla-de-9-wi-fi-bluetooth-touch-negro\/#breadcrumb"},"inLanguage":"es","potentialAction":[{"@type":"ReadAction","target":["https:\/\/www.teleclub.com.py\/index.php\/product\/radio-automotriz-jbl-legend-con-pantalla-de-9-wi-fi-bluetooth-touch-negro\/"]}]},{"@type":"ImageObject","inLanguage":"es","@id":"https:\/\/www.teleclub.com.py\/index.php\/product\/radio-automotriz-jbl-legend-con-pantalla-de-9-wi-fi-bluetooth-touch-negro\/#primaryimage","url":"https:\/\/www.teleclub.com.py\/wp-content\/uploads\/2024\/08\/toc.png","contentUrl":"https:\/\/www.teleclub.com.py\/wp-content\/uploads\/2024\/08\/toc.png","width":616,"height":616},{"@type":"BreadcrumbList","@id":"https:\/\/www.teleclub.com.py\/index.php\/product\/radio-automotriz-jbl-legend-con-pantalla-de-9-wi-fi-bluetooth-touch-negro\/#breadcrumb","itemListElement":[{"@type":"ListItem","position":1,"name":"Portada","item":"https:\/\/www.teleclub.com.py\/"},{"@type":"ListItem","position":2,"name":"Shop","item":"https:\/\/www.teleclub.com.py\/index.php\/shop-2\/"},{"@type":"ListItem","position":3,"name":"Radio Automotriz JBL Legend con Pantalla de 9&#8243; Wi-Fi\/Bluetooth\/Touch &#8211; Negro"}]},{"@type":"WebSite","@id":"https:\/\/www.teleclub.com.py\/#website","url":"https:\/\/www.teleclub.com.py\/","name":"Teleclub","description":"Tu tienda online","publisher":{"@id":"https:\/\/www.teleclub.com.py\/#organization"},"potentialAction":[{"@type":"SearchAction","target":{"@type":"EntryPoint","urlTemplate":"https:\/\/www.teleclub.com.py\/?s={search_term_string}"},"query-input":{"@type":"PropertyValueSpecification","valueRequired":true,"valueName":"search_term_string"}}],"inLanguage":"es"},{"@type":"Organization","@id":"https:\/\/www.teleclub.com.py\/#organization","name":"Teleclub","url":"https:\/\/www.teleclub.com.py\/","logo":{"@type":"ImageObject","inLanguage":"es","@id":"https:\/\/www.teleclub.com.py\/#\/schema\/logo\/image\/","url":"https:\/\/www.teleclub.com.py\/wp-content\/uploads\/2024\/09\/1611317346760_TeleClub_logo_FondoBlanco-2.jpg","contentUrl":"https:\/\/www.teleclub.com.py\/wp-content\/uploads\/2024\/09\/1611317346760_TeleClub_logo_FondoBlanco-2.jpg","width":1600,"height":1600,"caption":"Teleclub"},"image":{"@id":"https:\/\/www.teleclub.com.py\/#\/schema\/logo\/image\/"},"sameAs":["https:\/\/www.facebook.com\/teleclubpy","https:\/\/www.instagram.com\/teleclubpy"]}]}},"_links":{"self":[{"href":"https:\/\/www.teleclub.com.py\/index.php\/wp-json\/wp\/v2\/product\/7124","targetHints":{"allow":["GET"]}}],"collection":[{"href":"https:\/\/www.teleclub.com.py\/index.php\/wp-json\/wp\/v2\/product"}],"about":[{"href":"https:\/\/www.teleclub.com.py\/index.php\/wp-json\/wp\/v2\/types\/product"}],"wp:featuredmedia":[{"embeddable":true,"href":"https:\/\/www.teleclub.com.py\/index.php\/wp-json\/wp\/v2\/media\/7125"}],"wp:attachment":[{"href":"https:\/\/www.teleclub.com.py\/index.php\/wp-json\/wp\/v2\/media?parent=7124"}],"wp:term":[{"taxonomy":"product_cat","embeddable":true,"href":"https:\/\/www.teleclub.com.py\/index.php\/wp-json\/wp\/v2\/product_cat?post=7124"},{"taxonomy":"product_tag","embeddable":true,"href":"https:\/\/www.teleclub.com.py\/index.php\/wp-json\/wp\/v2\/product_tag?post=7124"}],"curies":[{"name":"wp","href":"https:\/\/api.w.org\/{rel}","templated":true}]}}