{"id":7111,"date":"2024-08-20T14:53:27","date_gmt":"2024-08-20T12:53:27","guid":{"rendered":"https:\/\/www.teleclub.com.py\/?post_type=product&#038;p=7111"},"modified":"2025-04-26T10:23:12","modified_gmt":"2025-04-26T13:23:12","slug":"auricular-jbl-t290-con-microfono-pure-bass-rose-gold","status":"publish","type":"product","link":"https:\/\/www.teleclub.com.py\/index.php\/product\/auricular-jbl-t290-con-microfono-pure-bass-rose-gold\/","title":{"rendered":"Auricular JBL T290 con Micr\u00f3fono\/Pure Bass &#8211; Rose Gold"},"content":{"rendered":"<p><b>Caracter\u00edsticas<\/b><\/p>\n<p>&#8211; Estructura de aluminio premium<br \/>\nLa carcasa del auricular est\u00e1 hecha de aluminio, lo que la hace liviana pero resistente.<\/p>\n<p>&#8211; Sonido JBL Pure Bass<br \/>\nCon la Tecnolog\u00eda Pure Bass reproducen uno graves potentes y profundos<\/p>\n<p>&#8211; Mando a distancia de 1 bot\u00f3n con micr\u00f3fono<br \/>\nControle la reproducci\u00f3n de m\u00fasica con un conveniente control remoto con un solo bot\u00f3n.<\/p>\n<p>&#8211; Cable plano que no se enreda<br \/>\nUn cable plano que es duradero y no se enreda en nudos<\/p>\n","protected":false},"excerpt":{"rendered":"<table class=\"table table-bordered\">\n<tbody>\n<tr>\n<td>Color<\/td>\n<td>Rose Gold<\/td>\n<\/tr>\n<tr>\n<td>Modelo<\/td>\n<td>T290<\/td>\n<\/tr>\n<tr>\n<td>Conexiones<\/td>\n<td>Jack 3.5mm<\/td>\n<\/tr>\n<tr>\n<td>Audio<\/td>\n<td>JBL Pure Bass<\/td>\n<\/tr>\n<tr>\n<td>Micr\u00f3fono<\/td>\n<td>Integrado<\/td>\n<\/tr>\n<tr>\n<td>Tama\u00f1o<\/td>\n<td>Driver: 8.7mm<\/td>\n<\/tr>\n<tr>\n<td>Longitud del Cable<\/td>\n<td>Aproximadamente 1.24 metros<\/td>\n<\/tr>\n<tr>\n<td>Respuesta de Frecuencia<\/td>\n<td>20Hz &#8211; 20kHz<\/td>\n<\/tr>\n<tr>\n<td>Impedancia<\/td>\n<td>16ohms<\/td>\n<\/tr>\n<tr>\n<td>Sensibilidad<\/td>\n<td>102 \u00b13dB<\/td>\n<\/tr>\n<\/tbody>\n<\/table>\n","protected":false},"featured_media":7112,"template":"","meta":{"om_disable_all_campaigns":false},"product_cat":[255,257,254],"product_tag":[],"class_list":{"0":"post-7111","1":"product","2":"type-product","3":"status-publish","4":"has-post-thumbnail","6":"product_cat-audio-electronica","7":"product_cat-auriculares","8":"product_cat-electronica","10":"first","11":"outofstock","12":"shipping-taxable","13":"purchasable","14":"product-type-simple"},"yoast_head":"<!-- This site is optimized with the Yoast SEO plugin v23.6 - https:\/\/yoast.com\/wordpress\/plugins\/seo\/ -->\n<title>Auricular JBL T290 con Micr\u00f3fono\/Pure Bass - Rose Gold - Teleclub<\/title>\n<meta name=\"robots\" content=\"index, follow, max-snippet:-1, max-image-preview:large, max-video-preview:-1\" \/>\n<link rel=\"canonical\" href=\"https:\/\/www.teleclub.com.py\/index.php\/product\/auricular-jbl-t290-con-microfono-pure-bass-rose-gold\/\" \/>\n<meta property=\"og:locale\" content=\"es_ES\" \/>\n<meta property=\"og:type\" content=\"article\" \/>\n<meta property=\"og:title\" content=\"Auricular JBL T290 con Micr\u00f3fono\/Pure Bass - Rose Gold - Teleclub\" \/>\n<meta property=\"og:description\" content=\"Color Rose Gold   Modelo T290   Conexiones Jack 3.5mm   Audio JBL Pure Bass   Micr\u00f3fono Integrado   Tama\u00f1o Driver: 8.7mm   Longitud del Cable Aproximadamente 1.24 metros   Respuesta de Frecuencia 20Hz - 20kHz   Impedancia 16ohms   Sensibilidad 102 \u00b13dB\" \/>\n<meta property=\"og:url\" content=\"https:\/\/www.teleclub.com.py\/index.php\/product\/auricular-jbl-t290-con-microfono-pure-bass-rose-gold\/\" \/>\n<meta property=\"og:site_name\" content=\"Teleclub\" \/>\n<meta property=\"article:publisher\" content=\"https:\/\/www.facebook.com\/teleclubpy\" \/>\n<meta property=\"article:modified_time\" content=\"2025-04-26T13:23:12+00:00\" \/>\n<meta property=\"og:image\" content=\"https:\/\/www.teleclub.com.py\/wp-content\/uploads\/2024\/08\/rose.png\" \/>\n\t<meta property=\"og:image:width\" content=\"480\" \/>\n\t<meta property=\"og:image:height\" content=\"480\" \/>\n\t<meta property=\"og:image:type\" content=\"image\/png\" \/>\n<meta name=\"twitter:card\" content=\"summary_large_image\" \/>\n<script type=\"application\/ld+json\" class=\"yoast-schema-graph\">{\"@context\":\"https:\/\/schema.org\",\"@graph\":[{\"@type\":\"WebPage\",\"@id\":\"https:\/\/www.teleclub.com.py\/index.php\/product\/auricular-jbl-t290-con-microfono-pure-bass-rose-gold\/\",\"url\":\"https:\/\/www.teleclub.com.py\/index.php\/product\/auricular-jbl-t290-con-microfono-pure-bass-rose-gold\/\",\"name\":\"Auricular JBL T290 con Micr\u00f3fono\/Pure Bass - Rose Gold - Teleclub\",\"isPartOf\":{\"@id\":\"https:\/\/www.teleclub.com.py\/#website\"},\"primaryImageOfPage\":{\"@id\":\"https:\/\/www.teleclub.com.py\/index.php\/product\/auricular-jbl-t290-con-microfono-pure-bass-rose-gold\/#primaryimage\"},\"image\":{\"@id\":\"https:\/\/www.teleclub.com.py\/index.php\/product\/auricular-jbl-t290-con-microfono-pure-bass-rose-gold\/#primaryimage\"},\"thumbnailUrl\":\"https:\/\/www.teleclub.com.py\/wp-content\/uploads\/2024\/08\/rose.png\",\"datePublished\":\"2024-08-20T12:53:27+00:00\",\"dateModified\":\"2025-04-26T13:23:12+00:00\",\"breadcrumb\":{\"@id\":\"https:\/\/www.teleclub.com.py\/index.php\/product\/auricular-jbl-t290-con-microfono-pure-bass-rose-gold\/#breadcrumb\"},\"inLanguage\":\"es\",\"potentialAction\":[{\"@type\":\"ReadAction\",\"target\":[\"https:\/\/www.teleclub.com.py\/index.php\/product\/auricular-jbl-t290-con-microfono-pure-bass-rose-gold\/\"]}]},{\"@type\":\"ImageObject\",\"inLanguage\":\"es\",\"@id\":\"https:\/\/www.teleclub.com.py\/index.php\/product\/auricular-jbl-t290-con-microfono-pure-bass-rose-gold\/#primaryimage\",\"url\":\"https:\/\/www.teleclub.com.py\/wp-content\/uploads\/2024\/08\/rose.png\",\"contentUrl\":\"https:\/\/www.teleclub.com.py\/wp-content\/uploads\/2024\/08\/rose.png\",\"width\":480,\"height\":480},{\"@type\":\"BreadcrumbList\",\"@id\":\"https:\/\/www.teleclub.com.py\/index.php\/product\/auricular-jbl-t290-con-microfono-pure-bass-rose-gold\/#breadcrumb\",\"itemListElement\":[{\"@type\":\"ListItem\",\"position\":1,\"name\":\"Portada\",\"item\":\"https:\/\/www.teleclub.com.py\/\"},{\"@type\":\"ListItem\",\"position\":2,\"name\":\"Shop\",\"item\":\"https:\/\/www.teleclub.com.py\/index.php\/shop-2\/\"},{\"@type\":\"ListItem\",\"position\":3,\"name\":\"Auricular JBL T290 con Micr\u00f3fono\/Pure Bass &#8211; Rose Gold\"}]},{\"@type\":\"WebSite\",\"@id\":\"https:\/\/www.teleclub.com.py\/#website\",\"url\":\"https:\/\/www.teleclub.com.py\/\",\"name\":\"Teleclub\",\"description\":\"Tu tienda online\",\"publisher\":{\"@id\":\"https:\/\/www.teleclub.com.py\/#organization\"},\"potentialAction\":[{\"@type\":\"SearchAction\",\"target\":{\"@type\":\"EntryPoint\",\"urlTemplate\":\"https:\/\/www.teleclub.com.py\/?s={search_term_string}\"},\"query-input\":{\"@type\":\"PropertyValueSpecification\",\"valueRequired\":true,\"valueName\":\"search_term_string\"}}],\"inLanguage\":\"es\"},{\"@type\":\"Organization\",\"@id\":\"https:\/\/www.teleclub.com.py\/#organization\",\"name\":\"Teleclub\",\"url\":\"https:\/\/www.teleclub.com.py\/\",\"logo\":{\"@type\":\"ImageObject\",\"inLanguage\":\"es\",\"@id\":\"https:\/\/www.teleclub.com.py\/#\/schema\/logo\/image\/\",\"url\":\"https:\/\/www.teleclub.com.py\/wp-content\/uploads\/2024\/09\/1611317346760_TeleClub_logo_FondoBlanco-2.jpg\",\"contentUrl\":\"https:\/\/www.teleclub.com.py\/wp-content\/uploads\/2024\/09\/1611317346760_TeleClub_logo_FondoBlanco-2.jpg\",\"width\":1600,\"height\":1600,\"caption\":\"Teleclub\"},\"image\":{\"@id\":\"https:\/\/www.teleclub.com.py\/#\/schema\/logo\/image\/\"},\"sameAs\":[\"https:\/\/www.facebook.com\/teleclubpy\",\"https:\/\/www.instagram.com\/teleclubpy\"]}]}<\/script>\n<!-- \/ Yoast SEO plugin. -->","yoast_head_json":{"title":"Auricular JBL T290 con Micr\u00f3fono\/Pure Bass - Rose Gold - Teleclub","robots":{"index":"index","follow":"follow","max-snippet":"max-snippet:-1","max-image-preview":"max-image-preview:large","max-video-preview":"max-video-preview:-1"},"canonical":"https:\/\/www.teleclub.com.py\/index.php\/product\/auricular-jbl-t290-con-microfono-pure-bass-rose-gold\/","og_locale":"es_ES","og_type":"article","og_title":"Auricular JBL T290 con Micr\u00f3fono\/Pure Bass - Rose Gold - Teleclub","og_description":"Color Rose Gold   Modelo T290   Conexiones Jack 3.5mm   Audio JBL Pure Bass   Micr\u00f3fono Integrado   Tama\u00f1o Driver: 8.7mm   Longitud del Cable Aproximadamente 1.24 metros   Respuesta de Frecuencia 20Hz - 20kHz   Impedancia 16ohms   Sensibilidad 102 \u00b13dB","og_url":"https:\/\/www.teleclub.com.py\/index.php\/product\/auricular-jbl-t290-con-microfono-pure-bass-rose-gold\/","og_site_name":"Teleclub","article_publisher":"https:\/\/www.facebook.com\/teleclubpy","article_modified_time":"2025-04-26T13:23:12+00:00","og_image":[{"width":480,"height":480,"url":"https:\/\/www.teleclub.com.py\/wp-content\/uploads\/2024\/08\/rose.png","type":"image\/png"}],"twitter_card":"summary_large_image","schema":{"@context":"https:\/\/schema.org","@graph":[{"@type":"WebPage","@id":"https:\/\/www.teleclub.com.py\/index.php\/product\/auricular-jbl-t290-con-microfono-pure-bass-rose-gold\/","url":"https:\/\/www.teleclub.com.py\/index.php\/product\/auricular-jbl-t290-con-microfono-pure-bass-rose-gold\/","name":"Auricular JBL T290 con Micr\u00f3fono\/Pure Bass - Rose Gold - Teleclub","isPartOf":{"@id":"https:\/\/www.teleclub.com.py\/#website"},"primaryImageOfPage":{"@id":"https:\/\/www.teleclub.com.py\/index.php\/product\/auricular-jbl-t290-con-microfono-pure-bass-rose-gold\/#primaryimage"},"image":{"@id":"https:\/\/www.teleclub.com.py\/index.php\/product\/auricular-jbl-t290-con-microfono-pure-bass-rose-gold\/#primaryimage"},"thumbnailUrl":"https:\/\/www.teleclub.com.py\/wp-content\/uploads\/2024\/08\/rose.png","datePublished":"2024-08-20T12:53:27+00:00","dateModified":"2025-04-26T13:23:12+00:00","breadcrumb":{"@id":"https:\/\/www.teleclub.com.py\/index.php\/product\/auricular-jbl-t290-con-microfono-pure-bass-rose-gold\/#breadcrumb"},"inLanguage":"es","potentialAction":[{"@type":"ReadAction","target":["https:\/\/www.teleclub.com.py\/index.php\/product\/auricular-jbl-t290-con-microfono-pure-bass-rose-gold\/"]}]},{"@type":"ImageObject","inLanguage":"es","@id":"https:\/\/www.teleclub.com.py\/index.php\/product\/auricular-jbl-t290-con-microfono-pure-bass-rose-gold\/#primaryimage","url":"https:\/\/www.teleclub.com.py\/wp-content\/uploads\/2024\/08\/rose.png","contentUrl":"https:\/\/www.teleclub.com.py\/wp-content\/uploads\/2024\/08\/rose.png","width":480,"height":480},{"@type":"BreadcrumbList","@id":"https:\/\/www.teleclub.com.py\/index.php\/product\/auricular-jbl-t290-con-microfono-pure-bass-rose-gold\/#breadcrumb","itemListElement":[{"@type":"ListItem","position":1,"name":"Portada","item":"https:\/\/www.teleclub.com.py\/"},{"@type":"ListItem","position":2,"name":"Shop","item":"https:\/\/www.teleclub.com.py\/index.php\/shop-2\/"},{"@type":"ListItem","position":3,"name":"Auricular JBL T290 con Micr\u00f3fono\/Pure Bass &#8211; Rose Gold"}]},{"@type":"WebSite","@id":"https:\/\/www.teleclub.com.py\/#website","url":"https:\/\/www.teleclub.com.py\/","name":"Teleclub","description":"Tu tienda online","publisher":{"@id":"https:\/\/www.teleclub.com.py\/#organization"},"potentialAction":[{"@type":"SearchAction","target":{"@type":"EntryPoint","urlTemplate":"https:\/\/www.teleclub.com.py\/?s={search_term_string}"},"query-input":{"@type":"PropertyValueSpecification","valueRequired":true,"valueName":"search_term_string"}}],"inLanguage":"es"},{"@type":"Organization","@id":"https:\/\/www.teleclub.com.py\/#organization","name":"Teleclub","url":"https:\/\/www.teleclub.com.py\/","logo":{"@type":"ImageObject","inLanguage":"es","@id":"https:\/\/www.teleclub.com.py\/#\/schema\/logo\/image\/","url":"https:\/\/www.teleclub.com.py\/wp-content\/uploads\/2024\/09\/1611317346760_TeleClub_logo_FondoBlanco-2.jpg","contentUrl":"https:\/\/www.teleclub.com.py\/wp-content\/uploads\/2024\/09\/1611317346760_TeleClub_logo_FondoBlanco-2.jpg","width":1600,"height":1600,"caption":"Teleclub"},"image":{"@id":"https:\/\/www.teleclub.com.py\/#\/schema\/logo\/image\/"},"sameAs":["https:\/\/www.facebook.com\/teleclubpy","https:\/\/www.instagram.com\/teleclubpy"]}]}},"_links":{"self":[{"href":"https:\/\/www.teleclub.com.py\/index.php\/wp-json\/wp\/v2\/product\/7111","targetHints":{"allow":["GET"]}}],"collection":[{"href":"https:\/\/www.teleclub.com.py\/index.php\/wp-json\/wp\/v2\/product"}],"about":[{"href":"https:\/\/www.teleclub.com.py\/index.php\/wp-json\/wp\/v2\/types\/product"}],"wp:featuredmedia":[{"embeddable":true,"href":"https:\/\/www.teleclub.com.py\/index.php\/wp-json\/wp\/v2\/media\/7112"}],"wp:attachment":[{"href":"https:\/\/www.teleclub.com.py\/index.php\/wp-json\/wp\/v2\/media?parent=7111"}],"wp:term":[{"taxonomy":"product_cat","embeddable":true,"href":"https:\/\/www.teleclub.com.py\/index.php\/wp-json\/wp\/v2\/product_cat?post=7111"},{"taxonomy":"product_tag","embeddable":true,"href":"https:\/\/www.teleclub.com.py\/index.php\/wp-json\/wp\/v2\/product_tag?post=7111"}],"curies":[{"name":"wp","href":"https:\/\/api.w.org\/{rel}","templated":true}]}}