{"id":7028,"date":"2024-08-19T22:15:09","date_gmt":"2024-08-19T20:15:09","guid":{"rendered":"https:\/\/www.teleclub.com.py\/?post_type=product&#038;p=7028"},"modified":"2024-11-03T08:39:18","modified_gmt":"2024-11-03T11:39:18","slug":"tablet-xiaomi-pad-6-6-128gb-gold-mist-blue","status":"publish","type":"product","link":"https:\/\/www.teleclub.com.py\/index.php\/product\/tablet-xiaomi-pad-6-6-128gb-gold-mist-blue\/","title":{"rendered":"Tablet Xiaomi Pad 6 &#8211; 6\/128GB &#8211; Gold\/Mist blue."},"content":{"rendered":"<p>El Xiaomi Pad 6 es el \u00faltimo tablet Android de Xiaomi, destacado por su pantalla de 11 pulgadas con una tasa de refresco impresionante de 144Hz. Impulsado por un potente procesador Snapdragon 870, ofrece un rendimiento excepcional para todas tus necesidades de uso. Equipado con una c\u00e1mara trasera de 13MP y una c\u00e1mara frontal de 8MP, te permite capturar im\u00e1genes de alta calidad. Adem\u00e1s, su bater\u00eda de 8840 mAh con carga r\u00e1pida garantiza una duraci\u00f3n prolongada y una carga r\u00e1pida cuando la necesitas. Con cuatro altavoces est\u00e9reo, soporte para stylus y el sistema operativo MIUI 14 basado en Android 13, el Xiaomi Pad 6 ofrece una experiencia completa y vers\u00e1til para usuarios exigentes.<\/p>\n","protected":false},"excerpt":{"rendered":"<ul class=\"i8Z77e\">\n<li class=\"TrT0Xe\">&#8211; Modelo:\u00a0<b>Pad 6<\/b>.<\/li>\n<li class=\"TrT0Xe\">&#8211; Color:\u00a0<b>Gold<\/b>.<\/li>\n<li class=\"TrT0Xe\">&#8211; Pantalla: IPS LCD de 11&#8243;.<\/li>\n<li class=\"TrT0Xe\">&#8211; Resoluci\u00f3n: 2880 x 1800p.<\/li>\n<li class=\"TrT0Xe\">&#8211; Memoria RAM: 6GB.<\/li>\n<li class=\"TrT0Xe\">&#8211; Memoria interna:\u00a0<b>128GB<\/b>.<\/li>\n<li class=\"TrT0Xe\">&#8211; Sistema operativo: Android 13, MIUI 14.<\/li>\n<li class=\"TrT0Xe\">&#8211; Conectividad: Bluetooth y Wi-Fi.<\/li>\n<\/ul>\n","protected":false},"featured_media":7029,"template":"","meta":{"om_disable_all_campaigns":false},"product_cat":[260,300],"product_tag":[],"class_list":{"0":"post-7028","1":"product","2":"type-product","3":"status-publish","4":"has-post-thumbnail","6":"product_cat-celulares-tablets","7":"product_cat-tablets-celulares-tablets","9":"first","10":"instock","11":"shipping-taxable","12":"purchasable","13":"product-type-simple"},"yoast_head":"<!-- This site is optimized with the Yoast SEO plugin v23.6 - https:\/\/yoast.com\/wordpress\/plugins\/seo\/ -->\n<title>Tablet Xiaomi Pad 6 - 6\/128GB - Gold\/Mist blue. - Teleclub<\/title>\n<meta name=\"description\" content=\"Descubre la Xiaomi Pad 6: pantalla 11&quot;, Snapdragon 870, bater\u00eda de larga duraci\u00f3n, ideal para entretenimiento y productividad \u00a1Compra ahora al mejor precio!\" \/>\n<meta name=\"robots\" content=\"index, follow, max-snippet:-1, max-image-preview:large, max-video-preview:-1\" \/>\n<link rel=\"canonical\" href=\"https:\/\/www.teleclub.com.py\/index.php\/product\/tablet-xiaomi-pad-6-6-128gb-gold-mist-blue\/\" \/>\n<meta property=\"og:locale\" content=\"es_ES\" \/>\n<meta property=\"og:type\" content=\"article\" \/>\n<meta property=\"og:title\" content=\"Tablet Xiaomi Pad 6 - 6\/128GB - Gold\/Mist blue. - Teleclub\" \/>\n<meta property=\"og:description\" content=\"Descubre la Xiaomi Pad 6: pantalla 11&quot;, Snapdragon 870, bater\u00eda de larga duraci\u00f3n, ideal para entretenimiento y productividad \u00a1Compra ahora al mejor precio!\" \/>\n<meta property=\"og:url\" content=\"https:\/\/www.teleclub.com.py\/index.php\/product\/tablet-xiaomi-pad-6-6-128gb-gold-mist-blue\/\" \/>\n<meta property=\"og:site_name\" content=\"Teleclub\" \/>\n<meta property=\"article:publisher\" content=\"https:\/\/www.facebook.com\/teleclubpy\" \/>\n<meta property=\"article:modified_time\" content=\"2024-11-03T11:39:18+00:00\" \/>\n<meta property=\"og:image\" content=\"https:\/\/www.teleclub.com.py\/wp-content\/uploads\/2024\/08\/pad-6.png\" \/>\n\t<meta property=\"og:image:width\" content=\"600\" \/>\n\t<meta property=\"og:image:height\" content=\"600\" \/>\n\t<meta property=\"og:image:type\" content=\"image\/png\" \/>\n<meta name=\"twitter:card\" content=\"summary_large_image\" \/>\n<meta name=\"twitter:label1\" content=\"Tiempo de lectura\" \/>\n\t<meta name=\"twitter:data1\" content=\"1 minuto\" \/>\n<script type=\"application\/ld+json\" class=\"yoast-schema-graph\">{\"@context\":\"https:\/\/schema.org\",\"@graph\":[{\"@type\":\"WebPage\",\"@id\":\"https:\/\/www.teleclub.com.py\/index.php\/product\/tablet-xiaomi-pad-6-6-128gb-gold-mist-blue\/\",\"url\":\"https:\/\/www.teleclub.com.py\/index.php\/product\/tablet-xiaomi-pad-6-6-128gb-gold-mist-blue\/\",\"name\":\"Tablet Xiaomi Pad 6 - 6\/128GB - Gold\/Mist blue. - Teleclub\",\"isPartOf\":{\"@id\":\"https:\/\/www.teleclub.com.py\/#website\"},\"primaryImageOfPage\":{\"@id\":\"https:\/\/www.teleclub.com.py\/index.php\/product\/tablet-xiaomi-pad-6-6-128gb-gold-mist-blue\/#primaryimage\"},\"image\":{\"@id\":\"https:\/\/www.teleclub.com.py\/index.php\/product\/tablet-xiaomi-pad-6-6-128gb-gold-mist-blue\/#primaryimage\"},\"thumbnailUrl\":\"https:\/\/www.teleclub.com.py\/wp-content\/uploads\/2024\/08\/pad-6.png\",\"datePublished\":\"2024-08-19T20:15:09+00:00\",\"dateModified\":\"2024-11-03T11:39:18+00:00\",\"description\":\"Descubre la Xiaomi Pad 6: pantalla 11\\\", Snapdragon 870, bater\u00eda de larga duraci\u00f3n, ideal para entretenimiento y productividad \u00a1Compra ahora al mejor precio!\",\"breadcrumb\":{\"@id\":\"https:\/\/www.teleclub.com.py\/index.php\/product\/tablet-xiaomi-pad-6-6-128gb-gold-mist-blue\/#breadcrumb\"},\"inLanguage\":\"es\",\"potentialAction\":[{\"@type\":\"ReadAction\",\"target\":[\"https:\/\/www.teleclub.com.py\/index.php\/product\/tablet-xiaomi-pad-6-6-128gb-gold-mist-blue\/\"]}]},{\"@type\":\"ImageObject\",\"inLanguage\":\"es\",\"@id\":\"https:\/\/www.teleclub.com.py\/index.php\/product\/tablet-xiaomi-pad-6-6-128gb-gold-mist-blue\/#primaryimage\",\"url\":\"https:\/\/www.teleclub.com.py\/wp-content\/uploads\/2024\/08\/pad-6.png\",\"contentUrl\":\"https:\/\/www.teleclub.com.py\/wp-content\/uploads\/2024\/08\/pad-6.png\",\"width\":600,\"height\":600},{\"@type\":\"BreadcrumbList\",\"@id\":\"https:\/\/www.teleclub.com.py\/index.php\/product\/tablet-xiaomi-pad-6-6-128gb-gold-mist-blue\/#breadcrumb\",\"itemListElement\":[{\"@type\":\"ListItem\",\"position\":1,\"name\":\"Portada\",\"item\":\"https:\/\/www.teleclub.com.py\/\"},{\"@type\":\"ListItem\",\"position\":2,\"name\":\"Shop\",\"item\":\"https:\/\/www.teleclub.com.py\/index.php\/shop-2\/\"},{\"@type\":\"ListItem\",\"position\":3,\"name\":\"Tablet Xiaomi Pad 6 &#8211; 6\/128GB &#8211; Gold\/Mist blue.\"}]},{\"@type\":\"WebSite\",\"@id\":\"https:\/\/www.teleclub.com.py\/#website\",\"url\":\"https:\/\/www.teleclub.com.py\/\",\"name\":\"Teleclub\",\"description\":\"Tu tienda online\",\"publisher\":{\"@id\":\"https:\/\/www.teleclub.com.py\/#organization\"},\"potentialAction\":[{\"@type\":\"SearchAction\",\"target\":{\"@type\":\"EntryPoint\",\"urlTemplate\":\"https:\/\/www.teleclub.com.py\/?s={search_term_string}\"},\"query-input\":{\"@type\":\"PropertyValueSpecification\",\"valueRequired\":true,\"valueName\":\"search_term_string\"}}],\"inLanguage\":\"es\"},{\"@type\":\"Organization\",\"@id\":\"https:\/\/www.teleclub.com.py\/#organization\",\"name\":\"Teleclub\",\"url\":\"https:\/\/www.teleclub.com.py\/\",\"logo\":{\"@type\":\"ImageObject\",\"inLanguage\":\"es\",\"@id\":\"https:\/\/www.teleclub.com.py\/#\/schema\/logo\/image\/\",\"url\":\"https:\/\/www.teleclub.com.py\/wp-content\/uploads\/2024\/09\/1611317346760_TeleClub_logo_FondoBlanco-2.jpg\",\"contentUrl\":\"https:\/\/www.teleclub.com.py\/wp-content\/uploads\/2024\/09\/1611317346760_TeleClub_logo_FondoBlanco-2.jpg\",\"width\":1600,\"height\":1600,\"caption\":\"Teleclub\"},\"image\":{\"@id\":\"https:\/\/www.teleclub.com.py\/#\/schema\/logo\/image\/\"},\"sameAs\":[\"https:\/\/www.facebook.com\/teleclubpy\",\"https:\/\/www.instagram.com\/teleclubpy\"]}]}<\/script>\n<!-- \/ Yoast SEO plugin. -->","yoast_head_json":{"title":"Tablet Xiaomi Pad 6 - 6\/128GB - Gold\/Mist blue. - Teleclub","description":"Descubre la Xiaomi Pad 6: pantalla 11\", Snapdragon 870, bater\u00eda de larga duraci\u00f3n, ideal para entretenimiento y productividad \u00a1Compra ahora al mejor precio!","robots":{"index":"index","follow":"follow","max-snippet":"max-snippet:-1","max-image-preview":"max-image-preview:large","max-video-preview":"max-video-preview:-1"},"canonical":"https:\/\/www.teleclub.com.py\/index.php\/product\/tablet-xiaomi-pad-6-6-128gb-gold-mist-blue\/","og_locale":"es_ES","og_type":"article","og_title":"Tablet Xiaomi Pad 6 - 6\/128GB - Gold\/Mist blue. - Teleclub","og_description":"Descubre la Xiaomi Pad 6: pantalla 11\", Snapdragon 870, bater\u00eda de larga duraci\u00f3n, ideal para entretenimiento y productividad \u00a1Compra ahora al mejor precio!","og_url":"https:\/\/www.teleclub.com.py\/index.php\/product\/tablet-xiaomi-pad-6-6-128gb-gold-mist-blue\/","og_site_name":"Teleclub","article_publisher":"https:\/\/www.facebook.com\/teleclubpy","article_modified_time":"2024-11-03T11:39:18+00:00","og_image":[{"width":600,"height":600,"url":"https:\/\/www.teleclub.com.py\/wp-content\/uploads\/2024\/08\/pad-6.png","type":"image\/png"}],"twitter_card":"summary_large_image","twitter_misc":{"Tiempo de lectura":"1 minuto"},"schema":{"@context":"https:\/\/schema.org","@graph":[{"@type":"WebPage","@id":"https:\/\/www.teleclub.com.py\/index.php\/product\/tablet-xiaomi-pad-6-6-128gb-gold-mist-blue\/","url":"https:\/\/www.teleclub.com.py\/index.php\/product\/tablet-xiaomi-pad-6-6-128gb-gold-mist-blue\/","name":"Tablet Xiaomi Pad 6 - 6\/128GB - Gold\/Mist blue. - Teleclub","isPartOf":{"@id":"https:\/\/www.teleclub.com.py\/#website"},"primaryImageOfPage":{"@id":"https:\/\/www.teleclub.com.py\/index.php\/product\/tablet-xiaomi-pad-6-6-128gb-gold-mist-blue\/#primaryimage"},"image":{"@id":"https:\/\/www.teleclub.com.py\/index.php\/product\/tablet-xiaomi-pad-6-6-128gb-gold-mist-blue\/#primaryimage"},"thumbnailUrl":"https:\/\/www.teleclub.com.py\/wp-content\/uploads\/2024\/08\/pad-6.png","datePublished":"2024-08-19T20:15:09+00:00","dateModified":"2024-11-03T11:39:18+00:00","description":"Descubre la Xiaomi Pad 6: pantalla 11\", Snapdragon 870, bater\u00eda de larga duraci\u00f3n, ideal para entretenimiento y productividad \u00a1Compra ahora al mejor precio!","breadcrumb":{"@id":"https:\/\/www.teleclub.com.py\/index.php\/product\/tablet-xiaomi-pad-6-6-128gb-gold-mist-blue\/#breadcrumb"},"inLanguage":"es","potentialAction":[{"@type":"ReadAction","target":["https:\/\/www.teleclub.com.py\/index.php\/product\/tablet-xiaomi-pad-6-6-128gb-gold-mist-blue\/"]}]},{"@type":"ImageObject","inLanguage":"es","@id":"https:\/\/www.teleclub.com.py\/index.php\/product\/tablet-xiaomi-pad-6-6-128gb-gold-mist-blue\/#primaryimage","url":"https:\/\/www.teleclub.com.py\/wp-content\/uploads\/2024\/08\/pad-6.png","contentUrl":"https:\/\/www.teleclub.com.py\/wp-content\/uploads\/2024\/08\/pad-6.png","width":600,"height":600},{"@type":"BreadcrumbList","@id":"https:\/\/www.teleclub.com.py\/index.php\/product\/tablet-xiaomi-pad-6-6-128gb-gold-mist-blue\/#breadcrumb","itemListElement":[{"@type":"ListItem","position":1,"name":"Portada","item":"https:\/\/www.teleclub.com.py\/"},{"@type":"ListItem","position":2,"name":"Shop","item":"https:\/\/www.teleclub.com.py\/index.php\/shop-2\/"},{"@type":"ListItem","position":3,"name":"Tablet Xiaomi Pad 6 &#8211; 6\/128GB &#8211; Gold\/Mist blue."}]},{"@type":"WebSite","@id":"https:\/\/www.teleclub.com.py\/#website","url":"https:\/\/www.teleclub.com.py\/","name":"Teleclub","description":"Tu tienda online","publisher":{"@id":"https:\/\/www.teleclub.com.py\/#organization"},"potentialAction":[{"@type":"SearchAction","target":{"@type":"EntryPoint","urlTemplate":"https:\/\/www.teleclub.com.py\/?s={search_term_string}"},"query-input":{"@type":"PropertyValueSpecification","valueRequired":true,"valueName":"search_term_string"}}],"inLanguage":"es"},{"@type":"Organization","@id":"https:\/\/www.teleclub.com.py\/#organization","name":"Teleclub","url":"https:\/\/www.teleclub.com.py\/","logo":{"@type":"ImageObject","inLanguage":"es","@id":"https:\/\/www.teleclub.com.py\/#\/schema\/logo\/image\/","url":"https:\/\/www.teleclub.com.py\/wp-content\/uploads\/2024\/09\/1611317346760_TeleClub_logo_FondoBlanco-2.jpg","contentUrl":"https:\/\/www.teleclub.com.py\/wp-content\/uploads\/2024\/09\/1611317346760_TeleClub_logo_FondoBlanco-2.jpg","width":1600,"height":1600,"caption":"Teleclub"},"image":{"@id":"https:\/\/www.teleclub.com.py\/#\/schema\/logo\/image\/"},"sameAs":["https:\/\/www.facebook.com\/teleclubpy","https:\/\/www.instagram.com\/teleclubpy"]}]}},"_links":{"self":[{"href":"https:\/\/www.teleclub.com.py\/index.php\/wp-json\/wp\/v2\/product\/7028","targetHints":{"allow":["GET"]}}],"collection":[{"href":"https:\/\/www.teleclub.com.py\/index.php\/wp-json\/wp\/v2\/product"}],"about":[{"href":"https:\/\/www.teleclub.com.py\/index.php\/wp-json\/wp\/v2\/types\/product"}],"wp:featuredmedia":[{"embeddable":true,"href":"https:\/\/www.teleclub.com.py\/index.php\/wp-json\/wp\/v2\/media\/7029"}],"wp:attachment":[{"href":"https:\/\/www.teleclub.com.py\/index.php\/wp-json\/wp\/v2\/media?parent=7028"}],"wp:term":[{"taxonomy":"product_cat","embeddable":true,"href":"https:\/\/www.teleclub.com.py\/index.php\/wp-json\/wp\/v2\/product_cat?post=7028"},{"taxonomy":"product_tag","embeddable":true,"href":"https:\/\/www.teleclub.com.py\/index.php\/wp-json\/wp\/v2\/product_tag?post=7028"}],"curies":[{"name":"wp","href":"https:\/\/api.w.org\/{rel}","templated":true}]}}