{"id":6786,"date":"2024-07-29T01:25:35","date_gmt":"2024-07-28T23:25:35","guid":{"rendered":"https:\/\/www.teleclub.com.py\/?post_type=product&#038;p=6786"},"modified":"2024-08-29T13:17:16","modified_gmt":"2024-08-29T17:17:16","slug":"pelicula-spigen-para-ipad-10th-de-10-9th-2022-screen-protector-paper-touch-pro-transparente","status":"publish","type":"product","link":"https:\/\/www.teleclub.com.py\/index.php\/product\/pelicula-spigen-para-ipad-10th-de-10-9th-2022-screen-protector-paper-touch-pro-transparente\/","title":{"rendered":"Pelicula Spigen Para iPad 10th de 10.9th (2022) Screen Protector Paper Touch Pro- Transparente"},"content":{"rendered":"","protected":false},"excerpt":{"rendered":"<ul>\n<li>Ilustrar en una superficie de impresi\u00f3n de papel para un mejor control del bol\u00edgrafo<\/li>\n<li>Acabado mate que reduce el deslumbramiento de la pantalla cuando se<\/li>\n<li>Proporciona protecci\u00f3n de pantalla contra rozaduras menores<\/li>\n<li>Incluye herramienta de alineaci\u00f3n autom\u00e1tica para facilitar la instalaci\u00f3n<\/li>\n<li>Funda compatible con Spigen iPad de 10\u00aa generaci\u00f3n<\/li>\n<li>Protector de pantalla para iPad de 10.\u00aa generaci\u00f3n, dise\u00f1ado para iPad de 10.\u00aa generaci\u00f3n de 10.9 pulgadas 2022<\/li>\n<\/ul>\n","protected":false},"featured_media":6787,"template":"","meta":{"om_disable_all_campaigns":false},"product_cat":[411],"product_tag":[],"class_list":{"0":"post-6786","1":"product","2":"type-product","3":"status-publish","4":"has-post-thumbnail","6":"product_cat-accesorios-apple-2","8":"first","9":"instock","10":"sale","11":"shipping-taxable","12":"purchasable","13":"product-type-simple"},"yoast_head":"<!-- This site is optimized with the Yoast SEO plugin v23.6 - https:\/\/yoast.com\/wordpress\/plugins\/seo\/ -->\n<title>Pelicula Spigen Para iPad 10th de 10.9th (2022) Screen Protector Paper Touch Pro- Transparente - Teleclub<\/title>\n<meta name=\"robots\" content=\"index, follow, max-snippet:-1, max-image-preview:large, max-video-preview:-1\" \/>\n<link rel=\"canonical\" href=\"https:\/\/www.teleclub.com.py\/index.php\/product\/pelicula-spigen-para-ipad-10th-de-10-9th-2022-screen-protector-paper-touch-pro-transparente\/\" \/>\n<meta property=\"og:locale\" content=\"es_ES\" \/>\n<meta property=\"og:type\" content=\"article\" \/>\n<meta property=\"og:title\" content=\"Pelicula Spigen Para iPad 10th de 10.9th (2022) Screen Protector Paper Touch Pro- Transparente - Teleclub\" \/>\n<meta property=\"og:description\" content=\"Ilustrar en una superficie de impresi\u00f3n de papel para un mejor control del bol\u00edgrafo  Acabado mate que reduce el deslumbramiento de la pantalla cuando se  Proporciona protecci\u00f3n de pantalla contra rozaduras menores  Incluye herramienta de alineaci\u00f3n autom\u00e1tica para facilitar la instalaci\u00f3n  Funda compatible con Spigen iPad de 10\u00aa generaci\u00f3n  Protector de pantalla para iPad de 10.\u00aa generaci\u00f3n, dise\u00f1ado para iPad de 10.\u00aa generaci\u00f3n de 10.9 pulgadas 2022\" \/>\n<meta property=\"og:url\" content=\"https:\/\/www.teleclub.com.py\/index.php\/product\/pelicula-spigen-para-ipad-10th-de-10-9th-2022-screen-protector-paper-touch-pro-transparente\/\" \/>\n<meta property=\"og:site_name\" content=\"Teleclub\" \/>\n<meta property=\"article:publisher\" content=\"https:\/\/www.facebook.com\/teleclubpy\" \/>\n<meta property=\"article:modified_time\" content=\"2024-08-29T17:17:16+00:00\" \/>\n<meta property=\"og:image\" content=\"https:\/\/www.teleclub.com.py\/wp-content\/uploads\/2024\/07\/71PDVpU4dDL._AC_SL1500_.jpg\" \/>\n\t<meta property=\"og:image:width\" content=\"1500\" \/>\n\t<meta property=\"og:image:height\" content=\"1446\" \/>\n\t<meta property=\"og:image:type\" content=\"image\/jpeg\" \/>\n<meta name=\"twitter:card\" content=\"summary_large_image\" \/>\n<script type=\"application\/ld+json\" class=\"yoast-schema-graph\">{\"@context\":\"https:\/\/schema.org\",\"@graph\":[{\"@type\":\"WebPage\",\"@id\":\"https:\/\/www.teleclub.com.py\/index.php\/product\/pelicula-spigen-para-ipad-10th-de-10-9th-2022-screen-protector-paper-touch-pro-transparente\/\",\"url\":\"https:\/\/www.teleclub.com.py\/index.php\/product\/pelicula-spigen-para-ipad-10th-de-10-9th-2022-screen-protector-paper-touch-pro-transparente\/\",\"name\":\"Pelicula Spigen Para iPad 10th de 10.9th (2022) Screen Protector Paper Touch Pro- Transparente - Teleclub\",\"isPartOf\":{\"@id\":\"https:\/\/www.teleclub.com.py\/#website\"},\"primaryImageOfPage\":{\"@id\":\"https:\/\/www.teleclub.com.py\/index.php\/product\/pelicula-spigen-para-ipad-10th-de-10-9th-2022-screen-protector-paper-touch-pro-transparente\/#primaryimage\"},\"image\":{\"@id\":\"https:\/\/www.teleclub.com.py\/index.php\/product\/pelicula-spigen-para-ipad-10th-de-10-9th-2022-screen-protector-paper-touch-pro-transparente\/#primaryimage\"},\"thumbnailUrl\":\"https:\/\/www.teleclub.com.py\/wp-content\/uploads\/2024\/07\/71PDVpU4dDL._AC_SL1500_.jpg\",\"datePublished\":\"2024-07-28T23:25:35+00:00\",\"dateModified\":\"2024-08-29T17:17:16+00:00\",\"breadcrumb\":{\"@id\":\"https:\/\/www.teleclub.com.py\/index.php\/product\/pelicula-spigen-para-ipad-10th-de-10-9th-2022-screen-protector-paper-touch-pro-transparente\/#breadcrumb\"},\"inLanguage\":\"es\",\"potentialAction\":[{\"@type\":\"ReadAction\",\"target\":[\"https:\/\/www.teleclub.com.py\/index.php\/product\/pelicula-spigen-para-ipad-10th-de-10-9th-2022-screen-protector-paper-touch-pro-transparente\/\"]}]},{\"@type\":\"ImageObject\",\"inLanguage\":\"es\",\"@id\":\"https:\/\/www.teleclub.com.py\/index.php\/product\/pelicula-spigen-para-ipad-10th-de-10-9th-2022-screen-protector-paper-touch-pro-transparente\/#primaryimage\",\"url\":\"https:\/\/www.teleclub.com.py\/wp-content\/uploads\/2024\/07\/71PDVpU4dDL._AC_SL1500_.jpg\",\"contentUrl\":\"https:\/\/www.teleclub.com.py\/wp-content\/uploads\/2024\/07\/71PDVpU4dDL._AC_SL1500_.jpg\",\"width\":1500,\"height\":1446},{\"@type\":\"BreadcrumbList\",\"@id\":\"https:\/\/www.teleclub.com.py\/index.php\/product\/pelicula-spigen-para-ipad-10th-de-10-9th-2022-screen-protector-paper-touch-pro-transparente\/#breadcrumb\",\"itemListElement\":[{\"@type\":\"ListItem\",\"position\":1,\"name\":\"Portada\",\"item\":\"https:\/\/www.teleclub.com.py\/\"},{\"@type\":\"ListItem\",\"position\":2,\"name\":\"Shop\",\"item\":\"https:\/\/www.teleclub.com.py\/index.php\/shop-2\/\"},{\"@type\":\"ListItem\",\"position\":3,\"name\":\"Pelicula Spigen Para iPad 10th de 10.9th (2022) Screen Protector Paper Touch Pro- Transparente\"}]},{\"@type\":\"WebSite\",\"@id\":\"https:\/\/www.teleclub.com.py\/#website\",\"url\":\"https:\/\/www.teleclub.com.py\/\",\"name\":\"Teleclub\",\"description\":\"Tu tienda online\",\"publisher\":{\"@id\":\"https:\/\/www.teleclub.com.py\/#organization\"},\"potentialAction\":[{\"@type\":\"SearchAction\",\"target\":{\"@type\":\"EntryPoint\",\"urlTemplate\":\"https:\/\/www.teleclub.com.py\/?s={search_term_string}\"},\"query-input\":{\"@type\":\"PropertyValueSpecification\",\"valueRequired\":true,\"valueName\":\"search_term_string\"}}],\"inLanguage\":\"es\"},{\"@type\":\"Organization\",\"@id\":\"https:\/\/www.teleclub.com.py\/#organization\",\"name\":\"Teleclub\",\"url\":\"https:\/\/www.teleclub.com.py\/\",\"logo\":{\"@type\":\"ImageObject\",\"inLanguage\":\"es\",\"@id\":\"https:\/\/www.teleclub.com.py\/#\/schema\/logo\/image\/\",\"url\":\"https:\/\/www.teleclub.com.py\/wp-content\/uploads\/2024\/09\/1611317346760_TeleClub_logo_FondoBlanco-2.jpg\",\"contentUrl\":\"https:\/\/www.teleclub.com.py\/wp-content\/uploads\/2024\/09\/1611317346760_TeleClub_logo_FondoBlanco-2.jpg\",\"width\":1600,\"height\":1600,\"caption\":\"Teleclub\"},\"image\":{\"@id\":\"https:\/\/www.teleclub.com.py\/#\/schema\/logo\/image\/\"},\"sameAs\":[\"https:\/\/www.facebook.com\/teleclubpy\",\"https:\/\/www.instagram.com\/teleclubpy\"]}]}<\/script>\n<!-- \/ Yoast SEO plugin. -->","yoast_head_json":{"title":"Pelicula Spigen Para iPad 10th de 10.9th (2022) Screen Protector Paper Touch Pro- Transparente - Teleclub","robots":{"index":"index","follow":"follow","max-snippet":"max-snippet:-1","max-image-preview":"max-image-preview:large","max-video-preview":"max-video-preview:-1"},"canonical":"https:\/\/www.teleclub.com.py\/index.php\/product\/pelicula-spigen-para-ipad-10th-de-10-9th-2022-screen-protector-paper-touch-pro-transparente\/","og_locale":"es_ES","og_type":"article","og_title":"Pelicula Spigen Para iPad 10th de 10.9th (2022) Screen Protector Paper Touch Pro- Transparente - Teleclub","og_description":"Ilustrar en una superficie de impresi\u00f3n de papel para un mejor control del bol\u00edgrafo  Acabado mate que reduce el deslumbramiento de la pantalla cuando se  Proporciona protecci\u00f3n de pantalla contra rozaduras menores  Incluye herramienta de alineaci\u00f3n autom\u00e1tica para facilitar la instalaci\u00f3n  Funda compatible con Spigen iPad de 10\u00aa generaci\u00f3n  Protector de pantalla para iPad de 10.\u00aa generaci\u00f3n, dise\u00f1ado para iPad de 10.\u00aa generaci\u00f3n de 10.9 pulgadas 2022","og_url":"https:\/\/www.teleclub.com.py\/index.php\/product\/pelicula-spigen-para-ipad-10th-de-10-9th-2022-screen-protector-paper-touch-pro-transparente\/","og_site_name":"Teleclub","article_publisher":"https:\/\/www.facebook.com\/teleclubpy","article_modified_time":"2024-08-29T17:17:16+00:00","og_image":[{"width":1500,"height":1446,"url":"https:\/\/www.teleclub.com.py\/wp-content\/uploads\/2024\/07\/71PDVpU4dDL._AC_SL1500_.jpg","type":"image\/jpeg"}],"twitter_card":"summary_large_image","schema":{"@context":"https:\/\/schema.org","@graph":[{"@type":"WebPage","@id":"https:\/\/www.teleclub.com.py\/index.php\/product\/pelicula-spigen-para-ipad-10th-de-10-9th-2022-screen-protector-paper-touch-pro-transparente\/","url":"https:\/\/www.teleclub.com.py\/index.php\/product\/pelicula-spigen-para-ipad-10th-de-10-9th-2022-screen-protector-paper-touch-pro-transparente\/","name":"Pelicula Spigen Para iPad 10th de 10.9th (2022) Screen Protector Paper Touch Pro- Transparente - Teleclub","isPartOf":{"@id":"https:\/\/www.teleclub.com.py\/#website"},"primaryImageOfPage":{"@id":"https:\/\/www.teleclub.com.py\/index.php\/product\/pelicula-spigen-para-ipad-10th-de-10-9th-2022-screen-protector-paper-touch-pro-transparente\/#primaryimage"},"image":{"@id":"https:\/\/www.teleclub.com.py\/index.php\/product\/pelicula-spigen-para-ipad-10th-de-10-9th-2022-screen-protector-paper-touch-pro-transparente\/#primaryimage"},"thumbnailUrl":"https:\/\/www.teleclub.com.py\/wp-content\/uploads\/2024\/07\/71PDVpU4dDL._AC_SL1500_.jpg","datePublished":"2024-07-28T23:25:35+00:00","dateModified":"2024-08-29T17:17:16+00:00","breadcrumb":{"@id":"https:\/\/www.teleclub.com.py\/index.php\/product\/pelicula-spigen-para-ipad-10th-de-10-9th-2022-screen-protector-paper-touch-pro-transparente\/#breadcrumb"},"inLanguage":"es","potentialAction":[{"@type":"ReadAction","target":["https:\/\/www.teleclub.com.py\/index.php\/product\/pelicula-spigen-para-ipad-10th-de-10-9th-2022-screen-protector-paper-touch-pro-transparente\/"]}]},{"@type":"ImageObject","inLanguage":"es","@id":"https:\/\/www.teleclub.com.py\/index.php\/product\/pelicula-spigen-para-ipad-10th-de-10-9th-2022-screen-protector-paper-touch-pro-transparente\/#primaryimage","url":"https:\/\/www.teleclub.com.py\/wp-content\/uploads\/2024\/07\/71PDVpU4dDL._AC_SL1500_.jpg","contentUrl":"https:\/\/www.teleclub.com.py\/wp-content\/uploads\/2024\/07\/71PDVpU4dDL._AC_SL1500_.jpg","width":1500,"height":1446},{"@type":"BreadcrumbList","@id":"https:\/\/www.teleclub.com.py\/index.php\/product\/pelicula-spigen-para-ipad-10th-de-10-9th-2022-screen-protector-paper-touch-pro-transparente\/#breadcrumb","itemListElement":[{"@type":"ListItem","position":1,"name":"Portada","item":"https:\/\/www.teleclub.com.py\/"},{"@type":"ListItem","position":2,"name":"Shop","item":"https:\/\/www.teleclub.com.py\/index.php\/shop-2\/"},{"@type":"ListItem","position":3,"name":"Pelicula Spigen Para iPad 10th de 10.9th (2022) Screen Protector Paper Touch Pro- Transparente"}]},{"@type":"WebSite","@id":"https:\/\/www.teleclub.com.py\/#website","url":"https:\/\/www.teleclub.com.py\/","name":"Teleclub","description":"Tu tienda online","publisher":{"@id":"https:\/\/www.teleclub.com.py\/#organization"},"potentialAction":[{"@type":"SearchAction","target":{"@type":"EntryPoint","urlTemplate":"https:\/\/www.teleclub.com.py\/?s={search_term_string}"},"query-input":{"@type":"PropertyValueSpecification","valueRequired":true,"valueName":"search_term_string"}}],"inLanguage":"es"},{"@type":"Organization","@id":"https:\/\/www.teleclub.com.py\/#organization","name":"Teleclub","url":"https:\/\/www.teleclub.com.py\/","logo":{"@type":"ImageObject","inLanguage":"es","@id":"https:\/\/www.teleclub.com.py\/#\/schema\/logo\/image\/","url":"https:\/\/www.teleclub.com.py\/wp-content\/uploads\/2024\/09\/1611317346760_TeleClub_logo_FondoBlanco-2.jpg","contentUrl":"https:\/\/www.teleclub.com.py\/wp-content\/uploads\/2024\/09\/1611317346760_TeleClub_logo_FondoBlanco-2.jpg","width":1600,"height":1600,"caption":"Teleclub"},"image":{"@id":"https:\/\/www.teleclub.com.py\/#\/schema\/logo\/image\/"},"sameAs":["https:\/\/www.facebook.com\/teleclubpy","https:\/\/www.instagram.com\/teleclubpy"]}]}},"_links":{"self":[{"href":"https:\/\/www.teleclub.com.py\/index.php\/wp-json\/wp\/v2\/product\/6786","targetHints":{"allow":["GET"]}}],"collection":[{"href":"https:\/\/www.teleclub.com.py\/index.php\/wp-json\/wp\/v2\/product"}],"about":[{"href":"https:\/\/www.teleclub.com.py\/index.php\/wp-json\/wp\/v2\/types\/product"}],"wp:featuredmedia":[{"embeddable":true,"href":"https:\/\/www.teleclub.com.py\/index.php\/wp-json\/wp\/v2\/media\/6787"}],"wp:attachment":[{"href":"https:\/\/www.teleclub.com.py\/index.php\/wp-json\/wp\/v2\/media?parent=6786"}],"wp:term":[{"taxonomy":"product_cat","embeddable":true,"href":"https:\/\/www.teleclub.com.py\/index.php\/wp-json\/wp\/v2\/product_cat?post=6786"},{"taxonomy":"product_tag","embeddable":true,"href":"https:\/\/www.teleclub.com.py\/index.php\/wp-json\/wp\/v2\/product_tag?post=6786"}],"curies":[{"name":"wp","href":"https:\/\/api.w.org\/{rel}","templated":true}]}}