{"id":15370,"date":"2025-09-02T10:01:49","date_gmt":"2025-09-02T13:01:49","guid":{"rendered":"https:\/\/www.teleclub.com.py\/?post_type=product&#038;p=15370"},"modified":"2025-09-02T10:01:49","modified_gmt":"2025-09-02T13:01:49","slug":"auricular-realme-buds-wirelles-2-rma2009","status":"publish","type":"product","link":"https:\/\/www.teleclub.com.py\/index.php\/product\/auricular-realme-buds-wirelles-2-rma2009\/","title":{"rendered":"AURICULAR REALME BUDS WIRELLES 2 RMA2009"},"content":{"rendered":"<p><span class=\"relative -mx-px my-[-0.2rem] rounded px-px py-[0.2rem] transition-colors duration-100 ease-in-out\">Los <strong data-start=\"4\" data-end=\"40\">Realme Buds Wireless 2 (RMA2009)<\/strong> son auriculares inal\u00e1mbricos tipo collar que combinan dise\u00f1o elegante y funcionalidad avanzada.<\/span> <span class=\"relative -mx-px my-[-0.2rem] rounded px-px py-[0.2rem] transition-colors duration-100 ease-in-out\">Equipados con controladores din\u00e1micos de 13,6 mm, ofrecen un sonido potente y equilibrado, caracter\u00edstico de Realme.<\/span> <span class=\"relative -mx-px my-[-0.2rem] rounded px-px py-[0.2rem] transition-colors duration-100 ease-in-out\">Su dise\u00f1o ergon\u00f3mico y ligero, con un peso de solo 29 g, garantiza comodidad durante todo el d\u00eda.<\/span> <span class=\"relative -mx-px my-[-0.2rem] rounded px-px py-[0.2rem] transition-colors duration-100 ease-in-out\">Adem\u00e1s, cuentan con cancelaci\u00f3n activa de ruido (ANC) de hasta 25 dB, permitiendo disfrutar de la m\u00fasica sin distracciones externas.<\/span> <span class=\"relative -mx-px my-[-0.2rem] rounded px-px py-[0.2rem] transition-colors duration-100 ease-in-out\">La conectividad se realiza a trav\u00e9s de Bluetooth 5.0, asegurando una conexi\u00f3n estable y de bajo consumo energ\u00e9tico.<\/span> <span class=\"relative -mx-px my-[-0.2rem] rounded px-px py-[0.2rem] transition-colors duration-100 ease-in-out\">La bater\u00eda ofrece hasta 22 horas de autonom\u00eda con una carga completa, y con solo 10 minutos de carga r\u00e1pida se obtiene hasta 12 horas de uso adicional.<\/span> <span class=\"relative -mx-px my-[-0.2rem] rounded px-px py-[0.2rem] transition-colors duration-100 ease-in-out\">Son resistentes al agua con certificaci\u00f3n IPX5, lo que los hace adecuados para actividades deportivas.<\/span> <span class=\"relative -mx-px my-[-0.2rem] rounded px-px py-[0.2rem] transition-colors duration-100 ease-in-out\">Adem\u00e1s, son compatibles con el c\u00f3dec de audio de alta resoluci\u00f3n Sony LDAC, brindando una experiencia auditiva superior.<\/span><\/p>\n","protected":false},"excerpt":{"rendered":"<ul>\n<li data-start=\"842\" data-end=\"923\">\n<p data-start=\"844\" data-end=\"923\"><strong data-start=\"844\" data-end=\"882\">Controladores din\u00e1micos de 13,6 mm<\/strong>: <span class=\"relative -mx-px my-[-0.2rem] rounded px-px py-[0.2rem] transition-colors duration-100 ease-in-out\">sonido potente y equilibrado.<\/span><\/p>\n<\/li>\n<li data-start=\"924\" data-end=\"1004\">\n<p data-start=\"926\" data-end=\"1004\"><strong data-start=\"926\" data-end=\"963\">Cancelaci\u00f3n activa de ruido (ANC)<\/strong>: <span class=\"relative -mx-px my-[-0.2rem] rounded px-px py-[0.2rem] transition-colors duration-100 ease-in-out\">hasta 25 dB.<\/span><\/p>\n<\/li>\n<li data-start=\"1005\" data-end=\"1078\">\n<p data-start=\"1007\" data-end=\"1078\"><strong data-start=\"1007\" data-end=\"1037\">Conectividad Bluetooth 5.0<\/strong>: <span class=\"relative -mx-px my-[-0.2rem] rounded px-px py-[0.2rem] transition-colors duration-100 ease-in-out\">conexi\u00f3n estable y de bajo consumo energ\u00e9tico.<\/span><\/p>\n<\/li>\n<li data-start=\"1079\" data-end=\"1153\">\n<p data-start=\"1081\" data-end=\"1153\"><strong data-start=\"1081\" data-end=\"1112\">Autonom\u00eda de hasta 22 horas<\/strong>: <span class=\"relative -mx-px my-[-0.2rem] rounded px-px py-[0.2rem] transition-colors duration-100 ease-in-out\">con carga completa.<\/span><\/p>\n<\/li>\n<li data-start=\"1154\" data-end=\"1213\">\n<p data-start=\"1156\" data-end=\"1213\"><strong data-start=\"1156\" data-end=\"1172\">Carga r\u00e1pida<\/strong>: <span class=\"relative -mx-px my-[-0.2rem] rounded px-px py-[0.2rem] transition-colors duration-100 ease-in-out\">10 minutos de carga proporcionan hasta 12 horas adicionales de uso.<\/span><\/p>\n<\/li>\n<li data-start=\"1214\" data-end=\"1279\">\n<p data-start=\"1216\" data-end=\"1279\"><strong data-start=\"1216\" data-end=\"1238\">Certificaci\u00f3n IPX5<\/strong>: <span class=\"relative -mx-px my-[-0.2rem] rounded px-px py-[0.2rem] transition-colors duration-100 ease-in-out\">resistencia al agua, adecuada para actividades deportivas.<\/span><\/p>\n<\/li>\n<li data-start=\"1280\" data-end=\"1351\">\n<p data-start=\"1282\" data-end=\"1351\"><strong data-start=\"1282\" data-end=\"1310\">C\u00f3dec de audio Sony LDAC<\/strong>: <span class=\"relative -mx-px my-[-0.2rem] rounded px-px py-[0.2rem] transition-colors duration-100 ease-in-out\">compatibilidad con audio de alta resoluci\u00f3n.<\/span><\/p>\n<\/li>\n<li data-start=\"1352\" data-end=\"1418\">\n<p data-start=\"1354\" data-end=\"1418\"><strong data-start=\"1354\" data-end=\"1377\">Peso ligero de 29 g<\/strong>: <span class=\"relative -mx-px my-[-0.2rem] rounded px-px py-[0.2rem] transition-colors duration-100 ease-in-out\">comodidad durante todo el d\u00eda.<\/span><\/p>\n<\/li>\n<li data-start=\"1419\" data-end=\"1496\">\n<p data-start=\"1421\" data-end=\"1496\"><strong data-start=\"1421\" data-end=\"1455\">Modo de baja latencia de 88 ms<\/strong>: <span class=\"relative -mx-px my-[-0.2rem] rounded px-px py-[0.2rem] transition-colors duration-100 ease-in-out\">ideal para juegos y videos.<\/span><\/p>\n<\/li>\n<li data-start=\"1497\" data-end=\"1565\">\n<p data-start=\"1499\" data-end=\"1565\"><strong data-start=\"1499\" data-end=\"1524\">Modo de transparencia<\/strong>: <span class=\"relative -mx-px my-[-0.2rem] rounded px-px py-[0.2rem] transition-colors duration-100 ease-in-out\">permite escuchar el entorno sin quitarse los auriculares.<\/span><\/p>\n<\/li>\n<li data-start=\"1566\" data-end=\"1696\">\n<p data-start=\"1568\" data-end=\"1696\"><strong data-start=\"1568\" data-end=\"1616\">Compatibilidad con la aplicaci\u00f3n Realme Link<\/strong>: <span class=\"relative -mx-px my-[-0.2rem] rounded px-px py-[0.2rem] transition-colors duration-100 ease-in-out\">personalizaci\u00f3n de ecualizador, control de ANC y m\u00e1s.<\/span><\/p>\n<\/li>\n<\/ul>\n","protected":false},"featured_media":15371,"template":"","meta":{"om_disable_all_campaigns":false},"product_cat":[255,257,254],"product_tag":[],"class_list":{"0":"post-15370","1":"product","2":"type-product","3":"status-publish","4":"has-post-thumbnail","6":"product_cat-audio-electronica","7":"product_cat-auriculares","8":"product_cat-electronica","10":"first","11":"instock","12":"shipping-taxable","13":"purchasable","14":"product-type-simple"},"yoast_head":"<!-- This site is optimized with the Yoast SEO plugin v23.6 - https:\/\/yoast.com\/wordpress\/plugins\/seo\/ -->\n<title>AURICULAR REALME BUDS WIRELLES 2 RMA2009 - Teleclub<\/title>\n<meta name=\"description\" content=\"Auriculares Realme Buds Wireless 2 (RMA2009): sonido potente con controladores de 13,6 mm, hasta 22 horas de autonom\u00eda, cancelaci\u00f3n de ruido de 25 dB.\" \/>\n<meta name=\"robots\" content=\"index, follow, max-snippet:-1, max-image-preview:large, max-video-preview:-1\" \/>\n<link rel=\"canonical\" href=\"https:\/\/www.teleclub.com.py\/index.php\/product\/auricular-realme-buds-wirelles-2-rma2009\/\" \/>\n<meta property=\"og:locale\" content=\"es_ES\" \/>\n<meta property=\"og:type\" content=\"article\" \/>\n<meta property=\"og:title\" content=\"AURICULAR REALME BUDS WIRELLES 2 RMA2009 - Teleclub\" \/>\n<meta property=\"og:description\" content=\"Auriculares Realme Buds Wireless 2 (RMA2009): sonido potente con controladores de 13,6 mm, hasta 22 horas de autonom\u00eda, cancelaci\u00f3n de ruido de 25 dB.\" \/>\n<meta property=\"og:url\" content=\"https:\/\/www.teleclub.com.py\/index.php\/product\/auricular-realme-buds-wirelles-2-rma2009\/\" \/>\n<meta property=\"og:site_name\" content=\"Teleclub\" \/>\n<meta property=\"article:publisher\" content=\"https:\/\/www.facebook.com\/teleclubpy\" \/>\n<meta property=\"og:image\" content=\"https:\/\/www.teleclub.com.py\/wp-content\/uploads\/2025\/08\/RMA2009-G.webp\" \/>\n\t<meta property=\"og:image:width\" content=\"526\" \/>\n\t<meta property=\"og:image:height\" content=\"526\" \/>\n\t<meta property=\"og:image:type\" content=\"image\/webp\" \/>\n<meta name=\"twitter:card\" content=\"summary_large_image\" \/>\n<meta name=\"twitter:label1\" content=\"Tiempo de lectura\" \/>\n\t<meta name=\"twitter:data1\" content=\"1 minuto\" \/>\n<script type=\"application\/ld+json\" class=\"yoast-schema-graph\">{\"@context\":\"https:\/\/schema.org\",\"@graph\":[{\"@type\":\"WebPage\",\"@id\":\"https:\/\/www.teleclub.com.py\/index.php\/product\/auricular-realme-buds-wirelles-2-rma2009\/\",\"url\":\"https:\/\/www.teleclub.com.py\/index.php\/product\/auricular-realme-buds-wirelles-2-rma2009\/\",\"name\":\"AURICULAR REALME BUDS WIRELLES 2 RMA2009 - Teleclub\",\"isPartOf\":{\"@id\":\"https:\/\/www.teleclub.com.py\/#website\"},\"primaryImageOfPage\":{\"@id\":\"https:\/\/www.teleclub.com.py\/index.php\/product\/auricular-realme-buds-wirelles-2-rma2009\/#primaryimage\"},\"image\":{\"@id\":\"https:\/\/www.teleclub.com.py\/index.php\/product\/auricular-realme-buds-wirelles-2-rma2009\/#primaryimage\"},\"thumbnailUrl\":\"https:\/\/www.teleclub.com.py\/wp-content\/uploads\/2025\/08\/RMA2009-G.webp\",\"datePublished\":\"2025-09-02T13:01:49+00:00\",\"dateModified\":\"2025-09-02T13:01:49+00:00\",\"description\":\"Auriculares Realme Buds Wireless 2 (RMA2009): sonido potente con controladores de 13,6 mm, hasta 22 horas de autonom\u00eda, cancelaci\u00f3n de ruido de 25 dB.\",\"breadcrumb\":{\"@id\":\"https:\/\/www.teleclub.com.py\/index.php\/product\/auricular-realme-buds-wirelles-2-rma2009\/#breadcrumb\"},\"inLanguage\":\"es\",\"potentialAction\":[{\"@type\":\"ReadAction\",\"target\":[\"https:\/\/www.teleclub.com.py\/index.php\/product\/auricular-realme-buds-wirelles-2-rma2009\/\"]}]},{\"@type\":\"ImageObject\",\"inLanguage\":\"es\",\"@id\":\"https:\/\/www.teleclub.com.py\/index.php\/product\/auricular-realme-buds-wirelles-2-rma2009\/#primaryimage\",\"url\":\"https:\/\/www.teleclub.com.py\/wp-content\/uploads\/2025\/08\/RMA2009-G.webp\",\"contentUrl\":\"https:\/\/www.teleclub.com.py\/wp-content\/uploads\/2025\/08\/RMA2009-G.webp\",\"width\":526,\"height\":526},{\"@type\":\"BreadcrumbList\",\"@id\":\"https:\/\/www.teleclub.com.py\/index.php\/product\/auricular-realme-buds-wirelles-2-rma2009\/#breadcrumb\",\"itemListElement\":[{\"@type\":\"ListItem\",\"position\":1,\"name\":\"Portada\",\"item\":\"https:\/\/www.teleclub.com.py\/\"},{\"@type\":\"ListItem\",\"position\":2,\"name\":\"Shop\",\"item\":\"https:\/\/www.teleclub.com.py\/index.php\/shop-2\/\"},{\"@type\":\"ListItem\",\"position\":3,\"name\":\"AURICULAR REALME BUDS WIRELLES 2 RMA2009\"}]},{\"@type\":\"WebSite\",\"@id\":\"https:\/\/www.teleclub.com.py\/#website\",\"url\":\"https:\/\/www.teleclub.com.py\/\",\"name\":\"Teleclub\",\"description\":\"Tu tienda online\",\"publisher\":{\"@id\":\"https:\/\/www.teleclub.com.py\/#organization\"},\"potentialAction\":[{\"@type\":\"SearchAction\",\"target\":{\"@type\":\"EntryPoint\",\"urlTemplate\":\"https:\/\/www.teleclub.com.py\/?s={search_term_string}\"},\"query-input\":{\"@type\":\"PropertyValueSpecification\",\"valueRequired\":true,\"valueName\":\"search_term_string\"}}],\"inLanguage\":\"es\"},{\"@type\":\"Organization\",\"@id\":\"https:\/\/www.teleclub.com.py\/#organization\",\"name\":\"Teleclub\",\"url\":\"https:\/\/www.teleclub.com.py\/\",\"logo\":{\"@type\":\"ImageObject\",\"inLanguage\":\"es\",\"@id\":\"https:\/\/www.teleclub.com.py\/#\/schema\/logo\/image\/\",\"url\":\"https:\/\/www.teleclub.com.py\/wp-content\/uploads\/2024\/09\/1611317346760_TeleClub_logo_FondoBlanco-2.jpg\",\"contentUrl\":\"https:\/\/www.teleclub.com.py\/wp-content\/uploads\/2024\/09\/1611317346760_TeleClub_logo_FondoBlanco-2.jpg\",\"width\":1600,\"height\":1600,\"caption\":\"Teleclub\"},\"image\":{\"@id\":\"https:\/\/www.teleclub.com.py\/#\/schema\/logo\/image\/\"},\"sameAs\":[\"https:\/\/www.facebook.com\/teleclubpy\",\"https:\/\/www.instagram.com\/teleclubpy\"]}]}<\/script>\n<!-- \/ Yoast SEO plugin. -->","yoast_head_json":{"title":"AURICULAR REALME BUDS WIRELLES 2 RMA2009 - Teleclub","description":"Auriculares Realme Buds Wireless 2 (RMA2009): sonido potente con controladores de 13,6 mm, hasta 22 horas de autonom\u00eda, cancelaci\u00f3n de ruido de 25 dB.","robots":{"index":"index","follow":"follow","max-snippet":"max-snippet:-1","max-image-preview":"max-image-preview:large","max-video-preview":"max-video-preview:-1"},"canonical":"https:\/\/www.teleclub.com.py\/index.php\/product\/auricular-realme-buds-wirelles-2-rma2009\/","og_locale":"es_ES","og_type":"article","og_title":"AURICULAR REALME BUDS WIRELLES 2 RMA2009 - Teleclub","og_description":"Auriculares Realme Buds Wireless 2 (RMA2009): sonido potente con controladores de 13,6 mm, hasta 22 horas de autonom\u00eda, cancelaci\u00f3n de ruido de 25 dB.","og_url":"https:\/\/www.teleclub.com.py\/index.php\/product\/auricular-realme-buds-wirelles-2-rma2009\/","og_site_name":"Teleclub","article_publisher":"https:\/\/www.facebook.com\/teleclubpy","og_image":[{"width":526,"height":526,"url":"https:\/\/www.teleclub.com.py\/wp-content\/uploads\/2025\/08\/RMA2009-G.webp","type":"image\/webp"}],"twitter_card":"summary_large_image","twitter_misc":{"Tiempo de lectura":"1 minuto"},"schema":{"@context":"https:\/\/schema.org","@graph":[{"@type":"WebPage","@id":"https:\/\/www.teleclub.com.py\/index.php\/product\/auricular-realme-buds-wirelles-2-rma2009\/","url":"https:\/\/www.teleclub.com.py\/index.php\/product\/auricular-realme-buds-wirelles-2-rma2009\/","name":"AURICULAR REALME BUDS WIRELLES 2 RMA2009 - Teleclub","isPartOf":{"@id":"https:\/\/www.teleclub.com.py\/#website"},"primaryImageOfPage":{"@id":"https:\/\/www.teleclub.com.py\/index.php\/product\/auricular-realme-buds-wirelles-2-rma2009\/#primaryimage"},"image":{"@id":"https:\/\/www.teleclub.com.py\/index.php\/product\/auricular-realme-buds-wirelles-2-rma2009\/#primaryimage"},"thumbnailUrl":"https:\/\/www.teleclub.com.py\/wp-content\/uploads\/2025\/08\/RMA2009-G.webp","datePublished":"2025-09-02T13:01:49+00:00","dateModified":"2025-09-02T13:01:49+00:00","description":"Auriculares Realme Buds Wireless 2 (RMA2009): sonido potente con controladores de 13,6 mm, hasta 22 horas de autonom\u00eda, cancelaci\u00f3n de ruido de 25 dB.","breadcrumb":{"@id":"https:\/\/www.teleclub.com.py\/index.php\/product\/auricular-realme-buds-wirelles-2-rma2009\/#breadcrumb"},"inLanguage":"es","potentialAction":[{"@type":"ReadAction","target":["https:\/\/www.teleclub.com.py\/index.php\/product\/auricular-realme-buds-wirelles-2-rma2009\/"]}]},{"@type":"ImageObject","inLanguage":"es","@id":"https:\/\/www.teleclub.com.py\/index.php\/product\/auricular-realme-buds-wirelles-2-rma2009\/#primaryimage","url":"https:\/\/www.teleclub.com.py\/wp-content\/uploads\/2025\/08\/RMA2009-G.webp","contentUrl":"https:\/\/www.teleclub.com.py\/wp-content\/uploads\/2025\/08\/RMA2009-G.webp","width":526,"height":526},{"@type":"BreadcrumbList","@id":"https:\/\/www.teleclub.com.py\/index.php\/product\/auricular-realme-buds-wirelles-2-rma2009\/#breadcrumb","itemListElement":[{"@type":"ListItem","position":1,"name":"Portada","item":"https:\/\/www.teleclub.com.py\/"},{"@type":"ListItem","position":2,"name":"Shop","item":"https:\/\/www.teleclub.com.py\/index.php\/shop-2\/"},{"@type":"ListItem","position":3,"name":"AURICULAR REALME BUDS WIRELLES 2 RMA2009"}]},{"@type":"WebSite","@id":"https:\/\/www.teleclub.com.py\/#website","url":"https:\/\/www.teleclub.com.py\/","name":"Teleclub","description":"Tu tienda online","publisher":{"@id":"https:\/\/www.teleclub.com.py\/#organization"},"potentialAction":[{"@type":"SearchAction","target":{"@type":"EntryPoint","urlTemplate":"https:\/\/www.teleclub.com.py\/?s={search_term_string}"},"query-input":{"@type":"PropertyValueSpecification","valueRequired":true,"valueName":"search_term_string"}}],"inLanguage":"es"},{"@type":"Organization","@id":"https:\/\/www.teleclub.com.py\/#organization","name":"Teleclub","url":"https:\/\/www.teleclub.com.py\/","logo":{"@type":"ImageObject","inLanguage":"es","@id":"https:\/\/www.teleclub.com.py\/#\/schema\/logo\/image\/","url":"https:\/\/www.teleclub.com.py\/wp-content\/uploads\/2024\/09\/1611317346760_TeleClub_logo_FondoBlanco-2.jpg","contentUrl":"https:\/\/www.teleclub.com.py\/wp-content\/uploads\/2024\/09\/1611317346760_TeleClub_logo_FondoBlanco-2.jpg","width":1600,"height":1600,"caption":"Teleclub"},"image":{"@id":"https:\/\/www.teleclub.com.py\/#\/schema\/logo\/image\/"},"sameAs":["https:\/\/www.facebook.com\/teleclubpy","https:\/\/www.instagram.com\/teleclubpy"]}]}},"_links":{"self":[{"href":"https:\/\/www.teleclub.com.py\/index.php\/wp-json\/wp\/v2\/product\/15370","targetHints":{"allow":["GET"]}}],"collection":[{"href":"https:\/\/www.teleclub.com.py\/index.php\/wp-json\/wp\/v2\/product"}],"about":[{"href":"https:\/\/www.teleclub.com.py\/index.php\/wp-json\/wp\/v2\/types\/product"}],"wp:featuredmedia":[{"embeddable":true,"href":"https:\/\/www.teleclub.com.py\/index.php\/wp-json\/wp\/v2\/media\/15371"}],"wp:attachment":[{"href":"https:\/\/www.teleclub.com.py\/index.php\/wp-json\/wp\/v2\/media?parent=15370"}],"wp:term":[{"taxonomy":"product_cat","embeddable":true,"href":"https:\/\/www.teleclub.com.py\/index.php\/wp-json\/wp\/v2\/product_cat?post=15370"},{"taxonomy":"product_tag","embeddable":true,"href":"https:\/\/www.teleclub.com.py\/index.php\/wp-json\/wp\/v2\/product_tag?post=15370"}],"curies":[{"name":"wp","href":"https:\/\/api.w.org\/{rel}","templated":true}]}}