{"id":15101,"date":"2025-07-14T12:13:29","date_gmt":"2025-07-14T15:13:29","guid":{"rendered":"https:\/\/www.teleclub.com.py\/?post_type=product&#038;p=15101"},"modified":"2025-07-14T12:13:29","modified_gmt":"2025-07-14T15:13:29","slug":"clipper-lm-pro-2277","status":"publish","type":"product","link":"https:\/\/www.teleclub.com.py\/index.php\/product\/clipper-lm-pro-2277\/","title":{"rendered":"CLIPPER LM PRO 2277"},"content":{"rendered":"<p data-start=\"69\" data-end=\"145\"><span class=\"relative -mx-px my-[-0.2rem] rounded px-px py-[0.2rem] transition-colors duration-100 ease-in-out\">La <strong data-start=\"3\" data-end=\"43\">CLIPPER LM\u202fPRO\u202f2277 (modelo MP\u20112277)<\/strong> es una cortadora de cabello recargable ideal tanto para uso en salones de belleza como en el hogar. Con un motor potente de <strong data-start=\"168\" data-end=\"181\">6\u202f500\u202frpm<\/strong> y una <strong data-start=\"188\" data-end=\"212\">bater\u00eda de 2\u202f000\u202fmAh<\/strong> proporciona hasta <strong data-start=\"231\" data-end=\"268\">180 minutos de autonom\u00eda continua<\/strong>, permitiendo varias sesiones de corte sin interrupciones<\/span>.<\/p>\n<p data-start=\"147\" data-end=\"223\"><span class=\"relative -mx-px my-[-0.2rem] rounded px-px py-[0.2rem] transition-colors duration-100 ease-in-out\">Su <strong data-start=\"3\" data-end=\"34\">pantalla LED multifuncional<\/strong> muestra en tiempo real el nivel de carga de bater\u00eda y la velocidad de rotaci\u00f3n del motor, asegurando un control preciso durante cada uso<\/span> .<\/p>\n<p data-start=\"225\" data-end=\"301\"><span class=\"relative -mx-px my-[-0.2rem] rounded px-px py-[0.2rem] transition-colors duration-100 ease-in-out\">Incluye <strong data-start=\"8\" data-end=\"25\">4 peines gu\u00eda<\/strong> (3\u202fmm, 6\u202fmm, 10\u202fmm y 13\u202fmm) para realizar cortes con diferentes longitudes y estilos seg\u00fan necesidades espec\u00edficas. Adem\u00e1s, el kit trae accesorios esenciales como <strong data-start=\"189\" data-end=\"263\" data-is-last-node=\"\">pincel de limpieza, botellita de aceite lubricante y manual de usuario<\/strong><\/span>.<\/p>\n<p data-start=\"303\" data-end=\"340\"><span class=\"relative -mx-px my-[-0.2rem] rounded px-px py-[0.2rem] transition-colors duration-100 ease-in-out\">Con un dise\u00f1o ligero, compacto y de uso ergon\u00f3mico, esta cortadora es perfecta para combinar rendimiento y comodidad en cada rutina de estilo o cuidado personal.<\/span><\/p>\n","protected":false},"excerpt":{"rendered":"<ul>\n<li data-start=\"467\" data-end=\"548\">\n<p data-start=\"469\" data-end=\"548\"><span class=\"relative -mx-px my-[-0.2rem] rounded px-px py-[0.2rem] transition-colors duration-100 ease-in-out\"><strong data-start=\"0\" data-end=\"40\" data-is-only-node=\"\">Motor de alta velocidad de 6\u202f500\u202frpm<\/strong> que asegura cortes r\u00e1pidos y eficientes<\/span><\/p>\n<\/li>\n<li data-start=\"549\" data-end=\"632\">\n<p data-start=\"551\" data-end=\"632\"><span class=\"relative -mx-px my-[-0.2rem] rounded px-px py-[0.2rem] transition-colors duration-100 ease-in-out\"><strong data-start=\"0\" data-end=\"35\" data-is-only-node=\"\">Bater\u00eda recargable de 2\u202f000\u202fmAh<\/strong> con hasta <strong data-start=\"46\" data-end=\"67\">180 minutos (3\u202fh)<\/strong> de uso continuo<\/span><\/p>\n<\/li>\n<li data-start=\"633\" data-end=\"716\">\n<p data-start=\"635\" data-end=\"716\"><span class=\"relative -mx-px my-[-0.2rem] rounded px-px py-[0.2rem] transition-colors duration-100 ease-in-out\"><strong data-start=\"0\" data-end=\"16\" data-is-only-node=\"\">Pantalla LED<\/strong> que indica nivel de carga y velocidad del motor para mayor control<\/span><\/p>\n<\/li>\n<li data-start=\"717\" data-end=\"800\">\n<p data-start=\"719\" data-end=\"800\"><span class=\"relative -mx-px my-[-0.2rem] rounded px-px py-[0.2rem] transition-colors duration-100 ease-in-out\"><strong data-start=\"0\" data-end=\"27\" data-is-only-node=\"\">4 peines gu\u00eda incluidos<\/strong>: 3\u202fmm, 6\u202fmm, 10\u202fmm y 13\u202fmm, ideales para distintos estilos<\/span><\/p>\n<\/li>\n<li data-start=\"801\" data-end=\"884\">\n<p data-start=\"803\" data-end=\"884\"><span class=\"relative -mx-px my-[-0.2rem] rounded px-px py-[0.2rem] transition-colors duration-100 ease-in-out\">Accesorios completos: <strong data-start=\"22\" data-end=\"83\">pincel de limpieza, aceite lubricante y manual de usuario<\/strong> incluidos<\/span><\/p>\n<\/li>\n<li data-start=\"885\" data-end=\"968\">\n<p data-start=\"887\" data-end=\"968\"><span class=\"relative -mx-px my-[-0.2rem] rounded px-px py-[0.2rem] bg-[#FCECC1] dark:bg-[#64572A] transition-colors duration-100 ease-in-out\">Dise\u00f1o <strong data-start=\"7\" data-end=\"32\">compacto y ergon\u00f3mico<\/strong>, f\u00e1cil de manipular durante cortes prolongados<\/span><\/p>\n<\/li>\n<\/ul>\n","protected":false},"featured_media":15102,"template":"","meta":{"om_disable_all_campaigns":false},"product_cat":[372,365,449],"product_tag":[],"class_list":{"0":"post-15101","1":"product","2":"type-product","3":"status-publish","4":"has-post-thumbnail","6":"product_cat-afeitadoras-y-barbeadores","7":"product_cat-belleza-y-salud","8":"product_cat-lm-pro","10":"first","11":"instock","12":"shipping-taxable","13":"purchasable","14":"product-type-simple"},"yoast_head":"<!-- This site is optimized with the Yoast SEO plugin v23.6 - https:\/\/yoast.com\/wordpress\/plugins\/seo\/ -->\n<title>CLIPPER LM PRO 2277 - Teleclub<\/title>\n<meta name=\"description\" content=\"Cortadora LM\u202fPRO\u202f2277: motor de 6\u202f500\u202frpm, bater\u00eda de 2\u202f000\u202fmAh con 3\u202fhoras de autonom\u00eda, pantalla LED y peines gu\u00eda. Precisi\u00f3n profesional a buen precio.\" \/>\n<meta name=\"robots\" content=\"index, follow, max-snippet:-1, max-image-preview:large, max-video-preview:-1\" \/>\n<link rel=\"canonical\" href=\"https:\/\/www.teleclub.com.py\/index.php\/product\/clipper-lm-pro-2277\/\" \/>\n<meta property=\"og:locale\" content=\"es_ES\" \/>\n<meta property=\"og:type\" content=\"article\" \/>\n<meta property=\"og:title\" content=\"CLIPPER LM PRO 2277 - Teleclub\" \/>\n<meta property=\"og:description\" content=\"Cortadora LM\u202fPRO\u202f2277: motor de 6\u202f500\u202frpm, bater\u00eda de 2\u202f000\u202fmAh con 3\u202fhoras de autonom\u00eda, pantalla LED y peines gu\u00eda. Precisi\u00f3n profesional a buen precio.\" \/>\n<meta property=\"og:url\" content=\"https:\/\/www.teleclub.com.py\/index.php\/product\/clipper-lm-pro-2277\/\" \/>\n<meta property=\"og:site_name\" content=\"Teleclub\" \/>\n<meta property=\"article:publisher\" content=\"https:\/\/www.facebook.com\/teleclubpy\" \/>\n<meta property=\"og:image\" content=\"https:\/\/www.teleclub.com.py\/wp-content\/uploads\/2025\/07\/cortador-de-cabello-lm-pro-mp-2277-6500rpm-color-naranja.jpg\" \/>\n\t<meta property=\"og:image:width\" content=\"800\" \/>\n\t<meta property=\"og:image:height\" content=\"800\" \/>\n\t<meta property=\"og:image:type\" content=\"image\/jpeg\" \/>\n<meta name=\"twitter:card\" content=\"summary_large_image\" \/>\n<meta name=\"twitter:label1\" content=\"Tiempo de lectura\" \/>\n\t<meta name=\"twitter:data1\" content=\"1 minuto\" \/>\n<script type=\"application\/ld+json\" class=\"yoast-schema-graph\">{\"@context\":\"https:\/\/schema.org\",\"@graph\":[{\"@type\":\"WebPage\",\"@id\":\"https:\/\/www.teleclub.com.py\/index.php\/product\/clipper-lm-pro-2277\/\",\"url\":\"https:\/\/www.teleclub.com.py\/index.php\/product\/clipper-lm-pro-2277\/\",\"name\":\"CLIPPER LM PRO 2277 - Teleclub\",\"isPartOf\":{\"@id\":\"https:\/\/www.teleclub.com.py\/#website\"},\"primaryImageOfPage\":{\"@id\":\"https:\/\/www.teleclub.com.py\/index.php\/product\/clipper-lm-pro-2277\/#primaryimage\"},\"image\":{\"@id\":\"https:\/\/www.teleclub.com.py\/index.php\/product\/clipper-lm-pro-2277\/#primaryimage\"},\"thumbnailUrl\":\"https:\/\/www.teleclub.com.py\/wp-content\/uploads\/2025\/07\/cortador-de-cabello-lm-pro-mp-2277-6500rpm-color-naranja.jpg\",\"datePublished\":\"2025-07-14T15:13:29+00:00\",\"dateModified\":\"2025-07-14T15:13:29+00:00\",\"description\":\"Cortadora LM\u202fPRO\u202f2277: motor de 6\u202f500\u202frpm, bater\u00eda de 2\u202f000\u202fmAh con 3\u202fhoras de autonom\u00eda, pantalla LED y peines gu\u00eda. Precisi\u00f3n profesional a buen precio.\",\"breadcrumb\":{\"@id\":\"https:\/\/www.teleclub.com.py\/index.php\/product\/clipper-lm-pro-2277\/#breadcrumb\"},\"inLanguage\":\"es\",\"potentialAction\":[{\"@type\":\"ReadAction\",\"target\":[\"https:\/\/www.teleclub.com.py\/index.php\/product\/clipper-lm-pro-2277\/\"]}]},{\"@type\":\"ImageObject\",\"inLanguage\":\"es\",\"@id\":\"https:\/\/www.teleclub.com.py\/index.php\/product\/clipper-lm-pro-2277\/#primaryimage\",\"url\":\"https:\/\/www.teleclub.com.py\/wp-content\/uploads\/2025\/07\/cortador-de-cabello-lm-pro-mp-2277-6500rpm-color-naranja.jpg\",\"contentUrl\":\"https:\/\/www.teleclub.com.py\/wp-content\/uploads\/2025\/07\/cortador-de-cabello-lm-pro-mp-2277-6500rpm-color-naranja.jpg\",\"width\":800,\"height\":800},{\"@type\":\"BreadcrumbList\",\"@id\":\"https:\/\/www.teleclub.com.py\/index.php\/product\/clipper-lm-pro-2277\/#breadcrumb\",\"itemListElement\":[{\"@type\":\"ListItem\",\"position\":1,\"name\":\"Portada\",\"item\":\"https:\/\/www.teleclub.com.py\/\"},{\"@type\":\"ListItem\",\"position\":2,\"name\":\"Shop\",\"item\":\"https:\/\/www.teleclub.com.py\/index.php\/shop-2\/\"},{\"@type\":\"ListItem\",\"position\":3,\"name\":\"CLIPPER LM PRO 2277\"}]},{\"@type\":\"WebSite\",\"@id\":\"https:\/\/www.teleclub.com.py\/#website\",\"url\":\"https:\/\/www.teleclub.com.py\/\",\"name\":\"Teleclub\",\"description\":\"Tu tienda online\",\"publisher\":{\"@id\":\"https:\/\/www.teleclub.com.py\/#organization\"},\"potentialAction\":[{\"@type\":\"SearchAction\",\"target\":{\"@type\":\"EntryPoint\",\"urlTemplate\":\"https:\/\/www.teleclub.com.py\/?s={search_term_string}\"},\"query-input\":{\"@type\":\"PropertyValueSpecification\",\"valueRequired\":true,\"valueName\":\"search_term_string\"}}],\"inLanguage\":\"es\"},{\"@type\":\"Organization\",\"@id\":\"https:\/\/www.teleclub.com.py\/#organization\",\"name\":\"Teleclub\",\"url\":\"https:\/\/www.teleclub.com.py\/\",\"logo\":{\"@type\":\"ImageObject\",\"inLanguage\":\"es\",\"@id\":\"https:\/\/www.teleclub.com.py\/#\/schema\/logo\/image\/\",\"url\":\"https:\/\/www.teleclub.com.py\/wp-content\/uploads\/2024\/09\/1611317346760_TeleClub_logo_FondoBlanco-2.jpg\",\"contentUrl\":\"https:\/\/www.teleclub.com.py\/wp-content\/uploads\/2024\/09\/1611317346760_TeleClub_logo_FondoBlanco-2.jpg\",\"width\":1600,\"height\":1600,\"caption\":\"Teleclub\"},\"image\":{\"@id\":\"https:\/\/www.teleclub.com.py\/#\/schema\/logo\/image\/\"},\"sameAs\":[\"https:\/\/www.facebook.com\/teleclubpy\",\"https:\/\/www.instagram.com\/teleclubpy\"]}]}<\/script>\n<!-- \/ Yoast SEO plugin. -->","yoast_head_json":{"title":"CLIPPER LM PRO 2277 - Teleclub","description":"Cortadora LM\u202fPRO\u202f2277: motor de 6\u202f500\u202frpm, bater\u00eda de 2\u202f000\u202fmAh con 3\u202fhoras de autonom\u00eda, pantalla LED y peines gu\u00eda. Precisi\u00f3n profesional a buen precio.","robots":{"index":"index","follow":"follow","max-snippet":"max-snippet:-1","max-image-preview":"max-image-preview:large","max-video-preview":"max-video-preview:-1"},"canonical":"https:\/\/www.teleclub.com.py\/index.php\/product\/clipper-lm-pro-2277\/","og_locale":"es_ES","og_type":"article","og_title":"CLIPPER LM PRO 2277 - Teleclub","og_description":"Cortadora LM\u202fPRO\u202f2277: motor de 6\u202f500\u202frpm, bater\u00eda de 2\u202f000\u202fmAh con 3\u202fhoras de autonom\u00eda, pantalla LED y peines gu\u00eda. Precisi\u00f3n profesional a buen precio.","og_url":"https:\/\/www.teleclub.com.py\/index.php\/product\/clipper-lm-pro-2277\/","og_site_name":"Teleclub","article_publisher":"https:\/\/www.facebook.com\/teleclubpy","og_image":[{"width":800,"height":800,"url":"https:\/\/www.teleclub.com.py\/wp-content\/uploads\/2025\/07\/cortador-de-cabello-lm-pro-mp-2277-6500rpm-color-naranja.jpg","type":"image\/jpeg"}],"twitter_card":"summary_large_image","twitter_misc":{"Tiempo de lectura":"1 minuto"},"schema":{"@context":"https:\/\/schema.org","@graph":[{"@type":"WebPage","@id":"https:\/\/www.teleclub.com.py\/index.php\/product\/clipper-lm-pro-2277\/","url":"https:\/\/www.teleclub.com.py\/index.php\/product\/clipper-lm-pro-2277\/","name":"CLIPPER LM PRO 2277 - Teleclub","isPartOf":{"@id":"https:\/\/www.teleclub.com.py\/#website"},"primaryImageOfPage":{"@id":"https:\/\/www.teleclub.com.py\/index.php\/product\/clipper-lm-pro-2277\/#primaryimage"},"image":{"@id":"https:\/\/www.teleclub.com.py\/index.php\/product\/clipper-lm-pro-2277\/#primaryimage"},"thumbnailUrl":"https:\/\/www.teleclub.com.py\/wp-content\/uploads\/2025\/07\/cortador-de-cabello-lm-pro-mp-2277-6500rpm-color-naranja.jpg","datePublished":"2025-07-14T15:13:29+00:00","dateModified":"2025-07-14T15:13:29+00:00","description":"Cortadora LM\u202fPRO\u202f2277: motor de 6\u202f500\u202frpm, bater\u00eda de 2\u202f000\u202fmAh con 3\u202fhoras de autonom\u00eda, pantalla LED y peines gu\u00eda. Precisi\u00f3n profesional a buen precio.","breadcrumb":{"@id":"https:\/\/www.teleclub.com.py\/index.php\/product\/clipper-lm-pro-2277\/#breadcrumb"},"inLanguage":"es","potentialAction":[{"@type":"ReadAction","target":["https:\/\/www.teleclub.com.py\/index.php\/product\/clipper-lm-pro-2277\/"]}]},{"@type":"ImageObject","inLanguage":"es","@id":"https:\/\/www.teleclub.com.py\/index.php\/product\/clipper-lm-pro-2277\/#primaryimage","url":"https:\/\/www.teleclub.com.py\/wp-content\/uploads\/2025\/07\/cortador-de-cabello-lm-pro-mp-2277-6500rpm-color-naranja.jpg","contentUrl":"https:\/\/www.teleclub.com.py\/wp-content\/uploads\/2025\/07\/cortador-de-cabello-lm-pro-mp-2277-6500rpm-color-naranja.jpg","width":800,"height":800},{"@type":"BreadcrumbList","@id":"https:\/\/www.teleclub.com.py\/index.php\/product\/clipper-lm-pro-2277\/#breadcrumb","itemListElement":[{"@type":"ListItem","position":1,"name":"Portada","item":"https:\/\/www.teleclub.com.py\/"},{"@type":"ListItem","position":2,"name":"Shop","item":"https:\/\/www.teleclub.com.py\/index.php\/shop-2\/"},{"@type":"ListItem","position":3,"name":"CLIPPER LM PRO 2277"}]},{"@type":"WebSite","@id":"https:\/\/www.teleclub.com.py\/#website","url":"https:\/\/www.teleclub.com.py\/","name":"Teleclub","description":"Tu tienda online","publisher":{"@id":"https:\/\/www.teleclub.com.py\/#organization"},"potentialAction":[{"@type":"SearchAction","target":{"@type":"EntryPoint","urlTemplate":"https:\/\/www.teleclub.com.py\/?s={search_term_string}"},"query-input":{"@type":"PropertyValueSpecification","valueRequired":true,"valueName":"search_term_string"}}],"inLanguage":"es"},{"@type":"Organization","@id":"https:\/\/www.teleclub.com.py\/#organization","name":"Teleclub","url":"https:\/\/www.teleclub.com.py\/","logo":{"@type":"ImageObject","inLanguage":"es","@id":"https:\/\/www.teleclub.com.py\/#\/schema\/logo\/image\/","url":"https:\/\/www.teleclub.com.py\/wp-content\/uploads\/2024\/09\/1611317346760_TeleClub_logo_FondoBlanco-2.jpg","contentUrl":"https:\/\/www.teleclub.com.py\/wp-content\/uploads\/2024\/09\/1611317346760_TeleClub_logo_FondoBlanco-2.jpg","width":1600,"height":1600,"caption":"Teleclub"},"image":{"@id":"https:\/\/www.teleclub.com.py\/#\/schema\/logo\/image\/"},"sameAs":["https:\/\/www.facebook.com\/teleclubpy","https:\/\/www.instagram.com\/teleclubpy"]}]}},"_links":{"self":[{"href":"https:\/\/www.teleclub.com.py\/index.php\/wp-json\/wp\/v2\/product\/15101","targetHints":{"allow":["GET"]}}],"collection":[{"href":"https:\/\/www.teleclub.com.py\/index.php\/wp-json\/wp\/v2\/product"}],"about":[{"href":"https:\/\/www.teleclub.com.py\/index.php\/wp-json\/wp\/v2\/types\/product"}],"wp:featuredmedia":[{"embeddable":true,"href":"https:\/\/www.teleclub.com.py\/index.php\/wp-json\/wp\/v2\/media\/15102"}],"wp:attachment":[{"href":"https:\/\/www.teleclub.com.py\/index.php\/wp-json\/wp\/v2\/media?parent=15101"}],"wp:term":[{"taxonomy":"product_cat","embeddable":true,"href":"https:\/\/www.teleclub.com.py\/index.php\/wp-json\/wp\/v2\/product_cat?post=15101"},{"taxonomy":"product_tag","embeddable":true,"href":"https:\/\/www.teleclub.com.py\/index.php\/wp-json\/wp\/v2\/product_tag?post=15101"}],"curies":[{"name":"wp","href":"https:\/\/api.w.org\/{rel}","templated":true}]}}